{"id":8539,"date":"2025-10-08T11:39:47","date_gmt":"2025-10-08T14:39:47","guid":{"rendered":"https:\/\/www.legislapp.com.br\/index.php\/cam-legislativa-de-sc-pl-0559-2025-2\/"},"modified":"2025-10-08T11:39:47","modified_gmt":"2025-10-08T14:39:47","slug":"cam-legislativa-de-sc-pl-0559-2025-2","status":"publish","type":"page","link":"https:\/\/www.legislapp.com.br\/index.php\/cam-legislativa-de-sc-pl-0559-2025-2\/","title":{"rendered":"PL.\/0559\/2025 &#8211; Adilson Girardi"},"content":{"rendered":"<h1 style='text-align: center;'>C\u00e2m. Legislativa de SC &#8211; Autoria de Adilson Girardi<\/h3>\n<p><\/p>\n<article style='text-align: center'>Disp\u00f5e sobre a obrigatoriedade de manuten\u00e7\u00e3o de postos de atendimento presencial ao consumidor por empresas prestadoras de servi\u00e7os continuados nos munic\u00edpios do Estado de Santa Catarina e d\u00e1 outras provid\u00eancias.<\/article>\n<p><\/p>\n<p style='text-align: center'><a href='https:\/\/app.legislapp.com.br\/#\/busca?termo='><\/a><\/p>\n<p><\/p>\n<article>ASSEMBLEIA LEGISLATIVA GABINETE DEPUTADO<br \/>\nESTADO DE SANTA CATARINA ADILSON GIRARDI<\/p>\n<p>PROJETO DE LEI<\/p>\n<p>Disp\u00f5e sobre a obrigatoriedade de manuten\u00e7\u00e3o de postos de<br \/>\natendimento presencial ao consumidor por empresas<br \/>\nprestadoras de servi\u00e7os continuados nos munic\u00edpios do<br \/>\nEstado de Santa Catarina e d\u00e1 outras provid\u00eancias.<\/p>\n<p>Art. 1\u00ba Ficam obrigadas as empresas prestadoras de servi\u00e7os<br \/>\ncontinuados atuantes no Estado de Santa Catarina a manter, em cada munic\u00edpio com<br \/>\npopula\u00e7\u00e3o superior a 20.000 (vinte mil) habitantes em que ofere\u00e7am servi\u00e7os, pelo<br \/>\nmenos um posto de atendimento presencial destinado aos consumidores.<\/p>\n<p>\u00a7 1\u00ba Para os fins desta Lei, consideram-se empresas<br \/>\nprestadoras de servi\u00e7os continuados aquelas que atuam nos segmentos de:<\/p>\n<p>I \u2013 telefonia fixa e m\u00f3vel;<\/p>\n<p>II \u2013 TV por assinatura;<\/p>\n<p>III \u2013 Provedora de servi\u00e7os de internet.<\/p>\n<p>\u00a7 2\u00ba O posto de atendimento presencial dever\u00e1 permitir ao<br \/>\nconsumidor:<\/p>\n<p>I \u2013 o cancelamento de contrata\u00e7\u00e3o ou assinatura;<\/p>\n<p>II \u2013 a altera\u00e7\u00e3o de endere\u00e7o;<\/p>\n<p>III \u2013 a modifica\u00e7\u00e3o de plano ou pacote de servi\u00e7os;<\/p>\n<p>IV \u2013 a altera\u00e7\u00e3o de data de vencimento de fatura;<\/p>\n<p>V \u2013 a solicita\u00e7\u00e3o de esclarecimentos contratuais ou de<br \/>\ncobran\u00e7a e demais demandas inerentes ao servi\u00e7o.<\/p>\n<p>Art. 2\u00ba. A inobserv\u00e2ncia das disposi\u00e7\u00f5es contidas no art. 1\u00ba<br \/>\nsujeita a empresa infratora \u00e0 aplica\u00e7\u00e3o de:<\/p>\n<p>I \u2013  advert\u00eancia escrita em caso de autuada pela primeira<br \/>\nvez, situa\u00e7\u00e3o que ensejar\u00e1 notifica\u00e7\u00e3o para regulariza\u00e7\u00e3o da infra\u00e7\u00e3o no prazo de at\u00e9<br \/>\n30 (trinta) dias \u00fateis;<\/p>\n<p>II &#8211; multa di\u00e1ria, a ser fixada por ato normativo expedido pelo<br \/>\n\u00d3rg\u00e3o Estadual de Defesa do Consumidor \u2013 PROCON\/SC, em caso de autua\u00e7\u00e3o pela<br \/>\nsegunda vez ou em desobedi\u00eancia ao prazo de que trata o inciso I deste artigo;<\/p>\n<p>III \u2013 outras medidas administrativas previstas em<br \/>\nregulamento espec\u00edfico, observando-se o devido processo legal administrativo.<\/p>\n<p>Art. 3\u00b0 A fiscaliza\u00e7\u00e3o da presente Lei ficar\u00e1 sob a<br \/>\nresponsabilidade do Minist\u00e9rio P\u00fablico Estadual e do \u00d3rg\u00e3o Estadual de Defesa do<br \/>\nConsumidor (PROCON\/SC).<br \/>\n Art. 4\u00ba. As empresas ter\u00e3o o prazo de 180 (cento e oitenta)<br \/>\ndias, contados da publica\u00e7\u00e3o desta Lei, para promover as adequa\u00e7\u00f5es necess\u00e1rias ao<br \/>\ncumprimento de suas disposi\u00e7\u00f5es.<\/p>\n<p>Art. 5\u00ba. O Poder Executivo regulamentar\u00e1 a presente Lei no<br \/>\nprazo de 90 (noventa) dias contados da sua publica\u00e7\u00e3o.<\/p>\n<p>Art. 6\u00ba. Esta Lei entra em vigor na data de sua publica\u00e7\u00e3o.<\/p>\n<p>Sala da Sess\u00f5es,     <\/p>\n<p>Deputado Adilson Girardi<br \/>\n J US T I F I CA\u00c7\u00c3O<\/p>\n<p>O presente projeto de lei atende ao princ\u00edpio da prote\u00e7\u00e3o e<br \/>\ndignidade do consumidor, preconizado pelo C\u00f3digo de Defesa do Consumidor (Lei<br \/>\nFederal n\u00ba 8.078\/1990), ao garantir meios diretos e eficazes de comunica\u00e7\u00e3o com as<br \/>\nempresas que prestam servi\u00e7os cont\u00ednuos.<br \/>\nA obriga\u00e7\u00e3o de atendimento presencial corrige distor\u00e7\u00f5es<br \/>\nfrequentes, em que o consumidor, especialmente pessoa idosa, enfrenta dificuldades<br \/>\ncomo longas esperas, quedas de liga\u00e7\u00e3o ou transfer\u00eancias repetitivas, especialmente<br \/>\nem casos de cancelamento ou modifica\u00e7\u00e3o de servi\u00e7o.<br \/>\nImportante destacar que, no \u00e2mbito federal, o Decreto n\u00ba<br \/>\n6.523\/2008 estabelece normas para o Servi\u00e7o de Atendimento ao Consumidor (SAC),<br \/>\ngarantindo, por exemplo, gratuidade e op\u00e7\u00f5es claras no primeiro menu eletr\u00f4nico.<br \/>\nTodavia, essas disposi\u00e7\u00f5es tratam apenas do atendimento<br \/>\ntelef\u00f4nico, deixando lacuna em rela\u00e7\u00e3o \u00e0 acessibilidade presencial.<br \/>\nNo plano estadual, existem precedentes quanto \u00e0<br \/>\nobrigatoriedade de atendimento presencial em setores espec\u00edficos. Por exemplo, a Lei<br \/>\nn\u00ba 16.769\/2015 imp\u00f4s \u00e0s ag\u00eancias banc\u00e1rias o dever de instalar guich\u00eas de<br \/>\natendimento presencial nas unidades em Santa Catarina, com previs\u00e3o de multa e at\u00e9<br \/>\ninterdi\u00e7\u00e3o para casos de descumprimento. Isso demonstra viabilidade constitucional e<br \/>\nmaterial de tais iniciativas no Estado.<br \/>\nEste projeto n\u00e3o representa cerceamento \u00e0 atividade<br \/>\nempresarial, mas instrumento de garantia de direito do consumidor e melhoria da<br \/>\nrela\u00e7\u00e3o de consumo, o que contribui, inclusive, para a qualifica\u00e7\u00e3o institucional das<br \/>\nempresas envolvidas.<br \/>\nAdemais, est\u00e1 em conson\u00e2ncia com iniciativas semelhantes<br \/>\nj\u00e1 reconhecidas como constitucionais, inclusive em outros Estados, sobre limites de<br \/>\ntempo de atendimento ao consumidor.<br \/>\nPortanto, solicita-se o apoio dos nobres Deputados Estaduais<br \/>\npara a aprova\u00e7\u00e3o desta mat\u00e9ria, que representa avan\u00e7o significativo no campo da<br \/>\ndefesa do consumidor catarinense e promo\u00e7\u00e3o da cidadania.<\/p>\n<p>Sala da Sess\u00f5es,     <\/p>\n<p>Deputado Adilson Girardi<br \/>\nELEGIS<br \/>\nDocumento assinado eletronicamente por Adilson Luiz Girardi,<br \/>\nSistema de Processo<br \/>\nem 09\/08\/2025, \u00e0s 10:28.<br \/>\nLegislativo Eletr\u00f4nico<\/article>\n<div style=\"text-align: center\">\n<div style=\"margin-bottom: 20px;\" class=\"et_pb_button_module_wrapper et_pb_button_5_tb_body_wrapper et_pb_button_alignment_center et_pb_module \">\n         <a class=\"et_pb_button et_pb_button_5_tb_body et_hover_enabled et_pb_bg_layout_dark\" style=\"width: 50%;background-color: black;\" href=\"https:\/\/app.legislapp.com.br\" target=\"_blank\" rel=\"noopener\">Visualizar completo na nossa plataforma (30 dias gr\u00e1tis)<\/a><\/p><\/div>\n<p>      <a href=\"https:\/\/play.google.com\/store\/apps\/details?id=br.com.legislapp\"><img decoding=\"async\" style=\"width: 15%; min-width: 130px;\" src=\"https:\/\/www.legislapp.com.br\/wp-content\/uploads\/google-play.png\"><\/a><br \/>\n      <a href=\"https:\/\/apps.apple.com\/us\/app\/legislapp\/id1568929859\"><img decoding=\"async\" style=\"width: 15%; min-width: 130px\" src=\"https:\/\/www.legislapp.com.br\/wp-content\/uploads\/apple-store.png\"><\/a>\n   <\/div>\n","protected":false},"excerpt":{"rendered":"<p>C\u00e2m. Legislativa de SC &#8211; Autoria de Adilson Girardi Disp\u00f5e sobre a obrigatoriedade de manuten\u00e7\u00e3o de postos de atendimento presencial ao consumidor por empresas prestadoras de servi\u00e7os continuados nos munic\u00edpios do Estado de Santa Catarina e d\u00e1 outras provid\u00eancias. ASSEMBLEIA LEGISLATIVA GABINETE DEPUTADO ESTADO DE SANTA CATARINA ADILSON GIRARDI PROJETO DE LEI Disp\u00f5e sobre a [&hellip;]<\/p>\n","protected":false},"author":1,"featured_media":0,"parent":0,"menu_order":0,"comment_status":"closed","ping_status":"closed","template":"page-template-blank.php","meta":{"_et_pb_use_builder":"","_et_pb_old_content":"","_et_gb_content_width":"1080","ngg_post_thumbnail":0,"footnotes":""},"class_list":["post-8539","page","type-page","status-publish","hentry"],"yoast_head":"<!-- This site is optimized with the Yoast SEO plugin v24.4 - https:\/\/yoast.com\/wordpress\/plugins\/seo\/ -->\n<title>PL.\/0559\/2025 - Adilson Girardi - Legislapp<\/title>\n<meta name=\"robots\" content=\"index, follow, max-snippet:-1, max-image-preview:large, max-video-preview:-1\" \/>\n<link rel=\"canonical\" href=\"https:\/\/www.legislapp.com.br\/index.php\/cam-legislativa-de-sc-pl-0559-2025-2\/\" \/>\n<meta property=\"og:locale\" content=\"pt_BR\" \/>\n<meta property=\"og:type\" content=\"article\" \/>\n<meta property=\"og:title\" content=\"PL.\/0559\/2025 - Adilson Girardi - Legislapp\" \/>\n<meta property=\"og:description\" content=\"C\u00e2m. Legislativa de SC &#8211; Autoria de Adilson Girardi Disp\u00f5e sobre a obrigatoriedade de manuten\u00e7\u00e3o de postos de atendimento presencial ao consumidor por empresas prestadoras de servi\u00e7os continuados nos munic\u00edpios do Estado de Santa Catarina e d\u00e1 outras provid\u00eancias. ASSEMBLEIA LEGISLATIVA GABINETE DEPUTADO ESTADO DE SANTA CATARINA ADILSON GIRARDI PROJETO DE LEI Disp\u00f5e sobre a [&hellip;]\" \/>\n<meta property=\"og:url\" content=\"https:\/\/www.legislapp.com.br\/index.php\/cam-legislativa-de-sc-pl-0559-2025-2\/\" \/>\n<meta property=\"og:site_name\" content=\"Legislapp\" \/>\n<meta property=\"article:publisher\" content=\"https:\/\/www.instagram.com\/legislapp\/\" \/>\n<meta property=\"og:image\" content=\"https:\/\/www.legislapp.com.br\/wp-content\/uploads\/google-play.png\" \/>\n<meta name=\"twitter:card\" content=\"summary_large_image\" \/>\n<meta name=\"twitter:label1\" content=\"Est. tempo de leitura\" \/>\n\t<meta name=\"twitter:data1\" content=\"4 minutos\" \/>\n<script type=\"application\/ld+json\" class=\"yoast-schema-graph\">{\"@context\":\"https:\/\/schema.org\",\"@graph\":[{\"@type\":\"WebPage\",\"@id\":\"https:\/\/www.legislapp.com.br\/index.php\/cam-legislativa-de-sc-pl-0559-2025-2\/\",\"url\":\"https:\/\/www.legislapp.com.br\/index.php\/cam-legislativa-de-sc-pl-0559-2025-2\/\",\"name\":\"PL.\/0559\/2025 - Adilson Girardi - Legislapp\",\"isPartOf\":{\"@id\":\"https:\/\/www.legislapp.com.br\/#website\"},\"primaryImageOfPage\":{\"@id\":\"https:\/\/www.legislapp.com.br\/index.php\/cam-legislativa-de-sc-pl-0559-2025-2\/#primaryimage\"},\"image\":{\"@id\":\"https:\/\/www.legislapp.com.br\/index.php\/cam-legislativa-de-sc-pl-0559-2025-2\/#primaryimage\"},\"thumbnailUrl\":\"https:\/\/www.legislapp.com.br\/wp-content\/uploads\/google-play.png\",\"datePublished\":\"2025-10-08T14:39:47+00:00\",\"breadcrumb\":{\"@id\":\"https:\/\/www.legislapp.com.br\/index.php\/cam-legislativa-de-sc-pl-0559-2025-2\/#breadcrumb\"},\"inLanguage\":\"pt-BR\",\"potentialAction\":[{\"@type\":\"ReadAction\",\"target\":[\"https:\/\/www.legislapp.com.br\/index.php\/cam-legislativa-de-sc-pl-0559-2025-2\/\"]}]},{\"@type\":\"ImageObject\",\"inLanguage\":\"pt-BR\",\"@id\":\"https:\/\/www.legislapp.com.br\/index.php\/cam-legislativa-de-sc-pl-0559-2025-2\/#primaryimage\",\"url\":\"https:\/\/www.legislapp.com.br\/wp-content\/uploads\/google-play.png\",\"contentUrl\":\"https:\/\/www.legislapp.com.br\/wp-content\/uploads\/google-play.png\",\"width\":564,\"height\":168},{\"@type\":\"BreadcrumbList\",\"@id\":\"https:\/\/www.legislapp.com.br\/index.php\/cam-legislativa-de-sc-pl-0559-2025-2\/#breadcrumb\",\"itemListElement\":[{\"@type\":\"ListItem\",\"position\":1,\"name\":\"In\u00edcio\",\"item\":\"https:\/\/www.legislapp.com.br\/\"},{\"@type\":\"ListItem\",\"position\":2,\"name\":\"PL.\/0559\/2025 &#8211; Adilson Girardi\"}]},{\"@type\":\"WebSite\",\"@id\":\"https:\/\/www.legislapp.com.br\/#website\",\"url\":\"https:\/\/www.legislapp.com.br\/\",\"name\":\"Legislapp\",\"description\":\"Intelig\u00eancia governamental em tempo real\",\"publisher\":{\"@id\":\"https:\/\/www.legislapp.com.br\/#organization\"},\"potentialAction\":[{\"@type\":\"SearchAction\",\"target\":{\"@type\":\"EntryPoint\",\"urlTemplate\":\"https:\/\/www.legislapp.com.br\/?s={search_term_string}\"},\"query-input\":{\"@type\":\"PropertyValueSpecification\",\"valueRequired\":true,\"valueName\":\"search_term_string\"}}],\"inLanguage\":\"pt-BR\"},{\"@type\":\"Organization\",\"@id\":\"https:\/\/www.legislapp.com.br\/#organization\",\"name\":\"Legislapp Monitoramento e Intelig\u00eancia Governamental\",\"url\":\"https:\/\/www.legislapp.com.br\/\",\"logo\":{\"@type\":\"ImageObject\",\"inLanguage\":\"pt-BR\",\"@id\":\"https:\/\/www.legislapp.com.br\/#\/schema\/logo\/image\/\",\"url\":\"https:\/\/www.legislapp.com.br\/wp-content\/uploads\/icon.png\",\"contentUrl\":\"https:\/\/www.legislapp.com.br\/wp-content\/uploads\/icon.png\",\"width\":1024,\"height\":1024,\"caption\":\"Legislapp Monitoramento e Intelig\u00eancia Governamental\"},\"image\":{\"@id\":\"https:\/\/www.legislapp.com.br\/#\/schema\/logo\/image\/\"},\"sameAs\":[\"https:\/\/www.instagram.com\/legislapp\/\"]}]}<\/script>\n<!-- \/ Yoast SEO plugin. -->","yoast_head_json":{"title":"PL.\/0559\/2025 - Adilson Girardi - Legislapp","robots":{"index":"index","follow":"follow","max-snippet":"max-snippet:-1","max-image-preview":"max-image-preview:large","max-video-preview":"max-video-preview:-1"},"canonical":"https:\/\/www.legislapp.com.br\/index.php\/cam-legislativa-de-sc-pl-0559-2025-2\/","og_locale":"pt_BR","og_type":"article","og_title":"PL.\/0559\/2025 - Adilson Girardi - Legislapp","og_description":"C\u00e2m. Legislativa de SC &#8211; Autoria de Adilson Girardi Disp\u00f5e sobre a obrigatoriedade de manuten\u00e7\u00e3o de postos de atendimento presencial ao consumidor por empresas prestadoras de servi\u00e7os continuados nos munic\u00edpios do Estado de Santa Catarina e d\u00e1 outras provid\u00eancias. ASSEMBLEIA LEGISLATIVA GABINETE DEPUTADO ESTADO DE SANTA CATARINA ADILSON GIRARDI PROJETO DE LEI Disp\u00f5e sobre a [&hellip;]","og_url":"https:\/\/www.legislapp.com.br\/index.php\/cam-legislativa-de-sc-pl-0559-2025-2\/","og_site_name":"Legislapp","article_publisher":"https:\/\/www.instagram.com\/legislapp\/","og_image":[{"url":"https:\/\/www.legislapp.com.br\/wp-content\/uploads\/google-play.png","type":"","width":"","height":""}],"twitter_card":"summary_large_image","twitter_misc":{"Est. tempo de leitura":"4 minutos"},"schema":{"@context":"https:\/\/schema.org","@graph":[{"@type":"WebPage","@id":"https:\/\/www.legislapp.com.br\/index.php\/cam-legislativa-de-sc-pl-0559-2025-2\/","url":"https:\/\/www.legislapp.com.br\/index.php\/cam-legislativa-de-sc-pl-0559-2025-2\/","name":"PL.\/0559\/2025 - Adilson Girardi - Legislapp","isPartOf":{"@id":"https:\/\/www.legislapp.com.br\/#website"},"primaryImageOfPage":{"@id":"https:\/\/www.legislapp.com.br\/index.php\/cam-legislativa-de-sc-pl-0559-2025-2\/#primaryimage"},"image":{"@id":"https:\/\/www.legislapp.com.br\/index.php\/cam-legislativa-de-sc-pl-0559-2025-2\/#primaryimage"},"thumbnailUrl":"https:\/\/www.legislapp.com.br\/wp-content\/uploads\/google-play.png","datePublished":"2025-10-08T14:39:47+00:00","breadcrumb":{"@id":"https:\/\/www.legislapp.com.br\/index.php\/cam-legislativa-de-sc-pl-0559-2025-2\/#breadcrumb"},"inLanguage":"pt-BR","potentialAction":[{"@type":"ReadAction","target":["https:\/\/www.legislapp.com.br\/index.php\/cam-legislativa-de-sc-pl-0559-2025-2\/"]}]},{"@type":"ImageObject","inLanguage":"pt-BR","@id":"https:\/\/www.legislapp.com.br\/index.php\/cam-legislativa-de-sc-pl-0559-2025-2\/#primaryimage","url":"https:\/\/www.legislapp.com.br\/wp-content\/uploads\/google-play.png","contentUrl":"https:\/\/www.legislapp.com.br\/wp-content\/uploads\/google-play.png","width":564,"height":168},{"@type":"BreadcrumbList","@id":"https:\/\/www.legislapp.com.br\/index.php\/cam-legislativa-de-sc-pl-0559-2025-2\/#breadcrumb","itemListElement":[{"@type":"ListItem","position":1,"name":"In\u00edcio","item":"https:\/\/www.legislapp.com.br\/"},{"@type":"ListItem","position":2,"name":"PL.\/0559\/2025 &#8211; Adilson Girardi"}]},{"@type":"WebSite","@id":"https:\/\/www.legislapp.com.br\/#website","url":"https:\/\/www.legislapp.com.br\/","name":"Legislapp","description":"Intelig\u00eancia governamental em tempo real","publisher":{"@id":"https:\/\/www.legislapp.com.br\/#organization"},"potentialAction":[{"@type":"SearchAction","target":{"@type":"EntryPoint","urlTemplate":"https:\/\/www.legislapp.com.br\/?s={search_term_string}"},"query-input":{"@type":"PropertyValueSpecification","valueRequired":true,"valueName":"search_term_string"}}],"inLanguage":"pt-BR"},{"@type":"Organization","@id":"https:\/\/www.legislapp.com.br\/#organization","name":"Legislapp Monitoramento e Intelig\u00eancia Governamental","url":"https:\/\/www.legislapp.com.br\/","logo":{"@type":"ImageObject","inLanguage":"pt-BR","@id":"https:\/\/www.legislapp.com.br\/#\/schema\/logo\/image\/","url":"https:\/\/www.legislapp.com.br\/wp-content\/uploads\/icon.png","contentUrl":"https:\/\/www.legislapp.com.br\/wp-content\/uploads\/icon.png","width":1024,"height":1024,"caption":"Legislapp Monitoramento e Intelig\u00eancia Governamental"},"image":{"@id":"https:\/\/www.legislapp.com.br\/#\/schema\/logo\/image\/"},"sameAs":["https:\/\/www.instagram.com\/legislapp\/"]}]}},"_links":{"self":[{"href":"https:\/\/www.legislapp.com.br\/index.php\/wp-json\/wp\/v2\/pages\/8539","targetHints":{"allow":["GET"]}}],"collection":[{"href":"https:\/\/www.legislapp.com.br\/index.php\/wp-json\/wp\/v2\/pages"}],"about":[{"href":"https:\/\/www.legislapp.com.br\/index.php\/wp-json\/wp\/v2\/types\/page"}],"author":[{"embeddable":true,"href":"https:\/\/www.legislapp.com.br\/index.php\/wp-json\/wp\/v2\/users\/1"}],"replies":[{"embeddable":true,"href":"https:\/\/www.legislapp.com.br\/index.php\/wp-json\/wp\/v2\/comments?post=8539"}],"version-history":[{"count":0,"href":"https:\/\/www.legislapp.com.br\/index.php\/wp-json\/wp\/v2\/pages\/8539\/revisions"}],"wp:attachment":[{"href":"https:\/\/www.legislapp.com.br\/index.php\/wp-json\/wp\/v2\/media?parent=8539"}],"curies":[{"name":"wp","href":"https:\/\/api.w.org\/{rel}","templated":true}]}}