{"id":8544,"date":"2025-10-08T11:40:05","date_gmt":"2025-10-08T14:40:05","guid":{"rendered":"https:\/\/www.legislapp.com.br\/index.php\/cam-legislativa-de-sc-pl-0557-2025-2\/"},"modified":"2025-10-08T11:40:05","modified_gmt":"2025-10-08T14:40:05","slug":"cam-legislativa-de-sc-pl-0557-2025-2","status":"publish","type":"page","link":"https:\/\/www.legislapp.com.br\/index.php\/cam-legislativa-de-sc-pl-0557-2025-2\/","title":{"rendered":"PL.\/0557\/2025 &#8211; Adilson Girardi"},"content":{"rendered":"<h1 style='text-align: center;'>C\u00e2m. Legislativa de SC &#8211; Autoria de Adilson Girardi<\/h3>\n<p><\/p>\n<article style='text-align: center'>Disp\u00f5e sobre a exclus\u00e3o de averba\u00e7\u00e3o de \u00c1rea de Manuten\u00e7\u00e3o de Vegeta\u00e7\u00e3o Urbana &#8211; AMVU em matr\u00edcula de im\u00f3veis localizados no Estado de Santa Catarina, mediante compensa\u00e7\u00e3o ambiental, e d\u00e1 outras provid\u00eancias.<\/article>\n<p><\/p>\n<p style='text-align: center'><a href='https:\/\/app.legislapp.com.br\/#\/busca?termo='><\/a><\/p>\n<p><\/p>\n<article>ASSEMBLEIA LEGISLATIVA GABINETE DEPUTADO<br \/>\nESTADO DE SANTA CATARINA ADILSON GIRARDI<\/p>\n<p>PROJETO DE LEI<\/p>\n<p>Disp\u00f5e sobre a exclus\u00e3o de averba\u00e7\u00e3o de \u00c1rea de<br \/>\nManuten\u00e7\u00e3o de Vegeta\u00e7\u00e3o Urbana \u2013 AMVU em matr\u00edcula de<br \/>\nim\u00f3veis localizados no Estado de Santa Catarina, mediante<br \/>\ncompensa\u00e7\u00e3o ambiental, e d\u00e1 outras provid\u00eancias. <\/p>\n<p>Art. 1\u00ba Fica o Poder Executivo autorizado a instituir<br \/>\nprocedimento para a exclus\u00e3o da averba\u00e7\u00e3o de \u00c1rea de Manuten\u00e7\u00e3o de Vegeta\u00e7\u00e3o<br \/>\nUrbana (AMVU) constante na matr\u00edcula de im\u00f3vel urbano ou rural, mediante pr\u00e9via<br \/>\nautoriza\u00e7\u00e3o do \u00f3rg\u00e3o ambiental estadual competente, condicionada \u00e0 realiza\u00e7\u00e3o de<br \/>\ncompensa\u00e7\u00e3o ambiental proporcional e tecnicamente adequada.<\/p>\n<p>Art. 2\u00ba A regulamenta\u00e7\u00e3o a ser institu\u00edda pelo Poder<br \/>\nExecutivo dever\u00e1 prever, no m\u00ednimo, a apresenta\u00e7\u00e3o por parte do propriet\u00e1rio de: <\/p>\n<p>I \u2013 documento comprobat\u00f3rio da titularidade e certid\u00e3o de<br \/>\nmatr\u00edcula atualizada com a averba\u00e7\u00e3o da AMVU; <\/p>\n<p>II \u2013 laudo t\u00e9cnico subscrito por profissional habilitado, com<br \/>\nAnota\u00e7\u00e3o de Responsabilidade T\u00e9cnica (ART), atestando que a \u00e1rea n\u00e3o integra, total<br \/>\nou parcialmente: <\/p>\n<p>a) \u00c1rea de Preserva\u00e7\u00e3o Permanente (APP); <\/p>\n<p>b) Reserva Legal; <\/p>\n<p>c) Unidade de Conserva\u00e7\u00e3o;<\/p>\n<p>d) Zona de prote\u00e7\u00e3o ambiental institu\u00edda por legisla\u00e7\u00e3o<br \/>\nespec\u00edfica. <\/p>\n<p>III \u2013 justificativa t\u00e9cnico-jur\u00eddica da solicita\u00e7\u00e3o; <\/p>\n<p>IV \u2013 proposta de compensa\u00e7\u00e3o ambiental. <\/p>\n<p>Art. 3\u00ba A regulamenta\u00e7\u00e3o definir\u00e1 os crit\u00e9rios para a<br \/>\naprova\u00e7\u00e3o da compensa\u00e7\u00e3o ambiental, que poder\u00e1 consistir em: <\/p>\n<p>I \u2013 restaura\u00e7\u00e3o de \u00e1reas ambientalmente degradadas,<br \/>\npreferencialmente em zona urbana ou de transi\u00e7\u00e3o;<\/p>\n<p>II \u2013 implanta\u00e7\u00e3o de \u00e1rea de vegeta\u00e7\u00e3o nativa em im\u00f3vel<br \/>\npr\u00f3prio ou de terceiros; <\/p>\n<p>III \u2013 doa\u00e7\u00e3o de \u00e1rea ambientalmente relevante ao poder<br \/>\np\u00fablico; <\/p>\n<p>IV \u2013 aporte financeiro em fundo ambiental estadual ou<br \/>\nmunicipal; <\/p>\n<p>V \u2013 manuten\u00e7\u00e3o de espa\u00e7o p\u00fablico com fun\u00e7\u00e3o ecol\u00f3gica.<br \/>\n \u00a7 1\u00ba A compensa\u00e7\u00e3o ser\u00e1 fixada em, no m\u00ednimo, equival\u00eancia<br \/>\nde 1:1 (um para um) entre a \u00e1rea suprimida e a \u00e1rea compensada, podendo ser<br \/>\nmajorada em fun\u00e7\u00e3o da relev\u00e2ncia ecol\u00f3gica da \u00e1rea originalmente gravada. <\/p>\n<p>\u00a7 2\u00ba A execu\u00e7\u00e3o da compensa\u00e7\u00e3o ser\u00e1 objeto de termo de<br \/>\ncompromisso, cujos efeitos estar\u00e3o condicionados \u00e0 fiscaliza\u00e7\u00e3o e aprova\u00e7\u00e3o final pelo<br \/>\n\u00f3rg\u00e3o competente. <\/p>\n<p>Art. 4\u00ba A compensa\u00e7\u00e3o ambiental de que trata esta Lei<br \/>\ndever\u00e1 resultar em ganho ecol\u00f3gico l\u00edquido, comprovado por laudo t\u00e9cnico, visando a<br \/>\nmelhoria da qualidade ambiental geral da \u00e1rea urbana ou da bacia hidrogr\u00e1fica<br \/>\nimpactada. <\/p>\n<p>Art. 5\u00ba A exclus\u00e3o da averba\u00e7\u00e3o somente poder\u00e1 ser<br \/>\nrealizada no Registro de Im\u00f3veis mediante apresenta\u00e7\u00e3o de declara\u00e7\u00e3o t\u00e9cnica<br \/>\nexpedida pelo \u00f3rg\u00e3o ambiental estadual, atestando o cumprimento integral das<br \/>\nexig\u00eancias estabelecidas nesta Lei. <\/p>\n<p>Art. 6\u00ba As disposi\u00e7\u00f5es desta Lei aplicam-se exclusivamente<br \/>\n\u00e0s \u00e1reas de manuten\u00e7\u00e3o de vegeta\u00e7\u00e3o urbana constitu\u00eddas por ato negocial entre o<br \/>\npropriet\u00e1rio e o Poder P\u00fablico, por for\u00e7a de exig\u00eancia urban\u00edstica, e que n\u00e3o estejam<br \/>\nvinculadas a obriga\u00e7\u00e3o legal ou a medida de compensa\u00e7\u00e3o determinada por decis\u00e3o<br \/>\njudicial ou administrativa definitiva. <\/p>\n<p>Art. 7\u00ba Ficam preservadas as compet\u00eancias municipais para<br \/>\ninstituir normas mais restritivas quanto \u00e0 destina\u00e7\u00e3o de \u00e1reas com fun\u00e7\u00e3o ecol\u00f3gica,<br \/>\nnos termos da legisla\u00e7\u00e3o federal e estadual. <\/p>\n<p>Art. 8\u00ba O Poder Executivo regulamentar\u00e1 esta Lei no prazo<br \/>\nde 90 (noventa) dias, contados da data de sua publica\u00e7\u00e3o. <\/p>\n<p>Art. 9\u00ba Esta Lei entra em vigor na data de sua publica\u00e7\u00e3o. <\/p>\n<p>Sala da Sess\u00f5es,     <\/p>\n<p>Deputado Adilson Girardi<br \/>\n JUSTIFICA\u00c7\u00c3O<\/p>\n<p>A presente proposi\u00e7\u00e3o tem por finalidade suprir lacuna<br \/>\nnormativa na legisla\u00e7\u00e3o estadual quanto \u00e0 possibilidade de exclus\u00e3o, por iniciativa do<br \/>\npropriet\u00e1rio, de averba\u00e7\u00e3o de \u00c1rea de Manuten\u00e7\u00e3o de Vegeta\u00e7\u00e3o Urbana \u2013 AMVU<br \/>\nconstante em matr\u00edcula de im\u00f3veis urbanos ou rurais, desde que observados crit\u00e9rios<br \/>\nt\u00e9cnicos e ambientais rigorosos e mediante compensa\u00e7\u00e3o ambiental proporcional.<br \/>\nTais \u00e1reas foram institu\u00eddas, em muitos casos, por<br \/>\ninstrumentos negociais com o Poder P\u00fablico, no contexto de aprova\u00e7\u00f5es urban\u00edsticas<br \/>\nou licenciamentos ambientais, sem natureza jur\u00eddica de \u00c1rea de Preserva\u00e7\u00e3o<br \/>\nPermanente (APP) ou Reserva Legal, mas passaram a constar como restri\u00e7\u00e3o<br \/>\npermanente nos registros imobili\u00e1rios, obstando o pleno exerc\u00edcio da fun\u00e7\u00e3o social da<br \/>\npropriedade.<br \/>\nA proposta, portanto, busca regulamentar um procedimento<br \/>\nt\u00e9cnico-ambiental que respeita os princ\u00edpios do desenvolvimento sustent\u00e1vel e da<br \/>\nsupremacia do interesse p\u00fablico, assegurando que a exclus\u00e3o da restri\u00e7\u00e3o ambiental<br \/>\nregistral ocorra apenas quando tecnicamente justific\u00e1vel e com adequada<br \/>\ncompensa\u00e7\u00e3o ecol\u00f3gica.<br \/>\nPor estas raz\u00f5es, conta-se com o apoio dos nobres Pares<br \/>\npara aprova\u00e7\u00e3o da presente iniciativa legislativa.<\/p>\n<p>Sala da Sess\u00f5es,     <\/p>\n<p>Deputado Adilson Girardi<br \/>\nELEGIS<br \/>\nDocumento assinado eletronicamente por Adilson Luiz Girardi,<br \/>\nSistema de Processo<br \/>\nem 08\/08\/2025, \u00e0s 16:01.<br \/>\nLegislativo Eletr\u00f4nico<\/article>\n<div style=\"text-align: center\">\n<div style=\"margin-bottom: 20px;\" class=\"et_pb_button_module_wrapper et_pb_button_5_tb_body_wrapper et_pb_button_alignment_center et_pb_module \">\n         <a class=\"et_pb_button et_pb_button_5_tb_body et_hover_enabled et_pb_bg_layout_dark\" style=\"width: 50%;background-color: black;\" href=\"https:\/\/app.legislapp.com.br\" target=\"_blank\" rel=\"noopener\">Visualizar completo na nossa plataforma (30 dias gr\u00e1tis)<\/a><\/p><\/div>\n<p>      <a href=\"https:\/\/play.google.com\/store\/apps\/details?id=br.com.legislapp\"><img decoding=\"async\" style=\"width: 15%; min-width: 130px;\" src=\"https:\/\/www.legislapp.com.br\/wp-content\/uploads\/google-play.png\"><\/a><br \/>\n      <a href=\"https:\/\/apps.apple.com\/us\/app\/legislapp\/id1568929859\"><img decoding=\"async\" style=\"width: 15%; min-width: 130px\" src=\"https:\/\/www.legislapp.com.br\/wp-content\/uploads\/apple-store.png\"><\/a>\n   <\/div>\n","protected":false},"excerpt":{"rendered":"<p>C\u00e2m. Legislativa de SC &#8211; Autoria de Adilson Girardi Disp\u00f5e sobre a exclus\u00e3o de averba\u00e7\u00e3o de \u00c1rea de Manuten\u00e7\u00e3o de Vegeta\u00e7\u00e3o Urbana &#8211; AMVU em matr\u00edcula de im\u00f3veis localizados no Estado de Santa Catarina, mediante compensa\u00e7\u00e3o ambiental, e d\u00e1 outras provid\u00eancias. ASSEMBLEIA LEGISLATIVA GABINETE DEPUTADO ESTADO DE SANTA CATARINA ADILSON GIRARDI PROJETO DE LEI Disp\u00f5e [&hellip;]<\/p>\n","protected":false},"author":1,"featured_media":0,"parent":0,"menu_order":0,"comment_status":"closed","ping_status":"closed","template":"page-template-blank.php","meta":{"_et_pb_use_builder":"","_et_pb_old_content":"","_et_gb_content_width":"1080","ngg_post_thumbnail":0,"footnotes":""},"class_list":["post-8544","page","type-page","status-publish","hentry"],"yoast_head":"<!-- This site is optimized with the Yoast SEO plugin v24.4 - https:\/\/yoast.com\/wordpress\/plugins\/seo\/ -->\n<title>PL.\/0557\/2025 - Adilson Girardi - Legislapp<\/title>\n<meta name=\"robots\" content=\"index, follow, max-snippet:-1, max-image-preview:large, max-video-preview:-1\" \/>\n<link rel=\"canonical\" href=\"https:\/\/www.legislapp.com.br\/index.php\/cam-legislativa-de-sc-pl-0557-2025-2\/\" \/>\n<meta property=\"og:locale\" content=\"pt_BR\" \/>\n<meta property=\"og:type\" content=\"article\" \/>\n<meta property=\"og:title\" content=\"PL.\/0557\/2025 - Adilson Girardi - Legislapp\" \/>\n<meta property=\"og:description\" content=\"C\u00e2m. Legislativa de SC &#8211; Autoria de Adilson Girardi Disp\u00f5e sobre a exclus\u00e3o de averba\u00e7\u00e3o de \u00c1rea de Manuten\u00e7\u00e3o de Vegeta\u00e7\u00e3o Urbana &#8211; AMVU em matr\u00edcula de im\u00f3veis localizados no Estado de Santa Catarina, mediante compensa\u00e7\u00e3o ambiental, e d\u00e1 outras provid\u00eancias. ASSEMBLEIA LEGISLATIVA GABINETE DEPUTADO ESTADO DE SANTA CATARINA ADILSON GIRARDI PROJETO DE LEI Disp\u00f5e [&hellip;]\" \/>\n<meta property=\"og:url\" content=\"https:\/\/www.legislapp.com.br\/index.php\/cam-legislativa-de-sc-pl-0557-2025-2\/\" \/>\n<meta property=\"og:site_name\" content=\"Legislapp\" \/>\n<meta property=\"article:publisher\" content=\"https:\/\/www.instagram.com\/legislapp\/\" \/>\n<meta property=\"og:image\" content=\"https:\/\/www.legislapp.com.br\/wp-content\/uploads\/google-play.png\" \/>\n<meta name=\"twitter:card\" content=\"summary_large_image\" \/>\n<meta name=\"twitter:label1\" content=\"Est. tempo de leitura\" \/>\n\t<meta name=\"twitter:data1\" content=\"4 minutos\" \/>\n<script type=\"application\/ld+json\" class=\"yoast-schema-graph\">{\"@context\":\"https:\/\/schema.org\",\"@graph\":[{\"@type\":\"WebPage\",\"@id\":\"https:\/\/www.legislapp.com.br\/index.php\/cam-legislativa-de-sc-pl-0557-2025-2\/\",\"url\":\"https:\/\/www.legislapp.com.br\/index.php\/cam-legislativa-de-sc-pl-0557-2025-2\/\",\"name\":\"PL.\/0557\/2025 - Adilson Girardi - Legislapp\",\"isPartOf\":{\"@id\":\"https:\/\/www.legislapp.com.br\/#website\"},\"primaryImageOfPage\":{\"@id\":\"https:\/\/www.legislapp.com.br\/index.php\/cam-legislativa-de-sc-pl-0557-2025-2\/#primaryimage\"},\"image\":{\"@id\":\"https:\/\/www.legislapp.com.br\/index.php\/cam-legislativa-de-sc-pl-0557-2025-2\/#primaryimage\"},\"thumbnailUrl\":\"https:\/\/www.legislapp.com.br\/wp-content\/uploads\/google-play.png\",\"datePublished\":\"2025-10-08T14:40:05+00:00\",\"breadcrumb\":{\"@id\":\"https:\/\/www.legislapp.com.br\/index.php\/cam-legislativa-de-sc-pl-0557-2025-2\/#breadcrumb\"},\"inLanguage\":\"pt-BR\",\"potentialAction\":[{\"@type\":\"ReadAction\",\"target\":[\"https:\/\/www.legislapp.com.br\/index.php\/cam-legislativa-de-sc-pl-0557-2025-2\/\"]}]},{\"@type\":\"ImageObject\",\"inLanguage\":\"pt-BR\",\"@id\":\"https:\/\/www.legislapp.com.br\/index.php\/cam-legislativa-de-sc-pl-0557-2025-2\/#primaryimage\",\"url\":\"https:\/\/www.legislapp.com.br\/wp-content\/uploads\/google-play.png\",\"contentUrl\":\"https:\/\/www.legislapp.com.br\/wp-content\/uploads\/google-play.png\",\"width\":564,\"height\":168},{\"@type\":\"BreadcrumbList\",\"@id\":\"https:\/\/www.legislapp.com.br\/index.php\/cam-legislativa-de-sc-pl-0557-2025-2\/#breadcrumb\",\"itemListElement\":[{\"@type\":\"ListItem\",\"position\":1,\"name\":\"In\u00edcio\",\"item\":\"https:\/\/www.legislapp.com.br\/\"},{\"@type\":\"ListItem\",\"position\":2,\"name\":\"PL.\/0557\/2025 &#8211; Adilson Girardi\"}]},{\"@type\":\"WebSite\",\"@id\":\"https:\/\/www.legislapp.com.br\/#website\",\"url\":\"https:\/\/www.legislapp.com.br\/\",\"name\":\"Legislapp\",\"description\":\"Intelig\u00eancia governamental em tempo real\",\"publisher\":{\"@id\":\"https:\/\/www.legislapp.com.br\/#organization\"},\"potentialAction\":[{\"@type\":\"SearchAction\",\"target\":{\"@type\":\"EntryPoint\",\"urlTemplate\":\"https:\/\/www.legislapp.com.br\/?s={search_term_string}\"},\"query-input\":{\"@type\":\"PropertyValueSpecification\",\"valueRequired\":true,\"valueName\":\"search_term_string\"}}],\"inLanguage\":\"pt-BR\"},{\"@type\":\"Organization\",\"@id\":\"https:\/\/www.legislapp.com.br\/#organization\",\"name\":\"Legislapp Monitoramento e Intelig\u00eancia Governamental\",\"url\":\"https:\/\/www.legislapp.com.br\/\",\"logo\":{\"@type\":\"ImageObject\",\"inLanguage\":\"pt-BR\",\"@id\":\"https:\/\/www.legislapp.com.br\/#\/schema\/logo\/image\/\",\"url\":\"https:\/\/www.legislapp.com.br\/wp-content\/uploads\/icon.png\",\"contentUrl\":\"https:\/\/www.legislapp.com.br\/wp-content\/uploads\/icon.png\",\"width\":1024,\"height\":1024,\"caption\":\"Legislapp Monitoramento e Intelig\u00eancia Governamental\"},\"image\":{\"@id\":\"https:\/\/www.legislapp.com.br\/#\/schema\/logo\/image\/\"},\"sameAs\":[\"https:\/\/www.instagram.com\/legislapp\/\"]}]}<\/script>\n<!-- \/ Yoast SEO plugin. -->","yoast_head_json":{"title":"PL.\/0557\/2025 - Adilson Girardi - Legislapp","robots":{"index":"index","follow":"follow","max-snippet":"max-snippet:-1","max-image-preview":"max-image-preview:large","max-video-preview":"max-video-preview:-1"},"canonical":"https:\/\/www.legislapp.com.br\/index.php\/cam-legislativa-de-sc-pl-0557-2025-2\/","og_locale":"pt_BR","og_type":"article","og_title":"PL.\/0557\/2025 - Adilson Girardi - Legislapp","og_description":"C\u00e2m. Legislativa de SC &#8211; Autoria de Adilson Girardi Disp\u00f5e sobre a exclus\u00e3o de averba\u00e7\u00e3o de \u00c1rea de Manuten\u00e7\u00e3o de Vegeta\u00e7\u00e3o Urbana &#8211; AMVU em matr\u00edcula de im\u00f3veis localizados no Estado de Santa Catarina, mediante compensa\u00e7\u00e3o ambiental, e d\u00e1 outras provid\u00eancias. ASSEMBLEIA LEGISLATIVA GABINETE DEPUTADO ESTADO DE SANTA CATARINA ADILSON GIRARDI PROJETO DE LEI Disp\u00f5e [&hellip;]","og_url":"https:\/\/www.legislapp.com.br\/index.php\/cam-legislativa-de-sc-pl-0557-2025-2\/","og_site_name":"Legislapp","article_publisher":"https:\/\/www.instagram.com\/legislapp\/","og_image":[{"url":"https:\/\/www.legislapp.com.br\/wp-content\/uploads\/google-play.png","type":"","width":"","height":""}],"twitter_card":"summary_large_image","twitter_misc":{"Est. tempo de leitura":"4 minutos"},"schema":{"@context":"https:\/\/schema.org","@graph":[{"@type":"WebPage","@id":"https:\/\/www.legislapp.com.br\/index.php\/cam-legislativa-de-sc-pl-0557-2025-2\/","url":"https:\/\/www.legislapp.com.br\/index.php\/cam-legislativa-de-sc-pl-0557-2025-2\/","name":"PL.\/0557\/2025 - Adilson Girardi - Legislapp","isPartOf":{"@id":"https:\/\/www.legislapp.com.br\/#website"},"primaryImageOfPage":{"@id":"https:\/\/www.legislapp.com.br\/index.php\/cam-legislativa-de-sc-pl-0557-2025-2\/#primaryimage"},"image":{"@id":"https:\/\/www.legislapp.com.br\/index.php\/cam-legislativa-de-sc-pl-0557-2025-2\/#primaryimage"},"thumbnailUrl":"https:\/\/www.legislapp.com.br\/wp-content\/uploads\/google-play.png","datePublished":"2025-10-08T14:40:05+00:00","breadcrumb":{"@id":"https:\/\/www.legislapp.com.br\/index.php\/cam-legislativa-de-sc-pl-0557-2025-2\/#breadcrumb"},"inLanguage":"pt-BR","potentialAction":[{"@type":"ReadAction","target":["https:\/\/www.legislapp.com.br\/index.php\/cam-legislativa-de-sc-pl-0557-2025-2\/"]}]},{"@type":"ImageObject","inLanguage":"pt-BR","@id":"https:\/\/www.legislapp.com.br\/index.php\/cam-legislativa-de-sc-pl-0557-2025-2\/#primaryimage","url":"https:\/\/www.legislapp.com.br\/wp-content\/uploads\/google-play.png","contentUrl":"https:\/\/www.legislapp.com.br\/wp-content\/uploads\/google-play.png","width":564,"height":168},{"@type":"BreadcrumbList","@id":"https:\/\/www.legislapp.com.br\/index.php\/cam-legislativa-de-sc-pl-0557-2025-2\/#breadcrumb","itemListElement":[{"@type":"ListItem","position":1,"name":"In\u00edcio","item":"https:\/\/www.legislapp.com.br\/"},{"@type":"ListItem","position":2,"name":"PL.\/0557\/2025 &#8211; Adilson Girardi"}]},{"@type":"WebSite","@id":"https:\/\/www.legislapp.com.br\/#website","url":"https:\/\/www.legislapp.com.br\/","name":"Legislapp","description":"Intelig\u00eancia governamental em tempo real","publisher":{"@id":"https:\/\/www.legislapp.com.br\/#organization"},"potentialAction":[{"@type":"SearchAction","target":{"@type":"EntryPoint","urlTemplate":"https:\/\/www.legislapp.com.br\/?s={search_term_string}"},"query-input":{"@type":"PropertyValueSpecification","valueRequired":true,"valueName":"search_term_string"}}],"inLanguage":"pt-BR"},{"@type":"Organization","@id":"https:\/\/www.legislapp.com.br\/#organization","name":"Legislapp Monitoramento e Intelig\u00eancia Governamental","url":"https:\/\/www.legislapp.com.br\/","logo":{"@type":"ImageObject","inLanguage":"pt-BR","@id":"https:\/\/www.legislapp.com.br\/#\/schema\/logo\/image\/","url":"https:\/\/www.legislapp.com.br\/wp-content\/uploads\/icon.png","contentUrl":"https:\/\/www.legislapp.com.br\/wp-content\/uploads\/icon.png","width":1024,"height":1024,"caption":"Legislapp Monitoramento e Intelig\u00eancia Governamental"},"image":{"@id":"https:\/\/www.legislapp.com.br\/#\/schema\/logo\/image\/"},"sameAs":["https:\/\/www.instagram.com\/legislapp\/"]}]}},"_links":{"self":[{"href":"https:\/\/www.legislapp.com.br\/index.php\/wp-json\/wp\/v2\/pages\/8544","targetHints":{"allow":["GET"]}}],"collection":[{"href":"https:\/\/www.legislapp.com.br\/index.php\/wp-json\/wp\/v2\/pages"}],"about":[{"href":"https:\/\/www.legislapp.com.br\/index.php\/wp-json\/wp\/v2\/types\/page"}],"author":[{"embeddable":true,"href":"https:\/\/www.legislapp.com.br\/index.php\/wp-json\/wp\/v2\/users\/1"}],"replies":[{"embeddable":true,"href":"https:\/\/www.legislapp.com.br\/index.php\/wp-json\/wp\/v2\/comments?post=8544"}],"version-history":[{"count":0,"href":"https:\/\/www.legislapp.com.br\/index.php\/wp-json\/wp\/v2\/pages\/8544\/revisions"}],"wp:attachment":[{"href":"https:\/\/www.legislapp.com.br\/index.php\/wp-json\/wp\/v2\/media?parent=8544"}],"curies":[{"name":"wp","href":"https:\/\/api.w.org\/{rel}","templated":true}]}}