{"id":8571,"date":"2025-10-08T11:41:41","date_gmt":"2025-10-08T14:41:41","guid":{"rendered":"https:\/\/www.legislapp.com.br\/index.php\/cam-legislativa-de-mg-pl-4127-2025-2\/"},"modified":"2025-10-08T11:41:41","modified_gmt":"2025-10-08T14:41:41","slug":"cam-legislativa-de-mg-pl-4127-2025-2","status":"publish","type":"page","link":"https:\/\/www.legislapp.com.br\/index.php\/cam-legislativa-de-mg-pl-4127-2025-2\/","title":{"rendered":"PL 4127\/2025 &#8211; Deputados"},"content":{"rendered":"<h1 style='text-align: center;'>C\u00e2m. Legislativa de MG &#8211; Autoria de Deputados<\/h3>\n<p><\/p>\n<article style='text-align: center'>Reconhece como de relevante interesse cultural do Estado o Minas T\u00eanis<br \/>\nClube.<\/article>\n<p><\/p>\n<p style='text-align: center'><a href='https:\/\/app.legislapp.com.br\/#\/busca?termo='><\/a><\/p>\n<p><\/p>\n<article>Reconhece como de relevante interesse cultural do Estado o Minas T\u00eanis Clube.<br \/>\nA Assembleia Legislativa do Estado de Minas Gerais decreta:<br \/>\nArt. 1\u00ba \u2013 Fica reconhecido como de relevante interesse cultural do Estado, nos termos da Lei n\u00ba 24.219, de 15 de julho de 2022, o Minas T\u00eanis Clube.<br \/>\nArt. 2\u00ba \u2013 O reconhecimento de que trata esta lei, conforme disp\u00f5e o art. 2\u00ba da Lei n\u00ba 24.219, de 2022, tem por objetivo valorizar bens, express\u00f5es e manifesta\u00e7\u00f5es culturais dos diferentes grupos formadores da sociedade mineira.<br \/>\nArt. 3\u00ba \u2013 Esta lei entra em vigor na data de sua publica\u00e7\u00e3o.<br \/>\nSala das Reuni\u00f5es, 30 de julho de 2025.<br \/>\nJo\u00e3o V\u00edtor Xavier (Cidadania), 3\u00ba-secret\u00e1rio.<br \/>\nJustifica\u00e7\u00e3o: O Minas T\u00eanis Clube faz parte da mem\u00f3ria de Belo Horizonte e do estado de Minas Gerais. O clube foi fundado em 15 de novembro de 1935, a partir da ideia de um grupo de jovens atletas, incluindo \u00c1lvaro Meyer, Humberto Lobo e Otac\u00edlio Negr\u00e3o de Lima, com o objetivo de criar um espa\u00e7o para a pr\u00e1tica de esportes e atividades sociais. O Minas \u00e9 uma institui\u00e7\u00e3o sociodesportiva e cultural que desempenhou um papel significativo na hist\u00f3ria de Belo Horizonte, com sua sede projetada pelo arquiteto Raffaello Berti, reconhecido por sua import\u00e2ncia no patrim\u00f4nio hist\u00f3rico da Capital. O Minas T\u00eanis Clube possui um Centro de Mem\u00f3ria que preserva e divulga a hist\u00f3ria do clube, incluindo seu impacto na cultura e no esporte da capital mineira.<br \/>\nInicialmente,\u00a0 o clube focava em t\u00eanis e nata\u00e7\u00e3o, mas rapidamente expandiu suas atividades para outras modalidades esportivas, cultura e lazer.\u00a0<br \/>\nO basquete foi um dos primeiros esportes a se organizar e ter bons resultados no Minas e destaca-se por participa\u00e7\u00f5es constantes nos principais campeonatos, com equipes de alto n\u00edvel. O Minas, tamb\u00e9m tem um hist\u00f3rico de revela\u00e7\u00e3o de atletas que chegaram \u00e0 NBA, como por exemplo Cristiano Fel\u00edcio e Raulzinho. O Minas j\u00e1 foi o clube de jogadores importantes no basquete brasileiro, como Mois\u00e9s Bl\u00e1s, medalhista com a Sele\u00e7\u00e3o Brasileira nos Jogos de Roma, em 1960, Alex Garcia, Leandro Barbosa, Dem\u00e9trius Ferracci\u00fa, Carioquinha e Nilo Guimar\u00e3es. As principais conquistas do clube na modalidade s\u00e3o: o Campeonato Sul-Americano de Clubes Campe\u00f5es de 2007, a Copa Super 8 de 2021\/22, al\u00e9m de 20 Campeonatos Mineiros.<br \/>\nNo voleibol feminino, o clube coleciona t\u00edtulos e \u00e9 refer\u00eancia nacional, com destaque para a Superliga e o Campeonato Sul-Americano de Clubes. No voleibol masculino, durante os anos 80, o Minas foi patrocinado pela montadora Fiat, e jogou com o nome Fiat\/Minas. Nesta \u00e9poca o clube conquistou dois campeonatos sul-americanos, tr\u00eas campeonatos nacionais, e um vice-campeonato da Liga Nacional. Desde os anos 1990 o Minas \u00e9 patrocinado pela operadora Telemig Celular. Ap\u00f3s sua aquisi\u00e7\u00e3o pela Vivo o patroc\u00ednio prossegue com o nome-fantasia Vivo-Minas. Nesta \u00e9poca o Minas obteve quatro t\u00edtulos da Superliga nacional, al\u00e9m de outros quatro vice-campeonatos, e consagrou-se como a equipe mais vitoriosa do voleibol masculino brasileiro.<br \/>\nO Centro de Mem\u00f3ria do Minas T\u00eanis Clube guarda um acervo diversificado, incluindo documentos, fotografias e objetos que contam a hist\u00f3ria do clube. O Centro Cultural Minas T\u00eanis Clube, que abriga teatro, galeria de arte e o pr\u00f3prio Centro de Mem\u00f3ria, promove atividades culturais abertas ao p\u00fablico e contribui para a vida cultural. O Centro de Mem\u00f3ria faz parte do Circuito Liberdade, um complexo cultural que re\u00fane diversos espa\u00e7os culturais importantes de Belo Horizonte, refor\u00e7ando o papel do Minas T\u00eanis Clube como um patrim\u00f4nio cultural. O Circuito Liberdade, com epicentro na Pra\u00e7a da Liberdade, conecta a capital Belo Horizonte com o interior de Minas Gerais, atuando como um corredor cultural e tur\u00edstico que promove a arte, cultura e patrim\u00f4nio do estado.\u00a0<br \/>\nA trajet\u00f3ria do Minas T\u00eanis Clube est\u00e1 intimamente ligada \u00e0 hist\u00f3ria de Belo Horizonte, com marcos importantes como a visita de Get\u00falio Vargas para a inaugura\u00e7\u00e3o da sede social em 1940 e a presen\u00e7a do clube em obras de Fernando Sabino, mostrando a influ\u00eancia do clube na cultura e na literatura da cidade e de Minas Gerais.<br \/>\nO reconhecimento do Minas T\u00eanis Clube como de relevante interesse cultural \u00e9 medida justa para a valoriza\u00e7\u00e3o e preserva\u00e7\u00e3o deste bem cultural devido \u00e0 sua longa hist\u00f3ria, import\u00e2ncia para a comunidade e impacto na identidade local e do estado de Minas Gerais, sendo s\u00edmbolo cultural para os mineiros.<br \/>\n\u2013 Publicado, vai o projeto \u00e0s Comiss\u00f5es de Justi\u00e7a e de Cultura para parecer, nos termos do art. 188, c\/c o art. 102, do Regimento Interno.<\/article>\n<div style=\"text-align: center\">\n<div style=\"margin-bottom: 20px;\" class=\"et_pb_button_module_wrapper et_pb_button_5_tb_body_wrapper et_pb_button_alignment_center et_pb_module \">\n         <a class=\"et_pb_button et_pb_button_5_tb_body et_hover_enabled et_pb_bg_layout_dark\" style=\"width: 50%;background-color: black;\" href=\"https:\/\/app.legislapp.com.br\" target=\"_blank\" rel=\"noopener\">Visualizar completo na nossa plataforma (30 dias gr\u00e1tis)<\/a><\/p><\/div>\n<p>      <a href=\"https:\/\/play.google.com\/store\/apps\/details?id=br.com.legislapp\"><img decoding=\"async\" style=\"width: 15%; min-width: 130px;\" src=\"https:\/\/www.legislapp.com.br\/wp-content\/uploads\/google-play.png\"><\/a><br \/>\n      <a href=\"https:\/\/apps.apple.com\/us\/app\/legislapp\/id1568929859\"><img decoding=\"async\" style=\"width: 15%; min-width: 130px\" src=\"https:\/\/www.legislapp.com.br\/wp-content\/uploads\/apple-store.png\"><\/a>\n   <\/div>\n","protected":false},"excerpt":{"rendered":"<p>C\u00e2m. Legislativa de MG &#8211; Autoria de Deputados Reconhece como de relevante interesse cultural do Estado o Minas T\u00eanis Clube. Reconhece como de relevante interesse cultural do Estado o Minas T\u00eanis Clube. A Assembleia Legislativa do Estado de Minas Gerais decreta: Art. 1\u00ba \u2013 Fica reconhecido como de relevante interesse cultural do Estado, nos termos [&hellip;]<\/p>\n","protected":false},"author":1,"featured_media":0,"parent":0,"menu_order":0,"comment_status":"closed","ping_status":"closed","template":"page-template-blank.php","meta":{"_et_pb_use_builder":"","_et_pb_old_content":"","_et_gb_content_width":"1080","ngg_post_thumbnail":0,"footnotes":""},"class_list":["post-8571","page","type-page","status-publish","hentry"],"yoast_head":"<!-- This site is optimized with the Yoast SEO plugin v24.4 - https:\/\/yoast.com\/wordpress\/plugins\/seo\/ -->\n<title>PL 4127\/2025 - Deputados - Legislapp<\/title>\n<meta name=\"robots\" content=\"index, follow, max-snippet:-1, max-image-preview:large, max-video-preview:-1\" \/>\n<link rel=\"canonical\" href=\"https:\/\/www.legislapp.com.br\/index.php\/cam-legislativa-de-mg-pl-4127-2025-2\/\" \/>\n<meta property=\"og:locale\" content=\"pt_BR\" \/>\n<meta property=\"og:type\" content=\"article\" \/>\n<meta property=\"og:title\" content=\"PL 4127\/2025 - Deputados - Legislapp\" \/>\n<meta property=\"og:description\" content=\"C\u00e2m. Legislativa de MG &#8211; Autoria de Deputados Reconhece como de relevante interesse cultural do Estado o Minas T\u00eanis Clube. Reconhece como de relevante interesse cultural do Estado o Minas T\u00eanis Clube. A Assembleia Legislativa do Estado de Minas Gerais decreta: Art. 1\u00ba \u2013 Fica reconhecido como de relevante interesse cultural do Estado, nos termos [&hellip;]\" \/>\n<meta property=\"og:url\" content=\"https:\/\/www.legislapp.com.br\/index.php\/cam-legislativa-de-mg-pl-4127-2025-2\/\" \/>\n<meta property=\"og:site_name\" content=\"Legislapp\" \/>\n<meta property=\"article:publisher\" content=\"https:\/\/www.instagram.com\/legislapp\/\" \/>\n<meta property=\"og:image\" content=\"https:\/\/www.legislapp.com.br\/wp-content\/uploads\/google-play.png\" \/>\n<meta name=\"twitter:card\" content=\"summary_large_image\" \/>\n<meta name=\"twitter:label1\" content=\"Est. tempo de leitura\" \/>\n\t<meta name=\"twitter:data1\" content=\"4 minutos\" \/>\n<script type=\"application\/ld+json\" class=\"yoast-schema-graph\">{\"@context\":\"https:\/\/schema.org\",\"@graph\":[{\"@type\":\"WebPage\",\"@id\":\"https:\/\/www.legislapp.com.br\/index.php\/cam-legislativa-de-mg-pl-4127-2025-2\/\",\"url\":\"https:\/\/www.legislapp.com.br\/index.php\/cam-legislativa-de-mg-pl-4127-2025-2\/\",\"name\":\"PL 4127\/2025 - Deputados - Legislapp\",\"isPartOf\":{\"@id\":\"https:\/\/www.legislapp.com.br\/#website\"},\"primaryImageOfPage\":{\"@id\":\"https:\/\/www.legislapp.com.br\/index.php\/cam-legislativa-de-mg-pl-4127-2025-2\/#primaryimage\"},\"image\":{\"@id\":\"https:\/\/www.legislapp.com.br\/index.php\/cam-legislativa-de-mg-pl-4127-2025-2\/#primaryimage\"},\"thumbnailUrl\":\"https:\/\/www.legislapp.com.br\/wp-content\/uploads\/google-play.png\",\"datePublished\":\"2025-10-08T14:41:41+00:00\",\"breadcrumb\":{\"@id\":\"https:\/\/www.legislapp.com.br\/index.php\/cam-legislativa-de-mg-pl-4127-2025-2\/#breadcrumb\"},\"inLanguage\":\"pt-BR\",\"potentialAction\":[{\"@type\":\"ReadAction\",\"target\":[\"https:\/\/www.legislapp.com.br\/index.php\/cam-legislativa-de-mg-pl-4127-2025-2\/\"]}]},{\"@type\":\"ImageObject\",\"inLanguage\":\"pt-BR\",\"@id\":\"https:\/\/www.legislapp.com.br\/index.php\/cam-legislativa-de-mg-pl-4127-2025-2\/#primaryimage\",\"url\":\"https:\/\/www.legislapp.com.br\/wp-content\/uploads\/google-play.png\",\"contentUrl\":\"https:\/\/www.legislapp.com.br\/wp-content\/uploads\/google-play.png\",\"width\":564,\"height\":168},{\"@type\":\"BreadcrumbList\",\"@id\":\"https:\/\/www.legislapp.com.br\/index.php\/cam-legislativa-de-mg-pl-4127-2025-2\/#breadcrumb\",\"itemListElement\":[{\"@type\":\"ListItem\",\"position\":1,\"name\":\"In\u00edcio\",\"item\":\"https:\/\/www.legislapp.com.br\/\"},{\"@type\":\"ListItem\",\"position\":2,\"name\":\"PL 4127\/2025 &#8211; Deputados\"}]},{\"@type\":\"WebSite\",\"@id\":\"https:\/\/www.legislapp.com.br\/#website\",\"url\":\"https:\/\/www.legislapp.com.br\/\",\"name\":\"Legislapp\",\"description\":\"Intelig\u00eancia governamental em tempo real\",\"publisher\":{\"@id\":\"https:\/\/www.legislapp.com.br\/#organization\"},\"potentialAction\":[{\"@type\":\"SearchAction\",\"target\":{\"@type\":\"EntryPoint\",\"urlTemplate\":\"https:\/\/www.legislapp.com.br\/?s={search_term_string}\"},\"query-input\":{\"@type\":\"PropertyValueSpecification\",\"valueRequired\":true,\"valueName\":\"search_term_string\"}}],\"inLanguage\":\"pt-BR\"},{\"@type\":\"Organization\",\"@id\":\"https:\/\/www.legislapp.com.br\/#organization\",\"name\":\"Legislapp Monitoramento e Intelig\u00eancia Governamental\",\"url\":\"https:\/\/www.legislapp.com.br\/\",\"logo\":{\"@type\":\"ImageObject\",\"inLanguage\":\"pt-BR\",\"@id\":\"https:\/\/www.legislapp.com.br\/#\/schema\/logo\/image\/\",\"url\":\"https:\/\/www.legislapp.com.br\/wp-content\/uploads\/icon.png\",\"contentUrl\":\"https:\/\/www.legislapp.com.br\/wp-content\/uploads\/icon.png\",\"width\":1024,\"height\":1024,\"caption\":\"Legislapp Monitoramento e Intelig\u00eancia Governamental\"},\"image\":{\"@id\":\"https:\/\/www.legislapp.com.br\/#\/schema\/logo\/image\/\"},\"sameAs\":[\"https:\/\/www.instagram.com\/legislapp\/\"]}]}<\/script>\n<!-- \/ Yoast SEO plugin. -->","yoast_head_json":{"title":"PL 4127\/2025 - Deputados - Legislapp","robots":{"index":"index","follow":"follow","max-snippet":"max-snippet:-1","max-image-preview":"max-image-preview:large","max-video-preview":"max-video-preview:-1"},"canonical":"https:\/\/www.legislapp.com.br\/index.php\/cam-legislativa-de-mg-pl-4127-2025-2\/","og_locale":"pt_BR","og_type":"article","og_title":"PL 4127\/2025 - Deputados - Legislapp","og_description":"C\u00e2m. Legislativa de MG &#8211; Autoria de Deputados Reconhece como de relevante interesse cultural do Estado o Minas T\u00eanis Clube. Reconhece como de relevante interesse cultural do Estado o Minas T\u00eanis Clube. A Assembleia Legislativa do Estado de Minas Gerais decreta: Art. 1\u00ba \u2013 Fica reconhecido como de relevante interesse cultural do Estado, nos termos [&hellip;]","og_url":"https:\/\/www.legislapp.com.br\/index.php\/cam-legislativa-de-mg-pl-4127-2025-2\/","og_site_name":"Legislapp","article_publisher":"https:\/\/www.instagram.com\/legislapp\/","og_image":[{"url":"https:\/\/www.legislapp.com.br\/wp-content\/uploads\/google-play.png","type":"","width":"","height":""}],"twitter_card":"summary_large_image","twitter_misc":{"Est. tempo de leitura":"4 minutos"},"schema":{"@context":"https:\/\/schema.org","@graph":[{"@type":"WebPage","@id":"https:\/\/www.legislapp.com.br\/index.php\/cam-legislativa-de-mg-pl-4127-2025-2\/","url":"https:\/\/www.legislapp.com.br\/index.php\/cam-legislativa-de-mg-pl-4127-2025-2\/","name":"PL 4127\/2025 - Deputados - Legislapp","isPartOf":{"@id":"https:\/\/www.legislapp.com.br\/#website"},"primaryImageOfPage":{"@id":"https:\/\/www.legislapp.com.br\/index.php\/cam-legislativa-de-mg-pl-4127-2025-2\/#primaryimage"},"image":{"@id":"https:\/\/www.legislapp.com.br\/index.php\/cam-legislativa-de-mg-pl-4127-2025-2\/#primaryimage"},"thumbnailUrl":"https:\/\/www.legislapp.com.br\/wp-content\/uploads\/google-play.png","datePublished":"2025-10-08T14:41:41+00:00","breadcrumb":{"@id":"https:\/\/www.legislapp.com.br\/index.php\/cam-legislativa-de-mg-pl-4127-2025-2\/#breadcrumb"},"inLanguage":"pt-BR","potentialAction":[{"@type":"ReadAction","target":["https:\/\/www.legislapp.com.br\/index.php\/cam-legislativa-de-mg-pl-4127-2025-2\/"]}]},{"@type":"ImageObject","inLanguage":"pt-BR","@id":"https:\/\/www.legislapp.com.br\/index.php\/cam-legislativa-de-mg-pl-4127-2025-2\/#primaryimage","url":"https:\/\/www.legislapp.com.br\/wp-content\/uploads\/google-play.png","contentUrl":"https:\/\/www.legislapp.com.br\/wp-content\/uploads\/google-play.png","width":564,"height":168},{"@type":"BreadcrumbList","@id":"https:\/\/www.legislapp.com.br\/index.php\/cam-legislativa-de-mg-pl-4127-2025-2\/#breadcrumb","itemListElement":[{"@type":"ListItem","position":1,"name":"In\u00edcio","item":"https:\/\/www.legislapp.com.br\/"},{"@type":"ListItem","position":2,"name":"PL 4127\/2025 &#8211; Deputados"}]},{"@type":"WebSite","@id":"https:\/\/www.legislapp.com.br\/#website","url":"https:\/\/www.legislapp.com.br\/","name":"Legislapp","description":"Intelig\u00eancia governamental em tempo real","publisher":{"@id":"https:\/\/www.legislapp.com.br\/#organization"},"potentialAction":[{"@type":"SearchAction","target":{"@type":"EntryPoint","urlTemplate":"https:\/\/www.legislapp.com.br\/?s={search_term_string}"},"query-input":{"@type":"PropertyValueSpecification","valueRequired":true,"valueName":"search_term_string"}}],"inLanguage":"pt-BR"},{"@type":"Organization","@id":"https:\/\/www.legislapp.com.br\/#organization","name":"Legislapp Monitoramento e Intelig\u00eancia Governamental","url":"https:\/\/www.legislapp.com.br\/","logo":{"@type":"ImageObject","inLanguage":"pt-BR","@id":"https:\/\/www.legislapp.com.br\/#\/schema\/logo\/image\/","url":"https:\/\/www.legislapp.com.br\/wp-content\/uploads\/icon.png","contentUrl":"https:\/\/www.legislapp.com.br\/wp-content\/uploads\/icon.png","width":1024,"height":1024,"caption":"Legislapp Monitoramento e Intelig\u00eancia Governamental"},"image":{"@id":"https:\/\/www.legislapp.com.br\/#\/schema\/logo\/image\/"},"sameAs":["https:\/\/www.instagram.com\/legislapp\/"]}]}},"_links":{"self":[{"href":"https:\/\/www.legislapp.com.br\/index.php\/wp-json\/wp\/v2\/pages\/8571","targetHints":{"allow":["GET"]}}],"collection":[{"href":"https:\/\/www.legislapp.com.br\/index.php\/wp-json\/wp\/v2\/pages"}],"about":[{"href":"https:\/\/www.legislapp.com.br\/index.php\/wp-json\/wp\/v2\/types\/page"}],"author":[{"embeddable":true,"href":"https:\/\/www.legislapp.com.br\/index.php\/wp-json\/wp\/v2\/users\/1"}],"replies":[{"embeddable":true,"href":"https:\/\/www.legislapp.com.br\/index.php\/wp-json\/wp\/v2\/comments?post=8571"}],"version-history":[{"count":0,"href":"https:\/\/www.legislapp.com.br\/index.php\/wp-json\/wp\/v2\/pages\/8571\/revisions"}],"wp:attachment":[{"href":"https:\/\/www.legislapp.com.br\/index.php\/wp-json\/wp\/v2\/media?parent=8571"}],"curies":[{"name":"wp","href":"https:\/\/api.w.org\/{rel}","templated":true}]}}