{"id":8593,"date":"2025-10-08T11:42:59","date_gmt":"2025-10-08T14:42:59","guid":{"rendered":"https:\/\/www.legislapp.com.br\/index.php\/cam-legislativa-de-pe-pl-3089-2025-2\/"},"modified":"2025-10-08T11:42:59","modified_gmt":"2025-10-08T14:42:59","slug":"cam-legislativa-de-pe-pl-3089-2025-2","status":"publish","type":"page","link":"https:\/\/www.legislapp.com.br\/index.php\/cam-legislativa-de-pe-pl-3089-2025-2\/","title":{"rendered":"PL 3089\/2025 &#8211; RAQUEL TEIXEIRA LYRA LUCENA"},"content":{"rendered":"<h1 style='text-align: center;'>C\u00e2m. Legislativa de PE &#8211; Autoria de RAQUEL TEIXEIRA LYRA LUCENA<\/h3>\n<p><\/p>\n<article style='text-align: center'>MENSAGEM N\u00ba 26\/2025.<\/p>\n<p>Recife, 01 de agosto de 2025.<\/p>\n<p>Senhor Presidente,<\/p>\n<p>Tenho a honra de encaminhar, para aprecia\u00e7\u00e3o dessa Augusta Casa, o Projeto de Lei anexo, que autoriza o Estado de Pernambuco a renovar a cess\u00e3o do direito de uso, com encargos, \u00e0 Empresa Pernambucana de Comunica\u00e7\u00e3o S\/A &#8211; EPC e \u00e0 Associa\u00e7\u00e3o da Imprensa de Pernambuco &#8211; AIP, pelo prazo de 15 (quinze) anos, do bem im\u00f3vel, integrante de seu patrim\u00f4nio, localizado na Avenida Conde da Boa Vista, n\u00ba 1424, Bairro da Boa Vista, Munic\u00edpio do Recife, neste Estado, objeto da Lei n\u00ba 16.143, de 12 de setembro de 2017.<\/p>\n<p>A presente proposi\u00e7\u00e3o tem por finalidade possibilitar a manuten\u00e7\u00e3o do funcionamento da sede da Empresa Pernambuco de Comunica\u00e7\u00e3o S\/A, respons\u00e1vel pela gest\u00e3o da emissora p\u00fablica de televis\u00e3o, como a TV Pernambuco, al\u00e9m de r\u00e1dios p\u00fablicas, como a R\u00e1dio Nacional, e da Associa\u00e7\u00e3o da Imprensa de Pernambuco &#8211; AIP, entidade de utilidade p\u00fablica federal de m\u00faltipla atua\u00e7\u00e3o, respons\u00e1vel pelo Museu da Imprensa de Pernambuco e pela Biblioteca Chaves Martins.<\/p>\n<p>Certa da compreens\u00e3o dos membros que comp\u00f5em essa Casa na aprecia\u00e7\u00e3o da mat\u00e9ria que ora submeto \u00e0 sua considera\u00e7\u00e3o, solicito a observ\u00e2ncia do regime de urg\u00eancia de que trata o art. 21 da Constitui\u00e7\u00e3o Estadual, na tramita\u00e7\u00e3o do anexo Projeto de Lei.<\/p>\n<p>Valho-me do ensejo para renovar a Vossa Excel\u00eancia e aos seus dignos Pares protestos de elevado apre\u00e7o e considera\u00e7\u00e3o.<\/p>\n<p>RAQUEL TEIXEIRA LYRA LUCENA<br \/>\nGovernadora do Estado<\/p>\n<p>Excelent\u00edssimo Senhor<br \/>\nDeputado \u00c1LVARO PORTO DE BARROS<br \/>\nDD. Presidente da Assembleia Legislativa do Estado de Pernambuco<br \/>\nNESTA<\/article>\n<p><\/p>\n<p style='text-align: center'><a href='https:\/\/app.legislapp.com.br\/#\/busca?termo='><\/a><\/p>\n<p><\/p>\n<article>\u00a0\u00a0\u00a0\u00a0\u00a0Art. 1\u00ba Fica o Estado de Pernambuco autorizado a renovar a cess\u00e3o do direito de uso, com encargos, \u00e0 Empresa Pernambucana de Comunica\u00e7\u00e3o S\/A &#8211; EPC, inscrita no CNPJ sob o n\u00ba 17.659.736\/0001-79, e \u00e0 Associa\u00e7\u00e3o da Imprensa de Pernambuco &#8211; AIP, inscrita no CNPJ sob o n\u00ba 10.790.129\/0001-02, pelo prazo de 15 (quinze) anos, do bem im\u00f3vel integrante do seu patrim\u00f4nio, localizado na Avenida Conde da Boa Vista, n\u00ba 1424, Bairro da Boa Vista, Munic\u00edpio do Recife, neste Estado, objeto da Lei n\u00ba 16.143, de 12 de setembro de 2017, conforme segue:,\u00a0<\/p>\n<p>\u00a0\u00a0\u00a0\u00a0\u00a0I &#8211; \u00e1rea I: 611,94 m\u00b2, em favor da Empresa Pernambuco de Comunica\u00e7\u00e3o S\/A &#8211; EPC;<\/p>\n<p>\u00a0\u00a0\u00a0\u00a0\u00a0II &#8211; \u00e1rea II: 788,23 m\u00b2, em favor da Associa\u00e7\u00e3o da Imprensa de Pernambuco &#8211; AIP; e<\/p>\n<p>\u00a0\u00a0\u00a0\u00a0\u00a0III &#8211; \u00e1rea III: 2.131,85 m\u00b2, \u00e1rea de uso comum.<\/p>\n<p>\u00a0\u00a0\u00a0\u00a0\u00a0Par\u00e1grafo \u00fanico. A renova\u00e7\u00e3o da cess\u00e3o do direito de uso de que trata o caput ser\u00e1 formalizada mediante termo de cess\u00e3o de uso, do qual constar\u00e3o as condi\u00e7\u00f5es e obriga\u00e7\u00f5es pactuadas.<\/p>\n<p>\u00a0\u00a0\u00a0\u00a0\u00a0Art. 2\u00ba A renova\u00e7\u00e3o da cess\u00e3o do direito de uso ter\u00e1 os seguintes encargos correspondentes a cada uma das \u00e1reas especificadas no art. 1\u00ba:<\/p>\n<p>\u00a0\u00a0\u00a0\u00a0\u00a0I &#8211; \u00e1rea I: destinada ao funcionamento da sede da Empresa Pernambuco de Comunica\u00e7\u00e3o S\/A &#8211; EPC, que se responsabiliza pela manuten\u00e7\u00e3o geral preventiva e corretiva e pela reforma do im\u00f3vel;<\/p>\n<p>\u00a0\u00a0\u00a0\u00a0\u00a0II &#8211; \u00e1rea II: destinada ao funcionamento da sede administrativa da Associa\u00e7\u00e3o da Imprensa de Pernambuco-AIP, da Biblioteca Chaves Martins e do Museu da Imprensa, que se responsabiliza pela manuten\u00e7\u00e3o geral preventiva e corretiva e pela reforma do im\u00f3vel; e<\/p>\n<p>\u00a0\u00a0\u00a0\u00a0\u00a0III &#8211; \u00e1rea III: destinada \u00e0 \u00e1rea comum entre os cond\u00f4minos que se responsabilizam, mediante acordo condominial, pela manuten\u00e7\u00e3o geral preventiva e corretiva e pela reforma do im\u00f3vel.<\/p>\n<p>\u00a0\u00a0\u00a0\u00a0\u00a0Par\u00e1grafo \u00fanico. Faculta-se a previs\u00e3o de outros encargos a serem inclu\u00eddos no termo de cess\u00e3o de uso, desde que vinculados \u00e0s finalidades previstas nesta Lei.<\/p>\n<p>\u00a0\u00a0\u00a0\u00a0\u00a0Art. 3\u00ba O im\u00f3vel objeto da renova\u00e7\u00e3o da cess\u00e3o do direito de uso deve destinar-se, exclusivamente, aos fins previsto no art. 2\u00ba, obrigando-se os cession\u00e1rios a mant\u00ea-lo em bom estado de conserva\u00e7\u00e3o e de uso, sob pena de extin\u00e7\u00e3o antecipada do termo de cess\u00e3o, respondendo por perdas e danos.<\/p>\n<p>\u00a0\u00a0\u00a0\u00a0\u00a0Art. 4\u00ba Findo o per\u00edodo de vig\u00eancia da cess\u00e3o, a respectiva renova\u00e7\u00e3o depender\u00e1 de lei espec\u00edfica, a teor do que disp\u00f5e o \u00a7 2\u00ba do art. 4\u00ba da Constitui\u00e7\u00e3o Estadual.<\/p>\n<p>\u00a0\u00a0\u00a0\u00a0\u00a0Art. 5\u00ba Esta Lei entra em vigor na data de sua publica\u00e7\u00e3o, retroagindo seus efeitos a 31 de outubro de 2022.<\/article>\n<div style=\"text-align: center\">\n<div style=\"margin-bottom: 20px;\" class=\"et_pb_button_module_wrapper et_pb_button_5_tb_body_wrapper et_pb_button_alignment_center et_pb_module \">\n         <a class=\"et_pb_button et_pb_button_5_tb_body et_hover_enabled et_pb_bg_layout_dark\" style=\"width: 50%;background-color: black;\" href=\"https:\/\/app.legislapp.com.br\" target=\"_blank\" rel=\"noopener\">Visualizar completo na nossa plataforma (30 dias gr\u00e1tis)<\/a><\/p><\/div>\n<p>      <a href=\"https:\/\/play.google.com\/store\/apps\/details?id=br.com.legislapp\"><img decoding=\"async\" style=\"width: 15%; min-width: 130px;\" src=\"https:\/\/www.legislapp.com.br\/wp-content\/uploads\/google-play.png\"><\/a><br \/>\n      <a href=\"https:\/\/apps.apple.com\/us\/app\/legislapp\/id1568929859\"><img decoding=\"async\" style=\"width: 15%; min-width: 130px\" src=\"https:\/\/www.legislapp.com.br\/wp-content\/uploads\/apple-store.png\"><\/a>\n   <\/div>\n","protected":false},"excerpt":{"rendered":"<p>C\u00e2m. Legislativa de PE &#8211; Autoria de RAQUEL TEIXEIRA LYRA LUCENA MENSAGEM N\u00ba 26\/2025. Recife, 01 de agosto de 2025. Senhor Presidente, Tenho a honra de encaminhar, para aprecia\u00e7\u00e3o dessa Augusta Casa, o Projeto de Lei anexo, que autoriza o Estado de Pernambuco a renovar a cess\u00e3o do direito de uso, com encargos, \u00e0 Empresa [&hellip;]<\/p>\n","protected":false},"author":1,"featured_media":0,"parent":0,"menu_order":0,"comment_status":"closed","ping_status":"closed","template":"page-template-blank.php","meta":{"_et_pb_use_builder":"","_et_pb_old_content":"","_et_gb_content_width":"1080","ngg_post_thumbnail":0,"footnotes":""},"class_list":["post-8593","page","type-page","status-publish","hentry"],"yoast_head":"<!-- This site is optimized with the Yoast SEO plugin v24.4 - https:\/\/yoast.com\/wordpress\/plugins\/seo\/ -->\n<title>PL 3089\/2025 - RAQUEL TEIXEIRA LYRA LUCENA - Legislapp<\/title>\n<meta name=\"robots\" content=\"index, follow, max-snippet:-1, max-image-preview:large, max-video-preview:-1\" \/>\n<link rel=\"canonical\" href=\"https:\/\/www.legislapp.com.br\/index.php\/cam-legislativa-de-pe-pl-3089-2025-2\/\" \/>\n<meta property=\"og:locale\" content=\"pt_BR\" \/>\n<meta property=\"og:type\" content=\"article\" \/>\n<meta property=\"og:title\" content=\"PL 3089\/2025 - RAQUEL TEIXEIRA LYRA LUCENA - Legislapp\" \/>\n<meta property=\"og:description\" content=\"C\u00e2m. Legislativa de PE &#8211; Autoria de RAQUEL TEIXEIRA LYRA LUCENA MENSAGEM N\u00ba 26\/2025. Recife, 01 de agosto de 2025. Senhor Presidente, Tenho a honra de encaminhar, para aprecia\u00e7\u00e3o dessa Augusta Casa, o Projeto de Lei anexo, que autoriza o Estado de Pernambuco a renovar a cess\u00e3o do direito de uso, com encargos, \u00e0 Empresa [&hellip;]\" \/>\n<meta property=\"og:url\" content=\"https:\/\/www.legislapp.com.br\/index.php\/cam-legislativa-de-pe-pl-3089-2025-2\/\" \/>\n<meta property=\"og:site_name\" content=\"Legislapp\" \/>\n<meta property=\"article:publisher\" content=\"https:\/\/www.instagram.com\/legislapp\/\" \/>\n<meta property=\"og:image\" content=\"https:\/\/www.legislapp.com.br\/wp-content\/uploads\/google-play.png\" \/>\n<meta name=\"twitter:card\" content=\"summary_large_image\" \/>\n<meta name=\"twitter:label1\" content=\"Est. tempo de leitura\" \/>\n\t<meta name=\"twitter:data1\" content=\"4 minutos\" \/>\n<script type=\"application\/ld+json\" class=\"yoast-schema-graph\">{\"@context\":\"https:\/\/schema.org\",\"@graph\":[{\"@type\":\"WebPage\",\"@id\":\"https:\/\/www.legislapp.com.br\/index.php\/cam-legislativa-de-pe-pl-3089-2025-2\/\",\"url\":\"https:\/\/www.legislapp.com.br\/index.php\/cam-legislativa-de-pe-pl-3089-2025-2\/\",\"name\":\"PL 3089\/2025 - RAQUEL TEIXEIRA LYRA LUCENA - Legislapp\",\"isPartOf\":{\"@id\":\"https:\/\/www.legislapp.com.br\/#website\"},\"primaryImageOfPage\":{\"@id\":\"https:\/\/www.legislapp.com.br\/index.php\/cam-legislativa-de-pe-pl-3089-2025-2\/#primaryimage\"},\"image\":{\"@id\":\"https:\/\/www.legislapp.com.br\/index.php\/cam-legislativa-de-pe-pl-3089-2025-2\/#primaryimage\"},\"thumbnailUrl\":\"https:\/\/www.legislapp.com.br\/wp-content\/uploads\/google-play.png\",\"datePublished\":\"2025-10-08T14:42:59+00:00\",\"breadcrumb\":{\"@id\":\"https:\/\/www.legislapp.com.br\/index.php\/cam-legislativa-de-pe-pl-3089-2025-2\/#breadcrumb\"},\"inLanguage\":\"pt-BR\",\"potentialAction\":[{\"@type\":\"ReadAction\",\"target\":[\"https:\/\/www.legislapp.com.br\/index.php\/cam-legislativa-de-pe-pl-3089-2025-2\/\"]}]},{\"@type\":\"ImageObject\",\"inLanguage\":\"pt-BR\",\"@id\":\"https:\/\/www.legislapp.com.br\/index.php\/cam-legislativa-de-pe-pl-3089-2025-2\/#primaryimage\",\"url\":\"https:\/\/www.legislapp.com.br\/wp-content\/uploads\/google-play.png\",\"contentUrl\":\"https:\/\/www.legislapp.com.br\/wp-content\/uploads\/google-play.png\",\"width\":564,\"height\":168},{\"@type\":\"BreadcrumbList\",\"@id\":\"https:\/\/www.legislapp.com.br\/index.php\/cam-legislativa-de-pe-pl-3089-2025-2\/#breadcrumb\",\"itemListElement\":[{\"@type\":\"ListItem\",\"position\":1,\"name\":\"In\u00edcio\",\"item\":\"https:\/\/www.legislapp.com.br\/\"},{\"@type\":\"ListItem\",\"position\":2,\"name\":\"PL 3089\/2025 &#8211; RAQUEL TEIXEIRA LYRA LUCENA\"}]},{\"@type\":\"WebSite\",\"@id\":\"https:\/\/www.legislapp.com.br\/#website\",\"url\":\"https:\/\/www.legislapp.com.br\/\",\"name\":\"Legislapp\",\"description\":\"Intelig\u00eancia governamental em tempo real\",\"publisher\":{\"@id\":\"https:\/\/www.legislapp.com.br\/#organization\"},\"potentialAction\":[{\"@type\":\"SearchAction\",\"target\":{\"@type\":\"EntryPoint\",\"urlTemplate\":\"https:\/\/www.legislapp.com.br\/?s={search_term_string}\"},\"query-input\":{\"@type\":\"PropertyValueSpecification\",\"valueRequired\":true,\"valueName\":\"search_term_string\"}}],\"inLanguage\":\"pt-BR\"},{\"@type\":\"Organization\",\"@id\":\"https:\/\/www.legislapp.com.br\/#organization\",\"name\":\"Legislapp Monitoramento e Intelig\u00eancia Governamental\",\"url\":\"https:\/\/www.legislapp.com.br\/\",\"logo\":{\"@type\":\"ImageObject\",\"inLanguage\":\"pt-BR\",\"@id\":\"https:\/\/www.legislapp.com.br\/#\/schema\/logo\/image\/\",\"url\":\"https:\/\/www.legislapp.com.br\/wp-content\/uploads\/icon.png\",\"contentUrl\":\"https:\/\/www.legislapp.com.br\/wp-content\/uploads\/icon.png\",\"width\":1024,\"height\":1024,\"caption\":\"Legislapp Monitoramento e Intelig\u00eancia Governamental\"},\"image\":{\"@id\":\"https:\/\/www.legislapp.com.br\/#\/schema\/logo\/image\/\"},\"sameAs\":[\"https:\/\/www.instagram.com\/legislapp\/\"]}]}<\/script>\n<!-- \/ Yoast SEO plugin. -->","yoast_head_json":{"title":"PL 3089\/2025 - RAQUEL TEIXEIRA LYRA LUCENA - Legislapp","robots":{"index":"index","follow":"follow","max-snippet":"max-snippet:-1","max-image-preview":"max-image-preview:large","max-video-preview":"max-video-preview:-1"},"canonical":"https:\/\/www.legislapp.com.br\/index.php\/cam-legislativa-de-pe-pl-3089-2025-2\/","og_locale":"pt_BR","og_type":"article","og_title":"PL 3089\/2025 - RAQUEL TEIXEIRA LYRA LUCENA - Legislapp","og_description":"C\u00e2m. Legislativa de PE &#8211; Autoria de RAQUEL TEIXEIRA LYRA LUCENA MENSAGEM N\u00ba 26\/2025. Recife, 01 de agosto de 2025. Senhor Presidente, Tenho a honra de encaminhar, para aprecia\u00e7\u00e3o dessa Augusta Casa, o Projeto de Lei anexo, que autoriza o Estado de Pernambuco a renovar a cess\u00e3o do direito de uso, com encargos, \u00e0 Empresa [&hellip;]","og_url":"https:\/\/www.legislapp.com.br\/index.php\/cam-legislativa-de-pe-pl-3089-2025-2\/","og_site_name":"Legislapp","article_publisher":"https:\/\/www.instagram.com\/legislapp\/","og_image":[{"url":"https:\/\/www.legislapp.com.br\/wp-content\/uploads\/google-play.png","type":"","width":"","height":""}],"twitter_card":"summary_large_image","twitter_misc":{"Est. tempo de leitura":"4 minutos"},"schema":{"@context":"https:\/\/schema.org","@graph":[{"@type":"WebPage","@id":"https:\/\/www.legislapp.com.br\/index.php\/cam-legislativa-de-pe-pl-3089-2025-2\/","url":"https:\/\/www.legislapp.com.br\/index.php\/cam-legislativa-de-pe-pl-3089-2025-2\/","name":"PL 3089\/2025 - RAQUEL TEIXEIRA LYRA LUCENA - Legislapp","isPartOf":{"@id":"https:\/\/www.legislapp.com.br\/#website"},"primaryImageOfPage":{"@id":"https:\/\/www.legislapp.com.br\/index.php\/cam-legislativa-de-pe-pl-3089-2025-2\/#primaryimage"},"image":{"@id":"https:\/\/www.legislapp.com.br\/index.php\/cam-legislativa-de-pe-pl-3089-2025-2\/#primaryimage"},"thumbnailUrl":"https:\/\/www.legislapp.com.br\/wp-content\/uploads\/google-play.png","datePublished":"2025-10-08T14:42:59+00:00","breadcrumb":{"@id":"https:\/\/www.legislapp.com.br\/index.php\/cam-legislativa-de-pe-pl-3089-2025-2\/#breadcrumb"},"inLanguage":"pt-BR","potentialAction":[{"@type":"ReadAction","target":["https:\/\/www.legislapp.com.br\/index.php\/cam-legislativa-de-pe-pl-3089-2025-2\/"]}]},{"@type":"ImageObject","inLanguage":"pt-BR","@id":"https:\/\/www.legislapp.com.br\/index.php\/cam-legislativa-de-pe-pl-3089-2025-2\/#primaryimage","url":"https:\/\/www.legislapp.com.br\/wp-content\/uploads\/google-play.png","contentUrl":"https:\/\/www.legislapp.com.br\/wp-content\/uploads\/google-play.png","width":564,"height":168},{"@type":"BreadcrumbList","@id":"https:\/\/www.legislapp.com.br\/index.php\/cam-legislativa-de-pe-pl-3089-2025-2\/#breadcrumb","itemListElement":[{"@type":"ListItem","position":1,"name":"In\u00edcio","item":"https:\/\/www.legislapp.com.br\/"},{"@type":"ListItem","position":2,"name":"PL 3089\/2025 &#8211; RAQUEL TEIXEIRA LYRA LUCENA"}]},{"@type":"WebSite","@id":"https:\/\/www.legislapp.com.br\/#website","url":"https:\/\/www.legislapp.com.br\/","name":"Legislapp","description":"Intelig\u00eancia governamental em tempo real","publisher":{"@id":"https:\/\/www.legislapp.com.br\/#organization"},"potentialAction":[{"@type":"SearchAction","target":{"@type":"EntryPoint","urlTemplate":"https:\/\/www.legislapp.com.br\/?s={search_term_string}"},"query-input":{"@type":"PropertyValueSpecification","valueRequired":true,"valueName":"search_term_string"}}],"inLanguage":"pt-BR"},{"@type":"Organization","@id":"https:\/\/www.legislapp.com.br\/#organization","name":"Legislapp Monitoramento e Intelig\u00eancia Governamental","url":"https:\/\/www.legislapp.com.br\/","logo":{"@type":"ImageObject","inLanguage":"pt-BR","@id":"https:\/\/www.legislapp.com.br\/#\/schema\/logo\/image\/","url":"https:\/\/www.legislapp.com.br\/wp-content\/uploads\/icon.png","contentUrl":"https:\/\/www.legislapp.com.br\/wp-content\/uploads\/icon.png","width":1024,"height":1024,"caption":"Legislapp Monitoramento e Intelig\u00eancia Governamental"},"image":{"@id":"https:\/\/www.legislapp.com.br\/#\/schema\/logo\/image\/"},"sameAs":["https:\/\/www.instagram.com\/legislapp\/"]}]}},"_links":{"self":[{"href":"https:\/\/www.legislapp.com.br\/index.php\/wp-json\/wp\/v2\/pages\/8593","targetHints":{"allow":["GET"]}}],"collection":[{"href":"https:\/\/www.legislapp.com.br\/index.php\/wp-json\/wp\/v2\/pages"}],"about":[{"href":"https:\/\/www.legislapp.com.br\/index.php\/wp-json\/wp\/v2\/types\/page"}],"author":[{"embeddable":true,"href":"https:\/\/www.legislapp.com.br\/index.php\/wp-json\/wp\/v2\/users\/1"}],"replies":[{"embeddable":true,"href":"https:\/\/www.legislapp.com.br\/index.php\/wp-json\/wp\/v2\/comments?post=8593"}],"version-history":[{"count":0,"href":"https:\/\/www.legislapp.com.br\/index.php\/wp-json\/wp\/v2\/pages\/8593\/revisions"}],"wp:attachment":[{"href":"https:\/\/www.legislapp.com.br\/index.php\/wp-json\/wp\/v2\/media?parent=8593"}],"curies":[{"name":"wp","href":"https:\/\/api.w.org\/{rel}","templated":true}]}}