{"id":8603,"date":"2025-10-08T11:43:35","date_gmt":"2025-10-08T14:43:35","guid":{"rendered":"https:\/\/www.legislapp.com.br\/index.php\/cam-legislativa-de-sc-pl-0522-2025-2\/"},"modified":"2025-10-08T11:43:35","modified_gmt":"2025-10-08T14:43:35","slug":"cam-legislativa-de-sc-pl-0522-2025-2","status":"publish","type":"page","link":"https:\/\/www.legislapp.com.br\/index.php\/cam-legislativa-de-sc-pl-0522-2025-2\/","title":{"rendered":"PL.\/0522\/2025 &#8211; Lunelli"},"content":{"rendered":"<h1 style='text-align: center;'>C\u00e2m. Legislativa de SC &#8211; Autoria de Lunelli<\/h3>\n<p><\/p>\n<article style='text-align: center'>Institui a campanha estadual de orienta\u00e7\u00e3o aos idosos contra as fraudes e os golpes no com\u00e9rcio eletr\u00f4nico e na internet.<\/article>\n<p><\/p>\n<p style='text-align: center'><a href='https:\/\/app.legislapp.com.br\/#\/busca?termo='><\/a><\/p>\n<p><\/p>\n<article>\nPROJETO DE LEI  <\/p>\n<p>Institui a campanha estadual de orienta\u00e7\u00e3o aos idosos contra<br \/>\nas fraudes e os golpes no com\u00e9rcio eletr\u00f4nico e na internet.    <\/p>\n<p>Art.1\u00ba Fica institu\u00edda, no \u00e2mbito do Estado de Santa Catarina, a campanha<br \/>\nestadual de orienta\u00e7\u00e3o aos idosos contra as fraudes e os golpes no com\u00e9rcio eletr\u00f4nico e na<br \/>\ninternet.<br \/>\nArt.2\u00ba A campanha estadual de que trata esta Lei, deve ser realizada com<br \/>\nfrequ\u00eancia, e de forma especial, na semana iniciada pelo dia 1\u00ba de outubro de cada ano, em<br \/>\nque se comemora o Dia Nacional do Idoso e o Dia Internacional da Pessoa Idosa. <\/p>\n<p>Par\u00e1grafo \u00fanico.  Para os efeitos desta Lei, considera-se idosa a pessoa com<br \/>\nidade igual ou superior a 60 (sessenta) anos. <\/p>\n<p>Art.3\u00ba A campanha possui, dentre outras, as seguintes frentes:<br \/>\nI &#8211; educativa: com a finalidade de orientar os idosos a utilizar de forma<br \/>\nsegura aparelhos tecnol\u00f3gicos e alertar sobre os riscos inerentes \u00e0 navega\u00e7\u00e3o na internet e \u00e0<br \/>\naquisi\u00e7\u00e3o de bens, produtos e servi\u00e7os por meio do com\u00e9rcio eletr\u00f4nico, por liga\u00e7\u00e3o telef\u00f4nica<br \/>\ne semelhantes;<br \/>\nII &#8211; preventiva: com a finalidade de orientar o p\u00fablico idoso quanto aos<br \/>\nm\u00e9todos aptos a evitar golpes e fraudes no \u00e2mbito do com\u00e9rcio, garantir a seguran\u00e7a do<br \/>\ntr\u00e1fego de dados durante a navega\u00e7\u00e3o na internet, com a divulga\u00e7\u00e3o massiva dos golpes mais<br \/>\npraticados contra idosos;<br \/>\nIII &#8211; resolutiva: com a finalidade de informar os idosos sobre o que deve ser<br \/>\nfeito ap\u00f3s ter sofrido o golpe no com\u00e9rcio eletr\u00f4nico e na internet. <\/p>\n<p>Art.4\u00ba A campanha tem o objetivo de combater:<br \/>\nI &#8211; a viol\u00eancia financeira ou patrimonial efetuada por meio da explora\u00e7\u00e3o<br \/>\nilegal de recursos dos idosos, perpetrada por familiares ou pessoas da comunidade, tais como:<br \/>\na) apropria\u00e7\u00e3o ind\u00e9bita de recursos financeiros ou bens;<br \/>\nb) administra\u00e7\u00e3o fraudulenta de cart\u00e3o de benef\u00edcios previdenci\u00e1rios.<br \/>\nPal\u00e1cio Barriga Verde<br \/>\nRua Jorge Luz Fontes, 310 \u2013 Gabinete 27<br \/>\nCEP 88020-900 \u2013 Florian\u00f3polis \u2013 SC<br \/>\nFone (48) 3221 2695<br \/>\nE-mail: depantidiolunelli@alesc.sc.gov.br  <\/p>\n<p>II &#8211; a viol\u00eancia financeira institucional, entendida como a contrata\u00e7\u00e3o de<br \/>\nempr\u00e9stimos oferecidos por agentes financeiros, sem o consentimento, ou sem pleno<br \/>\nconhecimento, dos idosos quanto \u00e0s regras e consequ\u00eancias dos contratos. <\/p>\n<p>Art. 5\u00ba O Poder Executivo poder\u00e1 escolher livremente os meios e as formas<br \/>\nde divulga\u00e7\u00e3o, publicidade ou veicula\u00e7\u00e3o desta campanha, devendo, preferencialmente:<br \/>\nI &#8211; realizar a divulga\u00e7\u00e3o em locais, espa\u00e7os e canais, inclusive de<br \/>\nradiodifus\u00e3o, utilizados ou frequentados pelo p\u00fablico idoso;<br \/>\nII &#8211; realizar a divulga\u00e7\u00e3o nos espa\u00e7os de atendimento ao p\u00fablico nos \u00f3rg\u00e3os<br \/>\nda Administra\u00e7\u00e3o P\u00fablica Direta e Indireta;<br \/>\nIII &#8211; utilizar materiais e recursos de forma objetiva, clara e de f\u00e1cil<br \/>\ncompreens\u00e3o para o p\u00fablico idoso. <\/p>\n<p>Art.6\u00ba O Poder P\u00fablico poder\u00e1 firmar parcerias com entidades<br \/>\nrepresentativas e empresas privadas interessadas em apoiar campanhas, programas e projetos<br \/>\nque visem \u00e0 orienta\u00e7\u00e3o aos idosos contra as fraudes e os golpes no com\u00e9rcio eletr\u00f4nico e na<br \/>\ninternet.<br \/>\nArt.7\u00ba Esta Lei entra em vigor na data da sua publica\u00e7\u00e3o. <\/p>\n<p>                        Ant\u00eddio Aleixo Lunelli<br \/>\n                          Deputado Estadual  <\/p>\n<p>Pal\u00e1cio Barriga Verde<br \/>\nRua Jorge Luz Fontes, 310 \u2013 Gabinete 27<br \/>\nCEP 88020-900 \u2013 Florian\u00f3polis \u2013 SC<br \/>\nFone (48) 3221 2695<br \/>\nE-mail: depantidiolunelli@alesc.sc.gov.br  <\/p>\n<p>                              JUSTIFICATIVA <\/p>\n<p>Apresento aos nobres Parlamentares iniciativa legislativa de rito ordin\u00e1rio,<br \/>\nmaterializada atrav\u00e9s do Projeto de Lei em tela, que visa instituir no Estado de Santa Catarina<br \/>\na campanha de orienta\u00e7\u00e3o aos idosos contra as fraudes e os golpes no com\u00e9rcio eletr\u00f4nico e<br \/>\nna internet.<br \/>\nO Projeto de Lei pretende, de forma simples, buscar atrav\u00e9s de seu escopo, a<br \/>\nconscientiza\u00e7\u00e3o do p\u00fablico alvo, acerca da import\u00e2ncia, em todo o territ\u00f3rio catarinense, de<br \/>\nlevar orienta\u00e7\u00e3o aos idosos para a utiliza\u00e7\u00e3o de forma segura dos aparelhos tecnol\u00f3gicos,<br \/>\nalertando sobre os poss\u00edveis riscos inerentes \u00e0 navega\u00e7\u00e3o na internet e \u00e0 aquisi\u00e7\u00e3o de bens,<br \/>\nprodutos e servi\u00e7os por meio do com\u00e9rcio eletr\u00f4nico, por liga\u00e7\u00e3o telef\u00f4nica e cong\u00eaneres. <\/p>\n<p>A sugest\u00e3o de uma campanha estruturada a n\u00edvel estadual, nasce como uma<br \/>\nideia de ser mais um instrumento ou vetor, a servi\u00e7o da coletividade, com cunho preventivo e<br \/>\ncom a finalidade de levar conhecimento, instru\u00e7\u00e3o e orienta\u00e7\u00e3o ao p\u00fablico idoso, tanto quanto<br \/>\naos m\u00e9todos atuais aptos a evitar golpes e fraudes no \u00e2mbito do com\u00e9rcio, bem como, garantir<br \/>\na seguran\u00e7a do tr\u00e1fego de dados durante a navega\u00e7\u00e3o na internet, com a divulga\u00e7\u00e3o massiva<br \/>\ndos golpes mais praticados contra idosos, buscando ao fim, garantir uma informa\u00e7\u00e3o segura<br \/>\naos idosos sobre o que deve ser feito e as a\u00e7\u00f5es que devem ser tomadas diante da ocorr\u00eancia<br \/>\nde um golpe no com\u00e9rcio eletr\u00f4nico e na internet. <\/p>\n<p>Entendemos que, com a apresenta\u00e7\u00e3o desta singela iniciativa, poderemos a<br \/>\npartir da orienta\u00e7\u00e3o, dos esclarecimentos e da informa\u00e7\u00e3o segura, trazer engajamento social<br \/>\nem defesa do p\u00fablico alvo em Santa Catarina.  <\/p>\n<p>Que a proposi\u00e7\u00e3o atrav\u00e9s da campanha estadual sugerida em tela, possui o<br \/>\nintuito de promover campanhas de conscientiza\u00e7\u00e3o sobre a import\u00e2ncia da comunica\u00e7\u00e3o<br \/>\ncom cunho preventivo e com a finalidade de levar conhecimento, instru\u00e7\u00e3o e orienta\u00e7\u00e3o ao<br \/>\np\u00fablico idoso.<br \/>\nQue a iniciativa n\u00e3o \u00e9 pioneira, pois, munic\u00edpios catarinenses j\u00e1 adotam<br \/>\nem sua jurisdi\u00e7\u00e3o territorial, atrav\u00e9s de legisla\u00e7\u00e3o espec\u00edfica campanhas e programas<br \/>\ndesta natureza.<br \/>\nPal\u00e1cio Barriga Verde<br \/>\nRua Jorge Luz Fontes, 310 \u2013 Gabinete 27<br \/>\nCEP 88020-900 \u2013 Florian\u00f3polis \u2013 SC<br \/>\nFone (48) 3221 2695<br \/>\nE-mail: depantidiolunelli@alesc.sc.gov.br  <\/p>\n<p>Que a presente proposi\u00e7\u00e3o visa instituir campanha com o intuito de orientar<br \/>\nas pessoas idosas contra fraudes e golpes praticados por terceiros de m\u00e1-f\u00e9 no \u00e2mbito do<br \/>\ncom\u00e9rcio financeiro, eletr\u00f4nico e da internet. Nesse norte, nossa sugest\u00e3o vai ao encontro do<br \/>\nemanado no art.230 da Carta Magna\/88, ao dispor que \u201cA fam\u00edlia, a sociedade e o Estado t\u00eam<br \/>\no dever de amparar as pessoas idosas, assegurando sua participa\u00e7\u00e3o na comunidade,<br \/>\ndefendendo sua dignidade e bem-estar e garantindo-lhes o direito \u00e0 vida.\u201d <\/p>\n<p>Sabe-se que a tecnologia trouxe in\u00fameras mudan\u00e7as de ordem social e<br \/>\necon\u00f4mica, dentre elas, podemos mencionar o expressivo aumento nas transa\u00e7\u00f5es por meio do<br \/>\ncom\u00e9rcio digital e opera\u00e7\u00f5es banc\u00e1rias. Assim, em sua grande maioria, os idosos por n\u00e3o<br \/>\nestarem acostumados com a utiliza\u00e7\u00e3o das plataformas digitais, s\u00e3o reconhecidos como<br \/>\nconsumidores vulner\u00e1veis, tornando-se facilmente v\u00edtimas frequentes de golpes, raz\u00e3o pela<br \/>\nqual a realiza\u00e7\u00e3o de campanhas para conscientiza\u00e7\u00e3o dos idosos e familiares contra as fraudes<br \/>\ne golpes praticados por terceiros de m\u00e1-f\u00e9, surge como medida por demais interessante para<br \/>\nsalvaguardar este p\u00fablico vulner\u00e1vel. <\/p>\n<p>No que diz respeito \u00e0s previs\u00f5es legais relacionadas ao tema, cita-se ainda<br \/>\nas dispostas na Lei Federal n\u00ba 10.741, de 1\u00ba de outubro de 2003, que disp\u00f5e sobre o Estatuto<br \/>\ndo Idoso, que garante a prioridade de prefer\u00eancia na formula\u00e7\u00e3o e execu\u00e7\u00e3o de pol\u00edticas<br \/>\nsociais p\u00fablicas espec\u00edficas, bem como estabelece que nenhuma pessoa idosa ser\u00e1 objeto de<br \/>\nviol\u00eancia ou opress\u00e3o. <\/p>\n<p>Por derradeiro, resta pac\u00edfico e evidente que, por todos estes motivos<br \/>\nelencados, o Estado de Santa Catarina que prima pela ordem p\u00fablica, contar\u00e1 com uma nova<br \/>\nlegisla\u00e7\u00e3o, podendo ao fim chancelar a iniciativa em tela, pois ter\u00e1 em suas m\u00e3os mais um<br \/>\ninstrumento de conscientiza\u00e7\u00e3o, de informa\u00e7\u00f5es e de combate \u00e0s fraudes e os golpes no<br \/>\ncom\u00e9rcio eletr\u00f4nico e na internet perpetrados em desfavor dos idosos.   <\/p>\n<p>A mat\u00e9ria em baila, ao nosso ju\u00edzo, se reveste de ineg\u00e1vel relev\u00e2ncia, traduz<br \/>\nintegralmente interesse p\u00fablico, reflete medida em defesa da ordem p\u00fablica, e preza pelo<br \/>\ntratamento digno conferido ao idoso catarinense, enfim, a fam\u00edlia catarinense, motivo maior<br \/>\ndas nossas causas e da nossa constante luta.<br \/>\nPal\u00e1cio Barriga Verde<br \/>\nRua Jorge Luz Fontes, 310 \u2013 Gabinete 27<br \/>\nCEP 88020-900 \u2013 Florian\u00f3polis \u2013 SC<br \/>\nFone (48) 3221 2695<br \/>\nE-mail: depantidiolunelli@alesc.sc.gov.br  <\/p>\n<p>A proposi\u00e7\u00e3o de cunho preventivo servir\u00e1 como um importante instrumento<br \/>\npara auxiliar, orientar e informar os idosos no Estado de Santa Catarina, e que poder\u00e3o dispor<br \/>\nde mais um instrumento de conscientiza\u00e7\u00e3o, de informa\u00e7\u00f5es e de combate \u00e0s fraudes e os<br \/>\ngolpes no com\u00e9rcio eletr\u00f4nico e na internet perpetrados em desfavor dos idosos.   <\/p>\n<p>Ao fim, na convic\u00e7\u00e3o de que a iniciativa est\u00e1 efetivamente alinhada com o<br \/>\ndesejo da sociedade catarinense e do Governo do Estado de Santa Catarina, que preza pela<br \/>\nordem e respeita a legalidade e para que possamos ajudar a frear e inibir golpes, fraudes e<br \/>\ndemais il\u00edcitos contra os idosos e n\u00e3o mais lamentar futuras e lament\u00e1veis ocorr\u00eancias,<br \/>\nesperamos contar com o apoio dos Pares na sua tramita\u00e7\u00e3o e ao final quic\u00e1, a aprova\u00e7\u00e3o do<br \/>\nfeito. <\/p>\n<p>                       Ant\u00eddio Aleixo Lunelli<br \/>\n                           Deputado Estadual<br \/>\nPal\u00e1cio Barriga Verde<br \/>\nRua Jorge Luz Fontes, 310 \u2013 Gabinete 27<br \/>\nCEP 88020-900 \u2013 Florian\u00f3polis \u2013 SC<br \/>\nFone (48) 3221 2695<br \/>\nE-mail: depantidiolunelli@alesc.sc.gov.br<br \/>\n <\/article>\n<div style=\"text-align: center\">\n<div style=\"margin-bottom: 20px;\" class=\"et_pb_button_module_wrapper et_pb_button_5_tb_body_wrapper et_pb_button_alignment_center et_pb_module \">\n         <a class=\"et_pb_button et_pb_button_5_tb_body et_hover_enabled et_pb_bg_layout_dark\" style=\"width: 50%;background-color: black;\" href=\"https:\/\/app.legislapp.com.br\" target=\"_blank\" rel=\"noopener\">Visualizar completo na nossa plataforma (30 dias gr\u00e1tis)<\/a><\/p><\/div>\n<p>      <a href=\"https:\/\/play.google.com\/store\/apps\/details?id=br.com.legislapp\"><img decoding=\"async\" style=\"width: 15%; min-width: 130px;\" src=\"https:\/\/www.legislapp.com.br\/wp-content\/uploads\/google-play.png\"><\/a><br \/>\n      <a href=\"https:\/\/apps.apple.com\/us\/app\/legislapp\/id1568929859\"><img decoding=\"async\" style=\"width: 15%; min-width: 130px\" src=\"https:\/\/www.legislapp.com.br\/wp-content\/uploads\/apple-store.png\"><\/a>\n   <\/div>\n","protected":false},"excerpt":{"rendered":"<p>C\u00e2m. Legislativa de SC &#8211; Autoria de Lunelli Institui a campanha estadual de orienta\u00e7\u00e3o aos idosos contra as fraudes e os golpes no com\u00e9rcio eletr\u00f4nico e na internet. PROJETO DE LEI Institui a campanha estadual de orienta\u00e7\u00e3o aos idosos contra as fraudes e os golpes no com\u00e9rcio eletr\u00f4nico e na internet. Art.1\u00ba Fica institu\u00edda, no [&hellip;]<\/p>\n","protected":false},"author":1,"featured_media":0,"parent":0,"menu_order":0,"comment_status":"closed","ping_status":"closed","template":"page-template-blank.php","meta":{"_et_pb_use_builder":"","_et_pb_old_content":"","_et_gb_content_width":"1080","ngg_post_thumbnail":0,"footnotes":""},"class_list":["post-8603","page","type-page","status-publish","hentry"],"yoast_head":"<!-- This site is optimized with the Yoast SEO plugin v24.4 - https:\/\/yoast.com\/wordpress\/plugins\/seo\/ -->\n<title>PL.\/0522\/2025 - Lunelli - Legislapp<\/title>\n<meta name=\"robots\" content=\"index, follow, max-snippet:-1, max-image-preview:large, max-video-preview:-1\" \/>\n<link rel=\"canonical\" href=\"https:\/\/www.legislapp.com.br\/index.php\/cam-legislativa-de-sc-pl-0522-2025-2\/\" \/>\n<meta property=\"og:locale\" content=\"pt_BR\" \/>\n<meta property=\"og:type\" content=\"article\" \/>\n<meta property=\"og:title\" content=\"PL.\/0522\/2025 - Lunelli - Legislapp\" \/>\n<meta property=\"og:description\" content=\"C\u00e2m. Legislativa de SC &#8211; Autoria de Lunelli Institui a campanha estadual de orienta\u00e7\u00e3o aos idosos contra as fraudes e os golpes no com\u00e9rcio eletr\u00f4nico e na internet. PROJETO DE LEI Institui a campanha estadual de orienta\u00e7\u00e3o aos idosos contra as fraudes e os golpes no com\u00e9rcio eletr\u00f4nico e na internet. Art.1\u00ba Fica institu\u00edda, no [&hellip;]\" \/>\n<meta property=\"og:url\" content=\"https:\/\/www.legislapp.com.br\/index.php\/cam-legislativa-de-sc-pl-0522-2025-2\/\" \/>\n<meta property=\"og:site_name\" content=\"Legislapp\" \/>\n<meta property=\"article:publisher\" content=\"https:\/\/www.instagram.com\/legislapp\/\" \/>\n<meta property=\"og:image\" content=\"https:\/\/www.legislapp.com.br\/wp-content\/uploads\/google-play.png\" \/>\n<meta name=\"twitter:card\" content=\"summary_large_image\" \/>\n<meta name=\"twitter:label1\" content=\"Est. tempo de leitura\" \/>\n\t<meta name=\"twitter:data1\" content=\"8 minutos\" \/>\n<script type=\"application\/ld+json\" class=\"yoast-schema-graph\">{\"@context\":\"https:\/\/schema.org\",\"@graph\":[{\"@type\":\"WebPage\",\"@id\":\"https:\/\/www.legislapp.com.br\/index.php\/cam-legislativa-de-sc-pl-0522-2025-2\/\",\"url\":\"https:\/\/www.legislapp.com.br\/index.php\/cam-legislativa-de-sc-pl-0522-2025-2\/\",\"name\":\"PL.\/0522\/2025 - Lunelli - Legislapp\",\"isPartOf\":{\"@id\":\"https:\/\/www.legislapp.com.br\/#website\"},\"primaryImageOfPage\":{\"@id\":\"https:\/\/www.legislapp.com.br\/index.php\/cam-legislativa-de-sc-pl-0522-2025-2\/#primaryimage\"},\"image\":{\"@id\":\"https:\/\/www.legislapp.com.br\/index.php\/cam-legislativa-de-sc-pl-0522-2025-2\/#primaryimage\"},\"thumbnailUrl\":\"https:\/\/www.legislapp.com.br\/wp-content\/uploads\/google-play.png\",\"datePublished\":\"2025-10-08T14:43:35+00:00\",\"breadcrumb\":{\"@id\":\"https:\/\/www.legislapp.com.br\/index.php\/cam-legislativa-de-sc-pl-0522-2025-2\/#breadcrumb\"},\"inLanguage\":\"pt-BR\",\"potentialAction\":[{\"@type\":\"ReadAction\",\"target\":[\"https:\/\/www.legislapp.com.br\/index.php\/cam-legislativa-de-sc-pl-0522-2025-2\/\"]}]},{\"@type\":\"ImageObject\",\"inLanguage\":\"pt-BR\",\"@id\":\"https:\/\/www.legislapp.com.br\/index.php\/cam-legislativa-de-sc-pl-0522-2025-2\/#primaryimage\",\"url\":\"https:\/\/www.legislapp.com.br\/wp-content\/uploads\/google-play.png\",\"contentUrl\":\"https:\/\/www.legislapp.com.br\/wp-content\/uploads\/google-play.png\",\"width\":564,\"height\":168},{\"@type\":\"BreadcrumbList\",\"@id\":\"https:\/\/www.legislapp.com.br\/index.php\/cam-legislativa-de-sc-pl-0522-2025-2\/#breadcrumb\",\"itemListElement\":[{\"@type\":\"ListItem\",\"position\":1,\"name\":\"In\u00edcio\",\"item\":\"https:\/\/www.legislapp.com.br\/\"},{\"@type\":\"ListItem\",\"position\":2,\"name\":\"PL.\/0522\/2025 &#8211; Lunelli\"}]},{\"@type\":\"WebSite\",\"@id\":\"https:\/\/www.legislapp.com.br\/#website\",\"url\":\"https:\/\/www.legislapp.com.br\/\",\"name\":\"Legislapp\",\"description\":\"Intelig\u00eancia governamental em tempo real\",\"publisher\":{\"@id\":\"https:\/\/www.legislapp.com.br\/#organization\"},\"potentialAction\":[{\"@type\":\"SearchAction\",\"target\":{\"@type\":\"EntryPoint\",\"urlTemplate\":\"https:\/\/www.legislapp.com.br\/?s={search_term_string}\"},\"query-input\":{\"@type\":\"PropertyValueSpecification\",\"valueRequired\":true,\"valueName\":\"search_term_string\"}}],\"inLanguage\":\"pt-BR\"},{\"@type\":\"Organization\",\"@id\":\"https:\/\/www.legislapp.com.br\/#organization\",\"name\":\"Legislapp Monitoramento e Intelig\u00eancia Governamental\",\"url\":\"https:\/\/www.legislapp.com.br\/\",\"logo\":{\"@type\":\"ImageObject\",\"inLanguage\":\"pt-BR\",\"@id\":\"https:\/\/www.legislapp.com.br\/#\/schema\/logo\/image\/\",\"url\":\"https:\/\/www.legislapp.com.br\/wp-content\/uploads\/icon.png\",\"contentUrl\":\"https:\/\/www.legislapp.com.br\/wp-content\/uploads\/icon.png\",\"width\":1024,\"height\":1024,\"caption\":\"Legislapp Monitoramento e Intelig\u00eancia Governamental\"},\"image\":{\"@id\":\"https:\/\/www.legislapp.com.br\/#\/schema\/logo\/image\/\"},\"sameAs\":[\"https:\/\/www.instagram.com\/legislapp\/\"]}]}<\/script>\n<!-- \/ Yoast SEO plugin. -->","yoast_head_json":{"title":"PL.\/0522\/2025 - Lunelli - Legislapp","robots":{"index":"index","follow":"follow","max-snippet":"max-snippet:-1","max-image-preview":"max-image-preview:large","max-video-preview":"max-video-preview:-1"},"canonical":"https:\/\/www.legislapp.com.br\/index.php\/cam-legislativa-de-sc-pl-0522-2025-2\/","og_locale":"pt_BR","og_type":"article","og_title":"PL.\/0522\/2025 - Lunelli - Legislapp","og_description":"C\u00e2m. Legislativa de SC &#8211; Autoria de Lunelli Institui a campanha estadual de orienta\u00e7\u00e3o aos idosos contra as fraudes e os golpes no com\u00e9rcio eletr\u00f4nico e na internet. PROJETO DE LEI Institui a campanha estadual de orienta\u00e7\u00e3o aos idosos contra as fraudes e os golpes no com\u00e9rcio eletr\u00f4nico e na internet. Art.1\u00ba Fica institu\u00edda, no [&hellip;]","og_url":"https:\/\/www.legislapp.com.br\/index.php\/cam-legislativa-de-sc-pl-0522-2025-2\/","og_site_name":"Legislapp","article_publisher":"https:\/\/www.instagram.com\/legislapp\/","og_image":[{"url":"https:\/\/www.legislapp.com.br\/wp-content\/uploads\/google-play.png","type":"","width":"","height":""}],"twitter_card":"summary_large_image","twitter_misc":{"Est. tempo de leitura":"8 minutos"},"schema":{"@context":"https:\/\/schema.org","@graph":[{"@type":"WebPage","@id":"https:\/\/www.legislapp.com.br\/index.php\/cam-legislativa-de-sc-pl-0522-2025-2\/","url":"https:\/\/www.legislapp.com.br\/index.php\/cam-legislativa-de-sc-pl-0522-2025-2\/","name":"PL.\/0522\/2025 - Lunelli - Legislapp","isPartOf":{"@id":"https:\/\/www.legislapp.com.br\/#website"},"primaryImageOfPage":{"@id":"https:\/\/www.legislapp.com.br\/index.php\/cam-legislativa-de-sc-pl-0522-2025-2\/#primaryimage"},"image":{"@id":"https:\/\/www.legislapp.com.br\/index.php\/cam-legislativa-de-sc-pl-0522-2025-2\/#primaryimage"},"thumbnailUrl":"https:\/\/www.legislapp.com.br\/wp-content\/uploads\/google-play.png","datePublished":"2025-10-08T14:43:35+00:00","breadcrumb":{"@id":"https:\/\/www.legislapp.com.br\/index.php\/cam-legislativa-de-sc-pl-0522-2025-2\/#breadcrumb"},"inLanguage":"pt-BR","potentialAction":[{"@type":"ReadAction","target":["https:\/\/www.legislapp.com.br\/index.php\/cam-legislativa-de-sc-pl-0522-2025-2\/"]}]},{"@type":"ImageObject","inLanguage":"pt-BR","@id":"https:\/\/www.legislapp.com.br\/index.php\/cam-legislativa-de-sc-pl-0522-2025-2\/#primaryimage","url":"https:\/\/www.legislapp.com.br\/wp-content\/uploads\/google-play.png","contentUrl":"https:\/\/www.legislapp.com.br\/wp-content\/uploads\/google-play.png","width":564,"height":168},{"@type":"BreadcrumbList","@id":"https:\/\/www.legislapp.com.br\/index.php\/cam-legislativa-de-sc-pl-0522-2025-2\/#breadcrumb","itemListElement":[{"@type":"ListItem","position":1,"name":"In\u00edcio","item":"https:\/\/www.legislapp.com.br\/"},{"@type":"ListItem","position":2,"name":"PL.\/0522\/2025 &#8211; Lunelli"}]},{"@type":"WebSite","@id":"https:\/\/www.legislapp.com.br\/#website","url":"https:\/\/www.legislapp.com.br\/","name":"Legislapp","description":"Intelig\u00eancia governamental em tempo real","publisher":{"@id":"https:\/\/www.legislapp.com.br\/#organization"},"potentialAction":[{"@type":"SearchAction","target":{"@type":"EntryPoint","urlTemplate":"https:\/\/www.legislapp.com.br\/?s={search_term_string}"},"query-input":{"@type":"PropertyValueSpecification","valueRequired":true,"valueName":"search_term_string"}}],"inLanguage":"pt-BR"},{"@type":"Organization","@id":"https:\/\/www.legislapp.com.br\/#organization","name":"Legislapp Monitoramento e Intelig\u00eancia Governamental","url":"https:\/\/www.legislapp.com.br\/","logo":{"@type":"ImageObject","inLanguage":"pt-BR","@id":"https:\/\/www.legislapp.com.br\/#\/schema\/logo\/image\/","url":"https:\/\/www.legislapp.com.br\/wp-content\/uploads\/icon.png","contentUrl":"https:\/\/www.legislapp.com.br\/wp-content\/uploads\/icon.png","width":1024,"height":1024,"caption":"Legislapp Monitoramento e Intelig\u00eancia Governamental"},"image":{"@id":"https:\/\/www.legislapp.com.br\/#\/schema\/logo\/image\/"},"sameAs":["https:\/\/www.instagram.com\/legislapp\/"]}]}},"_links":{"self":[{"href":"https:\/\/www.legislapp.com.br\/index.php\/wp-json\/wp\/v2\/pages\/8603","targetHints":{"allow":["GET"]}}],"collection":[{"href":"https:\/\/www.legislapp.com.br\/index.php\/wp-json\/wp\/v2\/pages"}],"about":[{"href":"https:\/\/www.legislapp.com.br\/index.php\/wp-json\/wp\/v2\/types\/page"}],"author":[{"embeddable":true,"href":"https:\/\/www.legislapp.com.br\/index.php\/wp-json\/wp\/v2\/users\/1"}],"replies":[{"embeddable":true,"href":"https:\/\/www.legislapp.com.br\/index.php\/wp-json\/wp\/v2\/comments?post=8603"}],"version-history":[{"count":0,"href":"https:\/\/www.legislapp.com.br\/index.php\/wp-json\/wp\/v2\/pages\/8603\/revisions"}],"wp:attachment":[{"href":"https:\/\/www.legislapp.com.br\/index.php\/wp-json\/wp\/v2\/media?parent=8603"}],"curies":[{"name":"wp","href":"https:\/\/api.w.org\/{rel}","templated":true}]}}