{"id":8629,"date":"2025-10-08T11:45:12","date_gmt":"2025-10-08T14:45:12","guid":{"rendered":"https:\/\/www.legislapp.com.br\/index.php\/cam-legislativa-de-sc-pl-0489-2025-2\/"},"modified":"2025-10-08T11:45:12","modified_gmt":"2025-10-08T14:45:12","slug":"cam-legislativa-de-sc-pl-0489-2025-2","status":"publish","type":"page","link":"https:\/\/www.legislapp.com.br\/index.php\/cam-legislativa-de-sc-pl-0489-2025-2\/","title":{"rendered":"PL.\/0489\/2025 &#8211; Napole\u00e3o Bernardes"},"content":{"rendered":"<h1 style='text-align: center;'>C\u00e2m. Legislativa de SC &#8211; Autoria de Napole\u00e3o Bernardes<\/h3>\n<p><\/p>\n<article style='text-align: center'>Veda a nomea\u00e7\u00e3o, para cargos em comiss\u00e3o e fun\u00e7\u00f5es de confian\u00e7a, no \u00e2mbito da Administra\u00e7\u00e3o P\u00fablica Direta, Aut\u00e1rquica e Fundacional do Estado de Santa Catarina, de pessoa condenada por crimes sexuais contra vulner\u00e1vel (pedofilia).<\/article>\n<p><\/p>\n<p style='text-align: center'><a href='https:\/\/app.legislapp.com.br\/#\/busca?termo='><\/a><\/p>\n<p><\/p>\n<article>\nPROJETO DE LEI <\/p>\n<p>Veda a nomea\u00e7\u00e3o, para cargos em comiss\u00e3o e fun\u00e7\u00f5es de<br \/>\nconfian\u00e7a, no \u00e2mbito da Administra\u00e7\u00e3o P\u00fablica Direta,<br \/>\nAut\u00e1rquica e Fundacional do Estado de Santa Catarina, de<br \/>\npessoa condenada por crimes sexuais contra vulner\u00e1vel<br \/>\n(pedofilia). <\/p>\n<p>Art. 1\u00ba Fica vedada a nomea\u00e7\u00e3o, para cargos em comiss\u00e3o e<br \/>\nfun\u00e7\u00f5es de confian\u00e7a, no \u00e2mbito da Administra\u00e7\u00e3o P\u00fablica Direta, Aut\u00e1rquica e Fundacional<br \/>\ndo Estado de Santa Catarina, de pessoa que tenha sido condenada, com tr\u00e2nsito em<br \/>\njulgado, por crimes previstos nos arts. 216-B a 218-C do Decreto-Lei n\u00ba 2.848, de 7 de<br \/>\ndezembro de 1940 \u2013 C\u00f3digo Penal, observados os efeitos da decis\u00e3o proferida no Recurso<br \/>\nExtraordin\u00e1rio n\u00ba 1.282.553 (Tema 1.190 da Repercuss\u00e3o Geral). <\/p>\n<p>Art. 2\u00ba O item 11, da al\u00ednea \u2018b\u2019, do art. 1\u00ba da Lei 15.381, de 17 de<br \/>\ndezembro de 2010, passa a tramitar com a seguinte reda\u00e7\u00e3o: <\/p>\n<p>\u201cArt. 1\u00ba \u2026\u2026\u2026\u2026\u2026\u2026\u2026\u2026\u2026\u2026\u2026\u2026\u2026\u2026\u2026\u2026\u2026\u2026\u2026\u2026\u2026\u2026\u2026\u2026\u2026\u2026 <\/p>\n<p>\u2026\u2026\u2026\u2026\u2026\u2026\u2026\u2026\u2026\u2026\u2026\u2026\u2026\u2026\u2026\u2026\u2026\u2026\u2026\u2026\u2026\u2026\u2026\u2026\u2026\u2026\u2026\u2026\u2026. <\/p>\n<p>b) \u2026\u2026\u2026\u2026\u2026\u2026\u2026\u2026\u2026\u2026\u2026\u2026\u2026\u2026\u2026\u2026\u2026\u2026\u2026\u2026\u2026\u2026\u2026\u2026\u2026\u2026\u2026\u2026. <\/p>\n<p>\u2026\u2026\u2026\u2026\u2026\u2026\u2026\u2026\u2026\u2026\u2026\u2026\u2026\u2026\u2026\u2026\u2026\u2026\u2026\u2026\u2026\u2026\u2026\u2026\u2026\u2026\u2026\u2026\u2026. <\/p>\n<p>11. praticados contra a mulher, a crian\u00e7a, o adolescente e o idoso,<br \/>\nem todas as suas formas, inclusive aqueles cometidos em<br \/>\nambiente virtual, sobretudo aqueles que se referem aos crimes<br \/>\nsexuais contra vulner\u00e1vel, previstos nos termos do cap\u00edtulo II do<br \/>\nDecreto Lei n\u00ba 2.848 de 1940. <\/p>\n<p>Pal\u00e1cio Barriga-Verde<br \/>\nRua Dr. Jorge Luz Fontes, 310 &#8211; Gabinete 035<br \/>\n88020-900 \u2013 Florian\u00f3polis &#8211; SC<br \/>\n(48) 3221.2715<br \/>\ngabinete@napoleaobernardes.com.br<br \/>\nArt. 3\u00ba O art. 5\u00ba da da Lei 15.381, de 17 de dezembro de 2010,<br \/>\npassa a tramitar com a seguinte reda\u00e7\u00e3o: <\/p>\n<p>\u201cArt. 5\u00ba \u201cPara fins de verifica\u00e7\u00e3o do disposto no art. 1\u00ba, o ato de<br \/>\nnomea\u00e7\u00e3o e\/ou gratifica\u00e7\u00e3o, dever\u00e1 ser precedido da<br \/>\napresenta\u00e7\u00e3o pelo benefici\u00e1rio, de certid\u00e3o negativa criminal<br \/>\nemitida pela justi\u00e7a estadual e federal, em prazo n\u00e3o superior a<br \/>\n30 dias\u201d. <\/p>\n<p>Art. 4\u00ba Esta Lei entra em vigor na data de sua publica\u00e7\u00e3o. <\/p>\n<p>Sala das Sess\u00f5es,  <\/p>\n<p>Napole\u00e3o Bernardes<br \/>\nDeputado Estadual <\/p>\n<p>Pal\u00e1cio Barriga-Verde<br \/>\nRua Dr. Jorge Luz Fontes, 310 &#8211; Gabinete 035<br \/>\n88020-900 \u2013 Florian\u00f3polis &#8211; SC<br \/>\n(48) 3221.2715<br \/>\ngabinete@napoleaobernardes.com.br<br \/>\nJUSTIFICA\u00c7\u00c3O <\/p>\n<p>A presente proposi\u00e7\u00e3o visa refor\u00e7ar a moralidade administrativa e a prote\u00e7\u00e3o de direitos<br \/>\nfundamentais ao estabelecer veda\u00e7\u00e3o expressa \u00e0 nomea\u00e7\u00e3o, para cargos comissionados e<br \/>\nfun\u00e7\u00f5es de confian\u00e7a, de pessoas condenadas por crimes sexuais contra vulner\u00e1veis,<br \/>\nconforme previsto nos arts. 216-B a 218-C do C\u00f3digo Penal.<br \/>\nA medida encontra amparo na Constitui\u00e7\u00e3o Federal de 1988, que prev\u00ea, em seu art. 37,<br \/>\ncaput, a moralidade como princ\u00edpio norteador da Administra\u00e7\u00e3o P\u00fablica. Nesse mesmo<br \/>\nsentido, o Supremo Tribunal Federal, ao julgar o Recurso Extraordin\u00e1rio n\u00ba 1.282.553 (Tema<br \/>\n1.190 da Repercuss\u00e3o Geral), reconheceu a constitucionalidade de leis que impe\u00e7am a<br \/>\nnomea\u00e7\u00e3o de pessoas condenadas por determinados crimes, mesmo ap\u00f3s o cumprimento<br \/>\nda pena, desde que os cargos sejam de livre nomea\u00e7\u00e3o e exonera\u00e7\u00e3o. <\/p>\n<p>Por maioria de votos, o Plen\u00e1rio do Supremo Tribunal Federal (STF) decidiu que<br \/>\npessoas condenadas criminalmente que sejam aprovadas em concursos p\u00fablicos<br \/>\npodem ser nomeadas e empossadas, desde que n\u00e3o haja rela\u00e7\u00e3o entre o crime<br \/>\ncometido e a fun\u00e7\u00e3o a ser exercida, nem conflito de hor\u00e1rios entre a jornada de<br \/>\ntrabalho e o regime de cumprimento da pena. O relator do recurso, ministro<br \/>\nAlexandre de Moraes, afirmou que a suspens\u00e3o dos direitos pol\u00edticos em caso de<br \/>\ncondena\u00e7\u00e3o criminal definitiva, enquanto durarem seus efeitos, n\u00e3o restringe o<br \/>\ndireito ao trabalho. O relator ressaltou que a ressocializa\u00e7\u00e3o dos presos no Brasil \u00e9<br \/>\num desafio que s\u00f3 pode ser enfrentado com estudo e trabalho. Por esses<br \/>\nfundamentos, o STF negou provimento ao recurso da FUNAI, confirmando a decis\u00e3o<br \/>\ndo Tribunal Regional Federal da 1\u00aa Regi\u00e3o, que garantiu o direito \u00e0 posse do<br \/>\n1<br \/>\ncandidato aprovado em concurso p\u00fablico .<br \/>\n1<\/p>\n<p>ht t ps: \/ \/ www. st f . j us. br\/ arqui vo\/ cms\/ not i ci aNot i ci aS t f \/ anexo\/ 2RE 1282553I nf ormaosoci edadevF _O DS V 3<br \/>\n_6out 23_17h551. pdf  <\/p>\n<p>Pal\u00e1cio Barriga-Verde<br \/>\nRua Dr. Jorge Luz Fontes, 310 &#8211; Gabinete 035<br \/>\n88020-900 \u2013 Florian\u00f3polis &#8211; SC<br \/>\n(48) 3221.2715<br \/>\ngabinete@napoleaobernardes.com.br<br \/>\nOs crimes sexuais contra vulner\u00e1veis, por sua gravidade e repulsa social, revelam inaptid\u00e3o<br \/>\n\u00e9tica para o exerc\u00edcio de cargos p\u00fablicos que envolvam poder, influ\u00eancia ou rela\u00e7\u00e3o com a<br \/>\ncoletividade. Conforme dados do Anu\u00e1rio Brasileiro de Seguran\u00e7a P\u00fablica (2023), em 2022<br \/>\nforam registrados mais de 74 mil estupros de vulner\u00e1vel no Brasil, dos quais 61% das<br \/>\nv\u00edtimas tinham at\u00e9 13 anos. Em Santa Catarina, o cen\u00e1rio tamb\u00e9m \u00e9 alarmante, com mais<br \/>\nde 2.000 ocorr\u00eancias do tipo apenas naquele ano.<br \/>\nA Administra\u00e7\u00e3o P\u00fablica, enquanto express\u00e3o do Estado, deve resguardar n\u00e3o apenas sua<br \/>\nefici\u00eancia, mas tamb\u00e9m sua credibilidade, pautando-se por padr\u00f5es \u00e9ticos elevados. A<br \/>\nnomea\u00e7\u00e3o de pessoas com hist\u00f3rico de crimes hediondos, especialmente contra crian\u00e7as e<br \/>\nadolescentes, compromete a confian\u00e7a da sociedade nas institui\u00e7\u00f5es e pode colocar em<br \/>\nrisco a integridade de p\u00fablicos vulner\u00e1veis.<br \/>\nAo aprimorar a reda\u00e7\u00e3o da Lei n\u00ba 15.381\/2010, o presente Projeto contribui para que os<br \/>\nfiltros \u00e9ticos e legais na nomea\u00e7\u00e3o de servidores p\u00fablicos estejam alinhados com os<br \/>\navan\u00e7os legislativos e constitucionais em mat\u00e9ria de prote\u00e7\u00e3o dos direitos humanos e<br \/>\npreven\u00e7\u00e3o de crimes sexuais.<br \/>\nDiante do exposto, conclamamos o apoio dos nobres parlamentares para a aprova\u00e7\u00e3o desta<br \/>\nmedida de car\u00e1ter moral e protetivo, que representa um avan\u00e7o na constru\u00e7\u00e3o de uma<br \/>\nadministra\u00e7\u00e3o p\u00fablica segura, \u00e9tica e comprometida com a prote\u00e7\u00e3o das futuras gera\u00e7\u00f5es. <\/p>\n<p>Napole\u00e3o Bernardes<br \/>\nDeputado Estadual <\/p>\n<p>Pal\u00e1cio Barriga-Verde<br \/>\nRua Dr. Jorge Luz Fontes, 310 &#8211; Gabinete 035<br \/>\n88020-900 \u2013 Florian\u00f3polis &#8211; SC<br \/>\n(48) 3221.2715<br \/>\ngabinete@napoleaobernardes.com.br  <\/p>\n<p>Pal\u00e1cio Barriga-Verde<br \/>\nRua Dr. Jorge Luz Fontes, 310 &#8211; Gabinete 035<br \/>\n88020-900 \u2013 Florian\u00f3polis &#8211; SC<br \/>\n(48) 3221.2715<br \/>\ngabinete@napoleaobernardes.com.br <\/article>\n<div style=\"text-align: center\">\n<div style=\"margin-bottom: 20px;\" class=\"et_pb_button_module_wrapper et_pb_button_5_tb_body_wrapper et_pb_button_alignment_center et_pb_module \">\n         <a class=\"et_pb_button et_pb_button_5_tb_body et_hover_enabled et_pb_bg_layout_dark\" style=\"width: 50%;background-color: black;\" href=\"https:\/\/app.legislapp.com.br\" target=\"_blank\" rel=\"noopener\">Visualizar completo na nossa plataforma (30 dias gr\u00e1tis)<\/a><\/p><\/div>\n<p>      <a href=\"https:\/\/play.google.com\/store\/apps\/details?id=br.com.legislapp\"><img decoding=\"async\" style=\"width: 15%; min-width: 130px;\" src=\"https:\/\/www.legislapp.com.br\/wp-content\/uploads\/google-play.png\"><\/a><br \/>\n      <a href=\"https:\/\/apps.apple.com\/us\/app\/legislapp\/id1568929859\"><img decoding=\"async\" style=\"width: 15%; min-width: 130px\" src=\"https:\/\/www.legislapp.com.br\/wp-content\/uploads\/apple-store.png\"><\/a>\n   <\/div>\n","protected":false},"excerpt":{"rendered":"<p>C\u00e2m. Legislativa de SC &#8211; Autoria de Napole\u00e3o Bernardes Veda a nomea\u00e7\u00e3o, para cargos em comiss\u00e3o e fun\u00e7\u00f5es de confian\u00e7a, no \u00e2mbito da Administra\u00e7\u00e3o P\u00fablica Direta, Aut\u00e1rquica e Fundacional do Estado de Santa Catarina, de pessoa condenada por crimes sexuais contra vulner\u00e1vel (pedofilia). PROJETO DE LEI Veda a nomea\u00e7\u00e3o, para cargos em comiss\u00e3o e fun\u00e7\u00f5es [&hellip;]<\/p>\n","protected":false},"author":1,"featured_media":0,"parent":0,"menu_order":0,"comment_status":"closed","ping_status":"closed","template":"page-template-blank.php","meta":{"_et_pb_use_builder":"","_et_pb_old_content":"","_et_gb_content_width":"1080","ngg_post_thumbnail":0,"footnotes":""},"class_list":["post-8629","page","type-page","status-publish","hentry"],"yoast_head":"<!-- This site is optimized with the Yoast SEO plugin v24.4 - https:\/\/yoast.com\/wordpress\/plugins\/seo\/ -->\n<title>PL.\/0489\/2025 - Napole\u00e3o Bernardes - Legislapp<\/title>\n<meta name=\"robots\" content=\"index, follow, max-snippet:-1, max-image-preview:large, max-video-preview:-1\" \/>\n<link rel=\"canonical\" href=\"https:\/\/www.legislapp.com.br\/index.php\/cam-legislativa-de-sc-pl-0489-2025-2\/\" \/>\n<meta property=\"og:locale\" content=\"pt_BR\" \/>\n<meta property=\"og:type\" content=\"article\" \/>\n<meta property=\"og:title\" content=\"PL.\/0489\/2025 - Napole\u00e3o Bernardes - Legislapp\" \/>\n<meta property=\"og:description\" content=\"C\u00e2m. Legislativa de SC &#8211; Autoria de Napole\u00e3o Bernardes Veda a nomea\u00e7\u00e3o, para cargos em comiss\u00e3o e fun\u00e7\u00f5es de confian\u00e7a, no \u00e2mbito da Administra\u00e7\u00e3o P\u00fablica Direta, Aut\u00e1rquica e Fundacional do Estado de Santa Catarina, de pessoa condenada por crimes sexuais contra vulner\u00e1vel (pedofilia). PROJETO DE LEI Veda a nomea\u00e7\u00e3o, para cargos em comiss\u00e3o e fun\u00e7\u00f5es [&hellip;]\" \/>\n<meta property=\"og:url\" content=\"https:\/\/www.legislapp.com.br\/index.php\/cam-legislativa-de-sc-pl-0489-2025-2\/\" \/>\n<meta property=\"og:site_name\" content=\"Legislapp\" \/>\n<meta property=\"article:publisher\" content=\"https:\/\/www.instagram.com\/legislapp\/\" \/>\n<meta property=\"og:image\" content=\"https:\/\/www.legislapp.com.br\/wp-content\/uploads\/google-play.png\" \/>\n<meta name=\"twitter:card\" content=\"summary_large_image\" \/>\n<meta name=\"twitter:label1\" content=\"Est. tempo de leitura\" \/>\n\t<meta name=\"twitter:data1\" content=\"5 minutos\" \/>\n<script type=\"application\/ld+json\" class=\"yoast-schema-graph\">{\"@context\":\"https:\/\/schema.org\",\"@graph\":[{\"@type\":\"WebPage\",\"@id\":\"https:\/\/www.legislapp.com.br\/index.php\/cam-legislativa-de-sc-pl-0489-2025-2\/\",\"url\":\"https:\/\/www.legislapp.com.br\/index.php\/cam-legislativa-de-sc-pl-0489-2025-2\/\",\"name\":\"PL.\/0489\/2025 - Napole\u00e3o Bernardes - Legislapp\",\"isPartOf\":{\"@id\":\"https:\/\/www.legislapp.com.br\/#website\"},\"primaryImageOfPage\":{\"@id\":\"https:\/\/www.legislapp.com.br\/index.php\/cam-legislativa-de-sc-pl-0489-2025-2\/#primaryimage\"},\"image\":{\"@id\":\"https:\/\/www.legislapp.com.br\/index.php\/cam-legislativa-de-sc-pl-0489-2025-2\/#primaryimage\"},\"thumbnailUrl\":\"https:\/\/www.legislapp.com.br\/wp-content\/uploads\/google-play.png\",\"datePublished\":\"2025-10-08T14:45:12+00:00\",\"breadcrumb\":{\"@id\":\"https:\/\/www.legislapp.com.br\/index.php\/cam-legislativa-de-sc-pl-0489-2025-2\/#breadcrumb\"},\"inLanguage\":\"pt-BR\",\"potentialAction\":[{\"@type\":\"ReadAction\",\"target\":[\"https:\/\/www.legislapp.com.br\/index.php\/cam-legislativa-de-sc-pl-0489-2025-2\/\"]}]},{\"@type\":\"ImageObject\",\"inLanguage\":\"pt-BR\",\"@id\":\"https:\/\/www.legislapp.com.br\/index.php\/cam-legislativa-de-sc-pl-0489-2025-2\/#primaryimage\",\"url\":\"https:\/\/www.legislapp.com.br\/wp-content\/uploads\/google-play.png\",\"contentUrl\":\"https:\/\/www.legislapp.com.br\/wp-content\/uploads\/google-play.png\",\"width\":564,\"height\":168},{\"@type\":\"BreadcrumbList\",\"@id\":\"https:\/\/www.legislapp.com.br\/index.php\/cam-legislativa-de-sc-pl-0489-2025-2\/#breadcrumb\",\"itemListElement\":[{\"@type\":\"ListItem\",\"position\":1,\"name\":\"In\u00edcio\",\"item\":\"https:\/\/www.legislapp.com.br\/\"},{\"@type\":\"ListItem\",\"position\":2,\"name\":\"PL.\/0489\/2025 &#8211; Napole\u00e3o Bernardes\"}]},{\"@type\":\"WebSite\",\"@id\":\"https:\/\/www.legislapp.com.br\/#website\",\"url\":\"https:\/\/www.legislapp.com.br\/\",\"name\":\"Legislapp\",\"description\":\"Intelig\u00eancia governamental em tempo real\",\"publisher\":{\"@id\":\"https:\/\/www.legislapp.com.br\/#organization\"},\"potentialAction\":[{\"@type\":\"SearchAction\",\"target\":{\"@type\":\"EntryPoint\",\"urlTemplate\":\"https:\/\/www.legislapp.com.br\/?s={search_term_string}\"},\"query-input\":{\"@type\":\"PropertyValueSpecification\",\"valueRequired\":true,\"valueName\":\"search_term_string\"}}],\"inLanguage\":\"pt-BR\"},{\"@type\":\"Organization\",\"@id\":\"https:\/\/www.legislapp.com.br\/#organization\",\"name\":\"Legislapp Monitoramento e Intelig\u00eancia Governamental\",\"url\":\"https:\/\/www.legislapp.com.br\/\",\"logo\":{\"@type\":\"ImageObject\",\"inLanguage\":\"pt-BR\",\"@id\":\"https:\/\/www.legislapp.com.br\/#\/schema\/logo\/image\/\",\"url\":\"https:\/\/www.legislapp.com.br\/wp-content\/uploads\/icon.png\",\"contentUrl\":\"https:\/\/www.legislapp.com.br\/wp-content\/uploads\/icon.png\",\"width\":1024,\"height\":1024,\"caption\":\"Legislapp Monitoramento e Intelig\u00eancia Governamental\"},\"image\":{\"@id\":\"https:\/\/www.legislapp.com.br\/#\/schema\/logo\/image\/\"},\"sameAs\":[\"https:\/\/www.instagram.com\/legislapp\/\"]}]}<\/script>\n<!-- \/ Yoast SEO plugin. -->","yoast_head_json":{"title":"PL.\/0489\/2025 - Napole\u00e3o Bernardes - Legislapp","robots":{"index":"index","follow":"follow","max-snippet":"max-snippet:-1","max-image-preview":"max-image-preview:large","max-video-preview":"max-video-preview:-1"},"canonical":"https:\/\/www.legislapp.com.br\/index.php\/cam-legislativa-de-sc-pl-0489-2025-2\/","og_locale":"pt_BR","og_type":"article","og_title":"PL.\/0489\/2025 - Napole\u00e3o Bernardes - Legislapp","og_description":"C\u00e2m. Legislativa de SC &#8211; Autoria de Napole\u00e3o Bernardes Veda a nomea\u00e7\u00e3o, para cargos em comiss\u00e3o e fun\u00e7\u00f5es de confian\u00e7a, no \u00e2mbito da Administra\u00e7\u00e3o P\u00fablica Direta, Aut\u00e1rquica e Fundacional do Estado de Santa Catarina, de pessoa condenada por crimes sexuais contra vulner\u00e1vel (pedofilia). PROJETO DE LEI Veda a nomea\u00e7\u00e3o, para cargos em comiss\u00e3o e fun\u00e7\u00f5es [&hellip;]","og_url":"https:\/\/www.legislapp.com.br\/index.php\/cam-legislativa-de-sc-pl-0489-2025-2\/","og_site_name":"Legislapp","article_publisher":"https:\/\/www.instagram.com\/legislapp\/","og_image":[{"url":"https:\/\/www.legislapp.com.br\/wp-content\/uploads\/google-play.png","type":"","width":"","height":""}],"twitter_card":"summary_large_image","twitter_misc":{"Est. tempo de leitura":"5 minutos"},"schema":{"@context":"https:\/\/schema.org","@graph":[{"@type":"WebPage","@id":"https:\/\/www.legislapp.com.br\/index.php\/cam-legislativa-de-sc-pl-0489-2025-2\/","url":"https:\/\/www.legislapp.com.br\/index.php\/cam-legislativa-de-sc-pl-0489-2025-2\/","name":"PL.\/0489\/2025 - Napole\u00e3o Bernardes - Legislapp","isPartOf":{"@id":"https:\/\/www.legislapp.com.br\/#website"},"primaryImageOfPage":{"@id":"https:\/\/www.legislapp.com.br\/index.php\/cam-legislativa-de-sc-pl-0489-2025-2\/#primaryimage"},"image":{"@id":"https:\/\/www.legislapp.com.br\/index.php\/cam-legislativa-de-sc-pl-0489-2025-2\/#primaryimage"},"thumbnailUrl":"https:\/\/www.legislapp.com.br\/wp-content\/uploads\/google-play.png","datePublished":"2025-10-08T14:45:12+00:00","breadcrumb":{"@id":"https:\/\/www.legislapp.com.br\/index.php\/cam-legislativa-de-sc-pl-0489-2025-2\/#breadcrumb"},"inLanguage":"pt-BR","potentialAction":[{"@type":"ReadAction","target":["https:\/\/www.legislapp.com.br\/index.php\/cam-legislativa-de-sc-pl-0489-2025-2\/"]}]},{"@type":"ImageObject","inLanguage":"pt-BR","@id":"https:\/\/www.legislapp.com.br\/index.php\/cam-legislativa-de-sc-pl-0489-2025-2\/#primaryimage","url":"https:\/\/www.legislapp.com.br\/wp-content\/uploads\/google-play.png","contentUrl":"https:\/\/www.legislapp.com.br\/wp-content\/uploads\/google-play.png","width":564,"height":168},{"@type":"BreadcrumbList","@id":"https:\/\/www.legislapp.com.br\/index.php\/cam-legislativa-de-sc-pl-0489-2025-2\/#breadcrumb","itemListElement":[{"@type":"ListItem","position":1,"name":"In\u00edcio","item":"https:\/\/www.legislapp.com.br\/"},{"@type":"ListItem","position":2,"name":"PL.\/0489\/2025 &#8211; Napole\u00e3o Bernardes"}]},{"@type":"WebSite","@id":"https:\/\/www.legislapp.com.br\/#website","url":"https:\/\/www.legislapp.com.br\/","name":"Legislapp","description":"Intelig\u00eancia governamental em tempo real","publisher":{"@id":"https:\/\/www.legislapp.com.br\/#organization"},"potentialAction":[{"@type":"SearchAction","target":{"@type":"EntryPoint","urlTemplate":"https:\/\/www.legislapp.com.br\/?s={search_term_string}"},"query-input":{"@type":"PropertyValueSpecification","valueRequired":true,"valueName":"search_term_string"}}],"inLanguage":"pt-BR"},{"@type":"Organization","@id":"https:\/\/www.legislapp.com.br\/#organization","name":"Legislapp Monitoramento e Intelig\u00eancia Governamental","url":"https:\/\/www.legislapp.com.br\/","logo":{"@type":"ImageObject","inLanguage":"pt-BR","@id":"https:\/\/www.legislapp.com.br\/#\/schema\/logo\/image\/","url":"https:\/\/www.legislapp.com.br\/wp-content\/uploads\/icon.png","contentUrl":"https:\/\/www.legislapp.com.br\/wp-content\/uploads\/icon.png","width":1024,"height":1024,"caption":"Legislapp Monitoramento e Intelig\u00eancia Governamental"},"image":{"@id":"https:\/\/www.legislapp.com.br\/#\/schema\/logo\/image\/"},"sameAs":["https:\/\/www.instagram.com\/legislapp\/"]}]}},"_links":{"self":[{"href":"https:\/\/www.legislapp.com.br\/index.php\/wp-json\/wp\/v2\/pages\/8629","targetHints":{"allow":["GET"]}}],"collection":[{"href":"https:\/\/www.legislapp.com.br\/index.php\/wp-json\/wp\/v2\/pages"}],"about":[{"href":"https:\/\/www.legislapp.com.br\/index.php\/wp-json\/wp\/v2\/types\/page"}],"author":[{"embeddable":true,"href":"https:\/\/www.legislapp.com.br\/index.php\/wp-json\/wp\/v2\/users\/1"}],"replies":[{"embeddable":true,"href":"https:\/\/www.legislapp.com.br\/index.php\/wp-json\/wp\/v2\/comments?post=8629"}],"version-history":[{"count":0,"href":"https:\/\/www.legislapp.com.br\/index.php\/wp-json\/wp\/v2\/pages\/8629\/revisions"}],"wp:attachment":[{"href":"https:\/\/www.legislapp.com.br\/index.php\/wp-json\/wp\/v2\/media?parent=8629"}],"curies":[{"name":"wp","href":"https:\/\/api.w.org\/{rel}","templated":true}]}}