{"id":8643,"date":"2025-10-08T11:46:04","date_gmt":"2025-10-08T14:46:04","guid":{"rendered":"https:\/\/www.legislapp.com.br\/index.php\/cam-legislativa-de-sc-pl-0541-2025-2\/"},"modified":"2025-10-08T11:46:04","modified_gmt":"2025-10-08T14:46:04","slug":"cam-legislativa-de-sc-pl-0541-2025-2","status":"publish","type":"page","link":"https:\/\/www.legislapp.com.br\/index.php\/cam-legislativa-de-sc-pl-0541-2025-2\/","title":{"rendered":"PL.\/0541\/2025 &#8211; Governador do Estado"},"content":{"rendered":"<h1 style='text-align: center;'>C\u00e2m. Legislativa de SC &#8211; Autoria de Governador do Estado<\/h3>\n<p><\/p>\n<article style='text-align: center'>Autoriza a doa\u00e7\u00e3o de im\u00f3veis no Munic\u00edpio de S\u00e3o Francisco do Sul.<\/article>\n<p><\/p>\n<p style='text-align: center'><a href='https:\/\/app.legislapp.com.br\/#\/busca?termo='><\/a><\/p>\n<p><\/p>\n<article>ESTADO DE SANTA CATARINA<br \/>\nGABINETE DO GOVERNADOR  <\/p>\n<p>MENSAGEM N\u00ba 1123 <\/p>\n<p>EXCELENT\u00cdSSIMO SENHOR PRESIDENTE, SENHORAS<br \/>\nDEPUTADAS E SENHORES DEPUTADOS DA ASSEMBLEIA<br \/>\nLEGISLATIVA DO ESTADO <\/p>\n<p>Nos termos do art. 50 da Constitui\u00e7\u00e3o do Estado, submeto \u00e0<br \/>\nelevada delibera\u00e7\u00e3o dessa augusta Casa Legislativa, acompanhado de exposi\u00e7\u00e3o de<br \/>\nmotivos da Secretaria de Estado da Administra\u00e7\u00e3o, o projeto de lei que \u201cAutoriza a doa\u00e7\u00e3o<br \/>\nde im\u00f3veis no Munic\u00edpio de S\u00e3o Francisco do Sul\u201d. <\/p>\n<p>Florian\u00f3polis, 9 de julho de 2025. <\/p>\n<p>JORGINHO MELLO<br \/>\nGovernador do Estado<br \/>\nmsl_PJ_278<br \/>\n232<br \/>\nP\u00e1g. 01 de 01 &#8211; Documento assinado digitalmente. Para confer\u00eancia, acesse o site https:\/\/portal.sgpe.sea.sc.gov.br\/portal-externo e informe o processo SEA 00011376\/2025 e o c\u00f3digo 4B3O1LI3.Assinaturas do documento<\/p>\n<p>C\u00f3digo para verifica\u00e7\u00e3o: 4B3O1LI3<\/p>\n<p>Este documento foi assinado digitalmente pelos seguintes signat\u00e1rios nas datas indicadas:<\/p>\n<p>JORGINHO DOS SANTOS MELLO (CPF: 250.XXX.199-XX) em 09\/07\/2025 \u00e0s 19:30:18<br \/>\nEmitido por: &#8220;SGP-e&#8221;, emitido em 14\/04\/2023 &#8211; 11:54:30 e v\u00e1lido at\u00e9 14\/04\/2123 &#8211; 11:54:30.<br \/>\n(Assinatura do sistema)<\/p>\n<p>Para verificar a autenticidade desta c\u00f3pia, acesse o link https:\/\/portal.sgpe.sea.sc.gov.br\/portal-externo\/conferencia-<br \/>\ndocumento\/U0VBXzcwMDBfMDAwMTEzNzZfMTE2NDNfMjAyNV80QjNPMUxJMw== ou o site<br \/>\nhttps:\/\/portal.sgpe.sea.sc.gov.br\/portal-externo e informe o processo SEA 00011376\/2025 e o c\u00f3digo 4B3O1LI3<br \/>\nou aponte a c\u00e2mera para o QR Code presente nesta p\u00e1gina para realizar a confer\u00eancia.<br \/>\nESTADO DE SANTA CATARINA<br \/>\nSECRETARIA DE ESTADO DA ADMINISTRA\u00c7\u00c3O<br \/>\nDIRETORIA DE GEST\u00c3O PATRIMONIAL<br \/>\nEM n\u00ba 94\/2025\/SEA                                            Florian\u00f3polis, data da assinatura digital<br \/>\nSenhor Governador,<br \/>\nSubmeto \u00e0 aprecia\u00e7\u00e3o de Vossa Excel\u00eancia o Projeto de Lei que autoriza a<br \/>\ndoa\u00e7\u00e3o, ao Munic\u00edpio de S\u00e3o Francisco do Sul, dos im\u00f3veis relacionados abaixo,<br \/>\nmatriculados no 1\u00ba Of\u00edcio do Registro de Im\u00f3veis da Comarca de S\u00e3o Francisco do Sul<br \/>\ne cadastrados no Sistema Integrado de Patrim\u00f4nio, Administra\u00e7\u00e3o e Contratos<br \/>\n(SIPAC) sob o n\u00ba 908:<br \/>\nI &#8211; im\u00f3vel com \u00e1rea de 3.284,25 m\u00b2 (tr\u00eas mil, duzentos e oitenta e quatro metros<br \/>\ne vinte e cinco dec\u00edmetros quadrados), com benfeitorias averbadas, matriculados sob<br \/>\no n\u00ba 22.785, de propriedade do Estado de Santa Catarina;<br \/>\nII &#8211; im\u00f3vel com \u00e1rea de 1.399,24 m\u00b2 (mil, trezentos e noventa e nove metros e<br \/>\nvinte e quatro dec\u00edmetros quadrados), com benfeitorias averbadas, matriculado sob o<br \/>\nn\u00ba 28.183, de propriedade do Estado de Santa Catarina.<br \/>\nA doa\u00e7\u00e3o de que trata esta Lei tem por finalidade e encargo a gest\u00e3o do<br \/>\nMuseu Nacional do Mar, por parte do Munic\u00edpio.<br \/>\nContudo \u00e0 considera\u00e7\u00e3o de Vossa Excel\u00eancia.<br \/>\nRespeitosamente,<br \/>\nV\u00e2nio Boing<br \/>\nSecret\u00e1rio de Estado da Administra\u00e7\u00e3o<br \/>\n(assinado digitalmente)<br \/>\n205<br \/>\nP\u00e1g. 01 de 01 &#8211; Documento assinado digitalmente. Para confer\u00eancia, acesse o site https:\/\/portal.sgpe.sea.sc.gov.br\/portal-externo e informe o processo SEA 00011376\/2025 e o c\u00f3digo 4D74BLN3.Assinaturas do documento<\/p>\n<p>C\u00f3digo para verifica\u00e7\u00e3o: 4D74BLN3<\/p>\n<p>Este documento foi assinado digitalmente pelos seguintes signat\u00e1rios nas datas indicadas:<\/p>\n<p>VANIO BOING (CPF: 433.XXX.709-XX) em 02\/07\/2025 \u00e0s 18:35:36<br \/>\nEmitido por: &#8220;SGP-e&#8221;, emitido em 23\/01\/2023 &#8211; 15:09:49 e v\u00e1lido at\u00e9 23\/01\/2123 &#8211; 15:09:49.<br \/>\n(Assinatura do sistema)<\/p>\n<p>Para verificar a autenticidade desta c\u00f3pia, acesse o link https:\/\/portal.sgpe.sea.sc.gov.br\/portal-externo\/conferencia-<br \/>\ndocumento\/U0VBXzcwMDBfMDAwMTEzNzZfMTE2NDNfMjAyNV80RDc0QkxOMw== ou o site<br \/>\nhttps:\/\/portal.sgpe.sea.sc.gov.br\/portal-externo e informe o processo SEA 00011376\/2025 e o c\u00f3digo 4D74BLN3<br \/>\nou aponte a c\u00e2mera para o QR Code presente nesta p\u00e1gina para realizar a confer\u00eancia.<br \/>\nESTADO DE SANTA CATARINA <\/p>\n<p>PROJETO DE LEI N\u00ba <\/p>\n<p>Autoriza a doa\u00e7\u00e3o de im\u00f3veis no Munic\u00edpio de S\u00e3o Francisco do<br \/>\nSul. <\/p>\n<p>O GOVERNADOR DO ESTADO DE SANTA CATARINA<br \/>\nFa\u00e7o saber a todos os habitantes deste Estado que a<br \/>\nAssembleia Legislativa decreta e eu sanciono a seguinte Lei: <\/p>\n<p>Art. 1\u00ba Fica o Poder Executivo autorizado a desafetar e doar ao<br \/>\nMunic\u00edpio de S\u00e3o Francisco do Sul os seguintes im\u00f3veis, cadastrados sob o n\u00ba 908 no<br \/>\nSistema Integrado de Patrim\u00f4nio, Administra\u00e7\u00e3o e Contratos (SIPAC) da Secretaria de<br \/>\nEstado da Administra\u00e7\u00e3o (SEA): <\/p>\n<p>I \u2013 o im\u00f3vel com \u00e1rea de 3.284,25 m\u00b2 (tr\u00eas mil, duzentos e oitenta<br \/>\ne quatro metros e vinte e cinco dec\u00edmetros quadrados), com benfeitorias averbadas e n\u00e3o<br \/>\naverbadas, matriculado sob o n\u00ba 22.785 no 1\u00ba Of\u00edcio de Registro de Im\u00f3veis da Comarca de<br \/>\nS\u00e3o Francisco do Sul; e <\/p>\n<p>II \u2013 o im\u00f3vel com \u00e1rea de 1.399,24 m\u00b2 (mil, trezentos e noventa<br \/>\ne nove metros e vinte e quatro dec\u00edmetros quadrados), com benfeitorias averbadas e n\u00e3o<br \/>\naverbadas, matriculado sob o n\u00ba 28183 no 1\u00ba Of\u00edcio de Registro de Im\u00f3veis da Comarca<br \/>\nde S\u00e3o Francisco do Sul. <\/p>\n<p>Par\u00e1grafo \u00fanico. Caber\u00e1 ao Munic\u00edpio promover e executar as<br \/>\na\u00e7\u00f5es necess\u00e1rias \u00e0 titulariza\u00e7\u00e3o da propriedade, bem como \u00e0 averba\u00e7\u00e3o das benfeitorias<br \/>\nainda n\u00e3o averbadas existentes nos im\u00f3veis. <\/p>\n<p>Art. 2\u00ba A doa\u00e7\u00e3o de que trata esta Lei tem por finalidade e<br \/>\nencargo a gest\u00e3o do Museu Nacional do Mar por parte do Munic\u00edpio. <\/p>\n<p>Art. 3\u00ba O donat\u00e1rio n\u00e3o poder\u00e1, sob pena de revers\u00e3o: <\/p>\n<p>I \u2013 deixar de utilizar os im\u00f3veis; <\/p>\n<p>II \u2013 desviar a finalidade da doa\u00e7\u00e3o, deixando de cumprir o<br \/>\nencargo de que trata o art. 2\u00ba desta Lei no prazo de 4 (quatro) anos, contados a partir da<br \/>\ndata de publica\u00e7\u00e3o desta Lei; ou <\/p>\n<p>III \u2013 hipotecar, alienar, alugar, ceder de forma gratuita ou<br \/>\nonerosa, total ou parcialmente, os im\u00f3veis. <\/p>\n<p>Par\u00e1grafo \u00fanico. As disposi\u00e7\u00f5es previstas neste artigo dever\u00e3o<br \/>\nconstar da escritura p\u00fablica de doa\u00e7\u00e3o dos im\u00f3veis, sob pena de nulidade do ato. <\/p>\n<p>Art. 4\u00ba A revers\u00e3o de que trata o art. 3\u00ba desta Lei ser\u00e1 realizada<br \/>\nindependentemente de notifica\u00e7\u00e3o judicial ou extrajudicial, sem indeniza\u00e7\u00e3o por<br \/>\nbenfeitorias constru\u00eddas.<br \/>\nPJ_278 1 SEA 11376\/2025<br \/>\n230<br \/>\nP\u00e1g. 01 de 02 &#8211; Documento assinado digitalmente. Para confer\u00eancia, acesse o site https:\/\/portal.sgpe.sea.sc.gov.br\/portal-externo e informe o processo SEA 00011376\/2025 e o c\u00f3digo QE58XJ19.ESTADO DE SANTA CATARINA <\/p>\n<p>Art. 5\u00ba A edifica\u00e7\u00e3o de benfeitorias n\u00e3o outorgar\u00e1 ao donat\u00e1rio o<br \/>\ndireito de reten\u00e7\u00e3o no caso de revers\u00e3o dos im\u00f3veis. <\/p>\n<p>Art. 6\u00ba As despesas com a execu\u00e7\u00e3o desta Lei correr\u00e3o por conta<br \/>\ndo donat\u00e1rio, vedado ao Estado arcar com quaisquer \u00f4nus a elas relacionados. <\/p>\n<p>Art. 7\u00ba O Estado ser\u00e1 representado no ato de doa\u00e7\u00e3o pelo<br \/>\nSecret\u00e1rio de Estado da Administra\u00e7\u00e3o ou por quem for legalmente constitu\u00eddo. <\/p>\n<p>Art. 8\u00ba Esta Lei entra em vigor na data de sua publica\u00e7\u00e3o. <\/p>\n<p>Florian\u00f3polis, <\/p>\n<p>JORGINHO MELLO<br \/>\nGovernador do Estado<br \/>\nPJ_278 2 SEA 11376\/2025<br \/>\n231<br \/>\nP\u00e1g. 02 de 02 &#8211; Documento assinado digitalmente. Para confer\u00eancia, acesse o site https:\/\/portal.sgpe.sea.sc.gov.br\/portal-externo e informe o processo SEA 00011376\/2025 e o c\u00f3digo QE58XJ19.Assinaturas do documento<\/p>\n<p>C\u00f3digo para verifica\u00e7\u00e3o: QE58XJ19<\/p>\n<p>Este documento foi assinado digitalmente pelos seguintes signat\u00e1rios nas datas indicadas:<\/p>\n<p>JORGINHO DOS SANTOS MELLO (CPF: 250.XXX.199-XX) em 09\/07\/2025 \u00e0s 19:30:18<br \/>\nEmitido por: &#8220;SGP-e&#8221;, emitido em 14\/04\/2023 &#8211; 11:54:30 e v\u00e1lido at\u00e9 14\/04\/2123 &#8211; 11:54:30.<br \/>\n(Assinatura do sistema)<\/p>\n<p>Para verificar a autenticidade desta c\u00f3pia, acesse o link https:\/\/portal.sgpe.sea.sc.gov.br\/portal-externo\/conferencia-<br \/>\ndocumento\/U0VBXzcwMDBfMDAwMTEzNzZfMTE2NDNfMjAyNV9RRTU4WEoxOQ== ou o site<br \/>\nhttps:\/\/portal.sgpe.sea.sc.gov.br\/portal-externo e informe o processo SEA 00011376\/2025 e o c\u00f3digo QE58XJ19<br \/>\nou aponte a c\u00e2mera para o QR Code presente nesta p\u00e1gina para realizar a confer\u00eancia.<br \/>\n<\/article>\n<div style=\"text-align: center\">\n<div style=\"margin-bottom: 20px;\" class=\"et_pb_button_module_wrapper et_pb_button_5_tb_body_wrapper et_pb_button_alignment_center et_pb_module \">\n         <a class=\"et_pb_button et_pb_button_5_tb_body et_hover_enabled et_pb_bg_layout_dark\" style=\"width: 50%;background-color: black;\" href=\"https:\/\/app.legislapp.com.br\" target=\"_blank\" rel=\"noopener\">Visualizar completo na nossa plataforma (30 dias gr\u00e1tis)<\/a><\/p><\/div>\n<p>      <a href=\"https:\/\/play.google.com\/store\/apps\/details?id=br.com.legislapp\"><img decoding=\"async\" style=\"width: 15%; min-width: 130px;\" src=\"https:\/\/www.legislapp.com.br\/wp-content\/uploads\/google-play.png\"><\/a><br \/>\n      <a href=\"https:\/\/apps.apple.com\/us\/app\/legislapp\/id1568929859\"><img decoding=\"async\" style=\"width: 15%; min-width: 130px\" src=\"https:\/\/www.legislapp.com.br\/wp-content\/uploads\/apple-store.png\"><\/a>\n   <\/div>\n","protected":false},"excerpt":{"rendered":"<p>C\u00e2m. Legislativa de SC &#8211; Autoria de Governador do Estado Autoriza a doa\u00e7\u00e3o de im\u00f3veis no Munic\u00edpio de S\u00e3o Francisco do Sul. ESTADO DE SANTA CATARINA GABINETE DO GOVERNADOR MENSAGEM N\u00ba 1123 EXCELENT\u00cdSSIMO SENHOR PRESIDENTE, SENHORAS DEPUTADAS E SENHORES DEPUTADOS DA ASSEMBLEIA LEGISLATIVA DO ESTADO Nos termos do art. 50 da Constitui\u00e7\u00e3o do Estado, submeto [&hellip;]<\/p>\n","protected":false},"author":1,"featured_media":0,"parent":0,"menu_order":0,"comment_status":"closed","ping_status":"closed","template":"page-template-blank.php","meta":{"_et_pb_use_builder":"","_et_pb_old_content":"","_et_gb_content_width":"1080","ngg_post_thumbnail":0,"footnotes":""},"class_list":["post-8643","page","type-page","status-publish","hentry"],"yoast_head":"<!-- This site is optimized with the Yoast SEO plugin v24.4 - https:\/\/yoast.com\/wordpress\/plugins\/seo\/ -->\n<title>PL.\/0541\/2025 - Governador do Estado - Legislapp<\/title>\n<meta name=\"robots\" content=\"index, follow, max-snippet:-1, max-image-preview:large, max-video-preview:-1\" \/>\n<link rel=\"canonical\" href=\"https:\/\/www.legislapp.com.br\/index.php\/cam-legislativa-de-sc-pl-0541-2025-2\/\" \/>\n<meta property=\"og:locale\" content=\"pt_BR\" \/>\n<meta property=\"og:type\" content=\"article\" \/>\n<meta property=\"og:title\" content=\"PL.\/0541\/2025 - Governador do Estado - Legislapp\" \/>\n<meta property=\"og:description\" content=\"C\u00e2m. Legislativa de SC &#8211; Autoria de Governador do Estado Autoriza a doa\u00e7\u00e3o de im\u00f3veis no Munic\u00edpio de S\u00e3o Francisco do Sul. ESTADO DE SANTA CATARINA GABINETE DO GOVERNADOR MENSAGEM N\u00ba 1123 EXCELENT\u00cdSSIMO SENHOR PRESIDENTE, SENHORAS DEPUTADAS E SENHORES DEPUTADOS DA ASSEMBLEIA LEGISLATIVA DO ESTADO Nos termos do art. 50 da Constitui\u00e7\u00e3o do Estado, submeto [&hellip;]\" \/>\n<meta property=\"og:url\" content=\"https:\/\/www.legislapp.com.br\/index.php\/cam-legislativa-de-sc-pl-0541-2025-2\/\" \/>\n<meta property=\"og:site_name\" content=\"Legislapp\" \/>\n<meta property=\"article:publisher\" content=\"https:\/\/www.instagram.com\/legislapp\/\" \/>\n<meta property=\"og:image\" content=\"https:\/\/www.legislapp.com.br\/wp-content\/uploads\/google-play.png\" \/>\n<meta name=\"twitter:card\" content=\"summary_large_image\" \/>\n<meta name=\"twitter:label1\" content=\"Est. tempo de leitura\" \/>\n\t<meta name=\"twitter:data1\" content=\"6 minutos\" \/>\n<script type=\"application\/ld+json\" class=\"yoast-schema-graph\">{\"@context\":\"https:\/\/schema.org\",\"@graph\":[{\"@type\":\"WebPage\",\"@id\":\"https:\/\/www.legislapp.com.br\/index.php\/cam-legislativa-de-sc-pl-0541-2025-2\/\",\"url\":\"https:\/\/www.legislapp.com.br\/index.php\/cam-legislativa-de-sc-pl-0541-2025-2\/\",\"name\":\"PL.\/0541\/2025 - Governador do Estado - Legislapp\",\"isPartOf\":{\"@id\":\"https:\/\/www.legislapp.com.br\/#website\"},\"primaryImageOfPage\":{\"@id\":\"https:\/\/www.legislapp.com.br\/index.php\/cam-legislativa-de-sc-pl-0541-2025-2\/#primaryimage\"},\"image\":{\"@id\":\"https:\/\/www.legislapp.com.br\/index.php\/cam-legislativa-de-sc-pl-0541-2025-2\/#primaryimage\"},\"thumbnailUrl\":\"https:\/\/www.legislapp.com.br\/wp-content\/uploads\/google-play.png\",\"datePublished\":\"2025-10-08T14:46:04+00:00\",\"breadcrumb\":{\"@id\":\"https:\/\/www.legislapp.com.br\/index.php\/cam-legislativa-de-sc-pl-0541-2025-2\/#breadcrumb\"},\"inLanguage\":\"pt-BR\",\"potentialAction\":[{\"@type\":\"ReadAction\",\"target\":[\"https:\/\/www.legislapp.com.br\/index.php\/cam-legislativa-de-sc-pl-0541-2025-2\/\"]}]},{\"@type\":\"ImageObject\",\"inLanguage\":\"pt-BR\",\"@id\":\"https:\/\/www.legislapp.com.br\/index.php\/cam-legislativa-de-sc-pl-0541-2025-2\/#primaryimage\",\"url\":\"https:\/\/www.legislapp.com.br\/wp-content\/uploads\/google-play.png\",\"contentUrl\":\"https:\/\/www.legislapp.com.br\/wp-content\/uploads\/google-play.png\",\"width\":564,\"height\":168},{\"@type\":\"BreadcrumbList\",\"@id\":\"https:\/\/www.legislapp.com.br\/index.php\/cam-legislativa-de-sc-pl-0541-2025-2\/#breadcrumb\",\"itemListElement\":[{\"@type\":\"ListItem\",\"position\":1,\"name\":\"In\u00edcio\",\"item\":\"https:\/\/www.legislapp.com.br\/\"},{\"@type\":\"ListItem\",\"position\":2,\"name\":\"PL.\/0541\/2025 &#8211; Governador do Estado\"}]},{\"@type\":\"WebSite\",\"@id\":\"https:\/\/www.legislapp.com.br\/#website\",\"url\":\"https:\/\/www.legislapp.com.br\/\",\"name\":\"Legislapp\",\"description\":\"Intelig\u00eancia governamental em tempo real\",\"publisher\":{\"@id\":\"https:\/\/www.legislapp.com.br\/#organization\"},\"potentialAction\":[{\"@type\":\"SearchAction\",\"target\":{\"@type\":\"EntryPoint\",\"urlTemplate\":\"https:\/\/www.legislapp.com.br\/?s={search_term_string}\"},\"query-input\":{\"@type\":\"PropertyValueSpecification\",\"valueRequired\":true,\"valueName\":\"search_term_string\"}}],\"inLanguage\":\"pt-BR\"},{\"@type\":\"Organization\",\"@id\":\"https:\/\/www.legislapp.com.br\/#organization\",\"name\":\"Legislapp Monitoramento e Intelig\u00eancia Governamental\",\"url\":\"https:\/\/www.legislapp.com.br\/\",\"logo\":{\"@type\":\"ImageObject\",\"inLanguage\":\"pt-BR\",\"@id\":\"https:\/\/www.legislapp.com.br\/#\/schema\/logo\/image\/\",\"url\":\"https:\/\/www.legislapp.com.br\/wp-content\/uploads\/icon.png\",\"contentUrl\":\"https:\/\/www.legislapp.com.br\/wp-content\/uploads\/icon.png\",\"width\":1024,\"height\":1024,\"caption\":\"Legislapp Monitoramento e Intelig\u00eancia Governamental\"},\"image\":{\"@id\":\"https:\/\/www.legislapp.com.br\/#\/schema\/logo\/image\/\"},\"sameAs\":[\"https:\/\/www.instagram.com\/legislapp\/\"]}]}<\/script>\n<!-- \/ Yoast SEO plugin. -->","yoast_head_json":{"title":"PL.\/0541\/2025 - Governador do Estado - Legislapp","robots":{"index":"index","follow":"follow","max-snippet":"max-snippet:-1","max-image-preview":"max-image-preview:large","max-video-preview":"max-video-preview:-1"},"canonical":"https:\/\/www.legislapp.com.br\/index.php\/cam-legislativa-de-sc-pl-0541-2025-2\/","og_locale":"pt_BR","og_type":"article","og_title":"PL.\/0541\/2025 - Governador do Estado - Legislapp","og_description":"C\u00e2m. Legislativa de SC &#8211; Autoria de Governador do Estado Autoriza a doa\u00e7\u00e3o de im\u00f3veis no Munic\u00edpio de S\u00e3o Francisco do Sul. ESTADO DE SANTA CATARINA GABINETE DO GOVERNADOR MENSAGEM N\u00ba 1123 EXCELENT\u00cdSSIMO SENHOR PRESIDENTE, SENHORAS DEPUTADAS E SENHORES DEPUTADOS DA ASSEMBLEIA LEGISLATIVA DO ESTADO Nos termos do art. 50 da Constitui\u00e7\u00e3o do Estado, submeto [&hellip;]","og_url":"https:\/\/www.legislapp.com.br\/index.php\/cam-legislativa-de-sc-pl-0541-2025-2\/","og_site_name":"Legislapp","article_publisher":"https:\/\/www.instagram.com\/legislapp\/","og_image":[{"url":"https:\/\/www.legislapp.com.br\/wp-content\/uploads\/google-play.png","type":"","width":"","height":""}],"twitter_card":"summary_large_image","twitter_misc":{"Est. tempo de leitura":"6 minutos"},"schema":{"@context":"https:\/\/schema.org","@graph":[{"@type":"WebPage","@id":"https:\/\/www.legislapp.com.br\/index.php\/cam-legislativa-de-sc-pl-0541-2025-2\/","url":"https:\/\/www.legislapp.com.br\/index.php\/cam-legislativa-de-sc-pl-0541-2025-2\/","name":"PL.\/0541\/2025 - Governador do Estado - Legislapp","isPartOf":{"@id":"https:\/\/www.legislapp.com.br\/#website"},"primaryImageOfPage":{"@id":"https:\/\/www.legislapp.com.br\/index.php\/cam-legislativa-de-sc-pl-0541-2025-2\/#primaryimage"},"image":{"@id":"https:\/\/www.legislapp.com.br\/index.php\/cam-legislativa-de-sc-pl-0541-2025-2\/#primaryimage"},"thumbnailUrl":"https:\/\/www.legislapp.com.br\/wp-content\/uploads\/google-play.png","datePublished":"2025-10-08T14:46:04+00:00","breadcrumb":{"@id":"https:\/\/www.legislapp.com.br\/index.php\/cam-legislativa-de-sc-pl-0541-2025-2\/#breadcrumb"},"inLanguage":"pt-BR","potentialAction":[{"@type":"ReadAction","target":["https:\/\/www.legislapp.com.br\/index.php\/cam-legislativa-de-sc-pl-0541-2025-2\/"]}]},{"@type":"ImageObject","inLanguage":"pt-BR","@id":"https:\/\/www.legislapp.com.br\/index.php\/cam-legislativa-de-sc-pl-0541-2025-2\/#primaryimage","url":"https:\/\/www.legislapp.com.br\/wp-content\/uploads\/google-play.png","contentUrl":"https:\/\/www.legislapp.com.br\/wp-content\/uploads\/google-play.png","width":564,"height":168},{"@type":"BreadcrumbList","@id":"https:\/\/www.legislapp.com.br\/index.php\/cam-legislativa-de-sc-pl-0541-2025-2\/#breadcrumb","itemListElement":[{"@type":"ListItem","position":1,"name":"In\u00edcio","item":"https:\/\/www.legislapp.com.br\/"},{"@type":"ListItem","position":2,"name":"PL.\/0541\/2025 &#8211; Governador do Estado"}]},{"@type":"WebSite","@id":"https:\/\/www.legislapp.com.br\/#website","url":"https:\/\/www.legislapp.com.br\/","name":"Legislapp","description":"Intelig\u00eancia governamental em tempo real","publisher":{"@id":"https:\/\/www.legislapp.com.br\/#organization"},"potentialAction":[{"@type":"SearchAction","target":{"@type":"EntryPoint","urlTemplate":"https:\/\/www.legislapp.com.br\/?s={search_term_string}"},"query-input":{"@type":"PropertyValueSpecification","valueRequired":true,"valueName":"search_term_string"}}],"inLanguage":"pt-BR"},{"@type":"Organization","@id":"https:\/\/www.legislapp.com.br\/#organization","name":"Legislapp Monitoramento e Intelig\u00eancia Governamental","url":"https:\/\/www.legislapp.com.br\/","logo":{"@type":"ImageObject","inLanguage":"pt-BR","@id":"https:\/\/www.legislapp.com.br\/#\/schema\/logo\/image\/","url":"https:\/\/www.legislapp.com.br\/wp-content\/uploads\/icon.png","contentUrl":"https:\/\/www.legislapp.com.br\/wp-content\/uploads\/icon.png","width":1024,"height":1024,"caption":"Legislapp Monitoramento e Intelig\u00eancia Governamental"},"image":{"@id":"https:\/\/www.legislapp.com.br\/#\/schema\/logo\/image\/"},"sameAs":["https:\/\/www.instagram.com\/legislapp\/"]}]}},"_links":{"self":[{"href":"https:\/\/www.legislapp.com.br\/index.php\/wp-json\/wp\/v2\/pages\/8643","targetHints":{"allow":["GET"]}}],"collection":[{"href":"https:\/\/www.legislapp.com.br\/index.php\/wp-json\/wp\/v2\/pages"}],"about":[{"href":"https:\/\/www.legislapp.com.br\/index.php\/wp-json\/wp\/v2\/types\/page"}],"author":[{"embeddable":true,"href":"https:\/\/www.legislapp.com.br\/index.php\/wp-json\/wp\/v2\/users\/1"}],"replies":[{"embeddable":true,"href":"https:\/\/www.legislapp.com.br\/index.php\/wp-json\/wp\/v2\/comments?post=8643"}],"version-history":[{"count":0,"href":"https:\/\/www.legislapp.com.br\/index.php\/wp-json\/wp\/v2\/pages\/8643\/revisions"}],"wp:attachment":[{"href":"https:\/\/www.legislapp.com.br\/index.php\/wp-json\/wp\/v2\/media?parent=8643"}],"curies":[{"name":"wp","href":"https:\/\/api.w.org\/{rel}","templated":true}]}}