{"id":8667,"date":"2025-10-08T11:47:28","date_gmt":"2025-10-08T14:47:28","guid":{"rendered":"https:\/\/www.legislapp.com.br\/index.php\/cam-legislativa-de-mg-pl-4028-2025-2\/"},"modified":"2025-10-08T11:47:28","modified_gmt":"2025-10-08T14:47:28","slug":"cam-legislativa-de-mg-pl-4028-2025-2","status":"publish","type":"page","link":"https:\/\/www.legislapp.com.br\/index.php\/cam-legislativa-de-mg-pl-4028-2025-2\/","title":{"rendered":"PL 4028\/2025 &#8211; Deputados"},"content":{"rendered":"<h1 style='text-align: center;'>C\u00e2m. Legislativa de MG &#8211; Autoria de Deputados<\/h3>\n<p><\/p>\n<article style='text-align: center'>Institui o Dia Estadual de Valoriza\u00e7\u00e3o e Reconhecimento do Servi\u00e7o Social<br \/>\ndo Com\u00e9rcio &#8211; Sesc &#8211; e do Servi\u00e7o Nacional de Aprendizagem Comercial &#8211;<br \/>\nSenac.<\/article>\n<p><\/p>\n<p style='text-align: center'><a href='https:\/\/app.legislapp.com.br\/#\/busca?termo='><\/a><\/p>\n<p><\/p>\n<article>Institui o Dia Estadual de Valoriza\u00e7\u00e3o e Reconhecimento do Servi\u00e7o Social do Com\u00e9rcio \u2013 Sesc \u2013 e do Servi\u00e7o Nacional de Aprendizagem Comercial \u2013 Senac \u2013, e d\u00e1 outras provid\u00eancias.<br \/>\nA Assembleia Legislativa do Estado de Minas Gerais decreta:<br \/>\nArt. 1\u00ba \u2013 Fica institu\u00eddo o Dia Estadual de Valoriza\u00e7\u00e3o e Reconhecimento do Servi\u00e7o Social do Com\u00e9rcio Administra\u00e7\u00e3o Regional em Minas Gerais \u2013 Sesc\/ARMG \u2013 e do Servi\u00e7o Nacional de Aprendizagem Comercial Administra\u00e7\u00e3o Regional em Minas Gerais \u2013 Senac\/ARMG \u2013, a ser comemorado anualmente no dia 16 de maio.<br \/>\nArt. 2\u00ba \u2013 O Dia Estadual de Valoriza\u00e7\u00e3o e Reconhecimento do Sesc e do Senac em Minas Gerais tem como objetivo destacar a import\u00e2ncia das atividades desenvolvidas por essas institui\u00e7\u00f5es em prol do desenvolvimento social, cultural e educacional dos trabalhadores do com\u00e9rcio e seus dependentes, e de toda a sociedade civil, com \u00eanfase no acesso a servi\u00e7o se programas de qualidade nas \u00e1reas de cultura, sa\u00fade, educa\u00e7\u00e3o, esporte, lazer e qualifica\u00e7\u00e3o profissional.<br \/>\nArt. 3\u00ba \u2013 No Dia Estadual institu\u00eddo por esta lei, ser\u00e3o realizadas atividades, eventos e campanhas educativas em parceria com o Sesc e o Senac em Minas Gerais, com vistas a ampliar o conhecimento sobre a atua\u00e7\u00e3o dessas institui\u00e7\u00f5es e sua relev\u00e2ncia para a comunidade.<br \/>\nArt. 4\u00ba \u2013 A sociedade civil, em parceria com o poder p\u00fablico, poder\u00e1 organizar e realizar atividades, eventos e campanhas alusivas ao Dia Estadual de Valoriza\u00e7\u00e3o e Reconhecimento do Sesc e do Senac em Minas Gerais, de modo a sensibilizar a popula\u00e7\u00e3o sobre o impacto positivo dessas institui\u00e7\u00f5es no desenvolvimento de suas comunidades.<br \/>\nArt. 5\u00ba \u2013 Esta lei entra em vigor na data de sua publica\u00e7\u00e3o.<br \/>\nSala das Reuni\u00f5es, 27 de junho de 2025.<br \/>\nTadeu Leite (MDB), presidente.<br \/>\nJustifica\u00e7\u00e3o: O Servi\u00e7o Social do Com\u00e9rcio Administra\u00e7\u00e3o Regional em Minas Gerais \u2013 Sesc\/ARMG \u2013 e o Servi\u00e7o Nacional de Aprendizagem Comercial Administra\u00e7\u00e3o Regional em Minas Gerais \u2013 Senac\/ARMG \u2013 t\u00eam uma longa hist\u00f3ria de contribui\u00e7\u00e3o cont\u00ednua para o bem-estar da sociedade mineira, com atua\u00e7\u00e3o al\u00e9m das fronteiras do com\u00e9rcio, impactando positivamente \u00e1reas vitais como sa\u00fade, educa\u00e7\u00e3o, cultura, esporte, lazer e assist\u00eancia social, atendendo prioritariamente aos trabalhadores do com\u00e9rcio de bens, servi\u00e7os e turismo de nosso estado, e seus dependentes.\u00a0<br \/>\nO Sesc, desde sua funda\u00e7\u00e3o em 1946, tem sido uma verdadeira ponte para a inclus\u00e3o e assist\u00eancia social. Com unidades espalhadas em todas as regi\u00f5es de Minas Gerais, que oferecem desde educa\u00e7\u00e3o b\u00e1sica, atendimentos m\u00e9dicos e odontol\u00f3gicos, at\u00e9 atividades culturais e sociais, destacando, dentre elas, o Sesc Mesa Brasil. A institui\u00e7\u00e3o contribui para a promo\u00e7\u00e3o da sa\u00fade f\u00edsica e mental dos trabalhadores do com\u00e9rcio e seus dependentes, al\u00e9m de ser um agente de valoriza\u00e7\u00e3o da cultura local, promovendo espet\u00e1culos, exposi\u00e7\u00f5es ? projetos culturais acess\u00edveis para todos. As iniciativas do Sesc s\u00e3o um reflexo de seu compromisso com a forma\u00e7\u00e3o integral do cidad\u00e3o, com um olhar atento para as quest\u00f5es sociais e de bem-estar.\u00a0<br \/>\nO Senac, por sua vez, tem sido um pilar fundamental na forma\u00e7\u00e3o de profissionais qualificados para o mercado de trabalho. Criado em 1946, a institui\u00e7\u00e3o ao longo das d\u00e9cadas proporciona oportunidades para capacita\u00e7\u00e3o profissional, oferecendo cursos t\u00e9cnicos de qualidade que abrem portas para as diversas \u00e1reas do mercado de trabalho, atrav\u00e9s de suas unidades espalhadas tamb\u00e9m em todas as regi\u00f5es de Minas Gerais. Al\u00e9m disso, o Senac tem se adaptado \u00e0s novas demandas, criando cursos e programas focados na digitaliza\u00e7\u00e3o, e em \u00e1reas emergentes, garantindo que seus alunos estejam preparados para as transforma\u00e7\u00f5es da economia global.<br \/>\nDeste modo, o Dia Estadual de Valoriza\u00e7\u00e3o e Reconhecimento do Sesc e do Senac em Minas Gerais, a ser celebrado no dia 16 de maio de cada ano, \u00e9 uma forma de reconhecer a import\u00e2ncia hist\u00f3rica e social dessas institui\u00e7\u00f5es e a relev\u00e2ncia de suas a\u00e7\u00f5es na constru\u00e7\u00e3o de uma sociedade mais justa e igualit\u00e1ria. Este dia ser\u00e1 um marco para refletirmos sobre contribui\u00e7\u00e3o desses servi\u00e7os para o nosso desenvolvimento social, promovendo maior visibilidade \u00e0 suas atividades e ampliando o reconhecimento de seu trabalho por parte da sociedade mineira.<br \/>\nAl\u00e9m disso, cabe ressaltar que todo o trabalho desenvolvido pelo Sesc e Senac em Minas Gerais ao longo dos anos, se coaduna com o compromisso do estado que orienta a\u00a0ado\u00e7\u00e3o de pr\u00e1ticas sustent\u00e1veis e inclusivas para garantir um futuro melhor para as pr\u00f3ximas gera\u00e7\u00f5es. As a\u00e7\u00f5es do Sesc e do Senac est\u00e3o diretamente alinhadas aos Objetivos de Desenvolvimento Sustent\u00e1vel \u2013 ODS \u2013, principalmente em \u00e1reas como educa\u00e7\u00e3o de qualidade, trabalho decente e crescimento econ\u00f4mico, sa\u00fade e bem-estar, redu\u00e7\u00e3o das desigualdades.\u00a0<br \/>\nEstabelecer um Dia Estadual de valoriza\u00e7\u00e3o e reconhecimento dessas institui\u00e7\u00f5es \u00e9 tamb\u00e9m uma forma de homenagear os milhares de profissionais que diariamente se dedicam para levar educa\u00e7\u00e3o, sa\u00fade, lazer, cultura e qualifica\u00e7\u00e3o a todos os cantos de Minas Gerais. S\u00e3o professores, m\u00e9dicos, t\u00e9cnicos, profissionais de diversas \u00e1reas que, com seu trabalho, contribuem para o desenvolvimento humano, social e econ\u00f4mico de milhares de pessoas, e por isso merecem nosso reconhecimento e apoio.\u00a0<br \/>\nEste projeto, portanto, n\u00e3o se limita a criar uma data comemorativa, mas visa tamb\u00e9m promover um debate sobre a import\u00e2ncia do Sesc e do Senac no desenvolvimento de Minas Gerais, estimulando a participa\u00e7\u00e3o ativa da sociedade e das autoridades p\u00fablicas em iniciativas que favore\u00e7am a educa\u00e7\u00e3o, a qualifica\u00e7\u00e3o e o bem-estar coletivo.<br \/>\n\u2013 Publicado, vai o projeto \u00e0s Comiss\u00f5es de Justi\u00e7a e de Desenvolvimento Econ\u00f4mico para parecer, nos termos do art. 190, c\/c o art. 102, do Regimento Interno.<\/article>\n<div style=\"text-align: center\">\n<div style=\"margin-bottom: 20px;\" class=\"et_pb_button_module_wrapper et_pb_button_5_tb_body_wrapper et_pb_button_alignment_center et_pb_module \">\n         <a class=\"et_pb_button et_pb_button_5_tb_body et_hover_enabled et_pb_bg_layout_dark\" style=\"width: 50%;background-color: black;\" href=\"https:\/\/app.legislapp.com.br\" target=\"_blank\" rel=\"noopener\">Visualizar completo na nossa plataforma (30 dias gr\u00e1tis)<\/a><\/p><\/div>\n<p>      <a href=\"https:\/\/play.google.com\/store\/apps\/details?id=br.com.legislapp\"><img decoding=\"async\" style=\"width: 15%; min-width: 130px;\" src=\"https:\/\/www.legislapp.com.br\/wp-content\/uploads\/google-play.png\"><\/a><br \/>\n      <a href=\"https:\/\/apps.apple.com\/us\/app\/legislapp\/id1568929859\"><img decoding=\"async\" style=\"width: 15%; min-width: 130px\" src=\"https:\/\/www.legislapp.com.br\/wp-content\/uploads\/apple-store.png\"><\/a>\n   <\/div>\n","protected":false},"excerpt":{"rendered":"<p>C\u00e2m. Legislativa de MG &#8211; Autoria de Deputados Institui o Dia Estadual de Valoriza\u00e7\u00e3o e Reconhecimento do Servi\u00e7o Social do Com\u00e9rcio &#8211; Sesc &#8211; e do Servi\u00e7o Nacional de Aprendizagem Comercial &#8211; Senac. Institui o Dia Estadual de Valoriza\u00e7\u00e3o e Reconhecimento do Servi\u00e7o Social do Com\u00e9rcio \u2013 Sesc \u2013 e do Servi\u00e7o Nacional de Aprendizagem [&hellip;]<\/p>\n","protected":false},"author":1,"featured_media":0,"parent":0,"menu_order":0,"comment_status":"closed","ping_status":"closed","template":"page-template-blank.php","meta":{"_et_pb_use_builder":"","_et_pb_old_content":"","_et_gb_content_width":"1080","ngg_post_thumbnail":0,"footnotes":""},"class_list":["post-8667","page","type-page","status-publish","hentry"],"yoast_head":"<!-- This site is optimized with the Yoast SEO plugin v24.4 - https:\/\/yoast.com\/wordpress\/plugins\/seo\/ -->\n<title>PL 4028\/2025 - Deputados - Legislapp<\/title>\n<meta name=\"robots\" content=\"index, follow, max-snippet:-1, max-image-preview:large, max-video-preview:-1\" \/>\n<link rel=\"canonical\" href=\"https:\/\/www.legislapp.com.br\/index.php\/cam-legislativa-de-mg-pl-4028-2025-2\/\" \/>\n<meta property=\"og:locale\" content=\"pt_BR\" \/>\n<meta property=\"og:type\" content=\"article\" \/>\n<meta property=\"og:title\" content=\"PL 4028\/2025 - Deputados - Legislapp\" \/>\n<meta property=\"og:description\" content=\"C\u00e2m. Legislativa de MG &#8211; Autoria de Deputados Institui o Dia Estadual de Valoriza\u00e7\u00e3o e Reconhecimento do Servi\u00e7o Social do Com\u00e9rcio &#8211; Sesc &#8211; e do Servi\u00e7o Nacional de Aprendizagem Comercial &#8211; Senac. Institui o Dia Estadual de Valoriza\u00e7\u00e3o e Reconhecimento do Servi\u00e7o Social do Com\u00e9rcio \u2013 Sesc \u2013 e do Servi\u00e7o Nacional de Aprendizagem [&hellip;]\" \/>\n<meta property=\"og:url\" content=\"https:\/\/www.legislapp.com.br\/index.php\/cam-legislativa-de-mg-pl-4028-2025-2\/\" \/>\n<meta property=\"og:site_name\" content=\"Legislapp\" \/>\n<meta property=\"article:publisher\" content=\"https:\/\/www.instagram.com\/legislapp\/\" \/>\n<meta property=\"og:image\" content=\"https:\/\/www.legislapp.com.br\/wp-content\/uploads\/google-play.png\" \/>\n<meta name=\"twitter:card\" content=\"summary_large_image\" \/>\n<meta name=\"twitter:label1\" content=\"Est. tempo de leitura\" \/>\n\t<meta name=\"twitter:data1\" content=\"5 minutos\" \/>\n<script type=\"application\/ld+json\" class=\"yoast-schema-graph\">{\"@context\":\"https:\/\/schema.org\",\"@graph\":[{\"@type\":\"WebPage\",\"@id\":\"https:\/\/www.legislapp.com.br\/index.php\/cam-legislativa-de-mg-pl-4028-2025-2\/\",\"url\":\"https:\/\/www.legislapp.com.br\/index.php\/cam-legislativa-de-mg-pl-4028-2025-2\/\",\"name\":\"PL 4028\/2025 - Deputados - Legislapp\",\"isPartOf\":{\"@id\":\"https:\/\/www.legislapp.com.br\/#website\"},\"primaryImageOfPage\":{\"@id\":\"https:\/\/www.legislapp.com.br\/index.php\/cam-legislativa-de-mg-pl-4028-2025-2\/#primaryimage\"},\"image\":{\"@id\":\"https:\/\/www.legislapp.com.br\/index.php\/cam-legislativa-de-mg-pl-4028-2025-2\/#primaryimage\"},\"thumbnailUrl\":\"https:\/\/www.legislapp.com.br\/wp-content\/uploads\/google-play.png\",\"datePublished\":\"2025-10-08T14:47:28+00:00\",\"breadcrumb\":{\"@id\":\"https:\/\/www.legislapp.com.br\/index.php\/cam-legislativa-de-mg-pl-4028-2025-2\/#breadcrumb\"},\"inLanguage\":\"pt-BR\",\"potentialAction\":[{\"@type\":\"ReadAction\",\"target\":[\"https:\/\/www.legislapp.com.br\/index.php\/cam-legislativa-de-mg-pl-4028-2025-2\/\"]}]},{\"@type\":\"ImageObject\",\"inLanguage\":\"pt-BR\",\"@id\":\"https:\/\/www.legislapp.com.br\/index.php\/cam-legislativa-de-mg-pl-4028-2025-2\/#primaryimage\",\"url\":\"https:\/\/www.legislapp.com.br\/wp-content\/uploads\/google-play.png\",\"contentUrl\":\"https:\/\/www.legislapp.com.br\/wp-content\/uploads\/google-play.png\",\"width\":564,\"height\":168},{\"@type\":\"BreadcrumbList\",\"@id\":\"https:\/\/www.legislapp.com.br\/index.php\/cam-legislativa-de-mg-pl-4028-2025-2\/#breadcrumb\",\"itemListElement\":[{\"@type\":\"ListItem\",\"position\":1,\"name\":\"In\u00edcio\",\"item\":\"https:\/\/www.legislapp.com.br\/\"},{\"@type\":\"ListItem\",\"position\":2,\"name\":\"PL 4028\/2025 &#8211; Deputados\"}]},{\"@type\":\"WebSite\",\"@id\":\"https:\/\/www.legislapp.com.br\/#website\",\"url\":\"https:\/\/www.legislapp.com.br\/\",\"name\":\"Legislapp\",\"description\":\"Intelig\u00eancia governamental em tempo real\",\"publisher\":{\"@id\":\"https:\/\/www.legislapp.com.br\/#organization\"},\"potentialAction\":[{\"@type\":\"SearchAction\",\"target\":{\"@type\":\"EntryPoint\",\"urlTemplate\":\"https:\/\/www.legislapp.com.br\/?s={search_term_string}\"},\"query-input\":{\"@type\":\"PropertyValueSpecification\",\"valueRequired\":true,\"valueName\":\"search_term_string\"}}],\"inLanguage\":\"pt-BR\"},{\"@type\":\"Organization\",\"@id\":\"https:\/\/www.legislapp.com.br\/#organization\",\"name\":\"Legislapp Monitoramento e Intelig\u00eancia Governamental\",\"url\":\"https:\/\/www.legislapp.com.br\/\",\"logo\":{\"@type\":\"ImageObject\",\"inLanguage\":\"pt-BR\",\"@id\":\"https:\/\/www.legislapp.com.br\/#\/schema\/logo\/image\/\",\"url\":\"https:\/\/www.legislapp.com.br\/wp-content\/uploads\/icon.png\",\"contentUrl\":\"https:\/\/www.legislapp.com.br\/wp-content\/uploads\/icon.png\",\"width\":1024,\"height\":1024,\"caption\":\"Legislapp Monitoramento e Intelig\u00eancia Governamental\"},\"image\":{\"@id\":\"https:\/\/www.legislapp.com.br\/#\/schema\/logo\/image\/\"},\"sameAs\":[\"https:\/\/www.instagram.com\/legislapp\/\"]}]}<\/script>\n<!-- \/ Yoast SEO plugin. -->","yoast_head_json":{"title":"PL 4028\/2025 - Deputados - Legislapp","robots":{"index":"index","follow":"follow","max-snippet":"max-snippet:-1","max-image-preview":"max-image-preview:large","max-video-preview":"max-video-preview:-1"},"canonical":"https:\/\/www.legislapp.com.br\/index.php\/cam-legislativa-de-mg-pl-4028-2025-2\/","og_locale":"pt_BR","og_type":"article","og_title":"PL 4028\/2025 - Deputados - Legislapp","og_description":"C\u00e2m. Legislativa de MG &#8211; Autoria de Deputados Institui o Dia Estadual de Valoriza\u00e7\u00e3o e Reconhecimento do Servi\u00e7o Social do Com\u00e9rcio &#8211; Sesc &#8211; e do Servi\u00e7o Nacional de Aprendizagem Comercial &#8211; Senac. Institui o Dia Estadual de Valoriza\u00e7\u00e3o e Reconhecimento do Servi\u00e7o Social do Com\u00e9rcio \u2013 Sesc \u2013 e do Servi\u00e7o Nacional de Aprendizagem [&hellip;]","og_url":"https:\/\/www.legislapp.com.br\/index.php\/cam-legislativa-de-mg-pl-4028-2025-2\/","og_site_name":"Legislapp","article_publisher":"https:\/\/www.instagram.com\/legislapp\/","og_image":[{"url":"https:\/\/www.legislapp.com.br\/wp-content\/uploads\/google-play.png","type":"","width":"","height":""}],"twitter_card":"summary_large_image","twitter_misc":{"Est. tempo de leitura":"5 minutos"},"schema":{"@context":"https:\/\/schema.org","@graph":[{"@type":"WebPage","@id":"https:\/\/www.legislapp.com.br\/index.php\/cam-legislativa-de-mg-pl-4028-2025-2\/","url":"https:\/\/www.legislapp.com.br\/index.php\/cam-legislativa-de-mg-pl-4028-2025-2\/","name":"PL 4028\/2025 - Deputados - Legislapp","isPartOf":{"@id":"https:\/\/www.legislapp.com.br\/#website"},"primaryImageOfPage":{"@id":"https:\/\/www.legislapp.com.br\/index.php\/cam-legislativa-de-mg-pl-4028-2025-2\/#primaryimage"},"image":{"@id":"https:\/\/www.legislapp.com.br\/index.php\/cam-legislativa-de-mg-pl-4028-2025-2\/#primaryimage"},"thumbnailUrl":"https:\/\/www.legislapp.com.br\/wp-content\/uploads\/google-play.png","datePublished":"2025-10-08T14:47:28+00:00","breadcrumb":{"@id":"https:\/\/www.legislapp.com.br\/index.php\/cam-legislativa-de-mg-pl-4028-2025-2\/#breadcrumb"},"inLanguage":"pt-BR","potentialAction":[{"@type":"ReadAction","target":["https:\/\/www.legislapp.com.br\/index.php\/cam-legislativa-de-mg-pl-4028-2025-2\/"]}]},{"@type":"ImageObject","inLanguage":"pt-BR","@id":"https:\/\/www.legislapp.com.br\/index.php\/cam-legislativa-de-mg-pl-4028-2025-2\/#primaryimage","url":"https:\/\/www.legislapp.com.br\/wp-content\/uploads\/google-play.png","contentUrl":"https:\/\/www.legislapp.com.br\/wp-content\/uploads\/google-play.png","width":564,"height":168},{"@type":"BreadcrumbList","@id":"https:\/\/www.legislapp.com.br\/index.php\/cam-legislativa-de-mg-pl-4028-2025-2\/#breadcrumb","itemListElement":[{"@type":"ListItem","position":1,"name":"In\u00edcio","item":"https:\/\/www.legislapp.com.br\/"},{"@type":"ListItem","position":2,"name":"PL 4028\/2025 &#8211; Deputados"}]},{"@type":"WebSite","@id":"https:\/\/www.legislapp.com.br\/#website","url":"https:\/\/www.legislapp.com.br\/","name":"Legislapp","description":"Intelig\u00eancia governamental em tempo real","publisher":{"@id":"https:\/\/www.legislapp.com.br\/#organization"},"potentialAction":[{"@type":"SearchAction","target":{"@type":"EntryPoint","urlTemplate":"https:\/\/www.legislapp.com.br\/?s={search_term_string}"},"query-input":{"@type":"PropertyValueSpecification","valueRequired":true,"valueName":"search_term_string"}}],"inLanguage":"pt-BR"},{"@type":"Organization","@id":"https:\/\/www.legislapp.com.br\/#organization","name":"Legislapp Monitoramento e Intelig\u00eancia Governamental","url":"https:\/\/www.legislapp.com.br\/","logo":{"@type":"ImageObject","inLanguage":"pt-BR","@id":"https:\/\/www.legislapp.com.br\/#\/schema\/logo\/image\/","url":"https:\/\/www.legislapp.com.br\/wp-content\/uploads\/icon.png","contentUrl":"https:\/\/www.legislapp.com.br\/wp-content\/uploads\/icon.png","width":1024,"height":1024,"caption":"Legislapp Monitoramento e Intelig\u00eancia Governamental"},"image":{"@id":"https:\/\/www.legislapp.com.br\/#\/schema\/logo\/image\/"},"sameAs":["https:\/\/www.instagram.com\/legislapp\/"]}]}},"_links":{"self":[{"href":"https:\/\/www.legislapp.com.br\/index.php\/wp-json\/wp\/v2\/pages\/8667","targetHints":{"allow":["GET"]}}],"collection":[{"href":"https:\/\/www.legislapp.com.br\/index.php\/wp-json\/wp\/v2\/pages"}],"about":[{"href":"https:\/\/www.legislapp.com.br\/index.php\/wp-json\/wp\/v2\/types\/page"}],"author":[{"embeddable":true,"href":"https:\/\/www.legislapp.com.br\/index.php\/wp-json\/wp\/v2\/users\/1"}],"replies":[{"embeddable":true,"href":"https:\/\/www.legislapp.com.br\/index.php\/wp-json\/wp\/v2\/comments?post=8667"}],"version-history":[{"count":0,"href":"https:\/\/www.legislapp.com.br\/index.php\/wp-json\/wp\/v2\/pages\/8667\/revisions"}],"wp:attachment":[{"href":"https:\/\/www.legislapp.com.br\/index.php\/wp-json\/wp\/v2\/media?parent=8667"}],"curies":[{"name":"wp","href":"https:\/\/api.w.org\/{rel}","templated":true}]}}