{"id":8673,"date":"2025-10-08T11:47:49","date_gmt":"2025-10-08T14:47:49","guid":{"rendered":"https:\/\/www.legislapp.com.br\/index.php\/cam-legislativa-de-sc-prs-0006-2025-2\/"},"modified":"2025-10-08T11:47:49","modified_gmt":"2025-10-08T14:47:49","slug":"cam-legislativa-de-sc-prs-0006-2025-2","status":"publish","type":"page","link":"https:\/\/www.legislapp.com.br\/index.php\/cam-legislativa-de-sc-prs-0006-2025-2\/","title":{"rendered":"PRS\/0006\/2025 &#8211; MESA"},"content":{"rendered":"<h1 style='text-align: center;'>C\u00e2m. Legislativa de SC &#8211; Autoria de MESA<\/h3>\n<p><\/p>\n<article style='text-align: center'>Cria o orquid\u00e1rio vertical da Assembleia Legislativa do Estado de Santa Catarina e o denomina Orquid\u00e1rio Padre Raulino Reitz.<\/article>\n<p><\/p>\n<p style='text-align: center'><a href='https:\/\/app.legislapp.com.br\/#\/busca?termo='><\/a><\/p>\n<p><\/p>\n<article>ASSEMBLEIA LEGISLATIVA<br \/>\nMESA<br \/>\nESTADO DE SANTA CATARINA<\/p>\n<p>PROJETO DE RESOLU\u00c7\u00c3O<\/p>\n<p>Cria o orquid\u00e1rio vertical da Assembleia Legislativa do<br \/>\nEstado de Santa Catarina e o denomina Orquid\u00e1rio Padre<br \/>\nRaulino Reitz.<\/p>\n<p>Art. 1\u00ba Fica criado o orquid\u00e1rio vertical da Assembleia<br \/>\nLegislativa do Estado de Santa Catarina (Alesc), denominado Orquid\u00e1rio Padre Raulino<br \/>\nReitz.<\/p>\n<p>Par\u00e1grafo \u00fanico. O Orquid\u00e1rio Padre Raulino Reitz ser\u00e1<br \/>\ncomposto por mudas de orqu\u00eddeas adultas das diversas variedades da esp\u00e9cie<br \/>\nCattleya purpurata, conhecida como Laelia purpurata.<\/p>\n<p>Art. 2\u00ba O Orquid\u00e1rio Padre Raulino Reitz ser\u00e1 localizado no<br \/>\njardim interno da Alesc.<\/p>\n<p>Art. 3\u00ba As despesas decorrentes da aplica\u00e7\u00e3o dessa<br \/>\nResolu\u00e7\u00e3o correr\u00e3o por conta das dota\u00e7\u00f5es or\u00e7ament\u00e1rias pr\u00f3prias da Alesc.<\/p>\n<p>Art. 4\u00ba Esta Resolu\u00e7\u00e3o entra em vigor na data de sua<br \/>\npublica\u00e7\u00e3o.<\/p>\n<p>Sala das Sess\u00f5es,<\/p>\n<p>Deputado Julio Garcia<br \/>\nPresidente<\/p>\n<p>Secret\u00e1rio<\/p>\n<p>Secret\u00e1rio <\/p>\n<p>JUSTIFICA\u00c7\u00c3O<\/p>\n<p>A presente proposi\u00e7\u00e3o tem por objetivo criar o Orquid\u00e1rio<br \/>\nvertical Padre Raulino Reitz no jardim interno da Assembleia Legislativa de Santa<br \/>\nCatarina.<\/p>\n<p>O Estado de Santa Catarina \u00e9 considerado como um grande<br \/>\norquid\u00e1rio natural. Segundo o Jardim Bot\u00e2nico do Rio de Janeiro e o livro &#8220;Orqu\u00eddeas<br \/>\nNativas de Florian\u00f3polis&#8221;, temos 528 (quinhentas e vinte e oito) esp\u00e9cies de orqu\u00eddeas<br \/>\ne 2 (dois) h\u00edbridos naturais, divididos em 114 (cento e quatorze) g\u00eaneros.<\/p>\n<p>Dentre todas as esp\u00e9cies nativas de Santa Catarina, a Laelia<br \/>\npurpurata destaca-se como a esp\u00e9cie mais conhecida, cultivada e utilizada para a<br \/>\ncria\u00e7\u00e3o de in\u00fameros h\u00edbridos de orqu\u00eddeas. A exuber\u00e2ncia e a beleza da Laelia<br \/>\npurpurata lhe garantiram os t\u00edtulos de &#8220;Rainha das Orqu\u00eddeas do Sul&#8221;, &#8220;Rainha das<br \/>\nLaelias&#8221;, &#8220;Rainha das Florestas Litor\u00e2neas&#8221;, &#8220;Rainha das Selvas do Brasil Meridional&#8221; e<br \/>\n&#8220;Rainha das Orqu\u00eddeas do Brasil&#8221;.<\/p>\n<p>Essa esp\u00e9cie \u00e9 s\u00edmbolo do Estado de Santa Catarina, al\u00e9m<br \/>\nde ser s\u00edmbolo do Hemocentro do Estado de Santa Catarina (HEMOSC), na variedade<br \/>\n&#8220;Sangu\u00ednea&#8221; (arts. 4\u00ba, II, e 7\u00ba da Lei Estadual n\u00b0 17.308, de 6 de novembro de 2017). A<br \/>\nLaelia purpurata tamb\u00e9m \u00e9 a Flor S\u00edmbolo de Florian\u00f3polis (art. 1\u00ba da Lei Municipal n\u00ba<br \/>\n7.037, de 9 de maio de 2006). Inclusive, esta Casa criou a Semana Estadual da Laelia<br \/>\npurpurata (Lei n\u00ba 16.625, de 22 de maio de 2015), a ser comemorada na terceira<br \/>\nsemana do m\u00eas de novembro de cada ano, \u00e9poca na qual ocorre o \u00e1pice da sua<br \/>\nflora\u00e7\u00e3o.<\/p>\n<p>Atualmente, a Laelia purpurata \u00e9 raramente vista florida na<br \/>\nnatureza, de modo que muitas pessoas apenas podem conhec\u00ea-la e apreci\u00e1-la em<br \/>\nexposi\u00e7\u00f5es e Orquid\u00e1rios. Nesse sentido, objetiva-se a cria\u00e7\u00e3o do Orquid\u00e1rio vertical<br \/>\nda Assembleia Legislativa de Santa Catarina, no jardim interno. Com a institui\u00e7\u00e3o do<br \/>\nOrquid\u00e1rio, todos aqueles que visitam esta Casa no m\u00eas de novembro poder\u00e3o<br \/>\napreciar a sua magnifica flora\u00e7\u00e3o.<\/p>\n<p>Quanto ao nome cient\u00edfico da esp\u00e9cie da orqu\u00eddea, cumpre<br \/>\nesclarecer que foi recentemente reclassificada de Laelia purpurata para Cattleya<br \/>\npurpurata, embora permane\u00e7a popularmente conhecida conforme sua classifica\u00e7\u00e3o<br \/>\nanterior.<\/p>\n<p>Ante o exposto, a Mesa conta com o apoio do Plen\u00e1rio da<br \/>\nCasa para a aprova\u00e7\u00e3o deste Projeto de Resolu\u00e7\u00e3o.Biografia do Padre Raulino Reitz:<\/p>\n<p>Padre, historiador, bi\u00f3logo e um dos respons\u00e1veis pela<br \/>\ncria\u00e7\u00e3o da maior Unidade de Conserva\u00e7\u00e3o de Santa Catarina de prote\u00e7\u00e3o integral. Este<br \/>\n\u00e9 Raulino Reitz, nascido em 19 de setembro de 1919. Apesar de sua partida em 19 de<br \/>\nnovembro de 1990, o catarinense permanece vivo pelo legado singular que construiu e<br \/>\ndeixou ao longo de seus 71 anos de exist\u00eancia.<\/p>\n<p>O padre dedicou grande parte de sua vida ao levantamento<br \/>\nda flora catarinense. Descobriu para a ci\u00eancia universal cinco g\u00eaneros e 327 esp\u00e9cies<br \/>\nnovas. Coletou 30.073 plantas e emprestou seu nome a tr\u00eas g\u00eaneros novos e 59<br \/>\nesp\u00e9cies de plantas.<\/p>\n<p>Em 22 de junho de 1942 fundou o Herb\u00e1rio &#8220;Barbosa<br \/>\nRodrigues&#8221; que hoje conta com uma cole\u00e7\u00e3o de aproximadamente 70.000 exsicatas<br \/>\n(amostra de planta seca e prensada, usada para estudos e identifica\u00e7\u00e3o de esp\u00e9cies).<\/p>\n<p>Seus trabalhos de pesquisa atingiram as \u00e1reas de Bot\u00e2nica,<br \/>\nZoologia, Genealogia e Hist\u00f3ria. Sobre estes assuntos, publicou 45 livros e 114 artigos<br \/>\ncient\u00edficos. Foi editor da Revista Sellowia, iniciada em 1949, peri\u00f3dico de bot\u00e2nica sul-<br \/>\nbrasileiro. Idealizou e editorou a Flora Ilustrada Catarinense com 150 fam\u00edlias<br \/>\nimpressas em 172 fasc\u00edculos num total 12.500 p\u00e1ginas.<\/p>\n<p>Idealizou, sugeriu e promoveu a regulamenta\u00e7\u00e3o para que a<br \/>\norqu\u00eddea (Laelia purpurata) e a imbuia (Ocotea Porosa) fossem, respectivamente, a flor<br \/>\ne a \u00e1rvore s\u00edmbolos do Estado de Santa Catarina.<\/p>\n<p>Criou e implantou, no dia 8 de abril de 1961, o Parque<br \/>\nBot\u00e2nico do Morro do Ba\u00fa, em Ilhota, com 750 hectares. Neste mesmo sentido, por<br \/>\nmeio de exposi\u00e7\u00e3o e anteprojetos, participou diretamente da cria\u00e7\u00e3o das unidades de<br \/>\nconserva\u00e7\u00e3o catarinenses: Parque Estadual da Serra do Tabuleiro (1975); Parque<br \/>\nEstadual da Serra Furada (1980); das Reservas Biol\u00f3gicas do Sassafr\u00e1s (1977); do<br \/>\nAgua\u00ed e da Canela Preta (1980); das Esta\u00e7\u00f5es Ecol\u00f3gicas dos Carij\u00f3s, na Ilha de Santa<br \/>\nCatarina; dos Timb\u00e9s, nos munic\u00edpios de Timb\u00e9 do Sul e Meleiro; da Babitonga, nos<br \/>\nmunic\u00edpios de Garuva, Joinville, Araquari e S\u00e3o Francisco do Sul.<\/p>\n<p>Desempenhou os cargos de diretor do Jardim Bot\u00e2nico do<br \/>\nRio de Janeiro (1971-1975), e da Funda\u00e7\u00e3o do Meio Ambiente (Fatma), de 1976 a<br \/>\n1983.<\/p>\n<p>Entre v\u00e1rios pr\u00eamios recebidos pelos relevantes trabalhos<br \/>\nrealizados em favor do meio ambiente foi tamb\u00e9m agraciado com o Pr\u00eamio Global 500,<br \/>\nconcedido pelo PNUMA (Programa das Na\u00e7\u00f5es Unidas para o Meio Ambiente), na<br \/>\nCidade do M\u00e9xico, em 05 de junho de 1990, dia Mundial do Meio Ambiente.<\/p>\n<p>Pela sua passagem pela antiga Fatma e pela sua<br \/>\nfundamental atua\u00e7\u00e3o como bot\u00e2nico, o IMA entrega todos os anos o Pr\u00eamio Raulino<br \/>\nReitz que reconhece personalidades que, assim como o padre e bot\u00e2nico, tamb\u00e9m s\u00e3o<br \/>\n1<br \/>\nimportantes para a evolu\u00e7\u00e3o da preserva\u00e7\u00e3o do meio ambiente em Santa Catarina.<\/p>\n<p>1<br \/>\n19 DE SETEMBRO DE 2019: CENTEN\u00c1RIO DE NASCIMENTO DO PADRE<br \/>\nRAULINO REITZ, 19 de setembro de 2019. Dispon\u00edvel em:<br \/>\nhttps:\/\/www.ima.sc.gov.br\/index.php\/noticias\/1299-19-de- setembro-de-2019-<br \/>\ncentenario-de-nascimento-do-padre-raulino-reitz, Acesso em 3 de julho de 2025.ELEGIS<br \/>\nDocumento assinado eletronicamente por Ana Caroline<br \/>\nSistema de Processo<br \/>\nCampagnolo, em 07\/07\/2025, \u00e0s 17:30.<br \/>\nLegislativo Eletr\u00f4nico<br \/>\nELEGIS<br \/>\nDocumento assinado eletronicamente por Julio C\u00e9sar Garcia,<br \/>\nSistema de Processo<br \/>\nem 07\/07\/2025, \u00e0s 15:39.<br \/>\nLegislativo Eletr\u00f4nico<br \/>\nELEGIS<br \/>\nDocumento assinado eletronicamente por Lucas Felipe Melo<br \/>\nSistema de Processo<br \/>\nNeves, em 07\/07\/2025, \u00e0s 16:11.<br \/>\nLegislativo Eletr\u00f4nico<br \/>\nELEGIS<br \/>\nDocumento assinado eletronicamente por Marcos da Rosa, em<br \/>\nSistema de Processo<br \/>\n08\/07\/2025, \u00e0s 11:08.<br \/>\nLegislativo Eletr\u00f4nico<br \/>\nELEGIS<br \/>\nDocumento assinado eletronicamente por Oscar Gutz, em<br \/>\nSistema de Processo<br \/>\n07\/07\/2025, \u00e0s 15:48.<br \/>\nLegislativo Eletr\u00f4nico<\/article>\n<div style=\"text-align: center\">\n<div style=\"margin-bottom: 20px;\" class=\"et_pb_button_module_wrapper et_pb_button_5_tb_body_wrapper et_pb_button_alignment_center et_pb_module \">\n         <a class=\"et_pb_button et_pb_button_5_tb_body et_hover_enabled et_pb_bg_layout_dark\" style=\"width: 50%;background-color: black;\" href=\"https:\/\/app.legislapp.com.br\" target=\"_blank\" rel=\"noopener\">Visualizar completo na nossa plataforma (30 dias gr\u00e1tis)<\/a><\/p><\/div>\n<p>      <a href=\"https:\/\/play.google.com\/store\/apps\/details?id=br.com.legislapp\"><img decoding=\"async\" style=\"width: 15%; min-width: 130px;\" src=\"https:\/\/www.legislapp.com.br\/wp-content\/uploads\/google-play.png\"><\/a><br \/>\n      <a href=\"https:\/\/apps.apple.com\/us\/app\/legislapp\/id1568929859\"><img decoding=\"async\" style=\"width: 15%; min-width: 130px\" src=\"https:\/\/www.legislapp.com.br\/wp-content\/uploads\/apple-store.png\"><\/a>\n   <\/div>\n","protected":false},"excerpt":{"rendered":"<p>C\u00e2m. Legislativa de SC &#8211; Autoria de MESA Cria o orquid\u00e1rio vertical da Assembleia Legislativa do Estado de Santa Catarina e o denomina Orquid\u00e1rio Padre Raulino Reitz. ASSEMBLEIA LEGISLATIVA MESA ESTADO DE SANTA CATARINA PROJETO DE RESOLU\u00c7\u00c3O Cria o orquid\u00e1rio vertical da Assembleia Legislativa do Estado de Santa Catarina e o denomina Orquid\u00e1rio Padre Raulino [&hellip;]<\/p>\n","protected":false},"author":1,"featured_media":0,"parent":0,"menu_order":0,"comment_status":"closed","ping_status":"closed","template":"page-template-blank.php","meta":{"_et_pb_use_builder":"","_et_pb_old_content":"","_et_gb_content_width":"1080","ngg_post_thumbnail":0,"footnotes":""},"class_list":["post-8673","page","type-page","status-publish","hentry"],"yoast_head":"<!-- This site is optimized with the Yoast SEO plugin v24.4 - https:\/\/yoast.com\/wordpress\/plugins\/seo\/ -->\n<title>PRS\/0006\/2025 - MESA - Legislapp<\/title>\n<meta name=\"robots\" content=\"index, follow, max-snippet:-1, max-image-preview:large, max-video-preview:-1\" \/>\n<link rel=\"canonical\" href=\"https:\/\/www.legislapp.com.br\/index.php\/cam-legislativa-de-sc-prs-0006-2025-2\/\" \/>\n<meta property=\"og:locale\" content=\"pt_BR\" \/>\n<meta property=\"og:type\" content=\"article\" \/>\n<meta property=\"og:title\" content=\"PRS\/0006\/2025 - MESA - Legislapp\" \/>\n<meta property=\"og:description\" content=\"C\u00e2m. Legislativa de SC &#8211; Autoria de MESA Cria o orquid\u00e1rio vertical da Assembleia Legislativa do Estado de Santa Catarina e o denomina Orquid\u00e1rio Padre Raulino Reitz. ASSEMBLEIA LEGISLATIVA MESA ESTADO DE SANTA CATARINA PROJETO DE RESOLU\u00c7\u00c3O Cria o orquid\u00e1rio vertical da Assembleia Legislativa do Estado de Santa Catarina e o denomina Orquid\u00e1rio Padre Raulino [&hellip;]\" \/>\n<meta property=\"og:url\" content=\"https:\/\/www.legislapp.com.br\/index.php\/cam-legislativa-de-sc-prs-0006-2025-2\/\" \/>\n<meta property=\"og:site_name\" content=\"Legislapp\" \/>\n<meta property=\"article:publisher\" content=\"https:\/\/www.instagram.com\/legislapp\/\" \/>\n<meta property=\"og:image\" content=\"https:\/\/www.legislapp.com.br\/wp-content\/uploads\/google-play.png\" \/>\n<meta name=\"twitter:card\" content=\"summary_large_image\" \/>\n<meta name=\"twitter:label1\" content=\"Est. tempo de leitura\" \/>\n\t<meta name=\"twitter:data1\" content=\"6 minutos\" \/>\n<script type=\"application\/ld+json\" class=\"yoast-schema-graph\">{\"@context\":\"https:\/\/schema.org\",\"@graph\":[{\"@type\":\"WebPage\",\"@id\":\"https:\/\/www.legislapp.com.br\/index.php\/cam-legislativa-de-sc-prs-0006-2025-2\/\",\"url\":\"https:\/\/www.legislapp.com.br\/index.php\/cam-legislativa-de-sc-prs-0006-2025-2\/\",\"name\":\"PRS\/0006\/2025 - MESA - Legislapp\",\"isPartOf\":{\"@id\":\"https:\/\/www.legislapp.com.br\/#website\"},\"primaryImageOfPage\":{\"@id\":\"https:\/\/www.legislapp.com.br\/index.php\/cam-legislativa-de-sc-prs-0006-2025-2\/#primaryimage\"},\"image\":{\"@id\":\"https:\/\/www.legislapp.com.br\/index.php\/cam-legislativa-de-sc-prs-0006-2025-2\/#primaryimage\"},\"thumbnailUrl\":\"https:\/\/www.legislapp.com.br\/wp-content\/uploads\/google-play.png\",\"datePublished\":\"2025-10-08T14:47:49+00:00\",\"breadcrumb\":{\"@id\":\"https:\/\/www.legislapp.com.br\/index.php\/cam-legislativa-de-sc-prs-0006-2025-2\/#breadcrumb\"},\"inLanguage\":\"pt-BR\",\"potentialAction\":[{\"@type\":\"ReadAction\",\"target\":[\"https:\/\/www.legislapp.com.br\/index.php\/cam-legislativa-de-sc-prs-0006-2025-2\/\"]}]},{\"@type\":\"ImageObject\",\"inLanguage\":\"pt-BR\",\"@id\":\"https:\/\/www.legislapp.com.br\/index.php\/cam-legislativa-de-sc-prs-0006-2025-2\/#primaryimage\",\"url\":\"https:\/\/www.legislapp.com.br\/wp-content\/uploads\/google-play.png\",\"contentUrl\":\"https:\/\/www.legislapp.com.br\/wp-content\/uploads\/google-play.png\",\"width\":564,\"height\":168},{\"@type\":\"BreadcrumbList\",\"@id\":\"https:\/\/www.legislapp.com.br\/index.php\/cam-legislativa-de-sc-prs-0006-2025-2\/#breadcrumb\",\"itemListElement\":[{\"@type\":\"ListItem\",\"position\":1,\"name\":\"In\u00edcio\",\"item\":\"https:\/\/www.legislapp.com.br\/\"},{\"@type\":\"ListItem\",\"position\":2,\"name\":\"PRS\/0006\/2025 &#8211; MESA\"}]},{\"@type\":\"WebSite\",\"@id\":\"https:\/\/www.legislapp.com.br\/#website\",\"url\":\"https:\/\/www.legislapp.com.br\/\",\"name\":\"Legislapp\",\"description\":\"Intelig\u00eancia governamental em tempo real\",\"publisher\":{\"@id\":\"https:\/\/www.legislapp.com.br\/#organization\"},\"potentialAction\":[{\"@type\":\"SearchAction\",\"target\":{\"@type\":\"EntryPoint\",\"urlTemplate\":\"https:\/\/www.legislapp.com.br\/?s={search_term_string}\"},\"query-input\":{\"@type\":\"PropertyValueSpecification\",\"valueRequired\":true,\"valueName\":\"search_term_string\"}}],\"inLanguage\":\"pt-BR\"},{\"@type\":\"Organization\",\"@id\":\"https:\/\/www.legislapp.com.br\/#organization\",\"name\":\"Legislapp Monitoramento e Intelig\u00eancia Governamental\",\"url\":\"https:\/\/www.legislapp.com.br\/\",\"logo\":{\"@type\":\"ImageObject\",\"inLanguage\":\"pt-BR\",\"@id\":\"https:\/\/www.legislapp.com.br\/#\/schema\/logo\/image\/\",\"url\":\"https:\/\/www.legislapp.com.br\/wp-content\/uploads\/icon.png\",\"contentUrl\":\"https:\/\/www.legislapp.com.br\/wp-content\/uploads\/icon.png\",\"width\":1024,\"height\":1024,\"caption\":\"Legislapp Monitoramento e Intelig\u00eancia Governamental\"},\"image\":{\"@id\":\"https:\/\/www.legislapp.com.br\/#\/schema\/logo\/image\/\"},\"sameAs\":[\"https:\/\/www.instagram.com\/legislapp\/\"]}]}<\/script>\n<!-- \/ Yoast SEO plugin. -->","yoast_head_json":{"title":"PRS\/0006\/2025 - MESA - Legislapp","robots":{"index":"index","follow":"follow","max-snippet":"max-snippet:-1","max-image-preview":"max-image-preview:large","max-video-preview":"max-video-preview:-1"},"canonical":"https:\/\/www.legislapp.com.br\/index.php\/cam-legislativa-de-sc-prs-0006-2025-2\/","og_locale":"pt_BR","og_type":"article","og_title":"PRS\/0006\/2025 - MESA - Legislapp","og_description":"C\u00e2m. Legislativa de SC &#8211; Autoria de MESA Cria o orquid\u00e1rio vertical da Assembleia Legislativa do Estado de Santa Catarina e o denomina Orquid\u00e1rio Padre Raulino Reitz. ASSEMBLEIA LEGISLATIVA MESA ESTADO DE SANTA CATARINA PROJETO DE RESOLU\u00c7\u00c3O Cria o orquid\u00e1rio vertical da Assembleia Legislativa do Estado de Santa Catarina e o denomina Orquid\u00e1rio Padre Raulino [&hellip;]","og_url":"https:\/\/www.legislapp.com.br\/index.php\/cam-legislativa-de-sc-prs-0006-2025-2\/","og_site_name":"Legislapp","article_publisher":"https:\/\/www.instagram.com\/legislapp\/","og_image":[{"url":"https:\/\/www.legislapp.com.br\/wp-content\/uploads\/google-play.png","type":"","width":"","height":""}],"twitter_card":"summary_large_image","twitter_misc":{"Est. tempo de leitura":"6 minutos"},"schema":{"@context":"https:\/\/schema.org","@graph":[{"@type":"WebPage","@id":"https:\/\/www.legislapp.com.br\/index.php\/cam-legislativa-de-sc-prs-0006-2025-2\/","url":"https:\/\/www.legislapp.com.br\/index.php\/cam-legislativa-de-sc-prs-0006-2025-2\/","name":"PRS\/0006\/2025 - MESA - Legislapp","isPartOf":{"@id":"https:\/\/www.legislapp.com.br\/#website"},"primaryImageOfPage":{"@id":"https:\/\/www.legislapp.com.br\/index.php\/cam-legislativa-de-sc-prs-0006-2025-2\/#primaryimage"},"image":{"@id":"https:\/\/www.legislapp.com.br\/index.php\/cam-legislativa-de-sc-prs-0006-2025-2\/#primaryimage"},"thumbnailUrl":"https:\/\/www.legislapp.com.br\/wp-content\/uploads\/google-play.png","datePublished":"2025-10-08T14:47:49+00:00","breadcrumb":{"@id":"https:\/\/www.legislapp.com.br\/index.php\/cam-legislativa-de-sc-prs-0006-2025-2\/#breadcrumb"},"inLanguage":"pt-BR","potentialAction":[{"@type":"ReadAction","target":["https:\/\/www.legislapp.com.br\/index.php\/cam-legislativa-de-sc-prs-0006-2025-2\/"]}]},{"@type":"ImageObject","inLanguage":"pt-BR","@id":"https:\/\/www.legislapp.com.br\/index.php\/cam-legislativa-de-sc-prs-0006-2025-2\/#primaryimage","url":"https:\/\/www.legislapp.com.br\/wp-content\/uploads\/google-play.png","contentUrl":"https:\/\/www.legislapp.com.br\/wp-content\/uploads\/google-play.png","width":564,"height":168},{"@type":"BreadcrumbList","@id":"https:\/\/www.legislapp.com.br\/index.php\/cam-legislativa-de-sc-prs-0006-2025-2\/#breadcrumb","itemListElement":[{"@type":"ListItem","position":1,"name":"In\u00edcio","item":"https:\/\/www.legislapp.com.br\/"},{"@type":"ListItem","position":2,"name":"PRS\/0006\/2025 &#8211; MESA"}]},{"@type":"WebSite","@id":"https:\/\/www.legislapp.com.br\/#website","url":"https:\/\/www.legislapp.com.br\/","name":"Legislapp","description":"Intelig\u00eancia governamental em tempo real","publisher":{"@id":"https:\/\/www.legislapp.com.br\/#organization"},"potentialAction":[{"@type":"SearchAction","target":{"@type":"EntryPoint","urlTemplate":"https:\/\/www.legislapp.com.br\/?s={search_term_string}"},"query-input":{"@type":"PropertyValueSpecification","valueRequired":true,"valueName":"search_term_string"}}],"inLanguage":"pt-BR"},{"@type":"Organization","@id":"https:\/\/www.legislapp.com.br\/#organization","name":"Legislapp Monitoramento e Intelig\u00eancia Governamental","url":"https:\/\/www.legislapp.com.br\/","logo":{"@type":"ImageObject","inLanguage":"pt-BR","@id":"https:\/\/www.legislapp.com.br\/#\/schema\/logo\/image\/","url":"https:\/\/www.legislapp.com.br\/wp-content\/uploads\/icon.png","contentUrl":"https:\/\/www.legislapp.com.br\/wp-content\/uploads\/icon.png","width":1024,"height":1024,"caption":"Legislapp Monitoramento e Intelig\u00eancia Governamental"},"image":{"@id":"https:\/\/www.legislapp.com.br\/#\/schema\/logo\/image\/"},"sameAs":["https:\/\/www.instagram.com\/legislapp\/"]}]}},"_links":{"self":[{"href":"https:\/\/www.legislapp.com.br\/index.php\/wp-json\/wp\/v2\/pages\/8673","targetHints":{"allow":["GET"]}}],"collection":[{"href":"https:\/\/www.legislapp.com.br\/index.php\/wp-json\/wp\/v2\/pages"}],"about":[{"href":"https:\/\/www.legislapp.com.br\/index.php\/wp-json\/wp\/v2\/types\/page"}],"author":[{"embeddable":true,"href":"https:\/\/www.legislapp.com.br\/index.php\/wp-json\/wp\/v2\/users\/1"}],"replies":[{"embeddable":true,"href":"https:\/\/www.legislapp.com.br\/index.php\/wp-json\/wp\/v2\/comments?post=8673"}],"version-history":[{"count":0,"href":"https:\/\/www.legislapp.com.br\/index.php\/wp-json\/wp\/v2\/pages\/8673\/revisions"}],"wp:attachment":[{"href":"https:\/\/www.legislapp.com.br\/index.php\/wp-json\/wp\/v2\/media?parent=8673"}],"curies":[{"name":"wp","href":"https:\/\/api.w.org\/{rel}","templated":true}]}}