{"id":8676,"date":"2025-10-08T11:48:00","date_gmt":"2025-10-08T14:48:00","guid":{"rendered":"https:\/\/www.legislapp.com.br\/index.php\/cam-legislativa-de-sc-pl-0545-2025-2\/"},"modified":"2025-10-08T11:48:00","modified_gmt":"2025-10-08T14:48:00","slug":"cam-legislativa-de-sc-pl-0545-2025-2","status":"publish","type":"page","link":"https:\/\/www.legislapp.com.br\/index.php\/cam-legislativa-de-sc-pl-0545-2025-2\/","title":{"rendered":"PL.\/0545\/2025 &#8211; Governador do Estado"},"content":{"rendered":"<h1 style='text-align: center;'>C\u00e2m. Legislativa de SC &#8211; Autoria de Governador do Estado<\/h3>\n<p><\/p>\n<article style='text-align: center'>Altera a ementa e os arts. 1\u00ba e 7\u00ba da Lei n\u00ba 17.202, de 2017, que disp\u00f5e sobre a presta\u00e7\u00e3o de servi\u00e7o volunt\u00e1rio em atividades operacionais de emerg\u00eancia e programas e projetos sociais em apoio ao Corpo de Bombeiros Militar do Estado de Santa Catarina (CBMSC) e estabelece outras provid\u00eancias.<\/article>\n<p><\/p>\n<p style='text-align: center'><a href='https:\/\/app.legislapp.com.br\/#\/busca?termo='><\/a><\/p>\n<p><\/p>\n<article>ESTADO DE SANTA CATARINA<br \/>\nGABINETE DO GOVERNADOR  <\/p>\n<p>MENSAGEM N\u00ba 1002 <\/p>\n<p>EXCELENT\u00cdSSIMO SENHOR PRESIDENTE, SENHORAS<br \/>\nDEPUTADAS E SENHORES DEPUTADOS DA ASSEMBLEIA<br \/>\nLEGISLATIVA DO ESTADO <\/p>\n<p>Nos termos do art. 50 da Constitui\u00e7\u00e3o do Estado, submeto \u00e0<br \/>\nelevada delibera\u00e7\u00e3o dessa augusta Casa Legislativa, acompanhado de exposi\u00e7\u00e3o de<br \/>\nmotivos do Corpo de Bombeiros Militar do Estado de Santa Catarina, o projeto de lei que<br \/>\n\u201cAltera a ementa e os arts. 1\u00ba e 7\u00ba da Lei n\u00ba 17.202, de 2017, que disp\u00f5e sobre a presta\u00e7\u00e3o<br \/>\nde servi\u00e7o volunt\u00e1rio em atividades operacionais de emerg\u00eancia e programas e projetos<br \/>\nsociais em apoio ao Corpo de Bombeiros Militar do Estado de Santa Catarina (CBMSC) e<br \/>\nestabelece outras provid\u00eancias \u201d. <\/p>\n<p>Florian\u00f3polis, 8 de maio de 2025. <\/p>\n<p>JORGINHO MELLO<br \/>\nGovernador do Estado<br \/>\nmsl_PJ_135<br \/>\n69<br \/>\nP\u00e1g. 01 de 01 &#8211; Documento assinado digitalmente. Para confer\u00eancia, acesse o site https:\/\/portal.sgpe.sea.sc.gov.br\/portal-externo e informe o processo CBMSC 00026406\/2023 e o c\u00f3digo K43RW01J.Assinaturas do documento<\/p>\n<p>C\u00f3digo para verifica\u00e7\u00e3o: K43RW01J<\/p>\n<p>Este documento foi assinado digitalmente pelos seguintes signat\u00e1rios nas datas indicadas:<\/p>\n<p>JORGINHO DOS SANTOS MELLO (CPF: 250.XXX.199-XX) em 08\/05\/2025 \u00e0s 19:30:41<br \/>\nEmitido por: &#8220;SGP-e&#8221;, emitido em 14\/04\/2023 &#8211; 11:54:30 e v\u00e1lido at\u00e9 14\/04\/2123 &#8211; 11:54:30.<br \/>\n(Assinatura do sistema)<\/p>\n<p>Para verificar a autenticidade desta c\u00f3pia, acesse o link https:\/\/portal.sgpe.sea.sc.gov.br\/portal-externo\/conferencia-<br \/>\ndocumento\/Q0JNU0NfOTk5Ml8wMDAyNjQwNl8yNjU5N18yMDIzX0s0M1JXMDFK ou o site<br \/>\nhttps:\/\/portal.sgpe.sea.sc.gov.br\/portal-externo e informe o processo CBMSC 00026406\/2023 e o c\u00f3digo<br \/>\nK43RW01J ou aponte a c\u00e2mera para o QR Code presente nesta p\u00e1gina para realizar a confer\u00eancia.<br \/>\nESTADO DE SANTA CATARINA<br \/>\nCORPO DE BOMBEIROS MILITAR DE SANTA CATARINA<br \/>\nCOMANDO-GERAL (Florian\u00f3polis) <\/p>\n<p>EM n\u00ba 9\/2025 Florian\u00f3polis, data da assinatura digital. <\/p>\n<p>Senhor Governador, <\/p>\n<p>Submeto \u00e0 aprecia\u00e7\u00e3o de Vossa Excel\u00eancia o Processo CBMSC 26406\/2023, relativo \u00e0<br \/>\nproposi\u00e7\u00e3o de Minuta de Lei a fim de alterar a ementa e o art 1\u00ba Lei n\u00ba 17.202, de 19 de julho de<br \/>\n2017 que disp\u00f5e sobre a presta\u00e7\u00e3o de servi\u00e7o volunt\u00e1rio em atividades operacionais de<br \/>\nemerg\u00eancia e programas e projetos sociais em apoio ao Corpo de Bombeiros Militar do Estado de<br \/>\nSanta Catarina (CBMSC) e estabelece outras provid\u00eancias. <\/p>\n<p>O cerne desta proposi\u00e7\u00e3o consiste na remo\u00e7\u00e3o do termo &#8220;de emerg\u00eancia&#8221; em rela\u00e7\u00e3o \u00e0s<br \/>\natividades operacionais que podem ser desempenhadas pelo servi\u00e7o volunt\u00e1rio. Isso se deve ao<br \/>\nfato de que a express\u00e3o &#8220;atividade operacional de emerg\u00eancia&#8221; restringe apenas \u00e0s atividades de<br \/>\natendimento a chamadas de emerg\u00eancias relacionadas a danos ou preju\u00edzos, com ou sem<br \/>\nv\u00edtimas; riscos iminentes; previs\u00e3o de risco iminente; e averigua\u00e7\u00e3o de riscos; ou seja, s\u00e3o as<br \/>\nocorr\u00eancias. <\/p>\n<p>Nesse contexto, a supress\u00e3o do adjetivo &#8220;emerg\u00eancia&#8221; ampliar\u00e1 o alcance das atividades<br \/>\nque podem ser apoiadas pelo servi\u00e7o volunt\u00e1rio, englobando, assim, aquelas que demandam<br \/>\nrecursos do CBMSC, mas que n\u00e3o envolvem situa\u00e7\u00f5es de dano, preju\u00edzo, risco ou v\u00edtimas. Isso<br \/>\ninclui as atividades relacionadas \u00e0 preven\u00e7\u00e3o em eventos p\u00fablicos, apoio em treinamentos e<br \/>\nsimulados, por exemplo. <\/p>\n<p>Face ao atual d\u00e9ficit de pessoal na Corpora\u00e7\u00e3o, a modifica\u00e7\u00e3o proposta reveste-se de<br \/>\nextrema relev\u00e2ncia, de forma que permita aos prestadores de servi\u00e7os volunt\u00e1rios apoiarem as<br \/>\natividades realizadas pela Corpora\u00e7\u00e3o, surgindo assim como uma alternativa para suprir esta<br \/>\nlacuna. <\/p>\n<p>Por fim, a solicita\u00e7\u00e3o de inclus\u00e3o dos alunos para a cobertura de segura-sa\u00fade se d\u00e1 posto<br \/>\nque os treinamentos e est\u00e1gios operacionais tamb\u00e9m  exp\u00f5em os alunos a situa\u00e7\u00f5es que possam<br \/>\ncausar enfermidade ou acidentes, principalmente no est\u00e1gio operacional do curso quando o aluno<br \/>\nparticipa efetivamente de ocorr\u00eancias. <\/p>\n<p>Diante do acima exposto, haja vista a relev\u00e2ncia da proposta para o CBMSC, solicito que<br \/>\nseja dado o devido encaminhamento a fim de viabilizar sua aprova\u00e7\u00e3o. <\/p>\n<p>Respeitosamente, <\/p>\n<p>65<\/p>\n<p>P\u00e1g. 01 de 02 &#8211; Documento assinado digitalmente. Para confer\u00eancia, acesse o site https:\/\/portal.sgpe.sea.sc.gov.br\/portal-externo e informe o processo CBMSC 00026406\/2023 e o c\u00f3digo V1JA86G9.ESTADO DE SANTA CATARINA<br \/>\nCORPO DE BOMBEIROS MILITAR DE SANTA CATARINA<br \/>\nCOMANDO GERAL (Florian\u00f3polis)<br \/>\n  Coronel BM FABIANO DE SOUZA<br \/>\n  Comandante-Geral do CBMSC<br \/>\n(assinado digitalmente)<br \/>\n66<br \/>\nP\u00e1g. 02 de 02 &#8211; Documento assinado digitalmente. Para confer\u00eancia, acesse o site https:\/\/portal.sgpe.sea.sc.gov.br\/portal-externo e informe o processo CBMSC 00026406\/2023 e o c\u00f3digo V1JA86G9.Assinaturas do documento<\/p>\n<p>C\u00f3digo para verifica\u00e7\u00e3o: V1JA86G9<\/p>\n<p>Este documento foi assinado digitalmente pelos seguintes signat\u00e1rios nas datas indicadas:<\/p>\n<p>FABIANO DE SOUZA (CPF: 021.XXX.519-XX) em 07\/03\/2025 \u00e0s 17:12:20<br \/>\nEmitido por: &#8220;SGP-e&#8221;, emitido em 20\/02\/2019 &#8211; 10:52:47 e v\u00e1lido at\u00e9 20\/02\/2119 &#8211; 10:52:47.<br \/>\n(Assinatura do sistema)<\/p>\n<p>Para verificar a autenticidade desta c\u00f3pia, acesse o link https:\/\/portal.sgpe.sea.sc.gov.br\/portal-externo\/conferencia-<br \/>\ndocumento\/Q0JNU0NfOTk5Ml8wMDAyNjQwNl8yNjU5N18yMDIzX1YxSkE4Nkc5 ou o site<br \/>\nhttps:\/\/portal.sgpe.sea.sc.gov.br\/portal-externo e informe o processo CBMSC 00026406\/2023 e o c\u00f3digo<br \/>\nV1JA86G9 ou aponte a c\u00e2mera para o QR Code presente nesta p\u00e1gina para realizar a confer\u00eancia.<br \/>\nESTADO DE SANTA CATARINA <\/p>\n<p>PROJETO DE LEI N\u00ba <\/p>\n<p>Altera a ementa e os arts. 1\u00ba e 7\u00ba da Lei n\u00ba 17.202, de 2017,<br \/>\nque disp\u00f5e sobre a presta\u00e7\u00e3o de servi\u00e7o volunt\u00e1rio em<br \/>\natividades operacionais de emerg\u00eancia e programas e projetos<br \/>\nsociais em apoio ao Corpo de Bombeiros Militar do Estado de<br \/>\nSanta Catarina (CBMSC) e estabelece outras provid\u00eancias. <\/p>\n<p>O GOVERNADOR DO ESTADO DE SANTA CATARINA<br \/>\nFa\u00e7o saber a todos os habitantes deste Estado que a<br \/>\nAssembleia Legislativa decreta e eu sanciono a seguinte Lei: <\/p>\n<p>Art. 1\u00ba A ementa da Lei n\u00ba 17.202, de 19 de julho de 2017, passa<br \/>\na vigorar com a seguinte reda\u00e7\u00e3o: <\/p>\n<p>\u201cDisp\u00f5e sobre a presta\u00e7\u00e3o de servi\u00e7o volunt\u00e1rio em atividades<br \/>\noperacionais e programas e projetos sociais em apoio ao Corpo<br \/>\nde Bombeiros Militar do Estado de Santa Catarina (CBMSC) e<br \/>\nestabelece outras provid\u00eancias.\u201d (NR) <\/p>\n<p>Art. 2\u00ba O art. 1\u00ba da Lei n\u00ba 17.202, de 2017, passa a vigorar com<br \/>\na seguinte reda\u00e7\u00e3o: <\/p>\n<p>\u201cArt. 1\u00ba Fica o Poder Executivo autorizado a promover a<br \/>\npresta\u00e7\u00e3o de servi\u00e7o volunt\u00e1rio em atividades operacionais e programas e projetos sociais<br \/>\nem apoio ao Corpo de Bombeiros Militar do Estado de Santa Catarina (CBMSC). <\/p>\n<p>&#8230;&#8230;&#8230;&#8230;&#8230;&#8230;&#8230;&#8230;&#8230;&#8230;&#8230;&#8230;&#8230;&#8230;&#8230;&#8230;&#8230;&#8230;&#8230;&#8230;&#8230;&#8230;&#8230;&#8230;&#8230;&#8230;&#8230;&#8230;&#8230;&#8230;..\u201d (NR) <\/p>\n<p>Art. 3\u00ba O art. 7\u00ba da Lei n\u00ba 17.202, de 2017, passa a vigorar com<br \/>\na seguinte reda\u00e7\u00e3o: <\/p>\n<p>\u201cArt. 7\u00ba \u2026\u2026\u2026\u2026\u2026\u2026\u2026\u2026\u2026\u2026&#8230;\u2026\u2026\u2026\u2026\u2026\u2026\u2026\u2026\u2026\u2026\u2026\u2026\u2026\u2026. <\/p>\n<p>&#8230;&#8230;&#8230;&#8230;&#8230;&#8230;&#8230;&#8230;&#8230;&#8230;&#8230;&#8230;&#8230;&#8230;&#8230;&#8230;&#8230;&#8230;&#8230;&#8230;&#8230;&#8230;&#8230;&#8230;&#8230;&#8230;&#8230;&#8230;&#8230;&#8230;&#8230;&#8230;&#8230;&#8230; <\/p>\n<p>\u00a7 4\u00ba Fica o benef\u00edcio disposto no inciso I do caput deste artigo<br \/>\nestendido aos alunos dos cursos de que trata o art. 2\u00ba desta Lei, em raz\u00e3o da natureza das<br \/>\natividades realizadas nos treinamentos e est\u00e1gios operacionais.\u201d (NR) <\/p>\n<p>Art. 4\u00ba Esta Lei entra em vigor na data de sua publica\u00e7\u00e3o. <\/p>\n<p>Florian\u00f3polis, <\/p>\n<p>JORGINHO MELLO<br \/>\nGovernador do Estado<br \/>\nPJ_135  CBMSC 26406\/2023<br \/>\n68<br \/>\nP\u00e1g. 01 de 01 &#8211; Documento assinado digitalmente. Para confer\u00eancia, acesse o site https:\/\/portal.sgpe.sea.sc.gov.br\/portal-externo e informe o processo CBMSC 00026406\/2023 e o c\u00f3digo 27C58JKN.Assinaturas do documento<\/p>\n<p>C\u00f3digo para verifica\u00e7\u00e3o: 27C58JKN<\/p>\n<p>Este documento foi assinado digitalmente pelos seguintes signat\u00e1rios nas datas indicadas:<\/p>\n<p>JORGINHO DOS SANTOS MELLO (CPF: 250.XXX.199-XX) em 08\/05\/2025 \u00e0s 19:30:41<br \/>\nEmitido por: &#8220;SGP-e&#8221;, emitido em 14\/04\/2023 &#8211; 11:54:30 e v\u00e1lido at\u00e9 14\/04\/2123 &#8211; 11:54:30.<br \/>\n(Assinatura do sistema)<\/p>\n<p>Para verificar a autenticidade desta c\u00f3pia, acesse o link https:\/\/portal.sgpe.sea.sc.gov.br\/portal-externo\/conferencia-<br \/>\ndocumento\/Q0JNU0NfOTk5Ml8wMDAyNjQwNl8yNjU5N18yMDIzXzI3QzU4SktO ou o site<br \/>\nhttps:\/\/portal.sgpe.sea.sc.gov.br\/portal-externo e informe o processo CBMSC 00026406\/2023 e o c\u00f3digo<br \/>\n27C58JKN ou aponte a c\u00e2mera para o QR Code presente nesta p\u00e1gina para realizar a confer\u00eancia.<br \/>\n<\/article>\n<div style=\"text-align: center\">\n<div style=\"margin-bottom: 20px;\" class=\"et_pb_button_module_wrapper et_pb_button_5_tb_body_wrapper et_pb_button_alignment_center et_pb_module \">\n         <a class=\"et_pb_button et_pb_button_5_tb_body et_hover_enabled et_pb_bg_layout_dark\" style=\"width: 50%;background-color: black;\" href=\"https:\/\/app.legislapp.com.br\" target=\"_blank\" rel=\"noopener\">Visualizar completo na nossa plataforma (30 dias gr\u00e1tis)<\/a><\/p><\/div>\n<p>      <a href=\"https:\/\/play.google.com\/store\/apps\/details?id=br.com.legislapp\"><img decoding=\"async\" style=\"width: 15%; min-width: 130px;\" src=\"https:\/\/www.legislapp.com.br\/wp-content\/uploads\/google-play.png\"><\/a><br \/>\n      <a href=\"https:\/\/apps.apple.com\/us\/app\/legislapp\/id1568929859\"><img decoding=\"async\" style=\"width: 15%; min-width: 130px\" src=\"https:\/\/www.legislapp.com.br\/wp-content\/uploads\/apple-store.png\"><\/a>\n   <\/div>\n","protected":false},"excerpt":{"rendered":"<p>C\u00e2m. Legislativa de SC &#8211; Autoria de Governador do Estado Altera a ementa e os arts. 1\u00ba e 7\u00ba da Lei n\u00ba 17.202, de 2017, que disp\u00f5e sobre a presta\u00e7\u00e3o de servi\u00e7o volunt\u00e1rio em atividades operacionais de emerg\u00eancia e programas e projetos sociais em apoio ao Corpo de Bombeiros Militar do Estado de Santa Catarina [&hellip;]<\/p>\n","protected":false},"author":1,"featured_media":0,"parent":0,"menu_order":0,"comment_status":"closed","ping_status":"closed","template":"page-template-blank.php","meta":{"_et_pb_use_builder":"","_et_pb_old_content":"","_et_gb_content_width":"1080","ngg_post_thumbnail":0,"footnotes":""},"class_list":["post-8676","page","type-page","status-publish","hentry"],"yoast_head":"<!-- This site is optimized with the Yoast SEO plugin v24.4 - https:\/\/yoast.com\/wordpress\/plugins\/seo\/ -->\n<title>PL.\/0545\/2025 - Governador do Estado - Legislapp<\/title>\n<meta name=\"robots\" content=\"index, follow, max-snippet:-1, max-image-preview:large, max-video-preview:-1\" \/>\n<link rel=\"canonical\" href=\"https:\/\/www.legislapp.com.br\/index.php\/cam-legislativa-de-sc-pl-0545-2025-2\/\" \/>\n<meta property=\"og:locale\" content=\"pt_BR\" \/>\n<meta property=\"og:type\" content=\"article\" \/>\n<meta property=\"og:title\" content=\"PL.\/0545\/2025 - Governador do Estado - Legislapp\" \/>\n<meta property=\"og:description\" content=\"C\u00e2m. Legislativa de SC &#8211; Autoria de Governador do Estado Altera a ementa e os arts. 1\u00ba e 7\u00ba da Lei n\u00ba 17.202, de 2017, que disp\u00f5e sobre a presta\u00e7\u00e3o de servi\u00e7o volunt\u00e1rio em atividades operacionais de emerg\u00eancia e programas e projetos sociais em apoio ao Corpo de Bombeiros Militar do Estado de Santa Catarina [&hellip;]\" \/>\n<meta property=\"og:url\" content=\"https:\/\/www.legislapp.com.br\/index.php\/cam-legislativa-de-sc-pl-0545-2025-2\/\" \/>\n<meta property=\"og:site_name\" content=\"Legislapp\" \/>\n<meta property=\"article:publisher\" content=\"https:\/\/www.instagram.com\/legislapp\/\" \/>\n<meta property=\"og:image\" content=\"https:\/\/www.legislapp.com.br\/wp-content\/uploads\/google-play.png\" \/>\n<meta name=\"twitter:card\" content=\"summary_large_image\" \/>\n<meta name=\"twitter:label1\" content=\"Est. tempo de leitura\" \/>\n\t<meta name=\"twitter:data1\" content=\"7 minutos\" \/>\n<script type=\"application\/ld+json\" class=\"yoast-schema-graph\">{\"@context\":\"https:\/\/schema.org\",\"@graph\":[{\"@type\":\"WebPage\",\"@id\":\"https:\/\/www.legislapp.com.br\/index.php\/cam-legislativa-de-sc-pl-0545-2025-2\/\",\"url\":\"https:\/\/www.legislapp.com.br\/index.php\/cam-legislativa-de-sc-pl-0545-2025-2\/\",\"name\":\"PL.\/0545\/2025 - Governador do Estado - Legislapp\",\"isPartOf\":{\"@id\":\"https:\/\/www.legislapp.com.br\/#website\"},\"primaryImageOfPage\":{\"@id\":\"https:\/\/www.legislapp.com.br\/index.php\/cam-legislativa-de-sc-pl-0545-2025-2\/#primaryimage\"},\"image\":{\"@id\":\"https:\/\/www.legislapp.com.br\/index.php\/cam-legislativa-de-sc-pl-0545-2025-2\/#primaryimage\"},\"thumbnailUrl\":\"https:\/\/www.legislapp.com.br\/wp-content\/uploads\/google-play.png\",\"datePublished\":\"2025-10-08T14:48:00+00:00\",\"breadcrumb\":{\"@id\":\"https:\/\/www.legislapp.com.br\/index.php\/cam-legislativa-de-sc-pl-0545-2025-2\/#breadcrumb\"},\"inLanguage\":\"pt-BR\",\"potentialAction\":[{\"@type\":\"ReadAction\",\"target\":[\"https:\/\/www.legislapp.com.br\/index.php\/cam-legislativa-de-sc-pl-0545-2025-2\/\"]}]},{\"@type\":\"ImageObject\",\"inLanguage\":\"pt-BR\",\"@id\":\"https:\/\/www.legislapp.com.br\/index.php\/cam-legislativa-de-sc-pl-0545-2025-2\/#primaryimage\",\"url\":\"https:\/\/www.legislapp.com.br\/wp-content\/uploads\/google-play.png\",\"contentUrl\":\"https:\/\/www.legislapp.com.br\/wp-content\/uploads\/google-play.png\",\"width\":564,\"height\":168},{\"@type\":\"BreadcrumbList\",\"@id\":\"https:\/\/www.legislapp.com.br\/index.php\/cam-legislativa-de-sc-pl-0545-2025-2\/#breadcrumb\",\"itemListElement\":[{\"@type\":\"ListItem\",\"position\":1,\"name\":\"In\u00edcio\",\"item\":\"https:\/\/www.legislapp.com.br\/\"},{\"@type\":\"ListItem\",\"position\":2,\"name\":\"PL.\/0545\/2025 &#8211; Governador do Estado\"}]},{\"@type\":\"WebSite\",\"@id\":\"https:\/\/www.legislapp.com.br\/#website\",\"url\":\"https:\/\/www.legislapp.com.br\/\",\"name\":\"Legislapp\",\"description\":\"Intelig\u00eancia governamental em tempo real\",\"publisher\":{\"@id\":\"https:\/\/www.legislapp.com.br\/#organization\"},\"potentialAction\":[{\"@type\":\"SearchAction\",\"target\":{\"@type\":\"EntryPoint\",\"urlTemplate\":\"https:\/\/www.legislapp.com.br\/?s={search_term_string}\"},\"query-input\":{\"@type\":\"PropertyValueSpecification\",\"valueRequired\":true,\"valueName\":\"search_term_string\"}}],\"inLanguage\":\"pt-BR\"},{\"@type\":\"Organization\",\"@id\":\"https:\/\/www.legislapp.com.br\/#organization\",\"name\":\"Legislapp Monitoramento e Intelig\u00eancia Governamental\",\"url\":\"https:\/\/www.legislapp.com.br\/\",\"logo\":{\"@type\":\"ImageObject\",\"inLanguage\":\"pt-BR\",\"@id\":\"https:\/\/www.legislapp.com.br\/#\/schema\/logo\/image\/\",\"url\":\"https:\/\/www.legislapp.com.br\/wp-content\/uploads\/icon.png\",\"contentUrl\":\"https:\/\/www.legislapp.com.br\/wp-content\/uploads\/icon.png\",\"width\":1024,\"height\":1024,\"caption\":\"Legislapp Monitoramento e Intelig\u00eancia Governamental\"},\"image\":{\"@id\":\"https:\/\/www.legislapp.com.br\/#\/schema\/logo\/image\/\"},\"sameAs\":[\"https:\/\/www.instagram.com\/legislapp\/\"]}]}<\/script>\n<!-- \/ Yoast SEO plugin. -->","yoast_head_json":{"title":"PL.\/0545\/2025 - Governador do Estado - Legislapp","robots":{"index":"index","follow":"follow","max-snippet":"max-snippet:-1","max-image-preview":"max-image-preview:large","max-video-preview":"max-video-preview:-1"},"canonical":"https:\/\/www.legislapp.com.br\/index.php\/cam-legislativa-de-sc-pl-0545-2025-2\/","og_locale":"pt_BR","og_type":"article","og_title":"PL.\/0545\/2025 - Governador do Estado - Legislapp","og_description":"C\u00e2m. Legislativa de SC &#8211; Autoria de Governador do Estado Altera a ementa e os arts. 1\u00ba e 7\u00ba da Lei n\u00ba 17.202, de 2017, que disp\u00f5e sobre a presta\u00e7\u00e3o de servi\u00e7o volunt\u00e1rio em atividades operacionais de emerg\u00eancia e programas e projetos sociais em apoio ao Corpo de Bombeiros Militar do Estado de Santa Catarina [&hellip;]","og_url":"https:\/\/www.legislapp.com.br\/index.php\/cam-legislativa-de-sc-pl-0545-2025-2\/","og_site_name":"Legislapp","article_publisher":"https:\/\/www.instagram.com\/legislapp\/","og_image":[{"url":"https:\/\/www.legislapp.com.br\/wp-content\/uploads\/google-play.png","type":"","width":"","height":""}],"twitter_card":"summary_large_image","twitter_misc":{"Est. tempo de leitura":"7 minutos"},"schema":{"@context":"https:\/\/schema.org","@graph":[{"@type":"WebPage","@id":"https:\/\/www.legislapp.com.br\/index.php\/cam-legislativa-de-sc-pl-0545-2025-2\/","url":"https:\/\/www.legislapp.com.br\/index.php\/cam-legislativa-de-sc-pl-0545-2025-2\/","name":"PL.\/0545\/2025 - Governador do Estado - Legislapp","isPartOf":{"@id":"https:\/\/www.legislapp.com.br\/#website"},"primaryImageOfPage":{"@id":"https:\/\/www.legislapp.com.br\/index.php\/cam-legislativa-de-sc-pl-0545-2025-2\/#primaryimage"},"image":{"@id":"https:\/\/www.legislapp.com.br\/index.php\/cam-legislativa-de-sc-pl-0545-2025-2\/#primaryimage"},"thumbnailUrl":"https:\/\/www.legislapp.com.br\/wp-content\/uploads\/google-play.png","datePublished":"2025-10-08T14:48:00+00:00","breadcrumb":{"@id":"https:\/\/www.legislapp.com.br\/index.php\/cam-legislativa-de-sc-pl-0545-2025-2\/#breadcrumb"},"inLanguage":"pt-BR","potentialAction":[{"@type":"ReadAction","target":["https:\/\/www.legislapp.com.br\/index.php\/cam-legislativa-de-sc-pl-0545-2025-2\/"]}]},{"@type":"ImageObject","inLanguage":"pt-BR","@id":"https:\/\/www.legislapp.com.br\/index.php\/cam-legislativa-de-sc-pl-0545-2025-2\/#primaryimage","url":"https:\/\/www.legislapp.com.br\/wp-content\/uploads\/google-play.png","contentUrl":"https:\/\/www.legislapp.com.br\/wp-content\/uploads\/google-play.png","width":564,"height":168},{"@type":"BreadcrumbList","@id":"https:\/\/www.legislapp.com.br\/index.php\/cam-legislativa-de-sc-pl-0545-2025-2\/#breadcrumb","itemListElement":[{"@type":"ListItem","position":1,"name":"In\u00edcio","item":"https:\/\/www.legislapp.com.br\/"},{"@type":"ListItem","position":2,"name":"PL.\/0545\/2025 &#8211; Governador do Estado"}]},{"@type":"WebSite","@id":"https:\/\/www.legislapp.com.br\/#website","url":"https:\/\/www.legislapp.com.br\/","name":"Legislapp","description":"Intelig\u00eancia governamental em tempo real","publisher":{"@id":"https:\/\/www.legislapp.com.br\/#organization"},"potentialAction":[{"@type":"SearchAction","target":{"@type":"EntryPoint","urlTemplate":"https:\/\/www.legislapp.com.br\/?s={search_term_string}"},"query-input":{"@type":"PropertyValueSpecification","valueRequired":true,"valueName":"search_term_string"}}],"inLanguage":"pt-BR"},{"@type":"Organization","@id":"https:\/\/www.legislapp.com.br\/#organization","name":"Legislapp Monitoramento e Intelig\u00eancia Governamental","url":"https:\/\/www.legislapp.com.br\/","logo":{"@type":"ImageObject","inLanguage":"pt-BR","@id":"https:\/\/www.legislapp.com.br\/#\/schema\/logo\/image\/","url":"https:\/\/www.legislapp.com.br\/wp-content\/uploads\/icon.png","contentUrl":"https:\/\/www.legislapp.com.br\/wp-content\/uploads\/icon.png","width":1024,"height":1024,"caption":"Legislapp Monitoramento e Intelig\u00eancia Governamental"},"image":{"@id":"https:\/\/www.legislapp.com.br\/#\/schema\/logo\/image\/"},"sameAs":["https:\/\/www.instagram.com\/legislapp\/"]}]}},"_links":{"self":[{"href":"https:\/\/www.legislapp.com.br\/index.php\/wp-json\/wp\/v2\/pages\/8676","targetHints":{"allow":["GET"]}}],"collection":[{"href":"https:\/\/www.legislapp.com.br\/index.php\/wp-json\/wp\/v2\/pages"}],"about":[{"href":"https:\/\/www.legislapp.com.br\/index.php\/wp-json\/wp\/v2\/types\/page"}],"author":[{"embeddable":true,"href":"https:\/\/www.legislapp.com.br\/index.php\/wp-json\/wp\/v2\/users\/1"}],"replies":[{"embeddable":true,"href":"https:\/\/www.legislapp.com.br\/index.php\/wp-json\/wp\/v2\/comments?post=8676"}],"version-history":[{"count":0,"href":"https:\/\/www.legislapp.com.br\/index.php\/wp-json\/wp\/v2\/pages\/8676\/revisions"}],"wp:attachment":[{"href":"https:\/\/www.legislapp.com.br\/index.php\/wp-json\/wp\/v2\/media?parent=8676"}],"curies":[{"name":"wp","href":"https:\/\/api.w.org\/{rel}","templated":true}]}}