{"id":8681,"date":"2025-10-08T11:48:19","date_gmt":"2025-10-08T14:48:19","guid":{"rendered":"https:\/\/www.legislapp.com.br\/index.php\/cam-legislativa-de-sc-pl-0470-2025-2\/"},"modified":"2025-10-08T11:48:19","modified_gmt":"2025-10-08T14:48:19","slug":"cam-legislativa-de-sc-pl-0470-2025-2","status":"publish","type":"page","link":"https:\/\/www.legislapp.com.br\/index.php\/cam-legislativa-de-sc-pl-0470-2025-2\/","title":{"rendered":"PL.\/0470\/2025 &#8211; Paulinha"},"content":{"rendered":"<h1 style='text-align: center;'>C\u00e2m. Legislativa de SC &#8211; Autoria de Paulinha<\/h3>\n<p><\/p>\n<article style='text-align: center'>Autoriza o Poder Executivo a instituir pol\u00edtica de assist\u00eancia psicopedag\u00f3gica nas escolas da rede p\u00fablica estadual, com equipes multidisciplinares para preven\u00e7\u00e3o e acompanhamento de dificuldades de aprendizagem.<\/article>\n<p><\/p>\n<p style='text-align: center'><a href='https:\/\/app.legislapp.com.br\/#\/busca?termo='><\/a><\/p>\n<p><\/p>\n<article>ASSEMBLEIA LEGISLATIVA GABINETE DEPUTADA<br \/>\nESTADO DE SANTA CATARINA PAULINHA<\/p>\n<p>PROJETO DE LEI<\/p>\n<p>Autoriza o Poder Executivo a instituir pol\u00edtica de assist\u00eancia<br \/>\npsicopedag\u00f3gica nas escolas da rede p\u00fablica estadual, com<br \/>\nequipes multidisciplinares para preven\u00e7\u00e3o e<br \/>\nacompanhamento de dificuldades de aprendizagem.<\/p>\n<p>Art. 1\u00ba Fica o Poder Executivo autorizado a instituir, no<br \/>\n\u00e2mbito da rede p\u00fablica estadual de ensino de Santa Catarina, a pol\u00edtica de assist\u00eancia<br \/>\npsicopedag\u00f3gica com o objetivo de prevenir, identificar e acompanhar dificuldades de<br \/>\naprendizagem dos estudantes.<\/p>\n<p>Art. 2\u00ba Caso implantada, a assist\u00eancia psicopedag\u00f3gica ser\u00e1<br \/>\nrealizada por equipes multidisciplinares, compostas, preferencialmente, por:<\/p>\n<p>I \u2013 psic\u00f3logos;<br \/>\nII \u2013 pedagogos;<br \/>\nIII \u2013 psicopedagogos;<br \/>\nIV \u2013 assistentes sociais;<br \/>\nV \u2013 profissionais de \u00e1reas afins, conforme regulamenta\u00e7\u00e3o.  <\/p>\n<p>Art. 3\u00ba A pol\u00edtica de assist\u00eancia psicopedag\u00f3gica dever\u00e1<br \/>\nobservar as seguintes diretrizes:<br \/>\nI \u2013 atua\u00e7\u00e3o preventiva e cont\u00ednua junto aos estudantes;<br \/>\nII \u2013 integra\u00e7\u00e3o com a equipe pedag\u00f3gica da escola;<br \/>\nIII \u2013 envolvimento das fam\u00edlias no processo de<br \/>\nacompanhamento;<br \/>\nIV \u2013 articula\u00e7\u00e3o com os servi\u00e7os de sa\u00fade e assist\u00eancia<br \/>\nsocial;<br \/>\nV \u2013 respeito \u00e0 individualidade e aos direitos da crian\u00e7a e do<br \/>\nadolescente.  <\/p>\n<p>Art. 4\u00ba O Poder Executivo poder\u00e1 celebrar conv\u00eanios ou<br \/>\nparcerias com munic\u00edpios, universidades, institui\u00e7\u00f5es p\u00fablicas ou privadas e<br \/>\norganiza\u00e7\u00f5es da sociedade civil para a execu\u00e7\u00e3o e o fortalecimento da pol\u00edtica prevista<br \/>\nnesta Lei.<\/p>\n<p>Art. 5\u00ba As despesas decorrentes da eventual implementa\u00e7\u00e3o<br \/>\ndesta Lei correr\u00e3o por conta de dota\u00e7\u00f5es or\u00e7ament\u00e1rias pr\u00f3prias, podendo ser<br \/>\nsuplementadas, se necess\u00e1rio, conforme disponibilidade financeira do Estado.<\/p>\n<p>Art. 6\u00ba O Poder Executivo regulamentar\u00e1 esta Lei, no que<br \/>\ncouber, no prazo de 90 (noventa) dias, definindo os crit\u00e9rios t\u00e9cnicos, operacionais e de<br \/>\nfiscaliza\u00e7\u00e3o para sua aplica\u00e7\u00e3o, observado o interesse p\u00fablico e a conveni\u00eancia<br \/>\nadministrativa.<\/p>\n<p>Art. 7\u00ba Esta Lei entra em vigor na data de sua publica\u00e7\u00e3o.<\/p>\n<p>Sala da Sess\u00f5es,     <\/p>\n<p>Deputada PAULINHA JUSTIFICA\u00c7\u00c3O<\/p>\n<p>A implanta\u00e7\u00e3o de uma pol\u00edtica de assist\u00eancia psicopedag\u00f3gica nas escolas da rede<br \/>\nestadual \u00e9 medida essencial para garantir o pleno desenvolvimento cognitivo e<br \/>\nemocional dos estudantes catarinenses.<\/p>\n<p>Muitas dificuldades de aprendizagem podem ser superadas com diagn\u00f3stico precoce,<br \/>\norienta\u00e7\u00e3o adequada e suporte especializado. Ao prever uma atua\u00e7\u00e3o integrada e<br \/>\nmultidisciplinar, esta proposta fortalece a fun\u00e7\u00e3o social da escola como espa\u00e7o de<br \/>\nacolhimento, desenvolvimento e inclus\u00e3o.<\/p>\n<p>Al\u00e9m disso, a atua\u00e7\u00e3o preventiva colabora para a redu\u00e7\u00e3o da evas\u00e3o escolar, melhora<br \/>\ndo rendimento acad\u00eamico e fortalecimento dos v\u00ednculos entre escola, aluno e fam\u00edlia.<\/p>\n<p>A medida est\u00e1 em conson\u00e2ncia com os princ\u00edpios constitucionais da dignidade da<br \/>\npessoa humana, da prote\u00e7\u00e3o integral da crian\u00e7a e do adolescente e do direito \u00e0<br \/>\neduca\u00e7\u00e3o de qualidade.<\/p>\n<p>Diante da relev\u00e2ncia da mat\u00e9ria, contamos com o apoio dos nobres Parlamentares para<br \/>\na aprova\u00e7\u00e3o da presente proposi\u00e7\u00e3o.<br \/>\nELEGIS<br \/>\nDocumento assinado eletronicamente por Ana Paula da Silva,<br \/>\nSistema de Processo<br \/>\nem 03\/07\/2025, \u00e0s 17:57.<br \/>\nLegislativo Eletr\u00f4nico<\/article>\n<div style=\"text-align: center\">\n<div style=\"margin-bottom: 20px;\" class=\"et_pb_button_module_wrapper et_pb_button_5_tb_body_wrapper et_pb_button_alignment_center et_pb_module \">\n         <a class=\"et_pb_button et_pb_button_5_tb_body et_hover_enabled et_pb_bg_layout_dark\" style=\"width: 50%;background-color: black;\" href=\"https:\/\/app.legislapp.com.br\" target=\"_blank\" rel=\"noopener\">Visualizar completo na nossa plataforma (30 dias gr\u00e1tis)<\/a><\/p><\/div>\n<p>      <a href=\"https:\/\/play.google.com\/store\/apps\/details?id=br.com.legislapp\"><img decoding=\"async\" style=\"width: 15%; min-width: 130px;\" src=\"https:\/\/www.legislapp.com.br\/wp-content\/uploads\/google-play.png\"><\/a><br \/>\n      <a href=\"https:\/\/apps.apple.com\/us\/app\/legislapp\/id1568929859\"><img decoding=\"async\" style=\"width: 15%; min-width: 130px\" src=\"https:\/\/www.legislapp.com.br\/wp-content\/uploads\/apple-store.png\"><\/a>\n   <\/div>\n","protected":false},"excerpt":{"rendered":"<p>C\u00e2m. Legislativa de SC &#8211; Autoria de Paulinha Autoriza o Poder Executivo a instituir pol\u00edtica de assist\u00eancia psicopedag\u00f3gica nas escolas da rede p\u00fablica estadual, com equipes multidisciplinares para preven\u00e7\u00e3o e acompanhamento de dificuldades de aprendizagem. ASSEMBLEIA LEGISLATIVA GABINETE DEPUTADA ESTADO DE SANTA CATARINA PAULINHA PROJETO DE LEI Autoriza o Poder Executivo a instituir pol\u00edtica de [&hellip;]<\/p>\n","protected":false},"author":1,"featured_media":0,"parent":0,"menu_order":0,"comment_status":"closed","ping_status":"closed","template":"page-template-blank.php","meta":{"_et_pb_use_builder":"","_et_pb_old_content":"","_et_gb_content_width":"1080","ngg_post_thumbnail":0,"footnotes":""},"class_list":["post-8681","page","type-page","status-publish","hentry"],"yoast_head":"<!-- This site is optimized with the Yoast SEO plugin v24.4 - https:\/\/yoast.com\/wordpress\/plugins\/seo\/ -->\n<title>PL.\/0470\/2025 - Paulinha - Legislapp<\/title>\n<meta name=\"robots\" content=\"index, follow, max-snippet:-1, max-image-preview:large, max-video-preview:-1\" \/>\n<link rel=\"canonical\" href=\"https:\/\/www.legislapp.com.br\/index.php\/cam-legislativa-de-sc-pl-0470-2025-2\/\" \/>\n<meta property=\"og:locale\" content=\"pt_BR\" \/>\n<meta property=\"og:type\" content=\"article\" \/>\n<meta property=\"og:title\" content=\"PL.\/0470\/2025 - Paulinha - Legislapp\" \/>\n<meta property=\"og:description\" content=\"C\u00e2m. Legislativa de SC &#8211; Autoria de Paulinha Autoriza o Poder Executivo a instituir pol\u00edtica de assist\u00eancia psicopedag\u00f3gica nas escolas da rede p\u00fablica estadual, com equipes multidisciplinares para preven\u00e7\u00e3o e acompanhamento de dificuldades de aprendizagem. ASSEMBLEIA LEGISLATIVA GABINETE DEPUTADA ESTADO DE SANTA CATARINA PAULINHA PROJETO DE LEI Autoriza o Poder Executivo a instituir pol\u00edtica de [&hellip;]\" \/>\n<meta property=\"og:url\" content=\"https:\/\/www.legislapp.com.br\/index.php\/cam-legislativa-de-sc-pl-0470-2025-2\/\" \/>\n<meta property=\"og:site_name\" content=\"Legislapp\" \/>\n<meta property=\"article:publisher\" content=\"https:\/\/www.instagram.com\/legislapp\/\" \/>\n<meta property=\"og:image\" content=\"https:\/\/www.legislapp.com.br\/wp-content\/uploads\/google-play.png\" \/>\n<meta name=\"twitter:card\" content=\"summary_large_image\" \/>\n<meta name=\"twitter:label1\" content=\"Est. tempo de leitura\" \/>\n\t<meta name=\"twitter:data1\" content=\"3 minutos\" \/>\n<script type=\"application\/ld+json\" class=\"yoast-schema-graph\">{\"@context\":\"https:\/\/schema.org\",\"@graph\":[{\"@type\":\"WebPage\",\"@id\":\"https:\/\/www.legislapp.com.br\/index.php\/cam-legislativa-de-sc-pl-0470-2025-2\/\",\"url\":\"https:\/\/www.legislapp.com.br\/index.php\/cam-legislativa-de-sc-pl-0470-2025-2\/\",\"name\":\"PL.\/0470\/2025 - Paulinha - Legislapp\",\"isPartOf\":{\"@id\":\"https:\/\/www.legislapp.com.br\/#website\"},\"primaryImageOfPage\":{\"@id\":\"https:\/\/www.legislapp.com.br\/index.php\/cam-legislativa-de-sc-pl-0470-2025-2\/#primaryimage\"},\"image\":{\"@id\":\"https:\/\/www.legislapp.com.br\/index.php\/cam-legislativa-de-sc-pl-0470-2025-2\/#primaryimage\"},\"thumbnailUrl\":\"https:\/\/www.legislapp.com.br\/wp-content\/uploads\/google-play.png\",\"datePublished\":\"2025-10-08T14:48:19+00:00\",\"breadcrumb\":{\"@id\":\"https:\/\/www.legislapp.com.br\/index.php\/cam-legislativa-de-sc-pl-0470-2025-2\/#breadcrumb\"},\"inLanguage\":\"pt-BR\",\"potentialAction\":[{\"@type\":\"ReadAction\",\"target\":[\"https:\/\/www.legislapp.com.br\/index.php\/cam-legislativa-de-sc-pl-0470-2025-2\/\"]}]},{\"@type\":\"ImageObject\",\"inLanguage\":\"pt-BR\",\"@id\":\"https:\/\/www.legislapp.com.br\/index.php\/cam-legislativa-de-sc-pl-0470-2025-2\/#primaryimage\",\"url\":\"https:\/\/www.legislapp.com.br\/wp-content\/uploads\/google-play.png\",\"contentUrl\":\"https:\/\/www.legislapp.com.br\/wp-content\/uploads\/google-play.png\",\"width\":564,\"height\":168},{\"@type\":\"BreadcrumbList\",\"@id\":\"https:\/\/www.legislapp.com.br\/index.php\/cam-legislativa-de-sc-pl-0470-2025-2\/#breadcrumb\",\"itemListElement\":[{\"@type\":\"ListItem\",\"position\":1,\"name\":\"In\u00edcio\",\"item\":\"https:\/\/www.legislapp.com.br\/\"},{\"@type\":\"ListItem\",\"position\":2,\"name\":\"PL.\/0470\/2025 &#8211; Paulinha\"}]},{\"@type\":\"WebSite\",\"@id\":\"https:\/\/www.legislapp.com.br\/#website\",\"url\":\"https:\/\/www.legislapp.com.br\/\",\"name\":\"Legislapp\",\"description\":\"Intelig\u00eancia governamental em tempo real\",\"publisher\":{\"@id\":\"https:\/\/www.legislapp.com.br\/#organization\"},\"potentialAction\":[{\"@type\":\"SearchAction\",\"target\":{\"@type\":\"EntryPoint\",\"urlTemplate\":\"https:\/\/www.legislapp.com.br\/?s={search_term_string}\"},\"query-input\":{\"@type\":\"PropertyValueSpecification\",\"valueRequired\":true,\"valueName\":\"search_term_string\"}}],\"inLanguage\":\"pt-BR\"},{\"@type\":\"Organization\",\"@id\":\"https:\/\/www.legislapp.com.br\/#organization\",\"name\":\"Legislapp Monitoramento e Intelig\u00eancia Governamental\",\"url\":\"https:\/\/www.legislapp.com.br\/\",\"logo\":{\"@type\":\"ImageObject\",\"inLanguage\":\"pt-BR\",\"@id\":\"https:\/\/www.legislapp.com.br\/#\/schema\/logo\/image\/\",\"url\":\"https:\/\/www.legislapp.com.br\/wp-content\/uploads\/icon.png\",\"contentUrl\":\"https:\/\/www.legislapp.com.br\/wp-content\/uploads\/icon.png\",\"width\":1024,\"height\":1024,\"caption\":\"Legislapp Monitoramento e Intelig\u00eancia Governamental\"},\"image\":{\"@id\":\"https:\/\/www.legislapp.com.br\/#\/schema\/logo\/image\/\"},\"sameAs\":[\"https:\/\/www.instagram.com\/legislapp\/\"]}]}<\/script>\n<!-- \/ Yoast SEO plugin. -->","yoast_head_json":{"title":"PL.\/0470\/2025 - Paulinha - Legislapp","robots":{"index":"index","follow":"follow","max-snippet":"max-snippet:-1","max-image-preview":"max-image-preview:large","max-video-preview":"max-video-preview:-1"},"canonical":"https:\/\/www.legislapp.com.br\/index.php\/cam-legislativa-de-sc-pl-0470-2025-2\/","og_locale":"pt_BR","og_type":"article","og_title":"PL.\/0470\/2025 - Paulinha - Legislapp","og_description":"C\u00e2m. Legislativa de SC &#8211; Autoria de Paulinha Autoriza o Poder Executivo a instituir pol\u00edtica de assist\u00eancia psicopedag\u00f3gica nas escolas da rede p\u00fablica estadual, com equipes multidisciplinares para preven\u00e7\u00e3o e acompanhamento de dificuldades de aprendizagem. ASSEMBLEIA LEGISLATIVA GABINETE DEPUTADA ESTADO DE SANTA CATARINA PAULINHA PROJETO DE LEI Autoriza o Poder Executivo a instituir pol\u00edtica de [&hellip;]","og_url":"https:\/\/www.legislapp.com.br\/index.php\/cam-legislativa-de-sc-pl-0470-2025-2\/","og_site_name":"Legislapp","article_publisher":"https:\/\/www.instagram.com\/legislapp\/","og_image":[{"url":"https:\/\/www.legislapp.com.br\/wp-content\/uploads\/google-play.png","type":"","width":"","height":""}],"twitter_card":"summary_large_image","twitter_misc":{"Est. tempo de leitura":"3 minutos"},"schema":{"@context":"https:\/\/schema.org","@graph":[{"@type":"WebPage","@id":"https:\/\/www.legislapp.com.br\/index.php\/cam-legislativa-de-sc-pl-0470-2025-2\/","url":"https:\/\/www.legislapp.com.br\/index.php\/cam-legislativa-de-sc-pl-0470-2025-2\/","name":"PL.\/0470\/2025 - Paulinha - Legislapp","isPartOf":{"@id":"https:\/\/www.legislapp.com.br\/#website"},"primaryImageOfPage":{"@id":"https:\/\/www.legislapp.com.br\/index.php\/cam-legislativa-de-sc-pl-0470-2025-2\/#primaryimage"},"image":{"@id":"https:\/\/www.legislapp.com.br\/index.php\/cam-legislativa-de-sc-pl-0470-2025-2\/#primaryimage"},"thumbnailUrl":"https:\/\/www.legislapp.com.br\/wp-content\/uploads\/google-play.png","datePublished":"2025-10-08T14:48:19+00:00","breadcrumb":{"@id":"https:\/\/www.legislapp.com.br\/index.php\/cam-legislativa-de-sc-pl-0470-2025-2\/#breadcrumb"},"inLanguage":"pt-BR","potentialAction":[{"@type":"ReadAction","target":["https:\/\/www.legislapp.com.br\/index.php\/cam-legislativa-de-sc-pl-0470-2025-2\/"]}]},{"@type":"ImageObject","inLanguage":"pt-BR","@id":"https:\/\/www.legislapp.com.br\/index.php\/cam-legislativa-de-sc-pl-0470-2025-2\/#primaryimage","url":"https:\/\/www.legislapp.com.br\/wp-content\/uploads\/google-play.png","contentUrl":"https:\/\/www.legislapp.com.br\/wp-content\/uploads\/google-play.png","width":564,"height":168},{"@type":"BreadcrumbList","@id":"https:\/\/www.legislapp.com.br\/index.php\/cam-legislativa-de-sc-pl-0470-2025-2\/#breadcrumb","itemListElement":[{"@type":"ListItem","position":1,"name":"In\u00edcio","item":"https:\/\/www.legislapp.com.br\/"},{"@type":"ListItem","position":2,"name":"PL.\/0470\/2025 &#8211; Paulinha"}]},{"@type":"WebSite","@id":"https:\/\/www.legislapp.com.br\/#website","url":"https:\/\/www.legislapp.com.br\/","name":"Legislapp","description":"Intelig\u00eancia governamental em tempo real","publisher":{"@id":"https:\/\/www.legislapp.com.br\/#organization"},"potentialAction":[{"@type":"SearchAction","target":{"@type":"EntryPoint","urlTemplate":"https:\/\/www.legislapp.com.br\/?s={search_term_string}"},"query-input":{"@type":"PropertyValueSpecification","valueRequired":true,"valueName":"search_term_string"}}],"inLanguage":"pt-BR"},{"@type":"Organization","@id":"https:\/\/www.legislapp.com.br\/#organization","name":"Legislapp Monitoramento e Intelig\u00eancia Governamental","url":"https:\/\/www.legislapp.com.br\/","logo":{"@type":"ImageObject","inLanguage":"pt-BR","@id":"https:\/\/www.legislapp.com.br\/#\/schema\/logo\/image\/","url":"https:\/\/www.legislapp.com.br\/wp-content\/uploads\/icon.png","contentUrl":"https:\/\/www.legislapp.com.br\/wp-content\/uploads\/icon.png","width":1024,"height":1024,"caption":"Legislapp Monitoramento e Intelig\u00eancia Governamental"},"image":{"@id":"https:\/\/www.legislapp.com.br\/#\/schema\/logo\/image\/"},"sameAs":["https:\/\/www.instagram.com\/legislapp\/"]}]}},"_links":{"self":[{"href":"https:\/\/www.legislapp.com.br\/index.php\/wp-json\/wp\/v2\/pages\/8681","targetHints":{"allow":["GET"]}}],"collection":[{"href":"https:\/\/www.legislapp.com.br\/index.php\/wp-json\/wp\/v2\/pages"}],"about":[{"href":"https:\/\/www.legislapp.com.br\/index.php\/wp-json\/wp\/v2\/types\/page"}],"author":[{"embeddable":true,"href":"https:\/\/www.legislapp.com.br\/index.php\/wp-json\/wp\/v2\/users\/1"}],"replies":[{"embeddable":true,"href":"https:\/\/www.legislapp.com.br\/index.php\/wp-json\/wp\/v2\/comments?post=8681"}],"version-history":[{"count":0,"href":"https:\/\/www.legislapp.com.br\/index.php\/wp-json\/wp\/v2\/pages\/8681\/revisions"}],"wp:attachment":[{"href":"https:\/\/www.legislapp.com.br\/index.php\/wp-json\/wp\/v2\/media?parent=8681"}],"curies":[{"name":"wp","href":"https:\/\/api.w.org\/{rel}","templated":true}]}}