{"id":8707,"date":"2025-10-08T11:49:50","date_gmt":"2025-10-08T14:49:50","guid":{"rendered":"https:\/\/www.legislapp.com.br\/index.php\/cam-legislativa-de-sc-pl-0463-2025-2\/"},"modified":"2025-10-08T11:49:50","modified_gmt":"2025-10-08T14:49:50","slug":"cam-legislativa-de-sc-pl-0463-2025-2","status":"publish","type":"page","link":"https:\/\/www.legislapp.com.br\/index.php\/cam-legislativa-de-sc-pl-0463-2025-2\/","title":{"rendered":"PL.\/0463\/2025 &#8211; Governador do Estado"},"content":{"rendered":"<h1 style='text-align: center;'>C\u00e2m. Legislativa de SC &#8211; Autoria de Governador do Estado<\/h3>\n<p><\/p>\n<article style='text-align: center'>Altera o art. 3\u00ba da Lei n\u00ba 18.444, de 2022, que autoriza a doa\u00e7\u00e3o de im\u00f3vel no Munic\u00edpio de Itaja\u00ed.<\/article>\n<p><\/p>\n<p style='text-align: center'><a href='https:\/\/app.legislapp.com.br\/#\/busca?termo='><\/a><\/p>\n<p><\/p>\n<article>ESTADO DE SANTA CATARINA<br \/>\nGABINETE DO GOVERNADOR  <\/p>\n<p>MENSAGEM N\u00ba 1080 <\/p>\n<p>EXCELENT\u00cdSSIMO SENHOR PRESIDENTE, SENHORAS<br \/>\nDEPUTADAS E SENHORES DEPUTADOS DA ASSEMBLEIA<br \/>\nLEGISLATIVA DO ESTADO <\/p>\n<p>Nos termos do art. 50 da Constitui\u00e7\u00e3o do Estado, submeto \u00e0<br \/>\nelevada delibera\u00e7\u00e3o dessa augusta Casa Legislativa, acompanhado de exposi\u00e7\u00e3o de<br \/>\nmotivos da Secretaria de Estado da Administra\u00e7\u00e3o, o projeto de lei que \u201cAltera o art. 3\u00ba da<br \/>\nLei n\u00ba 18.444, de 2022, que autoriza a doa\u00e7\u00e3o de im\u00f3vel no Munic\u00edpio de Itaja\u00ed\u201d. <\/p>\n<p>Florian\u00f3polis, 1\u00ba de julho de 2025. <\/p>\n<p>JORGINHO MELLO<br \/>\nGovernador do Estado<br \/>\nmsl_PJ_253<br \/>\n89<br \/>\nP\u00e1g. 01 de 01 &#8211; Documento assinado digitalmente. Para confer\u00eancia, acesse o site https:\/\/portal.sgpe.sea.sc.gov.br\/portal-externo e informe o processo SEA 00003591\/2024 e o c\u00f3digo RU720I0G.Assinaturas do documento<\/p>\n<p>C\u00f3digo para verifica\u00e7\u00e3o: RU720I0G<\/p>\n<p>Este documento foi assinado digitalmente pelos seguintes signat\u00e1rios nas datas indicadas:<\/p>\n<p>JORGINHO DOS SANTOS MELLO (CPF: 250.XXX.199-XX) em 01\/07\/2025 \u00e0s 19:00:33<br \/>\nEmitido por: &#8220;SGP-e&#8221;, emitido em 14\/04\/2023 &#8211; 11:54:30 e v\u00e1lido at\u00e9 14\/04\/2123 &#8211; 11:54:30.<br \/>\n(Assinatura do sistema)<\/p>\n<p>Para verificar a autenticidade desta c\u00f3pia, acesse o link https:\/\/portal.sgpe.sea.sc.gov.br\/portal-externo\/conferencia-<br \/>\ndocumento\/U0VBXzcwMDBfMDAwMDM1OTFfMzYxN18yMDI0X1JVNzIwSTBH ou o site<br \/>\nhttps:\/\/portal.sgpe.sea.sc.gov.br\/portal-externo e informe o processo SEA 00003591\/2024 e o c\u00f3digo RU720I0G<br \/>\nou aponte a c\u00e2mera para o QR Code presente nesta p\u00e1gina para realizar a confer\u00eancia.<br \/>\nESTADO DE SANTA CATARINA<br \/>\nSECRETARIA DE ESTADO DA ADMINISTRA\u00c7\u00c3O<br \/>\nDIRETORIA DE GEST\u00c3O PATRIMONIAL <\/p>\n<p>EM N\u00ba 024\/2025                                                 Florian\u00f3polis, data da assinatura digital. <\/p>\n<p>Senhor Governador, <\/p>\n<p>Submeto \u00e0 aprecia\u00e7\u00e3o de Vossa Excel\u00eancia o Projeto de Lei que altera<br \/>\ndispositivo da Lei Estadual n\u00ba 18.444, de 8 de julho de 2022, que autoriza o Poder<br \/>\nExecutivo a desafetar e doar ao Munic\u00edpio de Itaja\u00ed o im\u00f3vel com \u00e1rea de 5.615,26 m\u00b2<br \/>\n(cinco mil, seiscentos e quinze metros e vinte e seis dec\u00edmetros quadrados), com<br \/>\nbenfeitorias n\u00e3o averbadas, matriculado sob o n\u00ba 14.014 no 1\u00ba Of\u00edcio de Registro de<br \/>\nIm\u00f3veis da Comarca de Itaja\u00ed e cadastrado sob o n\u00ba 00463 no Sistema de Gest\u00e3o<br \/>\nPatrimonial da Secretaria de Estado da Administra\u00e7\u00e3o (SEA). <\/p>\n<p>A altera\u00e7\u00e3o do art. 3\u00ba, II prop\u00f5e estender o prazo para cumprimento dos<br \/>\nencargos de doa\u00e7\u00e3o, evitando celeumas em rela\u00e7\u00e3o \u00e0 possibilidade de revers\u00e3o e<br \/>\nviabilizando a efetiva\u00e7\u00e3o da escritura p\u00fablica para transfer\u00eancia do im\u00f3vel ao<br \/>\ndonat\u00e1rio. <\/p>\n<p>Contudo \u00e0 considera\u00e7\u00e3o de Vossa Excel\u00eancia. <\/p>\n<p>Respeitosamente, <\/p>\n<p>V\u00e2nio Boing<br \/>\nSecret\u00e1rio de Estado da Administra\u00e7\u00e3o<br \/>\n(Assinado digitalmente) <\/p>\n<p>71<br \/>\nP\u00e1g. 01 de 01 &#8211; Documento assinado digitalmente. Para confer\u00eancia, acesse o site https:\/\/portal.sgpe.sea.sc.gov.br\/portal-externo e informe o processo SEA 00003591\/2024 e o c\u00f3digo B42QY9M1.Assinaturas do documento<\/p>\n<p>C\u00f3digo para verifica\u00e7\u00e3o: B42QY9M1<\/p>\n<p>Este documento foi assinado digitalmente pelos seguintes signat\u00e1rios nas datas indicadas:<\/p>\n<p>VANIO BOING (CPF: 433.XXX.709-XX) em 26\/02\/2025 \u00e0s 19:17:37<br \/>\nEmitido por: &#8220;SGP-e&#8221;, emitido em 23\/01\/2023 &#8211; 15:09:49 e v\u00e1lido at\u00e9 23\/01\/2123 &#8211; 15:09:49.<br \/>\n(Assinatura do sistema)<\/p>\n<p>Para verificar a autenticidade desta c\u00f3pia, acesse o link https:\/\/portal.sgpe.sea.sc.gov.br\/portal-externo\/conferencia-<br \/>\ndocumento\/U0VBXzcwMDBfMDAwMDM1OTFfMzYxN18yMDI0X0I0MlFZOU0x ou o site<br \/>\nhttps:\/\/portal.sgpe.sea.sc.gov.br\/portal-externo e informe o processo SEA 00003591\/2024 e o c\u00f3digo B42QY9M1<br \/>\nou aponte a c\u00e2mera para o QR Code presente nesta p\u00e1gina para realizar a confer\u00eancia.<br \/>\nESTADO DE SANTA CATARINA <\/p>\n<p>PROJETO DE LEI N\u00ba <\/p>\n<p>Altera o art. 3\u00ba da Lei n\u00ba 18.444, de 2022, que autoriza a doa\u00e7\u00e3o<br \/>\nde im\u00f3vel no Munic\u00edpio de Itaja\u00ed. <\/p>\n<p>O GOVERNADOR DO ESTADO DE SANTA CATARINA<br \/>\nFa\u00e7o saber a todos os habitantes deste Estado que a<br \/>\nAssembleia Legislativa decreta e eu sanciono a seguinte Lei: <\/p>\n<p>Art. 1\u00ba O art. 3\u00ba da Lei n\u00ba 18.444, de 8 de julho de 2022, passa a<br \/>\nvigorar com a seguinte reda\u00e7\u00e3o: <\/p>\n<p>\u201cArt. 3\u00ba &#8230;&#8230;&#8230;&#8230;&#8230;&#8230;&#8230;&#8230;&#8230;&#8230;&#8230;&#8230;&#8230;&#8230;&#8230;&#8230;&#8230;&#8230;&#8230;&#8230;&#8230;&#8230;&#8230;&#8230;&#8230;&#8230;&#8230;&#8230;&#8230;&#8230; <\/p>\n<p>&#8230;&#8230;&#8230;&#8230;&#8230;&#8230;&#8230;&#8230;&#8230;&#8230;&#8230;&#8230;&#8230;&#8230;&#8230;&#8230;&#8230;&#8230;&#8230;&#8230;&#8230;&#8230;&#8230;&#8230;&#8230;&#8230;&#8230;&#8230;&#8230;&#8230;&#8230;&#8230;&#8230;&#8230; <\/p>\n<p>II \u2013 desviar a finalidade da doa\u00e7\u00e3o, deixando de cumprir o<br \/>\nencargo de que trata o art. 2\u00ba desta Lei at\u00e9 31 de dezembro de 2028; ou <\/p>\n<p>&#8230;&#8230;&#8230;&#8230;&#8230;&#8230;&#8230;&#8230;&#8230;&#8230;&#8230;&#8230;&#8230;&#8230;&#8230;&#8230;&#8230;&#8230;&#8230;&#8230;&#8230;&#8230;&#8230;&#8230;&#8230;&#8230;&#8230;&#8230;&#8230;&#8230;..\u201d (NR) <\/p>\n<p>Art. 2\u00ba Esta Lei entra em vigor na data de sua publica\u00e7\u00e3o. <\/p>\n<p>Florian\u00f3polis, <\/p>\n<p>JORGINHO MELLO<br \/>\nGovernador do Estado<br \/>\nPJ_253  SEA 3591\/2024<br \/>\n88<br \/>\nP\u00e1g. 01 de 01 &#8211; Documento assinado digitalmente. Para confer\u00eancia, acesse o site https:\/\/portal.sgpe.sea.sc.gov.br\/portal-externo e informe o processo SEA 00003591\/2024 e o c\u00f3digo FN9K996M.Assinaturas do documento<\/p>\n<p>C\u00f3digo para verifica\u00e7\u00e3o: FN9K996M<\/p>\n<p>Este documento foi assinado digitalmente pelos seguintes signat\u00e1rios nas datas indicadas:<\/p>\n<p>JORGINHO DOS SANTOS MELLO (CPF: 250.XXX.199-XX) em 01\/07\/2025 \u00e0s 19:00:33<br \/>\nEmitido por: &#8220;SGP-e&#8221;, emitido em 14\/04\/2023 &#8211; 11:54:30 e v\u00e1lido at\u00e9 14\/04\/2123 &#8211; 11:54:30.<br \/>\n(Assinatura do sistema)<\/p>\n<p>Para verificar a autenticidade desta c\u00f3pia, acesse o link https:\/\/portal.sgpe.sea.sc.gov.br\/portal-externo\/conferencia-<br \/>\ndocumento\/U0VBXzcwMDBfMDAwMDM1OTFfMzYxN18yMDI0X0ZOOUs5OTZN ou o site<br \/>\nhttps:\/\/portal.sgpe.sea.sc.gov.br\/portal-externo e informe o processo SEA 00003591\/2024 e o c\u00f3digo FN9K996M<br \/>\nou aponte a c\u00e2mera para o QR Code presente nesta p\u00e1gina para realizar a confer\u00eancia.<br \/>\n<\/article>\n<div style=\"text-align: center\">\n<div style=\"margin-bottom: 20px;\" class=\"et_pb_button_module_wrapper et_pb_button_5_tb_body_wrapper et_pb_button_alignment_center et_pb_module \">\n         <a class=\"et_pb_button et_pb_button_5_tb_body et_hover_enabled et_pb_bg_layout_dark\" style=\"width: 50%;background-color: black;\" href=\"https:\/\/app.legislapp.com.br\" target=\"_blank\" rel=\"noopener\">Visualizar completo na nossa plataforma (30 dias gr\u00e1tis)<\/a><\/p><\/div>\n<p>      <a href=\"https:\/\/play.google.com\/store\/apps\/details?id=br.com.legislapp\"><img decoding=\"async\" style=\"width: 15%; min-width: 130px;\" src=\"https:\/\/www.legislapp.com.br\/wp-content\/uploads\/google-play.png\"><\/a><br \/>\n      <a href=\"https:\/\/apps.apple.com\/us\/app\/legislapp\/id1568929859\"><img decoding=\"async\" style=\"width: 15%; min-width: 130px\" src=\"https:\/\/www.legislapp.com.br\/wp-content\/uploads\/apple-store.png\"><\/a>\n   <\/div>\n","protected":false},"excerpt":{"rendered":"<p>C\u00e2m. Legislativa de SC &#8211; Autoria de Governador do Estado Altera o art. 3\u00ba da Lei n\u00ba 18.444, de 2022, que autoriza a doa\u00e7\u00e3o de im\u00f3vel no Munic\u00edpio de Itaja\u00ed. ESTADO DE SANTA CATARINA GABINETE DO GOVERNADOR MENSAGEM N\u00ba 1080 EXCELENT\u00cdSSIMO SENHOR PRESIDENTE, SENHORAS DEPUTADAS E SENHORES DEPUTADOS DA ASSEMBLEIA LEGISLATIVA DO ESTADO Nos termos [&hellip;]<\/p>\n","protected":false},"author":1,"featured_media":0,"parent":0,"menu_order":0,"comment_status":"closed","ping_status":"closed","template":"page-template-blank.php","meta":{"_et_pb_use_builder":"","_et_pb_old_content":"","_et_gb_content_width":"1080","ngg_post_thumbnail":0,"footnotes":""},"class_list":["post-8707","page","type-page","status-publish","hentry"],"yoast_head":"<!-- This site is optimized with the Yoast SEO plugin v24.4 - https:\/\/yoast.com\/wordpress\/plugins\/seo\/ -->\n<title>PL.\/0463\/2025 - Governador do Estado - Legislapp<\/title>\n<meta name=\"robots\" content=\"index, follow, max-snippet:-1, max-image-preview:large, max-video-preview:-1\" \/>\n<link rel=\"canonical\" href=\"https:\/\/www.legislapp.com.br\/index.php\/cam-legislativa-de-sc-pl-0463-2025-2\/\" \/>\n<meta property=\"og:locale\" content=\"pt_BR\" \/>\n<meta property=\"og:type\" content=\"article\" \/>\n<meta property=\"og:title\" content=\"PL.\/0463\/2025 - Governador do Estado - Legislapp\" \/>\n<meta property=\"og:description\" content=\"C\u00e2m. Legislativa de SC &#8211; Autoria de Governador do Estado Altera o art. 3\u00ba da Lei n\u00ba 18.444, de 2022, que autoriza a doa\u00e7\u00e3o de im\u00f3vel no Munic\u00edpio de Itaja\u00ed. ESTADO DE SANTA CATARINA GABINETE DO GOVERNADOR MENSAGEM N\u00ba 1080 EXCELENT\u00cdSSIMO SENHOR PRESIDENTE, SENHORAS DEPUTADAS E SENHORES DEPUTADOS DA ASSEMBLEIA LEGISLATIVA DO ESTADO Nos termos [&hellip;]\" \/>\n<meta property=\"og:url\" content=\"https:\/\/www.legislapp.com.br\/index.php\/cam-legislativa-de-sc-pl-0463-2025-2\/\" \/>\n<meta property=\"og:site_name\" content=\"Legislapp\" \/>\n<meta property=\"article:publisher\" content=\"https:\/\/www.instagram.com\/legislapp\/\" \/>\n<meta property=\"og:image\" content=\"https:\/\/www.legislapp.com.br\/wp-content\/uploads\/google-play.png\" \/>\n<meta name=\"twitter:card\" content=\"summary_large_image\" \/>\n<meta name=\"twitter:label1\" content=\"Est. tempo de leitura\" \/>\n\t<meta name=\"twitter:data1\" content=\"4 minutos\" \/>\n<script type=\"application\/ld+json\" class=\"yoast-schema-graph\">{\"@context\":\"https:\/\/schema.org\",\"@graph\":[{\"@type\":\"WebPage\",\"@id\":\"https:\/\/www.legislapp.com.br\/index.php\/cam-legislativa-de-sc-pl-0463-2025-2\/\",\"url\":\"https:\/\/www.legislapp.com.br\/index.php\/cam-legislativa-de-sc-pl-0463-2025-2\/\",\"name\":\"PL.\/0463\/2025 - Governador do Estado - Legislapp\",\"isPartOf\":{\"@id\":\"https:\/\/www.legislapp.com.br\/#website\"},\"primaryImageOfPage\":{\"@id\":\"https:\/\/www.legislapp.com.br\/index.php\/cam-legislativa-de-sc-pl-0463-2025-2\/#primaryimage\"},\"image\":{\"@id\":\"https:\/\/www.legislapp.com.br\/index.php\/cam-legislativa-de-sc-pl-0463-2025-2\/#primaryimage\"},\"thumbnailUrl\":\"https:\/\/www.legislapp.com.br\/wp-content\/uploads\/google-play.png\",\"datePublished\":\"2025-10-08T14:49:50+00:00\",\"breadcrumb\":{\"@id\":\"https:\/\/www.legislapp.com.br\/index.php\/cam-legislativa-de-sc-pl-0463-2025-2\/#breadcrumb\"},\"inLanguage\":\"pt-BR\",\"potentialAction\":[{\"@type\":\"ReadAction\",\"target\":[\"https:\/\/www.legislapp.com.br\/index.php\/cam-legislativa-de-sc-pl-0463-2025-2\/\"]}]},{\"@type\":\"ImageObject\",\"inLanguage\":\"pt-BR\",\"@id\":\"https:\/\/www.legislapp.com.br\/index.php\/cam-legislativa-de-sc-pl-0463-2025-2\/#primaryimage\",\"url\":\"https:\/\/www.legislapp.com.br\/wp-content\/uploads\/google-play.png\",\"contentUrl\":\"https:\/\/www.legislapp.com.br\/wp-content\/uploads\/google-play.png\",\"width\":564,\"height\":168},{\"@type\":\"BreadcrumbList\",\"@id\":\"https:\/\/www.legislapp.com.br\/index.php\/cam-legislativa-de-sc-pl-0463-2025-2\/#breadcrumb\",\"itemListElement\":[{\"@type\":\"ListItem\",\"position\":1,\"name\":\"In\u00edcio\",\"item\":\"https:\/\/www.legislapp.com.br\/\"},{\"@type\":\"ListItem\",\"position\":2,\"name\":\"PL.\/0463\/2025 &#8211; Governador do Estado\"}]},{\"@type\":\"WebSite\",\"@id\":\"https:\/\/www.legislapp.com.br\/#website\",\"url\":\"https:\/\/www.legislapp.com.br\/\",\"name\":\"Legislapp\",\"description\":\"Intelig\u00eancia governamental em tempo real\",\"publisher\":{\"@id\":\"https:\/\/www.legislapp.com.br\/#organization\"},\"potentialAction\":[{\"@type\":\"SearchAction\",\"target\":{\"@type\":\"EntryPoint\",\"urlTemplate\":\"https:\/\/www.legislapp.com.br\/?s={search_term_string}\"},\"query-input\":{\"@type\":\"PropertyValueSpecification\",\"valueRequired\":true,\"valueName\":\"search_term_string\"}}],\"inLanguage\":\"pt-BR\"},{\"@type\":\"Organization\",\"@id\":\"https:\/\/www.legislapp.com.br\/#organization\",\"name\":\"Legislapp Monitoramento e Intelig\u00eancia Governamental\",\"url\":\"https:\/\/www.legislapp.com.br\/\",\"logo\":{\"@type\":\"ImageObject\",\"inLanguage\":\"pt-BR\",\"@id\":\"https:\/\/www.legislapp.com.br\/#\/schema\/logo\/image\/\",\"url\":\"https:\/\/www.legislapp.com.br\/wp-content\/uploads\/icon.png\",\"contentUrl\":\"https:\/\/www.legislapp.com.br\/wp-content\/uploads\/icon.png\",\"width\":1024,\"height\":1024,\"caption\":\"Legislapp Monitoramento e Intelig\u00eancia Governamental\"},\"image\":{\"@id\":\"https:\/\/www.legislapp.com.br\/#\/schema\/logo\/image\/\"},\"sameAs\":[\"https:\/\/www.instagram.com\/legislapp\/\"]}]}<\/script>\n<!-- \/ Yoast SEO plugin. -->","yoast_head_json":{"title":"PL.\/0463\/2025 - Governador do Estado - Legislapp","robots":{"index":"index","follow":"follow","max-snippet":"max-snippet:-1","max-image-preview":"max-image-preview:large","max-video-preview":"max-video-preview:-1"},"canonical":"https:\/\/www.legislapp.com.br\/index.php\/cam-legislativa-de-sc-pl-0463-2025-2\/","og_locale":"pt_BR","og_type":"article","og_title":"PL.\/0463\/2025 - Governador do Estado - Legislapp","og_description":"C\u00e2m. Legislativa de SC &#8211; Autoria de Governador do Estado Altera o art. 3\u00ba da Lei n\u00ba 18.444, de 2022, que autoriza a doa\u00e7\u00e3o de im\u00f3vel no Munic\u00edpio de Itaja\u00ed. ESTADO DE SANTA CATARINA GABINETE DO GOVERNADOR MENSAGEM N\u00ba 1080 EXCELENT\u00cdSSIMO SENHOR PRESIDENTE, SENHORAS DEPUTADAS E SENHORES DEPUTADOS DA ASSEMBLEIA LEGISLATIVA DO ESTADO Nos termos [&hellip;]","og_url":"https:\/\/www.legislapp.com.br\/index.php\/cam-legislativa-de-sc-pl-0463-2025-2\/","og_site_name":"Legislapp","article_publisher":"https:\/\/www.instagram.com\/legislapp\/","og_image":[{"url":"https:\/\/www.legislapp.com.br\/wp-content\/uploads\/google-play.png","type":"","width":"","height":""}],"twitter_card":"summary_large_image","twitter_misc":{"Est. tempo de leitura":"4 minutos"},"schema":{"@context":"https:\/\/schema.org","@graph":[{"@type":"WebPage","@id":"https:\/\/www.legislapp.com.br\/index.php\/cam-legislativa-de-sc-pl-0463-2025-2\/","url":"https:\/\/www.legislapp.com.br\/index.php\/cam-legislativa-de-sc-pl-0463-2025-2\/","name":"PL.\/0463\/2025 - Governador do Estado - Legislapp","isPartOf":{"@id":"https:\/\/www.legislapp.com.br\/#website"},"primaryImageOfPage":{"@id":"https:\/\/www.legislapp.com.br\/index.php\/cam-legislativa-de-sc-pl-0463-2025-2\/#primaryimage"},"image":{"@id":"https:\/\/www.legislapp.com.br\/index.php\/cam-legislativa-de-sc-pl-0463-2025-2\/#primaryimage"},"thumbnailUrl":"https:\/\/www.legislapp.com.br\/wp-content\/uploads\/google-play.png","datePublished":"2025-10-08T14:49:50+00:00","breadcrumb":{"@id":"https:\/\/www.legislapp.com.br\/index.php\/cam-legislativa-de-sc-pl-0463-2025-2\/#breadcrumb"},"inLanguage":"pt-BR","potentialAction":[{"@type":"ReadAction","target":["https:\/\/www.legislapp.com.br\/index.php\/cam-legislativa-de-sc-pl-0463-2025-2\/"]}]},{"@type":"ImageObject","inLanguage":"pt-BR","@id":"https:\/\/www.legislapp.com.br\/index.php\/cam-legislativa-de-sc-pl-0463-2025-2\/#primaryimage","url":"https:\/\/www.legislapp.com.br\/wp-content\/uploads\/google-play.png","contentUrl":"https:\/\/www.legislapp.com.br\/wp-content\/uploads\/google-play.png","width":564,"height":168},{"@type":"BreadcrumbList","@id":"https:\/\/www.legislapp.com.br\/index.php\/cam-legislativa-de-sc-pl-0463-2025-2\/#breadcrumb","itemListElement":[{"@type":"ListItem","position":1,"name":"In\u00edcio","item":"https:\/\/www.legislapp.com.br\/"},{"@type":"ListItem","position":2,"name":"PL.\/0463\/2025 &#8211; Governador do Estado"}]},{"@type":"WebSite","@id":"https:\/\/www.legislapp.com.br\/#website","url":"https:\/\/www.legislapp.com.br\/","name":"Legislapp","description":"Intelig\u00eancia governamental em tempo real","publisher":{"@id":"https:\/\/www.legislapp.com.br\/#organization"},"potentialAction":[{"@type":"SearchAction","target":{"@type":"EntryPoint","urlTemplate":"https:\/\/www.legislapp.com.br\/?s={search_term_string}"},"query-input":{"@type":"PropertyValueSpecification","valueRequired":true,"valueName":"search_term_string"}}],"inLanguage":"pt-BR"},{"@type":"Organization","@id":"https:\/\/www.legislapp.com.br\/#organization","name":"Legislapp Monitoramento e Intelig\u00eancia Governamental","url":"https:\/\/www.legislapp.com.br\/","logo":{"@type":"ImageObject","inLanguage":"pt-BR","@id":"https:\/\/www.legislapp.com.br\/#\/schema\/logo\/image\/","url":"https:\/\/www.legislapp.com.br\/wp-content\/uploads\/icon.png","contentUrl":"https:\/\/www.legislapp.com.br\/wp-content\/uploads\/icon.png","width":1024,"height":1024,"caption":"Legislapp Monitoramento e Intelig\u00eancia Governamental"},"image":{"@id":"https:\/\/www.legislapp.com.br\/#\/schema\/logo\/image\/"},"sameAs":["https:\/\/www.instagram.com\/legislapp\/"]}]}},"_links":{"self":[{"href":"https:\/\/www.legislapp.com.br\/index.php\/wp-json\/wp\/v2\/pages\/8707","targetHints":{"allow":["GET"]}}],"collection":[{"href":"https:\/\/www.legislapp.com.br\/index.php\/wp-json\/wp\/v2\/pages"}],"about":[{"href":"https:\/\/www.legislapp.com.br\/index.php\/wp-json\/wp\/v2\/types\/page"}],"author":[{"embeddable":true,"href":"https:\/\/www.legislapp.com.br\/index.php\/wp-json\/wp\/v2\/users\/1"}],"replies":[{"embeddable":true,"href":"https:\/\/www.legislapp.com.br\/index.php\/wp-json\/wp\/v2\/comments?post=8707"}],"version-history":[{"count":0,"href":"https:\/\/www.legislapp.com.br\/index.php\/wp-json\/wp\/v2\/pages\/8707\/revisions"}],"wp:attachment":[{"href":"https:\/\/www.legislapp.com.br\/index.php\/wp-json\/wp\/v2\/media?parent=8707"}],"curies":[{"name":"wp","href":"https:\/\/api.w.org\/{rel}","templated":true}]}}