{"id":8713,"date":"2025-10-08T11:50:12","date_gmt":"2025-10-08T14:50:12","guid":{"rendered":"https:\/\/www.legislapp.com.br\/index.php\/cam-legislativa-de-mg-pl-3972-2025-2\/"},"modified":"2025-10-08T11:50:12","modified_gmt":"2025-10-08T14:50:12","slug":"cam-legislativa-de-mg-pl-3972-2025-2","status":"publish","type":"page","link":"https:\/\/www.legislapp.com.br\/index.php\/cam-legislativa-de-mg-pl-3972-2025-2\/","title":{"rendered":"PL 3972\/2025 &#8211; Deputados"},"content":{"rendered":"<h1 style='text-align: center;'>C\u00e2m. Legislativa de MG &#8211; Autoria de Deputados<\/h3>\n<p><\/p>\n<article style='text-align: center'>Veda o modelo de cogest\u00e3o, terceiriza\u00e7\u00e3o ou cong\u00eanere no sistema<br \/>\nsocioeducativo do Estado de Minas Gerais.<\/article>\n<p><\/p>\n<p style='text-align: center'><a href='https:\/\/app.legislapp.com.br\/#\/busca?termo='><\/a><\/p>\n<p><\/p>\n<article>Veda o modelo de cogest\u00e3o, terceiriza\u00e7\u00e3o ou cong\u00eanere no sistema socioeducativo do Estado de Minas Gerais.<br \/>\nA Assembleia Legislativa do Estado de Minas Gerais decreta:<br \/>\nArt. 1\u00ba \u2013 \u00c9 vedada a ado\u00e7\u00e3o do modelo de cogest\u00e3o, terceiriza\u00e7\u00e3o ou instrumento semelhante nas atividades-fim das unidades de interna\u00e7\u00e3o do sistema socioeducativo do Estado de Minas Gerais.<br \/>\n\u00a7 1\u00ba \u2013 Para fins do disposto neste artigo, entende-se por cogest\u00e3o, terceiriza\u00e7\u00e3o ou instrumento semelhante a celebra\u00e7\u00e3o de parceria entre a administra\u00e7\u00e3o p\u00fablica e entes privados, bem como entre a administra\u00e7\u00e3o p\u00fablica e entidades de interesse p\u00fablico, sem fins lucrativos, inclusive as do terceiro setor a que se refere a Lei n\u00ba 23.081, de 10 de agosto de 2018.<br \/>\n\u00a7 2\u00ba \u2013 A veda\u00e7\u00e3o \u00e0 ado\u00e7\u00e3o do modelo de cogest\u00e3o de que trata o caput entrar\u00e1 em vigor na data de publica\u00e7\u00e3o desta lei.<br \/>\n\u00a7 3\u00ba \u2013 Os contratos j\u00e1 firmados em data anterior \u00e0 publica\u00e7\u00e3o desta lei entre a administra\u00e7\u00e3o p\u00fablica e parceiros privados, para execu\u00e7\u00e3o do modelo de cogest\u00e3o de unidades socioeducativas de interna\u00e7\u00e3o, vigorar\u00e3o por um ano contado da data da publica\u00e7\u00e3o desta lei.<br \/>\n\u00a7 4\u00ba \u2013 O prazo de um ano previsto no \u00a7 3\u00ba deste artigo viabilizar\u00e1 transi\u00e7\u00e3o entre modelos de gest\u00e3o, per\u00edodo no qual dever\u00e1 ocorrer obrigatoriamente a reavalia\u00e7\u00e3o da medida socioeducativa de todos os adolescentes que se encontram naquele momento em unidades de interna\u00e7\u00e3o em regime de cogest\u00e3o no Estado de Minas Gerais, para que sejam transferidos a unidades de interna\u00e7\u00e3o de gest\u00e3o direta do poder p\u00fablico, ou, em caso de abrandamento da medida socioeducativa aplicada, encaminhados a unidades de semiliberdade ou cumprimento de medida socioeducativa de liberdade assistida.<br \/>\n\u00a7 5\u00ba \u2013 A reavalia\u00e7\u00e3o da medida socioeducativa de interna\u00e7\u00e3o que trata o \u00a7 4\u00ba deste artigo dever\u00e1 ocorrer em observ\u00e2ncia \u00e0s normas, princ\u00edpios e diretrizes do Estatuto da Crian\u00e7a e do Adolescente (Lei n\u00ba 8.069\/1990) e da lei que instituiu o Sistema Nacional de Atendimento Socioeducativo \u2013 Sinase (Lei n\u00ba 12.594\/2012).<br \/>\n\u00a7 6\u00ba \u2013 A transfer\u00eancia de adolescentes a unidades de interna\u00e7\u00e3o de gest\u00e3o direta do poder p\u00fablico, bem como o encaminhamento a unidades de semiliberdade ocorrer\u00e3o em observ\u00e2ncia ao fluxo institu\u00eddo pela Central de Vagas.<br \/>\n\u00a7 7\u00ba \u2013 Ap\u00f3s o t\u00e9rmino do prazo de um ano mencionado no \u00a7 3\u00ba deste artigo, todos os contratos de cogest\u00e3o das unidades de interna\u00e7\u00e3o do sistema socioeducativo do Estado de Minas Gerais dever\u00e3o ser extintos.<br \/>\nArt. 2\u00ba \u2013 Nas unidades de semiliberdade do sistema socioeducativo, o modelo de cogest\u00e3o ser\u00e1 implementado por lei espec\u00edfica, que dever\u00e1 ser editada e publicada ap\u00f3s doze meses contados da data de publica\u00e7\u00e3o desta lei.<br \/>\n\u00a7 1\u00ba \u2013 A lei espec\u00edfica a que se refere o caput deste artigo elencar\u00e1 diretrizes obrigat\u00f3rias a serem observadas nos contratos de parceria firmados entre parceiros privados e o Estado de Minas Gerais, para execu\u00e7\u00e3o das atividades nas unidades de semiliberdade do sistema socioeducativo.<br \/>\n\u00a7 2\u00ba \u2013 Enquanto n\u00e3o for implementado por lei o modelo de cogest\u00e3o nas unidades de semiliberdade a que se refere o \u00a7 3\u00ba deste artigo, o Poder Executivo priorizar\u00e1 a gest\u00e3o direta.<br \/>\nArt. 3\u00ba \u2013 Esta lei entra em vigor na data de sua publica\u00e7\u00e3o.<br \/>\nSala das Reuni\u00f5es, 24 de junho de 2025.<br \/>\nProfessor Cleiton (PV)<br \/>\n\u2013 Semelhante proposi\u00e7\u00e3o foi apresentada anteriormente pela deputada Beatriz Cerqueira. Anexe-se ao Projeto de Lei n\u00ba 1.033\/2023, nos termos do \u00a7 2\u00ba do art. 173 do Regimento Interno.<\/article>\n<div style=\"text-align: center\">\n<div style=\"margin-bottom: 20px;\" class=\"et_pb_button_module_wrapper et_pb_button_5_tb_body_wrapper et_pb_button_alignment_center et_pb_module \">\n         <a class=\"et_pb_button et_pb_button_5_tb_body et_hover_enabled et_pb_bg_layout_dark\" style=\"width: 50%;background-color: black;\" href=\"https:\/\/app.legislapp.com.br\" target=\"_blank\" rel=\"noopener\">Visualizar completo na nossa plataforma (30 dias gr\u00e1tis)<\/a><\/p><\/div>\n<p>      <a href=\"https:\/\/play.google.com\/store\/apps\/details?id=br.com.legislapp\"><img decoding=\"async\" style=\"width: 15%; min-width: 130px;\" src=\"https:\/\/www.legislapp.com.br\/wp-content\/uploads\/google-play.png\"><\/a><br \/>\n      <a href=\"https:\/\/apps.apple.com\/us\/app\/legislapp\/id1568929859\"><img decoding=\"async\" style=\"width: 15%; min-width: 130px\" src=\"https:\/\/www.legislapp.com.br\/wp-content\/uploads\/apple-store.png\"><\/a>\n   <\/div>\n","protected":false},"excerpt":{"rendered":"<p>C\u00e2m. Legislativa de MG &#8211; Autoria de Deputados Veda o modelo de cogest\u00e3o, terceiriza\u00e7\u00e3o ou cong\u00eanere no sistema socioeducativo do Estado de Minas Gerais. Veda o modelo de cogest\u00e3o, terceiriza\u00e7\u00e3o ou cong\u00eanere no sistema socioeducativo do Estado de Minas Gerais. A Assembleia Legislativa do Estado de Minas Gerais decreta: Art. 1\u00ba \u2013 \u00c9 vedada a [&hellip;]<\/p>\n","protected":false},"author":1,"featured_media":0,"parent":0,"menu_order":0,"comment_status":"closed","ping_status":"closed","template":"page-template-blank.php","meta":{"_et_pb_use_builder":"","_et_pb_old_content":"","_et_gb_content_width":"1080","ngg_post_thumbnail":0,"footnotes":""},"class_list":["post-8713","page","type-page","status-publish","hentry"],"yoast_head":"<!-- This site is optimized with the Yoast SEO plugin v24.4 - https:\/\/yoast.com\/wordpress\/plugins\/seo\/ -->\n<title>PL 3972\/2025 - Deputados - Legislapp<\/title>\n<meta name=\"robots\" content=\"index, follow, max-snippet:-1, max-image-preview:large, max-video-preview:-1\" \/>\n<link rel=\"canonical\" href=\"https:\/\/www.legislapp.com.br\/index.php\/cam-legislativa-de-mg-pl-3972-2025-2\/\" \/>\n<meta property=\"og:locale\" content=\"pt_BR\" \/>\n<meta property=\"og:type\" content=\"article\" \/>\n<meta property=\"og:title\" content=\"PL 3972\/2025 - Deputados - Legislapp\" \/>\n<meta property=\"og:description\" content=\"C\u00e2m. Legislativa de MG &#8211; Autoria de Deputados Veda o modelo de cogest\u00e3o, terceiriza\u00e7\u00e3o ou cong\u00eanere no sistema socioeducativo do Estado de Minas Gerais. Veda o modelo de cogest\u00e3o, terceiriza\u00e7\u00e3o ou cong\u00eanere no sistema socioeducativo do Estado de Minas Gerais. A Assembleia Legislativa do Estado de Minas Gerais decreta: Art. 1\u00ba \u2013 \u00c9 vedada a [&hellip;]\" \/>\n<meta property=\"og:url\" content=\"https:\/\/www.legislapp.com.br\/index.php\/cam-legislativa-de-mg-pl-3972-2025-2\/\" \/>\n<meta property=\"og:site_name\" content=\"Legislapp\" \/>\n<meta property=\"article:publisher\" content=\"https:\/\/www.instagram.com\/legislapp\/\" \/>\n<meta property=\"og:image\" content=\"https:\/\/www.legislapp.com.br\/wp-content\/uploads\/google-play.png\" \/>\n<meta name=\"twitter:card\" content=\"summary_large_image\" \/>\n<meta name=\"twitter:label1\" content=\"Est. tempo de leitura\" \/>\n\t<meta name=\"twitter:data1\" content=\"3 minutos\" \/>\n<script type=\"application\/ld+json\" class=\"yoast-schema-graph\">{\"@context\":\"https:\/\/schema.org\",\"@graph\":[{\"@type\":\"WebPage\",\"@id\":\"https:\/\/www.legislapp.com.br\/index.php\/cam-legislativa-de-mg-pl-3972-2025-2\/\",\"url\":\"https:\/\/www.legislapp.com.br\/index.php\/cam-legislativa-de-mg-pl-3972-2025-2\/\",\"name\":\"PL 3972\/2025 - Deputados - Legislapp\",\"isPartOf\":{\"@id\":\"https:\/\/www.legislapp.com.br\/#website\"},\"primaryImageOfPage\":{\"@id\":\"https:\/\/www.legislapp.com.br\/index.php\/cam-legislativa-de-mg-pl-3972-2025-2\/#primaryimage\"},\"image\":{\"@id\":\"https:\/\/www.legislapp.com.br\/index.php\/cam-legislativa-de-mg-pl-3972-2025-2\/#primaryimage\"},\"thumbnailUrl\":\"https:\/\/www.legislapp.com.br\/wp-content\/uploads\/google-play.png\",\"datePublished\":\"2025-10-08T14:50:12+00:00\",\"breadcrumb\":{\"@id\":\"https:\/\/www.legislapp.com.br\/index.php\/cam-legislativa-de-mg-pl-3972-2025-2\/#breadcrumb\"},\"inLanguage\":\"pt-BR\",\"potentialAction\":[{\"@type\":\"ReadAction\",\"target\":[\"https:\/\/www.legislapp.com.br\/index.php\/cam-legislativa-de-mg-pl-3972-2025-2\/\"]}]},{\"@type\":\"ImageObject\",\"inLanguage\":\"pt-BR\",\"@id\":\"https:\/\/www.legislapp.com.br\/index.php\/cam-legislativa-de-mg-pl-3972-2025-2\/#primaryimage\",\"url\":\"https:\/\/www.legislapp.com.br\/wp-content\/uploads\/google-play.png\",\"contentUrl\":\"https:\/\/www.legislapp.com.br\/wp-content\/uploads\/google-play.png\",\"width\":564,\"height\":168},{\"@type\":\"BreadcrumbList\",\"@id\":\"https:\/\/www.legislapp.com.br\/index.php\/cam-legislativa-de-mg-pl-3972-2025-2\/#breadcrumb\",\"itemListElement\":[{\"@type\":\"ListItem\",\"position\":1,\"name\":\"In\u00edcio\",\"item\":\"https:\/\/www.legislapp.com.br\/\"},{\"@type\":\"ListItem\",\"position\":2,\"name\":\"PL 3972\/2025 &#8211; Deputados\"}]},{\"@type\":\"WebSite\",\"@id\":\"https:\/\/www.legislapp.com.br\/#website\",\"url\":\"https:\/\/www.legislapp.com.br\/\",\"name\":\"Legislapp\",\"description\":\"Intelig\u00eancia governamental em tempo real\",\"publisher\":{\"@id\":\"https:\/\/www.legislapp.com.br\/#organization\"},\"potentialAction\":[{\"@type\":\"SearchAction\",\"target\":{\"@type\":\"EntryPoint\",\"urlTemplate\":\"https:\/\/www.legislapp.com.br\/?s={search_term_string}\"},\"query-input\":{\"@type\":\"PropertyValueSpecification\",\"valueRequired\":true,\"valueName\":\"search_term_string\"}}],\"inLanguage\":\"pt-BR\"},{\"@type\":\"Organization\",\"@id\":\"https:\/\/www.legislapp.com.br\/#organization\",\"name\":\"Legislapp Monitoramento e Intelig\u00eancia Governamental\",\"url\":\"https:\/\/www.legislapp.com.br\/\",\"logo\":{\"@type\":\"ImageObject\",\"inLanguage\":\"pt-BR\",\"@id\":\"https:\/\/www.legislapp.com.br\/#\/schema\/logo\/image\/\",\"url\":\"https:\/\/www.legislapp.com.br\/wp-content\/uploads\/icon.png\",\"contentUrl\":\"https:\/\/www.legislapp.com.br\/wp-content\/uploads\/icon.png\",\"width\":1024,\"height\":1024,\"caption\":\"Legislapp Monitoramento e Intelig\u00eancia Governamental\"},\"image\":{\"@id\":\"https:\/\/www.legislapp.com.br\/#\/schema\/logo\/image\/\"},\"sameAs\":[\"https:\/\/www.instagram.com\/legislapp\/\"]}]}<\/script>\n<!-- \/ Yoast SEO plugin. -->","yoast_head_json":{"title":"PL 3972\/2025 - Deputados - Legislapp","robots":{"index":"index","follow":"follow","max-snippet":"max-snippet:-1","max-image-preview":"max-image-preview:large","max-video-preview":"max-video-preview:-1"},"canonical":"https:\/\/www.legislapp.com.br\/index.php\/cam-legislativa-de-mg-pl-3972-2025-2\/","og_locale":"pt_BR","og_type":"article","og_title":"PL 3972\/2025 - Deputados - Legislapp","og_description":"C\u00e2m. Legislativa de MG &#8211; Autoria de Deputados Veda o modelo de cogest\u00e3o, terceiriza\u00e7\u00e3o ou cong\u00eanere no sistema socioeducativo do Estado de Minas Gerais. Veda o modelo de cogest\u00e3o, terceiriza\u00e7\u00e3o ou cong\u00eanere no sistema socioeducativo do Estado de Minas Gerais. A Assembleia Legislativa do Estado de Minas Gerais decreta: Art. 1\u00ba \u2013 \u00c9 vedada a [&hellip;]","og_url":"https:\/\/www.legislapp.com.br\/index.php\/cam-legislativa-de-mg-pl-3972-2025-2\/","og_site_name":"Legislapp","article_publisher":"https:\/\/www.instagram.com\/legislapp\/","og_image":[{"url":"https:\/\/www.legislapp.com.br\/wp-content\/uploads\/google-play.png","type":"","width":"","height":""}],"twitter_card":"summary_large_image","twitter_misc":{"Est. tempo de leitura":"3 minutos"},"schema":{"@context":"https:\/\/schema.org","@graph":[{"@type":"WebPage","@id":"https:\/\/www.legislapp.com.br\/index.php\/cam-legislativa-de-mg-pl-3972-2025-2\/","url":"https:\/\/www.legislapp.com.br\/index.php\/cam-legislativa-de-mg-pl-3972-2025-2\/","name":"PL 3972\/2025 - Deputados - Legislapp","isPartOf":{"@id":"https:\/\/www.legislapp.com.br\/#website"},"primaryImageOfPage":{"@id":"https:\/\/www.legislapp.com.br\/index.php\/cam-legislativa-de-mg-pl-3972-2025-2\/#primaryimage"},"image":{"@id":"https:\/\/www.legislapp.com.br\/index.php\/cam-legislativa-de-mg-pl-3972-2025-2\/#primaryimage"},"thumbnailUrl":"https:\/\/www.legislapp.com.br\/wp-content\/uploads\/google-play.png","datePublished":"2025-10-08T14:50:12+00:00","breadcrumb":{"@id":"https:\/\/www.legislapp.com.br\/index.php\/cam-legislativa-de-mg-pl-3972-2025-2\/#breadcrumb"},"inLanguage":"pt-BR","potentialAction":[{"@type":"ReadAction","target":["https:\/\/www.legislapp.com.br\/index.php\/cam-legislativa-de-mg-pl-3972-2025-2\/"]}]},{"@type":"ImageObject","inLanguage":"pt-BR","@id":"https:\/\/www.legislapp.com.br\/index.php\/cam-legislativa-de-mg-pl-3972-2025-2\/#primaryimage","url":"https:\/\/www.legislapp.com.br\/wp-content\/uploads\/google-play.png","contentUrl":"https:\/\/www.legislapp.com.br\/wp-content\/uploads\/google-play.png","width":564,"height":168},{"@type":"BreadcrumbList","@id":"https:\/\/www.legislapp.com.br\/index.php\/cam-legislativa-de-mg-pl-3972-2025-2\/#breadcrumb","itemListElement":[{"@type":"ListItem","position":1,"name":"In\u00edcio","item":"https:\/\/www.legislapp.com.br\/"},{"@type":"ListItem","position":2,"name":"PL 3972\/2025 &#8211; Deputados"}]},{"@type":"WebSite","@id":"https:\/\/www.legislapp.com.br\/#website","url":"https:\/\/www.legislapp.com.br\/","name":"Legislapp","description":"Intelig\u00eancia governamental em tempo real","publisher":{"@id":"https:\/\/www.legislapp.com.br\/#organization"},"potentialAction":[{"@type":"SearchAction","target":{"@type":"EntryPoint","urlTemplate":"https:\/\/www.legislapp.com.br\/?s={search_term_string}"},"query-input":{"@type":"PropertyValueSpecification","valueRequired":true,"valueName":"search_term_string"}}],"inLanguage":"pt-BR"},{"@type":"Organization","@id":"https:\/\/www.legislapp.com.br\/#organization","name":"Legislapp Monitoramento e Intelig\u00eancia Governamental","url":"https:\/\/www.legislapp.com.br\/","logo":{"@type":"ImageObject","inLanguage":"pt-BR","@id":"https:\/\/www.legislapp.com.br\/#\/schema\/logo\/image\/","url":"https:\/\/www.legislapp.com.br\/wp-content\/uploads\/icon.png","contentUrl":"https:\/\/www.legislapp.com.br\/wp-content\/uploads\/icon.png","width":1024,"height":1024,"caption":"Legislapp Monitoramento e Intelig\u00eancia Governamental"},"image":{"@id":"https:\/\/www.legislapp.com.br\/#\/schema\/logo\/image\/"},"sameAs":["https:\/\/www.instagram.com\/legislapp\/"]}]}},"_links":{"self":[{"href":"https:\/\/www.legislapp.com.br\/index.php\/wp-json\/wp\/v2\/pages\/8713","targetHints":{"allow":["GET"]}}],"collection":[{"href":"https:\/\/www.legislapp.com.br\/index.php\/wp-json\/wp\/v2\/pages"}],"about":[{"href":"https:\/\/www.legislapp.com.br\/index.php\/wp-json\/wp\/v2\/types\/page"}],"author":[{"embeddable":true,"href":"https:\/\/www.legislapp.com.br\/index.php\/wp-json\/wp\/v2\/users\/1"}],"replies":[{"embeddable":true,"href":"https:\/\/www.legislapp.com.br\/index.php\/wp-json\/wp\/v2\/comments?post=8713"}],"version-history":[{"count":0,"href":"https:\/\/www.legislapp.com.br\/index.php\/wp-json\/wp\/v2\/pages\/8713\/revisions"}],"wp:attachment":[{"href":"https:\/\/www.legislapp.com.br\/index.php\/wp-json\/wp\/v2\/media?parent=8713"}],"curies":[{"name":"wp","href":"https:\/\/api.w.org\/{rel}","templated":true}]}}