{"id":8729,"date":"2025-10-08T11:51:08","date_gmt":"2025-10-08T14:51:08","guid":{"rendered":"https:\/\/www.legislapp.com.br\/index.php\/cam-legislativa-de-sc-plc-0014-2025-2\/"},"modified":"2025-10-08T11:51:08","modified_gmt":"2025-10-08T14:51:08","slug":"cam-legislativa-de-sc-plc-0014-2025-2","status":"publish","type":"page","link":"https:\/\/www.legislapp.com.br\/index.php\/cam-legislativa-de-sc-plc-0014-2025-2\/","title":{"rendered":"PLC\/0014\/2025 &#8211; Governador do Estado"},"content":{"rendered":"<h1 style='text-align: center;'>C\u00e2m. Legislativa de SC &#8211; Autoria de Governador do Estado<\/h3>\n<p><\/p>\n<article style='text-align: center'>Altera o art. 10 da Lei Complementar n\u00ba 345, de 2006, que disp\u00f5e sobre o Plano de Carreiras dos servidores da Funda\u00e7\u00e3o Universidade do Estado de Santa Catarina (UDESC), e estabelece outras provid\u00eancias.<\/article>\n<p><\/p>\n<p style='text-align: center'><a href='https:\/\/app.legislapp.com.br\/#\/busca?termo='><\/a><\/p>\n<p><\/p>\n<article>ESTADO DE SANTA CATARINA<br \/>\nGABINETE DO GOVERNADOR  <\/p>\n<p>MENSAGEM N\u00ba 1045 <\/p>\n<p>EXCELENT\u00cdSSIMO SENHOR PRESIDENTE, SENHORAS<br \/>\nDEPUTADAS E SENHORES DEPUTADOS DA ASSEMBLEIA<br \/>\nLEGISLATIVA DO ESTADO <\/p>\n<p>Nos termos do art. 50 da Constitui\u00e7\u00e3o do Estado, submeto \u00e0<br \/>\nelevada delibera\u00e7\u00e3o dessa augusta Casa Legislativa, acompanhado de exposi\u00e7\u00e3o de<br \/>\nmotivos da Secretaria de Estado da Educa\u00e7\u00e3o, o projeto de lei complementar que \u201cAltera<br \/>\no art. 10 da Lei Complementar n\u00ba 345, de 2006, que disp\u00f5e sobre o Plano de Carreiras dos<br \/>\nservidores da Funda\u00e7\u00e3o Universidade do Estado de Santa Catarina (UDESC), e estabelece<br \/>\noutras provid\u00eancias\u201d. <\/p>\n<p>Florian\u00f3polis, 1\u00ba de julho de 2025. <\/p>\n<p>JORGINHO MELLO<br \/>\nGovernador do Estado<br \/>\nmsl_PJC_246<br \/>\n80<br \/>\nP\u00e1g. 01 de 01 &#8211; Documento assinado digitalmente. Para confer\u00eancia, acesse o site https:\/\/portal.sgpe.sea.sc.gov.br\/portal-externo e informe o processo UDESC 00038561\/2024 e o c\u00f3digo S98S42KM.Assinaturas do documento<\/p>\n<p>C\u00f3digo para verifica\u00e7\u00e3o: S98S42KM<\/p>\n<p>Este documento foi assinado digitalmente pelos seguintes signat\u00e1rios nas datas indicadas:<\/p>\n<p>JORGINHO DOS SANTOS MELLO (CPF: 250.XXX.199-XX) em 01\/07\/2025 \u00e0s 19:07:25<br \/>\nEmitido por: &#8220;SGP-e&#8221;, emitido em 14\/04\/2023 &#8211; 11:54:30 e v\u00e1lido at\u00e9 14\/04\/2123 &#8211; 11:54:30.<br \/>\n(Assinatura do sistema)<\/p>\n<p>Para verificar a autenticidade desta c\u00f3pia, acesse o link https:\/\/portal.sgpe.sea.sc.gov.br\/portal-externo\/conferencia-<br \/>\ndocumento\/VURFU0NfMTIwMjJfMDAwMzg1NjFfMzg2MDRfMjAyNF9TOThTNDJLTQ== ou o site<br \/>\nhttps:\/\/portal.sgpe.sea.sc.gov.br\/portal-externo e informe o processo UDESC 00038561\/2024 e o c\u00f3digo<br \/>\nS98S42KM ou aponte a c\u00e2mera para o QR Code presente nesta p\u00e1gina para realizar a confer\u00eancia.<\/p>\n<p>                               ESTADO DE SANTA CATARINA<br \/>\n                         SECRETARIA DE ESTADO DA EDUCA\u00c7\u00c3O<br \/>\n                         GABINETE DO SECRET\u00c1RIO<\/p>\n<p>Exposi\u00e7\u00e3o de Motivos n\u00ba 044\/2025                                               Florian\u00f3polis, 26 de maio de 2025.<br \/>\nRefer\u00eancia: Processo UDESC 38561\/2024<br \/>\nSenhor Governador,<br \/>\nSubmetemos \u00e0 considera\u00e7\u00e3o de Vossa Excel\u00eancia a proposta de reposi\u00e7\u00e3o das perdas<br \/>\ninflacion\u00e1rias do Valor Referencial de Vencimento (VRV) dos servidores da Funda\u00e7\u00e3o<br \/>\nUniversidade do Estado de Santa Catarina (UDESC), por meio de um Projeto de Lei<br \/>\nComplementar, conforme exposto a seguir:<br \/>\nA UDESC \u00e9 uma institui\u00e7\u00e3o de ensino superior p\u00fablica e gratuita, reconhecida por sua<br \/>\nexcel\u00eancia acad\u00eamica e compromisso com a forma\u00e7\u00e3o de profissionais altamente qualificados.<br \/>\nDesde a sua funda\u00e7\u00e3o, a UDESC tem se dedicado a promover a educa\u00e7\u00e3o de qualidade e a<br \/>\npesquisa cient\u00edfica, contribuindo significativamente para o desenvolvimento cultural, cient\u00edfico e<br \/>\ntecnol\u00f3gico do Estado de Santa Catarina e do pa\u00eds. Com uma estrutura moderna e recursos<br \/>\navan\u00e7ados, a Universidade oferece uma ampla gama de cursos, sendo 56 de gradua\u00e7\u00e3o e 57 de<br \/>\np\u00f3s-gradua\u00e7\u00e3o (2024), sempre com um enfoque na inova\u00e7\u00e3o e na inclus\u00e3o.<br \/>\nO corpo t\u00e9cnico e docente da UDESC \u00e9 composto por profissionais de destacada<br \/>\ncompet\u00eancia e experi\u00eancia, cujas forma\u00e7\u00f5es acad\u00eamica e pr\u00e1tica refletem o mais alto padr\u00e3o de<br \/>\nexcel\u00eancia. Os professores da Universidade s\u00e3o amplamente reconhecidos por suas contribui\u00e7\u00f5es<br \/>\nsignificativas em suas respectivas \u00e1reas de especializa\u00e7\u00e3o, pesquisa e extens\u00e3o, possuindo, na<br \/>\nsua maioria, titula\u00e7\u00e3o de doutorado e s\u00f3lida experi\u00eancia profissional. Essa qualifica\u00e7\u00e3o \u00e9 crucial<br \/>\npara garantir que o ensino, a pesquisa e a extens\u00e3o, na UDESC, estejam alinhadas com as<br \/>\nmelhores pr\u00e1ticas e avan\u00e7os contempor\u00e2neos, indo ao encontro dos anseios da sociedade<br \/>\ncatarinense.<br \/>\nEntre os projetos de relev\u00e2ncia social para o Estado de Santa Catarina podemos<br \/>\nressaltar que a UDESC conta com o \u00fanico Laborat\u00f3rio P\u00fablico de DNA, que realiza an\u00e1lises de<br \/>\npaternidade em conv\u00eanio com o Poder Judici\u00e1rio, Minist\u00e9rio P\u00fablico e Secretaria de Sa\u00fade. A<br \/>\nuniversidade tamb\u00e9m conta com a Cl\u00ednica Escola de Fisioterapia, que realiza milhares de<br \/>\natendimentos \u00e0 comunidade, por meio de projetos de extens\u00e3o. Al\u00e9m disso, a Universidade \u00e9<br \/>\nparceira da Secretaria de Educa\u00e7\u00e3o na realiza\u00e7\u00e3o de forma\u00e7\u00e3o docente para as redes de ensino,<br \/>\nal\u00e9m de conv\u00eanios com \u00f3rg\u00e3os de Seguran\u00e7a P\u00fablica como Pol\u00edcia Militar e Corpo de Bombeiros,<br \/>\npara cursos de capacita\u00e7\u00e3o e gest\u00e3o. O Hospital Veterin\u00e1rio, p\u00fablico e gratuito, e o N\u00facleo de<br \/>\nCi\u00eancia, Tecnologia e Inova\u00e7\u00e3o do Leite s\u00e3o outros exemplos de projetos de relevante impacto<br \/>\nsocial e de desenvolvimento regional impulsionados pela Universidade.<br \/>\nNesse sentido e na busca da manuten\u00e7\u00e3o e incremento dessa excel\u00eancia, destacamos<br \/>\nque a \u00faltima altera\u00e7\u00e3o salarial dos servidores da UDESC ocorreu por meio da Lei Complementar<br \/>\nn\u00ba 859, de 12 de abril de 2024, que fixou o VRV em R$ 495,14, a contar de 12 de abril de 2024.<br \/>\nEsse \u00edndice recuperou uma parte do valor defasado nos \u00faltimos anos.<br \/>\nAssim, buscamos com este documento encaminhar a decis\u00e3o do Conselho Universit\u00e1rio<br \/>\n(Resolu\u00e7\u00e3o n\u00ba 52\/2024) que aprovou, com base em estudo t\u00e9cnico da nossa Pr\u00f3-Reitoria de<br \/>\n51<br \/>\nP\u00e1g. 01 de 02 &#8211; Documento assinado digitalmente. Para confer\u00eancia, acesse o site https:\/\/portal.sgpe.sea.sc.gov.br\/portal-externo e informe o processo UDESC 00038561\/2024 e o c\u00f3digo EW15ZQ09.                <\/p>\n<p>                               ESTADO DE SANTA CATARINA<br \/>\n                         SECRETARIA DE ESTADO DA EDUCA\u00c7\u00c3O<br \/>\n                         GABINETE DO SECRET\u00c1RIO<\/p>\n<p>Planejamento (Proplan), a reposi\u00e7\u00e3o da infla\u00e7\u00e3o do VRV que passaria dos atuais R$ 495,14 para<br \/>\nR$ 544,65 (quinhentos e quarenta e quatro reais e sessenta e cinco centavos).<\/p>\n<p>Destacamos que o VRV foi criado dentro da Lei Complementar n\u00ba 345\/2006 (Plano de<br \/>\nCarreiras dos Servidores da UDESC) e o seu valor \u00e9 o fator de multiplica\u00e7\u00e3o para obten\u00e7\u00e3o dos<br \/>\nvencimentos de servidores, conforme o artigo 10.<br \/>\nReafirmamos ainda que a compensa\u00e7\u00e3o da infla\u00e7\u00e3o \u00e9 essencial para assegurar que os<br \/>\nsal\u00e1rios dos t\u00e9cnicos e professores permane\u00e7am alinhados com as condi\u00e7\u00f5es do mercado de<br \/>\ntrabalho e  com os padr\u00f5es de outros \u00f3rg\u00e3os do pr\u00f3prio governo estadual. E, al\u00e9m disso, a<br \/>\ncorre\u00e7\u00e3o das perdas inflacion\u00e1rias representa uma das estrat\u00e9gias para preservar a qualidade e a<br \/>\ncompet\u00eancia do nosso quadro de servidores.<br \/>\nTamb\u00e9m \u00e9 importante enfatizarmos que as despesas resultantes da atualiza\u00e7\u00e3o do Valor<br \/>\nde Referencial de Vencimento (VRV) ser\u00e3o cobertas por dota\u00e7\u00e3o or\u00e7ament\u00e1ria pr\u00f3pria da<br \/>\nUniversidade do Estado de Santa Catarina (UDESC).<br \/>\nPor fim, inclu\u00edmos no processo as informa\u00e7\u00f5es relativas \u00e0 estimativa do impacto<br \/>\nor\u00e7ament\u00e1rio e financeiro para o exerc\u00edcio corrente e para os dois exerc\u00edcios subsequentes, bem<br \/>\ncomo a declara\u00e7\u00e3o de adequa\u00e7\u00e3o or\u00e7ament\u00e1ria e o parecer jur\u00eddico.<br \/>\nPelo exposto e certos da compreens\u00e3o de Vossa Excel\u00eancia, aguardamos parecer<br \/>\nfavor\u00e1vel ao Anteprojeto de Lei ora apresentado.<br \/>\nRespeitosamente,<br \/>\nLuciane Bisognin Ceretta<br \/>\nSecret\u00e1ria de Estado da Educa\u00e7\u00e3o<br \/>\n(assinado digitalmente)<br \/>\n52<br \/>\nP\u00e1g. 02 de 02 &#8211; Documento assinado digitalmente. Para confer\u00eancia, acesse o site https:\/\/portal.sgpe.sea.sc.gov.br\/portal-externo e informe o processo UDESC 00038561\/2024 e o c\u00f3digo EW15ZQ09.Assinaturas do documento<\/p>\n<p>C\u00f3digo para verifica\u00e7\u00e3o: EW15ZQ09<\/p>\n<p>Este documento foi assinado digitalmente pelos seguintes signat\u00e1rios nas datas indicadas:<\/p>\n<p>LUCIANE BISOGNIN CERETTA (CPF: 490.XXX.110-XX) em 30\/05\/2025 \u00e0s 12:43:07<br \/>\nEmitido por: &#8220;SGP-e&#8221;, emitido em 04\/08\/2022 &#8211; 17:13:56 e v\u00e1lido at\u00e9 04\/08\/2122 &#8211; 17:13:56.<br \/>\n(Assinatura do sistema)<\/p>\n<p>Para verificar a autenticidade desta c\u00f3pia, acesse o link https:\/\/portal.sgpe.sea.sc.gov.br\/portal-externo\/conferencia-<br \/>\ndocumento\/VURFU0NfMTIwMjJfMDAwMzg1NjFfMzg2MDRfMjAyNF9FVzE1WlEwOQ== ou o site<br \/>\nhttps:\/\/portal.sgpe.sea.sc.gov.br\/portal-externo e informe o processo UDESC 00038561\/2024 e o c\u00f3digo<br \/>\nEW15ZQ09 ou aponte a c\u00e2mera para o QR Code presente nesta p\u00e1gina para realizar a confer\u00eancia.<br \/>\nESTADO DE SANTA CATARINA <\/p>\n<p>PROJETO DE LEI COMPLEMENTAR N\u00ba <\/p>\n<p>Altera o art. 10 da Lei Complementar n\u00ba 345, de 2006, que disp\u00f5e<br \/>\nsobre o Plano de Carreiras dos servidores da Funda\u00e7\u00e3o<br \/>\nUniversidade do Estado de Santa Catarina (UDESC), e<br \/>\nestabelece outras provid\u00eancias. <\/p>\n<p>O GOVERNADOR DO ESTADO DE SANTA CATARINA<br \/>\nFa\u00e7o saber a todos os habitantes deste Estado que a<br \/>\nAssembleia Legislativa decreta e eu sanciono a seguinte Lei Complementar: <\/p>\n<p>Art. 1\u00ba O art. 10 da Lei Complementar n\u00ba 345, de 7 de abril de<br \/>\n2006, passa a vigorar com a seguinte reda\u00e7\u00e3o: <\/p>\n<p>\u201cArt. 10. &#8230;&#8230;&#8230;&#8230;&#8230;&#8230;&#8230;&#8230;&#8230;&#8230;&#8230;&#8230;&#8230;&#8230;&#8230;&#8230;&#8230;&#8230;&#8230;&#8230;&#8230;&#8230;&#8230;&#8230;&#8230;&#8230;&#8230;&#8230;&#8230;. <\/p>\n<p>\u00a7 1\u00ba O VRV de que trata o caput deste artigo fica fixado em<br \/>\nR$ 544,65 (quinhentos e quarenta e quatro reais e sessenta e cinco centavos). <\/p>\n<p>&#8230;&#8230;&#8230;&#8230;&#8230;&#8230;&#8230;&#8230;&#8230;&#8230;&#8230;&#8230;&#8230;&#8230;&#8230;&#8230;&#8230;&#8230;&#8230;&#8230;&#8230;&#8230;&#8230;&#8230;&#8230;&#8230;&#8230;&#8230;&#8230;&#8230;..\u201d (NR) <\/p>\n<p>Art. 2\u00ba As despesas decorrentes da execu\u00e7\u00e3o desta Lei<br \/>\nComplementar correr\u00e3o \u00e0 conta da dota\u00e7\u00e3o or\u00e7ament\u00e1ria pr\u00f3pria da Funda\u00e7\u00e3o<br \/>\nUniversidade do Estado de Santa Catarina (UDESC). <\/p>\n<p>Art. 3\u00ba Esta Lei Complementar entra em vigor na data de sua<br \/>\npublica\u00e7\u00e3o. <\/p>\n<p>Florian\u00f3polis, <\/p>\n<p>JORGINHO MELLO<br \/>\nGovernador do Estado<br \/>\nPJC_246  UDESC 38561\/2024<br \/>\n79<br \/>\nP\u00e1g. 01 de 01 &#8211; Documento assinado digitalmente. Para confer\u00eancia, acesse o site https:\/\/portal.sgpe.sea.sc.gov.br\/portal-externo e informe o processo UDESC 00038561\/2024 e o c\u00f3digo 0X3B6V5L.Assinaturas do documento<\/p>\n<p>C\u00f3digo para verifica\u00e7\u00e3o: 0X3B6V5L<\/p>\n<p>Este documento foi assinado digitalmente pelos seguintes signat\u00e1rios nas datas indicadas:<\/p>\n<p>JORGINHO DOS SANTOS MELLO (CPF: 250.XXX.199-XX) em 01\/07\/2025 \u00e0s 19:07:25<br \/>\nEmitido por: &#8220;SGP-e&#8221;, emitido em 14\/04\/2023 &#8211; 11:54:30 e v\u00e1lido at\u00e9 14\/04\/2123 &#8211; 11:54:30.<br \/>\n(Assinatura do sistema)<\/p>\n<p>Para verificar a autenticidade desta c\u00f3pia, acesse o link https:\/\/portal.sgpe.sea.sc.gov.br\/portal-externo\/conferencia-<br \/>\ndocumento\/VURFU0NfMTIwMjJfMDAwMzg1NjFfMzg2MDRfMjAyNF8wWDNCNlY1TA== ou o site<br \/>\nhttps:\/\/portal.sgpe.sea.sc.gov.br\/portal-externo e informe o processo UDESC 00038561\/2024 e o c\u00f3digo<br \/>\n0X3B6V5L ou aponte a c\u00e2mera para o QR Code presente nesta p\u00e1gina para realizar a confer\u00eancia.<br \/>\n<\/article>\n<div style=\"text-align: center\">\n<div style=\"margin-bottom: 20px;\" class=\"et_pb_button_module_wrapper et_pb_button_5_tb_body_wrapper et_pb_button_alignment_center et_pb_module \">\n         <a class=\"et_pb_button et_pb_button_5_tb_body et_hover_enabled et_pb_bg_layout_dark\" style=\"width: 50%;background-color: black;\" href=\"https:\/\/app.legislapp.com.br\" target=\"_blank\" rel=\"noopener\">Visualizar completo na nossa plataforma (30 dias gr\u00e1tis)<\/a><\/p><\/div>\n<p>      <a href=\"https:\/\/play.google.com\/store\/apps\/details?id=br.com.legislapp\"><img decoding=\"async\" style=\"width: 15%; min-width: 130px;\" src=\"https:\/\/www.legislapp.com.br\/wp-content\/uploads\/google-play.png\"><\/a><br \/>\n      <a href=\"https:\/\/apps.apple.com\/us\/app\/legislapp\/id1568929859\"><img decoding=\"async\" style=\"width: 15%; min-width: 130px\" src=\"https:\/\/www.legislapp.com.br\/wp-content\/uploads\/apple-store.png\"><\/a>\n   <\/div>\n","protected":false},"excerpt":{"rendered":"<p>C\u00e2m. Legislativa de SC &#8211; Autoria de Governador do Estado Altera o art. 10 da Lei Complementar n\u00ba 345, de 2006, que disp\u00f5e sobre o Plano de Carreiras dos servidores da Funda\u00e7\u00e3o Universidade do Estado de Santa Catarina (UDESC), e estabelece outras provid\u00eancias. ESTADO DE SANTA CATARINA GABINETE DO GOVERNADOR MENSAGEM N\u00ba 1045 EXCELENT\u00cdSSIMO SENHOR [&hellip;]<\/p>\n","protected":false},"author":1,"featured_media":0,"parent":0,"menu_order":0,"comment_status":"closed","ping_status":"closed","template":"page-template-blank.php","meta":{"_et_pb_use_builder":"","_et_pb_old_content":"","_et_gb_content_width":"1080","ngg_post_thumbnail":0,"footnotes":""},"class_list":["post-8729","page","type-page","status-publish","hentry"],"yoast_head":"<!-- This site is optimized with the Yoast SEO plugin v24.4 - https:\/\/yoast.com\/wordpress\/plugins\/seo\/ -->\n<title>PLC\/0014\/2025 - Governador do Estado - Legislapp<\/title>\n<meta name=\"robots\" content=\"index, follow, max-snippet:-1, max-image-preview:large, max-video-preview:-1\" \/>\n<link rel=\"canonical\" href=\"https:\/\/www.legislapp.com.br\/index.php\/cam-legislativa-de-sc-plc-0014-2025-2\/\" \/>\n<meta property=\"og:locale\" content=\"pt_BR\" \/>\n<meta property=\"og:type\" content=\"article\" \/>\n<meta property=\"og:title\" content=\"PLC\/0014\/2025 - Governador do Estado - Legislapp\" \/>\n<meta property=\"og:description\" content=\"C\u00e2m. Legislativa de SC &#8211; Autoria de Governador do Estado Altera o art. 10 da Lei Complementar n\u00ba 345, de 2006, que disp\u00f5e sobre o Plano de Carreiras dos servidores da Funda\u00e7\u00e3o Universidade do Estado de Santa Catarina (UDESC), e estabelece outras provid\u00eancias. ESTADO DE SANTA CATARINA GABINETE DO GOVERNADOR MENSAGEM N\u00ba 1045 EXCELENT\u00cdSSIMO SENHOR [&hellip;]\" \/>\n<meta property=\"og:url\" content=\"https:\/\/www.legislapp.com.br\/index.php\/cam-legislativa-de-sc-plc-0014-2025-2\/\" \/>\n<meta property=\"og:site_name\" content=\"Legislapp\" \/>\n<meta property=\"article:publisher\" content=\"https:\/\/www.instagram.com\/legislapp\/\" \/>\n<meta property=\"og:image\" content=\"https:\/\/www.legislapp.com.br\/wp-content\/uploads\/google-play.png\" \/>\n<meta name=\"twitter:card\" content=\"summary_large_image\" \/>\n<meta name=\"twitter:label1\" content=\"Est. tempo de leitura\" \/>\n\t<meta name=\"twitter:data1\" content=\"8 minutos\" \/>\n<script type=\"application\/ld+json\" class=\"yoast-schema-graph\">{\"@context\":\"https:\/\/schema.org\",\"@graph\":[{\"@type\":\"WebPage\",\"@id\":\"https:\/\/www.legislapp.com.br\/index.php\/cam-legislativa-de-sc-plc-0014-2025-2\/\",\"url\":\"https:\/\/www.legislapp.com.br\/index.php\/cam-legislativa-de-sc-plc-0014-2025-2\/\",\"name\":\"PLC\/0014\/2025 - Governador do Estado - Legislapp\",\"isPartOf\":{\"@id\":\"https:\/\/www.legislapp.com.br\/#website\"},\"primaryImageOfPage\":{\"@id\":\"https:\/\/www.legislapp.com.br\/index.php\/cam-legislativa-de-sc-plc-0014-2025-2\/#primaryimage\"},\"image\":{\"@id\":\"https:\/\/www.legislapp.com.br\/index.php\/cam-legislativa-de-sc-plc-0014-2025-2\/#primaryimage\"},\"thumbnailUrl\":\"https:\/\/www.legislapp.com.br\/wp-content\/uploads\/google-play.png\",\"datePublished\":\"2025-10-08T14:51:08+00:00\",\"breadcrumb\":{\"@id\":\"https:\/\/www.legislapp.com.br\/index.php\/cam-legislativa-de-sc-plc-0014-2025-2\/#breadcrumb\"},\"inLanguage\":\"pt-BR\",\"potentialAction\":[{\"@type\":\"ReadAction\",\"target\":[\"https:\/\/www.legislapp.com.br\/index.php\/cam-legislativa-de-sc-plc-0014-2025-2\/\"]}]},{\"@type\":\"ImageObject\",\"inLanguage\":\"pt-BR\",\"@id\":\"https:\/\/www.legislapp.com.br\/index.php\/cam-legislativa-de-sc-plc-0014-2025-2\/#primaryimage\",\"url\":\"https:\/\/www.legislapp.com.br\/wp-content\/uploads\/google-play.png\",\"contentUrl\":\"https:\/\/www.legislapp.com.br\/wp-content\/uploads\/google-play.png\",\"width\":564,\"height\":168},{\"@type\":\"BreadcrumbList\",\"@id\":\"https:\/\/www.legislapp.com.br\/index.php\/cam-legislativa-de-sc-plc-0014-2025-2\/#breadcrumb\",\"itemListElement\":[{\"@type\":\"ListItem\",\"position\":1,\"name\":\"In\u00edcio\",\"item\":\"https:\/\/www.legislapp.com.br\/\"},{\"@type\":\"ListItem\",\"position\":2,\"name\":\"PLC\/0014\/2025 &#8211; Governador do Estado\"}]},{\"@type\":\"WebSite\",\"@id\":\"https:\/\/www.legislapp.com.br\/#website\",\"url\":\"https:\/\/www.legislapp.com.br\/\",\"name\":\"Legislapp\",\"description\":\"Intelig\u00eancia governamental em tempo real\",\"publisher\":{\"@id\":\"https:\/\/www.legislapp.com.br\/#organization\"},\"potentialAction\":[{\"@type\":\"SearchAction\",\"target\":{\"@type\":\"EntryPoint\",\"urlTemplate\":\"https:\/\/www.legislapp.com.br\/?s={search_term_string}\"},\"query-input\":{\"@type\":\"PropertyValueSpecification\",\"valueRequired\":true,\"valueName\":\"search_term_string\"}}],\"inLanguage\":\"pt-BR\"},{\"@type\":\"Organization\",\"@id\":\"https:\/\/www.legislapp.com.br\/#organization\",\"name\":\"Legislapp Monitoramento e Intelig\u00eancia Governamental\",\"url\":\"https:\/\/www.legislapp.com.br\/\",\"logo\":{\"@type\":\"ImageObject\",\"inLanguage\":\"pt-BR\",\"@id\":\"https:\/\/www.legislapp.com.br\/#\/schema\/logo\/image\/\",\"url\":\"https:\/\/www.legislapp.com.br\/wp-content\/uploads\/icon.png\",\"contentUrl\":\"https:\/\/www.legislapp.com.br\/wp-content\/uploads\/icon.png\",\"width\":1024,\"height\":1024,\"caption\":\"Legislapp Monitoramento e Intelig\u00eancia Governamental\"},\"image\":{\"@id\":\"https:\/\/www.legislapp.com.br\/#\/schema\/logo\/image\/\"},\"sameAs\":[\"https:\/\/www.instagram.com\/legislapp\/\"]}]}<\/script>\n<!-- \/ Yoast SEO plugin. -->","yoast_head_json":{"title":"PLC\/0014\/2025 - Governador do Estado - Legislapp","robots":{"index":"index","follow":"follow","max-snippet":"max-snippet:-1","max-image-preview":"max-image-preview:large","max-video-preview":"max-video-preview:-1"},"canonical":"https:\/\/www.legislapp.com.br\/index.php\/cam-legislativa-de-sc-plc-0014-2025-2\/","og_locale":"pt_BR","og_type":"article","og_title":"PLC\/0014\/2025 - Governador do Estado - Legislapp","og_description":"C\u00e2m. Legislativa de SC &#8211; Autoria de Governador do Estado Altera o art. 10 da Lei Complementar n\u00ba 345, de 2006, que disp\u00f5e sobre o Plano de Carreiras dos servidores da Funda\u00e7\u00e3o Universidade do Estado de Santa Catarina (UDESC), e estabelece outras provid\u00eancias. ESTADO DE SANTA CATARINA GABINETE DO GOVERNADOR MENSAGEM N\u00ba 1045 EXCELENT\u00cdSSIMO SENHOR [&hellip;]","og_url":"https:\/\/www.legislapp.com.br\/index.php\/cam-legislativa-de-sc-plc-0014-2025-2\/","og_site_name":"Legislapp","article_publisher":"https:\/\/www.instagram.com\/legislapp\/","og_image":[{"url":"https:\/\/www.legislapp.com.br\/wp-content\/uploads\/google-play.png","type":"","width":"","height":""}],"twitter_card":"summary_large_image","twitter_misc":{"Est. tempo de leitura":"8 minutos"},"schema":{"@context":"https:\/\/schema.org","@graph":[{"@type":"WebPage","@id":"https:\/\/www.legislapp.com.br\/index.php\/cam-legislativa-de-sc-plc-0014-2025-2\/","url":"https:\/\/www.legislapp.com.br\/index.php\/cam-legislativa-de-sc-plc-0014-2025-2\/","name":"PLC\/0014\/2025 - Governador do Estado - Legislapp","isPartOf":{"@id":"https:\/\/www.legislapp.com.br\/#website"},"primaryImageOfPage":{"@id":"https:\/\/www.legislapp.com.br\/index.php\/cam-legislativa-de-sc-plc-0014-2025-2\/#primaryimage"},"image":{"@id":"https:\/\/www.legislapp.com.br\/index.php\/cam-legislativa-de-sc-plc-0014-2025-2\/#primaryimage"},"thumbnailUrl":"https:\/\/www.legislapp.com.br\/wp-content\/uploads\/google-play.png","datePublished":"2025-10-08T14:51:08+00:00","breadcrumb":{"@id":"https:\/\/www.legislapp.com.br\/index.php\/cam-legislativa-de-sc-plc-0014-2025-2\/#breadcrumb"},"inLanguage":"pt-BR","potentialAction":[{"@type":"ReadAction","target":["https:\/\/www.legislapp.com.br\/index.php\/cam-legislativa-de-sc-plc-0014-2025-2\/"]}]},{"@type":"ImageObject","inLanguage":"pt-BR","@id":"https:\/\/www.legislapp.com.br\/index.php\/cam-legislativa-de-sc-plc-0014-2025-2\/#primaryimage","url":"https:\/\/www.legislapp.com.br\/wp-content\/uploads\/google-play.png","contentUrl":"https:\/\/www.legislapp.com.br\/wp-content\/uploads\/google-play.png","width":564,"height":168},{"@type":"BreadcrumbList","@id":"https:\/\/www.legislapp.com.br\/index.php\/cam-legislativa-de-sc-plc-0014-2025-2\/#breadcrumb","itemListElement":[{"@type":"ListItem","position":1,"name":"In\u00edcio","item":"https:\/\/www.legislapp.com.br\/"},{"@type":"ListItem","position":2,"name":"PLC\/0014\/2025 &#8211; Governador do Estado"}]},{"@type":"WebSite","@id":"https:\/\/www.legislapp.com.br\/#website","url":"https:\/\/www.legislapp.com.br\/","name":"Legislapp","description":"Intelig\u00eancia governamental em tempo real","publisher":{"@id":"https:\/\/www.legislapp.com.br\/#organization"},"potentialAction":[{"@type":"SearchAction","target":{"@type":"EntryPoint","urlTemplate":"https:\/\/www.legislapp.com.br\/?s={search_term_string}"},"query-input":{"@type":"PropertyValueSpecification","valueRequired":true,"valueName":"search_term_string"}}],"inLanguage":"pt-BR"},{"@type":"Organization","@id":"https:\/\/www.legislapp.com.br\/#organization","name":"Legislapp Monitoramento e Intelig\u00eancia Governamental","url":"https:\/\/www.legislapp.com.br\/","logo":{"@type":"ImageObject","inLanguage":"pt-BR","@id":"https:\/\/www.legislapp.com.br\/#\/schema\/logo\/image\/","url":"https:\/\/www.legislapp.com.br\/wp-content\/uploads\/icon.png","contentUrl":"https:\/\/www.legislapp.com.br\/wp-content\/uploads\/icon.png","width":1024,"height":1024,"caption":"Legislapp Monitoramento e Intelig\u00eancia Governamental"},"image":{"@id":"https:\/\/www.legislapp.com.br\/#\/schema\/logo\/image\/"},"sameAs":["https:\/\/www.instagram.com\/legislapp\/"]}]}},"_links":{"self":[{"href":"https:\/\/www.legislapp.com.br\/index.php\/wp-json\/wp\/v2\/pages\/8729","targetHints":{"allow":["GET"]}}],"collection":[{"href":"https:\/\/www.legislapp.com.br\/index.php\/wp-json\/wp\/v2\/pages"}],"about":[{"href":"https:\/\/www.legislapp.com.br\/index.php\/wp-json\/wp\/v2\/types\/page"}],"author":[{"embeddable":true,"href":"https:\/\/www.legislapp.com.br\/index.php\/wp-json\/wp\/v2\/users\/1"}],"replies":[{"embeddable":true,"href":"https:\/\/www.legislapp.com.br\/index.php\/wp-json\/wp\/v2\/comments?post=8729"}],"version-history":[{"count":0,"href":"https:\/\/www.legislapp.com.br\/index.php\/wp-json\/wp\/v2\/pages\/8729\/revisions"}],"wp:attachment":[{"href":"https:\/\/www.legislapp.com.br\/index.php\/wp-json\/wp\/v2\/media?parent=8729"}],"curies":[{"name":"wp","href":"https:\/\/api.w.org\/{rel}","templated":true}]}}