{"id":8732,"date":"2025-10-08T11:51:18","date_gmt":"2025-10-08T14:51:18","guid":{"rendered":"https:\/\/www.legislapp.com.br\/index.php\/cam-legislativa-de-mg-pl-3962-2025-2\/"},"modified":"2025-10-08T11:51:18","modified_gmt":"2025-10-08T14:51:18","slug":"cam-legislativa-de-mg-pl-3962-2025-2","status":"publish","type":"page","link":"https:\/\/www.legislapp.com.br\/index.php\/cam-legislativa-de-mg-pl-3962-2025-2\/","title":{"rendered":"PL 3962\/2025 &#8211; Deputados"},"content":{"rendered":"<h1 style='text-align: center;'>C\u00e2m. Legislativa de MG &#8211; Autoria de Deputados<\/h3>\n<p><\/p>\n<article style='text-align: center'>Institui a pol\u00edtica estadual de preven\u00e7\u00e3o ao uso criminoso de subst\u00e2ncias<br \/>\nqu\u00edmicas t\u00f3xicas de alto risco.<\/article>\n<p><\/p>\n<p style='text-align: center'><a href='https:\/\/app.legislapp.com.br\/#\/busca?termo='><\/a><\/p>\n<p><\/p>\n<article>Institui a Pol\u00edtica Estadual de Preven\u00e7\u00e3o ao Uso Criminoso de Subst\u00e2ncias Qu\u00edmicas T\u00f3xicas de Alto Risco no Estado de Minas Gerais e d\u00e1 outras provid\u00eancias.\u00a0<br \/>\nA Assembleia Legislativa do Estado de Minas Gerais decreta:<br \/>\nArt. 1\u00ba \u2013 Fica institu\u00edda a Pol\u00edtica Estadual de Preven\u00e7\u00e3o ao Uso Criminoso de Subst\u00e2ncias Qu\u00edmicas T\u00f3xicas de Alto Risco, com a finalidade de proteger a sa\u00fade p\u00fablica e prevenir condutas criminosas associadas \u00e0 manipula\u00e7\u00e3o e comercializa\u00e7\u00e3o dessas subst\u00e2ncias.<br \/>\nArt. 2\u00ba \u2013 Para os fins desta lei, consideram-se subst\u00e2ncias qu\u00edmicas t\u00f3xicas de alto risco aquelas que, mesmo em pequenas quantidades, t\u00eam potencial de causar efeitos adversos graves ou letais \u00e0 sa\u00fade humana ou animal por ingest\u00e3o, inala\u00e7\u00e3o ou contato d\u00e9rmico.<br \/>\nArt. 3\u00ba \u2013 A pol\u00edtica estadual reger-se-\u00e1 pelos seguintes princ\u00edpios:<br \/>\nI \u2013 preven\u00e7\u00e3o e precau\u00e7\u00e3o;<br \/>\nII \u2013 responsabilidade compartilhada entre Estado, sociedade e setor privado;<br \/>\nIII \u2013 rastreabilidade e controle de comercializa\u00e7\u00e3o;<br \/>\nIV \u2013 prote\u00e7\u00e3o da vida, da integridade f\u00edsica e da sa\u00fade p\u00fablica;<br \/>\nV \u2013 coopera\u00e7\u00e3o interinstitucional; e<br \/>\nVI \u2013 publicidade e transpar\u00eancia, respeitado o sigilo comercial e industrial.<br \/>\nArt. 4\u00ba \u2013 S\u00e3o objetivos da Pol\u00edtica Estadual:<br \/>\nI \u2013 prevenir o uso criminoso de subst\u00e2ncias qu\u00edmicas t\u00f3xicas no territ\u00f3rio estadual;<br \/>\nII \u2013 fortalecer mecanismos de controle e rastreabilidade dessas subst\u00e2ncias;<br \/>\nIII \u2013 fomentar a coopera\u00e7\u00e3o entre \u00f3rg\u00e3os p\u00fablicos e entidades privadas para controle e fiscaliza\u00e7\u00e3o dessas subst\u00e2ncias;<br \/>\nIV \u2013 promover a articula\u00e7\u00e3o entre \u00f3rg\u00e3os p\u00fablicos e privados para investiga\u00e7\u00e3o, den\u00fancia e repress\u00e3o a pr\u00e1ticas ilegais;<br \/>\nV \u2013 garantir a rastreabilidade das subst\u00e2ncias comercializadas e utilizadas no Estado; e<br \/>\nVI \u2013 promover a educa\u00e7\u00e3o e a conscientiza\u00e7\u00e3o da sociedade sobre os riscos do uso indevido dessas subst\u00e2ncias.<br \/>\nArt. 5\u00ba \u2013 S\u00e3o diretrizes da Pol\u00edtica:<br \/>\nI \u2013 incentivo \u00e0 cria\u00e7\u00e3o de cadastro estadual de pessoas f\u00edsicas e jur\u00eddicas com autoriza\u00e7\u00e3o para aquisi\u00e7\u00e3o e uso das subst\u00e2ncias;<br \/>\nII \u2013 proibi\u00e7\u00e3o de venda por canais n\u00e3o supervisionados, inclusive plataformas digitais e canais informais;<br \/>\nIII \u2013 fiscaliza\u00e7\u00e3o integrada entre autoridades sanit\u00e1rias, ambientais e de seguran\u00e7a p\u00fablica;<br \/>\nIV \u2013 comunica\u00e7\u00e3o obrigat\u00f3ria de transa\u00e7\u00f5es suspeitas;<br \/>\nV \u2013 articula\u00e7\u00e3o com o Invent\u00e1rio Nacional de Subst\u00e2ncias Qu\u00edmicas, nos moldes da Lei Federal n\u00ba 15.022\/2024;<br \/>\nVI \u2013 realiza\u00e7\u00e3o de campanhas educativas, com foco em escolas, servi\u00e7os de sa\u00fade e redes sociais; e<br \/>\nVII \u2013 controle da comercializa\u00e7\u00e3o, transporte e estocagem das subst\u00e2ncias de alto risco.<br \/>\nArt. 6\u00ba \u2013 A aquisi\u00e7\u00e3o, transporte, armazenamento e uso das subst\u00e2ncias referidas nesta Lei ficam restritos a pessoas jur\u00eddicas e institui\u00e7\u00f5es p\u00fablicas previamente autorizadas, para fins industriais, cient\u00edficos, m\u00e9dicos ou educacionais, conforme regulamento.<br \/>\nArt. 7\u00ba \u2013 O descumprimento das disposi\u00e7\u00f5es desta Lei acarretar\u00e1 as seguintes penalidades administrativas:<br \/>\nI \u2013 advert\u00eancia;<br \/>\nII \u2013 multa;<br \/>\nIII \u2013 suspens\u00e3o tempor\u00e1ria de atividades;<br \/>\nIV \u2013 cassa\u00e7\u00e3o de licen\u00e7a ou alvar\u00e1;<br \/>\nV \u2013 comunica\u00e7\u00e3o compuls\u00f3ria ao Minist\u00e9rio P\u00fablico e \u00e0 autoridade policial.<br \/>\nArt. 8\u00ba \u2013 O Poder Executivo poder\u00e1 instituir Comit\u00ea Estadual de Preven\u00e7\u00e3o ao Uso Indevido de Subst\u00e2ncias Qu\u00edmicas T\u00f3xicas, com representantes da sa\u00fade, seguran\u00e7a p\u00fablica, meio ambiente e Conselhos Regionais.<br \/>\nArt. 9\u00ba \u2013 O Poder Executivo regulamentar\u00e1 esta lei em at\u00e9 cento e oitenta dias.<br \/>\nArt. 10 \u2013 Esta lei entra em vigor na data de sua publica\u00e7\u00e3o.<br \/>\nSala das Reuni\u00f5es, 20 de junho de 2025.<br \/>\nAndr\u00e9ia de Jesus (PT), vice-presidenta da Comiss\u00e3o de Direitos Humanos e vice-presidenta da Comiss\u00e3o de Cultura.<br \/>\nJustifica\u00e7\u00e3o: A presente proposi\u00e7\u00e3o tem por finalidade instituir, no \u00e2mbito do Estado de Minas Gerais, a Pol\u00edtica Estadual de Preven\u00e7\u00e3o ao Uso Criminoso de Subst\u00e2ncias Qu\u00edmicas T\u00f3xicas de Alto Risco. Trata-se de medida de natureza preventiva, pedag\u00f3gica e repressiva, diante da crescente incid\u00eancia de crimes hediondos praticados por meio da adultera\u00e7\u00e3o e envenenamento de alimentos, bebidas e outros meios de contato com subst\u00e2ncias de elevada toxicidade.<br \/>\nO Estado de Minas Gerais, nas \u00faltimas semanas, foi palco de epis\u00f3dios tr\u00e1gicos amplamente divulgados pela m\u00eddia, que escancararam a vulnerabilidade do atual sistema de controle e fiscaliza\u00e7\u00e3o de subst\u00e2ncias qu\u00edmicas perigosas. Um dos casos mais emblem\u00e1ticos envolveu o envenenamento doloso de uma jovem adolescente por tri\u00f3xido de ars\u00eanio (As2O3), resultando em sua morte ap\u00f3s a ingest\u00e3o de um bolo contaminado. Epis\u00f3dios semelhantes, envolvendo fam\u00edlias inteiras hospitalizadas em estado grave ap\u00f3s o consumo de tortas e empadas compradas em estabelecimentos comerciais, refor\u00e7am a urg\u00eancia da mat\u00e9ria.<br \/>\nAl\u00e9m disso, h\u00e1 registros de envenenamentos em massa de animais \u2013 a exemplo da morte de dez gatos em uma ONG em Minas Gerais \u2013 por uso criminoso de subst\u00e2ncias como o chumbinho, reiteradamente empregado em infra\u00e7\u00f5es penais com alto grau de crueldade e risco sanit\u00e1rio.<br \/>\nEmbora a legisla\u00e7\u00e3o federal tenha avan\u00e7ado com a promulga\u00e7\u00e3o da Lei n\u00ba 15.022\/2024, que institui o Invent\u00e1rio Nacional de Subst\u00e2ncias Qu\u00edmicas, essa norma carece de mecanismos operacionais e integrativos em n\u00edvel subnacional. A aplica\u00e7\u00e3o eficaz do controle qu\u00edmico exige a\u00e7\u00f5es coordenadas entre Uni\u00e3o, estados e munic\u00edpios, especialmente no que se refere \u00e0 rastreabilidade, ao cadastro de usu\u00e1rios e \u00e0 identifica\u00e7\u00e3o de transa\u00e7\u00f5es suspeitas no territ\u00f3rio estadual.<br \/>\nA presente iniciativa prop\u00f5e-se a preencher essa lacuna, criando um marco normativo estadual que articule a\u00e7\u00f5es de vigil\u00e2ncia, controle, educa\u00e7\u00e3o e repress\u00e3o, com base na coopera\u00e7\u00e3o entre \u00f3rg\u00e3os como as pol\u00edcias civil e militar, vigil\u00e2ncia sanit\u00e1ria, Corpo de Bombeiros, Minist\u00e9rio P\u00fablico, Conselhos de Qu\u00edmica e entidades da sociedade civil.<br \/>\nAl\u00e9m do aspecto repressivo, o projeto enfatiza a dimens\u00e3o educativa e preventiva, prevendo campanhas p\u00fablicas de conscientiza\u00e7\u00e3o sobre os riscos do manuseio indevido dessas subst\u00e2ncias, inclusive no ambiente dom\u00e9stico e virtual, onde cresce a oferta irregular de compostos perigosos.<br \/>\nDiante disso, a aprova\u00e7\u00e3o desta proposta legislativa representa um passo decisivo para a prote\u00e7\u00e3o da vida, da sa\u00fade p\u00fablica e da seguran\u00e7a dos mineiros.<br \/>\n\u2013 Publicado, vai o projeto \u00e0s Comiss\u00f5es de Justi\u00e7a, de Sa\u00fade, de Seguran\u00e7a P\u00fablica e de Desenvolvimento Econ\u00f4mico para parecer, nos termos do art. 188, c\/c o art. 102, do Regimento Interno.<\/article>\n<div style=\"text-align: center\">\n<div style=\"margin-bottom: 20px;\" class=\"et_pb_button_module_wrapper et_pb_button_5_tb_body_wrapper et_pb_button_alignment_center et_pb_module \">\n         <a class=\"et_pb_button et_pb_button_5_tb_body et_hover_enabled et_pb_bg_layout_dark\" style=\"width: 50%;background-color: black;\" href=\"https:\/\/app.legislapp.com.br\" target=\"_blank\" rel=\"noopener\">Visualizar completo na nossa plataforma (30 dias gr\u00e1tis)<\/a><\/p><\/div>\n<p>      <a href=\"https:\/\/play.google.com\/store\/apps\/details?id=br.com.legislapp\"><img decoding=\"async\" style=\"width: 15%; min-width: 130px;\" src=\"https:\/\/www.legislapp.com.br\/wp-content\/uploads\/google-play.png\"><\/a><br \/>\n      <a href=\"https:\/\/apps.apple.com\/us\/app\/legislapp\/id1568929859\"><img decoding=\"async\" style=\"width: 15%; min-width: 130px\" src=\"https:\/\/www.legislapp.com.br\/wp-content\/uploads\/apple-store.png\"><\/a>\n   <\/div>\n","protected":false},"excerpt":{"rendered":"<p>C\u00e2m. Legislativa de MG &#8211; Autoria de Deputados Institui a pol\u00edtica estadual de preven\u00e7\u00e3o ao uso criminoso de subst\u00e2ncias qu\u00edmicas t\u00f3xicas de alto risco. Institui a Pol\u00edtica Estadual de Preven\u00e7\u00e3o ao Uso Criminoso de Subst\u00e2ncias Qu\u00edmicas T\u00f3xicas de Alto Risco no Estado de Minas Gerais e d\u00e1 outras provid\u00eancias.\u00a0 A Assembleia Legislativa do Estado de [&hellip;]<\/p>\n","protected":false},"author":1,"featured_media":0,"parent":0,"menu_order":0,"comment_status":"closed","ping_status":"closed","template":"page-template-blank.php","meta":{"_et_pb_use_builder":"","_et_pb_old_content":"","_et_gb_content_width":"1080","ngg_post_thumbnail":0,"footnotes":""},"class_list":["post-8732","page","type-page","status-publish","hentry"],"yoast_head":"<!-- This site is optimized with the Yoast SEO plugin v24.4 - https:\/\/yoast.com\/wordpress\/plugins\/seo\/ -->\n<title>PL 3962\/2025 - Deputados - Legislapp<\/title>\n<meta name=\"robots\" content=\"index, follow, max-snippet:-1, max-image-preview:large, max-video-preview:-1\" \/>\n<link rel=\"canonical\" href=\"https:\/\/www.legislapp.com.br\/index.php\/cam-legislativa-de-mg-pl-3962-2025-2\/\" \/>\n<meta property=\"og:locale\" content=\"pt_BR\" \/>\n<meta property=\"og:type\" content=\"article\" \/>\n<meta property=\"og:title\" content=\"PL 3962\/2025 - Deputados - Legislapp\" \/>\n<meta property=\"og:description\" content=\"C\u00e2m. Legislativa de MG &#8211; Autoria de Deputados Institui a pol\u00edtica estadual de preven\u00e7\u00e3o ao uso criminoso de subst\u00e2ncias qu\u00edmicas t\u00f3xicas de alto risco. Institui a Pol\u00edtica Estadual de Preven\u00e7\u00e3o ao Uso Criminoso de Subst\u00e2ncias Qu\u00edmicas T\u00f3xicas de Alto Risco no Estado de Minas Gerais e d\u00e1 outras provid\u00eancias.\u00a0 A Assembleia Legislativa do Estado de [&hellip;]\" \/>\n<meta property=\"og:url\" content=\"https:\/\/www.legislapp.com.br\/index.php\/cam-legislativa-de-mg-pl-3962-2025-2\/\" \/>\n<meta property=\"og:site_name\" content=\"Legislapp\" \/>\n<meta property=\"article:publisher\" content=\"https:\/\/www.instagram.com\/legislapp\/\" \/>\n<meta property=\"og:image\" content=\"https:\/\/www.legislapp.com.br\/wp-content\/uploads\/google-play.png\" \/>\n<meta name=\"twitter:card\" content=\"summary_large_image\" \/>\n<meta name=\"twitter:label1\" content=\"Est. tempo de leitura\" \/>\n\t<meta name=\"twitter:data1\" content=\"6 minutos\" \/>\n<script type=\"application\/ld+json\" class=\"yoast-schema-graph\">{\"@context\":\"https:\/\/schema.org\",\"@graph\":[{\"@type\":\"WebPage\",\"@id\":\"https:\/\/www.legislapp.com.br\/index.php\/cam-legislativa-de-mg-pl-3962-2025-2\/\",\"url\":\"https:\/\/www.legislapp.com.br\/index.php\/cam-legislativa-de-mg-pl-3962-2025-2\/\",\"name\":\"PL 3962\/2025 - Deputados - Legislapp\",\"isPartOf\":{\"@id\":\"https:\/\/www.legislapp.com.br\/#website\"},\"primaryImageOfPage\":{\"@id\":\"https:\/\/www.legislapp.com.br\/index.php\/cam-legislativa-de-mg-pl-3962-2025-2\/#primaryimage\"},\"image\":{\"@id\":\"https:\/\/www.legislapp.com.br\/index.php\/cam-legislativa-de-mg-pl-3962-2025-2\/#primaryimage\"},\"thumbnailUrl\":\"https:\/\/www.legislapp.com.br\/wp-content\/uploads\/google-play.png\",\"datePublished\":\"2025-10-08T14:51:18+00:00\",\"breadcrumb\":{\"@id\":\"https:\/\/www.legislapp.com.br\/index.php\/cam-legislativa-de-mg-pl-3962-2025-2\/#breadcrumb\"},\"inLanguage\":\"pt-BR\",\"potentialAction\":[{\"@type\":\"ReadAction\",\"target\":[\"https:\/\/www.legislapp.com.br\/index.php\/cam-legislativa-de-mg-pl-3962-2025-2\/\"]}]},{\"@type\":\"ImageObject\",\"inLanguage\":\"pt-BR\",\"@id\":\"https:\/\/www.legislapp.com.br\/index.php\/cam-legislativa-de-mg-pl-3962-2025-2\/#primaryimage\",\"url\":\"https:\/\/www.legislapp.com.br\/wp-content\/uploads\/google-play.png\",\"contentUrl\":\"https:\/\/www.legislapp.com.br\/wp-content\/uploads\/google-play.png\",\"width\":564,\"height\":168},{\"@type\":\"BreadcrumbList\",\"@id\":\"https:\/\/www.legislapp.com.br\/index.php\/cam-legislativa-de-mg-pl-3962-2025-2\/#breadcrumb\",\"itemListElement\":[{\"@type\":\"ListItem\",\"position\":1,\"name\":\"In\u00edcio\",\"item\":\"https:\/\/www.legislapp.com.br\/\"},{\"@type\":\"ListItem\",\"position\":2,\"name\":\"PL 3962\/2025 &#8211; Deputados\"}]},{\"@type\":\"WebSite\",\"@id\":\"https:\/\/www.legislapp.com.br\/#website\",\"url\":\"https:\/\/www.legislapp.com.br\/\",\"name\":\"Legislapp\",\"description\":\"Intelig\u00eancia governamental em tempo real\",\"publisher\":{\"@id\":\"https:\/\/www.legislapp.com.br\/#organization\"},\"potentialAction\":[{\"@type\":\"SearchAction\",\"target\":{\"@type\":\"EntryPoint\",\"urlTemplate\":\"https:\/\/www.legislapp.com.br\/?s={search_term_string}\"},\"query-input\":{\"@type\":\"PropertyValueSpecification\",\"valueRequired\":true,\"valueName\":\"search_term_string\"}}],\"inLanguage\":\"pt-BR\"},{\"@type\":\"Organization\",\"@id\":\"https:\/\/www.legislapp.com.br\/#organization\",\"name\":\"Legislapp Monitoramento e Intelig\u00eancia Governamental\",\"url\":\"https:\/\/www.legislapp.com.br\/\",\"logo\":{\"@type\":\"ImageObject\",\"inLanguage\":\"pt-BR\",\"@id\":\"https:\/\/www.legislapp.com.br\/#\/schema\/logo\/image\/\",\"url\":\"https:\/\/www.legislapp.com.br\/wp-content\/uploads\/icon.png\",\"contentUrl\":\"https:\/\/www.legislapp.com.br\/wp-content\/uploads\/icon.png\",\"width\":1024,\"height\":1024,\"caption\":\"Legislapp Monitoramento e Intelig\u00eancia Governamental\"},\"image\":{\"@id\":\"https:\/\/www.legislapp.com.br\/#\/schema\/logo\/image\/\"},\"sameAs\":[\"https:\/\/www.instagram.com\/legislapp\/\"]}]}<\/script>\n<!-- \/ Yoast SEO plugin. -->","yoast_head_json":{"title":"PL 3962\/2025 - Deputados - Legislapp","robots":{"index":"index","follow":"follow","max-snippet":"max-snippet:-1","max-image-preview":"max-image-preview:large","max-video-preview":"max-video-preview:-1"},"canonical":"https:\/\/www.legislapp.com.br\/index.php\/cam-legislativa-de-mg-pl-3962-2025-2\/","og_locale":"pt_BR","og_type":"article","og_title":"PL 3962\/2025 - Deputados - Legislapp","og_description":"C\u00e2m. Legislativa de MG &#8211; Autoria de Deputados Institui a pol\u00edtica estadual de preven\u00e7\u00e3o ao uso criminoso de subst\u00e2ncias qu\u00edmicas t\u00f3xicas de alto risco. Institui a Pol\u00edtica Estadual de Preven\u00e7\u00e3o ao Uso Criminoso de Subst\u00e2ncias Qu\u00edmicas T\u00f3xicas de Alto Risco no Estado de Minas Gerais e d\u00e1 outras provid\u00eancias.\u00a0 A Assembleia Legislativa do Estado de [&hellip;]","og_url":"https:\/\/www.legislapp.com.br\/index.php\/cam-legislativa-de-mg-pl-3962-2025-2\/","og_site_name":"Legislapp","article_publisher":"https:\/\/www.instagram.com\/legislapp\/","og_image":[{"url":"https:\/\/www.legislapp.com.br\/wp-content\/uploads\/google-play.png","type":"","width":"","height":""}],"twitter_card":"summary_large_image","twitter_misc":{"Est. tempo de leitura":"6 minutos"},"schema":{"@context":"https:\/\/schema.org","@graph":[{"@type":"WebPage","@id":"https:\/\/www.legislapp.com.br\/index.php\/cam-legislativa-de-mg-pl-3962-2025-2\/","url":"https:\/\/www.legislapp.com.br\/index.php\/cam-legislativa-de-mg-pl-3962-2025-2\/","name":"PL 3962\/2025 - Deputados - Legislapp","isPartOf":{"@id":"https:\/\/www.legislapp.com.br\/#website"},"primaryImageOfPage":{"@id":"https:\/\/www.legislapp.com.br\/index.php\/cam-legislativa-de-mg-pl-3962-2025-2\/#primaryimage"},"image":{"@id":"https:\/\/www.legislapp.com.br\/index.php\/cam-legislativa-de-mg-pl-3962-2025-2\/#primaryimage"},"thumbnailUrl":"https:\/\/www.legislapp.com.br\/wp-content\/uploads\/google-play.png","datePublished":"2025-10-08T14:51:18+00:00","breadcrumb":{"@id":"https:\/\/www.legislapp.com.br\/index.php\/cam-legislativa-de-mg-pl-3962-2025-2\/#breadcrumb"},"inLanguage":"pt-BR","potentialAction":[{"@type":"ReadAction","target":["https:\/\/www.legislapp.com.br\/index.php\/cam-legislativa-de-mg-pl-3962-2025-2\/"]}]},{"@type":"ImageObject","inLanguage":"pt-BR","@id":"https:\/\/www.legislapp.com.br\/index.php\/cam-legislativa-de-mg-pl-3962-2025-2\/#primaryimage","url":"https:\/\/www.legislapp.com.br\/wp-content\/uploads\/google-play.png","contentUrl":"https:\/\/www.legislapp.com.br\/wp-content\/uploads\/google-play.png","width":564,"height":168},{"@type":"BreadcrumbList","@id":"https:\/\/www.legislapp.com.br\/index.php\/cam-legislativa-de-mg-pl-3962-2025-2\/#breadcrumb","itemListElement":[{"@type":"ListItem","position":1,"name":"In\u00edcio","item":"https:\/\/www.legislapp.com.br\/"},{"@type":"ListItem","position":2,"name":"PL 3962\/2025 &#8211; Deputados"}]},{"@type":"WebSite","@id":"https:\/\/www.legislapp.com.br\/#website","url":"https:\/\/www.legislapp.com.br\/","name":"Legislapp","description":"Intelig\u00eancia governamental em tempo real","publisher":{"@id":"https:\/\/www.legislapp.com.br\/#organization"},"potentialAction":[{"@type":"SearchAction","target":{"@type":"EntryPoint","urlTemplate":"https:\/\/www.legislapp.com.br\/?s={search_term_string}"},"query-input":{"@type":"PropertyValueSpecification","valueRequired":true,"valueName":"search_term_string"}}],"inLanguage":"pt-BR"},{"@type":"Organization","@id":"https:\/\/www.legislapp.com.br\/#organization","name":"Legislapp Monitoramento e Intelig\u00eancia Governamental","url":"https:\/\/www.legislapp.com.br\/","logo":{"@type":"ImageObject","inLanguage":"pt-BR","@id":"https:\/\/www.legislapp.com.br\/#\/schema\/logo\/image\/","url":"https:\/\/www.legislapp.com.br\/wp-content\/uploads\/icon.png","contentUrl":"https:\/\/www.legislapp.com.br\/wp-content\/uploads\/icon.png","width":1024,"height":1024,"caption":"Legislapp Monitoramento e Intelig\u00eancia Governamental"},"image":{"@id":"https:\/\/www.legislapp.com.br\/#\/schema\/logo\/image\/"},"sameAs":["https:\/\/www.instagram.com\/legislapp\/"]}]}},"_links":{"self":[{"href":"https:\/\/www.legislapp.com.br\/index.php\/wp-json\/wp\/v2\/pages\/8732","targetHints":{"allow":["GET"]}}],"collection":[{"href":"https:\/\/www.legislapp.com.br\/index.php\/wp-json\/wp\/v2\/pages"}],"about":[{"href":"https:\/\/www.legislapp.com.br\/index.php\/wp-json\/wp\/v2\/types\/page"}],"author":[{"embeddable":true,"href":"https:\/\/www.legislapp.com.br\/index.php\/wp-json\/wp\/v2\/users\/1"}],"replies":[{"embeddable":true,"href":"https:\/\/www.legislapp.com.br\/index.php\/wp-json\/wp\/v2\/comments?post=8732"}],"version-history":[{"count":0,"href":"https:\/\/www.legislapp.com.br\/index.php\/wp-json\/wp\/v2\/pages\/8732\/revisions"}],"wp:attachment":[{"href":"https:\/\/www.legislapp.com.br\/index.php\/wp-json\/wp\/v2\/media?parent=8732"}],"curies":[{"name":"wp","href":"https:\/\/api.w.org\/{rel}","templated":true}]}}