{"id":8762,"date":"2025-10-08T11:53:03","date_gmt":"2025-10-08T14:53:03","guid":{"rendered":"https:\/\/www.legislapp.com.br\/index.php\/cam-legislativa-de-sc-pl-0399-2025-2\/"},"modified":"2025-10-08T11:53:03","modified_gmt":"2025-10-08T14:53:03","slug":"cam-legislativa-de-sc-pl-0399-2025-2","status":"publish","type":"page","link":"https:\/\/www.legislapp.com.br\/index.php\/cam-legislativa-de-sc-pl-0399-2025-2\/","title":{"rendered":"PL.\/0399\/2025 &#8211; Marcos Vieira"},"content":{"rendered":"<h1 style='text-align: center;'>C\u00e2m. Legislativa de SC &#8211; Autoria de Marcos Vieira<\/h3>\n<p><\/p>\n<article style='text-align: center'>Reconhece o Munic\u00edpio de Balne\u00e1rio Gaivota como Cidade das Passarelas e altera o Anexo \u00danico da Lei n\u00ba 16.722, de 2015, que &#8220;Consolida as Leis que disp\u00f5em sobre denomina\u00e7\u00e3o de bens p\u00fablicos no \u00e2mbito do Estado de Santa Catarina&#8221;.<\/article>\n<p><\/p>\n<p style='text-align: center'><a href='https:\/\/app.legislapp.com.br\/#\/busca?termo='><\/a><\/p>\n<p><\/p>\n<article>\nPROJETO DE LEI N\u00ba <\/p>\n<p>Reconhece o Munic\u00edpio de Balne\u00e1rio Gaivota como Cidade das<br \/>\nPassarelas e altera o Anexo \u00danico da Lei n\u00ba 16.722, de 2015, que<br \/>\n\u201cConsolida as Leis que disp\u00f5em sobre denomina\u00e7\u00e3o de bens<br \/>\np\u00fablicos no \u00e2mbito do Estado de Santa Catarina\u201d.  <\/p>\n<p>Art. 1\u00ba Fica reconhecido o Munic\u00edpio de Balne\u00e1rio Gaivota como<br \/>\nCidade das Passarelas.  <\/p>\n<p>Art. 2\u00ba O Anexo \u00danico da Lei n\u00ba 16.722, 8 de outubro de 2015,<br \/>\npassa a vigorar com a altera\u00e7\u00e3o constante no Anexo \u00danico desta Lei.  <\/p>\n<p>Art. 3\u00b0 Esta Lei entra em vigor na data de sua publica\u00e7\u00e3o. <\/p>\n<p>Sala das Sess\u00f5es, <\/p>\n<p>Deputado Marcos Vieira <\/p>\n<p>Pal\u00e1cio Barriga-Verde<br \/>\nRua Dr. Jorge Luz Fontes, 310 &#8211; Gabinete 302<br \/>\n88020-900 \u2013 Florian\u00f3polis &#8211; SC<br \/>\n(48) 3221.2707<br \/>\nmarcosvieira@alesc.sc.gov.br<br \/>\nANEXO \u00daNICO<br \/>\n(Altera o Anexo \u00danico da Lei n\u00ba 16.722, de 8 de outubro de 2015) <\/p>\n<p>\u201cANEXO \u00daNICO <\/p>\n<p>MUNIC\u00cdPIO LEI ORIGINAL<br \/>\nT\u00cdTULO<br \/>\nN\u00ba<br \/>\n&#8230;&#8230;&#8230;&#8230;&#8230;&#8230;&#8230;&#8230;..<br \/>\n&#8230;&#8230;&#8230;&#8230;&#8230;&#8230;&#8230;&#8230;&#8230;&#8230;&#8230;&#8230;&#8230;&#8230;&#8230;&#8230;&#8230;&#8230;&#8230;&#8230;&#8230;&#8230;&#8230;&#8230;&#8230;.. &#8230;&#8230;&#8230;&#8230;&#8230;&#8230;&#8230;..<br \/>\nBalne\u00e1rioGaivota<br \/>\nCidade das Passarelas <\/p>\n<p>&#8230;&#8230;&#8230;&#8230;&#8230;&#8230;&#8230;&#8230;..<br \/>\n&#8230;&#8230;&#8230;&#8230;&#8230;&#8230;&#8230;&#8230;&#8230;&#8230;&#8230;&#8230;&#8230;&#8230;&#8230;&#8230;&#8230;&#8230;&#8230;&#8230;&#8230;&#8230;&#8230;&#8230;&#8230;.. &#8230;&#8230;&#8230;&#8230;&#8230;&#8230;..<br \/>\n        \u201d (NR) <\/p>\n<p>Pal\u00e1cio Barriga-Verde<br \/>\nRua Dr. Jorge Luz Fontes, 310 &#8211; Gabinete 302<br \/>\n88020-900 \u2013 Florian\u00f3polis &#8211; SC<br \/>\n(48) 3221.2707<br \/>\nmarcosvieira@alesc.sc.gov.br<br \/>\nJUSTIFICA\u00c7\u00c3O <\/p>\n<p>O presente Projeto de Lei tem como objetivo oficializar o reconhecimento<br \/>\ndo Munic\u00edpio de Balne\u00e1rio Gaivota, localizado no extremo sul de Santa Catarina, como a<br \/>\nCidade das Passarelas. <\/p>\n<p>Tal denomina\u00e7\u00e3o adjetiva refere-se a imagem constru\u00edda pela pr\u00f3pria<br \/>\nviv\u00eancia e percep\u00e7\u00e3o coletiva dos que frequentam o Balne\u00e1rio, bem como um leg\u00edtimo<br \/>\nanseio da comunidade local, dos veranistas e dos in\u00fameros turistas que visitam anualmente<br \/>\na cidade e reconhecem em sua infraestrutura uma das maiores qualidades que contribuem<br \/>\npara a atratividade tur\u00edstica e para o bem-estar dos moradores: as passarelas de acesso \u00e0<br \/>\npraia.  <\/p>\n<p>Balne\u00e1rio Gaivota conta atualmente com 47 passarelas distribu\u00eddas ao<br \/>\nlongo da orla mar\u00edtima, todas equipadas com chuveiros, e muitas delas com \u00e1reas cobertas<br \/>\ncontendo bancos e mesas, compondoestrutura que proporciona conforto e acessibilidade a<br \/>\ntodos que desejam usufruir das praias locais. Esse n\u00famero expressivo de passarelas<br \/>\nrepresenta n\u00e3o apenas uma solu\u00e7\u00e3o eficiente de mobilidade para o acesso seguro \u00e0 faixa<br \/>\nde areia, mas tamb\u00e9m demonstra o compromisso do Munic\u00edpio com a preserva\u00e7\u00e3o<br \/>\nambiental, visto que as estruturas contribuem para evitar a degrada\u00e7\u00e3o da vegeta\u00e7\u00e3o de<br \/>\nrestinga, t\u00edpica da regi\u00e3o costeira.  <\/p>\n<p>As passarelas tornaram-se verdadeiros s\u00edmbolos da paisagem urbana<br \/>\nlocal, sendo ponto de refer\u00eancia e de encontro para fam\u00edlias, pescadores, esportistas e<br \/>\nbanhistas que convivem com a beleza e a tranquilidade do litoral gaivotense.  <\/p>\n<p>A denomina\u00e7\u00e3o de Cidade das Passarelas \u00e9, portanto, mais do que um<br \/>\nsimples slogantur\u00edstico, pois traduz um modelo de urbanismo sustent\u00e1vel, que valoriza a<br \/>\nnatureza, proporciona qualidade de vida \u00e0 popula\u00e7\u00e3o e garante infraestrutura adequada<br \/>\npara o grande fluxo de visitantes que escolhem Balne\u00e1rio Gaivota como destino. <\/p>\n<p>Ao consolidar oficialmente a denomina\u00e7\u00e3o\u201cCidade das Passarelas\u201d, o<br \/>\nMunic\u00edpio fortalecer\u00e1 sua identidade tur\u00edstica, podendo utilizar esse reconhecimento em<br \/>\ncampanhas promocionais, materiais institucionais e a\u00e7\u00f5es de divulga\u00e7\u00e3o, tanto no <\/p>\n<p>Pal\u00e1cio Barriga-Verde<br \/>\nRua Dr. Jorge Luz Fontes, 310 &#8211; Gabinete 302<br \/>\n88020-900 \u2013 Florian\u00f3polis &#8211; SC<br \/>\n(48) 3221.2707<br \/>\nmarcosvieira@alesc.sc.gov.br<br \/>\n\u00e2mbitoestadual quanto nacional. Isso trar\u00e1 benef\u00edcios econ\u00f4micos e sociais, pois a<br \/>\ndivulga\u00e7\u00e3o tende a aumentar o fluxo de turistas, movimentar o com\u00e9rcio local e gerar novas<br \/>\noportunidades de desenvolvimento.  <\/p>\n<p>Al\u00e9m disso, \u00e9 importante destacar o car\u00e1ter participativo e espont\u00e2neo<br \/>\ndesse reconhecimento, uma vez que a denomina\u00e7\u00e3o \u201cCidade das Passarelas\u201d tem<br \/>\nsidoutilizada de maneirainformal por visitantes, moradores e influenciadores que<br \/>\ncompartilham, em redes sociais, imagens e elogios \u00e0s estruturas que embelezam e facilitam<br \/>\no uso das praias.  <\/p>\n<p>Diante de todo o exposto, \u00e9 com plena convic\u00e7\u00e3o de estar promovendo o<br \/>\njusto reconhecimento da infraestrutura, da inova\u00e7\u00e3o urban\u00edstica e do cuidado com o meio<br \/>\nambiente que apresentamos este Projeto de Lei. Ao reconhecer oficialmente Balne\u00e1rio<br \/>\nGaivota como a Cidade das Passarelas, celebra-se uma identidade constru\u00edda com<br \/>\ndedica\u00e7\u00e3o, planejamento e carinho por todos que vivem e frequentam esse para\u00edso.  <\/p>\n<p>Desse modo, apresento a presente proposta contando com o apoio dos<br \/>\nColegas Parlamentares para sua aprova\u00e7\u00e3o, como forma de valorizar o patrim\u00f4nio tur\u00edstico<br \/>\ne cultural de Balne\u00e1rio Gaivota.  <\/p>\n<p>Sala das Sess\u00f5es, <\/p>\n<p>Deputado Marcos Vieira <\/p>\n<p>Pal\u00e1cio Barriga-Verde<br \/>\nRua Dr. Jorge Luz Fontes, 310 &#8211; Gabinete 302<br \/>\n88020-900 \u2013 Florian\u00f3polis &#8211; SC<br \/>\n(48) 3221.2707<br \/>\nmarcosvieira@alesc.sc.gov.br <\/article>\n<div style=\"text-align: center\">\n<div style=\"margin-bottom: 20px;\" class=\"et_pb_button_module_wrapper et_pb_button_5_tb_body_wrapper et_pb_button_alignment_center et_pb_module \">\n         <a class=\"et_pb_button et_pb_button_5_tb_body et_hover_enabled et_pb_bg_layout_dark\" style=\"width: 50%;background-color: black;\" href=\"https:\/\/app.legislapp.com.br\" target=\"_blank\" rel=\"noopener\">Visualizar completo na nossa plataforma (30 dias gr\u00e1tis)<\/a><\/p><\/div>\n<p>      <a href=\"https:\/\/play.google.com\/store\/apps\/details?id=br.com.legislapp\"><img decoding=\"async\" style=\"width: 15%; min-width: 130px;\" src=\"https:\/\/www.legislapp.com.br\/wp-content\/uploads\/google-play.png\"><\/a><br \/>\n      <a href=\"https:\/\/apps.apple.com\/us\/app\/legislapp\/id1568929859\"><img decoding=\"async\" style=\"width: 15%; min-width: 130px\" src=\"https:\/\/www.legislapp.com.br\/wp-content\/uploads\/apple-store.png\"><\/a>\n   <\/div>\n","protected":false},"excerpt":{"rendered":"<p>C\u00e2m. Legislativa de SC &#8211; Autoria de Marcos Vieira Reconhece o Munic\u00edpio de Balne\u00e1rio Gaivota como Cidade das Passarelas e altera o Anexo \u00danico da Lei n\u00ba 16.722, de 2015, que &#8220;Consolida as Leis que disp\u00f5em sobre denomina\u00e7\u00e3o de bens p\u00fablicos no \u00e2mbito do Estado de Santa Catarina&#8221;. PROJETO DE LEI N\u00ba Reconhece o Munic\u00edpio [&hellip;]<\/p>\n","protected":false},"author":1,"featured_media":0,"parent":0,"menu_order":0,"comment_status":"closed","ping_status":"closed","template":"page-template-blank.php","meta":{"_et_pb_use_builder":"","_et_pb_old_content":"","_et_gb_content_width":"1080","ngg_post_thumbnail":0,"footnotes":""},"class_list":["post-8762","page","type-page","status-publish","hentry"],"yoast_head":"<!-- This site is optimized with the Yoast SEO plugin v24.4 - https:\/\/yoast.com\/wordpress\/plugins\/seo\/ -->\n<title>PL.\/0399\/2025 - Marcos Vieira - Legislapp<\/title>\n<meta name=\"robots\" content=\"index, follow, max-snippet:-1, max-image-preview:large, max-video-preview:-1\" \/>\n<link rel=\"canonical\" href=\"https:\/\/www.legislapp.com.br\/index.php\/cam-legislativa-de-sc-pl-0399-2025-2\/\" \/>\n<meta property=\"og:locale\" content=\"pt_BR\" \/>\n<meta property=\"og:type\" content=\"article\" \/>\n<meta property=\"og:title\" content=\"PL.\/0399\/2025 - Marcos Vieira - Legislapp\" \/>\n<meta property=\"og:description\" content=\"C\u00e2m. Legislativa de SC &#8211; Autoria de Marcos Vieira Reconhece o Munic\u00edpio de Balne\u00e1rio Gaivota como Cidade das Passarelas e altera o Anexo \u00danico da Lei n\u00ba 16.722, de 2015, que &#8220;Consolida as Leis que disp\u00f5em sobre denomina\u00e7\u00e3o de bens p\u00fablicos no \u00e2mbito do Estado de Santa Catarina&#8221;. PROJETO DE LEI N\u00ba Reconhece o Munic\u00edpio [&hellip;]\" \/>\n<meta property=\"og:url\" content=\"https:\/\/www.legislapp.com.br\/index.php\/cam-legislativa-de-sc-pl-0399-2025-2\/\" \/>\n<meta property=\"og:site_name\" content=\"Legislapp\" \/>\n<meta property=\"article:publisher\" content=\"https:\/\/www.instagram.com\/legislapp\/\" \/>\n<meta property=\"og:image\" content=\"https:\/\/www.legislapp.com.br\/wp-content\/uploads\/google-play.png\" \/>\n<meta name=\"twitter:card\" content=\"summary_large_image\" \/>\n<meta name=\"twitter:label1\" content=\"Est. tempo de leitura\" \/>\n\t<meta name=\"twitter:data1\" content=\"4 minutos\" \/>\n<script type=\"application\/ld+json\" class=\"yoast-schema-graph\">{\"@context\":\"https:\/\/schema.org\",\"@graph\":[{\"@type\":\"WebPage\",\"@id\":\"https:\/\/www.legislapp.com.br\/index.php\/cam-legislativa-de-sc-pl-0399-2025-2\/\",\"url\":\"https:\/\/www.legislapp.com.br\/index.php\/cam-legislativa-de-sc-pl-0399-2025-2\/\",\"name\":\"PL.\/0399\/2025 - Marcos Vieira - Legislapp\",\"isPartOf\":{\"@id\":\"https:\/\/www.legislapp.com.br\/#website\"},\"primaryImageOfPage\":{\"@id\":\"https:\/\/www.legislapp.com.br\/index.php\/cam-legislativa-de-sc-pl-0399-2025-2\/#primaryimage\"},\"image\":{\"@id\":\"https:\/\/www.legislapp.com.br\/index.php\/cam-legislativa-de-sc-pl-0399-2025-2\/#primaryimage\"},\"thumbnailUrl\":\"https:\/\/www.legislapp.com.br\/wp-content\/uploads\/google-play.png\",\"datePublished\":\"2025-10-08T14:53:03+00:00\",\"breadcrumb\":{\"@id\":\"https:\/\/www.legislapp.com.br\/index.php\/cam-legislativa-de-sc-pl-0399-2025-2\/#breadcrumb\"},\"inLanguage\":\"pt-BR\",\"potentialAction\":[{\"@type\":\"ReadAction\",\"target\":[\"https:\/\/www.legislapp.com.br\/index.php\/cam-legislativa-de-sc-pl-0399-2025-2\/\"]}]},{\"@type\":\"ImageObject\",\"inLanguage\":\"pt-BR\",\"@id\":\"https:\/\/www.legislapp.com.br\/index.php\/cam-legislativa-de-sc-pl-0399-2025-2\/#primaryimage\",\"url\":\"https:\/\/www.legislapp.com.br\/wp-content\/uploads\/google-play.png\",\"contentUrl\":\"https:\/\/www.legislapp.com.br\/wp-content\/uploads\/google-play.png\",\"width\":564,\"height\":168},{\"@type\":\"BreadcrumbList\",\"@id\":\"https:\/\/www.legislapp.com.br\/index.php\/cam-legislativa-de-sc-pl-0399-2025-2\/#breadcrumb\",\"itemListElement\":[{\"@type\":\"ListItem\",\"position\":1,\"name\":\"In\u00edcio\",\"item\":\"https:\/\/www.legislapp.com.br\/\"},{\"@type\":\"ListItem\",\"position\":2,\"name\":\"PL.\/0399\/2025 &#8211; Marcos Vieira\"}]},{\"@type\":\"WebSite\",\"@id\":\"https:\/\/www.legislapp.com.br\/#website\",\"url\":\"https:\/\/www.legislapp.com.br\/\",\"name\":\"Legislapp\",\"description\":\"Intelig\u00eancia governamental em tempo real\",\"publisher\":{\"@id\":\"https:\/\/www.legislapp.com.br\/#organization\"},\"potentialAction\":[{\"@type\":\"SearchAction\",\"target\":{\"@type\":\"EntryPoint\",\"urlTemplate\":\"https:\/\/www.legislapp.com.br\/?s={search_term_string}\"},\"query-input\":{\"@type\":\"PropertyValueSpecification\",\"valueRequired\":true,\"valueName\":\"search_term_string\"}}],\"inLanguage\":\"pt-BR\"},{\"@type\":\"Organization\",\"@id\":\"https:\/\/www.legislapp.com.br\/#organization\",\"name\":\"Legislapp Monitoramento e Intelig\u00eancia Governamental\",\"url\":\"https:\/\/www.legislapp.com.br\/\",\"logo\":{\"@type\":\"ImageObject\",\"inLanguage\":\"pt-BR\",\"@id\":\"https:\/\/www.legislapp.com.br\/#\/schema\/logo\/image\/\",\"url\":\"https:\/\/www.legislapp.com.br\/wp-content\/uploads\/icon.png\",\"contentUrl\":\"https:\/\/www.legislapp.com.br\/wp-content\/uploads\/icon.png\",\"width\":1024,\"height\":1024,\"caption\":\"Legislapp Monitoramento e Intelig\u00eancia Governamental\"},\"image\":{\"@id\":\"https:\/\/www.legislapp.com.br\/#\/schema\/logo\/image\/\"},\"sameAs\":[\"https:\/\/www.instagram.com\/legislapp\/\"]}]}<\/script>\n<!-- \/ Yoast SEO plugin. -->","yoast_head_json":{"title":"PL.\/0399\/2025 - Marcos Vieira - Legislapp","robots":{"index":"index","follow":"follow","max-snippet":"max-snippet:-1","max-image-preview":"max-image-preview:large","max-video-preview":"max-video-preview:-1"},"canonical":"https:\/\/www.legislapp.com.br\/index.php\/cam-legislativa-de-sc-pl-0399-2025-2\/","og_locale":"pt_BR","og_type":"article","og_title":"PL.\/0399\/2025 - Marcos Vieira - Legislapp","og_description":"C\u00e2m. Legislativa de SC &#8211; Autoria de Marcos Vieira Reconhece o Munic\u00edpio de Balne\u00e1rio Gaivota como Cidade das Passarelas e altera o Anexo \u00danico da Lei n\u00ba 16.722, de 2015, que &#8220;Consolida as Leis que disp\u00f5em sobre denomina\u00e7\u00e3o de bens p\u00fablicos no \u00e2mbito do Estado de Santa Catarina&#8221;. PROJETO DE LEI N\u00ba Reconhece o Munic\u00edpio [&hellip;]","og_url":"https:\/\/www.legislapp.com.br\/index.php\/cam-legislativa-de-sc-pl-0399-2025-2\/","og_site_name":"Legislapp","article_publisher":"https:\/\/www.instagram.com\/legislapp\/","og_image":[{"url":"https:\/\/www.legislapp.com.br\/wp-content\/uploads\/google-play.png","type":"","width":"","height":""}],"twitter_card":"summary_large_image","twitter_misc":{"Est. tempo de leitura":"4 minutos"},"schema":{"@context":"https:\/\/schema.org","@graph":[{"@type":"WebPage","@id":"https:\/\/www.legislapp.com.br\/index.php\/cam-legislativa-de-sc-pl-0399-2025-2\/","url":"https:\/\/www.legislapp.com.br\/index.php\/cam-legislativa-de-sc-pl-0399-2025-2\/","name":"PL.\/0399\/2025 - Marcos Vieira - Legislapp","isPartOf":{"@id":"https:\/\/www.legislapp.com.br\/#website"},"primaryImageOfPage":{"@id":"https:\/\/www.legislapp.com.br\/index.php\/cam-legislativa-de-sc-pl-0399-2025-2\/#primaryimage"},"image":{"@id":"https:\/\/www.legislapp.com.br\/index.php\/cam-legislativa-de-sc-pl-0399-2025-2\/#primaryimage"},"thumbnailUrl":"https:\/\/www.legislapp.com.br\/wp-content\/uploads\/google-play.png","datePublished":"2025-10-08T14:53:03+00:00","breadcrumb":{"@id":"https:\/\/www.legislapp.com.br\/index.php\/cam-legislativa-de-sc-pl-0399-2025-2\/#breadcrumb"},"inLanguage":"pt-BR","potentialAction":[{"@type":"ReadAction","target":["https:\/\/www.legislapp.com.br\/index.php\/cam-legislativa-de-sc-pl-0399-2025-2\/"]}]},{"@type":"ImageObject","inLanguage":"pt-BR","@id":"https:\/\/www.legislapp.com.br\/index.php\/cam-legislativa-de-sc-pl-0399-2025-2\/#primaryimage","url":"https:\/\/www.legislapp.com.br\/wp-content\/uploads\/google-play.png","contentUrl":"https:\/\/www.legislapp.com.br\/wp-content\/uploads\/google-play.png","width":564,"height":168},{"@type":"BreadcrumbList","@id":"https:\/\/www.legislapp.com.br\/index.php\/cam-legislativa-de-sc-pl-0399-2025-2\/#breadcrumb","itemListElement":[{"@type":"ListItem","position":1,"name":"In\u00edcio","item":"https:\/\/www.legislapp.com.br\/"},{"@type":"ListItem","position":2,"name":"PL.\/0399\/2025 &#8211; Marcos Vieira"}]},{"@type":"WebSite","@id":"https:\/\/www.legislapp.com.br\/#website","url":"https:\/\/www.legislapp.com.br\/","name":"Legislapp","description":"Intelig\u00eancia governamental em tempo real","publisher":{"@id":"https:\/\/www.legislapp.com.br\/#organization"},"potentialAction":[{"@type":"SearchAction","target":{"@type":"EntryPoint","urlTemplate":"https:\/\/www.legislapp.com.br\/?s={search_term_string}"},"query-input":{"@type":"PropertyValueSpecification","valueRequired":true,"valueName":"search_term_string"}}],"inLanguage":"pt-BR"},{"@type":"Organization","@id":"https:\/\/www.legislapp.com.br\/#organization","name":"Legislapp Monitoramento e Intelig\u00eancia Governamental","url":"https:\/\/www.legislapp.com.br\/","logo":{"@type":"ImageObject","inLanguage":"pt-BR","@id":"https:\/\/www.legislapp.com.br\/#\/schema\/logo\/image\/","url":"https:\/\/www.legislapp.com.br\/wp-content\/uploads\/icon.png","contentUrl":"https:\/\/www.legislapp.com.br\/wp-content\/uploads\/icon.png","width":1024,"height":1024,"caption":"Legislapp Monitoramento e Intelig\u00eancia Governamental"},"image":{"@id":"https:\/\/www.legislapp.com.br\/#\/schema\/logo\/image\/"},"sameAs":["https:\/\/www.instagram.com\/legislapp\/"]}]}},"_links":{"self":[{"href":"https:\/\/www.legislapp.com.br\/index.php\/wp-json\/wp\/v2\/pages\/8762","targetHints":{"allow":["GET"]}}],"collection":[{"href":"https:\/\/www.legislapp.com.br\/index.php\/wp-json\/wp\/v2\/pages"}],"about":[{"href":"https:\/\/www.legislapp.com.br\/index.php\/wp-json\/wp\/v2\/types\/page"}],"author":[{"embeddable":true,"href":"https:\/\/www.legislapp.com.br\/index.php\/wp-json\/wp\/v2\/users\/1"}],"replies":[{"embeddable":true,"href":"https:\/\/www.legislapp.com.br\/index.php\/wp-json\/wp\/v2\/comments?post=8762"}],"version-history":[{"count":0,"href":"https:\/\/www.legislapp.com.br\/index.php\/wp-json\/wp\/v2\/pages\/8762\/revisions"}],"wp:attachment":[{"href":"https:\/\/www.legislapp.com.br\/index.php\/wp-json\/wp\/v2\/media?parent=8762"}],"curies":[{"name":"wp","href":"https:\/\/api.w.org\/{rel}","templated":true}]}}