{"id":8807,"date":"2025-10-08T11:55:39","date_gmt":"2025-10-08T14:55:39","guid":{"rendered":"https:\/\/www.legislapp.com.br\/index.php\/cam-legislativa-de-sc-pl-0381-2025-2\/"},"modified":"2025-10-08T11:55:39","modified_gmt":"2025-10-08T14:55:39","slug":"cam-legislativa-de-sc-pl-0381-2025-2","status":"publish","type":"page","link":"https:\/\/www.legislapp.com.br\/index.php\/cam-legislativa-de-sc-pl-0381-2025-2\/","title":{"rendered":"PL.\/0381\/2025 &#8211; S\u00e9rgio Guimar\u00e3es"},"content":{"rendered":"<h1 style='text-align: center;'>C\u00e2m. Legislativa de SC &#8211; Autoria de S\u00e9rgio Guimar\u00e3es<\/h3>\n<p><\/p>\n<article style='text-align: center'>Cria o Cadastro Estadual de Pacientes para Uso Medicinal da Cannabis no Estado de Santa Catarina e d\u00e1 outras provid\u00eancias.<\/article>\n<p><\/p>\n<p style='text-align: center'><a href='https:\/\/app.legislapp.com.br\/#\/busca?termo='><\/a><\/p>\n<p><\/p>\n<article>ASSEMBLEIA LEGISLATIVA GABINETE DEPUTADO<br \/>\nESTADO DE SANTA CATARINA S\u00c9RGIO GUIMAR\u00c3ES<\/p>\n<p>PROJETO DE LEI<\/p>\n<p>Cria o Cadastro Estadual de Pacientes para Uso<br \/>\nMedicinal da Cannabis no Estado de Santa Catarina e d\u00e1<br \/>\noutras provid\u00eancias.<\/p>\n<p>Art. 1\u00ba Fica criado o Cadastro Estadual de Pacientes para<br \/>\nUso Medicinal da Cannabis (CEPU-MC) no \u00e2mbito do Estado de Santa Catarina,<br \/>\ndestinado a reunir e monitorizar informa\u00e7\u00f5es de pacientes que utilizam produtos \u00e0 base<br \/>\nde cannabis para fins terap\u00eauticos, conforme regulamenta\u00e7\u00e3o de autoridades de sa\u00fade<br \/>\nfederais e estaduais.<\/p>\n<p>Art. 2\u00ba O cadastro ser\u00e1 de car\u00e1ter confidencial, visando<br \/>\ngarantir o sigilo e a seguran\u00e7a das informa\u00e7\u00f5es de sa\u00fade dos pacientes cadastrados.<br \/>\nArt. 3\u00ba S\u00e3o objetivos do Cadastro Estadual de Pacientes para<br \/>\nUso Medicinal da Cannabis:<br \/>\nI &#8211; Facilitar o acompanhamento dos pacientes que utilizam<br \/>\ncannabis medicinal no Estado;<br \/>\nII &#8211; Proporcionar dados para subsidiar a cria\u00e7\u00e3o de pol\u00edticas<br \/>\np\u00fablicas de sa\u00fade que favore\u00e7am a regulamenta\u00e7\u00e3o e o acesso ao tratamento com<br \/>\nprodutos \u00e0 base de cannabis; <\/p>\n<p>III &#8211; Promover a transpar\u00eancia e a seguran\u00e7a no uso<br \/>\nmedicinal da cannabis; <\/p>\n<p>IV &#8211; Assegurar a prote\u00e7\u00e3o e a privacidade das informa\u00e7\u00f5es<br \/>\npessoais e m\u00e9dicas dos pacientes.<br \/>\nArt. 4\u00ba O cadastro de pacientes dever\u00e1 ser mantido e<br \/>\natualizado pela Secretaria Estadual de Sa\u00fade, sendo os dados recolhidos<br \/>\nexclusivamente para uso em pol\u00edticas de sa\u00fade p\u00fablica, sendo proibida qualquer<br \/>\nutiliza\u00e7\u00e3o para outros fins.<\/p>\n<p>Art. 5\u00ba Poder\u00e3o ser inscritos no CEPU-MC: <\/p>\n<p>I &#8211; Pacientes que apresentem laudo m\u00e9dico recomendando o<br \/>\nuso de cannabis medicinal, conforme legisla\u00e7\u00e3o federal e regulamenta\u00e7\u00f5es da Ag\u00eancia<br \/>\nNacional de Vigil\u00e2ncia Sanit\u00e1ria (ANVISA);<br \/>\nII &#8211; Menores de idade ou pessoas incapacitadas, mediante<br \/>\nautoriza\u00e7\u00e3o e acompanhamento de seus representantes legais; <\/p>\n<p>III &#8211; Pacientes diagnosticados com doen\u00e7as ou condi\u00e7\u00f5es<br \/>\ncl\u00ednicas reconhecidas pela literatura m\u00e9dica e autoridades de sa\u00fade para o tratamento<br \/>\ncom cannabis medicinal, incluindo, mas n\u00e3o se limitando a:<\/p>\n<p>a) Epilepsia refrat\u00e1ria e outras s\u00edndromes epil\u00e9ticas; <\/p>\n<p>b) Esclerose m\u00faltipla; <\/p>\n<p>c) Doen\u00e7a de Parkinson; <\/p>\n<p>d) Alzheimer e outras doen\u00e7as neurodegenerativas; <\/p>\n<p>e) Transtornos do espectro autista (TEA);<br \/>\n f) Transtornos de ansiedade generalizada (TAG), depress\u00e3o<br \/>\ne estresse p\u00f3s-traum\u00e1tico (TEPT); <\/p>\n<p>g) S\u00edndrome de Tourette; <\/p>\n<p>h) C\u00e2ncer, especialmente para manejo de dor cr\u00f4nica e<br \/>\nefeitos colaterais de tratamentos como quimioterapia; <\/p>\n<p>i) Dor cr\u00f4nica de origem neurop\u00e1tica; <\/p>\n<p>j) Fibromialgia; <\/p>\n<p>k) Artrite reumatoide e outras doen\u00e7as autoimunes com<br \/>\nquadros inflamat\u00f3rios persistentes; <\/p>\n<p>l) HIV\/AIDS, especialmente para al\u00edvio de sintomas como<br \/>\nperda de apetite e dores associadas.<\/p>\n<p>Art. 6\u00ba O cadastro no CEPU-MC dever\u00e1 conter as seguintes<br \/>\ninforma\u00e7\u00f5es: <\/p>\n<p>I &#8211; Dados de identifica\u00e7\u00e3o do paciente (nome completo, data<br \/>\nde nascimento, n\u00famero do cart\u00e3o do SUS); <\/p>\n<p>II &#8211; Informa\u00e7\u00f5es sobre o laudo m\u00e9dico e o profissional<br \/>\nrespons\u00e1vel pela prescri\u00e7\u00e3o; <\/p>\n<p>III &#8211; Produto(s) \u00e0 base de cannabis utilizados, dosagem, e<br \/>\ninforma\u00e7\u00f5es adicionais, conforme orienta\u00e7\u00f5es m\u00e9dicas; <\/p>\n<p>IV &#8211; Relat\u00f3rios de acompanhamento da evolu\u00e7\u00e3o do<br \/>\ntratamento, mediante consentimento do paciente; <\/p>\n<p>V &#8211; Diagn\u00f3stico espec\u00edfico da condi\u00e7\u00e3o m\u00e9dica que justifica o<br \/>\nuso da cannabis medicinal, conforme Art. 5\u00ba, inciso III.<\/p>\n<p>Art. 7\u00ba Os profissionais de sa\u00fade devidamente registrados e<br \/>\ncredenciados para a prescri\u00e7\u00e3o de cannabis medicinal dever\u00e3o auxiliar os pacientes no<br \/>\nprocesso de cadastramento, fornecendo laudos e orienta\u00e7\u00f5es para o uso respons\u00e1vel,<br \/>\ne garantindo que o diagn\u00f3stico esteja entre as condi\u00e7\u00f5es eleg\u00edveis definidas no Art. 5\u00ba,<br \/>\ninciso III.<\/p>\n<p>Art. 8\u00ba A Secretaria Estadual de Sa\u00fade publicar\u00e1,<br \/>\nanualmente, um relat\u00f3rio estat\u00edstico consolidado com dados do CEPU-MC,<br \/>\npreservando a privacidade dos pacientes e informando sobre a evolu\u00e7\u00e3o e os impactos<br \/>\ndo uso medicinal da cannabis no Estado de Santa Catarina.<\/p>\n<p>Art. 9\u00ba Esta lei entra em vigor na data de sua publica\u00e7\u00e3o.<\/p>\n<p>Sala da Sess\u00f5es,     <\/p>\n<p>Deputado S\u00e9rgio Guimar\u00e3es<br \/>\n JUSTIFICA\u00c7\u00c3O<\/p>\n<p>O presente projeto de lei tem como objetivo criar um cadastro de pacientes que utilizam<br \/>\nprodutos \u00e0 base de cannabis para fins medicinais no Estado de Santa Catarina,<br \/>\nvisando assegurar um acompanhamento adequado, regulamentado e seguro desses<br \/>\ntratamentos. <\/p>\n<p>A crescente comprova\u00e7\u00e3o cient\u00edfica e a evolu\u00e7\u00e3o da legisla\u00e7\u00e3o federal sobre o uso<br \/>\nmedicinal de derivados da cannabis justificam a necessidade de regulamenta\u00e7\u00f5es<br \/>\nestaduais que permitam um controle efetivo e a cria\u00e7\u00e3o de pol\u00edticas p\u00fablicas<br \/>\ninformadas para a sa\u00fade.<\/p>\n<p>Pesquisas cient\u00edficas e experi\u00eancias de pacientes t\u00eam demonstrado que o uso<br \/>\nterap\u00eautico da cannabis pode oferecer al\u00edvio significativo para uma s\u00e9rie de condi\u00e7\u00f5es<br \/>\nm\u00e9dicas complexas, muitas vezes refrat\u00e1rias aos tratamentos convencionais, como<br \/>\nepilepsia resistente a medicamentos, esclerose m\u00faltipla, doen\u00e7as neurodegenerativas,<br \/>\nc\u00e2ncer, dores cr\u00f4nicas de origem neurop\u00e1tica, entre outras. Diante disso, estados que<br \/>\nse antecipam na cria\u00e7\u00e3o de sistemas de cadastro e controle conseguem estruturar<br \/>\nmelhor o acompanhamento desses pacientes, favorecendo o desenvolvimento de<br \/>\npol\u00edticas p\u00fablicas que atendam de maneira justa e eficaz as necessidades da<br \/>\npopula\u00e7\u00e3o.<\/p>\n<p>Al\u00e9m disso, a confidencialidade e a seguran\u00e7a dos dados pessoais dos pacientes s\u00e3o<br \/>\nprioridades neste projeto de lei. A Secretaria Estadual de Sa\u00fade dever\u00e1 garantir que o<br \/>\nacesso e o armazenamento de informa\u00e7\u00f5es sejam restritos e utilizados exclusivamente<br \/>\npara fins de monitoramento e estat\u00edsticas de sa\u00fade p\u00fablica.<\/p>\n<p>O cadastro proposto neste projeto permitir\u00e1 a cria\u00e7\u00e3o de um banco de dados confi\u00e1vel<br \/>\nque dar\u00e1 subs\u00eddios para o desenvolvimento de futuras pol\u00edticas p\u00fablicas de sa\u00fade,<br \/>\najustadas \u00e0 realidade do Estado de Santa Catarina e baseadas em dados concretos,<br \/>\natendendo ao princ\u00edpio da efici\u00eancia na administra\u00e7\u00e3o p\u00fablica.<\/p>\n<p>Este projeto de lei, portanto, promove a dignidade dos pacientes, respeita as<br \/>\nnecessidades e direitos individuais e se compromete com a sa\u00fade p\u00fablica ao mesmo<br \/>\ntempo em que alinha o Estado de Santa Catarina com os avan\u00e7os cient\u00edficos e as<br \/>\npr\u00e1ticas humanizadas de sa\u00fade, diferenciando usu\u00e1rios medicinais de demais pessoas<br \/>\nsem autoriza\u00e7\u00e3o para uso medicinal dos rem\u00e9dios \u00e0 base de cannabis.<\/p>\n<p>Sala da Sess\u00f5es,     <\/p>\n<p>Deputado S\u00e9rgio Guimar\u00e3es<br \/>\nELEGIS<br \/>\nDocumento assinado eletronicamente por S\u00e9rgio da Rosa<br \/>\nSistema de Processo<br \/>\nGuimar\u00e3es, em 25\/06\/2025, \u00e0s 14:15.<br \/>\nLegislativo Eletr\u00f4nico<\/article>\n<div style=\"text-align: center\">\n<div style=\"margin-bottom: 20px;\" class=\"et_pb_button_module_wrapper et_pb_button_5_tb_body_wrapper et_pb_button_alignment_center et_pb_module \">\n         <a class=\"et_pb_button et_pb_button_5_tb_body et_hover_enabled et_pb_bg_layout_dark\" style=\"width: 50%;background-color: black;\" href=\"https:\/\/app.legislapp.com.br\" target=\"_blank\" rel=\"noopener\">Visualizar completo na nossa plataforma (30 dias gr\u00e1tis)<\/a><\/p><\/div>\n<p>      <a href=\"https:\/\/play.google.com\/store\/apps\/details?id=br.com.legislapp\"><img decoding=\"async\" style=\"width: 15%; min-width: 130px;\" src=\"https:\/\/www.legislapp.com.br\/wp-content\/uploads\/google-play.png\"><\/a><br \/>\n      <a href=\"https:\/\/apps.apple.com\/us\/app\/legislapp\/id1568929859\"><img decoding=\"async\" style=\"width: 15%; min-width: 130px\" src=\"https:\/\/www.legislapp.com.br\/wp-content\/uploads\/apple-store.png\"><\/a>\n   <\/div>\n","protected":false},"excerpt":{"rendered":"<p>C\u00e2m. Legislativa de SC &#8211; Autoria de S\u00e9rgio Guimar\u00e3es Cria o Cadastro Estadual de Pacientes para Uso Medicinal da Cannabis no Estado de Santa Catarina e d\u00e1 outras provid\u00eancias. ASSEMBLEIA LEGISLATIVA GABINETE DEPUTADO ESTADO DE SANTA CATARINA S\u00c9RGIO GUIMAR\u00c3ES PROJETO DE LEI Cria o Cadastro Estadual de Pacientes para Uso Medicinal da Cannabis no Estado [&hellip;]<\/p>\n","protected":false},"author":1,"featured_media":0,"parent":0,"menu_order":0,"comment_status":"closed","ping_status":"closed","template":"page-template-blank.php","meta":{"_et_pb_use_builder":"","_et_pb_old_content":"","_et_gb_content_width":"1080","ngg_post_thumbnail":0,"footnotes":""},"class_list":["post-8807","page","type-page","status-publish","hentry"],"yoast_head":"<!-- This site is optimized with the Yoast SEO plugin v24.4 - https:\/\/yoast.com\/wordpress\/plugins\/seo\/ -->\n<title>PL.\/0381\/2025 - S\u00e9rgio Guimar\u00e3es - Legislapp<\/title>\n<meta name=\"robots\" content=\"index, follow, max-snippet:-1, max-image-preview:large, max-video-preview:-1\" \/>\n<link rel=\"canonical\" href=\"https:\/\/www.legislapp.com.br\/index.php\/cam-legislativa-de-sc-pl-0381-2025-2\/\" \/>\n<meta property=\"og:locale\" content=\"pt_BR\" \/>\n<meta property=\"og:type\" content=\"article\" \/>\n<meta property=\"og:title\" content=\"PL.\/0381\/2025 - S\u00e9rgio Guimar\u00e3es - Legislapp\" \/>\n<meta property=\"og:description\" content=\"C\u00e2m. Legislativa de SC &#8211; Autoria de S\u00e9rgio Guimar\u00e3es Cria o Cadastro Estadual de Pacientes para Uso Medicinal da Cannabis no Estado de Santa Catarina e d\u00e1 outras provid\u00eancias. ASSEMBLEIA LEGISLATIVA GABINETE DEPUTADO ESTADO DE SANTA CATARINA S\u00c9RGIO GUIMAR\u00c3ES PROJETO DE LEI Cria o Cadastro Estadual de Pacientes para Uso Medicinal da Cannabis no Estado [&hellip;]\" \/>\n<meta property=\"og:url\" content=\"https:\/\/www.legislapp.com.br\/index.php\/cam-legislativa-de-sc-pl-0381-2025-2\/\" \/>\n<meta property=\"og:site_name\" content=\"Legislapp\" \/>\n<meta property=\"article:publisher\" content=\"https:\/\/www.instagram.com\/legislapp\/\" \/>\n<meta property=\"og:image\" content=\"https:\/\/www.legislapp.com.br\/wp-content\/uploads\/google-play.png\" \/>\n<meta name=\"twitter:card\" content=\"summary_large_image\" \/>\n<meta name=\"twitter:label1\" content=\"Est. tempo de leitura\" \/>\n\t<meta name=\"twitter:data1\" content=\"6 minutos\" \/>\n<script type=\"application\/ld+json\" class=\"yoast-schema-graph\">{\"@context\":\"https:\/\/schema.org\",\"@graph\":[{\"@type\":\"WebPage\",\"@id\":\"https:\/\/www.legislapp.com.br\/index.php\/cam-legislativa-de-sc-pl-0381-2025-2\/\",\"url\":\"https:\/\/www.legislapp.com.br\/index.php\/cam-legislativa-de-sc-pl-0381-2025-2\/\",\"name\":\"PL.\/0381\/2025 - S\u00e9rgio Guimar\u00e3es - Legislapp\",\"isPartOf\":{\"@id\":\"https:\/\/www.legislapp.com.br\/#website\"},\"primaryImageOfPage\":{\"@id\":\"https:\/\/www.legislapp.com.br\/index.php\/cam-legislativa-de-sc-pl-0381-2025-2\/#primaryimage\"},\"image\":{\"@id\":\"https:\/\/www.legislapp.com.br\/index.php\/cam-legislativa-de-sc-pl-0381-2025-2\/#primaryimage\"},\"thumbnailUrl\":\"https:\/\/www.legislapp.com.br\/wp-content\/uploads\/google-play.png\",\"datePublished\":\"2025-10-08T14:55:39+00:00\",\"breadcrumb\":{\"@id\":\"https:\/\/www.legislapp.com.br\/index.php\/cam-legislativa-de-sc-pl-0381-2025-2\/#breadcrumb\"},\"inLanguage\":\"pt-BR\",\"potentialAction\":[{\"@type\":\"ReadAction\",\"target\":[\"https:\/\/www.legislapp.com.br\/index.php\/cam-legislativa-de-sc-pl-0381-2025-2\/\"]}]},{\"@type\":\"ImageObject\",\"inLanguage\":\"pt-BR\",\"@id\":\"https:\/\/www.legislapp.com.br\/index.php\/cam-legislativa-de-sc-pl-0381-2025-2\/#primaryimage\",\"url\":\"https:\/\/www.legislapp.com.br\/wp-content\/uploads\/google-play.png\",\"contentUrl\":\"https:\/\/www.legislapp.com.br\/wp-content\/uploads\/google-play.png\",\"width\":564,\"height\":168},{\"@type\":\"BreadcrumbList\",\"@id\":\"https:\/\/www.legislapp.com.br\/index.php\/cam-legislativa-de-sc-pl-0381-2025-2\/#breadcrumb\",\"itemListElement\":[{\"@type\":\"ListItem\",\"position\":1,\"name\":\"In\u00edcio\",\"item\":\"https:\/\/www.legislapp.com.br\/\"},{\"@type\":\"ListItem\",\"position\":2,\"name\":\"PL.\/0381\/2025 &#8211; S\u00e9rgio Guimar\u00e3es\"}]},{\"@type\":\"WebSite\",\"@id\":\"https:\/\/www.legislapp.com.br\/#website\",\"url\":\"https:\/\/www.legislapp.com.br\/\",\"name\":\"Legislapp\",\"description\":\"Intelig\u00eancia governamental em tempo real\",\"publisher\":{\"@id\":\"https:\/\/www.legislapp.com.br\/#organization\"},\"potentialAction\":[{\"@type\":\"SearchAction\",\"target\":{\"@type\":\"EntryPoint\",\"urlTemplate\":\"https:\/\/www.legislapp.com.br\/?s={search_term_string}\"},\"query-input\":{\"@type\":\"PropertyValueSpecification\",\"valueRequired\":true,\"valueName\":\"search_term_string\"}}],\"inLanguage\":\"pt-BR\"},{\"@type\":\"Organization\",\"@id\":\"https:\/\/www.legislapp.com.br\/#organization\",\"name\":\"Legislapp Monitoramento e Intelig\u00eancia Governamental\",\"url\":\"https:\/\/www.legislapp.com.br\/\",\"logo\":{\"@type\":\"ImageObject\",\"inLanguage\":\"pt-BR\",\"@id\":\"https:\/\/www.legislapp.com.br\/#\/schema\/logo\/image\/\",\"url\":\"https:\/\/www.legislapp.com.br\/wp-content\/uploads\/icon.png\",\"contentUrl\":\"https:\/\/www.legislapp.com.br\/wp-content\/uploads\/icon.png\",\"width\":1024,\"height\":1024,\"caption\":\"Legislapp Monitoramento e Intelig\u00eancia Governamental\"},\"image\":{\"@id\":\"https:\/\/www.legislapp.com.br\/#\/schema\/logo\/image\/\"},\"sameAs\":[\"https:\/\/www.instagram.com\/legislapp\/\"]}]}<\/script>\n<!-- \/ Yoast SEO plugin. -->","yoast_head_json":{"title":"PL.\/0381\/2025 - S\u00e9rgio Guimar\u00e3es - Legislapp","robots":{"index":"index","follow":"follow","max-snippet":"max-snippet:-1","max-image-preview":"max-image-preview:large","max-video-preview":"max-video-preview:-1"},"canonical":"https:\/\/www.legislapp.com.br\/index.php\/cam-legislativa-de-sc-pl-0381-2025-2\/","og_locale":"pt_BR","og_type":"article","og_title":"PL.\/0381\/2025 - S\u00e9rgio Guimar\u00e3es - Legislapp","og_description":"C\u00e2m. Legislativa de SC &#8211; Autoria de S\u00e9rgio Guimar\u00e3es Cria o Cadastro Estadual de Pacientes para Uso Medicinal da Cannabis no Estado de Santa Catarina e d\u00e1 outras provid\u00eancias. ASSEMBLEIA LEGISLATIVA GABINETE DEPUTADO ESTADO DE SANTA CATARINA S\u00c9RGIO GUIMAR\u00c3ES PROJETO DE LEI Cria o Cadastro Estadual de Pacientes para Uso Medicinal da Cannabis no Estado [&hellip;]","og_url":"https:\/\/www.legislapp.com.br\/index.php\/cam-legislativa-de-sc-pl-0381-2025-2\/","og_site_name":"Legislapp","article_publisher":"https:\/\/www.instagram.com\/legislapp\/","og_image":[{"url":"https:\/\/www.legislapp.com.br\/wp-content\/uploads\/google-play.png","type":"","width":"","height":""}],"twitter_card":"summary_large_image","twitter_misc":{"Est. tempo de leitura":"6 minutos"},"schema":{"@context":"https:\/\/schema.org","@graph":[{"@type":"WebPage","@id":"https:\/\/www.legislapp.com.br\/index.php\/cam-legislativa-de-sc-pl-0381-2025-2\/","url":"https:\/\/www.legislapp.com.br\/index.php\/cam-legislativa-de-sc-pl-0381-2025-2\/","name":"PL.\/0381\/2025 - S\u00e9rgio Guimar\u00e3es - Legislapp","isPartOf":{"@id":"https:\/\/www.legislapp.com.br\/#website"},"primaryImageOfPage":{"@id":"https:\/\/www.legislapp.com.br\/index.php\/cam-legislativa-de-sc-pl-0381-2025-2\/#primaryimage"},"image":{"@id":"https:\/\/www.legislapp.com.br\/index.php\/cam-legislativa-de-sc-pl-0381-2025-2\/#primaryimage"},"thumbnailUrl":"https:\/\/www.legislapp.com.br\/wp-content\/uploads\/google-play.png","datePublished":"2025-10-08T14:55:39+00:00","breadcrumb":{"@id":"https:\/\/www.legislapp.com.br\/index.php\/cam-legislativa-de-sc-pl-0381-2025-2\/#breadcrumb"},"inLanguage":"pt-BR","potentialAction":[{"@type":"ReadAction","target":["https:\/\/www.legislapp.com.br\/index.php\/cam-legislativa-de-sc-pl-0381-2025-2\/"]}]},{"@type":"ImageObject","inLanguage":"pt-BR","@id":"https:\/\/www.legislapp.com.br\/index.php\/cam-legislativa-de-sc-pl-0381-2025-2\/#primaryimage","url":"https:\/\/www.legislapp.com.br\/wp-content\/uploads\/google-play.png","contentUrl":"https:\/\/www.legislapp.com.br\/wp-content\/uploads\/google-play.png","width":564,"height":168},{"@type":"BreadcrumbList","@id":"https:\/\/www.legislapp.com.br\/index.php\/cam-legislativa-de-sc-pl-0381-2025-2\/#breadcrumb","itemListElement":[{"@type":"ListItem","position":1,"name":"In\u00edcio","item":"https:\/\/www.legislapp.com.br\/"},{"@type":"ListItem","position":2,"name":"PL.\/0381\/2025 &#8211; S\u00e9rgio Guimar\u00e3es"}]},{"@type":"WebSite","@id":"https:\/\/www.legislapp.com.br\/#website","url":"https:\/\/www.legislapp.com.br\/","name":"Legislapp","description":"Intelig\u00eancia governamental em tempo real","publisher":{"@id":"https:\/\/www.legislapp.com.br\/#organization"},"potentialAction":[{"@type":"SearchAction","target":{"@type":"EntryPoint","urlTemplate":"https:\/\/www.legislapp.com.br\/?s={search_term_string}"},"query-input":{"@type":"PropertyValueSpecification","valueRequired":true,"valueName":"search_term_string"}}],"inLanguage":"pt-BR"},{"@type":"Organization","@id":"https:\/\/www.legislapp.com.br\/#organization","name":"Legislapp Monitoramento e Intelig\u00eancia Governamental","url":"https:\/\/www.legislapp.com.br\/","logo":{"@type":"ImageObject","inLanguage":"pt-BR","@id":"https:\/\/www.legislapp.com.br\/#\/schema\/logo\/image\/","url":"https:\/\/www.legislapp.com.br\/wp-content\/uploads\/icon.png","contentUrl":"https:\/\/www.legislapp.com.br\/wp-content\/uploads\/icon.png","width":1024,"height":1024,"caption":"Legislapp Monitoramento e Intelig\u00eancia Governamental"},"image":{"@id":"https:\/\/www.legislapp.com.br\/#\/schema\/logo\/image\/"},"sameAs":["https:\/\/www.instagram.com\/legislapp\/"]}]}},"_links":{"self":[{"href":"https:\/\/www.legislapp.com.br\/index.php\/wp-json\/wp\/v2\/pages\/8807","targetHints":{"allow":["GET"]}}],"collection":[{"href":"https:\/\/www.legislapp.com.br\/index.php\/wp-json\/wp\/v2\/pages"}],"about":[{"href":"https:\/\/www.legislapp.com.br\/index.php\/wp-json\/wp\/v2\/types\/page"}],"author":[{"embeddable":true,"href":"https:\/\/www.legislapp.com.br\/index.php\/wp-json\/wp\/v2\/users\/1"}],"replies":[{"embeddable":true,"href":"https:\/\/www.legislapp.com.br\/index.php\/wp-json\/wp\/v2\/comments?post=8807"}],"version-history":[{"count":0,"href":"https:\/\/www.legislapp.com.br\/index.php\/wp-json\/wp\/v2\/pages\/8807\/revisions"}],"wp:attachment":[{"href":"https:\/\/www.legislapp.com.br\/index.php\/wp-json\/wp\/v2\/media?parent=8807"}],"curies":[{"name":"wp","href":"https:\/\/api.w.org\/{rel}","templated":true}]}}