{"id":8815,"date":"2025-10-08T11:56:06","date_gmt":"2025-10-08T14:56:06","guid":{"rendered":"https:\/\/www.legislapp.com.br\/index.php\/cam-legislativa-de-sc-pl-0368-2025-2\/"},"modified":"2025-10-08T11:56:06","modified_gmt":"2025-10-08T14:56:06","slug":"cam-legislativa-de-sc-pl-0368-2025-2","status":"publish","type":"page","link":"https:\/\/www.legislapp.com.br\/index.php\/cam-legislativa-de-sc-pl-0368-2025-2\/","title":{"rendered":"PL.\/0368\/2025 &#8211; Marcos da Rosa"},"content":{"rendered":"<h1 style='text-align: center;'>C\u00e2m. Legislativa de SC &#8211; Autoria de Marcos da Rosa<\/h3>\n<p><\/p>\n<article style='text-align: center'>Disp\u00f5e sobre a utiliza\u00e7\u00e3o da B\u00edblia Sagrada como recurso paradid\u00e1tico  nas institui\u00e7\u00f5es de ensino p\u00fablicas e privadas do Estado de Santa  Catarina e d\u00e1 outras provid\u00eancias.<\/article>\n<p><\/p>\n<p style='text-align: center'><a href='https:\/\/app.legislapp.com.br\/#\/busca?termo='><\/a><\/p>\n<p><\/p>\n<article>ASSEMBLEIA LEGISLATIVA GABINETE DEPUTADO<br \/>\nESTADO DE SANTA CATARINA MARCOS DA ROSA<\/p>\n<p>PROJETO DE LEI<\/p>\n<p>Disp\u00f5e sobre a utiliza\u00e7\u00e3o da B\u00edblia Sagrada como recurso paradid\u00e1tico<br \/>\nnas institui\u00e7\u00f5es de ensino p\u00fablicas e privadas do Estado de Santa<br \/>\nCatarina e d\u00e1 outras provid\u00eancias.<\/p>\n<p>Art. Fica autorizada a utiliza\u00e7\u00e3o da B\u00edblia Sagrada como recurso<br \/>\nparadid\u00e1tico nas escolas p\u00fablicas e privadas do Estado de Santa Catarina, com a finalidade de<br \/>\ncontribuir com o ensino e a compreens\u00e3o de conte\u00fados culturais, hist\u00f3ricos, geogr\u00e1ficos,<br \/>\narqueol\u00f3gicos, liter\u00e1rios, filos\u00f3ficos e art\u00edsticos.<\/p>\n<p>Par\u00e1grafo \u00fanico. As hist\u00f3rias b\u00edblicas poder\u00e3o ser utilizadas para<br \/>\ncomplementar o conte\u00fado curricular nas \u00e1reas de Hist\u00f3ria, Literatura, Ensino Religioso, Filosofia,<br \/>\nArtes e outras afins, respeitados os princ\u00edpios pedag\u00f3gicos e a diversidade religiosa.<\/p>\n<p>Art. 2\u00ba A participa\u00e7\u00e3o dos alunos nas atividades mencionadas nesta Lei<br \/>\nser\u00e1 facultativa, respeitando-se integralmente a liberdade de consci\u00eancia e de<br \/>\ncren\u00e7a, conforme garantido na Constitui\u00e7\u00e3o Federal e na Lei Estadual n\u00ba 18.349, de 26 de janeiro<br \/>\nde 2022.<\/p>\n<p>Art. 3\u00ba Caber\u00e1 ao Poder Executivo, por meio da Secretaria de Estado da<br \/>\nEduca\u00e7\u00e3o, estabelecer diretrizes, estrat\u00e9gias e regulamenta\u00e7\u00f5es espec\u00edficas para a implementa\u00e7\u00e3o<br \/>\ndesta Lei, assegurando o respeito \u00e0 pluralidade religiosa e aos direitos fundamentais dos<br \/>\neducandos.<\/p>\n<p>Art. 4\u00ba As despesas decorrentes da execu\u00e7\u00e3o desta Lei ocorrer\u00e3o por<br \/>\nconta de dota\u00e7\u00f5es or\u00e7ament\u00e1rias pr\u00f3prias, suplementadas se necess\u00e1rio.<\/p>\n<p>Art. 5\u00ba Esta Lei entra em vigor na data de sua publica\u00e7\u00e3o. <\/p>\n<p>Sala das Sess\u00f5es<\/p>\n<p>Deputado Marcos Da Rosa<br \/>\n J US T I F I CA\u00c7\u00c3O<\/p>\n<p>O presente Projeto de Lei, visa regulamentar, no Estado de Santa Catarina,<br \/>\na possibilidade de utiliza\u00e7\u00e3o da B\u00edblia Sagrada como recurso paradid\u00e1tico nas institui\u00e7\u00f5es de ensino<br \/>\np\u00fablicas e privadas, com o objetivo de enriquecer o conte\u00fado pedag\u00f3gico nas \u00e1reas de Hist\u00f3ria,<br \/>\nLiteratura, Filosofia, Geografia, Artes e Ensino Religioso, \u00e0 luz dos princ\u00edpios constitucionais da<br \/>\nliberdade de express\u00e3o, da liberdade de ensino e da liberdade religiosa.<\/p>\n<p>Desde j\u00e1, \u00e9 imprescind\u00edvel destacar que esta proposi\u00e7\u00e3o n\u00e3o imp\u00f5e<br \/>\nqualquer tipo de pr\u00e1tica religiosa e n\u00e3o obriga nenhum aluno ou profissional da educa\u00e7\u00e3o a<br \/>\nparticipar das atividades relacionadas \u00e0 leitura b\u00edblica. Ao contr\u00e1rio, assegura-se expressamente o<br \/>\ncar\u00e1ter facultativo e respeitoso da diversidade religiosa e filos\u00f3fica dos alunos e suas fam\u00edlias. A<br \/>\nproposta est\u00e1 absolutamente alinhada ao art. 5\u00ba, inciso VI, da Constitui\u00e7\u00e3o Federal, que assegura a<br \/>\ninviolabilidade da liberdade de consci\u00eancia e de cren\u00e7a.<\/p>\n<p>Este projeto tamb\u00e9m se ancora firmemente na Lei Estadual n\u00ba 18.349, de<br \/>\n26 de janeiro de 2022, que institui o Estatuto de Liberdade Religiosa no Estado de Santa Catarina.<br \/>\nA referida norma garante que a liberdade religiosa deve ser protegida tanto na esfera p\u00fablica<br \/>\nquanto na privada, nos termos do art. 1\u00ba, par\u00e1grafo \u00fanico, da Lei. Essa prote\u00e7\u00e3o inclui a liberdade<br \/>\nde ensinar, aprender e difundir ideias com base em uma cosmovis\u00e3o religiosa, desde que n\u00e3o haja<br \/>\ncoer\u00e7\u00e3o \u2014 o que, repita-se, n\u00e3o \u00e9 o caso.<\/p>\n<p>Destaca-se ainda que, conforme o art. 7\u00ba, inciso I da mencionada Lei<br \/>\nEstadual, o conceito de intoler\u00e2ncia religiosa inclui qualquer cerceamento \u00e0 livre manifesta\u00e7\u00e3o<br \/>\nreligiosa em institui\u00e7\u00f5es educacionais. Ora, o que este projeto prop\u00f5e \u00e9 justamente o exerc\u00edcio<br \/>\npleno e n\u00e3o impositivo de tal manifesta\u00e7\u00e3o, em ambiente escolar, de forma facultativa<br \/>\ne pedag\u00f3gica. Proibir a presen\u00e7a da B\u00edblia nas escolas como recurso cultural e hist\u00f3rico seria,<br \/>\nparadoxalmente, um ato de intoler\u00e2ncia com uma express\u00e3o milenar de f\u00e9 e saber humano.<\/p>\n<p>A B\u00edblia \u00e9 uma obra que transcende o campo da f\u00e9 religiosa, sendo<br \/>\nreconhecida inclusive por juristas, historiadores, fil\u00f3sofos e literatos como um dos pilares<br \/>\nda civiliza\u00e7\u00e3o ocidental. \u00c9 imposs\u00edvel compreender, por exemplo, as obras de Machado de Assis,<br \/>\nCam\u00f5es, Dostoi\u00e9vski ou Guimar\u00e3es Rosa, sem o conhecimento m\u00ednimo do imagin\u00e1rio b\u00edblico. A<br \/>\nexclus\u00e3o deliberada desse conte\u00fado das escolas compromete a forma\u00e7\u00e3o integral dos alunos.<\/p>\n<p>Vale registrar que o projeto n\u00e3o viola o princ\u00edpio do Estado laico (art. 19, I<br \/>\nda Constitui\u00e7\u00e3o Federal), pois o Estado laico n\u00e3o \u00e9 Estado antirreligioso. O princ\u00edpio da laicidade<br \/>\nexige neutralidade, e n\u00e3o hostilidade em rela\u00e7\u00e3o a manifesta\u00e7\u00f5es religiosas. A laicidade impede a<br \/>\nimposi\u00e7\u00e3o de uma cren\u00e7a, mas n\u00e3o veda o ensino sobre religi\u00f5es, sobretudo quando estas s\u00e3o<br \/>\nabordadas sob aspectos hist\u00f3ricos, culturais e filos\u00f3ficos \u2014 como ora proposto.<\/p>\n<p>Al\u00e9m disso, o projeto respeita o princ\u00edpio da n\u00e3o confessionalidade do<br \/>\nEstado, conforme art. 5\u00ba da Lei Estadual n\u00ba 18.349\/2022. Em nenhuma hip\u00f3tese h\u00e1 ado\u00e7\u00e3o de<br \/>\nreligi\u00e3o oficial, tampouco se faz proselitismo religioso. A B\u00edblia ser\u00e1 utilizada como fonte de<br \/>\nconhecimento e n\u00e3o como ferramenta de catequese, o que mant\u00e9m plena compatibilidade com os<br \/>\npreceitos legais.<\/p>\n<p>Ressalte-se que a proposta confere autonomia \u00e0 Secretaria de Estado da<br \/>\nEduca\u00e7\u00e3o para regulamentar sua aplica\u00e7\u00e3o, conforme o art. 3\u00ba do Projeto. Essa diretriz<br \/>\nadministrativa visa justamente assegurar que a execu\u00e7\u00e3o ocorra dentro dos par\u00e2metros<br \/>\nconstitucionais, pedag\u00f3gicos e \u00e9ticos, inclusive garantindo-se alternativas aos alunosque, por<br \/>\nconvic\u00e7\u00e3o pessoal ou religiosa, optarem por n\u00e3o participar das atividades.<\/p>\n<p>Por<br \/>\nfim, em tempos de crescente polariza\u00e7\u00e3o e intoler\u00e2ncia, permitir que os jovens tenham acesso a<br \/>\ntextos que pregam valores como amor ao pr\u00f3ximo, solidariedade, justi\u00e7a, perd\u00e3o e dignidade<br \/>\nhumana \u00e9 mais do que uma medida pedag\u00f3gica: \u00e9 uma a\u00e7\u00e3o estrat\u00e9gica de forma\u00e7\u00e3o cidad\u00e3 e<br \/>\npromo\u00e7\u00e3o da cultura de paz, conforme previsto no art. 8\u00ba da Lei Estadual n\u00ba 18.349\/2022.<\/p>\n<p>Diante do exposto, e com respaldo<br \/>\njur\u00eddico s\u00f3lido, culturalmente pertinente e socialmente oportuno, conto com o apoio dos nobres<br \/>\nparlamentares para a aprova\u00e7\u00e3o desta proposta, que busca apenas ampliar o acesso ao<br \/>\nconhecimento e garantir o pluralismo educacional e cultural nas escolas de Santa Catarina. <\/p>\n<p>Deputado Marcos Da RosaELEGIS<br \/>\nDocumento assinado eletronicamente por Marcos da Rosa, em 09\/06\/2025, \u00e0s<br \/>\nSistema de Processo<br \/>\n08:35.<br \/>\nLegislativo Eletr\u00f4nico<\/article>\n<div style=\"text-align: center\">\n<div style=\"margin-bottom: 20px;\" class=\"et_pb_button_module_wrapper et_pb_button_5_tb_body_wrapper et_pb_button_alignment_center et_pb_module \">\n         <a class=\"et_pb_button et_pb_button_5_tb_body et_hover_enabled et_pb_bg_layout_dark\" style=\"width: 50%;background-color: black;\" href=\"https:\/\/app.legislapp.com.br\" target=\"_blank\" rel=\"noopener\">Visualizar completo na nossa plataforma (30 dias gr\u00e1tis)<\/a><\/p><\/div>\n<p>      <a href=\"https:\/\/play.google.com\/store\/apps\/details?id=br.com.legislapp\"><img decoding=\"async\" style=\"width: 15%; min-width: 130px;\" src=\"https:\/\/www.legislapp.com.br\/wp-content\/uploads\/google-play.png\"><\/a><br \/>\n      <a href=\"https:\/\/apps.apple.com\/us\/app\/legislapp\/id1568929859\"><img decoding=\"async\" style=\"width: 15%; min-width: 130px\" src=\"https:\/\/www.legislapp.com.br\/wp-content\/uploads\/apple-store.png\"><\/a>\n   <\/div>\n","protected":false},"excerpt":{"rendered":"<p>C\u00e2m. Legislativa de SC &#8211; Autoria de Marcos da Rosa Disp\u00f5e sobre a utiliza\u00e7\u00e3o da B\u00edblia Sagrada como recurso paradid\u00e1tico nas institui\u00e7\u00f5es de ensino p\u00fablicas e privadas do Estado de Santa Catarina e d\u00e1 outras provid\u00eancias. ASSEMBLEIA LEGISLATIVA GABINETE DEPUTADO ESTADO DE SANTA CATARINA MARCOS DA ROSA PROJETO DE LEI Disp\u00f5e sobre a utiliza\u00e7\u00e3o da [&hellip;]<\/p>\n","protected":false},"author":1,"featured_media":0,"parent":0,"menu_order":0,"comment_status":"closed","ping_status":"closed","template":"page-template-blank.php","meta":{"_et_pb_use_builder":"","_et_pb_old_content":"","_et_gb_content_width":"1080","ngg_post_thumbnail":0,"footnotes":""},"class_list":["post-8815","page","type-page","status-publish","hentry"],"yoast_head":"<!-- This site is optimized with the Yoast SEO plugin v24.4 - https:\/\/yoast.com\/wordpress\/plugins\/seo\/ -->\n<title>PL.\/0368\/2025 - Marcos da Rosa - Legislapp<\/title>\n<meta name=\"robots\" content=\"index, follow, max-snippet:-1, max-image-preview:large, max-video-preview:-1\" \/>\n<link rel=\"canonical\" href=\"https:\/\/www.legislapp.com.br\/index.php\/cam-legislativa-de-sc-pl-0368-2025-2\/\" \/>\n<meta property=\"og:locale\" content=\"pt_BR\" \/>\n<meta property=\"og:type\" content=\"article\" \/>\n<meta property=\"og:title\" content=\"PL.\/0368\/2025 - Marcos da Rosa - Legislapp\" \/>\n<meta property=\"og:description\" content=\"C\u00e2m. Legislativa de SC &#8211; Autoria de Marcos da Rosa Disp\u00f5e sobre a utiliza\u00e7\u00e3o da B\u00edblia Sagrada como recurso paradid\u00e1tico nas institui\u00e7\u00f5es de ensino p\u00fablicas e privadas do Estado de Santa Catarina e d\u00e1 outras provid\u00eancias. ASSEMBLEIA LEGISLATIVA GABINETE DEPUTADO ESTADO DE SANTA CATARINA MARCOS DA ROSA PROJETO DE LEI Disp\u00f5e sobre a utiliza\u00e7\u00e3o da [&hellip;]\" \/>\n<meta property=\"og:url\" content=\"https:\/\/www.legislapp.com.br\/index.php\/cam-legislativa-de-sc-pl-0368-2025-2\/\" \/>\n<meta property=\"og:site_name\" content=\"Legislapp\" \/>\n<meta property=\"article:publisher\" content=\"https:\/\/www.instagram.com\/legislapp\/\" \/>\n<meta property=\"og:image\" content=\"https:\/\/www.legislapp.com.br\/wp-content\/uploads\/google-play.png\" \/>\n<meta name=\"twitter:card\" content=\"summary_large_image\" \/>\n<meta name=\"twitter:label1\" content=\"Est. tempo de leitura\" \/>\n\t<meta name=\"twitter:data1\" content=\"5 minutos\" \/>\n<script type=\"application\/ld+json\" class=\"yoast-schema-graph\">{\"@context\":\"https:\/\/schema.org\",\"@graph\":[{\"@type\":\"WebPage\",\"@id\":\"https:\/\/www.legislapp.com.br\/index.php\/cam-legislativa-de-sc-pl-0368-2025-2\/\",\"url\":\"https:\/\/www.legislapp.com.br\/index.php\/cam-legislativa-de-sc-pl-0368-2025-2\/\",\"name\":\"PL.\/0368\/2025 - Marcos da Rosa - Legislapp\",\"isPartOf\":{\"@id\":\"https:\/\/www.legislapp.com.br\/#website\"},\"primaryImageOfPage\":{\"@id\":\"https:\/\/www.legislapp.com.br\/index.php\/cam-legislativa-de-sc-pl-0368-2025-2\/#primaryimage\"},\"image\":{\"@id\":\"https:\/\/www.legislapp.com.br\/index.php\/cam-legislativa-de-sc-pl-0368-2025-2\/#primaryimage\"},\"thumbnailUrl\":\"https:\/\/www.legislapp.com.br\/wp-content\/uploads\/google-play.png\",\"datePublished\":\"2025-10-08T14:56:06+00:00\",\"breadcrumb\":{\"@id\":\"https:\/\/www.legislapp.com.br\/index.php\/cam-legislativa-de-sc-pl-0368-2025-2\/#breadcrumb\"},\"inLanguage\":\"pt-BR\",\"potentialAction\":[{\"@type\":\"ReadAction\",\"target\":[\"https:\/\/www.legislapp.com.br\/index.php\/cam-legislativa-de-sc-pl-0368-2025-2\/\"]}]},{\"@type\":\"ImageObject\",\"inLanguage\":\"pt-BR\",\"@id\":\"https:\/\/www.legislapp.com.br\/index.php\/cam-legislativa-de-sc-pl-0368-2025-2\/#primaryimage\",\"url\":\"https:\/\/www.legislapp.com.br\/wp-content\/uploads\/google-play.png\",\"contentUrl\":\"https:\/\/www.legislapp.com.br\/wp-content\/uploads\/google-play.png\",\"width\":564,\"height\":168},{\"@type\":\"BreadcrumbList\",\"@id\":\"https:\/\/www.legislapp.com.br\/index.php\/cam-legislativa-de-sc-pl-0368-2025-2\/#breadcrumb\",\"itemListElement\":[{\"@type\":\"ListItem\",\"position\":1,\"name\":\"In\u00edcio\",\"item\":\"https:\/\/www.legislapp.com.br\/\"},{\"@type\":\"ListItem\",\"position\":2,\"name\":\"PL.\/0368\/2025 &#8211; Marcos da Rosa\"}]},{\"@type\":\"WebSite\",\"@id\":\"https:\/\/www.legislapp.com.br\/#website\",\"url\":\"https:\/\/www.legislapp.com.br\/\",\"name\":\"Legislapp\",\"description\":\"Intelig\u00eancia governamental em tempo real\",\"publisher\":{\"@id\":\"https:\/\/www.legislapp.com.br\/#organization\"},\"potentialAction\":[{\"@type\":\"SearchAction\",\"target\":{\"@type\":\"EntryPoint\",\"urlTemplate\":\"https:\/\/www.legislapp.com.br\/?s={search_term_string}\"},\"query-input\":{\"@type\":\"PropertyValueSpecification\",\"valueRequired\":true,\"valueName\":\"search_term_string\"}}],\"inLanguage\":\"pt-BR\"},{\"@type\":\"Organization\",\"@id\":\"https:\/\/www.legislapp.com.br\/#organization\",\"name\":\"Legislapp Monitoramento e Intelig\u00eancia Governamental\",\"url\":\"https:\/\/www.legislapp.com.br\/\",\"logo\":{\"@type\":\"ImageObject\",\"inLanguage\":\"pt-BR\",\"@id\":\"https:\/\/www.legislapp.com.br\/#\/schema\/logo\/image\/\",\"url\":\"https:\/\/www.legislapp.com.br\/wp-content\/uploads\/icon.png\",\"contentUrl\":\"https:\/\/www.legislapp.com.br\/wp-content\/uploads\/icon.png\",\"width\":1024,\"height\":1024,\"caption\":\"Legislapp Monitoramento e Intelig\u00eancia Governamental\"},\"image\":{\"@id\":\"https:\/\/www.legislapp.com.br\/#\/schema\/logo\/image\/\"},\"sameAs\":[\"https:\/\/www.instagram.com\/legislapp\/\"]}]}<\/script>\n<!-- \/ Yoast SEO plugin. -->","yoast_head_json":{"title":"PL.\/0368\/2025 - Marcos da Rosa - Legislapp","robots":{"index":"index","follow":"follow","max-snippet":"max-snippet:-1","max-image-preview":"max-image-preview:large","max-video-preview":"max-video-preview:-1"},"canonical":"https:\/\/www.legislapp.com.br\/index.php\/cam-legislativa-de-sc-pl-0368-2025-2\/","og_locale":"pt_BR","og_type":"article","og_title":"PL.\/0368\/2025 - Marcos da Rosa - Legislapp","og_description":"C\u00e2m. Legislativa de SC &#8211; Autoria de Marcos da Rosa Disp\u00f5e sobre a utiliza\u00e7\u00e3o da B\u00edblia Sagrada como recurso paradid\u00e1tico nas institui\u00e7\u00f5es de ensino p\u00fablicas e privadas do Estado de Santa Catarina e d\u00e1 outras provid\u00eancias. ASSEMBLEIA LEGISLATIVA GABINETE DEPUTADO ESTADO DE SANTA CATARINA MARCOS DA ROSA PROJETO DE LEI Disp\u00f5e sobre a utiliza\u00e7\u00e3o da [&hellip;]","og_url":"https:\/\/www.legislapp.com.br\/index.php\/cam-legislativa-de-sc-pl-0368-2025-2\/","og_site_name":"Legislapp","article_publisher":"https:\/\/www.instagram.com\/legislapp\/","og_image":[{"url":"https:\/\/www.legislapp.com.br\/wp-content\/uploads\/google-play.png","type":"","width":"","height":""}],"twitter_card":"summary_large_image","twitter_misc":{"Est. tempo de leitura":"5 minutos"},"schema":{"@context":"https:\/\/schema.org","@graph":[{"@type":"WebPage","@id":"https:\/\/www.legislapp.com.br\/index.php\/cam-legislativa-de-sc-pl-0368-2025-2\/","url":"https:\/\/www.legislapp.com.br\/index.php\/cam-legislativa-de-sc-pl-0368-2025-2\/","name":"PL.\/0368\/2025 - Marcos da Rosa - Legislapp","isPartOf":{"@id":"https:\/\/www.legislapp.com.br\/#website"},"primaryImageOfPage":{"@id":"https:\/\/www.legislapp.com.br\/index.php\/cam-legislativa-de-sc-pl-0368-2025-2\/#primaryimage"},"image":{"@id":"https:\/\/www.legislapp.com.br\/index.php\/cam-legislativa-de-sc-pl-0368-2025-2\/#primaryimage"},"thumbnailUrl":"https:\/\/www.legislapp.com.br\/wp-content\/uploads\/google-play.png","datePublished":"2025-10-08T14:56:06+00:00","breadcrumb":{"@id":"https:\/\/www.legislapp.com.br\/index.php\/cam-legislativa-de-sc-pl-0368-2025-2\/#breadcrumb"},"inLanguage":"pt-BR","potentialAction":[{"@type":"ReadAction","target":["https:\/\/www.legislapp.com.br\/index.php\/cam-legislativa-de-sc-pl-0368-2025-2\/"]}]},{"@type":"ImageObject","inLanguage":"pt-BR","@id":"https:\/\/www.legislapp.com.br\/index.php\/cam-legislativa-de-sc-pl-0368-2025-2\/#primaryimage","url":"https:\/\/www.legislapp.com.br\/wp-content\/uploads\/google-play.png","contentUrl":"https:\/\/www.legislapp.com.br\/wp-content\/uploads\/google-play.png","width":564,"height":168},{"@type":"BreadcrumbList","@id":"https:\/\/www.legislapp.com.br\/index.php\/cam-legislativa-de-sc-pl-0368-2025-2\/#breadcrumb","itemListElement":[{"@type":"ListItem","position":1,"name":"In\u00edcio","item":"https:\/\/www.legislapp.com.br\/"},{"@type":"ListItem","position":2,"name":"PL.\/0368\/2025 &#8211; Marcos da Rosa"}]},{"@type":"WebSite","@id":"https:\/\/www.legislapp.com.br\/#website","url":"https:\/\/www.legislapp.com.br\/","name":"Legislapp","description":"Intelig\u00eancia governamental em tempo real","publisher":{"@id":"https:\/\/www.legislapp.com.br\/#organization"},"potentialAction":[{"@type":"SearchAction","target":{"@type":"EntryPoint","urlTemplate":"https:\/\/www.legislapp.com.br\/?s={search_term_string}"},"query-input":{"@type":"PropertyValueSpecification","valueRequired":true,"valueName":"search_term_string"}}],"inLanguage":"pt-BR"},{"@type":"Organization","@id":"https:\/\/www.legislapp.com.br\/#organization","name":"Legislapp Monitoramento e Intelig\u00eancia Governamental","url":"https:\/\/www.legislapp.com.br\/","logo":{"@type":"ImageObject","inLanguage":"pt-BR","@id":"https:\/\/www.legislapp.com.br\/#\/schema\/logo\/image\/","url":"https:\/\/www.legislapp.com.br\/wp-content\/uploads\/icon.png","contentUrl":"https:\/\/www.legislapp.com.br\/wp-content\/uploads\/icon.png","width":1024,"height":1024,"caption":"Legislapp Monitoramento e Intelig\u00eancia Governamental"},"image":{"@id":"https:\/\/www.legislapp.com.br\/#\/schema\/logo\/image\/"},"sameAs":["https:\/\/www.instagram.com\/legislapp\/"]}]}},"_links":{"self":[{"href":"https:\/\/www.legislapp.com.br\/index.php\/wp-json\/wp\/v2\/pages\/8815","targetHints":{"allow":["GET"]}}],"collection":[{"href":"https:\/\/www.legislapp.com.br\/index.php\/wp-json\/wp\/v2\/pages"}],"about":[{"href":"https:\/\/www.legislapp.com.br\/index.php\/wp-json\/wp\/v2\/types\/page"}],"author":[{"embeddable":true,"href":"https:\/\/www.legislapp.com.br\/index.php\/wp-json\/wp\/v2\/users\/1"}],"replies":[{"embeddable":true,"href":"https:\/\/www.legislapp.com.br\/index.php\/wp-json\/wp\/v2\/comments?post=8815"}],"version-history":[{"count":0,"href":"https:\/\/www.legislapp.com.br\/index.php\/wp-json\/wp\/v2\/pages\/8815\/revisions"}],"wp:attachment":[{"href":"https:\/\/www.legislapp.com.br\/index.php\/wp-json\/wp\/v2\/media?parent=8815"}],"curies":[{"name":"wp","href":"https:\/\/api.w.org\/{rel}","templated":true}]}}