{"id":8862,"date":"2025-10-08T11:58:51","date_gmt":"2025-10-08T14:58:51","guid":{"rendered":"https:\/\/www.legislapp.com.br\/index.php\/cam-legislativa-de-sc-pl-0357-2025-3\/"},"modified":"2025-10-08T11:58:51","modified_gmt":"2025-10-08T14:58:51","slug":"cam-legislativa-de-sc-pl-0357-2025-3","status":"publish","type":"page","link":"https:\/\/www.legislapp.com.br\/index.php\/cam-legislativa-de-sc-pl-0357-2025-3\/","title":{"rendered":"PL.\/0357\/2025 &#8211; Fernando Krelling"},"content":{"rendered":"<h1 style='text-align: center;'>C\u00e2m. Legislativa de SC &#8211; Autoria de Fernando Krelling<\/h3>\n<p><\/p>\n<article style='text-align: center'>Declara de utilidade p\u00fablica a Associa\u00e7\u00e3o Esportiva e Cultural de Rio das Antas &#8211; AERA, e altera o Anexo \u00danico da Lei n\u00ba 18.278, de 2021, que &#8220;Consolida os atos normativos que concedem o T\u00edtulo de Utilidade P\u00fablica estadual no \u00e2mbito do Estado de Santa Catarina&#8221;.<\/article>\n<p><\/p>\n<p style='text-align: center'><a href='https:\/\/app.legislapp.com.br\/#\/busca?termo='><\/a><\/p>\n<p><\/p>\n<article>\n<p>PROJETO DE LEI <\/p>\n<p>DDeeccllaarraa  ddee  utilidade p\u00fablica a AAssssoocciiaa\u00e7\u00e7\u00e3\u00e3oo  EEssppoorrttiivvaa  ee  CCuullttuurraall  ddee<br \/>\nRRiioo  ddaass  AAnnttaass  \u2013 AERA, ee  aalltteerraa  oo  AAnneexxoo  \u00da\u00danniiccoo  ddaa  LLeeii  nn\u00ba\u00ba  1188..227788,,<br \/>\ndddeee   222000222111,,,   qqquuueee   \u201c\u201c\u201cCCCooonnnsssooollliiidddaaa   ooosss   aaatttooosss   nnnooorrrmmmaaatttiiivvvooosss   qqquuueee   cccooonnnccceeedddeeemmm   ooo<br \/>\nTTT\u00ed\u00ed\u00edtttuuulllooo   dddeee   UUUtttiiillliiidddaaadddeee   PPP\u00fa\u00fa\u00fabbbllliiicccaaa   eeessstttaaaddduuuaaalll   nnnooo   \u00e2\u00e2\u00e2mmmbbbiiitttooo   dddooo   EEEssstttaaadddooo   dddeee   SSSaaannntttaaa<br \/>\nCCaattaarriinnaa\u201d\u201d..   <\/p>\n<p>AAArrrttt&#8230;   111\u00ba\u00ba\u00ba   FFFiiicccaaa   dddeeeccclllaaarrraaadddaaa   dddeee   uuutttiiillliiidddaaadddeee   ppp\u00fa\u00fa\u00fabbbllliiicccaaa   eeessstttaaaddduuuaaalll   aaa   Associa\u00e7\u00e3o<br \/>\nEsportiva ee  CCuullttuurraall  ddee  RRiioo  ddaass  AAnnttaass  \u2013 AERA, com sede nnoo  MMuunniicc\u00ed\u00edppiioo  de Rio das Antas. <\/p>\n<p>AAArrrttt&#8230;   222\u00ba\u00ba\u00ba   OOO   AAAnnneeexxxooo   \u00da\u00da\u00dannniiicccooo   dddaaa   LLLeeeiii   nnn\u00ba\u00ba\u00ba   111888&#8230;222777888,,,   dddeee   222000   dddeee   dddeeezzzeeemmmbbbrrrooo   dddeee<br \/>\n222000222111,,,   pppaaassssssaaa   aaa   vvviiigggooorrraaarrr   cccooommm   aaa   aaalllttteeerrraaa\u00e7\u00e7\u00e7\u00e3\u00e3\u00e3ooo   cccooonnnssstttaaannnttteee   dddooo   AAAnnneeexxxooo   \u00da\u00da\u00dannniiicccooo   dddeeessstttaaa   LLLeeeiii&#8230; <\/p>\n<p>AArrtt..  33\u00ba\u00ba  EEssttaa  LLeeii  eennttrraa  eemm  vviiggoorr  nnaa  ddaattaa  ddee ssuuaa  ppuubblliiccaa\u00e7\u00e7\u00e3\u00e3oo.. <\/p>\n<p>SSaallaa  ddaass  SSeessss\u00f5\u00f5eess,,   <\/p>\n<p>Deputado Fernando Krelling <\/p>\n<p>Pal\u00e1cio Barriga-Verde<br \/>\nRua Dr. Jorge Luz Fontes, 310 &#8211; GGaabbinete206<br \/>\n88020-900 &#8211; Florian\u00f3polis \u2013 SC<br \/>\n(48) 3221.2650<br \/>\nffeerrnnaannddookkrreelllliinngg@@aalleesscc..sscc..ggoovv..bbrr  <\/p>\n<p>ANEXO \u00daNICO<br \/>\n(AAlltteerraa  oo  AAnneexxoo  \u00da\u00danniiccoo  ddaa  LLeeii  nn\u00ba\u00ba  1188..227788,,  ddee  2200  ddee  ddeezzeemmbbrroo  ddee  22002211)) <\/p>\n<p>\u201cANEXO \u00daNICO<br \/>\nEENNTTIIDDAADDEESS  DDEECCLLAARRAADDAASS DDEE  UUTTIILLIIDDAADDEE  PP\u00da\u00daBBLLIICCAA <\/p>\n<p>&#8230;&#8230;&#8230;&#8230;&#8230;&#8230;&#8230;&#8230;&#8230;&#8230;&#8230;&#8230;&#8230;&#8230;&#8230;&#8230;&#8230;&#8230;&#8230;&#8230;&#8230;&#8230;&#8230;&#8230;&#8230;&#8230;&#8230;&#8230;&#8230;&#8230;&#8230;&#8230;&#8230;&#8230;&#8230;&#8230;&#8230;&#8230;&#8230;&#8230;&#8230;&#8230;&#8230;&#8230;&#8230;&#8230;&#8230;&#8230;&#8230;&#8230;&#8230;&#8230;&#8230;&#8230;&#8230;&#8230;&#8230;&#8230;&#8230;&#8230;&#8230;&#8230;&#8230;&#8230;&#8230;&#8230;.. &#8230;&#8230;&#8230;&#8230;&#8230;&#8230;&#8230;&#8230;&#8230;&#8230;&#8230;&#8230;&#8230;&#8230;&#8230;&#8230;&#8230;&#8230;&#8230;&#8230;&#8230;&#8230;&#8230;&#8230;&#8230;&#8230;<br \/>\nRRIIOO  DDAASS  AANNTTAASS LEIS<br \/>\n&#8230;&#8230;&#8230;&#8230;&#8230;&#8230;&#8230;&#8230;&#8230;&#8230;&#8230;&#8230;&#8230;&#8230;&#8230;&#8230;&#8230;&#8230;&#8230;&#8230;&#8230;&#8230;&#8230;&#8230;&#8230;&#8230;&#8230;&#8230;&#8230;&#8230;&#8230;&#8230;&#8230;&#8230;&#8230;&#8230;&#8230;&#8230;&#8230;&#8230;&#8230;&#8230;&#8230;&#8230;&#8230;&#8230;&#8230;&#8230;&#8230;&#8230;&#8230;&#8230;&#8230;&#8230;&#8230;&#8230;&#8230;&#8230;&#8230;&#8230;&#8230;&#8230;&#8230;&#8230;&#8230;&#8230;.. &#8230;&#8230;&#8230;&#8230;&#8230;&#8230;&#8230;&#8230;&#8230;&#8230;&#8230;&#8230;&#8230;&#8230;&#8230;&#8230;&#8230;&#8230;&#8230;&#8230;&#8230;&#8230;&#8230;&#8230;&#8230;&#8230;<br \/>\nAAssssoocciiaa\u00e7\u00e7\u00e3\u00e3oo  EEssppoorrttiivvaa  ee  CCuullttuurraall  ddee  RRiioo  ddaass  AAnnttaass  \u2013 AERA <\/p>\n<p>&#8230;&#8230;&#8230;&#8230;&#8230;&#8230;&#8230;&#8230;&#8230;&#8230;&#8230;&#8230;&#8230;&#8230;&#8230;&#8230;&#8230;&#8230;&#8230;&#8230;&#8230;&#8230;&#8230;&#8230;&#8230;.<br \/>\n&#8230;&#8230;&#8230;&#8230;&#8230;&#8230;&#8230;&#8230;&#8230;&#8230;&#8230;&#8230;&#8230;&#8230;&#8230;&#8230;&#8230;&#8230;&#8230;&#8230;&#8230;&#8230;&#8230;&#8230;&#8230;&#8230;&#8230;&#8230;&#8230;&#8230;&#8230;&#8230;&#8230;&#8230;&#8230;&#8230;&#8230;&#8230;&#8230;&#8230;&#8230;&#8230;&#8230;&#8230;&#8230;&#8230;&#8230;&#8230;&#8230;&#8230;&#8230;&#8230;&#8230;&#8230;&#8230;&#8230;&#8230;&#8230;&#8230;&#8230;&#8230;&#8230;&#8230;&#8230;&#8230;&#8230;&#8230;.<br \/>\n   \u201d(NR) <\/p>\n<p>Pal\u00e1cio Barriga-Verde<br \/>\nRua Dr. Jorge Luz Fontes, 310 &#8211; GGaabbinete206<br \/>\n88020-900 &#8211; Florian\u00f3polis \u2013 SC<br \/>\n(48) 3221.2650<br \/>\nffeerrnnaannddookkrreelllliinngg@@aalleesscc..sscc..ggoovv..bbrr  <\/p>\n<p>JUSTIFICA\u00c7\u00c3O <\/p>\n<p>AAA   ppprrreeessseeennnttteee   ppprrrooopppooosssiii\u00e7\u00e7\u00e7\u00e3\u00e3\u00e3ooo   ttteeemmm   pppooorrr   ooobbbjjjeeetttiiivvvooo   dddeeeccclllaaarrraaarrr   dddeee   utilidade p\u00fablica, no<br \/>\n\u00e2\u00e2\u00e2mmmbbbiiitttooo   dddooo   EEEssstttaaadddooo   dddeee   SSSaaannntttaaa   CCCaaatttaaarrriiinnnaaa,,,   aaa   AAAssssssoooccciiiaaa\u00e7\u00e7\u00e7\u00e3\u00e3\u00e3ooo   EEEssspppooorrrtttiiivvvaaa   eee   CCCuuullltttuuurrraaalll   dddeee   RRRiiiooo   dddaaasss   AAAnnntttaaasss   \u2013<br \/>\nAAEERRAA,,  eennttiiddaaddee  sseemm  ffiinnss  lluuccrraattiivvooss  qquuee  ddeesseemmppeennhhaa, ddeessddee  ssuuaa  ffuunnddaa\u00e7\u00e7\u00e3\u00e3oo, relevante papel<br \/>\nssoocciiaall,,  eessppoorrttiivvoo  ee  ccuullttuurraall  nnoo  Munic\u00edpio de Rio das Antas. <\/p>\n<p>A AAAEEERRRAAA   dddeeessseeennnvvvooolllvvveee,,,   dddeee   fffooorrrmmmaaa   cccooonnnttt\u00ed\u00ed\u00ednnnuuuaaa,,,   ppprrrooojjjeeetttooosss   qqquuueee   ppprrrooommmooovvveeemmm   aaa<br \/>\niiinnncccllluuusss\u00e3\u00e3\u00e3ooo   sssoooccciiiaaalll   pppooorrr   mmmeeeiiiooo   dddooo   eeessspppooorrrttteee,,,   cccooommm   dddeeessstttaaaqqquuueee   pppaaarrraaa   aaa   ooofffeeerrrtttaaa   gggrrraaatttuuuiiitttaaa   dddeee   eeessscccooollliiinnnhhhaaasss   dddeee<br \/>\nfffuuutttsssaaalll   eee   jjjuuuddd\u00f4\u00f4\u00f4   pppaaarrraaa   cccrrriiiaaannn\u00e7\u00e7\u00e7aaasss   eee   aaadddooollleeesssccceeennnttteeesss   dddeee   777   aaa   111888   aaannnooosss&#8230;   AAA   aaassssssoooccciiiaaa\u00e7\u00e7\u00e7\u00e3\u00e3\u00e3ooo   tamb\u00e9m organiza e<br \/>\nparticipa ddee  ccaammppeeoonnaattooss  rreeggiioonnaaiiss  ee  eessttaadduuaaiiss  \u2014 ccoommoo  aa  LLiiggaa  CCaattaarriinneennssee  ddee  FFuuttssaall,,  aa<br \/>\nCCCooopppaaa   SSSaaallltttooo   VVVeeelllooosssooo,,,   aaa   TTTaaa\u00e7\u00e7\u00e7aaa   \u00c1\u00c1\u00c1ggguuuaaa   DDDoooccceee   eee   ooosss   JJJooogggooosss   AAAbbbeeerrrtttooosss   dddeee   SSSaaannntttaaa   CCCaaatttaaarrriiinnnaaa   (((JJJAAASSSCCC)))   \u2014<br \/>\ncccooonnntttrrriiibbbuuuiiinnndddooo   pppaaarrraaa   aaa   fffooorrrmmmaaa\u00e7\u00e7\u00e7\u00e3\u00e3\u00e3ooo   ccciiidddaaaddd\u00e3\u00e3\u00e3   eee   ooo   fffooorrrtttaaallleeeccciiimmmeeennntttooo   dddaaa   iiidddeeennntttiiidddaaadddeee   lllooocccaaalll&#8230; <\/p>\n<p>AAll\u00e9\u00e9mm  ddaa  pprr\u00e1\u00e1ttiiccaa  eessppoorrttiivvaa,,  aa  AAEERRAA  rreeaalliizzaa  ccaammppaannhhaass  ssoolliidd\u00e1\u00e1rriiaass  ee  ddee<br \/>\naaarrrrrreeecccaaadddaaa\u00e7\u00e7\u00e7\u00e3\u00e3\u00e3ooo   dddeee   dddooonnnaaatttiiivvvooosss,,,   cccooommmooo   aaasss   aaa\u00e7\u00e7\u00e7\u00f5\u00f5\u00f5eeesss   eeemmm   ppprrrooolll   dddeee   vvv\u00ed\u00ed\u00edtttiiimmmaaasss   dddeee   dddeeesssaaassstttrrreeesss   nnnaaatttuuurrraaaiiisss   nnnooo   RRRiiiooo<br \/>\nGGGrrraaannndddeee   dddooo   SSSuuulll,,,   bbbeeemmm   cccooommmooo   cccaaammmpppaaannnhhhaaasss   sssaaazzzooonnnaaaiiisss,,,   cccooommmooo   aaasss   dddeee   PPP\u00e1\u00e1\u00e1ssscccoooaaa   eee   NNNaaatttaaalll,,,   dddeeessstttiiinnnaaadddaaasss   aaaooo<br \/>\npp\u00fa\u00fabblliiccoo  iinnffaannttoojjuuvveenniill  eemm  ssiittuuaa\u00e7\u00e7\u00e3\u00e3oo  dde vulnerabilidade. <\/p>\n<p>IIImmmpppooorrrtttaaa   rrreeessssssaaallltttaaarrr   qqquuueee   tttooodddaaasss   eeessssssaaasss   aaatttiiivvviiidddaaadddeeesss   sss\u00e3\u00e3\u00e3ooo   mmmaaannntttiiidddaaasss<br \/>\nmmmaaajjjooorrriiitttaaarrriiiaaammmeeennnttteee   pppooorrr   vvvooollluuunnnttt\u00e1\u00e1\u00e1rrriiiooosss,,,   ssseeemmm   rrreeemmmuuunnneeerrraaa\u00e7\u00e7\u00e7\u00e3\u00e3\u00e3ooo,,,   cccooonnntttaaannndddooo   cccooommm   ooo   aaapppoooiiiooo   dddeee   fffaaammm\u00ed\u00ed\u00edllliiiaaasss,,,<br \/>\neeemmmppprrreeesssaaasss   eee   dddooo   pppooodddeeerrr   ppp\u00fa\u00fa\u00fabbbllliiicccooo   mmmuuunnniiiccciiipppaaalll&#8230;   AAA   bbbuuussscccaaa   cccooonnnssstttaaannnttteee   pppooorrr   pppaaarrrccceeerrriiiaaasss   eee   sssuuubbbsss\u00ed\u00ed\u00eddddiiiooosss<br \/>\ndemonstra ooo   cccooommmppprrrooommmiiissssssooo   dddaaa   eeennntttiiidddaaadddeee   cccooommm   aaa   sssuuusssttteeennntttaaabbbiiillliiidddaaadddeee   dddeee   sssuuuaaasss   aaa\u00e7\u00e7\u00e7\u00f5\u00f5\u00f5eeesss   eee   cccooommm   aaa<br \/>\nttrraannssppaarr\u00ea\u00eanncciiaa  nnaa  ggeesstt\u00e3\u00e3oo  ddee  rreeccuurrssooss.. <\/p>\n<p>DDDiiiaaannnttteee   dddooo   rrreeellleeevvvaaannnttteee   ssseeerrrvvviii\u00e7\u00e7\u00e7ooo   ppprrreeessstttaaadddooo   \u00e0\u00e0\u00e0   cccooommmuuunnniiidddaaadddeee   eee   dddaaa   cccooommmppprrrooovvvaaadddaaa<br \/>\naattuuaa\u00e7\u00e7\u00e3\u00e3oo  eemm  bbeenneeff\u00ed\u00edcciioo  ddoo  iinntteerreessssee  pp\u00fa\u00fabblliiccoo,,  jjuussttiiffiiccaa-ssee  pplleennaammeennttee  aa  ddeeccllaarraa\u00e7\u00e7\u00e3\u00e3oo  dde utilidade<br \/>\nppp\u00fa\u00fa\u00fabbbllliiicccaaa   eeessstttaaaddduuuaaalll   dddaaa   AAAEEERRRAAA,,,   ooo   qqquuueee   pppooossssssiiibbbiiillliiitttaaarrr\u00e1\u00e1\u00e1   \u00e0\u00e0\u00e0   eeennntttiiidddaaadddeee   ooo   aaaccceeessssssooo   aaa   nnnooovvvaaasss   fffooonnnttteeesss   dddeee   aaapppoooiiiooo   eee<br \/>\nfffooommmeeennntttooo,,,   fffooorrrtttaaallleeeccceeennndddooo   aaaiiinnndddaaa   mmmaaaiiisss   sssuuuaaasss   aaatttiiivvviiidddaaadddeeesss   sssoooccciiiaaaiiisss,,,   eeessspppooorrrtttiiivvvaaasss   eee   cccuuullltttuuurrraaaiiisss&#8230; <\/p>\n<p>Pal\u00e1cio Barriga-Verde<br \/>\nRua Dr. Jorge Luz Fontes, 310 &#8211; GGaabbinete206<br \/>\n88020-900 &#8211; Florian\u00f3polis \u2013 SC<br \/>\n(48) 3221.2650<br \/>\nffeerrnnaannddookkrreelllliinngg@@aalleesscc..sscc..ggoovv..bbrr  <\/p>\n<p>Pal\u00e1cio Barriga-Verde<br \/>\nRua Dr. Jorge Luz Fontes, 310 &#8211; GGaabbinete206<br \/>\n88020-900 &#8211; Florian\u00f3polis \u2013 SC<br \/>\n(48) 3221.2650<br \/>\nffeerrnnaannddookkrreelllliinngg@@aalleesscc..sscc..ggoovv..bbrr <\/article>\n<div style=\"text-align: center\">\n<div style=\"margin-bottom: 20px;\" class=\"et_pb_button_module_wrapper et_pb_button_5_tb_body_wrapper et_pb_button_alignment_center et_pb_module \">\n         <a class=\"et_pb_button et_pb_button_5_tb_body et_hover_enabled et_pb_bg_layout_dark\" style=\"width: 50%;background-color: black;\" href=\"https:\/\/app.legislapp.com.br\" target=\"_blank\" rel=\"noopener\">Visualizar completo na nossa plataforma (30 dias gr\u00e1tis)<\/a><\/p><\/div>\n<p>      <a href=\"https:\/\/play.google.com\/store\/apps\/details?id=br.com.legislapp\"><img decoding=\"async\" style=\"width: 15%; min-width: 130px;\" src=\"https:\/\/www.legislapp.com.br\/wp-content\/uploads\/google-play.png\"><\/a><br \/>\n      <a href=\"https:\/\/apps.apple.com\/us\/app\/legislapp\/id1568929859\"><img decoding=\"async\" style=\"width: 15%; min-width: 130px\" src=\"https:\/\/www.legislapp.com.br\/wp-content\/uploads\/apple-store.png\"><\/a>\n   <\/div>\n","protected":false},"excerpt":{"rendered":"<p>C\u00e2m. Legislativa de SC &#8211; Autoria de Fernando Krelling Declara de utilidade p\u00fablica a Associa\u00e7\u00e3o Esportiva e Cultural de Rio das Antas &#8211; AERA, e altera o Anexo \u00danico da Lei n\u00ba 18.278, de 2021, que &#8220;Consolida os atos normativos que concedem o T\u00edtulo de Utilidade P\u00fablica estadual no \u00e2mbito do Estado de Santa Catarina&#8221;. [&hellip;]<\/p>\n","protected":false},"author":1,"featured_media":0,"parent":0,"menu_order":0,"comment_status":"closed","ping_status":"closed","template":"page-template-blank.php","meta":{"_et_pb_use_builder":"","_et_pb_old_content":"","_et_gb_content_width":"1080","ngg_post_thumbnail":0,"footnotes":""},"class_list":["post-8862","page","type-page","status-publish","hentry"],"yoast_head":"<!-- This site is optimized with the Yoast SEO plugin v24.4 - https:\/\/yoast.com\/wordpress\/plugins\/seo\/ -->\n<title>PL.\/0357\/2025 - Fernando Krelling - Legislapp<\/title>\n<meta name=\"robots\" content=\"index, follow, max-snippet:-1, max-image-preview:large, max-video-preview:-1\" \/>\n<link rel=\"canonical\" href=\"https:\/\/www.legislapp.com.br\/index.php\/cam-legislativa-de-sc-pl-0357-2025-3\/\" \/>\n<meta property=\"og:locale\" content=\"pt_BR\" \/>\n<meta property=\"og:type\" content=\"article\" \/>\n<meta property=\"og:title\" content=\"PL.\/0357\/2025 - Fernando Krelling - Legislapp\" \/>\n<meta property=\"og:description\" content=\"C\u00e2m. Legislativa de SC &#8211; Autoria de Fernando Krelling Declara de utilidade p\u00fablica a Associa\u00e7\u00e3o Esportiva e Cultural de Rio das Antas &#8211; AERA, e altera o Anexo \u00danico da Lei n\u00ba 18.278, de 2021, que &#8220;Consolida os atos normativos que concedem o T\u00edtulo de Utilidade P\u00fablica estadual no \u00e2mbito do Estado de Santa Catarina&#8221;. [&hellip;]\" \/>\n<meta property=\"og:url\" content=\"https:\/\/www.legislapp.com.br\/index.php\/cam-legislativa-de-sc-pl-0357-2025-3\/\" \/>\n<meta property=\"og:site_name\" content=\"Legislapp\" \/>\n<meta property=\"article:publisher\" content=\"https:\/\/www.instagram.com\/legislapp\/\" \/>\n<meta property=\"og:image\" content=\"https:\/\/www.legislapp.com.br\/wp-content\/uploads\/google-play.png\" \/>\n<meta name=\"twitter:card\" content=\"summary_large_image\" \/>\n<meta name=\"twitter:label1\" content=\"Est. tempo de leitura\" \/>\n\t<meta name=\"twitter:data1\" content=\"3 minutos\" \/>\n<script type=\"application\/ld+json\" class=\"yoast-schema-graph\">{\"@context\":\"https:\/\/schema.org\",\"@graph\":[{\"@type\":\"WebPage\",\"@id\":\"https:\/\/www.legislapp.com.br\/index.php\/cam-legislativa-de-sc-pl-0357-2025-3\/\",\"url\":\"https:\/\/www.legislapp.com.br\/index.php\/cam-legislativa-de-sc-pl-0357-2025-3\/\",\"name\":\"PL.\/0357\/2025 - Fernando Krelling - Legislapp\",\"isPartOf\":{\"@id\":\"https:\/\/www.legislapp.com.br\/#website\"},\"primaryImageOfPage\":{\"@id\":\"https:\/\/www.legislapp.com.br\/index.php\/cam-legislativa-de-sc-pl-0357-2025-3\/#primaryimage\"},\"image\":{\"@id\":\"https:\/\/www.legislapp.com.br\/index.php\/cam-legislativa-de-sc-pl-0357-2025-3\/#primaryimage\"},\"thumbnailUrl\":\"https:\/\/www.legislapp.com.br\/wp-content\/uploads\/google-play.png\",\"datePublished\":\"2025-10-08T14:58:51+00:00\",\"breadcrumb\":{\"@id\":\"https:\/\/www.legislapp.com.br\/index.php\/cam-legislativa-de-sc-pl-0357-2025-3\/#breadcrumb\"},\"inLanguage\":\"pt-BR\",\"potentialAction\":[{\"@type\":\"ReadAction\",\"target\":[\"https:\/\/www.legislapp.com.br\/index.php\/cam-legislativa-de-sc-pl-0357-2025-3\/\"]}]},{\"@type\":\"ImageObject\",\"inLanguage\":\"pt-BR\",\"@id\":\"https:\/\/www.legislapp.com.br\/index.php\/cam-legislativa-de-sc-pl-0357-2025-3\/#primaryimage\",\"url\":\"https:\/\/www.legislapp.com.br\/wp-content\/uploads\/google-play.png\",\"contentUrl\":\"https:\/\/www.legislapp.com.br\/wp-content\/uploads\/google-play.png\",\"width\":564,\"height\":168},{\"@type\":\"BreadcrumbList\",\"@id\":\"https:\/\/www.legislapp.com.br\/index.php\/cam-legislativa-de-sc-pl-0357-2025-3\/#breadcrumb\",\"itemListElement\":[{\"@type\":\"ListItem\",\"position\":1,\"name\":\"In\u00edcio\",\"item\":\"https:\/\/www.legislapp.com.br\/\"},{\"@type\":\"ListItem\",\"position\":2,\"name\":\"PL.\/0357\/2025 &#8211; Fernando Krelling\"}]},{\"@type\":\"WebSite\",\"@id\":\"https:\/\/www.legislapp.com.br\/#website\",\"url\":\"https:\/\/www.legislapp.com.br\/\",\"name\":\"Legislapp\",\"description\":\"Intelig\u00eancia governamental em tempo real\",\"publisher\":{\"@id\":\"https:\/\/www.legislapp.com.br\/#organization\"},\"potentialAction\":[{\"@type\":\"SearchAction\",\"target\":{\"@type\":\"EntryPoint\",\"urlTemplate\":\"https:\/\/www.legislapp.com.br\/?s={search_term_string}\"},\"query-input\":{\"@type\":\"PropertyValueSpecification\",\"valueRequired\":true,\"valueName\":\"search_term_string\"}}],\"inLanguage\":\"pt-BR\"},{\"@type\":\"Organization\",\"@id\":\"https:\/\/www.legislapp.com.br\/#organization\",\"name\":\"Legislapp Monitoramento e Intelig\u00eancia Governamental\",\"url\":\"https:\/\/www.legislapp.com.br\/\",\"logo\":{\"@type\":\"ImageObject\",\"inLanguage\":\"pt-BR\",\"@id\":\"https:\/\/www.legislapp.com.br\/#\/schema\/logo\/image\/\",\"url\":\"https:\/\/www.legislapp.com.br\/wp-content\/uploads\/icon.png\",\"contentUrl\":\"https:\/\/www.legislapp.com.br\/wp-content\/uploads\/icon.png\",\"width\":1024,\"height\":1024,\"caption\":\"Legislapp Monitoramento e Intelig\u00eancia Governamental\"},\"image\":{\"@id\":\"https:\/\/www.legislapp.com.br\/#\/schema\/logo\/image\/\"},\"sameAs\":[\"https:\/\/www.instagram.com\/legislapp\/\"]}]}<\/script>\n<!-- \/ Yoast SEO plugin. -->","yoast_head_json":{"title":"PL.\/0357\/2025 - Fernando Krelling - Legislapp","robots":{"index":"index","follow":"follow","max-snippet":"max-snippet:-1","max-image-preview":"max-image-preview:large","max-video-preview":"max-video-preview:-1"},"canonical":"https:\/\/www.legislapp.com.br\/index.php\/cam-legislativa-de-sc-pl-0357-2025-3\/","og_locale":"pt_BR","og_type":"article","og_title":"PL.\/0357\/2025 - Fernando Krelling - Legislapp","og_description":"C\u00e2m. Legislativa de SC &#8211; Autoria de Fernando Krelling Declara de utilidade p\u00fablica a Associa\u00e7\u00e3o Esportiva e Cultural de Rio das Antas &#8211; AERA, e altera o Anexo \u00danico da Lei n\u00ba 18.278, de 2021, que &#8220;Consolida os atos normativos que concedem o T\u00edtulo de Utilidade P\u00fablica estadual no \u00e2mbito do Estado de Santa Catarina&#8221;. [&hellip;]","og_url":"https:\/\/www.legislapp.com.br\/index.php\/cam-legislativa-de-sc-pl-0357-2025-3\/","og_site_name":"Legislapp","article_publisher":"https:\/\/www.instagram.com\/legislapp\/","og_image":[{"url":"https:\/\/www.legislapp.com.br\/wp-content\/uploads\/google-play.png","type":"","width":"","height":""}],"twitter_card":"summary_large_image","twitter_misc":{"Est. tempo de leitura":"3 minutos"},"schema":{"@context":"https:\/\/schema.org","@graph":[{"@type":"WebPage","@id":"https:\/\/www.legislapp.com.br\/index.php\/cam-legislativa-de-sc-pl-0357-2025-3\/","url":"https:\/\/www.legislapp.com.br\/index.php\/cam-legislativa-de-sc-pl-0357-2025-3\/","name":"PL.\/0357\/2025 - Fernando Krelling - Legislapp","isPartOf":{"@id":"https:\/\/www.legislapp.com.br\/#website"},"primaryImageOfPage":{"@id":"https:\/\/www.legislapp.com.br\/index.php\/cam-legislativa-de-sc-pl-0357-2025-3\/#primaryimage"},"image":{"@id":"https:\/\/www.legislapp.com.br\/index.php\/cam-legislativa-de-sc-pl-0357-2025-3\/#primaryimage"},"thumbnailUrl":"https:\/\/www.legislapp.com.br\/wp-content\/uploads\/google-play.png","datePublished":"2025-10-08T14:58:51+00:00","breadcrumb":{"@id":"https:\/\/www.legislapp.com.br\/index.php\/cam-legislativa-de-sc-pl-0357-2025-3\/#breadcrumb"},"inLanguage":"pt-BR","potentialAction":[{"@type":"ReadAction","target":["https:\/\/www.legislapp.com.br\/index.php\/cam-legislativa-de-sc-pl-0357-2025-3\/"]}]},{"@type":"ImageObject","inLanguage":"pt-BR","@id":"https:\/\/www.legislapp.com.br\/index.php\/cam-legislativa-de-sc-pl-0357-2025-3\/#primaryimage","url":"https:\/\/www.legislapp.com.br\/wp-content\/uploads\/google-play.png","contentUrl":"https:\/\/www.legislapp.com.br\/wp-content\/uploads\/google-play.png","width":564,"height":168},{"@type":"BreadcrumbList","@id":"https:\/\/www.legislapp.com.br\/index.php\/cam-legislativa-de-sc-pl-0357-2025-3\/#breadcrumb","itemListElement":[{"@type":"ListItem","position":1,"name":"In\u00edcio","item":"https:\/\/www.legislapp.com.br\/"},{"@type":"ListItem","position":2,"name":"PL.\/0357\/2025 &#8211; Fernando Krelling"}]},{"@type":"WebSite","@id":"https:\/\/www.legislapp.com.br\/#website","url":"https:\/\/www.legislapp.com.br\/","name":"Legislapp","description":"Intelig\u00eancia governamental em tempo real","publisher":{"@id":"https:\/\/www.legislapp.com.br\/#organization"},"potentialAction":[{"@type":"SearchAction","target":{"@type":"EntryPoint","urlTemplate":"https:\/\/www.legislapp.com.br\/?s={search_term_string}"},"query-input":{"@type":"PropertyValueSpecification","valueRequired":true,"valueName":"search_term_string"}}],"inLanguage":"pt-BR"},{"@type":"Organization","@id":"https:\/\/www.legislapp.com.br\/#organization","name":"Legislapp Monitoramento e Intelig\u00eancia Governamental","url":"https:\/\/www.legislapp.com.br\/","logo":{"@type":"ImageObject","inLanguage":"pt-BR","@id":"https:\/\/www.legislapp.com.br\/#\/schema\/logo\/image\/","url":"https:\/\/www.legislapp.com.br\/wp-content\/uploads\/icon.png","contentUrl":"https:\/\/www.legislapp.com.br\/wp-content\/uploads\/icon.png","width":1024,"height":1024,"caption":"Legislapp Monitoramento e Intelig\u00eancia Governamental"},"image":{"@id":"https:\/\/www.legislapp.com.br\/#\/schema\/logo\/image\/"},"sameAs":["https:\/\/www.instagram.com\/legislapp\/"]}]}},"_links":{"self":[{"href":"https:\/\/www.legislapp.com.br\/index.php\/wp-json\/wp\/v2\/pages\/8862","targetHints":{"allow":["GET"]}}],"collection":[{"href":"https:\/\/www.legislapp.com.br\/index.php\/wp-json\/wp\/v2\/pages"}],"about":[{"href":"https:\/\/www.legislapp.com.br\/index.php\/wp-json\/wp\/v2\/types\/page"}],"author":[{"embeddable":true,"href":"https:\/\/www.legislapp.com.br\/index.php\/wp-json\/wp\/v2\/users\/1"}],"replies":[{"embeddable":true,"href":"https:\/\/www.legislapp.com.br\/index.php\/wp-json\/wp\/v2\/comments?post=8862"}],"version-history":[{"count":0,"href":"https:\/\/www.legislapp.com.br\/index.php\/wp-json\/wp\/v2\/pages\/8862\/revisions"}],"wp:attachment":[{"href":"https:\/\/www.legislapp.com.br\/index.php\/wp-json\/wp\/v2\/media?parent=8862"}],"curies":[{"name":"wp","href":"https:\/\/api.w.org\/{rel}","templated":true}]}}