{"id":8921,"date":"2025-10-08T12:02:32","date_gmt":"2025-10-08T15:02:32","guid":{"rendered":"https:\/\/www.legislapp.com.br\/index.php\/cam-legislativa-de-mg-pl-3866-2025-3\/"},"modified":"2025-10-08T12:02:32","modified_gmt":"2025-10-08T15:02:32","slug":"cam-legislativa-de-mg-pl-3866-2025-3","status":"publish","type":"page","link":"https:\/\/www.legislapp.com.br\/index.php\/cam-legislativa-de-mg-pl-3866-2025-3\/","title":{"rendered":"PL 3866\/2025 &#8211; Deputados"},"content":{"rendered":"<h1 style='text-align: center;'>C\u00e2m. Legislativa de MG &#8211; Autoria de Deputados<\/h3>\n<p><\/p>\n<article style='text-align: center'>Reconhece como de relevante interesse ambiental, paisag\u00edstico e cultural<br \/>\ndo Estado\u00a0a Cachoeira do Ribeir\u00e3o On\u00e7a, localizada no Munic\u00edpio de Belo<br \/>\nHorizonte.<\/article>\n<p><\/p>\n<p style='text-align: center'><a href='https:\/\/app.legislapp.com.br\/#\/busca?termo='><\/a><\/p>\n<p><\/p>\n<article>Reconhece o relevante interesse ambiental, paisag\u00edstico e cultural da Cachoeira do Ribeir\u00e3o On\u00e7a, localizada no Munic\u00edpio de Belo Horizonte, para o Estado de Minas Gerais.<br \/>\nA Assembleia Legislativa do Estado de Minas Gerais decreta:<br \/>\nArt. 1\u00ba \u2013 Fica reconhecido, nos termos da Lei n\u00ba 24.219, de 15 de julho de 2022, o relevante interesse ambiental, paisag\u00edstico e cultural da Cachoeira do Ribeir\u00e3o On\u00e7a, localizada no Munic\u00edpio de Belo Horizonte, para o Estado de Minas Gerais.<br \/>\nArt. 2\u00ba \u2013 O reconhecimento de que trata esta lei, conforme disp\u00f5e o art. 2\u00ba da Lei n\u00ba 24.219, de 2022, tem por objetivo valorizar bens, express\u00f5es e manifesta\u00e7\u00f5es culturais dos diferentes grupos formadores da sociedade mineira.<br \/>\nArt. 3\u00ba \u2013 Esta lei entra em vigor na data de sua publica\u00e7\u00e3o.<br \/>\nSala das Reuni\u00f5es, 28 de maio de 2025.<br \/>\nBella Gon\u00e7alves (Psol), presidenta da Comiss\u00e3o de Direitos Humanos.<br \/>\nJustifica\u00e7\u00e3o: A Cachoeira do Ribeir\u00e3o On\u00e7a, localizada no bairro Novo Aar\u00e3o Reis, na divisa da regi\u00e3o Norte e Nordeste de Belo Horizonte, possui 31m de queda vertical e \u00e9 considerada a maior cachoeira do Brasil localizada em uma capital. Ela est\u00e1 a apenas 10km da Pra\u00e7a 7 de Setembro, no hipercentro de Belo Horizonte, mas n\u00e3o consta dentre as atra\u00e7\u00f5es da capital, tampouco \u00e9 reconhecido o seu real valor ambiental, paisag\u00edstico e cultural.<br \/>\nO conjunto composto pela Cachoeira possui prainhas de areia branca, entrecortadas por um riacho sinuoso e repleto de corredeiras. Lamentavelmente as \u00e1guas est\u00e3o polu\u00eddas, embora pr\u00f3ximo ao local haja a uma das maiores esta\u00e7\u00f5es de tratamento de esgoto da Am\u00e9rica Latina, a Esta\u00e7\u00e3o de Tratamento de Esgoto do Ribeir\u00e3o On\u00e7a \u2013 ETE On\u00e7a.<br \/>\nPor solicita\u00e7\u00e3o do Conselho Comunit\u00e1rio Unidos Pelo Ribeiro de Abreu \u2013 Comupra \u2013 e do movimento Deixem o On\u00e7a Beber \u00c1gua Limpa, foi desenvolvido pela Prefeitura de Belo Horizonte \u2013 PBH \u2013 projeto do Parque Ciliar Comunit\u00e1rio do Ribeir\u00e3o On\u00e7a no trecho situado ao longo de aproximadamente 6 quil\u00f4metros de extens\u00e3o do leito natural do Ribeir\u00e3o On\u00e7a, da Cachoeira do Ribeir\u00e3o On\u00e7a at\u00e9 as proximidades da ETE On\u00e7a. Trata-se de uma proposi\u00e7\u00e3o contempor\u00e2nea de parque, em que o leito do rio \u00e9 respeitado e circundado por \u00e1reas verdes e de lazer.<br \/>\nA Prefeitura realiza atualmente a primeira parte da constru\u00e7\u00e3o do parque, com a realoca\u00e7\u00e3o das fam\u00edlias moradores da mancha de inunda\u00e7\u00e3o. No entanto, os passos seguintes para transforma\u00e7\u00e3o em parque ocorrem muitas vezes de maneira lenta, deixando \u00e1reas degradadas em torno do Ribeir\u00e3o On\u00e7a. Um projeto de extens\u00e3o da Escola de Arquitetura da UFMG, junto ao Comupra, \u00e0 comunidade, e \u00e0 PBH, tem atuado para transformar esses espa\u00e7os transit\u00f3rios em \u00e1reas de lazer e recrea\u00e7\u00e3o, por meio de a\u00e7\u00f5es em mutir\u00e3o.<br \/>\nA cachoeira, no entanto, apesar de degradada pela polui\u00e7\u00e3o, apresenta um grande potencial para se tornar uma importante \u00e1rea de lazer e visita\u00e7\u00e3o, em virtude de sua relev\u00e2ncia ambiental, cultural e paisag\u00edstica. Em tempos de emerg\u00eancia clim\u00e1tica, em que houve o aumento da temperatura m\u00e9dia de Belo Horizonte ocasionando ondas de calor frequentes, afetando a popula\u00e7\u00e3o da cidade, o reconhecimento do valor da Cachoeira do Ribeir\u00e3o On\u00e7a pode contribuir para que se desenvolvam a\u00e7\u00f5es capazes de recuperar esse bem p\u00fablico, contribuindo assim para a transforma\u00e7\u00e3o sustent\u00e1vel da cidade de Belo Horizonte.<br \/>\nSobreleva real\u00e7ar que a regi\u00e3o possui diversas articula\u00e7\u00f5es comunit\u00e1rias feitas pelo Conselho Comunit\u00e1rio Unidos Pelo Ribeiro de Abreu \u2013 Comupra \u2013 e pelo Movimento Deixem o On\u00e7a Beber \u00c1gua Limpa que buscam a preserva\u00e7\u00e3o e requalifica\u00e7\u00e3o socioambiental da regi\u00e3o e que caracterizam a forma\u00e7\u00e3o hist\u00f3rica de uma identidade cultural que merece reconhecimento pela defesa do patrim\u00f4nio socioambiental mineiro.<br \/>\nPor todo o exposto, \u00e9 imprescind\u00edvel que esta Casa Legislativa reconhe\u00e7a a Cachoeira do Ribeir\u00e3o On\u00e7a como de relevante interesse ambiental, paisag\u00edstico e cultural do Estado, raz\u00e3o pela qual pe\u00e7o o apoio dos nobres Deputados e Deputadas.<br \/>\n\u2013 Publicado, vai o projeto \u00e0s Comiss\u00f5es de Justi\u00e7a, de Meio Ambiente e de Cultura para parecer, nos termos do art. 188, c\/c o art. 102, do Regimento Interno.<\/article>\n<div style=\"text-align: center\">\n<div style=\"margin-bottom: 20px;\" class=\"et_pb_button_module_wrapper et_pb_button_5_tb_body_wrapper et_pb_button_alignment_center et_pb_module \">\n         <a class=\"et_pb_button et_pb_button_5_tb_body et_hover_enabled et_pb_bg_layout_dark\" style=\"width: 50%;background-color: black;\" href=\"https:\/\/app.legislapp.com.br\" target=\"_blank\" rel=\"noopener\">Visualizar completo na nossa plataforma (30 dias gr\u00e1tis)<\/a><\/p><\/div>\n<p>      <a href=\"https:\/\/play.google.com\/store\/apps\/details?id=br.com.legislapp\"><img decoding=\"async\" style=\"width: 15%; min-width: 130px;\" src=\"https:\/\/www.legislapp.com.br\/wp-content\/uploads\/google-play.png\"><\/a><br \/>\n      <a href=\"https:\/\/apps.apple.com\/us\/app\/legislapp\/id1568929859\"><img decoding=\"async\" style=\"width: 15%; min-width: 130px\" src=\"https:\/\/www.legislapp.com.br\/wp-content\/uploads\/apple-store.png\"><\/a>\n   <\/div>\n","protected":false},"excerpt":{"rendered":"<p>C\u00e2m. Legislativa de MG &#8211; Autoria de Deputados Reconhece como de relevante interesse ambiental, paisag\u00edstico e cultural do Estado\u00a0a Cachoeira do Ribeir\u00e3o On\u00e7a, localizada no Munic\u00edpio de Belo Horizonte. Reconhece o relevante interesse ambiental, paisag\u00edstico e cultural da Cachoeira do Ribeir\u00e3o On\u00e7a, localizada no Munic\u00edpio de Belo Horizonte, para o Estado de Minas Gerais. A [&hellip;]<\/p>\n","protected":false},"author":1,"featured_media":0,"parent":0,"menu_order":0,"comment_status":"closed","ping_status":"closed","template":"page-template-blank.php","meta":{"_et_pb_use_builder":"","_et_pb_old_content":"","_et_gb_content_width":"1080","ngg_post_thumbnail":0,"footnotes":""},"class_list":["post-8921","page","type-page","status-publish","hentry"],"yoast_head":"<!-- This site is optimized with the Yoast SEO plugin v24.4 - https:\/\/yoast.com\/wordpress\/plugins\/seo\/ -->\n<title>PL 3866\/2025 - Deputados - Legislapp<\/title>\n<meta name=\"robots\" content=\"index, follow, max-snippet:-1, max-image-preview:large, max-video-preview:-1\" \/>\n<link rel=\"canonical\" href=\"https:\/\/www.legislapp.com.br\/index.php\/cam-legislativa-de-mg-pl-3866-2025-3\/\" \/>\n<meta property=\"og:locale\" content=\"pt_BR\" \/>\n<meta property=\"og:type\" content=\"article\" \/>\n<meta property=\"og:title\" content=\"PL 3866\/2025 - Deputados - Legislapp\" \/>\n<meta property=\"og:description\" content=\"C\u00e2m. Legislativa de MG &#8211; Autoria de Deputados Reconhece como de relevante interesse ambiental, paisag\u00edstico e cultural do Estado\u00a0a Cachoeira do Ribeir\u00e3o On\u00e7a, localizada no Munic\u00edpio de Belo Horizonte. Reconhece o relevante interesse ambiental, paisag\u00edstico e cultural da Cachoeira do Ribeir\u00e3o On\u00e7a, localizada no Munic\u00edpio de Belo Horizonte, para o Estado de Minas Gerais. A [&hellip;]\" \/>\n<meta property=\"og:url\" content=\"https:\/\/www.legislapp.com.br\/index.php\/cam-legislativa-de-mg-pl-3866-2025-3\/\" \/>\n<meta property=\"og:site_name\" content=\"Legislapp\" \/>\n<meta property=\"article:publisher\" content=\"https:\/\/www.instagram.com\/legislapp\/\" \/>\n<meta property=\"og:image\" content=\"https:\/\/www.legislapp.com.br\/wp-content\/uploads\/google-play.png\" \/>\n<meta name=\"twitter:card\" content=\"summary_large_image\" \/>\n<meta name=\"twitter:label1\" content=\"Est. tempo de leitura\" \/>\n\t<meta name=\"twitter:data1\" content=\"4 minutos\" \/>\n<script type=\"application\/ld+json\" class=\"yoast-schema-graph\">{\"@context\":\"https:\/\/schema.org\",\"@graph\":[{\"@type\":\"WebPage\",\"@id\":\"https:\/\/www.legislapp.com.br\/index.php\/cam-legislativa-de-mg-pl-3866-2025-3\/\",\"url\":\"https:\/\/www.legislapp.com.br\/index.php\/cam-legislativa-de-mg-pl-3866-2025-3\/\",\"name\":\"PL 3866\/2025 - Deputados - Legislapp\",\"isPartOf\":{\"@id\":\"https:\/\/www.legislapp.com.br\/#website\"},\"primaryImageOfPage\":{\"@id\":\"https:\/\/www.legislapp.com.br\/index.php\/cam-legislativa-de-mg-pl-3866-2025-3\/#primaryimage\"},\"image\":{\"@id\":\"https:\/\/www.legislapp.com.br\/index.php\/cam-legislativa-de-mg-pl-3866-2025-3\/#primaryimage\"},\"thumbnailUrl\":\"https:\/\/www.legislapp.com.br\/wp-content\/uploads\/google-play.png\",\"datePublished\":\"2025-10-08T15:02:32+00:00\",\"breadcrumb\":{\"@id\":\"https:\/\/www.legislapp.com.br\/index.php\/cam-legislativa-de-mg-pl-3866-2025-3\/#breadcrumb\"},\"inLanguage\":\"pt-BR\",\"potentialAction\":[{\"@type\":\"ReadAction\",\"target\":[\"https:\/\/www.legislapp.com.br\/index.php\/cam-legislativa-de-mg-pl-3866-2025-3\/\"]}]},{\"@type\":\"ImageObject\",\"inLanguage\":\"pt-BR\",\"@id\":\"https:\/\/www.legislapp.com.br\/index.php\/cam-legislativa-de-mg-pl-3866-2025-3\/#primaryimage\",\"url\":\"https:\/\/www.legislapp.com.br\/wp-content\/uploads\/google-play.png\",\"contentUrl\":\"https:\/\/www.legislapp.com.br\/wp-content\/uploads\/google-play.png\",\"width\":564,\"height\":168},{\"@type\":\"BreadcrumbList\",\"@id\":\"https:\/\/www.legislapp.com.br\/index.php\/cam-legislativa-de-mg-pl-3866-2025-3\/#breadcrumb\",\"itemListElement\":[{\"@type\":\"ListItem\",\"position\":1,\"name\":\"In\u00edcio\",\"item\":\"https:\/\/www.legislapp.com.br\/\"},{\"@type\":\"ListItem\",\"position\":2,\"name\":\"PL 3866\/2025 &#8211; Deputados\"}]},{\"@type\":\"WebSite\",\"@id\":\"https:\/\/www.legislapp.com.br\/#website\",\"url\":\"https:\/\/www.legislapp.com.br\/\",\"name\":\"Legislapp\",\"description\":\"Intelig\u00eancia governamental em tempo real\",\"publisher\":{\"@id\":\"https:\/\/www.legislapp.com.br\/#organization\"},\"potentialAction\":[{\"@type\":\"SearchAction\",\"target\":{\"@type\":\"EntryPoint\",\"urlTemplate\":\"https:\/\/www.legislapp.com.br\/?s={search_term_string}\"},\"query-input\":{\"@type\":\"PropertyValueSpecification\",\"valueRequired\":true,\"valueName\":\"search_term_string\"}}],\"inLanguage\":\"pt-BR\"},{\"@type\":\"Organization\",\"@id\":\"https:\/\/www.legislapp.com.br\/#organization\",\"name\":\"Legislapp Monitoramento e Intelig\u00eancia Governamental\",\"url\":\"https:\/\/www.legislapp.com.br\/\",\"logo\":{\"@type\":\"ImageObject\",\"inLanguage\":\"pt-BR\",\"@id\":\"https:\/\/www.legislapp.com.br\/#\/schema\/logo\/image\/\",\"url\":\"https:\/\/www.legislapp.com.br\/wp-content\/uploads\/icon.png\",\"contentUrl\":\"https:\/\/www.legislapp.com.br\/wp-content\/uploads\/icon.png\",\"width\":1024,\"height\":1024,\"caption\":\"Legislapp Monitoramento e Intelig\u00eancia Governamental\"},\"image\":{\"@id\":\"https:\/\/www.legislapp.com.br\/#\/schema\/logo\/image\/\"},\"sameAs\":[\"https:\/\/www.instagram.com\/legislapp\/\"]}]}<\/script>\n<!-- \/ Yoast SEO plugin. -->","yoast_head_json":{"title":"PL 3866\/2025 - Deputados - Legislapp","robots":{"index":"index","follow":"follow","max-snippet":"max-snippet:-1","max-image-preview":"max-image-preview:large","max-video-preview":"max-video-preview:-1"},"canonical":"https:\/\/www.legislapp.com.br\/index.php\/cam-legislativa-de-mg-pl-3866-2025-3\/","og_locale":"pt_BR","og_type":"article","og_title":"PL 3866\/2025 - Deputados - Legislapp","og_description":"C\u00e2m. Legislativa de MG &#8211; Autoria de Deputados Reconhece como de relevante interesse ambiental, paisag\u00edstico e cultural do Estado\u00a0a Cachoeira do Ribeir\u00e3o On\u00e7a, localizada no Munic\u00edpio de Belo Horizonte. Reconhece o relevante interesse ambiental, paisag\u00edstico e cultural da Cachoeira do Ribeir\u00e3o On\u00e7a, localizada no Munic\u00edpio de Belo Horizonte, para o Estado de Minas Gerais. A [&hellip;]","og_url":"https:\/\/www.legislapp.com.br\/index.php\/cam-legislativa-de-mg-pl-3866-2025-3\/","og_site_name":"Legislapp","article_publisher":"https:\/\/www.instagram.com\/legislapp\/","og_image":[{"url":"https:\/\/www.legislapp.com.br\/wp-content\/uploads\/google-play.png","type":"","width":"","height":""}],"twitter_card":"summary_large_image","twitter_misc":{"Est. tempo de leitura":"4 minutos"},"schema":{"@context":"https:\/\/schema.org","@graph":[{"@type":"WebPage","@id":"https:\/\/www.legislapp.com.br\/index.php\/cam-legislativa-de-mg-pl-3866-2025-3\/","url":"https:\/\/www.legislapp.com.br\/index.php\/cam-legislativa-de-mg-pl-3866-2025-3\/","name":"PL 3866\/2025 - Deputados - Legislapp","isPartOf":{"@id":"https:\/\/www.legislapp.com.br\/#website"},"primaryImageOfPage":{"@id":"https:\/\/www.legislapp.com.br\/index.php\/cam-legislativa-de-mg-pl-3866-2025-3\/#primaryimage"},"image":{"@id":"https:\/\/www.legislapp.com.br\/index.php\/cam-legislativa-de-mg-pl-3866-2025-3\/#primaryimage"},"thumbnailUrl":"https:\/\/www.legislapp.com.br\/wp-content\/uploads\/google-play.png","datePublished":"2025-10-08T15:02:32+00:00","breadcrumb":{"@id":"https:\/\/www.legislapp.com.br\/index.php\/cam-legislativa-de-mg-pl-3866-2025-3\/#breadcrumb"},"inLanguage":"pt-BR","potentialAction":[{"@type":"ReadAction","target":["https:\/\/www.legislapp.com.br\/index.php\/cam-legislativa-de-mg-pl-3866-2025-3\/"]}]},{"@type":"ImageObject","inLanguage":"pt-BR","@id":"https:\/\/www.legislapp.com.br\/index.php\/cam-legislativa-de-mg-pl-3866-2025-3\/#primaryimage","url":"https:\/\/www.legislapp.com.br\/wp-content\/uploads\/google-play.png","contentUrl":"https:\/\/www.legislapp.com.br\/wp-content\/uploads\/google-play.png","width":564,"height":168},{"@type":"BreadcrumbList","@id":"https:\/\/www.legislapp.com.br\/index.php\/cam-legislativa-de-mg-pl-3866-2025-3\/#breadcrumb","itemListElement":[{"@type":"ListItem","position":1,"name":"In\u00edcio","item":"https:\/\/www.legislapp.com.br\/"},{"@type":"ListItem","position":2,"name":"PL 3866\/2025 &#8211; Deputados"}]},{"@type":"WebSite","@id":"https:\/\/www.legislapp.com.br\/#website","url":"https:\/\/www.legislapp.com.br\/","name":"Legislapp","description":"Intelig\u00eancia governamental em tempo real","publisher":{"@id":"https:\/\/www.legislapp.com.br\/#organization"},"potentialAction":[{"@type":"SearchAction","target":{"@type":"EntryPoint","urlTemplate":"https:\/\/www.legislapp.com.br\/?s={search_term_string}"},"query-input":{"@type":"PropertyValueSpecification","valueRequired":true,"valueName":"search_term_string"}}],"inLanguage":"pt-BR"},{"@type":"Organization","@id":"https:\/\/www.legislapp.com.br\/#organization","name":"Legislapp Monitoramento e Intelig\u00eancia Governamental","url":"https:\/\/www.legislapp.com.br\/","logo":{"@type":"ImageObject","inLanguage":"pt-BR","@id":"https:\/\/www.legislapp.com.br\/#\/schema\/logo\/image\/","url":"https:\/\/www.legislapp.com.br\/wp-content\/uploads\/icon.png","contentUrl":"https:\/\/www.legislapp.com.br\/wp-content\/uploads\/icon.png","width":1024,"height":1024,"caption":"Legislapp Monitoramento e Intelig\u00eancia Governamental"},"image":{"@id":"https:\/\/www.legislapp.com.br\/#\/schema\/logo\/image\/"},"sameAs":["https:\/\/www.instagram.com\/legislapp\/"]}]}},"_links":{"self":[{"href":"https:\/\/www.legislapp.com.br\/index.php\/wp-json\/wp\/v2\/pages\/8921","targetHints":{"allow":["GET"]}}],"collection":[{"href":"https:\/\/www.legislapp.com.br\/index.php\/wp-json\/wp\/v2\/pages"}],"about":[{"href":"https:\/\/www.legislapp.com.br\/index.php\/wp-json\/wp\/v2\/types\/page"}],"author":[{"embeddable":true,"href":"https:\/\/www.legislapp.com.br\/index.php\/wp-json\/wp\/v2\/users\/1"}],"replies":[{"embeddable":true,"href":"https:\/\/www.legislapp.com.br\/index.php\/wp-json\/wp\/v2\/comments?post=8921"}],"version-history":[{"count":0,"href":"https:\/\/www.legislapp.com.br\/index.php\/wp-json\/wp\/v2\/pages\/8921\/revisions"}],"wp:attachment":[{"href":"https:\/\/www.legislapp.com.br\/index.php\/wp-json\/wp\/v2\/media?parent=8921"}],"curies":[{"name":"wp","href":"https:\/\/api.w.org\/{rel}","templated":true}]}}