{"id":8995,"date":"2025-10-08T12:06:54","date_gmt":"2025-10-08T15:06:54","guid":{"rendered":"https:\/\/www.legislapp.com.br\/index.php\/cam-legislativa-de-mg-pl-3802-2025-3\/"},"modified":"2025-10-08T12:06:54","modified_gmt":"2025-10-08T15:06:54","slug":"cam-legislativa-de-mg-pl-3802-2025-3","status":"publish","type":"page","link":"https:\/\/www.legislapp.com.br\/index.php\/cam-legislativa-de-mg-pl-3802-2025-3\/","title":{"rendered":"PL 3802\/2025 &#8211; Deputados"},"content":{"rendered":"<h1 style='text-align: center;'>C\u00e2m. Legislativa de MG &#8211; Autoria de Deputados<\/h3>\n<p><\/p>\n<article style='text-align: center'>Institui a certifica\u00e7\u00e3o social das entidades beneficentes para a<br \/>\nrealiza\u00e7\u00e3o de bingos em eventos comunit\u00e1rios.<\/article>\n<p><\/p>\n<p style='text-align: center'><a href='https:\/\/app.legislapp.com.br\/#\/busca?termo='><\/a><\/p>\n<p><\/p>\n<article>Disp\u00f5e sobre a certifica\u00e7\u00e3o social conferida as entidades beneficentes para a realiza\u00e7\u00e3o de bingos em eventos comunit\u00e1rios e d\u00e1 outras provid\u00eancias.<br \/>\nA Assembleia Legislativa do Estado de Minas Gerais decreta:<br \/>\nArt. 1\u00ba \u2013 Fica institu\u00edda no \u00e2mbito do Estado de Minas Gerais a certifica\u00e7\u00e3o social para a promo\u00e7\u00e3o de eventos conferida \u00e0s entidades beneficentes comunit\u00e1rias, assistenciais, filantr\u00f3picas, religiosas e cong\u00eaneres.<br \/>\nPar\u00e1grafo \u00fanico \u2013 A certifica\u00e7\u00e3o estabelecida pelo caput ser\u00e1 conferida nos casos em que ocorrer a promo\u00e7\u00e3o dos eventos sociais beneficentes comunit\u00e1rios de bingos com cartelas, em car\u00e1ter eventual, que tenham a finalidade de ajuda, custeio, e manuten\u00e7\u00e3o das entidades ou de outros projetos de car\u00e1ter e vi\u00e9s social elevado.<br \/>\nArt. 2\u00ba \u2013 A certifica\u00e7\u00e3o social ter\u00e1 o prazo de dez anos e funcionar\u00e1 para dar conhecimento p\u00fablico a realiza\u00e7\u00e3o dos referidos eventos beneficentes comunit\u00e1rios de car\u00e1ter social, sem fins lucrativos e comerciais.<br \/>\nPar\u00e1grafo \u00fanico \u2013 A solicita\u00e7\u00e3o para expedi\u00e7\u00e3o do certificado social dever\u00e1 ser feita perante \u00e0 autoridade policial civil do respectivo munic\u00edpio onde ser\u00e1 realizado o evento beneficente, por meio de prova da apresenta\u00e7\u00e3o dos seguintes documentos:<br \/>\nI \u2013 identifica\u00e7\u00e3o da entidade beneficente organizadora por meio da apresenta\u00e7\u00e3o do CNPJ atualizado;<br \/>\nII \u2013 qualifica\u00e7\u00e3o do respons\u00e1vel com n\u00famero do CPF e comprova\u00e7\u00e3o de resid\u00eancia atualizada;<br \/>\nIII \u2013 estatuto social da entidade, de forma que demonstre que as suas atividades tenham o n\u00edtido car\u00e1ter de cunho social, beneficente e sem fins lucrativos ou comerciais;<br \/>\nIV \u2013 informa\u00e7\u00f5es gerais sobre o evento, o local e o objetivo do evento social beneficente comunit\u00e1rio a ser realizado.<br \/>\nArt. 3\u00ba \u2013 A apresenta\u00e7\u00e3o dos documentos listados no art.2\u00b0 desta lei, por parte das entidades beneficentes comunit\u00e1rias \u00e0 autoridade indicada, servir\u00e1 para esta, como cadastro de informa\u00e7\u00f5es que ficar\u00e1 armazenada nos seus arquivos.<br \/>\nArt. 4\u00ba \u2013 Esta lei entra em vigor na data de sua publica\u00e7\u00e3o.<br \/>\nSala das Reuni\u00f5es, 20 de maio de 2025.<br \/>\nAlencar da Silveira Jr. (PDT)<br \/>\nJustifica\u00e7\u00e3o: Apresento aos nobres pares, o Projeto de Lei que trata sobre a certifica\u00e7\u00e3o dos jogos de bingos beneficentes comunit\u00e1rios, organizados em car\u00e1ter eventual, pelas entidades de car\u00e1ter assistencial, filantr\u00f3picas, comunit\u00e1rias, religiosas e outras do mesmo g\u00eanero, sem fins lucrativos ou comerciais, no \u00e2mbito do territ\u00f3rio do Estado de Minas Gerais, sua condi\u00e7\u00e3o social, tendo como objetivo garantir a continuidade da promo\u00e7\u00e3o destes eventos sociais beneficentes comunit\u00e1rios.<br \/>\nQue os bingos beneficentes comunit\u00e1rios, realizados em car\u00e1ter eventual, inequivocamente, fazem parte do tra\u00e7o hist\u00f3rico-cultural da sociedade, sendo evento tradicional, h\u00e1 muito inserido no seio popular, \u00e9 uma realidade brasileira, socialmente aceita, com previs\u00e3o de possibilidade da realiza\u00e7\u00e3o, desde que sem fins comerciais ou lucrativos, e que tem importante apelo e cunho social, sem tra\u00e7o ou qualquer conota\u00e7\u00e3o de explora\u00e7\u00e3o comercial, portanto, n\u00e3o proibidos por lei, porquanto que ilicitudes dependem especificamente de previs\u00e3o legal expressa, o que n\u00e3o \u00e9 o caso em tela, pois, eventos que s\u00e3o abra\u00e7ados pela comunidade e organizados pelos respons\u00e1veis com o intuito de angariar recursos para institui\u00e7\u00f5es de caridade, t\u00e3o necess\u00e1rias \u00e0 manuten\u00e7\u00e3o de suas pr\u00f3prias estruturas ou para o custeio de obras sociais a que t\u00e3o bem se dedicam, al\u00e9m das demais iniciativas que visam t\u00e3o somente o atingimento de programas sociais e atividades beneficentes filantr\u00f3picas.<br \/>\nBingo beneficente comunit\u00e1rio \u00e9 a reuni\u00e3o de pessoas envolvidas com objetivos de al\u00e9m de organizar momentos de entretenimento e congra\u00e7amento, praticar por interm\u00e9dio de institui\u00e7\u00f5es de caridade, ajuda e aux\u00edlio ao pr\u00f3ximo, ao bem comum ou \u00e0 determinada causa social nobre, por fim, \u00e9 evento realizado em prol de alguma causa assistencial relevante e de elevado vi\u00e9s social.<br \/>\nNa convic\u00e7\u00e3o de poder ajudar de alguma forma com as entidades comunit\u00e1rias beneficentes filantr\u00f3picas, para que elas possam seguir na sua relevante miss\u00e3o e fun\u00e7\u00e3o social de atuar tamb\u00e9m, por meio da promo\u00e7\u00e3o, em car\u00e1ter eventual, de bingos comunit\u00e1rios beneficentes e, com base nos demais motivos acima, entendemos que a iniciativa possui not\u00f3rio interesse p\u00fablico, momento em que esperamos contar com o apoio dos nobres colegas Parlamentares para sua tramita\u00e7\u00e3o.<br \/>\n\u2013 Publicado, vai o projeto \u00e0s Comiss\u00f5es de Justi\u00e7a, de Transporte e de Seguran\u00e7a P\u00fablica para parecer, nos termos do art. 188, c\/c o art. 102, do Regimento Interno.<\/article>\n<div style=\"text-align: center\">\n<div style=\"margin-bottom: 20px;\" class=\"et_pb_button_module_wrapper et_pb_button_5_tb_body_wrapper et_pb_button_alignment_center et_pb_module \">\n         <a class=\"et_pb_button et_pb_button_5_tb_body et_hover_enabled et_pb_bg_layout_dark\" style=\"width: 50%;background-color: black;\" href=\"https:\/\/app.legislapp.com.br\" target=\"_blank\" rel=\"noopener\">Visualizar completo na nossa plataforma (30 dias gr\u00e1tis)<\/a><\/p><\/div>\n<p>      <a href=\"https:\/\/play.google.com\/store\/apps\/details?id=br.com.legislapp\"><img decoding=\"async\" style=\"width: 15%; min-width: 130px;\" src=\"https:\/\/www.legislapp.com.br\/wp-content\/uploads\/google-play.png\"><\/a><br \/>\n      <a href=\"https:\/\/apps.apple.com\/us\/app\/legislapp\/id1568929859\"><img decoding=\"async\" style=\"width: 15%; min-width: 130px\" src=\"https:\/\/www.legislapp.com.br\/wp-content\/uploads\/apple-store.png\"><\/a>\n   <\/div>\n","protected":false},"excerpt":{"rendered":"<p>C\u00e2m. Legislativa de MG &#8211; Autoria de Deputados Institui a certifica\u00e7\u00e3o social das entidades beneficentes para a realiza\u00e7\u00e3o de bingos em eventos comunit\u00e1rios. Disp\u00f5e sobre a certifica\u00e7\u00e3o social conferida as entidades beneficentes para a realiza\u00e7\u00e3o de bingos em eventos comunit\u00e1rios e d\u00e1 outras provid\u00eancias. A Assembleia Legislativa do Estado de Minas Gerais decreta: Art. 1\u00ba [&hellip;]<\/p>\n","protected":false},"author":1,"featured_media":0,"parent":0,"menu_order":0,"comment_status":"closed","ping_status":"closed","template":"page-template-blank.php","meta":{"_et_pb_use_builder":"","_et_pb_old_content":"","_et_gb_content_width":"1080","ngg_post_thumbnail":0,"footnotes":""},"class_list":["post-8995","page","type-page","status-publish","hentry"],"yoast_head":"<!-- This site is optimized with the Yoast SEO plugin v24.4 - https:\/\/yoast.com\/wordpress\/plugins\/seo\/ -->\n<title>PL 3802\/2025 - Deputados - Legislapp<\/title>\n<meta name=\"robots\" content=\"index, follow, max-snippet:-1, max-image-preview:large, max-video-preview:-1\" \/>\n<link rel=\"canonical\" href=\"https:\/\/www.legislapp.com.br\/index.php\/cam-legislativa-de-mg-pl-3802-2025-3\/\" \/>\n<meta property=\"og:locale\" content=\"pt_BR\" \/>\n<meta property=\"og:type\" content=\"article\" \/>\n<meta property=\"og:title\" content=\"PL 3802\/2025 - Deputados - Legislapp\" \/>\n<meta property=\"og:description\" content=\"C\u00e2m. Legislativa de MG &#8211; Autoria de Deputados Institui a certifica\u00e7\u00e3o social das entidades beneficentes para a realiza\u00e7\u00e3o de bingos em eventos comunit\u00e1rios. Disp\u00f5e sobre a certifica\u00e7\u00e3o social conferida as entidades beneficentes para a realiza\u00e7\u00e3o de bingos em eventos comunit\u00e1rios e d\u00e1 outras provid\u00eancias. A Assembleia Legislativa do Estado de Minas Gerais decreta: Art. 1\u00ba [&hellip;]\" \/>\n<meta property=\"og:url\" content=\"https:\/\/www.legislapp.com.br\/index.php\/cam-legislativa-de-mg-pl-3802-2025-3\/\" \/>\n<meta property=\"og:site_name\" content=\"Legislapp\" \/>\n<meta property=\"article:publisher\" content=\"https:\/\/www.instagram.com\/legislapp\/\" \/>\n<meta property=\"og:image\" content=\"https:\/\/www.legislapp.com.br\/wp-content\/uploads\/google-play.png\" \/>\n<meta name=\"twitter:card\" content=\"summary_large_image\" \/>\n<meta name=\"twitter:label1\" content=\"Est. tempo de leitura\" \/>\n\t<meta name=\"twitter:data1\" content=\"4 minutos\" \/>\n<script type=\"application\/ld+json\" class=\"yoast-schema-graph\">{\"@context\":\"https:\/\/schema.org\",\"@graph\":[{\"@type\":\"WebPage\",\"@id\":\"https:\/\/www.legislapp.com.br\/index.php\/cam-legislativa-de-mg-pl-3802-2025-3\/\",\"url\":\"https:\/\/www.legislapp.com.br\/index.php\/cam-legislativa-de-mg-pl-3802-2025-3\/\",\"name\":\"PL 3802\/2025 - Deputados - Legislapp\",\"isPartOf\":{\"@id\":\"https:\/\/www.legislapp.com.br\/#website\"},\"primaryImageOfPage\":{\"@id\":\"https:\/\/www.legislapp.com.br\/index.php\/cam-legislativa-de-mg-pl-3802-2025-3\/#primaryimage\"},\"image\":{\"@id\":\"https:\/\/www.legislapp.com.br\/index.php\/cam-legislativa-de-mg-pl-3802-2025-3\/#primaryimage\"},\"thumbnailUrl\":\"https:\/\/www.legislapp.com.br\/wp-content\/uploads\/google-play.png\",\"datePublished\":\"2025-10-08T15:06:54+00:00\",\"breadcrumb\":{\"@id\":\"https:\/\/www.legislapp.com.br\/index.php\/cam-legislativa-de-mg-pl-3802-2025-3\/#breadcrumb\"},\"inLanguage\":\"pt-BR\",\"potentialAction\":[{\"@type\":\"ReadAction\",\"target\":[\"https:\/\/www.legislapp.com.br\/index.php\/cam-legislativa-de-mg-pl-3802-2025-3\/\"]}]},{\"@type\":\"ImageObject\",\"inLanguage\":\"pt-BR\",\"@id\":\"https:\/\/www.legislapp.com.br\/index.php\/cam-legislativa-de-mg-pl-3802-2025-3\/#primaryimage\",\"url\":\"https:\/\/www.legislapp.com.br\/wp-content\/uploads\/google-play.png\",\"contentUrl\":\"https:\/\/www.legislapp.com.br\/wp-content\/uploads\/google-play.png\",\"width\":564,\"height\":168},{\"@type\":\"BreadcrumbList\",\"@id\":\"https:\/\/www.legislapp.com.br\/index.php\/cam-legislativa-de-mg-pl-3802-2025-3\/#breadcrumb\",\"itemListElement\":[{\"@type\":\"ListItem\",\"position\":1,\"name\":\"In\u00edcio\",\"item\":\"https:\/\/www.legislapp.com.br\/\"},{\"@type\":\"ListItem\",\"position\":2,\"name\":\"PL 3802\/2025 &#8211; Deputados\"}]},{\"@type\":\"WebSite\",\"@id\":\"https:\/\/www.legislapp.com.br\/#website\",\"url\":\"https:\/\/www.legislapp.com.br\/\",\"name\":\"Legislapp\",\"description\":\"Intelig\u00eancia governamental em tempo real\",\"publisher\":{\"@id\":\"https:\/\/www.legislapp.com.br\/#organization\"},\"potentialAction\":[{\"@type\":\"SearchAction\",\"target\":{\"@type\":\"EntryPoint\",\"urlTemplate\":\"https:\/\/www.legislapp.com.br\/?s={search_term_string}\"},\"query-input\":{\"@type\":\"PropertyValueSpecification\",\"valueRequired\":true,\"valueName\":\"search_term_string\"}}],\"inLanguage\":\"pt-BR\"},{\"@type\":\"Organization\",\"@id\":\"https:\/\/www.legislapp.com.br\/#organization\",\"name\":\"Legislapp Monitoramento e Intelig\u00eancia Governamental\",\"url\":\"https:\/\/www.legislapp.com.br\/\",\"logo\":{\"@type\":\"ImageObject\",\"inLanguage\":\"pt-BR\",\"@id\":\"https:\/\/www.legislapp.com.br\/#\/schema\/logo\/image\/\",\"url\":\"https:\/\/www.legislapp.com.br\/wp-content\/uploads\/icon.png\",\"contentUrl\":\"https:\/\/www.legislapp.com.br\/wp-content\/uploads\/icon.png\",\"width\":1024,\"height\":1024,\"caption\":\"Legislapp Monitoramento e Intelig\u00eancia Governamental\"},\"image\":{\"@id\":\"https:\/\/www.legislapp.com.br\/#\/schema\/logo\/image\/\"},\"sameAs\":[\"https:\/\/www.instagram.com\/legislapp\/\"]}]}<\/script>\n<!-- \/ Yoast SEO plugin. -->","yoast_head_json":{"title":"PL 3802\/2025 - Deputados - Legislapp","robots":{"index":"index","follow":"follow","max-snippet":"max-snippet:-1","max-image-preview":"max-image-preview:large","max-video-preview":"max-video-preview:-1"},"canonical":"https:\/\/www.legislapp.com.br\/index.php\/cam-legislativa-de-mg-pl-3802-2025-3\/","og_locale":"pt_BR","og_type":"article","og_title":"PL 3802\/2025 - Deputados - Legislapp","og_description":"C\u00e2m. Legislativa de MG &#8211; Autoria de Deputados Institui a certifica\u00e7\u00e3o social das entidades beneficentes para a realiza\u00e7\u00e3o de bingos em eventos comunit\u00e1rios. Disp\u00f5e sobre a certifica\u00e7\u00e3o social conferida as entidades beneficentes para a realiza\u00e7\u00e3o de bingos em eventos comunit\u00e1rios e d\u00e1 outras provid\u00eancias. A Assembleia Legislativa do Estado de Minas Gerais decreta: Art. 1\u00ba [&hellip;]","og_url":"https:\/\/www.legislapp.com.br\/index.php\/cam-legislativa-de-mg-pl-3802-2025-3\/","og_site_name":"Legislapp","article_publisher":"https:\/\/www.instagram.com\/legislapp\/","og_image":[{"url":"https:\/\/www.legislapp.com.br\/wp-content\/uploads\/google-play.png","type":"","width":"","height":""}],"twitter_card":"summary_large_image","twitter_misc":{"Est. tempo de leitura":"4 minutos"},"schema":{"@context":"https:\/\/schema.org","@graph":[{"@type":"WebPage","@id":"https:\/\/www.legislapp.com.br\/index.php\/cam-legislativa-de-mg-pl-3802-2025-3\/","url":"https:\/\/www.legislapp.com.br\/index.php\/cam-legislativa-de-mg-pl-3802-2025-3\/","name":"PL 3802\/2025 - Deputados - Legislapp","isPartOf":{"@id":"https:\/\/www.legislapp.com.br\/#website"},"primaryImageOfPage":{"@id":"https:\/\/www.legislapp.com.br\/index.php\/cam-legislativa-de-mg-pl-3802-2025-3\/#primaryimage"},"image":{"@id":"https:\/\/www.legislapp.com.br\/index.php\/cam-legislativa-de-mg-pl-3802-2025-3\/#primaryimage"},"thumbnailUrl":"https:\/\/www.legislapp.com.br\/wp-content\/uploads\/google-play.png","datePublished":"2025-10-08T15:06:54+00:00","breadcrumb":{"@id":"https:\/\/www.legislapp.com.br\/index.php\/cam-legislativa-de-mg-pl-3802-2025-3\/#breadcrumb"},"inLanguage":"pt-BR","potentialAction":[{"@type":"ReadAction","target":["https:\/\/www.legislapp.com.br\/index.php\/cam-legislativa-de-mg-pl-3802-2025-3\/"]}]},{"@type":"ImageObject","inLanguage":"pt-BR","@id":"https:\/\/www.legislapp.com.br\/index.php\/cam-legislativa-de-mg-pl-3802-2025-3\/#primaryimage","url":"https:\/\/www.legislapp.com.br\/wp-content\/uploads\/google-play.png","contentUrl":"https:\/\/www.legislapp.com.br\/wp-content\/uploads\/google-play.png","width":564,"height":168},{"@type":"BreadcrumbList","@id":"https:\/\/www.legislapp.com.br\/index.php\/cam-legislativa-de-mg-pl-3802-2025-3\/#breadcrumb","itemListElement":[{"@type":"ListItem","position":1,"name":"In\u00edcio","item":"https:\/\/www.legislapp.com.br\/"},{"@type":"ListItem","position":2,"name":"PL 3802\/2025 &#8211; Deputados"}]},{"@type":"WebSite","@id":"https:\/\/www.legislapp.com.br\/#website","url":"https:\/\/www.legislapp.com.br\/","name":"Legislapp","description":"Intelig\u00eancia governamental em tempo real","publisher":{"@id":"https:\/\/www.legislapp.com.br\/#organization"},"potentialAction":[{"@type":"SearchAction","target":{"@type":"EntryPoint","urlTemplate":"https:\/\/www.legislapp.com.br\/?s={search_term_string}"},"query-input":{"@type":"PropertyValueSpecification","valueRequired":true,"valueName":"search_term_string"}}],"inLanguage":"pt-BR"},{"@type":"Organization","@id":"https:\/\/www.legislapp.com.br\/#organization","name":"Legislapp Monitoramento e Intelig\u00eancia Governamental","url":"https:\/\/www.legislapp.com.br\/","logo":{"@type":"ImageObject","inLanguage":"pt-BR","@id":"https:\/\/www.legislapp.com.br\/#\/schema\/logo\/image\/","url":"https:\/\/www.legislapp.com.br\/wp-content\/uploads\/icon.png","contentUrl":"https:\/\/www.legislapp.com.br\/wp-content\/uploads\/icon.png","width":1024,"height":1024,"caption":"Legislapp Monitoramento e Intelig\u00eancia Governamental"},"image":{"@id":"https:\/\/www.legislapp.com.br\/#\/schema\/logo\/image\/"},"sameAs":["https:\/\/www.instagram.com\/legislapp\/"]}]}},"_links":{"self":[{"href":"https:\/\/www.legislapp.com.br\/index.php\/wp-json\/wp\/v2\/pages\/8995","targetHints":{"allow":["GET"]}}],"collection":[{"href":"https:\/\/www.legislapp.com.br\/index.php\/wp-json\/wp\/v2\/pages"}],"about":[{"href":"https:\/\/www.legislapp.com.br\/index.php\/wp-json\/wp\/v2\/types\/page"}],"author":[{"embeddable":true,"href":"https:\/\/www.legislapp.com.br\/index.php\/wp-json\/wp\/v2\/users\/1"}],"replies":[{"embeddable":true,"href":"https:\/\/www.legislapp.com.br\/index.php\/wp-json\/wp\/v2\/comments?post=8995"}],"version-history":[{"count":0,"href":"https:\/\/www.legislapp.com.br\/index.php\/wp-json\/wp\/v2\/pages\/8995\/revisions"}],"wp:attachment":[{"href":"https:\/\/www.legislapp.com.br\/index.php\/wp-json\/wp\/v2\/media?parent=8995"}],"curies":[{"name":"wp","href":"https:\/\/api.w.org\/{rel}","templated":true}]}}