{"id":9025,"date":"2025-10-08T12:08:37","date_gmt":"2025-10-08T15:08:37","guid":{"rendered":"https:\/\/www.legislapp.com.br\/index.php\/cam-legislativa-de-sc-pl-0335-2025-2\/"},"modified":"2025-10-08T12:08:37","modified_gmt":"2025-10-08T15:08:37","slug":"cam-legislativa-de-sc-pl-0335-2025-2","status":"publish","type":"page","link":"https:\/\/www.legislapp.com.br\/index.php\/cam-legislativa-de-sc-pl-0335-2025-2\/","title":{"rendered":"PL.\/0335\/2025 &#8211; Rodrigo Minotto"},"content":{"rendered":"<h1 style='text-align: center;'>C\u00e2m. Legislativa de SC &#8211; Autoria de Rodrigo Minotto<\/h3>\n<p><\/p>\n<article style='text-align: center'>Institui a Semana Estadual dos Pilares da Educa\u00e7\u00e3o e altera o Anexo \u00danico da Lei n\u00ba 18.531, de 2022, que &#8220;Consolida as leis que instituem datas e eventos alusivos no \u00e2mbito do Estado de Santa Catarina e estabelece o Calend\u00e1rio Oficial do Estado&#8221;.<\/article>\n<p><\/p>\n<p style='text-align: center'><a href='https:\/\/app.legislapp.com.br\/#\/busca?termo='><\/a><\/p>\n<p><\/p>\n<article>ASSEMBLEIA LEGISLATIVA GABINETE DEPUTADO<br \/>\nESTADO DE SANTA CATARINA RODRIGO MINOTTO<br \/>\nPROJETO DE LEI <\/p>\n<p>Institui a Semana Estadual dos Pilares da Educa\u00e7\u00e3o e altera o Anexo \u00danico da Lei n\u00ba<br \/>\n18.531, de 2022, que \u201cConsolida as leis que instituem datas e eventos alusivos no<br \/>\n\u00e2mbito do Estado de Santa Catarina e estabelece o Calend\u00e1rio Oficial do Estado\u201d.<br \/>\nArt. 1\u00ba Fica institu\u00edda a Semana Estadual dos Pilares da Educa\u00e7\u00e3o, a ser realizada<br \/>\nanualmente, na terceira semana do m\u00eas de outubro.<br \/>\nArt. 2\u00ba A Semana Estadual dos Pilares da Educa\u00e7\u00e3o tem por objetivos:<br \/>\nI \u2013 o incentivo a debates e atividades que abordem os quatro pilares da educa\u00e7\u00e3o<br \/>\npropostos pela Organiza\u00e7\u00e3o das Na\u00e7\u00f5es Unidas para a Educa\u00e7\u00e3o, a Ci\u00eancia e a<br \/>\nCultura (Unesco), quais sejam, aprender a conhecer, aprender a fazer, aprender a viver<br \/>\njuntos e aprender a ser, adaptando-os ao contexto local e \u00e0s necessidades<br \/>\nda comunidade escolar;<br \/>\nII \u2013 o reconhecimento e a homenagem aos profissionais essenciais ao funcionamento<br \/>\ndas escolas, como merendeiras, agentes de limpeza, gestores, coordenadores e<br \/>\nprofessores, destacando sua contribui\u00e7\u00e3o para a forma\u00e7\u00e3o integral dos estudantes;<br \/>\nIII \u2013 a integra\u00e7\u00e3o entre diferentes disciplinas e \u00e1reas do conhecimento, fortalecendo a<br \/>\naprendizagem significativa e contextualizada;<br \/>\nIV \u2013 o fomento de pr\u00e1ticas pedag\u00f3gicas alinhadas aos pilares da educa\u00e7\u00e3o,<br \/>\npromovendo um ambiente escolar mais din\u00e2mico e inclusivo;<br \/>\nV \u2013 a colabora\u00e7\u00e3o entre estudantes, fam\u00edlias, educadores e demais membros da<br \/>\ncomunidade na constru\u00e7\u00e3o de uma educa\u00e7\u00e3o mais democr\u00e1tica e participativa; e <\/p>\n<p>VI \u2013 o fortalecimento da solidariedade, empatia, responsabilidade e respeito \u00e0<br \/>\ndiversidade, preparando a comunidade escolar para uma conviv\u00eancia harmoniosa na<br \/>\nsociedade.<br \/>\nArt. 3\u00ba O Anexo \u00danico da Lei n\u00ba 18.531, de 5 de dezembro de 2022, passa a vigorar<br \/>\ncom a altera\u00e7\u00e3o constante do Anexo \u00danico desta Lei.<br \/>\nArt. 4\u00ba Esta Lei entra em vigor na data de sua publica\u00e7\u00e3o. <\/p>\n<p> ANEXO\u00daNICO<\/p>\n<p>(Alterao Anexo \u00danico da Lei n\u00ba18.531, de 5 de dezembro de 2022)<br \/>\n\u201cANEXO \u00daNICO<br \/>\nCALEND\u00c1RIO OFICIAL DO ESTADO DE SANTA CATARINA<br \/>\n&#8230;&#8230;&#8230;&#8230;&#8230;&#8230;&#8230;&#8230;&#8230;&#8230;&#8230;&#8230;&#8230;&#8230;&#8230;&#8230;&#8230;&#8230;&#8230;&#8230;&#8230;&#8230;&#8230;&#8230;&#8230;&#8230;&#8230;&#8230;&#8230;&#8230;&#8230;&#8230;&#8230;&#8230;&#8230;&#8230;&#8230;&#8230;&#8230;&#8230;&#8230;&#8230;&#8230;..<\/p>\n<p>OUTUBRO<\/p>\n<p> SEMANAS LEIORIGINALN\u00ba<br \/>\n&#8230;&#8230;&#8230;&#8230;&#8230;&#8230;&#8230;&#8230;&#8230;&#8230;&#8230; &#8230;&#8230;&#8230;&#8230;&#8230;&#8230;&#8230;&#8230;&#8230;&#8230;&#8230;&#8230;&#8230;&#8230;&#8230;&#8230;&#8230;&#8230; &#8230;&#8230;&#8230;&#8230;&#8230;&#8230;&#8230;&#8230;&#8230;&#8230;&#8230;&#8230;&#8230;.<br \/>\n Semana Estadual dosPilares da<br \/>\n Educa\u00e7\u00e3o<br \/>\n Com os seguintes objetivos:<\/p>\n<p> I. \u2013 o incentivo a debates e<\/p>\n<p>atividades que abordemos<\/p>\n<p>quatro pilares da educa\u00e7\u00e3o<\/p>\n<p>propostos pela Organiza\u00e7\u00e3o<\/p>\n<p>das Na\u00e7\u00f5es Unidas para a<br \/>\nTerceira Semana<br \/>\nEduca\u00e7\u00e3o, a Ci\u00eancia e a<br \/>\nCultura (Unesco), quais<br \/>\nsejam, aprender a conhecer,<br \/>\naprender a fazer, aprender a<br \/>\nviver juntos e aprender a<br \/>\nser, adaptando-os ao<br \/>\ncontexto local e \u00e0s<br \/>\nnecessidades da<br \/>\ncomunidade escolar;<\/p>\n<p>I. \u2013 o reconhecimento e a<br \/>\nhomenagem aos<br \/>\nprofissionais essenciais ao<br \/>\nfuncionamento das escolas,<br \/>\ncomo merendeiras, agentes<br \/>\nde limpeza, gestores,<br \/>\ncoordenadores e<br \/>\nprofessores, destacando sua<br \/>\ncontribui\u00e7\u00e3o para a<br \/>\nforma\u00e7\u00e3o integral dos<br \/>\nestudantes;<\/p>\n<p>I. \u2013 a integra\u00e7\u00e3o entre<br \/>\ndiferentes disciplinas e\u00e1reas do conhecimento,<br \/>\nfortalecendo a<br \/>\naprendizagem significativa<br \/>\ne contextualizada;<br \/>\n IV. \u2013 o fomento de pr\u00e1ticas<br \/>\npedag\u00f3gicas alinhadas aos<br \/>\npilares da educa\u00e7\u00e3o,<br \/>\npromovendo um ambiente<br \/>\nescolar mais din\u00e2mico e<br \/>\ninclusivo;<br \/>\nV. \u2013 a colabora\u00e7\u00e3o entre<br \/>\nestudantes, fam\u00edlias,<br \/>\neducadores e demais<br \/>\nmembros da comunidade na<br \/>\nconstru\u00e7\u00e3o de uma<br \/>\neduca\u00e7\u00e3o mais democr\u00e1tica<br \/>\ne participativa; e<\/p>\n<p>IV. \u2013 o fortalecimento da<br \/>\nsolidariedade,<br \/>\nempatia, responsabilidade e<br \/>\nrespeito \u00e0 diversidade,<br \/>\npreparando a comunidade<br \/>\nescolar para uma<br \/>\nconviv\u00eancia harmoniosa na<br \/>\nsociedade.<br \/>\n&#8230;&#8230;&#8230;&#8230;&#8230;&#8230;&#8230;&#8230;&#8230;&#8230;&#8230; &#8230;&#8230;&#8230;&#8230;&#8230;&#8230;&#8230;&#8230;&#8230;&#8230;&#8230;&#8230;&#8230;&#8230;&#8230;&#8230;&#8230;&#8230; &#8230;&#8230;&#8230;&#8230;&#8230;&#8230;&#8230;&#8230;&#8230;&#8230;&#8230;&#8230;&#8230;. <\/p>\n<p>J US T I F I CA\u00c7\u00c3O<\/p>\n<p>A Semana Estadual dos Pilares da Educa\u00e7\u00e3o que propomos nasce desse desejo: criar<br \/>\numa data oficial, no calend\u00e1rio estadual, para refletirmos sobre o sentido da<br \/>\naprendizagem, da conviv\u00eancia, da autonomia e da a\u00e7\u00e3o coletiva, considerando,<br \/>\nsobretudo, o incentivo a debates e atividades que abordem os quatro pilares da<br \/>\neduca\u00e7\u00e3o propostos pela Organiza\u00e7\u00e3o das Na\u00e7\u00f5es Unidas para a Educa\u00e7\u00e3o, a Ci\u00eancia<br \/>\ne a Cultura (Unesco),<br \/>\nquais sejam, aprender a conhecer, aprender a fazer, aprender a viver juntos e aprender<br \/>\na ser, adaptando-os ao contexto local e \u00e0s necessidades da comunidade escolar.<br \/>\nAcreditamos que uma educa\u00e7\u00e3o de qualidade vai muito al\u00e9m do conte\u00fado das<br \/>\ndisciplinas. Ela precisa envolver toda a comunidade escolar e valorizar todos os<br \/>\nprofissionais que contribuem para que a escola funcione: professores, merendeiras,<br \/>\nagentes de limpeza, gestores, coordenadores e tantos outros. Por isso, al\u00e9m de<br \/>\nincentivar atividades pedag\u00f3gicas integradoras, nosso projeto tamb\u00e9m promove o<br \/>\nreconhecimento<br \/>\nde quem constr\u00f3i a educa\u00e7\u00e3o todos os dias, com dedica\u00e7\u00e3o e cuidado.<br \/>\nFoi optado por propor essa Semana na terceira semana de outubro para dialogar com<br \/>\noutras datas significativas da educa\u00e7\u00e3o, como o Dia do Professor, e para aproveitar o<br \/>\nambiente escolar j\u00e1 mobilizado em torno de temas educativos. Nosso intuito n\u00e3o \u00e9 criar<br \/>\nobriga\u00e7\u00f5es, mas oferecer uma oportunidade leg\u00edtima para que as escolas<br \/>\ndesenvolvam projetos, debates, oficinas e a\u00e7\u00f5es criativas alinhadas aos pilares da<br \/>\neduca\u00e7\u00e3o e ao que a escola entende como essencial para sua realidade.<br \/>\nProjeto proposto pelos Deputados e Deputadas do Parlamento Jovem do CEDUP Ab\u00edlio<br \/>\nPalmo, do munic\u00edpio de Crici\u00fama..<br \/>\nELEGIS<br \/>\nDocumento assinado eletronicamente por Rodrigo Minotto, em<br \/>\nSistema de Processo<br \/>\n04\/06\/2025, \u00e0s 17:53.<br \/>\nLegislativo Eletr\u00f4nico<\/article>\n<div style=\"text-align: center\">\n<div style=\"margin-bottom: 20px;\" class=\"et_pb_button_module_wrapper et_pb_button_5_tb_body_wrapper et_pb_button_alignment_center et_pb_module \">\n         <a class=\"et_pb_button et_pb_button_5_tb_body et_hover_enabled et_pb_bg_layout_dark\" style=\"width: 50%;background-color: black;\" href=\"https:\/\/app.legislapp.com.br\" target=\"_blank\" rel=\"noopener\">Visualizar completo na nossa plataforma (30 dias gr\u00e1tis)<\/a><\/p><\/div>\n<p>      <a href=\"https:\/\/play.google.com\/store\/apps\/details?id=br.com.legislapp\"><img decoding=\"async\" style=\"width: 15%; min-width: 130px;\" src=\"https:\/\/www.legislapp.com.br\/wp-content\/uploads\/google-play.png\"><\/a><br \/>\n      <a href=\"https:\/\/apps.apple.com\/us\/app\/legislapp\/id1568929859\"><img decoding=\"async\" style=\"width: 15%; min-width: 130px\" src=\"https:\/\/www.legislapp.com.br\/wp-content\/uploads\/apple-store.png\"><\/a>\n   <\/div>\n","protected":false},"excerpt":{"rendered":"<p>C\u00e2m. Legislativa de SC &#8211; Autoria de Rodrigo Minotto Institui a Semana Estadual dos Pilares da Educa\u00e7\u00e3o e altera o Anexo \u00danico da Lei n\u00ba 18.531, de 2022, que &#8220;Consolida as leis que instituem datas e eventos alusivos no \u00e2mbito do Estado de Santa Catarina e estabelece o Calend\u00e1rio Oficial do Estado&#8221;. ASSEMBLEIA LEGISLATIVA GABINETE [&hellip;]<\/p>\n","protected":false},"author":1,"featured_media":0,"parent":0,"menu_order":0,"comment_status":"closed","ping_status":"closed","template":"page-template-blank.php","meta":{"_et_pb_use_builder":"","_et_pb_old_content":"","_et_gb_content_width":"1080","ngg_post_thumbnail":0,"footnotes":""},"class_list":["post-9025","page","type-page","status-publish","hentry"],"yoast_head":"<!-- This site is optimized with the Yoast SEO plugin v24.4 - https:\/\/yoast.com\/wordpress\/plugins\/seo\/ -->\n<title>PL.\/0335\/2025 - Rodrigo Minotto - Legislapp<\/title>\n<meta name=\"robots\" content=\"index, follow, max-snippet:-1, max-image-preview:large, max-video-preview:-1\" \/>\n<link rel=\"canonical\" href=\"https:\/\/www.legislapp.com.br\/index.php\/cam-legislativa-de-sc-pl-0335-2025-2\/\" \/>\n<meta property=\"og:locale\" content=\"pt_BR\" \/>\n<meta property=\"og:type\" content=\"article\" \/>\n<meta property=\"og:title\" content=\"PL.\/0335\/2025 - Rodrigo Minotto - Legislapp\" \/>\n<meta property=\"og:description\" content=\"C\u00e2m. Legislativa de SC &#8211; Autoria de Rodrigo Minotto Institui a Semana Estadual dos Pilares da Educa\u00e7\u00e3o e altera o Anexo \u00danico da Lei n\u00ba 18.531, de 2022, que &#8220;Consolida as leis que instituem datas e eventos alusivos no \u00e2mbito do Estado de Santa Catarina e estabelece o Calend\u00e1rio Oficial do Estado&#8221;. ASSEMBLEIA LEGISLATIVA GABINETE [&hellip;]\" \/>\n<meta property=\"og:url\" content=\"https:\/\/www.legislapp.com.br\/index.php\/cam-legislativa-de-sc-pl-0335-2025-2\/\" \/>\n<meta property=\"og:site_name\" content=\"Legislapp\" \/>\n<meta property=\"article:publisher\" content=\"https:\/\/www.instagram.com\/legislapp\/\" \/>\n<meta property=\"og:image\" content=\"https:\/\/www.legislapp.com.br\/wp-content\/uploads\/google-play.png\" \/>\n<meta name=\"twitter:card\" content=\"summary_large_image\" \/>\n<meta name=\"twitter:label1\" content=\"Est. tempo de leitura\" \/>\n\t<meta name=\"twitter:data1\" content=\"4 minutos\" \/>\n<script type=\"application\/ld+json\" class=\"yoast-schema-graph\">{\"@context\":\"https:\/\/schema.org\",\"@graph\":[{\"@type\":\"WebPage\",\"@id\":\"https:\/\/www.legislapp.com.br\/index.php\/cam-legislativa-de-sc-pl-0335-2025-2\/\",\"url\":\"https:\/\/www.legislapp.com.br\/index.php\/cam-legislativa-de-sc-pl-0335-2025-2\/\",\"name\":\"PL.\/0335\/2025 - Rodrigo Minotto - Legislapp\",\"isPartOf\":{\"@id\":\"https:\/\/www.legislapp.com.br\/#website\"},\"primaryImageOfPage\":{\"@id\":\"https:\/\/www.legislapp.com.br\/index.php\/cam-legislativa-de-sc-pl-0335-2025-2\/#primaryimage\"},\"image\":{\"@id\":\"https:\/\/www.legislapp.com.br\/index.php\/cam-legislativa-de-sc-pl-0335-2025-2\/#primaryimage\"},\"thumbnailUrl\":\"https:\/\/www.legislapp.com.br\/wp-content\/uploads\/google-play.png\",\"datePublished\":\"2025-10-08T15:08:37+00:00\",\"breadcrumb\":{\"@id\":\"https:\/\/www.legislapp.com.br\/index.php\/cam-legislativa-de-sc-pl-0335-2025-2\/#breadcrumb\"},\"inLanguage\":\"pt-BR\",\"potentialAction\":[{\"@type\":\"ReadAction\",\"target\":[\"https:\/\/www.legislapp.com.br\/index.php\/cam-legislativa-de-sc-pl-0335-2025-2\/\"]}]},{\"@type\":\"ImageObject\",\"inLanguage\":\"pt-BR\",\"@id\":\"https:\/\/www.legislapp.com.br\/index.php\/cam-legislativa-de-sc-pl-0335-2025-2\/#primaryimage\",\"url\":\"https:\/\/www.legislapp.com.br\/wp-content\/uploads\/google-play.png\",\"contentUrl\":\"https:\/\/www.legislapp.com.br\/wp-content\/uploads\/google-play.png\",\"width\":564,\"height\":168},{\"@type\":\"BreadcrumbList\",\"@id\":\"https:\/\/www.legislapp.com.br\/index.php\/cam-legislativa-de-sc-pl-0335-2025-2\/#breadcrumb\",\"itemListElement\":[{\"@type\":\"ListItem\",\"position\":1,\"name\":\"In\u00edcio\",\"item\":\"https:\/\/www.legislapp.com.br\/\"},{\"@type\":\"ListItem\",\"position\":2,\"name\":\"PL.\/0335\/2025 &#8211; Rodrigo Minotto\"}]},{\"@type\":\"WebSite\",\"@id\":\"https:\/\/www.legislapp.com.br\/#website\",\"url\":\"https:\/\/www.legislapp.com.br\/\",\"name\":\"Legislapp\",\"description\":\"Intelig\u00eancia governamental em tempo real\",\"publisher\":{\"@id\":\"https:\/\/www.legislapp.com.br\/#organization\"},\"potentialAction\":[{\"@type\":\"SearchAction\",\"target\":{\"@type\":\"EntryPoint\",\"urlTemplate\":\"https:\/\/www.legislapp.com.br\/?s={search_term_string}\"},\"query-input\":{\"@type\":\"PropertyValueSpecification\",\"valueRequired\":true,\"valueName\":\"search_term_string\"}}],\"inLanguage\":\"pt-BR\"},{\"@type\":\"Organization\",\"@id\":\"https:\/\/www.legislapp.com.br\/#organization\",\"name\":\"Legislapp Monitoramento e Intelig\u00eancia Governamental\",\"url\":\"https:\/\/www.legislapp.com.br\/\",\"logo\":{\"@type\":\"ImageObject\",\"inLanguage\":\"pt-BR\",\"@id\":\"https:\/\/www.legislapp.com.br\/#\/schema\/logo\/image\/\",\"url\":\"https:\/\/www.legislapp.com.br\/wp-content\/uploads\/icon.png\",\"contentUrl\":\"https:\/\/www.legislapp.com.br\/wp-content\/uploads\/icon.png\",\"width\":1024,\"height\":1024,\"caption\":\"Legislapp Monitoramento e Intelig\u00eancia Governamental\"},\"image\":{\"@id\":\"https:\/\/www.legislapp.com.br\/#\/schema\/logo\/image\/\"},\"sameAs\":[\"https:\/\/www.instagram.com\/legislapp\/\"]}]}<\/script>\n<!-- \/ Yoast SEO plugin. -->","yoast_head_json":{"title":"PL.\/0335\/2025 - Rodrigo Minotto - Legislapp","robots":{"index":"index","follow":"follow","max-snippet":"max-snippet:-1","max-image-preview":"max-image-preview:large","max-video-preview":"max-video-preview:-1"},"canonical":"https:\/\/www.legislapp.com.br\/index.php\/cam-legislativa-de-sc-pl-0335-2025-2\/","og_locale":"pt_BR","og_type":"article","og_title":"PL.\/0335\/2025 - Rodrigo Minotto - Legislapp","og_description":"C\u00e2m. Legislativa de SC &#8211; Autoria de Rodrigo Minotto Institui a Semana Estadual dos Pilares da Educa\u00e7\u00e3o e altera o Anexo \u00danico da Lei n\u00ba 18.531, de 2022, que &#8220;Consolida as leis que instituem datas e eventos alusivos no \u00e2mbito do Estado de Santa Catarina e estabelece o Calend\u00e1rio Oficial do Estado&#8221;. ASSEMBLEIA LEGISLATIVA GABINETE [&hellip;]","og_url":"https:\/\/www.legislapp.com.br\/index.php\/cam-legislativa-de-sc-pl-0335-2025-2\/","og_site_name":"Legislapp","article_publisher":"https:\/\/www.instagram.com\/legislapp\/","og_image":[{"url":"https:\/\/www.legislapp.com.br\/wp-content\/uploads\/google-play.png","type":"","width":"","height":""}],"twitter_card":"summary_large_image","twitter_misc":{"Est. tempo de leitura":"4 minutos"},"schema":{"@context":"https:\/\/schema.org","@graph":[{"@type":"WebPage","@id":"https:\/\/www.legislapp.com.br\/index.php\/cam-legislativa-de-sc-pl-0335-2025-2\/","url":"https:\/\/www.legislapp.com.br\/index.php\/cam-legislativa-de-sc-pl-0335-2025-2\/","name":"PL.\/0335\/2025 - Rodrigo Minotto - Legislapp","isPartOf":{"@id":"https:\/\/www.legislapp.com.br\/#website"},"primaryImageOfPage":{"@id":"https:\/\/www.legislapp.com.br\/index.php\/cam-legislativa-de-sc-pl-0335-2025-2\/#primaryimage"},"image":{"@id":"https:\/\/www.legislapp.com.br\/index.php\/cam-legislativa-de-sc-pl-0335-2025-2\/#primaryimage"},"thumbnailUrl":"https:\/\/www.legislapp.com.br\/wp-content\/uploads\/google-play.png","datePublished":"2025-10-08T15:08:37+00:00","breadcrumb":{"@id":"https:\/\/www.legislapp.com.br\/index.php\/cam-legislativa-de-sc-pl-0335-2025-2\/#breadcrumb"},"inLanguage":"pt-BR","potentialAction":[{"@type":"ReadAction","target":["https:\/\/www.legislapp.com.br\/index.php\/cam-legislativa-de-sc-pl-0335-2025-2\/"]}]},{"@type":"ImageObject","inLanguage":"pt-BR","@id":"https:\/\/www.legislapp.com.br\/index.php\/cam-legislativa-de-sc-pl-0335-2025-2\/#primaryimage","url":"https:\/\/www.legislapp.com.br\/wp-content\/uploads\/google-play.png","contentUrl":"https:\/\/www.legislapp.com.br\/wp-content\/uploads\/google-play.png","width":564,"height":168},{"@type":"BreadcrumbList","@id":"https:\/\/www.legislapp.com.br\/index.php\/cam-legislativa-de-sc-pl-0335-2025-2\/#breadcrumb","itemListElement":[{"@type":"ListItem","position":1,"name":"In\u00edcio","item":"https:\/\/www.legislapp.com.br\/"},{"@type":"ListItem","position":2,"name":"PL.\/0335\/2025 &#8211; Rodrigo Minotto"}]},{"@type":"WebSite","@id":"https:\/\/www.legislapp.com.br\/#website","url":"https:\/\/www.legislapp.com.br\/","name":"Legislapp","description":"Intelig\u00eancia governamental em tempo real","publisher":{"@id":"https:\/\/www.legislapp.com.br\/#organization"},"potentialAction":[{"@type":"SearchAction","target":{"@type":"EntryPoint","urlTemplate":"https:\/\/www.legislapp.com.br\/?s={search_term_string}"},"query-input":{"@type":"PropertyValueSpecification","valueRequired":true,"valueName":"search_term_string"}}],"inLanguage":"pt-BR"},{"@type":"Organization","@id":"https:\/\/www.legislapp.com.br\/#organization","name":"Legislapp Monitoramento e Intelig\u00eancia Governamental","url":"https:\/\/www.legislapp.com.br\/","logo":{"@type":"ImageObject","inLanguage":"pt-BR","@id":"https:\/\/www.legislapp.com.br\/#\/schema\/logo\/image\/","url":"https:\/\/www.legislapp.com.br\/wp-content\/uploads\/icon.png","contentUrl":"https:\/\/www.legislapp.com.br\/wp-content\/uploads\/icon.png","width":1024,"height":1024,"caption":"Legislapp Monitoramento e Intelig\u00eancia Governamental"},"image":{"@id":"https:\/\/www.legislapp.com.br\/#\/schema\/logo\/image\/"},"sameAs":["https:\/\/www.instagram.com\/legislapp\/"]}]}},"_links":{"self":[{"href":"https:\/\/www.legislapp.com.br\/index.php\/wp-json\/wp\/v2\/pages\/9025","targetHints":{"allow":["GET"]}}],"collection":[{"href":"https:\/\/www.legislapp.com.br\/index.php\/wp-json\/wp\/v2\/pages"}],"about":[{"href":"https:\/\/www.legislapp.com.br\/index.php\/wp-json\/wp\/v2\/types\/page"}],"author":[{"embeddable":true,"href":"https:\/\/www.legislapp.com.br\/index.php\/wp-json\/wp\/v2\/users\/1"}],"replies":[{"embeddable":true,"href":"https:\/\/www.legislapp.com.br\/index.php\/wp-json\/wp\/v2\/comments?post=9025"}],"version-history":[{"count":0,"href":"https:\/\/www.legislapp.com.br\/index.php\/wp-json\/wp\/v2\/pages\/9025\/revisions"}],"wp:attachment":[{"href":"https:\/\/www.legislapp.com.br\/index.php\/wp-json\/wp\/v2\/media?parent=9025"}],"curies":[{"name":"wp","href":"https:\/\/api.w.org\/{rel}","templated":true}]}}