{"id":9092,"date":"2025-10-08T12:12:31","date_gmt":"2025-10-08T15:12:31","guid":{"rendered":"https:\/\/www.legislapp.com.br\/index.php\/cam-legislativa-de-mg-pl-3762-2025-3\/"},"modified":"2025-10-08T12:12:31","modified_gmt":"2025-10-08T15:12:31","slug":"cam-legislativa-de-mg-pl-3762-2025-3","status":"publish","type":"page","link":"https:\/\/www.legislapp.com.br\/index.php\/cam-legislativa-de-mg-pl-3762-2025-3\/","title":{"rendered":"PL 3762\/2025 &#8211; Deputados"},"content":{"rendered":"<h1 style='text-align: center;'>C\u00e2m. Legislativa de MG &#8211; Autoria de Deputados<\/h3>\n<p><\/p>\n<article style='text-align: center'>Reconhece como de relevante interesse ambiental, social e cultural do<br \/>\nEstado a \u00e1rvore\u00a0jequitib\u00e1-rosa (&#8220;Caririana\u00a0legalis&#8221;), encontrada<br \/>\nna\u00a0Reserva Biol\u00f3gica da Mata Escura, localizada nos Munic\u00edpios de<br \/>\nJequitinhonha e Almenara.<\/article>\n<p><\/p>\n<p style='text-align: center'><a href='https:\/\/app.legislapp.com.br\/#\/busca?termo='><\/a><\/p>\n<p><\/p>\n<article>Reconhece como de relevante interesse ambiental, social e cultural de Minas Gerais a \u00e1rvore jequitib\u00e1-rosa (Caririana legalis), encontrada na Reserva Biol\u00f3gica da Mata Escura, localizada nos Munic\u00edpios de Jequitinhonha e Almenara.<br \/>\nA Assembleia Legislativa do Estado de Minas Gerais decreta:<br \/>\nArt. 1\u00ba \u2013 Fica reconhecida como de relevante interesse ambiental, social e cultural do Estado a \u00e1rvore jequitib\u00e1-rosa (Cariniana legalis), que tem 300 anos de idade, 65m de altura e di\u00e2metro de 5,5m, encontrada na Reserva Biol\u00f3gica da Mata Escura, localizada nos Munic\u00edpios de Jequitinhonha e Almenara.<br \/>\nArt. 2\u00ba \u2013 O reconhecimento de que trata esta lei tem por objetivo valorizar e preservar os atributos ambientais, ecol\u00f3gicos, paisag\u00edsticos e h\u00eddricos da \u00e1rvore jequitib\u00e1-rosa (Cariniana legalis) com 300 anos, relevantes para a garantia do equil\u00edbrio ecossist\u00eamico, da biodiversidade, do controle clim\u00e1tico e dos servi\u00e7os ambientais, culturais, sociais e tur\u00edsticos, de relev\u00e2ncia regional,\u00a0para o Estado.<br \/>\nArt. 3\u00ba \u2013 O reconhecimento de que trata o art. 2\u00ba permitir\u00e1 a implementa\u00e7\u00e3o de pol\u00edticas p\u00fablicas espec\u00edficas para a conserva\u00e7\u00e3o do jequitib\u00e1-rosa de 300 anos, de forma a garantir a manuten\u00e7\u00e3o do ecossistema onde est\u00e1 inserido, e para promo\u00e7\u00e3o do turismo ecol\u00f3gico e da educa\u00e7\u00e3o ambiental.<br \/>\nArt. 4\u00ba \u2013 Esta lei entra em vigor na data de sua publica\u00e7\u00e3o.<br \/>\nSala das Reuni\u00f5es, 14 de maio de 2025.<br \/>\nDoutor Jean Freire (PT), vice-l\u00edder do Bloco Democracia e Luta.<br \/>\nJustifica\u00e7\u00e3o: Em fevereiro de 2025, pesquisadores da Universidade Federal de Vi\u00e7osa \u2013 UFV \u2013 encontraram, nas \u00e1reas compreendidas pela Reserva Biol\u00f3gica da Mata Escura, a \u00e1rvore mais alta j\u00e1 catalogada na Mata Atl\u00e2ntica. Trata-se de um exemplar da esp\u00e9cie jequitib\u00e1-rosa (Cariniana legalis), com 65 metros de altura e 5,5 metros de di\u00e2metro, que estudiosos acreditam que tenha 300 anos.\u00a0<br \/>\nA Reserva Biol\u00f3gica da Mata Escura foi institu\u00edda pelo\u00a0Decreto Federal de 5 de junho de 2003 e est\u00e1 localizada nos Munic\u00edpios de Jequitinhonha e Almenara. Gerida pelo Instituto Chico Mendes de Conserva\u00e7\u00e3o da Biodiversidade \u2013 ICMBio \u2013, teve seu plano de manejo aprovado por meio da Portaria ICMBio n\u00ba 2.704, de 23 de agosto de 2023. Essa reserva possui \u00e1rea total de 50.892,39ha com\u00a0consider\u00e1veis remanescentes florestais de Mata Atl\u00e2ntica, compostos por floresta estacional semidecidual, floresta estacional decidual, floresta de altitude e uma vegeta\u00e7\u00e3o campestre muito singular.\u00a0<br \/>\nEsta vegeta\u00e7\u00e3o campestre ocorre sobre solo arenoso (areia quartzosa), nos topos de alguns morros, com aspecto fitofision\u00f4mico variando entre um ambiente de restinga e campos altitudinais, apresentando agrupamentos de brom\u00e9lias, que se intercalam com arvoretas, moitas de ciper\u00e1ceas e canelas-de-ema, al\u00e9m de orqu\u00eddeas e brom\u00e9lias ep\u00edfitas. Portanto, trata-se de um ecossistema com rica biodiversidade, que deve ser preservada em sua totalidade, especialmente considerando que Minas Gerais \u00e9 o 3\u00ba Estado que mais registra desmatamento do bioma Mata Atl\u00e2ntica.<br \/>\nTendo em vista a import\u00e2ncia da preserva\u00e7\u00e3o do jequitib\u00e1-rosa, a maior \u00e1rvore registrada na Mata Atl\u00e2ntica, por seus atributos ambientais, para a garantia do equil\u00edbrio ecossist\u00eamico, da biodiversidade, do controle clim\u00e1tico, e por seus atributos sociais e culturais, dada a sua singularidade, solicito o apoio dos pares para a aprova\u00e7\u00e3o da presente proposi\u00e7\u00e3o.<br \/>\n\u2013 Publicado, vai o projeto \u00e0s Comiss\u00f5es de Justi\u00e7a, de Meio Ambiente e de Cultura para parecer, nos termos do art. 188, c\/c o art. 102, do Regimento Interno.<\/article>\n<div style=\"text-align: center\">\n<div style=\"margin-bottom: 20px;\" class=\"et_pb_button_module_wrapper et_pb_button_5_tb_body_wrapper et_pb_button_alignment_center et_pb_module \">\n         <a class=\"et_pb_button et_pb_button_5_tb_body et_hover_enabled et_pb_bg_layout_dark\" style=\"width: 50%;background-color: black;\" href=\"https:\/\/app.legislapp.com.br\" target=\"_blank\" rel=\"noopener\">Visualizar completo na nossa plataforma (30 dias gr\u00e1tis)<\/a><\/p><\/div>\n<p>      <a href=\"https:\/\/play.google.com\/store\/apps\/details?id=br.com.legislapp\"><img decoding=\"async\" style=\"width: 15%; min-width: 130px;\" src=\"https:\/\/www.legislapp.com.br\/wp-content\/uploads\/google-play.png\"><\/a><br \/>\n      <a href=\"https:\/\/apps.apple.com\/us\/app\/legislapp\/id1568929859\"><img decoding=\"async\" style=\"width: 15%; min-width: 130px\" src=\"https:\/\/www.legislapp.com.br\/wp-content\/uploads\/apple-store.png\"><\/a>\n   <\/div>\n","protected":false},"excerpt":{"rendered":"<p>C\u00e2m. Legislativa de MG &#8211; Autoria de Deputados Reconhece como de relevante interesse ambiental, social e cultural do Estado a \u00e1rvore\u00a0jequitib\u00e1-rosa (&#8220;Caririana\u00a0legalis&#8221;), encontrada na\u00a0Reserva Biol\u00f3gica da Mata Escura, localizada nos Munic\u00edpios de Jequitinhonha e Almenara. Reconhece como de relevante interesse ambiental, social e cultural de Minas Gerais a \u00e1rvore jequitib\u00e1-rosa (Caririana legalis), encontrada na Reserva [&hellip;]<\/p>\n","protected":false},"author":1,"featured_media":0,"parent":0,"menu_order":0,"comment_status":"closed","ping_status":"closed","template":"page-template-blank.php","meta":{"_et_pb_use_builder":"","_et_pb_old_content":"","_et_gb_content_width":"1080","ngg_post_thumbnail":0,"footnotes":""},"class_list":["post-9092","page","type-page","status-publish","hentry"],"yoast_head":"<!-- This site is optimized with the Yoast SEO plugin v24.4 - https:\/\/yoast.com\/wordpress\/plugins\/seo\/ -->\n<title>PL 3762\/2025 - Deputados - Legislapp<\/title>\n<meta name=\"robots\" content=\"index, follow, max-snippet:-1, max-image-preview:large, max-video-preview:-1\" \/>\n<link rel=\"canonical\" href=\"https:\/\/www.legislapp.com.br\/index.php\/cam-legislativa-de-mg-pl-3762-2025-3\/\" \/>\n<meta property=\"og:locale\" content=\"pt_BR\" \/>\n<meta property=\"og:type\" content=\"article\" \/>\n<meta property=\"og:title\" content=\"PL 3762\/2025 - Deputados - Legislapp\" \/>\n<meta property=\"og:description\" content=\"C\u00e2m. Legislativa de MG &#8211; Autoria de Deputados Reconhece como de relevante interesse ambiental, social e cultural do Estado a \u00e1rvore\u00a0jequitib\u00e1-rosa (&#8220;Caririana\u00a0legalis&#8221;), encontrada na\u00a0Reserva Biol\u00f3gica da Mata Escura, localizada nos Munic\u00edpios de Jequitinhonha e Almenara. Reconhece como de relevante interesse ambiental, social e cultural de Minas Gerais a \u00e1rvore jequitib\u00e1-rosa (Caririana legalis), encontrada na Reserva [&hellip;]\" \/>\n<meta property=\"og:url\" content=\"https:\/\/www.legislapp.com.br\/index.php\/cam-legislativa-de-mg-pl-3762-2025-3\/\" \/>\n<meta property=\"og:site_name\" content=\"Legislapp\" \/>\n<meta property=\"article:publisher\" content=\"https:\/\/www.instagram.com\/legislapp\/\" \/>\n<meta property=\"og:image\" content=\"https:\/\/www.legislapp.com.br\/wp-content\/uploads\/google-play.png\" \/>\n<meta name=\"twitter:card\" content=\"summary_large_image\" \/>\n<meta name=\"twitter:label1\" content=\"Est. tempo de leitura\" \/>\n\t<meta name=\"twitter:data1\" content=\"3 minutos\" \/>\n<script type=\"application\/ld+json\" class=\"yoast-schema-graph\">{\"@context\":\"https:\/\/schema.org\",\"@graph\":[{\"@type\":\"WebPage\",\"@id\":\"https:\/\/www.legislapp.com.br\/index.php\/cam-legislativa-de-mg-pl-3762-2025-3\/\",\"url\":\"https:\/\/www.legislapp.com.br\/index.php\/cam-legislativa-de-mg-pl-3762-2025-3\/\",\"name\":\"PL 3762\/2025 - Deputados - Legislapp\",\"isPartOf\":{\"@id\":\"https:\/\/www.legislapp.com.br\/#website\"},\"primaryImageOfPage\":{\"@id\":\"https:\/\/www.legislapp.com.br\/index.php\/cam-legislativa-de-mg-pl-3762-2025-3\/#primaryimage\"},\"image\":{\"@id\":\"https:\/\/www.legislapp.com.br\/index.php\/cam-legislativa-de-mg-pl-3762-2025-3\/#primaryimage\"},\"thumbnailUrl\":\"https:\/\/www.legislapp.com.br\/wp-content\/uploads\/google-play.png\",\"datePublished\":\"2025-10-08T15:12:31+00:00\",\"breadcrumb\":{\"@id\":\"https:\/\/www.legislapp.com.br\/index.php\/cam-legislativa-de-mg-pl-3762-2025-3\/#breadcrumb\"},\"inLanguage\":\"pt-BR\",\"potentialAction\":[{\"@type\":\"ReadAction\",\"target\":[\"https:\/\/www.legislapp.com.br\/index.php\/cam-legislativa-de-mg-pl-3762-2025-3\/\"]}]},{\"@type\":\"ImageObject\",\"inLanguage\":\"pt-BR\",\"@id\":\"https:\/\/www.legislapp.com.br\/index.php\/cam-legislativa-de-mg-pl-3762-2025-3\/#primaryimage\",\"url\":\"https:\/\/www.legislapp.com.br\/wp-content\/uploads\/google-play.png\",\"contentUrl\":\"https:\/\/www.legislapp.com.br\/wp-content\/uploads\/google-play.png\",\"width\":564,\"height\":168},{\"@type\":\"BreadcrumbList\",\"@id\":\"https:\/\/www.legislapp.com.br\/index.php\/cam-legislativa-de-mg-pl-3762-2025-3\/#breadcrumb\",\"itemListElement\":[{\"@type\":\"ListItem\",\"position\":1,\"name\":\"In\u00edcio\",\"item\":\"https:\/\/www.legislapp.com.br\/\"},{\"@type\":\"ListItem\",\"position\":2,\"name\":\"PL 3762\/2025 &#8211; Deputados\"}]},{\"@type\":\"WebSite\",\"@id\":\"https:\/\/www.legislapp.com.br\/#website\",\"url\":\"https:\/\/www.legislapp.com.br\/\",\"name\":\"Legislapp\",\"description\":\"Intelig\u00eancia governamental em tempo real\",\"publisher\":{\"@id\":\"https:\/\/www.legislapp.com.br\/#organization\"},\"potentialAction\":[{\"@type\":\"SearchAction\",\"target\":{\"@type\":\"EntryPoint\",\"urlTemplate\":\"https:\/\/www.legislapp.com.br\/?s={search_term_string}\"},\"query-input\":{\"@type\":\"PropertyValueSpecification\",\"valueRequired\":true,\"valueName\":\"search_term_string\"}}],\"inLanguage\":\"pt-BR\"},{\"@type\":\"Organization\",\"@id\":\"https:\/\/www.legislapp.com.br\/#organization\",\"name\":\"Legislapp Monitoramento e Intelig\u00eancia Governamental\",\"url\":\"https:\/\/www.legislapp.com.br\/\",\"logo\":{\"@type\":\"ImageObject\",\"inLanguage\":\"pt-BR\",\"@id\":\"https:\/\/www.legislapp.com.br\/#\/schema\/logo\/image\/\",\"url\":\"https:\/\/www.legislapp.com.br\/wp-content\/uploads\/icon.png\",\"contentUrl\":\"https:\/\/www.legislapp.com.br\/wp-content\/uploads\/icon.png\",\"width\":1024,\"height\":1024,\"caption\":\"Legislapp Monitoramento e Intelig\u00eancia Governamental\"},\"image\":{\"@id\":\"https:\/\/www.legislapp.com.br\/#\/schema\/logo\/image\/\"},\"sameAs\":[\"https:\/\/www.instagram.com\/legislapp\/\"]}]}<\/script>\n<!-- \/ Yoast SEO plugin. -->","yoast_head_json":{"title":"PL 3762\/2025 - Deputados - Legislapp","robots":{"index":"index","follow":"follow","max-snippet":"max-snippet:-1","max-image-preview":"max-image-preview:large","max-video-preview":"max-video-preview:-1"},"canonical":"https:\/\/www.legislapp.com.br\/index.php\/cam-legislativa-de-mg-pl-3762-2025-3\/","og_locale":"pt_BR","og_type":"article","og_title":"PL 3762\/2025 - Deputados - Legislapp","og_description":"C\u00e2m. Legislativa de MG &#8211; Autoria de Deputados Reconhece como de relevante interesse ambiental, social e cultural do Estado a \u00e1rvore\u00a0jequitib\u00e1-rosa (&#8220;Caririana\u00a0legalis&#8221;), encontrada na\u00a0Reserva Biol\u00f3gica da Mata Escura, localizada nos Munic\u00edpios de Jequitinhonha e Almenara. Reconhece como de relevante interesse ambiental, social e cultural de Minas Gerais a \u00e1rvore jequitib\u00e1-rosa (Caririana legalis), encontrada na Reserva [&hellip;]","og_url":"https:\/\/www.legislapp.com.br\/index.php\/cam-legislativa-de-mg-pl-3762-2025-3\/","og_site_name":"Legislapp","article_publisher":"https:\/\/www.instagram.com\/legislapp\/","og_image":[{"url":"https:\/\/www.legislapp.com.br\/wp-content\/uploads\/google-play.png","type":"","width":"","height":""}],"twitter_card":"summary_large_image","twitter_misc":{"Est. tempo de leitura":"3 minutos"},"schema":{"@context":"https:\/\/schema.org","@graph":[{"@type":"WebPage","@id":"https:\/\/www.legislapp.com.br\/index.php\/cam-legislativa-de-mg-pl-3762-2025-3\/","url":"https:\/\/www.legislapp.com.br\/index.php\/cam-legislativa-de-mg-pl-3762-2025-3\/","name":"PL 3762\/2025 - Deputados - Legislapp","isPartOf":{"@id":"https:\/\/www.legislapp.com.br\/#website"},"primaryImageOfPage":{"@id":"https:\/\/www.legislapp.com.br\/index.php\/cam-legislativa-de-mg-pl-3762-2025-3\/#primaryimage"},"image":{"@id":"https:\/\/www.legislapp.com.br\/index.php\/cam-legislativa-de-mg-pl-3762-2025-3\/#primaryimage"},"thumbnailUrl":"https:\/\/www.legislapp.com.br\/wp-content\/uploads\/google-play.png","datePublished":"2025-10-08T15:12:31+00:00","breadcrumb":{"@id":"https:\/\/www.legislapp.com.br\/index.php\/cam-legislativa-de-mg-pl-3762-2025-3\/#breadcrumb"},"inLanguage":"pt-BR","potentialAction":[{"@type":"ReadAction","target":["https:\/\/www.legislapp.com.br\/index.php\/cam-legislativa-de-mg-pl-3762-2025-3\/"]}]},{"@type":"ImageObject","inLanguage":"pt-BR","@id":"https:\/\/www.legislapp.com.br\/index.php\/cam-legislativa-de-mg-pl-3762-2025-3\/#primaryimage","url":"https:\/\/www.legislapp.com.br\/wp-content\/uploads\/google-play.png","contentUrl":"https:\/\/www.legislapp.com.br\/wp-content\/uploads\/google-play.png","width":564,"height":168},{"@type":"BreadcrumbList","@id":"https:\/\/www.legislapp.com.br\/index.php\/cam-legislativa-de-mg-pl-3762-2025-3\/#breadcrumb","itemListElement":[{"@type":"ListItem","position":1,"name":"In\u00edcio","item":"https:\/\/www.legislapp.com.br\/"},{"@type":"ListItem","position":2,"name":"PL 3762\/2025 &#8211; Deputados"}]},{"@type":"WebSite","@id":"https:\/\/www.legislapp.com.br\/#website","url":"https:\/\/www.legislapp.com.br\/","name":"Legislapp","description":"Intelig\u00eancia governamental em tempo real","publisher":{"@id":"https:\/\/www.legislapp.com.br\/#organization"},"potentialAction":[{"@type":"SearchAction","target":{"@type":"EntryPoint","urlTemplate":"https:\/\/www.legislapp.com.br\/?s={search_term_string}"},"query-input":{"@type":"PropertyValueSpecification","valueRequired":true,"valueName":"search_term_string"}}],"inLanguage":"pt-BR"},{"@type":"Organization","@id":"https:\/\/www.legislapp.com.br\/#organization","name":"Legislapp Monitoramento e Intelig\u00eancia Governamental","url":"https:\/\/www.legislapp.com.br\/","logo":{"@type":"ImageObject","inLanguage":"pt-BR","@id":"https:\/\/www.legislapp.com.br\/#\/schema\/logo\/image\/","url":"https:\/\/www.legislapp.com.br\/wp-content\/uploads\/icon.png","contentUrl":"https:\/\/www.legislapp.com.br\/wp-content\/uploads\/icon.png","width":1024,"height":1024,"caption":"Legislapp Monitoramento e Intelig\u00eancia Governamental"},"image":{"@id":"https:\/\/www.legislapp.com.br\/#\/schema\/logo\/image\/"},"sameAs":["https:\/\/www.instagram.com\/legislapp\/"]}]}},"_links":{"self":[{"href":"https:\/\/www.legislapp.com.br\/index.php\/wp-json\/wp\/v2\/pages\/9092","targetHints":{"allow":["GET"]}}],"collection":[{"href":"https:\/\/www.legislapp.com.br\/index.php\/wp-json\/wp\/v2\/pages"}],"about":[{"href":"https:\/\/www.legislapp.com.br\/index.php\/wp-json\/wp\/v2\/types\/page"}],"author":[{"embeddable":true,"href":"https:\/\/www.legislapp.com.br\/index.php\/wp-json\/wp\/v2\/users\/1"}],"replies":[{"embeddable":true,"href":"https:\/\/www.legislapp.com.br\/index.php\/wp-json\/wp\/v2\/comments?post=9092"}],"version-history":[{"count":0,"href":"https:\/\/www.legislapp.com.br\/index.php\/wp-json\/wp\/v2\/pages\/9092\/revisions"}],"wp:attachment":[{"href":"https:\/\/www.legislapp.com.br\/index.php\/wp-json\/wp\/v2\/media?parent=9092"}],"curies":[{"name":"wp","href":"https:\/\/api.w.org\/{rel}","templated":true}]}}