{"id":9479,"date":"2025-10-29T10:20:43","date_gmt":"2025-10-29T13:20:43","guid":{"rendered":"https:\/\/www.legislapp.com.br\/index.php\/cam-legislativa-de-mg-pl-4611-2025\/"},"modified":"2025-10-29T10:20:43","modified_gmt":"2025-10-29T13:20:43","slug":"cam-legislativa-de-mg-pl-4611-2025","status":"publish","type":"page","link":"https:\/\/www.legislapp.com.br\/index.php\/cam-legislativa-de-mg-pl-4611-2025\/","title":{"rendered":"PL 4611\/2025 &#8211; Deputados"},"content":{"rendered":"<h1 style='text-align: center;'>C\u00e2m. Legislativa de MG &#8211; Autoria de Deputados<\/h3>\n<p><\/p>\n<article style='text-align: center'>Autoriza o Poder Executivo a doar ao Munic\u00edpio de Medina o im\u00f3vel que<br \/>\nespecifica. (Destina\u00e7\u00e3o: destina-se a unidade b\u00e1sica de sa\u00fade.)<\/article>\n<p><\/p>\n<p style='text-align: center'><a href='https:\/\/app.legislapp.com.br\/#\/busca?termo='><\/a><\/p>\n<p><\/p>\n<article>Autoriza o Poder Executivo a doar ao Munic\u00edpio de Medina o im\u00f3vel que especifica.<br \/>\nA Assembleia Legislativa do Estado de Minas Gerais decreta:<br \/>\nArt. 1\u00ba \u2013 Fica o Poder Executivo autorizado a doar ao Munic\u00edpio de Medina o im\u00f3vel com \u00e1rea de 1.440,0m\u00b2 (mil quatrocentos e quarenta metros quadrados e dec\u00edmetros quadrados), e respectivas benfeitorias, situado na Rua Costa e Silva, 291, Bairro: V\u00e1rzea, no Munic\u00edpio de Medina, e registrado sob o n\u00ba 2.604, a fls. 169 do Livro 48, no Cart\u00f3rio de Registro de Im\u00f3veis da Comarca de Medina.<br \/>\nPar\u00e1grafo \u00fanico \u2013 O im\u00f3vel a que se refere o caput deste artigo destina-se a unidade b\u00e1sica de sa\u00fade.<br \/>\nArt. 2\u00ba \u2013 O im\u00f3vel de que trata esta lei reverter\u00e1 ao patrim\u00f4nio do Estado se, findo o prazo de 5 anos contados da lavratura da escritura p\u00fablica de doa\u00e7\u00e3o, n\u00e3o lhe tiver sido dada a destina\u00e7\u00e3o prevista no par\u00e1grafo \u00fanico do art. 1\u00ba.<br \/>\nArt. 3\u00ba \u2013 Esta lei entra em vigor na data de sua publica\u00e7\u00e3o.<br \/>\nSala das Reuni\u00f5es, 14 de outubro de 2025.<br \/>\nCarlos Henrique (Republicanos), presidente da Comiss\u00e3o de Reda\u00e7\u00e3o.<br \/>\nJustifica\u00e7\u00e3o: O presente projeto de lei tem por finalidade autorizar a doa\u00e7\u00e3o de terreno pertencente ao Estado de Minas Gerais ao munic\u00edpio de Medina, desde que j\u00e1 esteja instalado e em funcionamento no terreno objeto da doa\u00e7\u00e3o uma Unidade B\u00e1sica de Sa\u00fade \u2013 UBS. A UBS instalada no terreno j\u00e1 est\u00e1 em funcionamento e presta servi\u00e7os b\u00e1sicos de sa\u00fade \u00e0 popula\u00e7\u00e3o local, inserida no Sistema \u00danico de Sa\u00fade \u2013 SUS. Essa unidade \u00e9 essencial para o atendimento prim\u00e1rio, preven\u00e7\u00e3o de doen\u00e7as, promo\u00e7\u00e3o da sa\u00fade e acesso \u00e0 assist\u00eancia b\u00e1sica.<br \/>\nAo formalizar a doa\u00e7\u00e3o do terreno ao munic\u00edpio, garante-se estabilidade e seguran\u00e7a jur\u00eddica para a continuidade, manuten\u00e7\u00e3o, expans\u00e3o e aprimoramento da UBS, pois elimina risco de disputa ou contesta\u00e7\u00e3o sobre o im\u00f3vel, bem como possibilita investimentos p\u00fablicos municipais de forma mais estruturada. A doa\u00e7\u00e3o tende a reduzir custos burocr\u00e1ticos e operacionais: o munic\u00edpio poder\u00e1 investir diretamente na infraestrutura, amplia\u00e7\u00e3o, adapta\u00e7\u00f5es ou benfeitorias sem depender de autoriza\u00e7\u00e3o estadual sobre o uso do terreno. A Constitui\u00e7\u00e3o Federal assegura que a sa\u00fade \u00e9 direito fundamental do cidad\u00e3o e dever do Estado, com a\u00e7\u00e3o conjunta da Uni\u00e3o, Estados, Distrito Federal e Munic\u00edpios (art. 196).<br \/>\nA doa\u00e7\u00e3o em causa refor\u00e7a essa coopera\u00e7\u00e3o federativa para o cumprimento desse dever. A doa\u00e7\u00e3o de bem p\u00fablico estadual deve obedecer aos requisitos legais, especialmente haver lei autorizadora, demonstra\u00e7\u00e3o de interesse p\u00fablico e que n\u00e3o haja destina\u00e7\u00e3o conflitante, bem como garantir mecanismos de revers\u00e3o caso a finalidade deixe de ser atendida com a doa\u00e7\u00e3o, estar\u00e3o preservados os princ\u00edpios da efici\u00eancia e continuidade dos servi\u00e7os p\u00fablicos de sa\u00fade, evitando interrup\u00e7\u00f5es ou inseguran\u00e7as jur\u00eddicas que possam comprometer os atendimentos. O munic\u00edpio beneficiado ganha a titularidade plena do terreno, o que permite planejar sua estrutura urbana local, integrando a UBS ao planejamento municipal de sa\u00fade, infraestrutura, mobilidade e uso do solo. A posse plena do im\u00f3vel pelo munic\u00edpio pode facilitar parcerias, capta\u00e7\u00e3o de recursos federais ou estaduais, programas de sa\u00fade, federaliza\u00e7\u00e3o ou conv\u00eanios, uma vez que ter a titularidade do im\u00f3vel \u00e9 muitas vezes requisito para esses programas. A doa\u00e7\u00e3o refor\u00e7a o pacto federativo, delegando ao ente local a responsabilidade de manter, gerir e aprimorar o equipamento de sa\u00fade para benef\u00edcio direto da popula\u00e7\u00e3o local. O projeto de lei determina cl\u00e1usula de revers\u00e3o autom\u00e1tica do im\u00f3vel ao patrim\u00f4nio do Estado caso o munic\u00edpio deixe de atender \u00e0 finalidade (manuten\u00e7\u00e3o da UBS) por prazo definido ou abandone a unidade.<br \/>\n\u2013 Publicado, vai o projeto \u00e0s Comiss\u00f5es de Justi\u00e7a e de Administra\u00e7\u00e3o P\u00fablica para parecer, nos termos do art. 188, c\/c o art. 102, do Regimento Interno.<\/article>\n<div style=\"text-align: center\">\n<div style=\"margin-bottom: 20px;\" class=\"et_pb_button_module_wrapper et_pb_button_5_tb_body_wrapper et_pb_button_alignment_center et_pb_module \">\n         <a class=\"et_pb_button et_pb_button_5_tb_body et_hover_enabled et_pb_bg_layout_dark\" style=\"width: 50%;background-color: black;\" href=\"https:\/\/app.legislapp.com.br\" target=\"_blank\" rel=\"noopener\">Visualizar completo na nossa plataforma (30 dias gr\u00e1tis)<\/a><\/p><\/div>\n<p>      <a href=\"https:\/\/play.google.com\/store\/apps\/details?id=br.com.legislapp\"><img decoding=\"async\" style=\"width: 15%; min-width: 130px;\" src=\"https:\/\/www.legislapp.com.br\/wp-content\/uploads\/google-play.png\"><\/a><br \/>\n      <a href=\"https:\/\/apps.apple.com\/us\/app\/legislapp\/id1568929859\"><img decoding=\"async\" style=\"width: 15%; min-width: 130px\" src=\"https:\/\/www.legislapp.com.br\/wp-content\/uploads\/apple-store.png\"><\/a>\n   <\/div>\n","protected":false},"excerpt":{"rendered":"<p>C\u00e2m. Legislativa de MG &#8211; Autoria de Deputados Autoriza o Poder Executivo a doar ao Munic\u00edpio de Medina o im\u00f3vel que especifica. (Destina\u00e7\u00e3o: destina-se a unidade b\u00e1sica de sa\u00fade.) Autoriza o Poder Executivo a doar ao Munic\u00edpio de Medina o im\u00f3vel que especifica. A Assembleia Legislativa do Estado de Minas Gerais decreta: Art. 1\u00ba \u2013 [&hellip;]<\/p>\n","protected":false},"author":1,"featured_media":0,"parent":0,"menu_order":0,"comment_status":"closed","ping_status":"closed","template":"page-template-blank.php","meta":{"_et_pb_use_builder":"","_et_pb_old_content":"","_et_gb_content_width":"1080","ngg_post_thumbnail":0,"footnotes":""},"class_list":["post-9479","page","type-page","status-publish","hentry"],"yoast_head":"<!-- This site is optimized with the Yoast SEO plugin v24.4 - https:\/\/yoast.com\/wordpress\/plugins\/seo\/ -->\n<title>PL 4611\/2025 - Deputados - Legislapp<\/title>\n<meta name=\"robots\" content=\"index, follow, max-snippet:-1, max-image-preview:large, max-video-preview:-1\" \/>\n<link rel=\"canonical\" href=\"https:\/\/www.legislapp.com.br\/index.php\/cam-legislativa-de-mg-pl-4611-2025\/\" \/>\n<meta property=\"og:locale\" content=\"pt_BR\" \/>\n<meta property=\"og:type\" content=\"article\" \/>\n<meta property=\"og:title\" content=\"PL 4611\/2025 - Deputados - Legislapp\" \/>\n<meta property=\"og:description\" content=\"C\u00e2m. Legislativa de MG &#8211; Autoria de Deputados Autoriza o Poder Executivo a doar ao Munic\u00edpio de Medina o im\u00f3vel que especifica. (Destina\u00e7\u00e3o: destina-se a unidade b\u00e1sica de sa\u00fade.) Autoriza o Poder Executivo a doar ao Munic\u00edpio de Medina o im\u00f3vel que especifica. A Assembleia Legislativa do Estado de Minas Gerais decreta: Art. 1\u00ba \u2013 [&hellip;]\" \/>\n<meta property=\"og:url\" content=\"https:\/\/www.legislapp.com.br\/index.php\/cam-legislativa-de-mg-pl-4611-2025\/\" \/>\n<meta property=\"og:site_name\" content=\"Legislapp\" \/>\n<meta property=\"article:publisher\" content=\"https:\/\/www.instagram.com\/legislapp\/\" \/>\n<meta property=\"og:image\" content=\"https:\/\/www.legislapp.com.br\/wp-content\/uploads\/google-play.png\" \/>\n<meta name=\"twitter:card\" content=\"summary_large_image\" \/>\n<meta name=\"twitter:label1\" content=\"Est. tempo de leitura\" \/>\n\t<meta name=\"twitter:data1\" content=\"4 minutos\" \/>\n<script type=\"application\/ld+json\" class=\"yoast-schema-graph\">{\"@context\":\"https:\/\/schema.org\",\"@graph\":[{\"@type\":\"WebPage\",\"@id\":\"https:\/\/www.legislapp.com.br\/index.php\/cam-legislativa-de-mg-pl-4611-2025\/\",\"url\":\"https:\/\/www.legislapp.com.br\/index.php\/cam-legislativa-de-mg-pl-4611-2025\/\",\"name\":\"PL 4611\/2025 - Deputados - Legislapp\",\"isPartOf\":{\"@id\":\"https:\/\/www.legislapp.com.br\/#website\"},\"primaryImageOfPage\":{\"@id\":\"https:\/\/www.legislapp.com.br\/index.php\/cam-legislativa-de-mg-pl-4611-2025\/#primaryimage\"},\"image\":{\"@id\":\"https:\/\/www.legislapp.com.br\/index.php\/cam-legislativa-de-mg-pl-4611-2025\/#primaryimage\"},\"thumbnailUrl\":\"https:\/\/www.legislapp.com.br\/wp-content\/uploads\/google-play.png\",\"datePublished\":\"2025-10-29T13:20:43+00:00\",\"breadcrumb\":{\"@id\":\"https:\/\/www.legislapp.com.br\/index.php\/cam-legislativa-de-mg-pl-4611-2025\/#breadcrumb\"},\"inLanguage\":\"pt-BR\",\"potentialAction\":[{\"@type\":\"ReadAction\",\"target\":[\"https:\/\/www.legislapp.com.br\/index.php\/cam-legislativa-de-mg-pl-4611-2025\/\"]}]},{\"@type\":\"ImageObject\",\"inLanguage\":\"pt-BR\",\"@id\":\"https:\/\/www.legislapp.com.br\/index.php\/cam-legislativa-de-mg-pl-4611-2025\/#primaryimage\",\"url\":\"https:\/\/www.legislapp.com.br\/wp-content\/uploads\/google-play.png\",\"contentUrl\":\"https:\/\/www.legislapp.com.br\/wp-content\/uploads\/google-play.png\",\"width\":564,\"height\":168},{\"@type\":\"BreadcrumbList\",\"@id\":\"https:\/\/www.legislapp.com.br\/index.php\/cam-legislativa-de-mg-pl-4611-2025\/#breadcrumb\",\"itemListElement\":[{\"@type\":\"ListItem\",\"position\":1,\"name\":\"In\u00edcio\",\"item\":\"https:\/\/www.legislapp.com.br\/\"},{\"@type\":\"ListItem\",\"position\":2,\"name\":\"PL 4611\/2025 &#8211; Deputados\"}]},{\"@type\":\"WebSite\",\"@id\":\"https:\/\/www.legislapp.com.br\/#website\",\"url\":\"https:\/\/www.legislapp.com.br\/\",\"name\":\"Legislapp\",\"description\":\"Intelig\u00eancia governamental em tempo real\",\"publisher\":{\"@id\":\"https:\/\/www.legislapp.com.br\/#organization\"},\"potentialAction\":[{\"@type\":\"SearchAction\",\"target\":{\"@type\":\"EntryPoint\",\"urlTemplate\":\"https:\/\/www.legislapp.com.br\/?s={search_term_string}\"},\"query-input\":{\"@type\":\"PropertyValueSpecification\",\"valueRequired\":true,\"valueName\":\"search_term_string\"}}],\"inLanguage\":\"pt-BR\"},{\"@type\":\"Organization\",\"@id\":\"https:\/\/www.legislapp.com.br\/#organization\",\"name\":\"Legislapp Monitoramento e Intelig\u00eancia Governamental\",\"url\":\"https:\/\/www.legislapp.com.br\/\",\"logo\":{\"@type\":\"ImageObject\",\"inLanguage\":\"pt-BR\",\"@id\":\"https:\/\/www.legislapp.com.br\/#\/schema\/logo\/image\/\",\"url\":\"https:\/\/www.legislapp.com.br\/wp-content\/uploads\/icon.png\",\"contentUrl\":\"https:\/\/www.legislapp.com.br\/wp-content\/uploads\/icon.png\",\"width\":1024,\"height\":1024,\"caption\":\"Legislapp Monitoramento e Intelig\u00eancia Governamental\"},\"image\":{\"@id\":\"https:\/\/www.legislapp.com.br\/#\/schema\/logo\/image\/\"},\"sameAs\":[\"https:\/\/www.instagram.com\/legislapp\/\"]}]}<\/script>\n<!-- \/ Yoast SEO plugin. -->","yoast_head_json":{"title":"PL 4611\/2025 - Deputados - Legislapp","robots":{"index":"index","follow":"follow","max-snippet":"max-snippet:-1","max-image-preview":"max-image-preview:large","max-video-preview":"max-video-preview:-1"},"canonical":"https:\/\/www.legislapp.com.br\/index.php\/cam-legislativa-de-mg-pl-4611-2025\/","og_locale":"pt_BR","og_type":"article","og_title":"PL 4611\/2025 - Deputados - Legislapp","og_description":"C\u00e2m. Legislativa de MG &#8211; Autoria de Deputados Autoriza o Poder Executivo a doar ao Munic\u00edpio de Medina o im\u00f3vel que especifica. (Destina\u00e7\u00e3o: destina-se a unidade b\u00e1sica de sa\u00fade.) Autoriza o Poder Executivo a doar ao Munic\u00edpio de Medina o im\u00f3vel que especifica. A Assembleia Legislativa do Estado de Minas Gerais decreta: Art. 1\u00ba \u2013 [&hellip;]","og_url":"https:\/\/www.legislapp.com.br\/index.php\/cam-legislativa-de-mg-pl-4611-2025\/","og_site_name":"Legislapp","article_publisher":"https:\/\/www.instagram.com\/legislapp\/","og_image":[{"url":"https:\/\/www.legislapp.com.br\/wp-content\/uploads\/google-play.png","type":"","width":"","height":""}],"twitter_card":"summary_large_image","twitter_misc":{"Est. tempo de leitura":"4 minutos"},"schema":{"@context":"https:\/\/schema.org","@graph":[{"@type":"WebPage","@id":"https:\/\/www.legislapp.com.br\/index.php\/cam-legislativa-de-mg-pl-4611-2025\/","url":"https:\/\/www.legislapp.com.br\/index.php\/cam-legislativa-de-mg-pl-4611-2025\/","name":"PL 4611\/2025 - Deputados - Legislapp","isPartOf":{"@id":"https:\/\/www.legislapp.com.br\/#website"},"primaryImageOfPage":{"@id":"https:\/\/www.legislapp.com.br\/index.php\/cam-legislativa-de-mg-pl-4611-2025\/#primaryimage"},"image":{"@id":"https:\/\/www.legislapp.com.br\/index.php\/cam-legislativa-de-mg-pl-4611-2025\/#primaryimage"},"thumbnailUrl":"https:\/\/www.legislapp.com.br\/wp-content\/uploads\/google-play.png","datePublished":"2025-10-29T13:20:43+00:00","breadcrumb":{"@id":"https:\/\/www.legislapp.com.br\/index.php\/cam-legislativa-de-mg-pl-4611-2025\/#breadcrumb"},"inLanguage":"pt-BR","potentialAction":[{"@type":"ReadAction","target":["https:\/\/www.legislapp.com.br\/index.php\/cam-legislativa-de-mg-pl-4611-2025\/"]}]},{"@type":"ImageObject","inLanguage":"pt-BR","@id":"https:\/\/www.legislapp.com.br\/index.php\/cam-legislativa-de-mg-pl-4611-2025\/#primaryimage","url":"https:\/\/www.legislapp.com.br\/wp-content\/uploads\/google-play.png","contentUrl":"https:\/\/www.legislapp.com.br\/wp-content\/uploads\/google-play.png","width":564,"height":168},{"@type":"BreadcrumbList","@id":"https:\/\/www.legislapp.com.br\/index.php\/cam-legislativa-de-mg-pl-4611-2025\/#breadcrumb","itemListElement":[{"@type":"ListItem","position":1,"name":"In\u00edcio","item":"https:\/\/www.legislapp.com.br\/"},{"@type":"ListItem","position":2,"name":"PL 4611\/2025 &#8211; Deputados"}]},{"@type":"WebSite","@id":"https:\/\/www.legislapp.com.br\/#website","url":"https:\/\/www.legislapp.com.br\/","name":"Legislapp","description":"Intelig\u00eancia governamental em tempo real","publisher":{"@id":"https:\/\/www.legislapp.com.br\/#organization"},"potentialAction":[{"@type":"SearchAction","target":{"@type":"EntryPoint","urlTemplate":"https:\/\/www.legislapp.com.br\/?s={search_term_string}"},"query-input":{"@type":"PropertyValueSpecification","valueRequired":true,"valueName":"search_term_string"}}],"inLanguage":"pt-BR"},{"@type":"Organization","@id":"https:\/\/www.legislapp.com.br\/#organization","name":"Legislapp Monitoramento e Intelig\u00eancia Governamental","url":"https:\/\/www.legislapp.com.br\/","logo":{"@type":"ImageObject","inLanguage":"pt-BR","@id":"https:\/\/www.legislapp.com.br\/#\/schema\/logo\/image\/","url":"https:\/\/www.legislapp.com.br\/wp-content\/uploads\/icon.png","contentUrl":"https:\/\/www.legislapp.com.br\/wp-content\/uploads\/icon.png","width":1024,"height":1024,"caption":"Legislapp Monitoramento e Intelig\u00eancia Governamental"},"image":{"@id":"https:\/\/www.legislapp.com.br\/#\/schema\/logo\/image\/"},"sameAs":["https:\/\/www.instagram.com\/legislapp\/"]}]}},"_links":{"self":[{"href":"https:\/\/www.legislapp.com.br\/index.php\/wp-json\/wp\/v2\/pages\/9479","targetHints":{"allow":["GET"]}}],"collection":[{"href":"https:\/\/www.legislapp.com.br\/index.php\/wp-json\/wp\/v2\/pages"}],"about":[{"href":"https:\/\/www.legislapp.com.br\/index.php\/wp-json\/wp\/v2\/types\/page"}],"author":[{"embeddable":true,"href":"https:\/\/www.legislapp.com.br\/index.php\/wp-json\/wp\/v2\/users\/1"}],"replies":[{"embeddable":true,"href":"https:\/\/www.legislapp.com.br\/index.php\/wp-json\/wp\/v2\/comments?post=9479"}],"version-history":[{"count":0,"href":"https:\/\/www.legislapp.com.br\/index.php\/wp-json\/wp\/v2\/pages\/9479\/revisions"}],"wp:attachment":[{"href":"https:\/\/www.legislapp.com.br\/index.php\/wp-json\/wp\/v2\/media?parent=9479"}],"curies":[{"name":"wp","href":"https:\/\/api.w.org\/{rel}","templated":true}]}}