{"id":9485,"date":"2025-10-29T10:21:04","date_gmt":"2025-10-29T13:21:04","guid":{"rendered":"https:\/\/www.legislapp.com.br\/index.php\/cam-legislativa-de-sc-pl-0761-2025\/"},"modified":"2025-10-29T10:21:04","modified_gmt":"2025-10-29T13:21:04","slug":"cam-legislativa-de-sc-pl-0761-2025","status":"publish","type":"page","link":"https:\/\/www.legislapp.com.br\/index.php\/cam-legislativa-de-sc-pl-0761-2025\/","title":{"rendered":"PL.\/0761\/2025 &#8211; M\u00e1rio Motta"},"content":{"rendered":"<h1 style='text-align: center;'>C\u00e2m. Legislativa de SC &#8211; Autoria de M\u00e1rio Motta<\/h3>\n<p><\/p>\n<article style='text-align: center'>Altera a Lei n\u00ba 17.565, de 2018, para declarar Ava\u00ed Futebol Clube, integrante Patrim\u00f4nio Cultural Imaterial do Estado de Santa Catarina.<\/article>\n<p><\/p>\n<p style='text-align: center'><a href='https:\/\/app.legislapp.com.br\/#\/busca?termo='><\/a><\/p>\n<p><\/p>\n<article>ASSEMBLEIA LEGISLATIVA GABINETE DEPUTADO<br \/>\nESTADO DE SANTA CATARINA M\u00c1RIO MOTTA<br \/>\n\u00a0<br \/>\nPROJETO DE LEI<br \/>\n\u00a0<br \/>\nAltera a Lei n\u00ba 17.565, de 2018, para declarar o Ava\u00ed Futebol Clube,<br \/>\nintegrante do Patrim\u00f4nio Cultural Imaterial do Estado de Santa Catarina.<br \/>\n\u00a0<br \/>\n\u00a0<br \/>\nArt. 1\u00ba O Ava\u00ed Futebol Clube, passa a ser declarado integrante do<br \/>\nPatrim\u00f4nio Cultural Imaterial do Estado de Santa Catarina.<br \/>\n\u00a0<br \/>\nPar\u00e1grafo \u00fanico. A presente declara\u00e7\u00e3o n\u00e3o impede a realiza\u00e7\u00e3o de obras,<br \/>\nreformas, benfeitorias ou outras interven\u00e7\u00f5es.<br \/>\n\u00a0<br \/>\nArt. 2\u00ba O anexo I &#8220;Do Patrim\u00f4nio Cultural&#8221;, da Lei n. 17.565, de 2018, passa<br \/>\na vigorar em conformidade com a reda\u00e7\u00e3o do anexo \u00fanico desta Lei.<br \/>\n\u00a0<br \/>\nArt. 3\u00ba Esta Lei entra em vigor na data de sua publica\u00e7\u00e3o.<br \/>\n\u00a0<br \/>\n\u00a0<br \/>\n\u00a0<br \/>\n\u00a0<br \/>\nSala da Sess\u00f5es,\u00a0\u00a0\u00a0\u00a0\u00a0<br \/>\n\u00a0<br \/>\nDeputado M\u00e1rio Motta<br \/>\n\u00a0<br \/>\n\u00a0\u00a0<br \/>\n\u00a0<br \/>\n\u00a0<br \/>\nANEXO \u00daNICO<br \/>\n\u00a0(Altera o Anexo I da Lei n. 17.565, de 20181 )<br \/>\n\u00a0<br \/>\n\u00a0<br \/>\n&#8220;ANEXO I<br \/>\nDO PATRIM\u00d4NIO CULTURAL<br \/>\n\u00a0<br \/>\nPatrim\u00f4nio Cultural Lei Original<br \/>\n&#8230;&#8230;&#8230;&#8230;&#8230;&#8230;&#8230;&#8230;&#8230;&#8230;&#8230;&#8230;&#8230;&#8230;&#8230;&#8230;&#8230;&#8230;&#8230;&#8230;&#8230;&#8230;. &#8230;&#8230;&#8230;&#8230;&#8230;&#8230;&#8230;&#8230;&#8230;&#8230;&#8230;&#8230;&#8230;&#8230;&#8230;&#8230;&#8230;&#8230;&#8230;&#8230;&#8230;&#8230;&#8230;&#8230;&#8230;&#8230;&#8230;&#8230;&#8230;.<br \/>\nAva\u00ed Futebol Clube \u00a0<br \/>\n&#8230;&#8230;&#8230;&#8230;&#8230;&#8230;&#8230;&#8230;&#8230;&#8230;&#8230;&#8230;&#8230;&#8230;&#8230;&#8230;&#8230;&#8230;&#8230;&#8230;&#8230;&#8230;. &#8230;&#8230;&#8230;&#8230;&#8230;&#8230;&#8230;&#8230;&#8230;&#8230;&#8230;&#8230;&#8230;&#8230;&#8230;&#8230;&#8230;&#8230;&#8230;&#8230;&#8230;&#8230;&#8230;&#8230;&#8230;&#8230;&#8230;&#8230;&#8230;<br \/>\n\u00a0 \u00a0<br \/>\n\u00a0&#8221; (N)<br \/>\n\u00a0<br \/>\n\u00a0<br \/>\n\u00a0<br \/>\nSala da Sess\u00f5es,\u00a0\u00a0\u00a0\u00a0\u00a0<br \/>\n\u00a0<br \/>\nDeputado M\u00e1rio Motta<br \/>\n\u00a0<br \/>\n\u00a0<br \/>\n\u00a0<br \/>\n\u00a0<br \/>\n\u00a0<br \/>\n\u00a0<br \/>\n\u00a0\u00a0<br \/>\nJUSTIFICA\u00c7\u00c3O<br \/>\n\u00a0<br \/>\n\u00a0<br \/>\nO presente Projeto de Lei tem por finalidade reconhecer oficialmente a<br \/>\nrelev\u00e2ncia hist\u00f3rica, cultural, esportiva e social do Ava\u00ed Futebol Clube, declarando-o integrante do<br \/>\nPatrim\u00f4nio Cultural Imaterial do Estado de Santa Catarina.<br \/>\n\u00a0<br \/>\nO Ava\u00ed Futebol Clube teve in\u00edcio em 1923, quando o comerciante Amadeu<br \/>\nHorn conheceu um grupo de garotos que jogavam bola na Rua Frei Caneca, no bairro Pedra Grande<br \/>\n(atual Agron\u00f4mica), em Florian\u00f3polis. Com o desejo de apoiar o sonho daqueles jovens, Amadeu<br \/>\npresenteou o grupo com uniformes completos \u2013 uma bola, chuteiras, camisas listradas em azul e<br \/>\nbranco, cal\u00e7\u00f5es e meias azuis. As cores do time foram escolhidas em homenagem ao Clube de Remo<br \/>\nRiachuelo, e o nome \u201cAvahy\u201d foi sugerido por Horn, inspirado na Batalha do Avahy, da Guerra do<br \/>\nParaguai.<br \/>\n\u00a0<br \/>\nMais do que um time de futebol, o Ava\u00ed \u00e9 s\u00edmbolo de identidade,<br \/>\npertencimento e mem\u00f3ria coletiva, representando gera\u00e7\u00f5es de torcedores que fazem do esporte um<br \/>\nelo de uni\u00e3o, celebra\u00e7\u00e3o e orgulho para Santa Catarina. Suas cores, seu hino, o Est\u00e1dio da<br \/>\nRessacada e a paix\u00e3o de sua torcida transcendem o universo esportivo, consolidando-se como<br \/>\nelementos culturais que expressam o modo de ser e viver do catarinense.<br \/>\n\u00a0<br \/>\nO clube cumpre papel fundamental como espa\u00e7o de conviv\u00eancia e inclus\u00e3o<br \/>\nsocial, promovendo a forma\u00e7\u00e3o de atletas e cidad\u00e3os, estimulando valores como disciplina, supera\u00e7\u00e3o<br \/>\ne esp\u00edrito de equipe. Al\u00e9m disso, o Ava\u00ed \u00e9 respons\u00e1vel por fortalecer a imagem de Florian\u00f3polis e do<br \/>\nEstado no cen\u00e1rio nacional, contribuindo para o desenvolvimento do esporte e para a valoriza\u00e7\u00e3o da<br \/>\ncultura local.<br \/>\n\u00a0<br \/>\nDiante do exposto, solicita-se o apoio dos nobres pares para a aprova\u00e7\u00e3o<br \/>\ndeste Projeto de Lei, de modo a consolidar e perpetuar o legado hist\u00f3rico, cultural e social do Ava\u00ed<br \/>\nFutebol Clube no \u00e2mbito do Estado de Santa Catarina.<br \/>\n\u00a0<br \/>\n\u00a0<br \/>\n\u00a0<br \/>\n\u00a0<br \/>\nSala da Sess\u00f5es,\u00a0\u00a0\u00a0\u00a0\u00a0<br \/>\n\u00a0<br \/>\nDeputado M\u00e1rio Motta<br \/>\nELEGIS<br \/>\nDocumento assinado eletronicamente por Mario Pinto da Motta Junior, em<br \/>\nSistema de Processo<br \/>\n17\/10\/2025, \u00e0s 11:41.<br \/>\nLegislativo Eletr\u00f4nico<\/article>\n<div style=\"text-align: center\">\n<div style=\"margin-bottom: 20px;\" class=\"et_pb_button_module_wrapper et_pb_button_5_tb_body_wrapper et_pb_button_alignment_center et_pb_module \">\n         <a class=\"et_pb_button et_pb_button_5_tb_body et_hover_enabled et_pb_bg_layout_dark\" style=\"width: 50%;background-color: black;\" href=\"https:\/\/app.legislapp.com.br\" target=\"_blank\" rel=\"noopener\">Visualizar completo na nossa plataforma (30 dias gr\u00e1tis)<\/a><\/p><\/div>\n<p>      <a href=\"https:\/\/play.google.com\/store\/apps\/details?id=br.com.legislapp\"><img decoding=\"async\" style=\"width: 15%; min-width: 130px;\" src=\"https:\/\/www.legislapp.com.br\/wp-content\/uploads\/google-play.png\"><\/a><br \/>\n      <a href=\"https:\/\/apps.apple.com\/us\/app\/legislapp\/id1568929859\"><img decoding=\"async\" style=\"width: 15%; min-width: 130px\" src=\"https:\/\/www.legislapp.com.br\/wp-content\/uploads\/apple-store.png\"><\/a>\n   <\/div>\n","protected":false},"excerpt":{"rendered":"<p>C\u00e2m. Legislativa de SC &#8211; Autoria de M\u00e1rio Motta Altera a Lei n\u00ba 17.565, de 2018, para declarar Ava\u00ed Futebol Clube, integrante Patrim\u00f4nio Cultural Imaterial do Estado de Santa Catarina. ASSEMBLEIA LEGISLATIVA GABINETE DEPUTADO ESTADO DE SANTA CATARINA M\u00c1RIO MOTTA \u00a0 PROJETO DE LEI \u00a0 Altera a Lei n\u00ba 17.565, de 2018, para declarar o [&hellip;]<\/p>\n","protected":false},"author":1,"featured_media":0,"parent":0,"menu_order":0,"comment_status":"closed","ping_status":"closed","template":"page-template-blank.php","meta":{"_et_pb_use_builder":"","_et_pb_old_content":"","_et_gb_content_width":"1080","ngg_post_thumbnail":0,"footnotes":""},"class_list":["post-9485","page","type-page","status-publish","hentry"],"yoast_head":"<!-- This site is optimized with the Yoast SEO plugin v24.4 - https:\/\/yoast.com\/wordpress\/plugins\/seo\/ -->\n<title>PL.\/0761\/2025 - M\u00e1rio Motta - Legislapp<\/title>\n<meta name=\"robots\" content=\"index, follow, max-snippet:-1, max-image-preview:large, max-video-preview:-1\" \/>\n<link rel=\"canonical\" href=\"https:\/\/www.legislapp.com.br\/index.php\/cam-legislativa-de-sc-pl-0761-2025\/\" \/>\n<meta property=\"og:locale\" content=\"pt_BR\" \/>\n<meta property=\"og:type\" content=\"article\" \/>\n<meta property=\"og:title\" content=\"PL.\/0761\/2025 - M\u00e1rio Motta - Legislapp\" \/>\n<meta property=\"og:description\" content=\"C\u00e2m. Legislativa de SC &#8211; Autoria de M\u00e1rio Motta Altera a Lei n\u00ba 17.565, de 2018, para declarar Ava\u00ed Futebol Clube, integrante Patrim\u00f4nio Cultural Imaterial do Estado de Santa Catarina. ASSEMBLEIA LEGISLATIVA GABINETE DEPUTADO ESTADO DE SANTA CATARINA M\u00c1RIO MOTTA \u00a0 PROJETO DE LEI \u00a0 Altera a Lei n\u00ba 17.565, de 2018, para declarar o [&hellip;]\" \/>\n<meta property=\"og:url\" content=\"https:\/\/www.legislapp.com.br\/index.php\/cam-legislativa-de-sc-pl-0761-2025\/\" \/>\n<meta property=\"og:site_name\" content=\"Legislapp\" \/>\n<meta property=\"article:publisher\" content=\"https:\/\/www.instagram.com\/legislapp\/\" \/>\n<meta property=\"og:image\" content=\"https:\/\/www.legislapp.com.br\/wp-content\/uploads\/google-play.png\" \/>\n<meta name=\"twitter:card\" content=\"summary_large_image\" \/>\n<meta name=\"twitter:label1\" content=\"Est. tempo de leitura\" \/>\n\t<meta name=\"twitter:data1\" content=\"3 minutos\" \/>\n<script type=\"application\/ld+json\" class=\"yoast-schema-graph\">{\"@context\":\"https:\/\/schema.org\",\"@graph\":[{\"@type\":\"WebPage\",\"@id\":\"https:\/\/www.legislapp.com.br\/index.php\/cam-legislativa-de-sc-pl-0761-2025\/\",\"url\":\"https:\/\/www.legislapp.com.br\/index.php\/cam-legislativa-de-sc-pl-0761-2025\/\",\"name\":\"PL.\/0761\/2025 - M\u00e1rio Motta - Legislapp\",\"isPartOf\":{\"@id\":\"https:\/\/www.legislapp.com.br\/#website\"},\"primaryImageOfPage\":{\"@id\":\"https:\/\/www.legislapp.com.br\/index.php\/cam-legislativa-de-sc-pl-0761-2025\/#primaryimage\"},\"image\":{\"@id\":\"https:\/\/www.legislapp.com.br\/index.php\/cam-legislativa-de-sc-pl-0761-2025\/#primaryimage\"},\"thumbnailUrl\":\"https:\/\/www.legislapp.com.br\/wp-content\/uploads\/google-play.png\",\"datePublished\":\"2025-10-29T13:21:04+00:00\",\"breadcrumb\":{\"@id\":\"https:\/\/www.legislapp.com.br\/index.php\/cam-legislativa-de-sc-pl-0761-2025\/#breadcrumb\"},\"inLanguage\":\"pt-BR\",\"potentialAction\":[{\"@type\":\"ReadAction\",\"target\":[\"https:\/\/www.legislapp.com.br\/index.php\/cam-legislativa-de-sc-pl-0761-2025\/\"]}]},{\"@type\":\"ImageObject\",\"inLanguage\":\"pt-BR\",\"@id\":\"https:\/\/www.legislapp.com.br\/index.php\/cam-legislativa-de-sc-pl-0761-2025\/#primaryimage\",\"url\":\"https:\/\/www.legislapp.com.br\/wp-content\/uploads\/google-play.png\",\"contentUrl\":\"https:\/\/www.legislapp.com.br\/wp-content\/uploads\/google-play.png\",\"width\":564,\"height\":168},{\"@type\":\"BreadcrumbList\",\"@id\":\"https:\/\/www.legislapp.com.br\/index.php\/cam-legislativa-de-sc-pl-0761-2025\/#breadcrumb\",\"itemListElement\":[{\"@type\":\"ListItem\",\"position\":1,\"name\":\"In\u00edcio\",\"item\":\"https:\/\/www.legislapp.com.br\/\"},{\"@type\":\"ListItem\",\"position\":2,\"name\":\"PL.\/0761\/2025 &#8211; M\u00e1rio Motta\"}]},{\"@type\":\"WebSite\",\"@id\":\"https:\/\/www.legislapp.com.br\/#website\",\"url\":\"https:\/\/www.legislapp.com.br\/\",\"name\":\"Legislapp\",\"description\":\"Intelig\u00eancia governamental em tempo real\",\"publisher\":{\"@id\":\"https:\/\/www.legislapp.com.br\/#organization\"},\"potentialAction\":[{\"@type\":\"SearchAction\",\"target\":{\"@type\":\"EntryPoint\",\"urlTemplate\":\"https:\/\/www.legislapp.com.br\/?s={search_term_string}\"},\"query-input\":{\"@type\":\"PropertyValueSpecification\",\"valueRequired\":true,\"valueName\":\"search_term_string\"}}],\"inLanguage\":\"pt-BR\"},{\"@type\":\"Organization\",\"@id\":\"https:\/\/www.legislapp.com.br\/#organization\",\"name\":\"Legislapp Monitoramento e Intelig\u00eancia Governamental\",\"url\":\"https:\/\/www.legislapp.com.br\/\",\"logo\":{\"@type\":\"ImageObject\",\"inLanguage\":\"pt-BR\",\"@id\":\"https:\/\/www.legislapp.com.br\/#\/schema\/logo\/image\/\",\"url\":\"https:\/\/www.legislapp.com.br\/wp-content\/uploads\/icon.png\",\"contentUrl\":\"https:\/\/www.legislapp.com.br\/wp-content\/uploads\/icon.png\",\"width\":1024,\"height\":1024,\"caption\":\"Legislapp Monitoramento e Intelig\u00eancia Governamental\"},\"image\":{\"@id\":\"https:\/\/www.legislapp.com.br\/#\/schema\/logo\/image\/\"},\"sameAs\":[\"https:\/\/www.instagram.com\/legislapp\/\"]}]}<\/script>\n<!-- \/ Yoast SEO plugin. -->","yoast_head_json":{"title":"PL.\/0761\/2025 - M\u00e1rio Motta - Legislapp","robots":{"index":"index","follow":"follow","max-snippet":"max-snippet:-1","max-image-preview":"max-image-preview:large","max-video-preview":"max-video-preview:-1"},"canonical":"https:\/\/www.legislapp.com.br\/index.php\/cam-legislativa-de-sc-pl-0761-2025\/","og_locale":"pt_BR","og_type":"article","og_title":"PL.\/0761\/2025 - M\u00e1rio Motta - Legislapp","og_description":"C\u00e2m. Legislativa de SC &#8211; Autoria de M\u00e1rio Motta Altera a Lei n\u00ba 17.565, de 2018, para declarar Ava\u00ed Futebol Clube, integrante Patrim\u00f4nio Cultural Imaterial do Estado de Santa Catarina. ASSEMBLEIA LEGISLATIVA GABINETE DEPUTADO ESTADO DE SANTA CATARINA M\u00c1RIO MOTTA \u00a0 PROJETO DE LEI \u00a0 Altera a Lei n\u00ba 17.565, de 2018, para declarar o [&hellip;]","og_url":"https:\/\/www.legislapp.com.br\/index.php\/cam-legislativa-de-sc-pl-0761-2025\/","og_site_name":"Legislapp","article_publisher":"https:\/\/www.instagram.com\/legislapp\/","og_image":[{"url":"https:\/\/www.legislapp.com.br\/wp-content\/uploads\/google-play.png","type":"","width":"","height":""}],"twitter_card":"summary_large_image","twitter_misc":{"Est. tempo de leitura":"3 minutos"},"schema":{"@context":"https:\/\/schema.org","@graph":[{"@type":"WebPage","@id":"https:\/\/www.legislapp.com.br\/index.php\/cam-legislativa-de-sc-pl-0761-2025\/","url":"https:\/\/www.legislapp.com.br\/index.php\/cam-legislativa-de-sc-pl-0761-2025\/","name":"PL.\/0761\/2025 - M\u00e1rio Motta - Legislapp","isPartOf":{"@id":"https:\/\/www.legislapp.com.br\/#website"},"primaryImageOfPage":{"@id":"https:\/\/www.legislapp.com.br\/index.php\/cam-legislativa-de-sc-pl-0761-2025\/#primaryimage"},"image":{"@id":"https:\/\/www.legislapp.com.br\/index.php\/cam-legislativa-de-sc-pl-0761-2025\/#primaryimage"},"thumbnailUrl":"https:\/\/www.legislapp.com.br\/wp-content\/uploads\/google-play.png","datePublished":"2025-10-29T13:21:04+00:00","breadcrumb":{"@id":"https:\/\/www.legislapp.com.br\/index.php\/cam-legislativa-de-sc-pl-0761-2025\/#breadcrumb"},"inLanguage":"pt-BR","potentialAction":[{"@type":"ReadAction","target":["https:\/\/www.legislapp.com.br\/index.php\/cam-legislativa-de-sc-pl-0761-2025\/"]}]},{"@type":"ImageObject","inLanguage":"pt-BR","@id":"https:\/\/www.legislapp.com.br\/index.php\/cam-legislativa-de-sc-pl-0761-2025\/#primaryimage","url":"https:\/\/www.legislapp.com.br\/wp-content\/uploads\/google-play.png","contentUrl":"https:\/\/www.legislapp.com.br\/wp-content\/uploads\/google-play.png","width":564,"height":168},{"@type":"BreadcrumbList","@id":"https:\/\/www.legislapp.com.br\/index.php\/cam-legislativa-de-sc-pl-0761-2025\/#breadcrumb","itemListElement":[{"@type":"ListItem","position":1,"name":"In\u00edcio","item":"https:\/\/www.legislapp.com.br\/"},{"@type":"ListItem","position":2,"name":"PL.\/0761\/2025 &#8211; M\u00e1rio Motta"}]},{"@type":"WebSite","@id":"https:\/\/www.legislapp.com.br\/#website","url":"https:\/\/www.legislapp.com.br\/","name":"Legislapp","description":"Intelig\u00eancia governamental em tempo real","publisher":{"@id":"https:\/\/www.legislapp.com.br\/#organization"},"potentialAction":[{"@type":"SearchAction","target":{"@type":"EntryPoint","urlTemplate":"https:\/\/www.legislapp.com.br\/?s={search_term_string}"},"query-input":{"@type":"PropertyValueSpecification","valueRequired":true,"valueName":"search_term_string"}}],"inLanguage":"pt-BR"},{"@type":"Organization","@id":"https:\/\/www.legislapp.com.br\/#organization","name":"Legislapp Monitoramento e Intelig\u00eancia Governamental","url":"https:\/\/www.legislapp.com.br\/","logo":{"@type":"ImageObject","inLanguage":"pt-BR","@id":"https:\/\/www.legislapp.com.br\/#\/schema\/logo\/image\/","url":"https:\/\/www.legislapp.com.br\/wp-content\/uploads\/icon.png","contentUrl":"https:\/\/www.legislapp.com.br\/wp-content\/uploads\/icon.png","width":1024,"height":1024,"caption":"Legislapp Monitoramento e Intelig\u00eancia Governamental"},"image":{"@id":"https:\/\/www.legislapp.com.br\/#\/schema\/logo\/image\/"},"sameAs":["https:\/\/www.instagram.com\/legislapp\/"]}]}},"_links":{"self":[{"href":"https:\/\/www.legislapp.com.br\/index.php\/wp-json\/wp\/v2\/pages\/9485","targetHints":{"allow":["GET"]}}],"collection":[{"href":"https:\/\/www.legislapp.com.br\/index.php\/wp-json\/wp\/v2\/pages"}],"about":[{"href":"https:\/\/www.legislapp.com.br\/index.php\/wp-json\/wp\/v2\/types\/page"}],"author":[{"embeddable":true,"href":"https:\/\/www.legislapp.com.br\/index.php\/wp-json\/wp\/v2\/users\/1"}],"replies":[{"embeddable":true,"href":"https:\/\/www.legislapp.com.br\/index.php\/wp-json\/wp\/v2\/comments?post=9485"}],"version-history":[{"count":0,"href":"https:\/\/www.legislapp.com.br\/index.php\/wp-json\/wp\/v2\/pages\/9485\/revisions"}],"wp:attachment":[{"href":"https:\/\/www.legislapp.com.br\/index.php\/wp-json\/wp\/v2\/media?parent=9485"}],"curies":[{"name":"wp","href":"https:\/\/api.w.org\/{rel}","templated":true}]}}