{"id":9489,"date":"2025-10-29T10:21:18","date_gmt":"2025-10-29T13:21:18","guid":{"rendered":"https:\/\/www.legislapp.com.br\/index.php\/cam-legislativa-de-sc-pl-0751-2025\/"},"modified":"2025-10-29T10:21:18","modified_gmt":"2025-10-29T13:21:18","slug":"cam-legislativa-de-sc-pl-0751-2025","status":"publish","type":"page","link":"https:\/\/www.legislapp.com.br\/index.php\/cam-legislativa-de-sc-pl-0751-2025\/","title":{"rendered":"PL.\/0751\/2025 &#8211; Julio Garcia"},"content":{"rendered":"<h1 style='text-align: center;'>C\u00e2m. Legislativa de SC &#8211; Autoria de Julio Garcia<\/h3>\n<p><\/p>\n<article style='text-align: center'>Institui a Pol\u00edtica Estadual de Preserva\u00e7\u00e3o e Digitaliza\u00e7\u00e3o de Registros Hist\u00f3ricos Eclesi\u00e1sticos, Cartor\u00e1rios e Cemiteriais de Nascimento, Casamento e \u00d3bito no Estado de Santa Catarina e d\u00e1 outras provid\u00eancias.<\/article>\n<p><\/p>\n<p style='text-align: center'><a href='https:\/\/app.legislapp.com.br\/#\/busca?termo='><\/a><\/p>\n<p><\/p>\n<article>ASSEMBLEIA LEGISLATIVA GABINETE DEPUTADO<br \/>\nESTADO DE SANTA CATARINA JULIO GARCIA<br \/>\n\u00a0<br \/>\nPROJETO DE LEI N\u00ba<br \/>\n\u00a0<br \/>\n\u00a0<br \/>\nInstitui a Pol\u00edtica Estadual de Preserva\u00e7\u00e3o e Digitaliza\u00e7\u00e3o de Registros Hist\u00f3ricos<br \/>\nEclesi\u00e1sticos,\u00a0Cartor\u00e1rios\u00a0e\u00a0Cemiteriais\u00a0de\u00a0Nascimento,\u00a0Casamento\u00a0e\u00a0\u00d3bito\u00a0no\u00a0Estado\u00a0de<br \/>\nSanta Catarina e d\u00e1 outras provid\u00eancias.<br \/>\n\u00a0<br \/>\n\u00a0<br \/>\n\u00a0 Art.\u00a0 1\u00ba \u00a0 Fica\u00a0 institu\u00edda,\u00a0 no\u00a0 \u00e2mbito\u00a0 do\u00a0 Estado\u00a0 de\u00a0 Santa\u00a0 Catarina,a\u00a0 Pol\u00edtica\u00a0 Estadualde\u00a0 Preserva\u00e7\u00e3o\u00a0 e<br \/>\nDigitaliza\u00e7\u00e3o\u00a0 de\u00a0 Registros\u00a0 Hist\u00f3ricos de\u00a0 Nascimento,\u00a0 Casamento\u00a0 e\u00a0 \u00d3bito,\u00a0 com\u00a0 o\u00a0 objetivode<br \/>\ngarantir\u00a0 a\u00a0 prote\u00e7\u00e3o,\u00a0 a\u00a0 digitaliza\u00e7\u00e3o\u00a0 e\u00a0 o\u00a0 livre\u00a0 acesso\u00a0 p\u00fablicoaos\u00a0 acervos\u00a0 hist\u00f3ricos\u00a0 mantidos<br \/>\npor\u00a0igrejas,\u00a0institui\u00e7\u00f5es\u00a0religiosas,\u00a0cart\u00f3rios\u00a0e\u00a0cemit\u00e9rios\u00a0p\u00fablicoslocalizados\u00a0em\u00a0territ\u00f3rio catarinense, com especial aten\u00e7\u00e3o<br \/>\naos registros anteriores \u00e0 cria\u00e7\u00e3o dos registros civis obrigat\u00f3rios no pa\u00eds.<br \/>\n\u00a0<br \/>\n\u00a0Art.\u00a02\u00ba \u00a0S\u00e3o\u00a0objetivos\u00a0da\u00a0Pol\u00edtica\u00a0Estadualde\u00a0Preserva\u00e7\u00e3o\u00a0e\u00a0Digitaliza\u00e7\u00e3o\u00a0de\u00a0Registros\u00a0Hist\u00f3ricos:<br \/>\nI\u00a0&#8211;\u00a0promovera\u00a0preserva\u00e7\u00e3o\u00a0de\u00a0documentos\u00a0hist\u00f3ricos\u00a0como\u00a0parte\u00a0do\u00a0patrim\u00f4nio cultural e da mem\u00f3ria coletiva do povo<br \/>\ncatarinense;<br \/>\nII\u00a0&#8211;\u00a0garantiro\u00a0acesso\u00a0p\u00fablico,gratuito\u00a0e\u00a0digitala\u00a0esses\u00a0registros,\u00a0respeitada\u00a0a\u00a0legisla\u00e7\u00e3o de prote\u00e7\u00e3o de dados pessoais e<br \/>\nos princ\u00edpios do interesse hist\u00f3rico e cient\u00edfico;<br \/>\nIII &#8211; apoiar t\u00e9cnica e financeiramente a digitaliza\u00e7\u00e3o, cataloga\u00e7\u00e3o, transcri\u00e7\u00e3o, registro<br \/>\nfotogr\u00e1fico\u00a0e\u00a0o\u00a0armazenamento\u00a0seguro\u00a0dos\u00a0acervosdocumentais,\u00a0inclusive\u00a0de\u00a0cart\u00f3rios, igrejas e cemit\u00e9rios municipais<br \/>\nque n\u00e3o possuam recursos pr\u00f3prios;<br \/>\nIV\u00a0&#8211;\u00a0assegurarque\u00a0os\u00a0dados\u00a0sejam\u00a0disponibilizados\u00a0em\u00a0formato\u00a0estruturado,\u00a0acess\u00edvel por mecanismos de busca com<br \/>\nbase em nomes, datas ou locais;<br \/>\nV\u00a0 &#8211;\u00a0 fomentara\u00a0 coopera\u00e7\u00e3o\u00a0 entre\u00a0 o\u00a0 Estadode\u00a0 Santa\u00a0 Catarina,\u00a0 os\u00a0 Munic\u00edpios\u00a0 catarinenses,<br \/>\nigrejas,\u00a0cart\u00f3rios,\u00a0universidades,\u00a0centros\u00a0de\u00a0pesquisa\u00a0e\u00a0institui\u00e7\u00f5es\u00a0p\u00fablicasou\u00a0privadas para a execu\u00e7\u00e3o desta pol\u00edtica;<br \/>\nVI &#8211; facilitar pesquisas acad\u00eamicas, investiga\u00e7\u00f5es geneal\u00f3gicas e a\u00e7\u00f5es de<br \/>\nreconhecimento\u00a0de\u00a0direitoscivis\u00a0por\u00a0meio\u00a0do\u00a0acesso\u00a0a\u00a0informa\u00e7\u00f5es\u00a0documentais hist\u00f3ricas.<br \/>\n\u00a0<br \/>\n\u00a0 Art.\u00a0 3\u00ba\u00a0 A execu\u00e7\u00e3o da Pol\u00edtica Estadual ser\u00e1 coordenada pelo Poder Executivo Estadual, por interm\u00e9dio do \u00f3rg\u00e3o<br \/>\nrespons\u00e1vel pela gest\u00e3o do patrim\u00f4nio cultural e da mem\u00f3ria<br \/>\ndocumental\u00a0do\u00a0Estado\u00a0de\u00a0Santa\u00a0Catarina,\u00a0podendo\u00a0firmar\u00a0conv\u00eanios\u00a0e\u00a0parcerias\u00a0com\u00a0entes municipais, entidades religiosas<br \/>\ne institui\u00e7\u00f5es da sociedade civil.<br \/>\n\u00a0<br \/>\n\u00a7\u00a0 1\u00ba\u00a0 A\u00a0 digitaliza\u00e7\u00e3o\u00a0 dever\u00e1\u00a0 observar\u00a0 as\u00a0 normas\u00a0 t\u00e9cnicasvigentes,\u00a0 garantindo\u00a0 a\u00a0 integridade, a autenticidade e a<br \/>\ndurabilidade dos documentos digitais.<br \/>\n\u00a7\u00a02\u00ba\u00a0O\u00a0acessop\u00fablico\u00a0aos\u00a0registros\u00a0digitalizados\u00a0ser\u00e1\u00a0feitopor\u00a0meio\u00a0de\u00a0plataforma\u00a0digital gratuita, centralizada, criada<br \/>\npelo Poder Executivo Estadual e inspirada na Rede Portuguesa de Arquivos<br \/>\n\u00a7\u00a0 3\u00ba\u00a0 A\u00a0 plataforma\u00a0 reunir\u00e1,\u00a0 em\u00a0 um\u00a0 \u00fanico\u00a0 local,os\u00a0 registros\u00a0 hist\u00f3ricos\u00a0 digitalizados,\u00a0 certid\u00f5es de nascimento,<br \/>\ncasamento, \u00f3bito, registros paroquiais e cemiteriais, disponibilizando as informa\u00e7\u00f5es de forma escrita, estruturada e<br \/>\nacompanhadas de imagens dos documentos originais.<br \/>\n\u00a0<br \/>\n\u00a0 Art.\u00a04\u00ba\u00a0 Igrejas,\u00a0institui\u00e7\u00f5es\u00a0religiosas,\u00a0cart\u00f3rios\u00a0e\u00a0cemit\u00e9rios\u00a0que\u00a0possu\u00edrem\u00a0acervosdocumentais hist\u00f3ricos poder\u00e3o aderir<br \/>\nvoluntariamente \u00e0 pol\u00edtica ora institu\u00edda, mediante termo de coopera\u00e7\u00e3o, ficando sujeitos \u00e0s normas de preserva\u00e7\u00e3o e<br \/>\nacesso estabelecidas pelo \u00f3rg\u00e3o gestor.<br \/>\n\u00a0<br \/>\n\u00a0 Art.\u00a05\u00ba\u00a0 O\u00a0Poder\u00a0ExecutivoEstadual\u00a0regulamentar\u00e1\u00a0esta\u00a0Lei\u00a0definindo:<br \/>\nI\u00a0&#8211;\u00a0crit\u00e9rios\u00a0para\u00a0sele\u00e7\u00e3o\u00a0de\u00a0acervos priorit\u00e1rios;<br \/>\nII\u00a0&#8211;\u00a0diretrizes\u00a0para\u00a0a\u00a0elabora\u00e7\u00e3o\u00a0de\u00a0projetos\u00a0de\u00a0digitaliza\u00e7\u00e3o;<br \/>\nIII\u00a0 &#8211;\u00a0 mecanismos\u00a0 de\u00a0 financiamento,\u00a0 assist\u00eancia\u00a0 t\u00e9cnica\u00a0 e\u00a0 suporteespecializado\u00a0 \u00e0s institui\u00e7\u00f5es aderentes,<br \/>\nespecialmente \u00e0quelas sem capacidade operacional ou financeira;<br \/>\nIV\u00a0&#8211;\u00a0salvaguardas\u00a0legais\u00a0para\u00a0prote\u00e7\u00e3ode\u00a0dados\u00a0pessoaiseventualmente\u00a0contidos\u00a0nos registros.<br \/>\n\u00a0<br \/>\n\u00a0 \u00a0 Art.\u00a0 6\u00ba\u00a0 As despesas decorrentes da execu\u00e7\u00e3o desta Lei correr\u00e3o por conta de dota\u00e7\u00f5es<br \/>\nor\u00e7ament\u00e1rias\u00a0 pr\u00f3prias\u00a0 do\u00a0 Estadode\u00a0 Santa\u00a0 Catarina,\u00a0 podendo\u00a0 ser\u00a0 suplementadas\u00a0 por recursos oriundos de conv\u00eanios,<br \/>\nparcerias e doa\u00e7\u00f5es.<br \/>\n\u00a0<br \/>\n\u00a0 \u00a0 \u00a0 \u00a0 \u00a0 \u00a0 \u00a0 \u00a0 Art.\u00a07\u00ba\u00a0 EstaLei\u00a0entra\u00a0em\u00a0vigor\u00a0na\u00a0data\u00a0de\u00a0sua publica\u00e7\u00e3o.<br \/>\n\u00a0<br \/>\n\u00a0<br \/>\n\u00a0<br \/>\n\u00a0<br \/>\n\u00a0<br \/>\n\u00a0<br \/>\n\u00a0<br \/>\n\u00a0<br \/>\n\u00a0<br \/>\n\u00a0<br \/>\n\u00a0<br \/>\n\u00a0<br \/>\n\u00a0<br \/>\n\u00a0<br \/>\n\u00a0<br \/>\n\u00a0<br \/>\n\u00a0<br \/>\n\u00a0<br \/>\n\u00a0<br \/>\n\u00a0<br \/>\n\u00a0<br \/>\n\u00a0<br \/>\n\u00a0\u00a0<br \/>\n\u00a0 \u00a0 \u00a0 \u00a0 \u00a0 \u00a0 \u00a0 \u00a0 \u00a0 \u00a0 \u00a0 \u00a0 \u00a0 \u00a0 \u00a0 \u00a0 \u00a0 \u00a0 JUSTIFICATIVA<br \/>\n\u00a0<br \/>\n\u00a0<br \/>\nO\u00a0presente\u00a0Projeto de\u00a0Lei\u00a0visa\u00a0enfrentar\u00a0o\u00a0risco\u00a0de\u00a0desaparecimento\u00a0de\u00a0registros\u00a0hist\u00f3ricos de grande valor social, cultural e<br \/>\nfamiliar, especialmente aqueles mantidos por igrejas, cart\u00f3rios e cemit\u00e9rios p\u00fablicos em Santa Catarina, muitos dos quais<br \/>\nantecedem a cria\u00e7\u00e3o dos registros civis no Brasil. Documentos desse tipo s\u00e3o fontes essenciais para estudos geneal\u00f3gicos,<br \/>\nhistoriogr\u00e1ficos e\u00a0jur\u00eddicos, e seu desaparecimento representaria uma perda irrepar\u00e1vel para a mem\u00f3ria catarinense.<br \/>\n\u00a0<br \/>\nA\u00a0 pol\u00edtica ora\u00a0 proposta\u00a0 abrange prioritariamente os registros\u00a0 de\u00a0 nascimento\u00a0 e\u00a0 casamento\u00a0 de\u00a0 cart\u00f3rios\u00a0 civis<br \/>\nat\u00e9\u00a0 o\u00a0 ano\u00a0 de\u00a0 1930; os registros\u00a0 de\u00a0 nascimento\u00a0 e\u00a0 casamento\u00a0 mantidos por\u00a0 igrejas\u00a0 at\u00e9\u00a0 o\u00a0 ano\u00a0 de\u00a0 1950, e os<br \/>\nregistros\u00a0de\u00a0sepultamento\u00a0e\u00a0\u00f3bitos\u00a0mantidos por\u00a0cemit\u00e9rios\u00a0municipais\u00a0at\u00e9\u00a0o\u00a0ano\u00a0de 1930.\u00a0<br \/>\n\u00a0<br \/>\nEm todos os casos, os documentos referem-se a pessoas j\u00e1 falecidas, assegurando conformidade com a legisla\u00e7\u00e3o de<br \/>\nprote\u00e7\u00e3o de dados pessoais. Sua digitaliza\u00e7\u00e3o e disponibiliza\u00e7\u00e3o p\u00fablica ampliam o acesso democr\u00e1tico \u00e0 informa\u00e7\u00e3o,<br \/>\npromovem a cidadania\u00a0e\u00a0fortalecem\u00a0a\u00a0identidade\u00a0hist\u00f3rica\u00a0das\u00a0comunidades\u00a0catarinenses.\u00a0<br \/>\n\u00a0<br \/>\nDessa\u00a0forma, a proposta integra-se \u00e0s pol\u00edticas estaduais de valoriza\u00e7\u00e3o da mem\u00f3ria, do patrim\u00f4nio imaterial e da inclus\u00e3o<br \/>\ndigital.\u00a0<br \/>\n\u00a0<br \/>\nAssim, submeto o presente projeto aos Senhores Deputados na expectativa de que seja aprovado.<br \/>\n\u00a0<br \/>\n\u00a0<br \/>\n\u00a0<br \/>\nELEGIS<br \/>\nDocumento assinado eletronicamente por Julio C\u00e9sar Garcia, em 15\/10\/2025, \u00e0s 14:44.<br \/>\nSistema de Processo<br \/>\nLegislativo Eletr\u00f4nico<\/article>\n<div style=\"text-align: center\">\n<div style=\"margin-bottom: 20px;\" class=\"et_pb_button_module_wrapper et_pb_button_5_tb_body_wrapper et_pb_button_alignment_center et_pb_module \">\n         <a class=\"et_pb_button et_pb_button_5_tb_body et_hover_enabled et_pb_bg_layout_dark\" style=\"width: 50%;background-color: black;\" href=\"https:\/\/app.legislapp.com.br\" target=\"_blank\" rel=\"noopener\">Visualizar completo na nossa plataforma (30 dias gr\u00e1tis)<\/a><\/p><\/div>\n<p>      <a href=\"https:\/\/play.google.com\/store\/apps\/details?id=br.com.legislapp\"><img decoding=\"async\" style=\"width: 15%; min-width: 130px;\" src=\"https:\/\/www.legislapp.com.br\/wp-content\/uploads\/google-play.png\"><\/a><br \/>\n      <a href=\"https:\/\/apps.apple.com\/us\/app\/legislapp\/id1568929859\"><img decoding=\"async\" style=\"width: 15%; min-width: 130px\" src=\"https:\/\/www.legislapp.com.br\/wp-content\/uploads\/apple-store.png\"><\/a>\n   <\/div>\n","protected":false},"excerpt":{"rendered":"<p>C\u00e2m. Legislativa de SC &#8211; Autoria de Julio Garcia Institui a Pol\u00edtica Estadual de Preserva\u00e7\u00e3o e Digitaliza\u00e7\u00e3o de Registros Hist\u00f3ricos Eclesi\u00e1sticos, Cartor\u00e1rios e Cemiteriais de Nascimento, Casamento e \u00d3bito no Estado de Santa Catarina e d\u00e1 outras provid\u00eancias. ASSEMBLEIA LEGISLATIVA GABINETE DEPUTADO ESTADO DE SANTA CATARINA JULIO GARCIA \u00a0 PROJETO DE LEI N\u00ba \u00a0 \u00a0 [&hellip;]<\/p>\n","protected":false},"author":1,"featured_media":0,"parent":0,"menu_order":0,"comment_status":"closed","ping_status":"closed","template":"page-template-blank.php","meta":{"_et_pb_use_builder":"","_et_pb_old_content":"","_et_gb_content_width":"1080","ngg_post_thumbnail":0,"footnotes":""},"class_list":["post-9489","page","type-page","status-publish","hentry"],"yoast_head":"<!-- This site is optimized with the Yoast SEO plugin v24.4 - https:\/\/yoast.com\/wordpress\/plugins\/seo\/ -->\n<title>PL.\/0751\/2025 - Julio Garcia - Legislapp<\/title>\n<meta name=\"robots\" content=\"index, follow, max-snippet:-1, max-image-preview:large, max-video-preview:-1\" \/>\n<link rel=\"canonical\" href=\"https:\/\/www.legislapp.com.br\/index.php\/cam-legislativa-de-sc-pl-0751-2025\/\" \/>\n<meta property=\"og:locale\" content=\"pt_BR\" \/>\n<meta property=\"og:type\" content=\"article\" \/>\n<meta property=\"og:title\" content=\"PL.\/0751\/2025 - Julio Garcia - Legislapp\" \/>\n<meta property=\"og:description\" content=\"C\u00e2m. Legislativa de SC &#8211; Autoria de Julio Garcia Institui a Pol\u00edtica Estadual de Preserva\u00e7\u00e3o e Digitaliza\u00e7\u00e3o de Registros Hist\u00f3ricos Eclesi\u00e1sticos, Cartor\u00e1rios e Cemiteriais de Nascimento, Casamento e \u00d3bito no Estado de Santa Catarina e d\u00e1 outras provid\u00eancias. ASSEMBLEIA LEGISLATIVA GABINETE DEPUTADO ESTADO DE SANTA CATARINA JULIO GARCIA \u00a0 PROJETO DE LEI N\u00ba \u00a0 \u00a0 [&hellip;]\" \/>\n<meta property=\"og:url\" content=\"https:\/\/www.legislapp.com.br\/index.php\/cam-legislativa-de-sc-pl-0751-2025\/\" \/>\n<meta property=\"og:site_name\" content=\"Legislapp\" \/>\n<meta property=\"article:publisher\" content=\"https:\/\/www.instagram.com\/legislapp\/\" \/>\n<meta property=\"og:image\" content=\"https:\/\/www.legislapp.com.br\/wp-content\/uploads\/google-play.png\" \/>\n<meta name=\"twitter:card\" content=\"summary_large_image\" \/>\n<meta name=\"twitter:label1\" content=\"Est. tempo de leitura\" \/>\n\t<meta name=\"twitter:data1\" content=\"5 minutos\" \/>\n<script type=\"application\/ld+json\" class=\"yoast-schema-graph\">{\"@context\":\"https:\/\/schema.org\",\"@graph\":[{\"@type\":\"WebPage\",\"@id\":\"https:\/\/www.legislapp.com.br\/index.php\/cam-legislativa-de-sc-pl-0751-2025\/\",\"url\":\"https:\/\/www.legislapp.com.br\/index.php\/cam-legislativa-de-sc-pl-0751-2025\/\",\"name\":\"PL.\/0751\/2025 - Julio Garcia - Legislapp\",\"isPartOf\":{\"@id\":\"https:\/\/www.legislapp.com.br\/#website\"},\"primaryImageOfPage\":{\"@id\":\"https:\/\/www.legislapp.com.br\/index.php\/cam-legislativa-de-sc-pl-0751-2025\/#primaryimage\"},\"image\":{\"@id\":\"https:\/\/www.legislapp.com.br\/index.php\/cam-legislativa-de-sc-pl-0751-2025\/#primaryimage\"},\"thumbnailUrl\":\"https:\/\/www.legislapp.com.br\/wp-content\/uploads\/google-play.png\",\"datePublished\":\"2025-10-29T13:21:18+00:00\",\"breadcrumb\":{\"@id\":\"https:\/\/www.legislapp.com.br\/index.php\/cam-legislativa-de-sc-pl-0751-2025\/#breadcrumb\"},\"inLanguage\":\"pt-BR\",\"potentialAction\":[{\"@type\":\"ReadAction\",\"target\":[\"https:\/\/www.legislapp.com.br\/index.php\/cam-legislativa-de-sc-pl-0751-2025\/\"]}]},{\"@type\":\"ImageObject\",\"inLanguage\":\"pt-BR\",\"@id\":\"https:\/\/www.legislapp.com.br\/index.php\/cam-legislativa-de-sc-pl-0751-2025\/#primaryimage\",\"url\":\"https:\/\/www.legislapp.com.br\/wp-content\/uploads\/google-play.png\",\"contentUrl\":\"https:\/\/www.legislapp.com.br\/wp-content\/uploads\/google-play.png\",\"width\":564,\"height\":168},{\"@type\":\"BreadcrumbList\",\"@id\":\"https:\/\/www.legislapp.com.br\/index.php\/cam-legislativa-de-sc-pl-0751-2025\/#breadcrumb\",\"itemListElement\":[{\"@type\":\"ListItem\",\"position\":1,\"name\":\"In\u00edcio\",\"item\":\"https:\/\/www.legislapp.com.br\/\"},{\"@type\":\"ListItem\",\"position\":2,\"name\":\"PL.\/0751\/2025 &#8211; Julio Garcia\"}]},{\"@type\":\"WebSite\",\"@id\":\"https:\/\/www.legislapp.com.br\/#website\",\"url\":\"https:\/\/www.legislapp.com.br\/\",\"name\":\"Legislapp\",\"description\":\"Intelig\u00eancia governamental em tempo real\",\"publisher\":{\"@id\":\"https:\/\/www.legislapp.com.br\/#organization\"},\"potentialAction\":[{\"@type\":\"SearchAction\",\"target\":{\"@type\":\"EntryPoint\",\"urlTemplate\":\"https:\/\/www.legislapp.com.br\/?s={search_term_string}\"},\"query-input\":{\"@type\":\"PropertyValueSpecification\",\"valueRequired\":true,\"valueName\":\"search_term_string\"}}],\"inLanguage\":\"pt-BR\"},{\"@type\":\"Organization\",\"@id\":\"https:\/\/www.legislapp.com.br\/#organization\",\"name\":\"Legislapp Monitoramento e Intelig\u00eancia Governamental\",\"url\":\"https:\/\/www.legislapp.com.br\/\",\"logo\":{\"@type\":\"ImageObject\",\"inLanguage\":\"pt-BR\",\"@id\":\"https:\/\/www.legislapp.com.br\/#\/schema\/logo\/image\/\",\"url\":\"https:\/\/www.legislapp.com.br\/wp-content\/uploads\/icon.png\",\"contentUrl\":\"https:\/\/www.legislapp.com.br\/wp-content\/uploads\/icon.png\",\"width\":1024,\"height\":1024,\"caption\":\"Legislapp Monitoramento e Intelig\u00eancia Governamental\"},\"image\":{\"@id\":\"https:\/\/www.legislapp.com.br\/#\/schema\/logo\/image\/\"},\"sameAs\":[\"https:\/\/www.instagram.com\/legislapp\/\"]}]}<\/script>\n<!-- \/ Yoast SEO plugin. -->","yoast_head_json":{"title":"PL.\/0751\/2025 - Julio Garcia - Legislapp","robots":{"index":"index","follow":"follow","max-snippet":"max-snippet:-1","max-image-preview":"max-image-preview:large","max-video-preview":"max-video-preview:-1"},"canonical":"https:\/\/www.legislapp.com.br\/index.php\/cam-legislativa-de-sc-pl-0751-2025\/","og_locale":"pt_BR","og_type":"article","og_title":"PL.\/0751\/2025 - Julio Garcia - Legislapp","og_description":"C\u00e2m. Legislativa de SC &#8211; Autoria de Julio Garcia Institui a Pol\u00edtica Estadual de Preserva\u00e7\u00e3o e Digitaliza\u00e7\u00e3o de Registros Hist\u00f3ricos Eclesi\u00e1sticos, Cartor\u00e1rios e Cemiteriais de Nascimento, Casamento e \u00d3bito no Estado de Santa Catarina e d\u00e1 outras provid\u00eancias. ASSEMBLEIA LEGISLATIVA GABINETE DEPUTADO ESTADO DE SANTA CATARINA JULIO GARCIA \u00a0 PROJETO DE LEI N\u00ba \u00a0 \u00a0 [&hellip;]","og_url":"https:\/\/www.legislapp.com.br\/index.php\/cam-legislativa-de-sc-pl-0751-2025\/","og_site_name":"Legislapp","article_publisher":"https:\/\/www.instagram.com\/legislapp\/","og_image":[{"url":"https:\/\/www.legislapp.com.br\/wp-content\/uploads\/google-play.png","type":"","width":"","height":""}],"twitter_card":"summary_large_image","twitter_misc":{"Est. tempo de leitura":"5 minutos"},"schema":{"@context":"https:\/\/schema.org","@graph":[{"@type":"WebPage","@id":"https:\/\/www.legislapp.com.br\/index.php\/cam-legislativa-de-sc-pl-0751-2025\/","url":"https:\/\/www.legislapp.com.br\/index.php\/cam-legislativa-de-sc-pl-0751-2025\/","name":"PL.\/0751\/2025 - Julio Garcia - Legislapp","isPartOf":{"@id":"https:\/\/www.legislapp.com.br\/#website"},"primaryImageOfPage":{"@id":"https:\/\/www.legislapp.com.br\/index.php\/cam-legislativa-de-sc-pl-0751-2025\/#primaryimage"},"image":{"@id":"https:\/\/www.legislapp.com.br\/index.php\/cam-legislativa-de-sc-pl-0751-2025\/#primaryimage"},"thumbnailUrl":"https:\/\/www.legislapp.com.br\/wp-content\/uploads\/google-play.png","datePublished":"2025-10-29T13:21:18+00:00","breadcrumb":{"@id":"https:\/\/www.legislapp.com.br\/index.php\/cam-legislativa-de-sc-pl-0751-2025\/#breadcrumb"},"inLanguage":"pt-BR","potentialAction":[{"@type":"ReadAction","target":["https:\/\/www.legislapp.com.br\/index.php\/cam-legislativa-de-sc-pl-0751-2025\/"]}]},{"@type":"ImageObject","inLanguage":"pt-BR","@id":"https:\/\/www.legislapp.com.br\/index.php\/cam-legislativa-de-sc-pl-0751-2025\/#primaryimage","url":"https:\/\/www.legislapp.com.br\/wp-content\/uploads\/google-play.png","contentUrl":"https:\/\/www.legislapp.com.br\/wp-content\/uploads\/google-play.png","width":564,"height":168},{"@type":"BreadcrumbList","@id":"https:\/\/www.legislapp.com.br\/index.php\/cam-legislativa-de-sc-pl-0751-2025\/#breadcrumb","itemListElement":[{"@type":"ListItem","position":1,"name":"In\u00edcio","item":"https:\/\/www.legislapp.com.br\/"},{"@type":"ListItem","position":2,"name":"PL.\/0751\/2025 &#8211; Julio Garcia"}]},{"@type":"WebSite","@id":"https:\/\/www.legislapp.com.br\/#website","url":"https:\/\/www.legislapp.com.br\/","name":"Legislapp","description":"Intelig\u00eancia governamental em tempo real","publisher":{"@id":"https:\/\/www.legislapp.com.br\/#organization"},"potentialAction":[{"@type":"SearchAction","target":{"@type":"EntryPoint","urlTemplate":"https:\/\/www.legislapp.com.br\/?s={search_term_string}"},"query-input":{"@type":"PropertyValueSpecification","valueRequired":true,"valueName":"search_term_string"}}],"inLanguage":"pt-BR"},{"@type":"Organization","@id":"https:\/\/www.legislapp.com.br\/#organization","name":"Legislapp Monitoramento e Intelig\u00eancia Governamental","url":"https:\/\/www.legislapp.com.br\/","logo":{"@type":"ImageObject","inLanguage":"pt-BR","@id":"https:\/\/www.legislapp.com.br\/#\/schema\/logo\/image\/","url":"https:\/\/www.legislapp.com.br\/wp-content\/uploads\/icon.png","contentUrl":"https:\/\/www.legislapp.com.br\/wp-content\/uploads\/icon.png","width":1024,"height":1024,"caption":"Legislapp Monitoramento e Intelig\u00eancia Governamental"},"image":{"@id":"https:\/\/www.legislapp.com.br\/#\/schema\/logo\/image\/"},"sameAs":["https:\/\/www.instagram.com\/legislapp\/"]}]}},"_links":{"self":[{"href":"https:\/\/www.legislapp.com.br\/index.php\/wp-json\/wp\/v2\/pages\/9489","targetHints":{"allow":["GET"]}}],"collection":[{"href":"https:\/\/www.legislapp.com.br\/index.php\/wp-json\/wp\/v2\/pages"}],"about":[{"href":"https:\/\/www.legislapp.com.br\/index.php\/wp-json\/wp\/v2\/types\/page"}],"author":[{"embeddable":true,"href":"https:\/\/www.legislapp.com.br\/index.php\/wp-json\/wp\/v2\/users\/1"}],"replies":[{"embeddable":true,"href":"https:\/\/www.legislapp.com.br\/index.php\/wp-json\/wp\/v2\/comments?post=9489"}],"version-history":[{"count":0,"href":"https:\/\/www.legislapp.com.br\/index.php\/wp-json\/wp\/v2\/pages\/9489\/revisions"}],"wp:attachment":[{"href":"https:\/\/www.legislapp.com.br\/index.php\/wp-json\/wp\/v2\/media?parent=9489"}],"curies":[{"name":"wp","href":"https:\/\/api.w.org\/{rel}","templated":true}]}}