{"id":9490,"date":"2025-10-29T10:21:22","date_gmt":"2025-10-29T13:21:22","guid":{"rendered":"https:\/\/www.legislapp.com.br\/index.php\/cam-legislativa-de-sc-pl-0753-2025\/"},"modified":"2025-10-29T10:21:22","modified_gmt":"2025-10-29T13:21:22","slug":"cam-legislativa-de-sc-pl-0753-2025","status":"publish","type":"page","link":"https:\/\/www.legislapp.com.br\/index.php\/cam-legislativa-de-sc-pl-0753-2025\/","title":{"rendered":"PL.\/0753\/2025 &#8211; Alex Brasil"},"content":{"rendered":"<h1 style='text-align: center;'>C\u00e2m. Legislativa de SC &#8211; Autoria de Alex Brasil<\/h3>\n<p><\/p>\n<article style='text-align: center'>Disp\u00f5e  sobre  a  veda\u00e7\u00e3o  da  ado\u00e7\u00e3o  de  cotas  e  outras a\u00e7\u00f5es  afirmativas  pelas  Institui\u00e7\u00f5es  de  Ensino  Superior P\u00fablicas ou que recebam verbas p\u00fablicas no \u00e2mbito do Estado de Santa Catarina.<\/article>\n<p><\/p>\n<p style='text-align: center'><a href='https:\/\/app.legislapp.com.br\/#\/busca?termo='><\/a><\/p>\n<p><\/p>\n<article>     GABINETE DEPUTADO<br \/>\n  ALEX BRASIL <\/p>\n<p>PROJETO DE LEI<br \/>\nDisp\u00f5e sobre a veda\u00e7\u00e3o da ado\u00e7\u00e3o de cotas e outras<br \/>\na\u00e7\u00f5es afirmativas pelas Institui\u00e7\u00f5es de Ensino Superior<br \/>\nP\u00fablicas ou que recebam verbas p\u00fablicas no \u00e2mbito do<br \/>\nEstado de Santa Catarina. <\/p>\n<p>Art. 1\u00ba Fica vedada, no Estado de Santa Catarina, a<br \/>\nado\u00e7\u00e3o de pol\u00edticas de reserva de vagas ou qualquer forma de cota ou a\u00e7\u00e3o afirmativa,<br \/>\ncomo vagas suplementares e medidas cong\u00eaneres para o ingresso de estudantes ou<br \/>\ncontrata\u00e7\u00e3o de docentes, t\u00e9cnicos e qualquer outro profissional  em Institui\u00e7\u00f5es de Ensino<br \/>\nSuperior P\u00fablicas ou que recebam verbas p\u00fablicas.<br \/>\nPar\u00e1grafo \u00fanico: Ficam exclu\u00eddas desta proibi\u00e7\u00e3o a<br \/>\nreserva de vagas a Pessoas com Defici\u00eancia (PCD), a reserva de vagas baseada em<br \/>\ncrit\u00e9rios exclusivamente econ\u00f4micos e a reserva de vagas para estudantes oriundos de<br \/>\ninstitui\u00e7\u00f5es estaduais p\u00fablicas de ensino m\u00e9dio.<br \/>\nArt. 2\u00ba O descumprimento desta Lei, al\u00e9m da nulidade do<br \/>\ncertame, sujeitar\u00e1 o \u00f3rg\u00e3o ou entidade respons\u00e1vel pelas normas do certame  \u00e0s<br \/>\nseguintes penalidades:<br \/>\nI &#8211; Multa administrativa de R$ 100.000,00 (cem mil reais)<br \/>\npor edital publicado em desacordo com esta Lei;<br \/>\nII \u2013 Corte dos repasses de verbas p\u00fablicas;<br \/>\nArt. 3\u00ba O descumprimento desta Lei sujeitar\u00e1 os agentes<br \/>\np\u00fablicos respons\u00e1veis pela confec\u00e7\u00e3o e publica\u00e7\u00e3o das normas do certame a<br \/>\nProcedimento Administrativo Disciplinar por ofensa ao princ\u00edpio da legalidade, sem<br \/>\npreju\u00edzo \u00e0s demais san\u00e7\u00f5es cab\u00edveis.<br \/>\nArt. 4\u00ba O Poder Executivo regulamentar\u00e1 as penalidades<br \/>\nprevistas nesta Lei no prazo de 90 (noventa) dias a contar da data de sua publica\u00e7\u00e3o.<br \/>\nArt. 5\u00ba Esta Lei entra em vigor na data de sua publica\u00e7\u00e3o. <\/p>\n<p>Sala das Sess\u00f5es,<br \/>\nDeputado ALEX BRASIL.        GABINETE DEPUTADO<br \/>\n  ALEX BRASIL<br \/>\nJUSTIFICATIVA<br \/>\nO presente projeto de lei tem por finalidade assegurar a<br \/>\nobserv\u00e2ncia rigorosa dos princ\u00edpios constitucionais que regem a Administra\u00e7\u00e3o P\u00fablica,<br \/>\nespecialmente os da legalidade, impessoalidade, moralidade, publicidade e efici\u00eancia,<br \/>\nconsagrados no art. 37 da Constitui\u00e7\u00e3o Federal. Trata-se de garantir que o acesso aos<br \/>\ncargos, vagas e empregos p\u00fablicos nas Institui\u00e7\u00f5es de Ensino Superior em Santa<br \/>\nCatarina ocorra mediante crit\u00e9rios objetivos, transparentes e ison\u00f4micos, em estrita<br \/>\nconformidade com o ordenamento jur\u00eddico.<br \/>\nEmbora pol\u00edticas afirmativas possam ser leg\u00edtimas quando<br \/>\nvoltadas \u00e0 supera\u00e7\u00e3o de desigualdades econ\u00f4micas historicamente consolidadas, sua<br \/>\nimplementa\u00e7\u00e3o exige fundamentos objetivos e par\u00e2metros claros de vulnerabilidade<br \/>\nsocial, sob pena de comprometer a equidade e a pr\u00f3pria legitimidade dos concursos<br \/>\np\u00fablicos. A ado\u00e7\u00e3o de cotas fundadas em outros crit\u00e9rios que n\u00e3o o estritamente<br \/>\necon\u00f4mico ou de origem estudantil em escolas p\u00fablicas, suscita controv\u00e9rsias jur\u00eddicas e<br \/>\npode colidir com os princ\u00edpios da isonomia e da impessoalidade, ao criar distin\u00e7\u00f5es que<br \/>\nn\u00e3o necessariamente refletem situa\u00e7\u00f5es de desvantagem.<br \/>\nNesse contexto, o projeto prop\u00f5e restringir a reserva de<br \/>\nvagas a fatores mensur\u00e1veis e amplamente reconhecidos como justific\u00e1veis do ponto de<br \/>\nvista da justi\u00e7a social. Com isso, busca-se fomentar uma pol\u00edtica p\u00fablica de inclus\u00e3o que<br \/>\nrespeite os ditames constitucionais, ao mesmo tempo em que combate desigualdades.<br \/>\nAto cont\u00ednuo, a previs\u00e3o de san\u00e7\u00f5es administrativas para<br \/>\no descumprimento da norma visa conferir efetividade \u00e0 lei, protegendo o interesse p\u00fablico<br \/>\ne a moralidade. \u00c9 dever do Poder Legislativo garantir que as normas de acesso ao<br \/>\nservi\u00e7o p\u00fablico n\u00e3o se prestem a interpreta\u00e7\u00f5es subjetivas ou a favorecimentos<br \/>\nideol\u00f3gicos, mas que reflitam a busca por uma administra\u00e7\u00e3o eficiente, justa e<br \/>\ncomprometida com os direitos fundamentais de todos os cidad\u00e3os.<br \/>\nDiante do exposto, este projeto representa um avan\u00e7o na<br \/>\npromo\u00e7\u00e3o de concursos mais justos, t\u00e9cnicos e equ\u00e2nimes, consolidando o m\u00e9rito e a<br \/>\njusti\u00e7a social como pilares do servi\u00e7o p\u00fablico e do ensino no Estado de Santa Catarina. <\/p>\n<p>Sala das Sess\u00f5es,<br \/>\nDeputado ALEX BRASIL <\/article>\n<div style=\"text-align: center\">\n<div style=\"margin-bottom: 20px;\" class=\"et_pb_button_module_wrapper et_pb_button_5_tb_body_wrapper et_pb_button_alignment_center et_pb_module \">\n         <a class=\"et_pb_button et_pb_button_5_tb_body et_hover_enabled et_pb_bg_layout_dark\" style=\"width: 50%;background-color: black;\" href=\"https:\/\/app.legislapp.com.br\" target=\"_blank\" rel=\"noopener\">Visualizar completo na nossa plataforma (30 dias gr\u00e1tis)<\/a><\/p><\/div>\n<p>      <a href=\"https:\/\/play.google.com\/store\/apps\/details?id=br.com.legislapp\"><img decoding=\"async\" style=\"width: 15%; min-width: 130px;\" src=\"https:\/\/www.legislapp.com.br\/wp-content\/uploads\/google-play.png\"><\/a><br \/>\n      <a href=\"https:\/\/apps.apple.com\/us\/app\/legislapp\/id1568929859\"><img decoding=\"async\" style=\"width: 15%; min-width: 130px\" src=\"https:\/\/www.legislapp.com.br\/wp-content\/uploads\/apple-store.png\"><\/a>\n   <\/div>\n","protected":false},"excerpt":{"rendered":"<p>C\u00e2m. Legislativa de SC &#8211; Autoria de Alex Brasil Disp\u00f5e sobre a veda\u00e7\u00e3o da ado\u00e7\u00e3o de cotas e outras a\u00e7\u00f5es afirmativas pelas Institui\u00e7\u00f5es de Ensino Superior P\u00fablicas ou que recebam verbas p\u00fablicas no \u00e2mbito do Estado de Santa Catarina. GABINETE DEPUTADO ALEX BRASIL PROJETO DE LEI Disp\u00f5e sobre a veda\u00e7\u00e3o da ado\u00e7\u00e3o de cotas e [&hellip;]<\/p>\n","protected":false},"author":1,"featured_media":0,"parent":0,"menu_order":0,"comment_status":"closed","ping_status":"closed","template":"page-template-blank.php","meta":{"_et_pb_use_builder":"","_et_pb_old_content":"","_et_gb_content_width":"1080","ngg_post_thumbnail":0,"footnotes":""},"class_list":["post-9490","page","type-page","status-publish","hentry"],"yoast_head":"<!-- This site is optimized with the Yoast SEO plugin v24.4 - https:\/\/yoast.com\/wordpress\/plugins\/seo\/ -->\n<title>PL.\/0753\/2025 - Alex Brasil - Legislapp<\/title>\n<meta name=\"robots\" content=\"index, follow, max-snippet:-1, max-image-preview:large, max-video-preview:-1\" \/>\n<link rel=\"canonical\" href=\"https:\/\/www.legislapp.com.br\/index.php\/cam-legislativa-de-sc-pl-0753-2025\/\" \/>\n<meta property=\"og:locale\" content=\"pt_BR\" \/>\n<meta property=\"og:type\" content=\"article\" \/>\n<meta property=\"og:title\" content=\"PL.\/0753\/2025 - Alex Brasil - Legislapp\" \/>\n<meta property=\"og:description\" content=\"C\u00e2m. Legislativa de SC &#8211; Autoria de Alex Brasil Disp\u00f5e sobre a veda\u00e7\u00e3o da ado\u00e7\u00e3o de cotas e outras a\u00e7\u00f5es afirmativas pelas Institui\u00e7\u00f5es de Ensino Superior P\u00fablicas ou que recebam verbas p\u00fablicas no \u00e2mbito do Estado de Santa Catarina. GABINETE DEPUTADO ALEX BRASIL PROJETO DE LEI Disp\u00f5e sobre a veda\u00e7\u00e3o da ado\u00e7\u00e3o de cotas e [&hellip;]\" \/>\n<meta property=\"og:url\" content=\"https:\/\/www.legislapp.com.br\/index.php\/cam-legislativa-de-sc-pl-0753-2025\/\" \/>\n<meta property=\"og:site_name\" content=\"Legislapp\" \/>\n<meta property=\"article:publisher\" content=\"https:\/\/www.instagram.com\/legislapp\/\" \/>\n<meta property=\"og:image\" content=\"https:\/\/www.legislapp.com.br\/wp-content\/uploads\/google-play.png\" \/>\n<meta name=\"twitter:card\" content=\"summary_large_image\" \/>\n<meta name=\"twitter:label1\" content=\"Est. tempo de leitura\" \/>\n\t<meta name=\"twitter:data1\" content=\"4 minutos\" \/>\n<script type=\"application\/ld+json\" class=\"yoast-schema-graph\">{\"@context\":\"https:\/\/schema.org\",\"@graph\":[{\"@type\":\"WebPage\",\"@id\":\"https:\/\/www.legislapp.com.br\/index.php\/cam-legislativa-de-sc-pl-0753-2025\/\",\"url\":\"https:\/\/www.legislapp.com.br\/index.php\/cam-legislativa-de-sc-pl-0753-2025\/\",\"name\":\"PL.\/0753\/2025 - Alex Brasil - Legislapp\",\"isPartOf\":{\"@id\":\"https:\/\/www.legislapp.com.br\/#website\"},\"primaryImageOfPage\":{\"@id\":\"https:\/\/www.legislapp.com.br\/index.php\/cam-legislativa-de-sc-pl-0753-2025\/#primaryimage\"},\"image\":{\"@id\":\"https:\/\/www.legislapp.com.br\/index.php\/cam-legislativa-de-sc-pl-0753-2025\/#primaryimage\"},\"thumbnailUrl\":\"https:\/\/www.legislapp.com.br\/wp-content\/uploads\/google-play.png\",\"datePublished\":\"2025-10-29T13:21:22+00:00\",\"breadcrumb\":{\"@id\":\"https:\/\/www.legislapp.com.br\/index.php\/cam-legislativa-de-sc-pl-0753-2025\/#breadcrumb\"},\"inLanguage\":\"pt-BR\",\"potentialAction\":[{\"@type\":\"ReadAction\",\"target\":[\"https:\/\/www.legislapp.com.br\/index.php\/cam-legislativa-de-sc-pl-0753-2025\/\"]}]},{\"@type\":\"ImageObject\",\"inLanguage\":\"pt-BR\",\"@id\":\"https:\/\/www.legislapp.com.br\/index.php\/cam-legislativa-de-sc-pl-0753-2025\/#primaryimage\",\"url\":\"https:\/\/www.legislapp.com.br\/wp-content\/uploads\/google-play.png\",\"contentUrl\":\"https:\/\/www.legislapp.com.br\/wp-content\/uploads\/google-play.png\",\"width\":564,\"height\":168},{\"@type\":\"BreadcrumbList\",\"@id\":\"https:\/\/www.legislapp.com.br\/index.php\/cam-legislativa-de-sc-pl-0753-2025\/#breadcrumb\",\"itemListElement\":[{\"@type\":\"ListItem\",\"position\":1,\"name\":\"In\u00edcio\",\"item\":\"https:\/\/www.legislapp.com.br\/\"},{\"@type\":\"ListItem\",\"position\":2,\"name\":\"PL.\/0753\/2025 &#8211; Alex Brasil\"}]},{\"@type\":\"WebSite\",\"@id\":\"https:\/\/www.legislapp.com.br\/#website\",\"url\":\"https:\/\/www.legislapp.com.br\/\",\"name\":\"Legislapp\",\"description\":\"Intelig\u00eancia governamental em tempo real\",\"publisher\":{\"@id\":\"https:\/\/www.legislapp.com.br\/#organization\"},\"potentialAction\":[{\"@type\":\"SearchAction\",\"target\":{\"@type\":\"EntryPoint\",\"urlTemplate\":\"https:\/\/www.legislapp.com.br\/?s={search_term_string}\"},\"query-input\":{\"@type\":\"PropertyValueSpecification\",\"valueRequired\":true,\"valueName\":\"search_term_string\"}}],\"inLanguage\":\"pt-BR\"},{\"@type\":\"Organization\",\"@id\":\"https:\/\/www.legislapp.com.br\/#organization\",\"name\":\"Legislapp Monitoramento e Intelig\u00eancia Governamental\",\"url\":\"https:\/\/www.legislapp.com.br\/\",\"logo\":{\"@type\":\"ImageObject\",\"inLanguage\":\"pt-BR\",\"@id\":\"https:\/\/www.legislapp.com.br\/#\/schema\/logo\/image\/\",\"url\":\"https:\/\/www.legislapp.com.br\/wp-content\/uploads\/icon.png\",\"contentUrl\":\"https:\/\/www.legislapp.com.br\/wp-content\/uploads\/icon.png\",\"width\":1024,\"height\":1024,\"caption\":\"Legislapp Monitoramento e Intelig\u00eancia Governamental\"},\"image\":{\"@id\":\"https:\/\/www.legislapp.com.br\/#\/schema\/logo\/image\/\"},\"sameAs\":[\"https:\/\/www.instagram.com\/legislapp\/\"]}]}<\/script>\n<!-- \/ Yoast SEO plugin. -->","yoast_head_json":{"title":"PL.\/0753\/2025 - Alex Brasil - Legislapp","robots":{"index":"index","follow":"follow","max-snippet":"max-snippet:-1","max-image-preview":"max-image-preview:large","max-video-preview":"max-video-preview:-1"},"canonical":"https:\/\/www.legislapp.com.br\/index.php\/cam-legislativa-de-sc-pl-0753-2025\/","og_locale":"pt_BR","og_type":"article","og_title":"PL.\/0753\/2025 - Alex Brasil - Legislapp","og_description":"C\u00e2m. Legislativa de SC &#8211; Autoria de Alex Brasil Disp\u00f5e sobre a veda\u00e7\u00e3o da ado\u00e7\u00e3o de cotas e outras a\u00e7\u00f5es afirmativas pelas Institui\u00e7\u00f5es de Ensino Superior P\u00fablicas ou que recebam verbas p\u00fablicas no \u00e2mbito do Estado de Santa Catarina. GABINETE DEPUTADO ALEX BRASIL PROJETO DE LEI Disp\u00f5e sobre a veda\u00e7\u00e3o da ado\u00e7\u00e3o de cotas e [&hellip;]","og_url":"https:\/\/www.legislapp.com.br\/index.php\/cam-legislativa-de-sc-pl-0753-2025\/","og_site_name":"Legislapp","article_publisher":"https:\/\/www.instagram.com\/legislapp\/","og_image":[{"url":"https:\/\/www.legislapp.com.br\/wp-content\/uploads\/google-play.png","type":"","width":"","height":""}],"twitter_card":"summary_large_image","twitter_misc":{"Est. tempo de leitura":"4 minutos"},"schema":{"@context":"https:\/\/schema.org","@graph":[{"@type":"WebPage","@id":"https:\/\/www.legislapp.com.br\/index.php\/cam-legislativa-de-sc-pl-0753-2025\/","url":"https:\/\/www.legislapp.com.br\/index.php\/cam-legislativa-de-sc-pl-0753-2025\/","name":"PL.\/0753\/2025 - Alex Brasil - Legislapp","isPartOf":{"@id":"https:\/\/www.legislapp.com.br\/#website"},"primaryImageOfPage":{"@id":"https:\/\/www.legislapp.com.br\/index.php\/cam-legislativa-de-sc-pl-0753-2025\/#primaryimage"},"image":{"@id":"https:\/\/www.legislapp.com.br\/index.php\/cam-legislativa-de-sc-pl-0753-2025\/#primaryimage"},"thumbnailUrl":"https:\/\/www.legislapp.com.br\/wp-content\/uploads\/google-play.png","datePublished":"2025-10-29T13:21:22+00:00","breadcrumb":{"@id":"https:\/\/www.legislapp.com.br\/index.php\/cam-legislativa-de-sc-pl-0753-2025\/#breadcrumb"},"inLanguage":"pt-BR","potentialAction":[{"@type":"ReadAction","target":["https:\/\/www.legislapp.com.br\/index.php\/cam-legislativa-de-sc-pl-0753-2025\/"]}]},{"@type":"ImageObject","inLanguage":"pt-BR","@id":"https:\/\/www.legislapp.com.br\/index.php\/cam-legislativa-de-sc-pl-0753-2025\/#primaryimage","url":"https:\/\/www.legislapp.com.br\/wp-content\/uploads\/google-play.png","contentUrl":"https:\/\/www.legislapp.com.br\/wp-content\/uploads\/google-play.png","width":564,"height":168},{"@type":"BreadcrumbList","@id":"https:\/\/www.legislapp.com.br\/index.php\/cam-legislativa-de-sc-pl-0753-2025\/#breadcrumb","itemListElement":[{"@type":"ListItem","position":1,"name":"In\u00edcio","item":"https:\/\/www.legislapp.com.br\/"},{"@type":"ListItem","position":2,"name":"PL.\/0753\/2025 &#8211; Alex Brasil"}]},{"@type":"WebSite","@id":"https:\/\/www.legislapp.com.br\/#website","url":"https:\/\/www.legislapp.com.br\/","name":"Legislapp","description":"Intelig\u00eancia governamental em tempo real","publisher":{"@id":"https:\/\/www.legislapp.com.br\/#organization"},"potentialAction":[{"@type":"SearchAction","target":{"@type":"EntryPoint","urlTemplate":"https:\/\/www.legislapp.com.br\/?s={search_term_string}"},"query-input":{"@type":"PropertyValueSpecification","valueRequired":true,"valueName":"search_term_string"}}],"inLanguage":"pt-BR"},{"@type":"Organization","@id":"https:\/\/www.legislapp.com.br\/#organization","name":"Legislapp Monitoramento e Intelig\u00eancia Governamental","url":"https:\/\/www.legislapp.com.br\/","logo":{"@type":"ImageObject","inLanguage":"pt-BR","@id":"https:\/\/www.legislapp.com.br\/#\/schema\/logo\/image\/","url":"https:\/\/www.legislapp.com.br\/wp-content\/uploads\/icon.png","contentUrl":"https:\/\/www.legislapp.com.br\/wp-content\/uploads\/icon.png","width":1024,"height":1024,"caption":"Legislapp Monitoramento e Intelig\u00eancia Governamental"},"image":{"@id":"https:\/\/www.legislapp.com.br\/#\/schema\/logo\/image\/"},"sameAs":["https:\/\/www.instagram.com\/legislapp\/"]}]}},"_links":{"self":[{"href":"https:\/\/www.legislapp.com.br\/index.php\/wp-json\/wp\/v2\/pages\/9490","targetHints":{"allow":["GET"]}}],"collection":[{"href":"https:\/\/www.legislapp.com.br\/index.php\/wp-json\/wp\/v2\/pages"}],"about":[{"href":"https:\/\/www.legislapp.com.br\/index.php\/wp-json\/wp\/v2\/types\/page"}],"author":[{"embeddable":true,"href":"https:\/\/www.legislapp.com.br\/index.php\/wp-json\/wp\/v2\/users\/1"}],"replies":[{"embeddable":true,"href":"https:\/\/www.legislapp.com.br\/index.php\/wp-json\/wp\/v2\/comments?post=9490"}],"version-history":[{"count":0,"href":"https:\/\/www.legislapp.com.br\/index.php\/wp-json\/wp\/v2\/pages\/9490\/revisions"}],"wp:attachment":[{"href":"https:\/\/www.legislapp.com.br\/index.php\/wp-json\/wp\/v2\/media?parent=9490"}],"curies":[{"name":"wp","href":"https:\/\/api.w.org\/{rel}","templated":true}]}}