{"id":9511,"date":"2025-10-29T10:22:34","date_gmt":"2025-10-29T13:22:34","guid":{"rendered":"https:\/\/www.legislapp.com.br\/index.php\/cam-legislativa-de-sc-pl-0737-2025\/"},"modified":"2025-10-29T10:22:34","modified_gmt":"2025-10-29T13:22:34","slug":"cam-legislativa-de-sc-pl-0737-2025","status":"publish","type":"page","link":"https:\/\/www.legislapp.com.br\/index.php\/cam-legislativa-de-sc-pl-0737-2025\/","title":{"rendered":"PL.\/0737\/2025 &#8211; Nilso Berlanda"},"content":{"rendered":"<h1 style='text-align: center;'>C\u00e2m. Legislativa de SC &#8211; Autoria de Nilso Berlanda<\/h3>\n<p><\/p>\n<article style='text-align: center'>Institui o Dia Estadual da M\u00e3e At\u00edpica e altera o Anexo \u00danico da Lei n\u00ba 18.531, de 2022, que &#8220;Consolida as leis que instituem datas e eventos alusivos no \u00e2mbito do Estado de Santa Catarina e estabelece o Calend\u00e1rio Oficial do Estado&#8221;.<\/article>\n<p><\/p>\n<p style='text-align: center'><a href='https:\/\/app.legislapp.com.br\/#\/busca?termo='><\/a><\/p>\n<p><\/p>\n<article>ASSEMBLEIA LEGISLATIVA GABINETE DEPUTADO<br \/>\nESTADO DE SANTA CATARINA NILSO BERLANDA<br \/>\nPROJETO DE LEI<br \/>\n\u00a0<br \/>\n\u00a0<br \/>\n\u00a0<br \/>\n\u00a0<br \/>\nInstitui o Dia Estadual da M\u00e3e At\u00edpica\u00a0e altera o Anexo \u00danico da<br \/>\nLei n\u00ba 18.531, de 2022, que \u201cConsolida as leis que instituem<br \/>\ndatas e eventos alusivos no \u00e2mbito do Estado de Santa<br \/>\nCatarina e estabelece o Calend\u00e1rio O?cial do Estado\u201d.\u00a0<br \/>\n\u00a0<br \/>\n\u00a0<br \/>\n\u00a0<br \/>\nArt. 1\u00ba\u00a0Fica institu\u00eddo, no \u00e2mbito do Estado de Santa Catarina, o Dia da M\u00e3e At\u00edpica, a ser<br \/>\ncelebrado, anualmente, em 30 de novembro.<br \/>\n\u00a0<br \/>\nArt. 2\u00ba\u00a0 Para efeitos desta Lei, considera-se m\u00e3e at\u00edpica a mulher ou cuidadora que, de<br \/>\nforma exclusiva ou preponderante, dedica-se \u00e0 cria\u00e7\u00e3o e ao cuidado de pessoa com<br \/>\nde?ci\u00eancia, doen\u00e7a rara, s\u00edndrome, transtorno do neurodesenvolvimento (como TEA,<br \/>\nTDAH, dislexia) ou outra condi\u00e7\u00e3o que demande aten\u00e7\u00e3o, assist\u00eancia e adapta\u00e7\u00f5es<br \/>\nespec\u00ed?cas.<br \/>\n\u00a0<br \/>\nArt. 3\u00ba\u00a0O dia da m\u00e3e at\u00edpica de que trata esta Lei tem como objetivo a promo\u00e7\u00e3o de:<br \/>\n\u00a0<br \/>\nI \u2013 campanhas de informa\u00e7\u00e3o e esclarecimento \u00e0 popula\u00e7\u00e3o sobre a maternidade at\u00edpica,<br \/>\nos desa?os enfrentados e os direitos assegurados \u00e0s m\u00e3es at\u00edpicas nas esferas da<br \/>\nassist\u00eancia social, sa\u00fade, trabalho e educa\u00e7\u00e3o;<br \/>\n\u00a0<br \/>\nII \u2013 rodas de conversa, semin\u00e1rios, o?cinas, eventos culturais e outras atividades voltadas<br \/>\n\u00e0 valoriza\u00e7\u00e3o, visibilidade e apoio \u00e0s m\u00e3es at\u00edpicas; e<br \/>\n\u00a0<br \/>\nIII \u2013 pol\u00edticas p\u00fablicas, programas de assist\u00eancia e canais de den\u00fancia de viola\u00e7\u00f5es de<br \/>\ndireitos.<br \/>\n\u00a0<br \/>\nArt. 4\u00ba O Anexo \u00danico da Lei n\u00ba 18.531, de 5 de dezembro de 2022, passa a vigorar com a<br \/>\naltera\u00e7\u00e3o constante do Anexo \u00danico desta Lei.<br \/>\n\u00a0<br \/>\nArt. 5\u00b0 Esta Lei entra em vigor na data de sua publica\u00e7\u00e3o.<br \/>\n\u00a0<br \/>\nSala das Sess\u00f5es,<br \/>\n\u00a0<br \/>\n\u00a0<br \/>\nDeputado Nilso Berlanda\u00a0<br \/>\nANEXO \u00daNICO<br \/>\n(Altera o Anexo \u00danico da Lei n\u00ba 18.531, de 5 de dezembro de 2022)<br \/>\n\u00a0<br \/>\n\u201cANEXO \u00daNICO<br \/>\nCALEND\u00c1RIO OFICIAL DO ESTADO DE SANTA CATARINA<br \/>\n\u00a0<br \/>\n&#8230;&#8230;&#8230;&#8230;&#8230;&#8230;&#8230;&#8230;&#8230;&#8230;&#8230;&#8230;&#8230;&#8230;&#8230;&#8230;&#8230;&#8230;&#8230;&#8230;&#8230;&#8230;&#8230;&#8230;&#8230;&#8230;&#8230;&#8230;&#8230;&#8230;&#8230;&#8230;&#8230;&#8230;&#8230;&#8230;&#8230;&#8230;&#8230;&#8230;&#8230;&#8230;&#8230;&#8230;&#8230;..<br \/>\n\u00a0<br \/>\nNOVEMBRO<br \/>\nLEI ORIGINAL<br \/>\nDIAS<br \/>\nN\u00ba<br \/>\n&#8230;&#8230;&#8230;\u00a0 &#8230;&#8230;&#8230;&#8230;&#8230;&#8230;&#8230;&#8230;&#8230;&#8230;&#8230;&#8230;&#8230;&#8230;&#8230;&#8230;&#8230;&#8230;&#8230;&#8230;&#8230;&#8230;&#8230;&#8230;&#8230;&#8230;&#8230;&#8230;&#8230;&#8230;&#8230;&#8230;&#8230;.. &#8230;&#8230;&#8230;&#8230;&#8230;&#8230;&#8230;&#8230;&#8230;..<br \/>\nDia Estadual da M\u00e3e At\u00edpica<br \/>\nCom o objetivo\u00a0de promover:<br \/>\nI \u2013 campanhas de informa\u00e7\u00e3o e esclarecimento \u00e0<br \/>\npopula\u00e7\u00e3o sobre a maternidade at\u00edpica, os desa?os<br \/>\nenfrentados e os direitos assegurados \u00e0s m\u00e3es at\u00edpicas<br \/>\nnas esferas da assist\u00eancia social, sa\u00fade, trabalho e<br \/>\n30 \u00a0<br \/>\neduca\u00e7\u00e3o;<br \/>\nII \u2013 rodas de conversa, semin\u00e1rios, o?cinas, eventos<br \/>\nculturais e outras atividades voltadas \u00e0 valoriza\u00e7\u00e3o,<br \/>\nvisibilidade e apoio \u00e0s m\u00e3es at\u00edpicas;<br \/>\nIII \u2013 pol\u00edticas p\u00fablicas, programas de assist\u00eancia e canais<br \/>\nde den\u00fancia de viola\u00e7\u00f5es de direitos.<br \/>\n&#8230;&#8230;&#8230; &#8230;&#8230;&#8230;&#8230;&#8230;&#8230;&#8230;&#8230;&#8230;&#8230;&#8230;&#8230;&#8230;&#8230;&#8230;&#8230;&#8230;&#8230;&#8230;&#8230;&#8230;&#8230;&#8230;&#8230;&#8230;&#8230;&#8230;&#8230;&#8230;&#8230;&#8230;&#8230;&#8230;.. &#8230;&#8230;&#8230;&#8230;&#8230;&#8230;&#8230;&#8230;&#8230;..<br \/>\n&#8230;&#8230;&#8230;&#8230;&#8230;&#8230;&#8230;&#8230;&#8230;&#8230;&#8230;&#8230;&#8230;&#8230;&#8230;&#8230;&#8230;&#8230;&#8230;&#8230;&#8230;&#8230;&#8230;&#8230;&#8230;&#8230;&#8230;&#8230;&#8230;&#8230;&#8230;&#8230;&#8230;&#8230;&#8230;&#8230;&#8230;&#8230;&#8230;&#8230;&#8230;&#8230;&#8230;&#8230;.\u201d (NR)<br \/>\n\u00a0<br \/>\n\u00a0<br \/>\n\u00a0 \u00a0 \u00a0<br \/>\n\u00a0<br \/>\n\u00a0\u00a0<br \/>\nJUSTIFICA\u00c7\u00c3O<br \/>\n\u00a0<br \/>\n\u00a0<br \/>\nA institui\u00e7\u00e3o do Dia da M\u00e3e At\u00edpica apresenta-se como medida de relevante interesse<br \/>\np\u00fablico e social, alinhada aos princ\u00edpios constitucionais da dignidade da pessoa humana<br \/>\n(art. 1\u00ba, III), da prote\u00e7\u00e3o \u00e0 maternidade e \u00e0 inf\u00e2ncia (art. 6\u00ba), e do dever estatal de<br \/>\npromo\u00e7\u00e3o da inclus\u00e3o e combate a todas as formas de discrimina\u00e7\u00e3o e exclus\u00e3o.<br \/>\n\u00a0<br \/>\nA maternidade at\u00edpica con?gura condi\u00e7\u00e3o de vulnerabilidade espec\u00ed?ca, pois m\u00e3es que<br \/>\ncuidam de pessoas com de?ci\u00eancia, doen\u00e7as raras ou transtornos do<br \/>\nneurodesenvolvimento assumem, frequentemente, jornadas extenuantes de dedica\u00e7\u00e3o,<br \/>\nenfrentando m\u00faltiplas barreiras sociais, institucionais, econ\u00f4micas e de acesso a direitos<br \/>\nb\u00e1sicos. A invisibilidade dessas m\u00e3es agrava desigualdades e di?culta a efetiva\u00e7\u00e3o dos<br \/>\ndireitos fundamentais garantidos pela Constitui\u00e7\u00e3o Federal de 1988, que reconhece a<br \/>\nprote\u00e7\u00e3o \u00e0 maternidade e \u00e0 inf\u00e2ncia como dever do Estado e base da justi\u00e7a social.<br \/>\n\u00a0<br \/>\nA celebra\u00e7\u00e3o anual do Dia da M\u00e3e At\u00edpica tem car\u00e1ter pedag\u00f3gico e norteador de pol\u00edticas<br \/>\np\u00fablicas, pois al\u00e9m de valorizar e reconhecer socialmente essas mulheres, mobiliza<br \/>\nesfor\u00e7os conjuntos para informar a popula\u00e7\u00e3o sobre o verdadeiro signi?cado da<br \/>\nmaternidade at\u00edpica e os direitos legais derivados dessa condi\u00e7\u00e3o. O projeto est\u00e1<br \/>\namparado por estudos e diagn\u00f3sticos das ci\u00eancias jur\u00eddicas, sociais e da sa\u00fade, que<br \/>\napontam a urgente necessidade de mecanismos efetivos de apoio, especialmente na<br \/>\nassist\u00eancia social, sa\u00fade, educa\u00e7\u00e3o, trabalho e previd\u00eancia.<br \/>\n\u00a0<br \/>\nAdemais, ao fomentar campanhas informativas, rodas de di\u00e1logo e a\u00e7\u00f5es de valoriza\u00e7\u00e3o,<br \/>\no projeto contribui para combater preconceitos, ampliar o acesso a informa\u00e7\u00f5es corretas,<br \/>\nincentivar a rede de prote\u00e7\u00e3o e dar efetividade a direitos j\u00e1 previstos nas leis do pa\u00eds e em<br \/>\nconven\u00e7\u00f5es internacionais sobre pessoas com de?ci\u00eancia e direitos das mulheres.<br \/>\n\u00a0<br \/>\nAssim, o Dia da M\u00e3e At\u00edpica representa n\u00e3o apenas uma data comemorativa, mas um<br \/>\ninstrumento concreto de promo\u00e7\u00e3o da cidadania, justi\u00e7a social e respeito aos direitos<br \/>\nhumanos das m\u00e3es e ?lhos em situa\u00e7\u00e3o de vulnerabilidade, em conson\u00e2ncia com os<br \/>\nprinc\u00edpios da Constitui\u00e7\u00e3o da Rep\u00fablica Federativa do Brasil.<br \/>\n\u00a0<br \/>\nAl\u00e9m disso, a institui\u00e7\u00e3o do dia da M\u00e3e At\u00edpica atende aos requisitos estabelecidos na Lei<br \/>\nn\u00ba 18.532, de 2022, que \u201cCria o Calend\u00e1rio O?cial do Estado de Santa Catarina e disp\u00f5e<br \/>\nsobre a institui\u00e7\u00e3o de datas e eventos alusivos\u201d, para registrar, divulgar e estimular as<br \/>\nprincipais atividades institucionais, culturais, esportivas, tur\u00edsticas, sociais, pro?ssionais e<br \/>\nreligiosas do Estado.\u00a0<br \/>\n\u00a0<br \/>\nDiante do exposto, requer-se aos demais Parlamentares a aprova\u00e7\u00e3o desta importante<br \/>\nproposi\u00e7\u00e3o legislativa.<br \/>\n\u00a0<br \/>\nELEGIS<br \/>\nDocumento assinado eletronicamente por Nilso Jos\u00e9<br \/>\nSistema de Processo<br \/>\nBerlanda, em 07\/10\/2025, \u00e0s 14:14.<br \/>\nLegislativo Eletr\u00f4nico<\/article>\n<div style=\"text-align: center\">\n<div style=\"margin-bottom: 20px;\" class=\"et_pb_button_module_wrapper et_pb_button_5_tb_body_wrapper et_pb_button_alignment_center et_pb_module \">\n         <a class=\"et_pb_button et_pb_button_5_tb_body et_hover_enabled et_pb_bg_layout_dark\" style=\"width: 50%;background-color: black;\" href=\"https:\/\/app.legislapp.com.br\" target=\"_blank\" rel=\"noopener\">Visualizar completo na nossa plataforma (30 dias gr\u00e1tis)<\/a><\/p><\/div>\n<p>      <a href=\"https:\/\/play.google.com\/store\/apps\/details?id=br.com.legislapp\"><img decoding=\"async\" style=\"width: 15%; min-width: 130px;\" src=\"https:\/\/www.legislapp.com.br\/wp-content\/uploads\/google-play.png\"><\/a><br \/>\n      <a href=\"https:\/\/apps.apple.com\/us\/app\/legislapp\/id1568929859\"><img decoding=\"async\" style=\"width: 15%; min-width: 130px\" src=\"https:\/\/www.legislapp.com.br\/wp-content\/uploads\/apple-store.png\"><\/a>\n   <\/div>\n","protected":false},"excerpt":{"rendered":"<p>C\u00e2m. Legislativa de SC &#8211; Autoria de Nilso Berlanda Institui o Dia Estadual da M\u00e3e At\u00edpica e altera o Anexo \u00danico da Lei n\u00ba 18.531, de 2022, que &#8220;Consolida as leis que instituem datas e eventos alusivos no \u00e2mbito do Estado de Santa Catarina e estabelece o Calend\u00e1rio Oficial do Estado&#8221;. ASSEMBLEIA LEGISLATIVA GABINETE DEPUTADO [&hellip;]<\/p>\n","protected":false},"author":1,"featured_media":0,"parent":0,"menu_order":0,"comment_status":"closed","ping_status":"closed","template":"page-template-blank.php","meta":{"_et_pb_use_builder":"","_et_pb_old_content":"","_et_gb_content_width":"1080","ngg_post_thumbnail":0,"footnotes":""},"class_list":["post-9511","page","type-page","status-publish","hentry"],"yoast_head":"<!-- This site is optimized with the Yoast SEO plugin v24.4 - https:\/\/yoast.com\/wordpress\/plugins\/seo\/ -->\n<title>PL.\/0737\/2025 - Nilso Berlanda - Legislapp<\/title>\n<meta name=\"robots\" content=\"index, follow, max-snippet:-1, max-image-preview:large, max-video-preview:-1\" \/>\n<link rel=\"canonical\" href=\"https:\/\/www.legislapp.com.br\/index.php\/cam-legislativa-de-sc-pl-0737-2025\/\" \/>\n<meta property=\"og:locale\" content=\"pt_BR\" \/>\n<meta property=\"og:type\" content=\"article\" \/>\n<meta property=\"og:title\" content=\"PL.\/0737\/2025 - Nilso Berlanda - Legislapp\" \/>\n<meta property=\"og:description\" content=\"C\u00e2m. Legislativa de SC &#8211; Autoria de Nilso Berlanda Institui o Dia Estadual da M\u00e3e At\u00edpica e altera o Anexo \u00danico da Lei n\u00ba 18.531, de 2022, que &#8220;Consolida as leis que instituem datas e eventos alusivos no \u00e2mbito do Estado de Santa Catarina e estabelece o Calend\u00e1rio Oficial do Estado&#8221;. ASSEMBLEIA LEGISLATIVA GABINETE DEPUTADO [&hellip;]\" \/>\n<meta property=\"og:url\" content=\"https:\/\/www.legislapp.com.br\/index.php\/cam-legislativa-de-sc-pl-0737-2025\/\" \/>\n<meta property=\"og:site_name\" content=\"Legislapp\" \/>\n<meta property=\"article:publisher\" content=\"https:\/\/www.instagram.com\/legislapp\/\" \/>\n<meta property=\"og:image\" content=\"https:\/\/www.legislapp.com.br\/wp-content\/uploads\/google-play.png\" \/>\n<meta name=\"twitter:card\" content=\"summary_large_image\" \/>\n<meta name=\"twitter:label1\" content=\"Est. tempo de leitura\" \/>\n\t<meta name=\"twitter:data1\" content=\"5 minutos\" \/>\n<script type=\"application\/ld+json\" class=\"yoast-schema-graph\">{\"@context\":\"https:\/\/schema.org\",\"@graph\":[{\"@type\":\"WebPage\",\"@id\":\"https:\/\/www.legislapp.com.br\/index.php\/cam-legislativa-de-sc-pl-0737-2025\/\",\"url\":\"https:\/\/www.legislapp.com.br\/index.php\/cam-legislativa-de-sc-pl-0737-2025\/\",\"name\":\"PL.\/0737\/2025 - Nilso Berlanda - Legislapp\",\"isPartOf\":{\"@id\":\"https:\/\/www.legislapp.com.br\/#website\"},\"primaryImageOfPage\":{\"@id\":\"https:\/\/www.legislapp.com.br\/index.php\/cam-legislativa-de-sc-pl-0737-2025\/#primaryimage\"},\"image\":{\"@id\":\"https:\/\/www.legislapp.com.br\/index.php\/cam-legislativa-de-sc-pl-0737-2025\/#primaryimage\"},\"thumbnailUrl\":\"https:\/\/www.legislapp.com.br\/wp-content\/uploads\/google-play.png\",\"datePublished\":\"2025-10-29T13:22:34+00:00\",\"breadcrumb\":{\"@id\":\"https:\/\/www.legislapp.com.br\/index.php\/cam-legislativa-de-sc-pl-0737-2025\/#breadcrumb\"},\"inLanguage\":\"pt-BR\",\"potentialAction\":[{\"@type\":\"ReadAction\",\"target\":[\"https:\/\/www.legislapp.com.br\/index.php\/cam-legislativa-de-sc-pl-0737-2025\/\"]}]},{\"@type\":\"ImageObject\",\"inLanguage\":\"pt-BR\",\"@id\":\"https:\/\/www.legislapp.com.br\/index.php\/cam-legislativa-de-sc-pl-0737-2025\/#primaryimage\",\"url\":\"https:\/\/www.legislapp.com.br\/wp-content\/uploads\/google-play.png\",\"contentUrl\":\"https:\/\/www.legislapp.com.br\/wp-content\/uploads\/google-play.png\",\"width\":564,\"height\":168},{\"@type\":\"BreadcrumbList\",\"@id\":\"https:\/\/www.legislapp.com.br\/index.php\/cam-legislativa-de-sc-pl-0737-2025\/#breadcrumb\",\"itemListElement\":[{\"@type\":\"ListItem\",\"position\":1,\"name\":\"In\u00edcio\",\"item\":\"https:\/\/www.legislapp.com.br\/\"},{\"@type\":\"ListItem\",\"position\":2,\"name\":\"PL.\/0737\/2025 &#8211; Nilso Berlanda\"}]},{\"@type\":\"WebSite\",\"@id\":\"https:\/\/www.legislapp.com.br\/#website\",\"url\":\"https:\/\/www.legislapp.com.br\/\",\"name\":\"Legislapp\",\"description\":\"Intelig\u00eancia governamental em tempo real\",\"publisher\":{\"@id\":\"https:\/\/www.legislapp.com.br\/#organization\"},\"potentialAction\":[{\"@type\":\"SearchAction\",\"target\":{\"@type\":\"EntryPoint\",\"urlTemplate\":\"https:\/\/www.legislapp.com.br\/?s={search_term_string}\"},\"query-input\":{\"@type\":\"PropertyValueSpecification\",\"valueRequired\":true,\"valueName\":\"search_term_string\"}}],\"inLanguage\":\"pt-BR\"},{\"@type\":\"Organization\",\"@id\":\"https:\/\/www.legislapp.com.br\/#organization\",\"name\":\"Legislapp Monitoramento e Intelig\u00eancia Governamental\",\"url\":\"https:\/\/www.legislapp.com.br\/\",\"logo\":{\"@type\":\"ImageObject\",\"inLanguage\":\"pt-BR\",\"@id\":\"https:\/\/www.legislapp.com.br\/#\/schema\/logo\/image\/\",\"url\":\"https:\/\/www.legislapp.com.br\/wp-content\/uploads\/icon.png\",\"contentUrl\":\"https:\/\/www.legislapp.com.br\/wp-content\/uploads\/icon.png\",\"width\":1024,\"height\":1024,\"caption\":\"Legislapp Monitoramento e Intelig\u00eancia Governamental\"},\"image\":{\"@id\":\"https:\/\/www.legislapp.com.br\/#\/schema\/logo\/image\/\"},\"sameAs\":[\"https:\/\/www.instagram.com\/legislapp\/\"]}]}<\/script>\n<!-- \/ Yoast SEO plugin. -->","yoast_head_json":{"title":"PL.\/0737\/2025 - Nilso Berlanda - Legislapp","robots":{"index":"index","follow":"follow","max-snippet":"max-snippet:-1","max-image-preview":"max-image-preview:large","max-video-preview":"max-video-preview:-1"},"canonical":"https:\/\/www.legislapp.com.br\/index.php\/cam-legislativa-de-sc-pl-0737-2025\/","og_locale":"pt_BR","og_type":"article","og_title":"PL.\/0737\/2025 - Nilso Berlanda - Legislapp","og_description":"C\u00e2m. Legislativa de SC &#8211; Autoria de Nilso Berlanda Institui o Dia Estadual da M\u00e3e At\u00edpica e altera o Anexo \u00danico da Lei n\u00ba 18.531, de 2022, que &#8220;Consolida as leis que instituem datas e eventos alusivos no \u00e2mbito do Estado de Santa Catarina e estabelece o Calend\u00e1rio Oficial do Estado&#8221;. ASSEMBLEIA LEGISLATIVA GABINETE DEPUTADO [&hellip;]","og_url":"https:\/\/www.legislapp.com.br\/index.php\/cam-legislativa-de-sc-pl-0737-2025\/","og_site_name":"Legislapp","article_publisher":"https:\/\/www.instagram.com\/legislapp\/","og_image":[{"url":"https:\/\/www.legislapp.com.br\/wp-content\/uploads\/google-play.png","type":"","width":"","height":""}],"twitter_card":"summary_large_image","twitter_misc":{"Est. tempo de leitura":"5 minutos"},"schema":{"@context":"https:\/\/schema.org","@graph":[{"@type":"WebPage","@id":"https:\/\/www.legislapp.com.br\/index.php\/cam-legislativa-de-sc-pl-0737-2025\/","url":"https:\/\/www.legislapp.com.br\/index.php\/cam-legislativa-de-sc-pl-0737-2025\/","name":"PL.\/0737\/2025 - Nilso Berlanda - Legislapp","isPartOf":{"@id":"https:\/\/www.legislapp.com.br\/#website"},"primaryImageOfPage":{"@id":"https:\/\/www.legislapp.com.br\/index.php\/cam-legislativa-de-sc-pl-0737-2025\/#primaryimage"},"image":{"@id":"https:\/\/www.legislapp.com.br\/index.php\/cam-legislativa-de-sc-pl-0737-2025\/#primaryimage"},"thumbnailUrl":"https:\/\/www.legislapp.com.br\/wp-content\/uploads\/google-play.png","datePublished":"2025-10-29T13:22:34+00:00","breadcrumb":{"@id":"https:\/\/www.legislapp.com.br\/index.php\/cam-legislativa-de-sc-pl-0737-2025\/#breadcrumb"},"inLanguage":"pt-BR","potentialAction":[{"@type":"ReadAction","target":["https:\/\/www.legislapp.com.br\/index.php\/cam-legislativa-de-sc-pl-0737-2025\/"]}]},{"@type":"ImageObject","inLanguage":"pt-BR","@id":"https:\/\/www.legislapp.com.br\/index.php\/cam-legislativa-de-sc-pl-0737-2025\/#primaryimage","url":"https:\/\/www.legislapp.com.br\/wp-content\/uploads\/google-play.png","contentUrl":"https:\/\/www.legislapp.com.br\/wp-content\/uploads\/google-play.png","width":564,"height":168},{"@type":"BreadcrumbList","@id":"https:\/\/www.legislapp.com.br\/index.php\/cam-legislativa-de-sc-pl-0737-2025\/#breadcrumb","itemListElement":[{"@type":"ListItem","position":1,"name":"In\u00edcio","item":"https:\/\/www.legislapp.com.br\/"},{"@type":"ListItem","position":2,"name":"PL.\/0737\/2025 &#8211; Nilso Berlanda"}]},{"@type":"WebSite","@id":"https:\/\/www.legislapp.com.br\/#website","url":"https:\/\/www.legislapp.com.br\/","name":"Legislapp","description":"Intelig\u00eancia governamental em tempo real","publisher":{"@id":"https:\/\/www.legislapp.com.br\/#organization"},"potentialAction":[{"@type":"SearchAction","target":{"@type":"EntryPoint","urlTemplate":"https:\/\/www.legislapp.com.br\/?s={search_term_string}"},"query-input":{"@type":"PropertyValueSpecification","valueRequired":true,"valueName":"search_term_string"}}],"inLanguage":"pt-BR"},{"@type":"Organization","@id":"https:\/\/www.legislapp.com.br\/#organization","name":"Legislapp Monitoramento e Intelig\u00eancia Governamental","url":"https:\/\/www.legislapp.com.br\/","logo":{"@type":"ImageObject","inLanguage":"pt-BR","@id":"https:\/\/www.legislapp.com.br\/#\/schema\/logo\/image\/","url":"https:\/\/www.legislapp.com.br\/wp-content\/uploads\/icon.png","contentUrl":"https:\/\/www.legislapp.com.br\/wp-content\/uploads\/icon.png","width":1024,"height":1024,"caption":"Legislapp Monitoramento e Intelig\u00eancia Governamental"},"image":{"@id":"https:\/\/www.legislapp.com.br\/#\/schema\/logo\/image\/"},"sameAs":["https:\/\/www.instagram.com\/legislapp\/"]}]}},"_links":{"self":[{"href":"https:\/\/www.legislapp.com.br\/index.php\/wp-json\/wp\/v2\/pages\/9511","targetHints":{"allow":["GET"]}}],"collection":[{"href":"https:\/\/www.legislapp.com.br\/index.php\/wp-json\/wp\/v2\/pages"}],"about":[{"href":"https:\/\/www.legislapp.com.br\/index.php\/wp-json\/wp\/v2\/types\/page"}],"author":[{"embeddable":true,"href":"https:\/\/www.legislapp.com.br\/index.php\/wp-json\/wp\/v2\/users\/1"}],"replies":[{"embeddable":true,"href":"https:\/\/www.legislapp.com.br\/index.php\/wp-json\/wp\/v2\/comments?post=9511"}],"version-history":[{"count":0,"href":"https:\/\/www.legislapp.com.br\/index.php\/wp-json\/wp\/v2\/pages\/9511\/revisions"}],"wp:attachment":[{"href":"https:\/\/www.legislapp.com.br\/index.php\/wp-json\/wp\/v2\/media?parent=9511"}],"curies":[{"name":"wp","href":"https:\/\/api.w.org\/{rel}","templated":true}]}}