{"id":9533,"date":"2025-10-29T10:23:51","date_gmt":"2025-10-29T13:23:51","guid":{"rendered":"https:\/\/www.legislapp.com.br\/index.php\/cam-legislativa-de-mg-pl-4457-2025-2\/"},"modified":"2025-10-29T10:23:51","modified_gmt":"2025-10-29T13:23:51","slug":"cam-legislativa-de-mg-pl-4457-2025-2","status":"publish","type":"page","link":"https:\/\/www.legislapp.com.br\/index.php\/cam-legislativa-de-mg-pl-4457-2025-2\/","title":{"rendered":"PL 4457\/2025 &#8211; Deputados"},"content":{"rendered":"<h1 style='text-align: center;'>C\u00e2m. Legislativa de MG &#8211; Autoria de Deputados<\/h3>\n<p><\/p>\n<article style='text-align: center'>Reconhece como bem de relevante interesse cultural do Estado a Casa do<br \/>\nQuilombo, situada na Comunidade Quilombola do Capoeir\u00e3o, no Munic\u00edpio de<br \/>\nItabira.<\/article>\n<p><\/p>\n<p style='text-align: center'><a href='https:\/\/app.legislapp.com.br\/#\/busca?termo='><\/a><\/p>\n<p><\/p>\n<article>Reconhece a Casa do Quilombo, situada na Comunidade Quilombola do Capoeir\u00e3o, no Munic\u00edpio de Itabira, como bem de relevante interesse cultural para o Estado de Minas Gerais e d\u00e1 outras provid\u00eancias.<br \/>\nA Assembleia Legislativa do Estado de Minas Gerais decreta:<br \/>\nArt. 1\u00ba \u2013 Fica reconhecido como bem de relevante interesse cultural para o Estado de Minas Gerais o im\u00f3vel conhecido como\u00a0Casa do Quilombo, localizado na Comunidade Quilombola do Capoeir\u00e3o, no Munic\u00edpio de Itabira.<br \/>\nPar\u00e1grafo \u00fanico \u2013 O reconhecimento de que trata o\u00a0caput\u00a0deste artigo atesta o excepcional valor hist\u00f3rico, arquitet\u00f4nico, social e simb\u00f3lico do bem para a mem\u00f3ria e a identidade cultural mineira, em especial para a afirma\u00e7\u00e3o da hist\u00f3ria e da cultura negra e quilombola no Estado.<br \/>\nArt. 2\u00ba \u2013 A Casa do Quilombo do Capoeir\u00e3o, j\u00e1 tombada pelo Munic\u00edpio de Itabira por meio do Decreto n\u00ba 6.333, de 31 de dezembro de 2024, \u00e9 um exemplar significativo da arquitetura tradicional quilombola do s\u00e9culo XIX, constituindo-se em marco f\u00edsico e simb\u00f3lico da resist\u00eancia, autonomia e luta pela liberdade de comunidades formadas por descendentes de africanos escravizados.<br \/>\nArt. 3\u00ba \u2013 O Poder Executivo Estadual, por meio dos \u00f3rg\u00e3os competentes, na esfera de suas atribui\u00e7\u00f5es, poder\u00e1 estabelecer mecanismos de coopera\u00e7\u00e3o t\u00e9cnica e financeira com o Munic\u00edpio de Itabira e com a Comunidade Quilombola do Capoeir\u00e3o para apoiar a conclus\u00e3o das obras de restaura\u00e7\u00e3o, a conserva\u00e7\u00e3o, a prote\u00e7\u00e3o e a promo\u00e7\u00e3o do bem reconhecido por esta lei.<br \/>\nArt. 4\u00ba \u2013 As despesas decorrentes da execu\u00e7\u00e3o desta lei correr\u00e3o por conta das dota\u00e7\u00f5es or\u00e7ament\u00e1rias pr\u00f3prias, suplementadas se necess\u00e1rio.<br \/>\nArt. 5\u00ba \u2013 Esta lei entra em vigor na data de sua publica\u00e7\u00e3o.<br \/>\nSala das Reuni\u00f5es, 19 de setembro de 2025.<br \/>\nBeatriz Cerqueira (PT), presidenta da Comiss\u00e3o de Educa\u00e7\u00e3o, Ci\u00eancia e Tecnologia \u2013 Bella Gon\u00e7alves (Psol), presidenta da Comiss\u00e3o de Direitos Humanos.<br \/>\nJustifica\u00e7\u00e3o: O presente projeto de lei visa conferir ao Estado de Minas Gerais a justa participa\u00e7\u00e3o no reconhecimento e na preserva\u00e7\u00e3o de um patrim\u00f4nio cultural de inestim\u00e1vel valor: a Casa do Quilombo da Comunidade do Capoeir\u00e3o, em Itabira.<br \/>\nA relev\u00e2ncia deste bem transcende os limites municipais, configurando-se como um patrim\u00f4nio de todo o povo mineiro. A Casa do Quilombo do Capoeir\u00e3o \u00e9 muito mais do que uma estrutura f\u00edsica do s\u00e9culo XIX, ela \u00e9 um testemunho material de um cap\u00edtulo fundamental de nossa hist\u00f3ria: a luta pela liberdade e a forma\u00e7\u00e3o de quilombos como espa\u00e7os de resist\u00eancia, autonomia e preserva\u00e7\u00e3o cultural.<br \/>\nA comunidade do Capoeir\u00e3o, formada por descendentes de escravizados que conquistaram sua liberdade antes mesmo da Aboli\u00e7\u00e3o formal em 1888, representa a resili\u00eancia e a for\u00e7a do povo negro. A arquitetura da casa, caracter\u00edstica das constru\u00e7\u00f5es quilombolas, abriga saberes tradicionais, modos de vida e uma hist\u00f3ria de luta que merece ser perpetuada.<br \/>\nO tombamento do bem pelo Munic\u00edpio de Itabira, por meio do Decreto n\u00ba 6.333\/2024, foi um passo fundamental. No entanto, o reconhecimento estadual \u00e9 um ato complementar e necess\u00e1rio, que amplia o alcance dessa prote\u00e7\u00e3o, insere o bem em um circuito estadual de patrim\u00f4nio cultural e sinaliza o compromisso de Minas Gerais com a sua hist\u00f3ria multifacetada.<br \/>\nO reconhecimento por esta Casa Legislativa n\u00e3o apenas valoriza simbolicamente esse esfor\u00e7o, mas tamb\u00e9m abre caminho para futuras parcerias e apoios do Estado, garantindo que este marco hist\u00f3rico seja preservado para as gera\u00e7\u00f5es presentes e futuras, servindo como local de mem\u00f3ria, educa\u00e7\u00e3o e orgulho para todos os mineiros e mineiras.<br \/>\nPelo exposto, contamos com o apoio dos nobres Pares para a aprova\u00e7\u00e3o deste relevante projeto de lei.<br \/>\n\u2013 Publicado, vai o projeto \u00e0s Comiss\u00f5es de Justi\u00e7a e de Cultura para parecer, nos termos do art. 188, c\/c o art. 102, do Regimento Interno.<\/article>\n<div style=\"text-align: center\">\n<div style=\"margin-bottom: 20px;\" class=\"et_pb_button_module_wrapper et_pb_button_5_tb_body_wrapper et_pb_button_alignment_center et_pb_module \">\n         <a class=\"et_pb_button et_pb_button_5_tb_body et_hover_enabled et_pb_bg_layout_dark\" style=\"width: 50%;background-color: black;\" href=\"https:\/\/app.legislapp.com.br\" target=\"_blank\" rel=\"noopener\">Visualizar completo na nossa plataforma (30 dias gr\u00e1tis)<\/a><\/p><\/div>\n<p>      <a href=\"https:\/\/play.google.com\/store\/apps\/details?id=br.com.legislapp\"><img decoding=\"async\" style=\"width: 15%; min-width: 130px;\" src=\"https:\/\/www.legislapp.com.br\/wp-content\/uploads\/google-play.png\"><\/a><br \/>\n      <a href=\"https:\/\/apps.apple.com\/us\/app\/legislapp\/id1568929859\"><img decoding=\"async\" style=\"width: 15%; min-width: 130px\" src=\"https:\/\/www.legislapp.com.br\/wp-content\/uploads\/apple-store.png\"><\/a>\n   <\/div>\n","protected":false},"excerpt":{"rendered":"<p>C\u00e2m. Legislativa de MG &#8211; Autoria de Deputados Reconhece como bem de relevante interesse cultural do Estado a Casa do Quilombo, situada na Comunidade Quilombola do Capoeir\u00e3o, no Munic\u00edpio de Itabira. Reconhece a Casa do Quilombo, situada na Comunidade Quilombola do Capoeir\u00e3o, no Munic\u00edpio de Itabira, como bem de relevante interesse cultural para o Estado [&hellip;]<\/p>\n","protected":false},"author":1,"featured_media":0,"parent":0,"menu_order":0,"comment_status":"closed","ping_status":"closed","template":"page-template-blank.php","meta":{"_et_pb_use_builder":"","_et_pb_old_content":"","_et_gb_content_width":"1080","ngg_post_thumbnail":0,"footnotes":""},"class_list":["post-9533","page","type-page","status-publish","hentry"],"yoast_head":"<!-- This site is optimized with the Yoast SEO plugin v24.4 - https:\/\/yoast.com\/wordpress\/plugins\/seo\/ -->\n<title>PL 4457\/2025 - Deputados - Legislapp<\/title>\n<meta name=\"robots\" content=\"index, follow, max-snippet:-1, max-image-preview:large, max-video-preview:-1\" \/>\n<link rel=\"canonical\" href=\"https:\/\/www.legislapp.com.br\/index.php\/cam-legislativa-de-mg-pl-4457-2025-2\/\" \/>\n<meta property=\"og:locale\" content=\"pt_BR\" \/>\n<meta property=\"og:type\" content=\"article\" \/>\n<meta property=\"og:title\" content=\"PL 4457\/2025 - Deputados - Legislapp\" \/>\n<meta property=\"og:description\" content=\"C\u00e2m. Legislativa de MG &#8211; Autoria de Deputados Reconhece como bem de relevante interesse cultural do Estado a Casa do Quilombo, situada na Comunidade Quilombola do Capoeir\u00e3o, no Munic\u00edpio de Itabira. Reconhece a Casa do Quilombo, situada na Comunidade Quilombola do Capoeir\u00e3o, no Munic\u00edpio de Itabira, como bem de relevante interesse cultural para o Estado [&hellip;]\" \/>\n<meta property=\"og:url\" content=\"https:\/\/www.legislapp.com.br\/index.php\/cam-legislativa-de-mg-pl-4457-2025-2\/\" \/>\n<meta property=\"og:site_name\" content=\"Legislapp\" \/>\n<meta property=\"article:publisher\" content=\"https:\/\/www.instagram.com\/legislapp\/\" \/>\n<meta property=\"og:image\" content=\"https:\/\/www.legislapp.com.br\/wp-content\/uploads\/google-play.png\" \/>\n<meta name=\"twitter:card\" content=\"summary_large_image\" \/>\n<meta name=\"twitter:label1\" content=\"Est. tempo de leitura\" \/>\n\t<meta name=\"twitter:data1\" content=\"4 minutos\" \/>\n<script type=\"application\/ld+json\" class=\"yoast-schema-graph\">{\"@context\":\"https:\/\/schema.org\",\"@graph\":[{\"@type\":\"WebPage\",\"@id\":\"https:\/\/www.legislapp.com.br\/index.php\/cam-legislativa-de-mg-pl-4457-2025-2\/\",\"url\":\"https:\/\/www.legislapp.com.br\/index.php\/cam-legislativa-de-mg-pl-4457-2025-2\/\",\"name\":\"PL 4457\/2025 - Deputados - Legislapp\",\"isPartOf\":{\"@id\":\"https:\/\/www.legislapp.com.br\/#website\"},\"primaryImageOfPage\":{\"@id\":\"https:\/\/www.legislapp.com.br\/index.php\/cam-legislativa-de-mg-pl-4457-2025-2\/#primaryimage\"},\"image\":{\"@id\":\"https:\/\/www.legislapp.com.br\/index.php\/cam-legislativa-de-mg-pl-4457-2025-2\/#primaryimage\"},\"thumbnailUrl\":\"https:\/\/www.legislapp.com.br\/wp-content\/uploads\/google-play.png\",\"datePublished\":\"2025-10-29T13:23:51+00:00\",\"breadcrumb\":{\"@id\":\"https:\/\/www.legislapp.com.br\/index.php\/cam-legislativa-de-mg-pl-4457-2025-2\/#breadcrumb\"},\"inLanguage\":\"pt-BR\",\"potentialAction\":[{\"@type\":\"ReadAction\",\"target\":[\"https:\/\/www.legislapp.com.br\/index.php\/cam-legislativa-de-mg-pl-4457-2025-2\/\"]}]},{\"@type\":\"ImageObject\",\"inLanguage\":\"pt-BR\",\"@id\":\"https:\/\/www.legislapp.com.br\/index.php\/cam-legislativa-de-mg-pl-4457-2025-2\/#primaryimage\",\"url\":\"https:\/\/www.legislapp.com.br\/wp-content\/uploads\/google-play.png\",\"contentUrl\":\"https:\/\/www.legislapp.com.br\/wp-content\/uploads\/google-play.png\",\"width\":564,\"height\":168},{\"@type\":\"BreadcrumbList\",\"@id\":\"https:\/\/www.legislapp.com.br\/index.php\/cam-legislativa-de-mg-pl-4457-2025-2\/#breadcrumb\",\"itemListElement\":[{\"@type\":\"ListItem\",\"position\":1,\"name\":\"In\u00edcio\",\"item\":\"https:\/\/www.legislapp.com.br\/\"},{\"@type\":\"ListItem\",\"position\":2,\"name\":\"PL 4457\/2025 &#8211; Deputados\"}]},{\"@type\":\"WebSite\",\"@id\":\"https:\/\/www.legislapp.com.br\/#website\",\"url\":\"https:\/\/www.legislapp.com.br\/\",\"name\":\"Legislapp\",\"description\":\"Intelig\u00eancia governamental em tempo real\",\"publisher\":{\"@id\":\"https:\/\/www.legislapp.com.br\/#organization\"},\"potentialAction\":[{\"@type\":\"SearchAction\",\"target\":{\"@type\":\"EntryPoint\",\"urlTemplate\":\"https:\/\/www.legislapp.com.br\/?s={search_term_string}\"},\"query-input\":{\"@type\":\"PropertyValueSpecification\",\"valueRequired\":true,\"valueName\":\"search_term_string\"}}],\"inLanguage\":\"pt-BR\"},{\"@type\":\"Organization\",\"@id\":\"https:\/\/www.legislapp.com.br\/#organization\",\"name\":\"Legislapp Monitoramento e Intelig\u00eancia Governamental\",\"url\":\"https:\/\/www.legislapp.com.br\/\",\"logo\":{\"@type\":\"ImageObject\",\"inLanguage\":\"pt-BR\",\"@id\":\"https:\/\/www.legislapp.com.br\/#\/schema\/logo\/image\/\",\"url\":\"https:\/\/www.legislapp.com.br\/wp-content\/uploads\/icon.png\",\"contentUrl\":\"https:\/\/www.legislapp.com.br\/wp-content\/uploads\/icon.png\",\"width\":1024,\"height\":1024,\"caption\":\"Legislapp Monitoramento e Intelig\u00eancia Governamental\"},\"image\":{\"@id\":\"https:\/\/www.legislapp.com.br\/#\/schema\/logo\/image\/\"},\"sameAs\":[\"https:\/\/www.instagram.com\/legislapp\/\"]}]}<\/script>\n<!-- \/ Yoast SEO plugin. -->","yoast_head_json":{"title":"PL 4457\/2025 - Deputados - Legislapp","robots":{"index":"index","follow":"follow","max-snippet":"max-snippet:-1","max-image-preview":"max-image-preview:large","max-video-preview":"max-video-preview:-1"},"canonical":"https:\/\/www.legislapp.com.br\/index.php\/cam-legislativa-de-mg-pl-4457-2025-2\/","og_locale":"pt_BR","og_type":"article","og_title":"PL 4457\/2025 - Deputados - Legislapp","og_description":"C\u00e2m. Legislativa de MG &#8211; Autoria de Deputados Reconhece como bem de relevante interesse cultural do Estado a Casa do Quilombo, situada na Comunidade Quilombola do Capoeir\u00e3o, no Munic\u00edpio de Itabira. Reconhece a Casa do Quilombo, situada na Comunidade Quilombola do Capoeir\u00e3o, no Munic\u00edpio de Itabira, como bem de relevante interesse cultural para o Estado [&hellip;]","og_url":"https:\/\/www.legislapp.com.br\/index.php\/cam-legislativa-de-mg-pl-4457-2025-2\/","og_site_name":"Legislapp","article_publisher":"https:\/\/www.instagram.com\/legislapp\/","og_image":[{"url":"https:\/\/www.legislapp.com.br\/wp-content\/uploads\/google-play.png","type":"","width":"","height":""}],"twitter_card":"summary_large_image","twitter_misc":{"Est. tempo de leitura":"4 minutos"},"schema":{"@context":"https:\/\/schema.org","@graph":[{"@type":"WebPage","@id":"https:\/\/www.legislapp.com.br\/index.php\/cam-legislativa-de-mg-pl-4457-2025-2\/","url":"https:\/\/www.legislapp.com.br\/index.php\/cam-legislativa-de-mg-pl-4457-2025-2\/","name":"PL 4457\/2025 - Deputados - Legislapp","isPartOf":{"@id":"https:\/\/www.legislapp.com.br\/#website"},"primaryImageOfPage":{"@id":"https:\/\/www.legislapp.com.br\/index.php\/cam-legislativa-de-mg-pl-4457-2025-2\/#primaryimage"},"image":{"@id":"https:\/\/www.legislapp.com.br\/index.php\/cam-legislativa-de-mg-pl-4457-2025-2\/#primaryimage"},"thumbnailUrl":"https:\/\/www.legislapp.com.br\/wp-content\/uploads\/google-play.png","datePublished":"2025-10-29T13:23:51+00:00","breadcrumb":{"@id":"https:\/\/www.legislapp.com.br\/index.php\/cam-legislativa-de-mg-pl-4457-2025-2\/#breadcrumb"},"inLanguage":"pt-BR","potentialAction":[{"@type":"ReadAction","target":["https:\/\/www.legislapp.com.br\/index.php\/cam-legislativa-de-mg-pl-4457-2025-2\/"]}]},{"@type":"ImageObject","inLanguage":"pt-BR","@id":"https:\/\/www.legislapp.com.br\/index.php\/cam-legislativa-de-mg-pl-4457-2025-2\/#primaryimage","url":"https:\/\/www.legislapp.com.br\/wp-content\/uploads\/google-play.png","contentUrl":"https:\/\/www.legislapp.com.br\/wp-content\/uploads\/google-play.png","width":564,"height":168},{"@type":"BreadcrumbList","@id":"https:\/\/www.legislapp.com.br\/index.php\/cam-legislativa-de-mg-pl-4457-2025-2\/#breadcrumb","itemListElement":[{"@type":"ListItem","position":1,"name":"In\u00edcio","item":"https:\/\/www.legislapp.com.br\/"},{"@type":"ListItem","position":2,"name":"PL 4457\/2025 &#8211; Deputados"}]},{"@type":"WebSite","@id":"https:\/\/www.legislapp.com.br\/#website","url":"https:\/\/www.legislapp.com.br\/","name":"Legislapp","description":"Intelig\u00eancia governamental em tempo real","publisher":{"@id":"https:\/\/www.legislapp.com.br\/#organization"},"potentialAction":[{"@type":"SearchAction","target":{"@type":"EntryPoint","urlTemplate":"https:\/\/www.legislapp.com.br\/?s={search_term_string}"},"query-input":{"@type":"PropertyValueSpecification","valueRequired":true,"valueName":"search_term_string"}}],"inLanguage":"pt-BR"},{"@type":"Organization","@id":"https:\/\/www.legislapp.com.br\/#organization","name":"Legislapp Monitoramento e Intelig\u00eancia Governamental","url":"https:\/\/www.legislapp.com.br\/","logo":{"@type":"ImageObject","inLanguage":"pt-BR","@id":"https:\/\/www.legislapp.com.br\/#\/schema\/logo\/image\/","url":"https:\/\/www.legislapp.com.br\/wp-content\/uploads\/icon.png","contentUrl":"https:\/\/www.legislapp.com.br\/wp-content\/uploads\/icon.png","width":1024,"height":1024,"caption":"Legislapp Monitoramento e Intelig\u00eancia Governamental"},"image":{"@id":"https:\/\/www.legislapp.com.br\/#\/schema\/logo\/image\/"},"sameAs":["https:\/\/www.instagram.com\/legislapp\/"]}]}},"_links":{"self":[{"href":"https:\/\/www.legislapp.com.br\/index.php\/wp-json\/wp\/v2\/pages\/9533","targetHints":{"allow":["GET"]}}],"collection":[{"href":"https:\/\/www.legislapp.com.br\/index.php\/wp-json\/wp\/v2\/pages"}],"about":[{"href":"https:\/\/www.legislapp.com.br\/index.php\/wp-json\/wp\/v2\/types\/page"}],"author":[{"embeddable":true,"href":"https:\/\/www.legislapp.com.br\/index.php\/wp-json\/wp\/v2\/users\/1"}],"replies":[{"embeddable":true,"href":"https:\/\/www.legislapp.com.br\/index.php\/wp-json\/wp\/v2\/comments?post=9533"}],"version-history":[{"count":0,"href":"https:\/\/www.legislapp.com.br\/index.php\/wp-json\/wp\/v2\/pages\/9533\/revisions"}],"wp:attachment":[{"href":"https:\/\/www.legislapp.com.br\/index.php\/wp-json\/wp\/v2\/media?parent=9533"}],"curies":[{"name":"wp","href":"https:\/\/api.w.org\/{rel}","templated":true}]}}