{"id":9537,"date":"2025-10-29T10:24:05","date_gmt":"2025-10-29T13:24:05","guid":{"rendered":"https:\/\/www.legislapp.com.br\/index.php\/cam-legislativa-de-sc-pl-0722-2025\/"},"modified":"2025-10-29T10:24:05","modified_gmt":"2025-10-29T13:24:05","slug":"cam-legislativa-de-sc-pl-0722-2025","status":"publish","type":"page","link":"https:\/\/www.legislapp.com.br\/index.php\/cam-legislativa-de-sc-pl-0722-2025\/","title":{"rendered":"PL.\/0722\/2025 &#8211; Tiago Zilli"},"content":{"rendered":"<h1 style='text-align: center;'>C\u00e2m. Legislativa de SC &#8211; Autoria de Tiago Zilli<\/h3>\n<p><\/p>\n<article style='text-align: center'>Inclui as Modalidades Esportivas Futev\u00f4lei e Beach Tennis nos Jogos Abertos de Santa Catarina e nas competi\u00e7\u00f5es escolares promovidas pelo Governo do Estado.<\/article>\n<p><\/p>\n<p style='text-align: center'><a href='https:\/\/app.legislapp.com.br\/#\/busca?termo='><\/a><\/p>\n<p><\/p>\n<article>ASSEMBLEIA LEGISLATIVA GABINETE DEPUTADO<br \/>\nESTADO DE SANTA CATARINA TIAGO ZILLI<\/p>\n<p>PROJETO DE LEI<\/p>\n<p>Inclui as Modalidades Esportivas Futev\u00f4lei e Beach Tennis<br \/>\nnos Jogos Abertos de Santa Catarina e nas competi\u00e7\u00f5es<br \/>\nescolares promovidas pelo Governo do Estado.<\/p>\n<p>Art. 1\u00ba Ficam inclu\u00eddas, nos Jogos Abertos do Estado de<br \/>\nSanta Catarina, as modalidades Futev\u00f4lei e Beach Tennis.<\/p>\n<p>Art. 2\u00ba A Funda\u00e7\u00e3o Catarinense de Esporte (FESPORTE)<br \/>\nincluir\u00e1 as modalidades de que trata esta Lei na programa\u00e7\u00e3o anual dos Jogos Abertos,<br \/>\neditando os regulamentos espec\u00edficos de cada edi\u00e7\u00e3o.<\/p>\n<p>Par\u00e1grafo \u00fanico. A Funda\u00e7\u00e3o Catarinense de Esporte<br \/>\n(FESPORTE), sempre que estruturalmente vi\u00e1vel, incluir\u00e1 as modalidades no<br \/>\ncalend\u00e1rio das competi\u00e7\u00f5es escolares promovidas pelo Governo do Estado.  <\/p>\n<p>Art. 3\u00ba O Poder Executivo regulamentar\u00e1 esta Lei, no prazo<br \/>\nde 90 (noventa) dias, contados de sua publica\u00e7\u00e3o.<\/p>\n<p>Art. 4\u00ba As despesas decorrentes da aplica\u00e7\u00e3o desta Lei<br \/>\ncorrer\u00e3o por conta de dota\u00e7\u00f5es or\u00e7ament\u00e1rias pr\u00f3prias, consignadas no or\u00e7amento<br \/>\nvigente.<\/p>\n<p>Art. 5\u00ba Esta Lei entra em vigor na data de sua publica\u00e7\u00e3o.<\/p>\n<p>Sala da Sess\u00f5es,     <\/p>\n<p>Deputado Tiago Zilli<\/p>\n<p>JUSTIFICA\u00c7\u00c3O<\/p>\n<p>O presente Projeto de Lei tem como objetivo incluir as<br \/>\nmodalidades Futev\u00f4lei e Beach Tennis nos Jogos Abertos de Santa Catarina (JASC),<br \/>\nampliando a diversidade esportiva e adequando a competi\u00e7\u00e3o \u00e0 voca\u00e7\u00e3o natural do<br \/>\nEstado, marcado por sua extensa faixa litor\u00e2nea e pelo grande potencial para esportes<br \/>\nde areia.<\/p>\n<p>Tamb\u00e9m busca fomentar a inclus\u00e3o das pr\u00e1ticas esportivas<br \/>\nnas demais competi\u00e7\u00f5es escolares, como a OLESC, JESC e outras. <\/p>\n<p>O Beach Tennis, esporte de raquete em franca ascens\u00e3o,<br \/>\nvem projetando Santa Catarina em n\u00edvel nacional e internacional. <\/p>\n<p>Prova disso \u00e9 a realiza\u00e7\u00e3o do ITF BT400, em Balne\u00e1rio<br \/>\nCambori\u00fa, um dos maiores torneios da modalidade no mundo, que movimenta atletas<br \/>\nprofissionais, turistas e a economia local, consolidando o Estado como polo de<br \/>\nrefer\u00eancia no esporte.<\/p>\n<p>O Futev\u00f4lei, por sua vez, alia tr\u00eas paix\u00f5es nacionais \u2013 o<br \/>\nfutebol, o v\u00f4lei e a praia \u2013 e j\u00e1 conta com calend\u00e1rio competitivo s\u00f3lido no Estado. <\/p>\n<p>Em 2023, foi sediado em Capivari de Baixo (SC) o World<br \/>\nFootvolley (Mundial de Futev\u00f4lei), reunindo duplas de seis pa\u00edses,. O Circuito<br \/>\nCatarinense de Futevolei realiza etapas em diferentes regi\u00f5es do estado, de Balne\u00e1rio<br \/>\nGaivota, no Extremo Sul, a Chapec\u00f3, no Oeste, al\u00e9m de diversos outros torneios locais<br \/>\nque movimentam grande p\u00fablico aos finais de semana.<\/p>\n<p>Assim, a inclus\u00e3o destas modalidades no JASC e nas<br \/>\ncompeti\u00e7\u00f5es escolares proporcionar\u00e1:<\/p>\n<p>&#8211; Fortalecimento das federa\u00e7\u00f5es e associa\u00e7\u00f5es locais, assegurando legitimidade e<br \/>\ndesenvolvimento institucional;<\/p>\n<p>&#8211; Est\u00edmulo ao turismo esportivo, com impacto direto na economia catarinense, haja vista<br \/>\no crescente n\u00famero de arenas pr\u00f3prias \u00e0s referidas pr\u00e1ticas esportivas sendo criadas;<\/p>\n<p>&#8211; Amplia\u00e7\u00e3o da participa\u00e7\u00e3o esportiva, especialmente entre os jovens, consolidando a<br \/>\npr\u00e1tica de modalidades acess\u00edveis, inclusivas e em expans\u00e3o;<\/p>\n<p>&#8211; Proje\u00e7\u00e3o nacional e internacional do Estado, refor\u00e7ando a imagem de Santa Catarina<br \/>\ncomo refer\u00eancia em inova\u00e7\u00e3o e diversidade esportiva.<\/p>\n<p>Por derradeiro, merece ser referido que as citadas<br \/>\ncompeti\u00e7\u00f5es j\u00e1 contam, em suas programa\u00e7\u00f5es, com competi\u00e7\u00f5es de v\u00f4lei de praia,<br \/>\nindicando, portanto a exist\u00eancia de uma infraestrutura j\u00e1 pronta para a pr\u00e1tica das<br \/>\nmodalidades que s\u00e3o objeto deste projeto de lei, o que refor\u00e7a a viabilidade da<br \/>\nproposi\u00e7\u00e3o haja vista que n\u00e3o importar\u00e1 gastos p\u00fablicos significativos. <\/p>\n<p>Diante do exposto, contamos com o apoio dos nobres pares<br \/>\npara a aprova\u00e7\u00e3o deste projeto, que representa um passo significativo para o<br \/>\nfortalecimento do esporte catarinense e para a consolida\u00e7\u00e3o de Santa Catarina como<br \/>\nprotagonista no cen\u00e1rio esportivo brasileiro e mundial.<\/p>\n<p>Sala das Sess\u00f5es<\/p>\n<p>Deputado Tiago ZilliELEGIS<br \/>\nDocumento assinado eletronicamente por Tiago Zilli, em<br \/>\nSistema de Processo<br \/>\n01\/10\/2025, \u00e0s 13:48.<br \/>\nLegislativo Eletr\u00f4nico<\/article>\n<div style=\"text-align: center\">\n<div style=\"margin-bottom: 20px;\" class=\"et_pb_button_module_wrapper et_pb_button_5_tb_body_wrapper et_pb_button_alignment_center et_pb_module \">\n         <a class=\"et_pb_button et_pb_button_5_tb_body et_hover_enabled et_pb_bg_layout_dark\" style=\"width: 50%;background-color: black;\" href=\"https:\/\/app.legislapp.com.br\" target=\"_blank\" rel=\"noopener\">Visualizar completo na nossa plataforma (30 dias gr\u00e1tis)<\/a><\/p><\/div>\n<p>      <a href=\"https:\/\/play.google.com\/store\/apps\/details?id=br.com.legislapp\"><img decoding=\"async\" style=\"width: 15%; min-width: 130px;\" src=\"https:\/\/www.legislapp.com.br\/wp-content\/uploads\/google-play.png\"><\/a><br \/>\n      <a href=\"https:\/\/apps.apple.com\/us\/app\/legislapp\/id1568929859\"><img decoding=\"async\" style=\"width: 15%; min-width: 130px\" src=\"https:\/\/www.legislapp.com.br\/wp-content\/uploads\/apple-store.png\"><\/a>\n   <\/div>\n","protected":false},"excerpt":{"rendered":"<p>C\u00e2m. Legislativa de SC &#8211; Autoria de Tiago Zilli Inclui as Modalidades Esportivas Futev\u00f4lei e Beach Tennis nos Jogos Abertos de Santa Catarina e nas competi\u00e7\u00f5es escolares promovidas pelo Governo do Estado. ASSEMBLEIA LEGISLATIVA GABINETE DEPUTADO ESTADO DE SANTA CATARINA TIAGO ZILLI PROJETO DE LEI Inclui as Modalidades Esportivas Futev\u00f4lei e Beach Tennis nos Jogos [&hellip;]<\/p>\n","protected":false},"author":1,"featured_media":0,"parent":0,"menu_order":0,"comment_status":"closed","ping_status":"closed","template":"page-template-blank.php","meta":{"_et_pb_use_builder":"","_et_pb_old_content":"","_et_gb_content_width":"1080","ngg_post_thumbnail":0,"footnotes":""},"class_list":["post-9537","page","type-page","status-publish","hentry"],"yoast_head":"<!-- This site is optimized with the Yoast SEO plugin v24.4 - https:\/\/yoast.com\/wordpress\/plugins\/seo\/ -->\n<title>PL.\/0722\/2025 - Tiago Zilli - Legislapp<\/title>\n<meta name=\"robots\" content=\"index, follow, max-snippet:-1, max-image-preview:large, max-video-preview:-1\" \/>\n<link rel=\"canonical\" href=\"https:\/\/www.legislapp.com.br\/index.php\/cam-legislativa-de-sc-pl-0722-2025\/\" \/>\n<meta property=\"og:locale\" content=\"pt_BR\" \/>\n<meta property=\"og:type\" content=\"article\" \/>\n<meta property=\"og:title\" content=\"PL.\/0722\/2025 - Tiago Zilli - Legislapp\" \/>\n<meta property=\"og:description\" content=\"C\u00e2m. Legislativa de SC &#8211; Autoria de Tiago Zilli Inclui as Modalidades Esportivas Futev\u00f4lei e Beach Tennis nos Jogos Abertos de Santa Catarina e nas competi\u00e7\u00f5es escolares promovidas pelo Governo do Estado. ASSEMBLEIA LEGISLATIVA GABINETE DEPUTADO ESTADO DE SANTA CATARINA TIAGO ZILLI PROJETO DE LEI Inclui as Modalidades Esportivas Futev\u00f4lei e Beach Tennis nos Jogos [&hellip;]\" \/>\n<meta property=\"og:url\" content=\"https:\/\/www.legislapp.com.br\/index.php\/cam-legislativa-de-sc-pl-0722-2025\/\" \/>\n<meta property=\"og:site_name\" content=\"Legislapp\" \/>\n<meta property=\"article:publisher\" content=\"https:\/\/www.instagram.com\/legislapp\/\" \/>\n<meta property=\"og:image\" content=\"https:\/\/www.legislapp.com.br\/wp-content\/uploads\/google-play.png\" \/>\n<meta name=\"twitter:card\" content=\"summary_large_image\" \/>\n<meta name=\"twitter:label1\" content=\"Est. tempo de leitura\" \/>\n\t<meta name=\"twitter:data1\" content=\"3 minutos\" \/>\n<script type=\"application\/ld+json\" class=\"yoast-schema-graph\">{\"@context\":\"https:\/\/schema.org\",\"@graph\":[{\"@type\":\"WebPage\",\"@id\":\"https:\/\/www.legislapp.com.br\/index.php\/cam-legislativa-de-sc-pl-0722-2025\/\",\"url\":\"https:\/\/www.legislapp.com.br\/index.php\/cam-legislativa-de-sc-pl-0722-2025\/\",\"name\":\"PL.\/0722\/2025 - Tiago Zilli - Legislapp\",\"isPartOf\":{\"@id\":\"https:\/\/www.legislapp.com.br\/#website\"},\"primaryImageOfPage\":{\"@id\":\"https:\/\/www.legislapp.com.br\/index.php\/cam-legislativa-de-sc-pl-0722-2025\/#primaryimage\"},\"image\":{\"@id\":\"https:\/\/www.legislapp.com.br\/index.php\/cam-legislativa-de-sc-pl-0722-2025\/#primaryimage\"},\"thumbnailUrl\":\"https:\/\/www.legislapp.com.br\/wp-content\/uploads\/google-play.png\",\"datePublished\":\"2025-10-29T13:24:05+00:00\",\"breadcrumb\":{\"@id\":\"https:\/\/www.legislapp.com.br\/index.php\/cam-legislativa-de-sc-pl-0722-2025\/#breadcrumb\"},\"inLanguage\":\"pt-BR\",\"potentialAction\":[{\"@type\":\"ReadAction\",\"target\":[\"https:\/\/www.legislapp.com.br\/index.php\/cam-legislativa-de-sc-pl-0722-2025\/\"]}]},{\"@type\":\"ImageObject\",\"inLanguage\":\"pt-BR\",\"@id\":\"https:\/\/www.legislapp.com.br\/index.php\/cam-legislativa-de-sc-pl-0722-2025\/#primaryimage\",\"url\":\"https:\/\/www.legislapp.com.br\/wp-content\/uploads\/google-play.png\",\"contentUrl\":\"https:\/\/www.legislapp.com.br\/wp-content\/uploads\/google-play.png\",\"width\":564,\"height\":168},{\"@type\":\"BreadcrumbList\",\"@id\":\"https:\/\/www.legislapp.com.br\/index.php\/cam-legislativa-de-sc-pl-0722-2025\/#breadcrumb\",\"itemListElement\":[{\"@type\":\"ListItem\",\"position\":1,\"name\":\"In\u00edcio\",\"item\":\"https:\/\/www.legislapp.com.br\/\"},{\"@type\":\"ListItem\",\"position\":2,\"name\":\"PL.\/0722\/2025 &#8211; Tiago Zilli\"}]},{\"@type\":\"WebSite\",\"@id\":\"https:\/\/www.legislapp.com.br\/#website\",\"url\":\"https:\/\/www.legislapp.com.br\/\",\"name\":\"Legislapp\",\"description\":\"Intelig\u00eancia governamental em tempo real\",\"publisher\":{\"@id\":\"https:\/\/www.legislapp.com.br\/#organization\"},\"potentialAction\":[{\"@type\":\"SearchAction\",\"target\":{\"@type\":\"EntryPoint\",\"urlTemplate\":\"https:\/\/www.legislapp.com.br\/?s={search_term_string}\"},\"query-input\":{\"@type\":\"PropertyValueSpecification\",\"valueRequired\":true,\"valueName\":\"search_term_string\"}}],\"inLanguage\":\"pt-BR\"},{\"@type\":\"Organization\",\"@id\":\"https:\/\/www.legislapp.com.br\/#organization\",\"name\":\"Legislapp Monitoramento e Intelig\u00eancia Governamental\",\"url\":\"https:\/\/www.legislapp.com.br\/\",\"logo\":{\"@type\":\"ImageObject\",\"inLanguage\":\"pt-BR\",\"@id\":\"https:\/\/www.legislapp.com.br\/#\/schema\/logo\/image\/\",\"url\":\"https:\/\/www.legislapp.com.br\/wp-content\/uploads\/icon.png\",\"contentUrl\":\"https:\/\/www.legislapp.com.br\/wp-content\/uploads\/icon.png\",\"width\":1024,\"height\":1024,\"caption\":\"Legislapp Monitoramento e Intelig\u00eancia Governamental\"},\"image\":{\"@id\":\"https:\/\/www.legislapp.com.br\/#\/schema\/logo\/image\/\"},\"sameAs\":[\"https:\/\/www.instagram.com\/legislapp\/\"]}]}<\/script>\n<!-- \/ Yoast SEO plugin. -->","yoast_head_json":{"title":"PL.\/0722\/2025 - Tiago Zilli - Legislapp","robots":{"index":"index","follow":"follow","max-snippet":"max-snippet:-1","max-image-preview":"max-image-preview:large","max-video-preview":"max-video-preview:-1"},"canonical":"https:\/\/www.legislapp.com.br\/index.php\/cam-legislativa-de-sc-pl-0722-2025\/","og_locale":"pt_BR","og_type":"article","og_title":"PL.\/0722\/2025 - Tiago Zilli - Legislapp","og_description":"C\u00e2m. Legislativa de SC &#8211; Autoria de Tiago Zilli Inclui as Modalidades Esportivas Futev\u00f4lei e Beach Tennis nos Jogos Abertos de Santa Catarina e nas competi\u00e7\u00f5es escolares promovidas pelo Governo do Estado. ASSEMBLEIA LEGISLATIVA GABINETE DEPUTADO ESTADO DE SANTA CATARINA TIAGO ZILLI PROJETO DE LEI Inclui as Modalidades Esportivas Futev\u00f4lei e Beach Tennis nos Jogos [&hellip;]","og_url":"https:\/\/www.legislapp.com.br\/index.php\/cam-legislativa-de-sc-pl-0722-2025\/","og_site_name":"Legislapp","article_publisher":"https:\/\/www.instagram.com\/legislapp\/","og_image":[{"url":"https:\/\/www.legislapp.com.br\/wp-content\/uploads\/google-play.png","type":"","width":"","height":""}],"twitter_card":"summary_large_image","twitter_misc":{"Est. tempo de leitura":"3 minutos"},"schema":{"@context":"https:\/\/schema.org","@graph":[{"@type":"WebPage","@id":"https:\/\/www.legislapp.com.br\/index.php\/cam-legislativa-de-sc-pl-0722-2025\/","url":"https:\/\/www.legislapp.com.br\/index.php\/cam-legislativa-de-sc-pl-0722-2025\/","name":"PL.\/0722\/2025 - Tiago Zilli - Legislapp","isPartOf":{"@id":"https:\/\/www.legislapp.com.br\/#website"},"primaryImageOfPage":{"@id":"https:\/\/www.legislapp.com.br\/index.php\/cam-legislativa-de-sc-pl-0722-2025\/#primaryimage"},"image":{"@id":"https:\/\/www.legislapp.com.br\/index.php\/cam-legislativa-de-sc-pl-0722-2025\/#primaryimage"},"thumbnailUrl":"https:\/\/www.legislapp.com.br\/wp-content\/uploads\/google-play.png","datePublished":"2025-10-29T13:24:05+00:00","breadcrumb":{"@id":"https:\/\/www.legislapp.com.br\/index.php\/cam-legislativa-de-sc-pl-0722-2025\/#breadcrumb"},"inLanguage":"pt-BR","potentialAction":[{"@type":"ReadAction","target":["https:\/\/www.legislapp.com.br\/index.php\/cam-legislativa-de-sc-pl-0722-2025\/"]}]},{"@type":"ImageObject","inLanguage":"pt-BR","@id":"https:\/\/www.legislapp.com.br\/index.php\/cam-legislativa-de-sc-pl-0722-2025\/#primaryimage","url":"https:\/\/www.legislapp.com.br\/wp-content\/uploads\/google-play.png","contentUrl":"https:\/\/www.legislapp.com.br\/wp-content\/uploads\/google-play.png","width":564,"height":168},{"@type":"BreadcrumbList","@id":"https:\/\/www.legislapp.com.br\/index.php\/cam-legislativa-de-sc-pl-0722-2025\/#breadcrumb","itemListElement":[{"@type":"ListItem","position":1,"name":"In\u00edcio","item":"https:\/\/www.legislapp.com.br\/"},{"@type":"ListItem","position":2,"name":"PL.\/0722\/2025 &#8211; Tiago Zilli"}]},{"@type":"WebSite","@id":"https:\/\/www.legislapp.com.br\/#website","url":"https:\/\/www.legislapp.com.br\/","name":"Legislapp","description":"Intelig\u00eancia governamental em tempo real","publisher":{"@id":"https:\/\/www.legislapp.com.br\/#organization"},"potentialAction":[{"@type":"SearchAction","target":{"@type":"EntryPoint","urlTemplate":"https:\/\/www.legislapp.com.br\/?s={search_term_string}"},"query-input":{"@type":"PropertyValueSpecification","valueRequired":true,"valueName":"search_term_string"}}],"inLanguage":"pt-BR"},{"@type":"Organization","@id":"https:\/\/www.legislapp.com.br\/#organization","name":"Legislapp Monitoramento e Intelig\u00eancia Governamental","url":"https:\/\/www.legislapp.com.br\/","logo":{"@type":"ImageObject","inLanguage":"pt-BR","@id":"https:\/\/www.legislapp.com.br\/#\/schema\/logo\/image\/","url":"https:\/\/www.legislapp.com.br\/wp-content\/uploads\/icon.png","contentUrl":"https:\/\/www.legislapp.com.br\/wp-content\/uploads\/icon.png","width":1024,"height":1024,"caption":"Legislapp Monitoramento e Intelig\u00eancia Governamental"},"image":{"@id":"https:\/\/www.legislapp.com.br\/#\/schema\/logo\/image\/"},"sameAs":["https:\/\/www.instagram.com\/legislapp\/"]}]}},"_links":{"self":[{"href":"https:\/\/www.legislapp.com.br\/index.php\/wp-json\/wp\/v2\/pages\/9537","targetHints":{"allow":["GET"]}}],"collection":[{"href":"https:\/\/www.legislapp.com.br\/index.php\/wp-json\/wp\/v2\/pages"}],"about":[{"href":"https:\/\/www.legislapp.com.br\/index.php\/wp-json\/wp\/v2\/types\/page"}],"author":[{"embeddable":true,"href":"https:\/\/www.legislapp.com.br\/index.php\/wp-json\/wp\/v2\/users\/1"}],"replies":[{"embeddable":true,"href":"https:\/\/www.legislapp.com.br\/index.php\/wp-json\/wp\/v2\/comments?post=9537"}],"version-history":[{"count":0,"href":"https:\/\/www.legislapp.com.br\/index.php\/wp-json\/wp\/v2\/pages\/9537\/revisions"}],"wp:attachment":[{"href":"https:\/\/www.legislapp.com.br\/index.php\/wp-json\/wp\/v2\/media?parent=9537"}],"curies":[{"name":"wp","href":"https:\/\/api.w.org\/{rel}","templated":true}]}}