{"id":9610,"date":"2025-10-29T10:29:06","date_gmt":"2025-10-29T13:29:06","guid":{"rendered":"https:\/\/www.legislapp.com.br\/index.php\/cam-legislativa-de-mg-pl-4344-2025-2\/"},"modified":"2025-10-29T10:29:06","modified_gmt":"2025-10-29T13:29:06","slug":"cam-legislativa-de-mg-pl-4344-2025-2","status":"publish","type":"page","link":"https:\/\/www.legislapp.com.br\/index.php\/cam-legislativa-de-mg-pl-4344-2025-2\/","title":{"rendered":"PL 4344\/2025 &#8211; Deputados"},"content":{"rendered":"<h1 style='text-align: center;'>C\u00e2m. Legislativa de MG &#8211; Autoria de Deputados<\/h3>\n<p><\/p>\n<article style='text-align: center'>Institui diretrizes para a implanta\u00e7\u00e3o do bracelete azul para as pessoas<br \/>\ncom diabetes no Estado.<\/article>\n<p><\/p>\n<p style='text-align: center'><a href='https:\/\/app.legislapp.com.br\/#\/busca?termo='><\/a><\/p>\n<p><\/p>\n<article>Institui diretrizes para a implanta\u00e7\u00e3o do Bracelete Azul para as Pessoas com Diabetes no Estado de Minas Gerais.<br \/>\nA Assembleia Legislativa do Estado de Minas Gerais decreta:<br \/>\nArt. 1\u00ba \u2013 Ficam institu\u00eddas diretrizes para a implanta\u00e7\u00e3o do bracelete azul para as pessoas com diabetes no Estado de Minas Gerais.<br \/>\n\u00a7 1\u00ba \u2013 Para receber o benef\u00edcio institu\u00eddo no caput deste artigo, a pessoa com diabetes dever\u00e1 informar ao estabelecimento de sa\u00fade a sua condi\u00e7\u00e3o no ato da marca\u00e7\u00e3o dos exames, bem como comprov\u00e1-la, no momento do primeiro atendimento, mediante apresenta\u00e7\u00e3o de laudo m\u00e9dico ou exame que ateste a patologia.<br \/>\n\u00a7 2\u00ba \u2013 Os equipamentos de sa\u00fade criar\u00e3o um cadastro dos pacientes j\u00e1 atendidos, com a orienta\u00e7\u00e3o da condi\u00e7\u00e3o j\u00e1 atestada da patologia, para fazer jus ao recebimento do bracelete azul.<br \/>\nArt. 2\u00ba \u2013 O instrumento acess\u00f3rio de identifica\u00e7\u00e3o da pessoa com diabetes atende aos seguintes prop\u00f3sitos:<br \/>\nI \u2013 Melhorar o atendimento de emerg\u00eancias e urg\u00eancias;<br \/>\nII \u2013 Assegurar a autonomia do paciente com dificuldades de comunica\u00e7\u00e3o;<br \/>\nIII \u2013 Padronizar o acolhimento e atendimento da pessoa diab\u00e9tica;<br \/>\nIV \u2013 Viabilizar a identifica\u00e7\u00e3o visual r\u00e1pida e simplificada da pessoa com diabetes.<br \/>\nArt. 3\u00ba \u2013 Para os fins desta Lei considera-se diabetes a doen\u00e7a cr\u00f4nica na qual o corpo n\u00e3o produz ou n\u00e3o consegue empregar adequadamente a insulina, horm\u00f4nio produzido pelo p\u00e2ncreas respons\u00e1vel pela manuten\u00e7\u00e3o do metabolismo da glicose cuja falta provoca diabetes.<br \/>\nArt. 4\u00ba \u2013 O acess\u00f3rio de que trata esta Lei deve, precipuamente, conter o tipo do diabetes do seu portador, medica\u00e7\u00f5es utilizadas e recomenda\u00e7\u00f5es para tratamento de urg\u00eancia e emerg\u00eancia.<br \/>\nArt. 5\u00ba \u2013 Caber\u00e1 \u00e0 Secretaria de Estado da Sa\u00fade \u2013 SES \u2013, confeccionar e distribuir os braceletes azuis, por meio de seus colaboradores, ao paciente que comparecer na institui\u00e7\u00e3o de sa\u00fade.<br \/>\nArt. 6\u00ba \u2013 Os postos de sa\u00fade, cl\u00ednicas, hospitais, laborat\u00f3rios e outros locais similares localizados no Estado de Minas Gerais dever\u00e3o, afixar cartazes e informar da exist\u00eancia deste direito a cada paciente que comparecer na institui\u00e7\u00e3o de sa\u00fade.<br \/>\nArt. 7\u00ba \u2013 As despesas decorrentes desta Lei correr\u00e3o por conta das dota\u00e7\u00f5es or\u00e7ament\u00e1rias vigentes, suplementadas se necess\u00e1rio.<br \/>\nArt. 8\u00ba \u2013 Caber\u00e1 \u00e0 SES a execu\u00e7\u00e3o das rotinas necess\u00e1rias ao cumprimento do disposto nesta lei.<br \/>\nArt. 9\u00ba \u2013 O Poder Executivo regulamentar\u00e1 esta lei em 60 (sessenta) dias da sua publica\u00e7\u00e3o.<br \/>\nArt. 10 \u2013 O Poder Executivo dever\u00e1 promover ampla campanha de divulga\u00e7\u00e3o da presente lei.<br \/>\nArt. 11 \u2013 Esta lei entra em vigor na data de sua publica\u00e7\u00e3o.<br \/>\nSala das Reuni\u00f5es, 3 de setembro de 2025.<br \/>\nChiara Biondini (PP), vice-l\u00edder do Bloco Minas em Frente.<br \/>\nJustifica\u00e7\u00e3o: A presente proposi\u00e7\u00e3o objetiva conferir ao Poder Executivo Estadual meios legais para a implementa\u00e7\u00e3o de diretrizes para a implanta\u00e7\u00e3o do bracelete azul para as pessoas com diabetes no Estado de Minas Gerais.<br \/>\nO Dia Mundial do Diabetes, celebrado em 14 de novembro, foi criado em 1991 pela Federa\u00e7\u00e3o Internacional de Diabetes \u2013 IDF \u2013 e pela Organiza\u00e7\u00e3o Mundial de Sa\u00fade \u2013 OMS \u2013 para refor\u00e7ar a conscientiza\u00e7\u00e3o a respeito da doen\u00e7a, principalmente para evidenciar a import\u00e2ncia da preven\u00e7\u00e3o.<br \/>\nRepresentada por um \u00edcone simples, como o c\u00edrculo azul, que clama a uni\u00e3o pelos diabetes e simboliza o apoio \u00e0 Resolu\u00e7\u00e3o das Na\u00e7\u00f5es Unidas sobre Diabetes. \u00c9 um s\u00edmbolo de esperan\u00e7a, uni\u00e3o e luta contra o diabetes.<br \/>\nNo Brasil, o dia 26 de junho \u00e9 considerado o Dia Nacional do Diabetes, condi\u00e7\u00e3o que se tornou um s\u00e9rio problema de sa\u00fade p\u00fablica. O Brasil \u00e9 o 5\u00ba pa\u00eds em incid\u00eancia de diabetes no mundo, com 16,8 milh\u00f5es de doentes adultos (20 a 79 anos), perdendo apenas para China, \u00cdndia, Estados Unidos e Paquist\u00e3o, segundo o Minist\u00e9rio da Sa\u00fade.<br \/>\nO c\u00edrculo azul \u00e9 o s\u00edmbolo universal do diabetes. O objetivo principal do s\u00edmbolo \u00e9 fornecer ao diabetes uma identidade comum.<br \/>\nDiabetes \u00e9 uma doen\u00e7a cr\u00f4nica na qual o corpo n\u00e3o produz ou n\u00e3o consegue empregar adequadamente a insulina, horm\u00f4nio produzido pelo p\u00e2ncreas respons\u00e1vel pela manuten\u00e7\u00e3o do metabolismo da glicose. Sua falta provoca d\u00e9ficit na metaboliza\u00e7\u00e3o da glicose e, consequentemente, diabetes.<br \/>\nDiferentemente da diabete tipo 2, que est\u00e1 mais relacionada ao estilo de vida da pessoa ou \u00e0 obesidade, sendo poss\u00edvel evit\u00e1-la por meio de alimenta\u00e7\u00e3o saud\u00e1vel e pr\u00e1tica de exerc\u00edcios, o tipo 1, apesar de ser menos comum, com cerca de 10% dos diagn\u00f3sticos, \u00e9 considerado mais grave.<br \/>\nDiabetes mellitus \u2013 DM \u2013 \u00e9 uma s\u00edndrome metab\u00f3lica de origem m\u00faltipla, decorrente da falta de insulina e\/ou da incapacidade e\/ou falta de insulina exercer adequadamente seus efeitos, caracterizando altas taxas de a\u00e7\u00facar no sangue (hiperglicemia) de forma permanente.<br \/>\nTipos: \u2013 Tipo 1: causada pela destrui\u00e7\u00e3o das c\u00e9lulas produtoras de insulina, em decorr\u00eancia de defeito do sistema imunol\u00f3gico em que os anticorpos atacam as c\u00e9lulas que produzem a insulina. Ocorre em cerca de 5 a 10% dos diab\u00e9ticos. \u2013 Tipo 2: resulta da resist\u00eancia \u00e0 insulina e de defici\u00eancia na secre\u00e7\u00e3o de insulina.<br \/>\n(Fonte: Biblioteca Virtual em Sa\u00fade \u2013 Minist\u00e9rio da Sa\u00fade) https:\/\/bvsms.saude.gov\/diabetes\/.<br \/>\nRaz\u00f5es pelas quais, conto com o apoio dos nobres colegas para a sua aprova\u00e7\u00e3o.<br \/>\n\u2013 Publicado, vai o projeto \u00e0s Comiss\u00f5es de Justi\u00e7a, de Sa\u00fade e de Fiscaliza\u00e7\u00e3o Financeira para parecer, nos termos do art. 188, c\/c o art. 102, do Regimento Interno.<\/article>\n<div style=\"text-align: center\">\n<div style=\"margin-bottom: 20px;\" class=\"et_pb_button_module_wrapper et_pb_button_5_tb_body_wrapper et_pb_button_alignment_center et_pb_module \">\n         <a class=\"et_pb_button et_pb_button_5_tb_body et_hover_enabled et_pb_bg_layout_dark\" style=\"width: 50%;background-color: black;\" href=\"https:\/\/app.legislapp.com.br\" target=\"_blank\" rel=\"noopener\">Visualizar completo na nossa plataforma (30 dias gr\u00e1tis)<\/a><\/p><\/div>\n<p>      <a href=\"https:\/\/play.google.com\/store\/apps\/details?id=br.com.legislapp\"><img decoding=\"async\" style=\"width: 15%; min-width: 130px;\" src=\"https:\/\/www.legislapp.com.br\/wp-content\/uploads\/google-play.png\"><\/a><br \/>\n      <a href=\"https:\/\/apps.apple.com\/us\/app\/legislapp\/id1568929859\"><img decoding=\"async\" style=\"width: 15%; min-width: 130px\" src=\"https:\/\/www.legislapp.com.br\/wp-content\/uploads\/apple-store.png\"><\/a>\n   <\/div>\n","protected":false},"excerpt":{"rendered":"<p>C\u00e2m. Legislativa de MG &#8211; Autoria de Deputados Institui diretrizes para a implanta\u00e7\u00e3o do bracelete azul para as pessoas com diabetes no Estado. Institui diretrizes para a implanta\u00e7\u00e3o do Bracelete Azul para as Pessoas com Diabetes no Estado de Minas Gerais. A Assembleia Legislativa do Estado de Minas Gerais decreta: Art. 1\u00ba \u2013 Ficam institu\u00eddas [&hellip;]<\/p>\n","protected":false},"author":1,"featured_media":0,"parent":0,"menu_order":0,"comment_status":"closed","ping_status":"closed","template":"page-template-blank.php","meta":{"_et_pb_use_builder":"","_et_pb_old_content":"","_et_gb_content_width":"1080","ngg_post_thumbnail":0,"footnotes":""},"class_list":["post-9610","page","type-page","status-publish","hentry"],"yoast_head":"<!-- This site is optimized with the Yoast SEO plugin v24.4 - https:\/\/yoast.com\/wordpress\/plugins\/seo\/ -->\n<title>PL 4344\/2025 - Deputados - Legislapp<\/title>\n<meta name=\"robots\" content=\"index, follow, max-snippet:-1, max-image-preview:large, max-video-preview:-1\" \/>\n<link rel=\"canonical\" href=\"https:\/\/www.legislapp.com.br\/index.php\/cam-legislativa-de-mg-pl-4344-2025-2\/\" \/>\n<meta property=\"og:locale\" content=\"pt_BR\" \/>\n<meta property=\"og:type\" content=\"article\" \/>\n<meta property=\"og:title\" content=\"PL 4344\/2025 - Deputados - Legislapp\" \/>\n<meta property=\"og:description\" content=\"C\u00e2m. Legislativa de MG &#8211; Autoria de Deputados Institui diretrizes para a implanta\u00e7\u00e3o do bracelete azul para as pessoas com diabetes no Estado. Institui diretrizes para a implanta\u00e7\u00e3o do Bracelete Azul para as Pessoas com Diabetes no Estado de Minas Gerais. A Assembleia Legislativa do Estado de Minas Gerais decreta: Art. 1\u00ba \u2013 Ficam institu\u00eddas [&hellip;]\" \/>\n<meta property=\"og:url\" content=\"https:\/\/www.legislapp.com.br\/index.php\/cam-legislativa-de-mg-pl-4344-2025-2\/\" \/>\n<meta property=\"og:site_name\" content=\"Legislapp\" \/>\n<meta property=\"article:publisher\" content=\"https:\/\/www.instagram.com\/legislapp\/\" \/>\n<meta property=\"og:image\" content=\"https:\/\/www.legislapp.com.br\/wp-content\/uploads\/google-play.png\" \/>\n<meta name=\"twitter:card\" content=\"summary_large_image\" \/>\n<meta name=\"twitter:label1\" content=\"Est. tempo de leitura\" \/>\n\t<meta name=\"twitter:data1\" content=\"5 minutos\" \/>\n<script type=\"application\/ld+json\" class=\"yoast-schema-graph\">{\"@context\":\"https:\/\/schema.org\",\"@graph\":[{\"@type\":\"WebPage\",\"@id\":\"https:\/\/www.legislapp.com.br\/index.php\/cam-legislativa-de-mg-pl-4344-2025-2\/\",\"url\":\"https:\/\/www.legislapp.com.br\/index.php\/cam-legislativa-de-mg-pl-4344-2025-2\/\",\"name\":\"PL 4344\/2025 - Deputados - Legislapp\",\"isPartOf\":{\"@id\":\"https:\/\/www.legislapp.com.br\/#website\"},\"primaryImageOfPage\":{\"@id\":\"https:\/\/www.legislapp.com.br\/index.php\/cam-legislativa-de-mg-pl-4344-2025-2\/#primaryimage\"},\"image\":{\"@id\":\"https:\/\/www.legislapp.com.br\/index.php\/cam-legislativa-de-mg-pl-4344-2025-2\/#primaryimage\"},\"thumbnailUrl\":\"https:\/\/www.legislapp.com.br\/wp-content\/uploads\/google-play.png\",\"datePublished\":\"2025-10-29T13:29:06+00:00\",\"breadcrumb\":{\"@id\":\"https:\/\/www.legislapp.com.br\/index.php\/cam-legislativa-de-mg-pl-4344-2025-2\/#breadcrumb\"},\"inLanguage\":\"pt-BR\",\"potentialAction\":[{\"@type\":\"ReadAction\",\"target\":[\"https:\/\/www.legislapp.com.br\/index.php\/cam-legislativa-de-mg-pl-4344-2025-2\/\"]}]},{\"@type\":\"ImageObject\",\"inLanguage\":\"pt-BR\",\"@id\":\"https:\/\/www.legislapp.com.br\/index.php\/cam-legislativa-de-mg-pl-4344-2025-2\/#primaryimage\",\"url\":\"https:\/\/www.legislapp.com.br\/wp-content\/uploads\/google-play.png\",\"contentUrl\":\"https:\/\/www.legislapp.com.br\/wp-content\/uploads\/google-play.png\",\"width\":564,\"height\":168},{\"@type\":\"BreadcrumbList\",\"@id\":\"https:\/\/www.legislapp.com.br\/index.php\/cam-legislativa-de-mg-pl-4344-2025-2\/#breadcrumb\",\"itemListElement\":[{\"@type\":\"ListItem\",\"position\":1,\"name\":\"In\u00edcio\",\"item\":\"https:\/\/www.legislapp.com.br\/\"},{\"@type\":\"ListItem\",\"position\":2,\"name\":\"PL 4344\/2025 &#8211; Deputados\"}]},{\"@type\":\"WebSite\",\"@id\":\"https:\/\/www.legislapp.com.br\/#website\",\"url\":\"https:\/\/www.legislapp.com.br\/\",\"name\":\"Legislapp\",\"description\":\"Intelig\u00eancia governamental em tempo real\",\"publisher\":{\"@id\":\"https:\/\/www.legislapp.com.br\/#organization\"},\"potentialAction\":[{\"@type\":\"SearchAction\",\"target\":{\"@type\":\"EntryPoint\",\"urlTemplate\":\"https:\/\/www.legislapp.com.br\/?s={search_term_string}\"},\"query-input\":{\"@type\":\"PropertyValueSpecification\",\"valueRequired\":true,\"valueName\":\"search_term_string\"}}],\"inLanguage\":\"pt-BR\"},{\"@type\":\"Organization\",\"@id\":\"https:\/\/www.legislapp.com.br\/#organization\",\"name\":\"Legislapp Monitoramento e Intelig\u00eancia Governamental\",\"url\":\"https:\/\/www.legislapp.com.br\/\",\"logo\":{\"@type\":\"ImageObject\",\"inLanguage\":\"pt-BR\",\"@id\":\"https:\/\/www.legislapp.com.br\/#\/schema\/logo\/image\/\",\"url\":\"https:\/\/www.legislapp.com.br\/wp-content\/uploads\/icon.png\",\"contentUrl\":\"https:\/\/www.legislapp.com.br\/wp-content\/uploads\/icon.png\",\"width\":1024,\"height\":1024,\"caption\":\"Legislapp Monitoramento e Intelig\u00eancia Governamental\"},\"image\":{\"@id\":\"https:\/\/www.legislapp.com.br\/#\/schema\/logo\/image\/\"},\"sameAs\":[\"https:\/\/www.instagram.com\/legislapp\/\"]}]}<\/script>\n<!-- \/ Yoast SEO plugin. -->","yoast_head_json":{"title":"PL 4344\/2025 - Deputados - Legislapp","robots":{"index":"index","follow":"follow","max-snippet":"max-snippet:-1","max-image-preview":"max-image-preview:large","max-video-preview":"max-video-preview:-1"},"canonical":"https:\/\/www.legislapp.com.br\/index.php\/cam-legislativa-de-mg-pl-4344-2025-2\/","og_locale":"pt_BR","og_type":"article","og_title":"PL 4344\/2025 - Deputados - Legislapp","og_description":"C\u00e2m. Legislativa de MG &#8211; Autoria de Deputados Institui diretrizes para a implanta\u00e7\u00e3o do bracelete azul para as pessoas com diabetes no Estado. Institui diretrizes para a implanta\u00e7\u00e3o do Bracelete Azul para as Pessoas com Diabetes no Estado de Minas Gerais. A Assembleia Legislativa do Estado de Minas Gerais decreta: Art. 1\u00ba \u2013 Ficam institu\u00eddas [&hellip;]","og_url":"https:\/\/www.legislapp.com.br\/index.php\/cam-legislativa-de-mg-pl-4344-2025-2\/","og_site_name":"Legislapp","article_publisher":"https:\/\/www.instagram.com\/legislapp\/","og_image":[{"url":"https:\/\/www.legislapp.com.br\/wp-content\/uploads\/google-play.png","type":"","width":"","height":""}],"twitter_card":"summary_large_image","twitter_misc":{"Est. tempo de leitura":"5 minutos"},"schema":{"@context":"https:\/\/schema.org","@graph":[{"@type":"WebPage","@id":"https:\/\/www.legislapp.com.br\/index.php\/cam-legislativa-de-mg-pl-4344-2025-2\/","url":"https:\/\/www.legislapp.com.br\/index.php\/cam-legislativa-de-mg-pl-4344-2025-2\/","name":"PL 4344\/2025 - Deputados - Legislapp","isPartOf":{"@id":"https:\/\/www.legislapp.com.br\/#website"},"primaryImageOfPage":{"@id":"https:\/\/www.legislapp.com.br\/index.php\/cam-legislativa-de-mg-pl-4344-2025-2\/#primaryimage"},"image":{"@id":"https:\/\/www.legislapp.com.br\/index.php\/cam-legislativa-de-mg-pl-4344-2025-2\/#primaryimage"},"thumbnailUrl":"https:\/\/www.legislapp.com.br\/wp-content\/uploads\/google-play.png","datePublished":"2025-10-29T13:29:06+00:00","breadcrumb":{"@id":"https:\/\/www.legislapp.com.br\/index.php\/cam-legislativa-de-mg-pl-4344-2025-2\/#breadcrumb"},"inLanguage":"pt-BR","potentialAction":[{"@type":"ReadAction","target":["https:\/\/www.legislapp.com.br\/index.php\/cam-legislativa-de-mg-pl-4344-2025-2\/"]}]},{"@type":"ImageObject","inLanguage":"pt-BR","@id":"https:\/\/www.legislapp.com.br\/index.php\/cam-legislativa-de-mg-pl-4344-2025-2\/#primaryimage","url":"https:\/\/www.legislapp.com.br\/wp-content\/uploads\/google-play.png","contentUrl":"https:\/\/www.legislapp.com.br\/wp-content\/uploads\/google-play.png","width":564,"height":168},{"@type":"BreadcrumbList","@id":"https:\/\/www.legislapp.com.br\/index.php\/cam-legislativa-de-mg-pl-4344-2025-2\/#breadcrumb","itemListElement":[{"@type":"ListItem","position":1,"name":"In\u00edcio","item":"https:\/\/www.legislapp.com.br\/"},{"@type":"ListItem","position":2,"name":"PL 4344\/2025 &#8211; Deputados"}]},{"@type":"WebSite","@id":"https:\/\/www.legislapp.com.br\/#website","url":"https:\/\/www.legislapp.com.br\/","name":"Legislapp","description":"Intelig\u00eancia governamental em tempo real","publisher":{"@id":"https:\/\/www.legislapp.com.br\/#organization"},"potentialAction":[{"@type":"SearchAction","target":{"@type":"EntryPoint","urlTemplate":"https:\/\/www.legislapp.com.br\/?s={search_term_string}"},"query-input":{"@type":"PropertyValueSpecification","valueRequired":true,"valueName":"search_term_string"}}],"inLanguage":"pt-BR"},{"@type":"Organization","@id":"https:\/\/www.legislapp.com.br\/#organization","name":"Legislapp Monitoramento e Intelig\u00eancia Governamental","url":"https:\/\/www.legislapp.com.br\/","logo":{"@type":"ImageObject","inLanguage":"pt-BR","@id":"https:\/\/www.legislapp.com.br\/#\/schema\/logo\/image\/","url":"https:\/\/www.legislapp.com.br\/wp-content\/uploads\/icon.png","contentUrl":"https:\/\/www.legislapp.com.br\/wp-content\/uploads\/icon.png","width":1024,"height":1024,"caption":"Legislapp Monitoramento e Intelig\u00eancia Governamental"},"image":{"@id":"https:\/\/www.legislapp.com.br\/#\/schema\/logo\/image\/"},"sameAs":["https:\/\/www.instagram.com\/legislapp\/"]}]}},"_links":{"self":[{"href":"https:\/\/www.legislapp.com.br\/index.php\/wp-json\/wp\/v2\/pages\/9610","targetHints":{"allow":["GET"]}}],"collection":[{"href":"https:\/\/www.legislapp.com.br\/index.php\/wp-json\/wp\/v2\/pages"}],"about":[{"href":"https:\/\/www.legislapp.com.br\/index.php\/wp-json\/wp\/v2\/types\/page"}],"author":[{"embeddable":true,"href":"https:\/\/www.legislapp.com.br\/index.php\/wp-json\/wp\/v2\/users\/1"}],"replies":[{"embeddable":true,"href":"https:\/\/www.legislapp.com.br\/index.php\/wp-json\/wp\/v2\/comments?post=9610"}],"version-history":[{"count":0,"href":"https:\/\/www.legislapp.com.br\/index.php\/wp-json\/wp\/v2\/pages\/9610\/revisions"}],"wp:attachment":[{"href":"https:\/\/www.legislapp.com.br\/index.php\/wp-json\/wp\/v2\/media?parent=9610"}],"curies":[{"name":"wp","href":"https:\/\/api.w.org\/{rel}","templated":true}]}}