{"id":9846,"date":"2025-12-01T10:45:20","date_gmt":"2025-12-01T13:45:20","guid":{"rendered":"https:\/\/www.legislapp.com.br\/index.php\/avulso-inicial-pl-5128-2025-camara\/"},"modified":"2025-12-01T10:45:20","modified_gmt":"2025-12-01T13:45:20","slug":"avulso-inicial-pl-5128-2025-camara","status":"publish","type":"page","link":"https:\/\/www.legislapp.com.br\/index.php\/avulso-inicial-pl-5128-2025-camara\/","title":{"rendered":"Avulso Inicial &#8211; PL 5128\/2025 &#8211; C\u00e2mara"},"content":{"rendered":"<h1 style='text-align: center;'>Avulso Inicial &#8211; Autoria de Julia Zanatta<\/h3>\n<p><\/p>\n<article>C\u00c2MARA DOS DEPUTADOS<br \/>\nGabinete da Deputada J\u00daLIA ZANATTA \u2013 PL\/SC<br \/>\nPROJETO DE LEI N\u00ba _____\/2025<br \/>\n(Da Sra. J\u00falia Zanatta)<br \/>\nAltera a Lei n\u00ba 11.340, de 7 de<br \/>\nagosto de 2006 (Lei Maria da Penha),<br \/>\npara assegurar o contradit\u00f3rio e a ampla<br \/>\ndefesa no procedimento de concess\u00e3o de<br \/>\nmedidas protetivas de urg\u00eancia, prever<br \/>\nmecanismos de responsabiliza\u00e7\u00e3o penal e<br \/>\ncivil nos casos de falsas acusa\u00e7\u00f5es ou<br \/>\nuso indevido das medidas protetivas e<br \/>\ndeterminar a comunica\u00e7\u00e3o obrigat\u00f3ria ao<br \/>\nMinist\u00e9rio P\u00fablico, quando houver<br \/>\nind\u00edcios de m\u00e1-f\u00e9 na den\u00fancia, com o<br \/>\nobjetivo de proteger a credibilidade<br \/>\ninstitucional e garantir maior<br \/>\nefetividade \u00e0 prote\u00e7\u00e3o das v\u00edtimas reais<br \/>\nde viol\u00eancia dom\u00e9stica.<br \/>\nO CONGRESSO NACIONAL DECRETA:<br \/>\nArt 1\u00ba &#8211; Esta Lei altera a Lei n\u00ba 11.340, de 7 de<br \/>\nagosto de 2006, para assegurar o contradit\u00f3rio e a ampla<br \/>\ndefesa no processo de concess\u00e3o de medidas protetivas e<br \/>\nprever a responsabiliza\u00e7\u00e3o por den\u00fancias comprovadamente<br \/>\nfalsas ou abusivas.<br \/>\nArt. 2\u00ba &#8211; Altera o art. 18 da Lei n\u00ba 11.340, de 7 de<br \/>\nagosto de 2006 (Lei Maria da Penha), passa a vigorar com a<br \/>\nseguinte<br \/>\nArt. 18 &#8211; Recebido o expediente com o pedido<br \/>\nda parte ofendida, caber\u00e1 ao juiz, no prazo de<br \/>\n48 (quarenta e oito) horas:<br \/>\nI \u2013 conhecer do expediente e decidir sobre as<br \/>\nmedidas protetivas de urg\u00eancia;<br \/>\nC\u00e2mara dos Deputados | Anexo IV \u2013 4\u00ba andar \u2013 Gabinete 448 | 70100-970 Bras\u00edlia DF<br \/>\nTel (61) 3215-5448 | dep.juliazanatta@camara.leg.br<br \/>\nPara verificar a assinatura, acesse https:\/\/infoleg-autenticidade-assinatura.camara.leg.br\/CD251051553900<br \/>\nAssinado eletronicamente pelo(a) Dep. Julia Zanatta<br \/>\nApresenta\u00e7\u00e3o: 14\/10\/2025 15:53:05.063 &#8211; MesaApresenta\u00e7\u00e3o: 14\/10\/2025 15:53:05.063 &#8211; Mesa<br \/>\n*CD251051553900**CD251051553900* PL n.5128\/2025PL n.5128\/2025<br \/>C\u00c2MARA DOS DEPUTADOS<br \/>\nGabinete da Deputada J\u00daLIA ZANATTA \u2013 PL\/SC<br \/>\nII \u2013 determinar a imediata notifica\u00e7\u00e3o da<br \/>\nparte acusada no prazo de at\u00e9 24 (vinte e<br \/>\nquatro) horas, para que, querendo, apresente<br \/>\nmanifesta\u00e7\u00e3o escrita no prazo de 7 (sete)<br \/>\ndias, assegurado o contradit\u00f3rio e a ampla<br \/>\ndefesa;<br \/>\nIII \u2013 reapreciar as medidas protetivas<br \/>\nanteriormente concedidas, com ou sem<br \/>\naltera\u00e7\u00e3o, no prazo de at\u00e9 48 (quarenta e<br \/>\noito) horas ap\u00f3s o fim do prazo para<br \/>\nmanifesta\u00e7\u00e3o da defesa;<br \/>\nIV \u2013 determinar o encaminhamento da parte<br \/>\nofendida ao \u00f3rg\u00e3o de assist\u00eancia judici\u00e1ria,<br \/>\nquando for o caso, inclusive para o<br \/>\najuizamento da a\u00e7\u00e3o de separa\u00e7\u00e3o judicial, de<br \/>\ndiv\u00f3rcio, de anula\u00e7\u00e3o de casamento ou de<br \/>\ndissolu\u00e7\u00e3o de uni\u00e3o est\u00e1vel perante o ju\u00edzo<br \/>\ncompetente;<br \/>\nV \u2013 comunicar ao Minist\u00e9rio P\u00fablico para que<br \/>\nadote as provid\u00eancias cab\u00edveis;<br \/>\nVI \u2013 poder\u00e1 determinar a apreens\u00e3o imediata de<br \/>\narma de fogo sob a posse da parte acusada,<br \/>\ndesde que, comprovadas ind\u00edcios de amea\u00e7a \u00e0<br \/>\nintegridade f\u00edsica ou \u00e0 vida da parte<br \/>\nofendida, observado o devido processo legal.<br \/>\n&#8230;&#8230;&#8230;&#8230;&#8230;&#8230;&#8230;&#8230;&#8230;&#8230;&#8230;&#8230;&#8230;&#8230;.NR)<br \/>\nArt. 3\u00ba &#8211; Altera a Lei n\u00ba 11.340, de 7 de agosto de<br \/>\n2006 (Lei Maria da Penha), que passa a vigorar acrescida dos<br \/>\nArt. 18 \u2013 A e 18 &#8211; B, com a seguinte reda\u00e7\u00e3o:<br \/>\nArt. 18 \u2013 A &#8211; Constatada, no curso do processo<br \/>\nou por decis\u00e3o judicial transitada em julgado,<br \/>\na falsidade dolosa da not\u00edcia de fato que deu<br \/>\nensejo \u00e0 aplica\u00e7\u00e3o de medidas protetivas de<br \/>\nurg\u00eancia, o ju\u00edzo competente comunicar\u00e1 o fato<br \/>\nao Minist\u00e9rio P\u00fablico para apura\u00e7\u00e3o de<br \/>\neventual pr\u00e1tica dos crimes previstos nos<br \/>\narts. 339 e 340 do C\u00f3digo Penal.<br \/>\nArt. 18 \u2013 B \u2013 Verificada a exist\u00eancia de<br \/>\nacusa\u00e7\u00e3o claramente infundada, com objetivo de<br \/>\nobter vantagem, prejudicar a parte acusada ou<br \/>\ninfluenciar decis\u00e3o de lit\u00edgio familiar, em<br \/>\nespecial com reflexos patrimoniais ou em<br \/>\nrela\u00e7\u00e3o aos filhos, a parte denunciante poder\u00e1<br \/>\nresponder civilmente por danos morais e<br \/>\nmateriais.<br \/>\nC\u00e2mara dos Deputados | Anexo IV \u2013 4\u00ba andar \u2013 Gabinete 448 | 70100-970 Bras\u00edlia DF<br \/>\nTel (61) 3215-5448 | dep.juliazanatta@camara.leg.br<br \/>\nPara verificar a assinatura, acesse https:\/\/infoleg-autenticidade-assinatura.camara.leg.br\/CD251051553900<br \/>\nAssinado eletronicamente pelo(a) Dep. Julia Zanatta<br \/>\nApresenta\u00e7\u00e3o: 14\/10\/2025 15:53:05.063 &#8211; MesaApresenta\u00e7\u00e3o: 14\/10\/2025 15:53:05.063 &#8211; Mesa<br \/>\n*CD251051553900**CD251051553900* PL n.5128\/2025PL n.5128\/2025<br \/>C\u00c2MARA DOS DEPUTADOS<br \/>\nGabinete da Deputada J\u00daLIA ZANATTA \u2013 PL\/SC<br \/>\nArt. 4\u00ba Esta Lei entra em vigor na data de sua<br \/>\npublica\u00e7\u00e3o.<br \/>\nJUSTIFICA\u00c7\u00c3O<br \/>\nA presente proposi\u00e7\u00e3o legislativa tem por escopo<br \/>\naprimorar a Lei n\u00ba 11.340\/2006 (Lei Maria da Penha) ao<br \/>\nassegurar garantias constitucionais, notadamente o<br \/>\ncontradit\u00f3rio e a ampla defesa, em sede de medidas<br \/>\nprotetivas de urg\u00eancia, bem como introduzir dispositivos de<br \/>\nresponsabiliza\u00e7\u00e3o para o uso abusivo ou falso dos mecanismos<br \/>\nde prote\u00e7\u00e3o previstos nessa lei.<br \/>\nA Lei Maria da Penha representou salto<br \/>\ncivilizat\u00f3rio no combate \u00e0 viol\u00eancia dom\u00e9stica no Brasil,<br \/>\nfornecendo instrumentos urgentes de prote\u00e7\u00e3o \u00e0s v\u00edtimas. No<br \/>\nentanto, sua efic\u00e1cia e legitimidade institucional correm o<br \/>\nrisco de serem comprometidas quando se admite que mecanismos<br \/>\nde prote\u00e7\u00e3o possam ser acionados de forma il\u00edcita por<br \/>\ndenunciantes de m\u00e1-f\u00e9, sem checagem adequada, causando<br \/>\ns\u00e9rios preju\u00edzos a pessoas inocentes.<br \/>\nCasos emblem\u00e1ticos de grande repercuss\u00e3o<br \/>\ninternacional revelam com clareza o dano potencial desse<br \/>\ntipo de abuso.  Um dos casos mais emblem\u00e1ticos e que teve<br \/>\nrepercuss\u00e3o internacional foi no processo Johnny Depp vs<br \/>\n1<br \/>\nAmber Heard , onde ao final, a atriz ap\u00f3s publicar um artigo<br \/>\nonde alegava ter sido v\u00edtima de viol\u00eancia dom\u00e9stica, o j\u00fari<br \/>\nconcluiu que algumas das acusa\u00e7\u00f5es, condenando-a a pagar<br \/>\nindeniza\u00e7\u00e3o milion\u00e1ria ao ator. Esse epis\u00f3dio demonstra a<br \/>\n1<br \/>\n https:\/\/www.bbc.com\/portuguese\/geral-61668770<br \/>\nC\u00e2mara dos Deputados | Anexo IV \u2013 4\u00ba andar \u2013 Gabinete 448 | 70100-970 Bras\u00edlia DF<br \/>\nTel (61) 3215-5448 | dep.juliazanatta@camara.leg.br<br \/>\nPara verificar a assinatura, acesse https:\/\/infoleg-autenticidade-assinatura.camara.leg.br\/CD251051553900<br \/>\nAssinado eletronicamente pelo(a) Dep. Julia Zanatta<br \/>\nApresenta\u00e7\u00e3o: 14\/10\/2025 15:53:05.063 &#8211; MesaApresenta\u00e7\u00e3o: 14\/10\/2025 15:53:05.063 &#8211; Mesa<br \/>\n*CD251051553900**CD251051553900* PL n.5128\/2025PL n.5128\/2025<br \/>C\u00c2MARA DOS DEPUTADOS<br \/>\nGabinete da Deputada J\u00daLIA ZANATTA \u2013 PL\/SC<br \/>\ngravidade dos efeitos resultantes de falsas imputa\u00e7\u00f5es de<br \/>\nviol\u00eancia: danos \u00e0 reputa\u00e7\u00e3o, danos morais, repercuss\u00e3o<br \/>\nmidi\u00e1tica e consequ\u00eancias pessoais irrevers\u00edveis, mesmo ap\u00f3s<br \/>\ndecis\u00f5es judiciais favor\u00e1veis ao acusado.<br \/>\nEmbora o ordenamento jur\u00eddico brasileiro j\u00e1<br \/>\npreveja os crimes de denuncia\u00e7\u00e3o caluniosa (art. 339 do<br \/>\nC\u00f3digo Penal) e comunica\u00e7\u00e3o falsa de crime (art. 340), essas<br \/>\nnormas s\u00e3o generalistas e muitas vezes insuficientes para<br \/>\ncoibir condutas dolosas especificamente voltadas a acionar<br \/>\nindevidamente o aparato protetivo da Lei Maria da Penha. A<br \/>\nresponsabiliza\u00e7\u00e3o gen\u00e9rica nem sempre reflete a complexidade<br \/>\nda causa, a assimetria entre partes e o risco de banaliza\u00e7\u00e3o<br \/>\ndas den\u00fancias.<br \/>\nDessa forma, a presente proposta legislativa:<br \/>\n1. Refor\u00e7a a prote\u00e7\u00e3o da parte ofendida ao assegurar<br \/>\nque a parte acusada seja notificada rapidamente e possa<br \/>\napresentar sua defesa, ainda em face de decis\u00f5es<br \/>\nliminares, sem que isso comprometa a celeridade exigida<br \/>\npela natureza protetiva da norma.<br \/>\n2. Determina o dever legal de comunica\u00e7\u00e3o ao<br \/>\nMinist\u00e9rio P\u00fablico quando se constatar certeza judicial<br \/>\nou probat\u00f3ria de falsa acusa\u00e7\u00e3o (art. 18-A), para que o<br \/>\n\u00f3rg\u00e3o ministerial possa abrir investiga\u00e7\u00e3o espec\u00edfica,<br \/>\natuando como guardi\u00e3o institucional contra desvios<br \/>\nprocessuais.<br \/>\n3. Prev\u00ea responsabiliza\u00e7\u00e3o civil (danos morais e<br \/>\nmateriais) nos casos em que ficar comprovado que a<br \/>\nden\u00fancia foi claramente infundada, com inten\u00e7\u00e3o<br \/>\nC\u00e2mara dos Deputados | Anexo IV \u2013 4\u00ba andar \u2013 Gabinete 448 | 70100-970 Bras\u00edlia DF<br \/>\nTel (61) 3215-5448 | dep.juliazanatta@camara.leg.br<br \/>\nPara verificar a assinatura, acesse https:\/\/infoleg-autenticidade-assinatura.camara.leg.br\/CD251051553900<br \/>\nAssinado eletronicamente pelo(a) Dep. Julia Zanatta<br \/>\nApresenta\u00e7\u00e3o: 14\/10\/2025 15:53:05.063 &#8211; MesaApresenta\u00e7\u00e3o: 14\/10\/2025 15:53:05.063 &#8211; Mesa<br \/>\n*CD251051553900**CD251051553900* PL n.5128\/2025PL n.5128\/2025<br \/>C\u00c2MARA DOS DEPUTADOS<br \/>\nGabinete da Deputada J\u00daLIA ZANATTA \u2013 PL\/SC<br \/>\ndeliberada de causar preju\u00edzo ao acusado ou obter<br \/>\nvantagem patrimonial, processual ou familiar (art. 18-<br \/>\nB).<br \/>\nEsta proposta n\u00e3o enfraquece a prote\u00e7\u00e3o \u00e0s<br \/>\nmulheres, muito pelo contr\u00e1rio, fortalece o sistema ao<br \/>\nprevenir abusos e preservar sua credibilidade institucional.<br \/>\nAo prever a responsabiliza\u00e7\u00e3o penal e civil daqueles que<br \/>\nutilizam dolosamente os instrumentos legais para agravar<br \/>\nlit\u00edgios pessoais ou obter vantagens indevidas, contribui-se<br \/>\npara o uso respons\u00e1vel da legisla\u00e7\u00e3o protetiva. A puni\u00e7\u00e3o<br \/>\nsevera daqueles que utilizam os mecanismos de prote\u00e7\u00e3o com<br \/>\nfalsas acusa\u00e7\u00f5es, que servem apenas para sobrecarregar o j\u00e1<br \/>\ncongestionado sistema judici\u00e1rio, permitir\u00e1 que a pol\u00edcia, o<br \/>\nMinist\u00e9rio P\u00fablico e o pr\u00f3prio Judici\u00e1rio concentrem<br \/>\nesfor\u00e7os nos casos verdadeiros, daqueles em que as v\u00edtimas,<br \/>\nde fato, necessitam da prote\u00e7\u00e3o do Estado e que os<br \/>\nagressores sejam punidos de forma c\u00e9lere e firme. Trata-se,<br \/>\nportanto, de uma medida que protege o direito de todos<br \/>\naqueles que sofrem com relacionamentos abusivos e violentos,<br \/>\nreafirmando o compromisso com a verdade, a proporcionalidade<br \/>\ne o devido processo legal.<br \/>\nPela relev\u00e2ncia da mat\u00e9ria, conto com o apoio<br \/>\ndos nobres pares para a aprova\u00e7\u00e3o desta proposi\u00e7\u00e3o.<br \/>\nSala das Sess\u00f5es, na data de sua assinatura<br \/>\nDeputada Federal J\u00falia Zanatta<br \/>\n(PL\/SC).<br \/>\nC\u00e2mara dos Deputados | Anexo IV \u2013 4\u00ba andar \u2013 Gabinete 448 | 70100-970 Bras\u00edlia DF<br \/>\nTel (61) 3215-5448 | dep.juliazanatta@camara.leg.br<br \/>\nPara verificar a assinatura, acesse https:\/\/infoleg-autenticidade-assinatura.camara.leg.br\/CD251051553900<br \/>\nAssinado eletronicamente pelo(a) Dep. Julia Zanatta<br \/>\nApresenta\u00e7\u00e3o: 14\/10\/2025 15:53:05.063 &#8211; MesaApresenta\u00e7\u00e3o: 14\/10\/2025 15:53:05.063 &#8211; Mesa<br \/>\n*CD251051553900**CD251051553900* PL n.5128\/2025PL n.5128\/2025<br \/>C\u00c2MARA DOS DEPUTADOS<br \/>\nGabinete da Deputada J\u00daLIA ZANATTA \u2013 PL\/SC<br \/>\nC\u00e2mara dos Deputados | Anexo IV \u2013 4\u00ba andar \u2013 Gabinete 448 | 70100-970 Bras\u00edlia DF<br \/>\nTel (61) 3215-5448 | dep.juliazanatta@camara.leg.br<br \/>\nPara verificar a assinatura, acesse https:\/\/infoleg-autenticidade-assinatura.camara.leg.br\/CD251051553900<br \/>\nAssinado eletronicamente pelo(a) Dep. Julia Zanatta<br \/>\nApresenta\u00e7\u00e3o: 14\/10\/2025 15:53:05.063 &#8211; MesaApresenta\u00e7\u00e3o: 14\/10\/2025 15:53:05.063 &#8211; Mesa<br \/>\n*CD251051553900**CD251051553900* PL n.5128\/2025PL n.5128\/2025<\/article>\n<p><a href='https:\/\/app.legislapp.com.br\/#\/busca?termo='><\/a><\/p>\n<div style=\"text-align: center\">\n      <img decoding=\"async\" style=\"width: 14%;\" src=\"https:\/\/www.legislapp.com.br\/wp-content\/uploads\/2021\/07\/Logo-Legislapp-1-03-1.png\"><br \/>\n      <\/p>\n<div style=\"margin-bottom: 20px;\" class=\"et_pb_button_module_wrapper et_pb_button_5_tb_body_wrapper et_pb_button_alignment_center et_pb_module \">\n         <a class=\"et_pb_button et_pb_button_5_tb_body et_hover_enabled et_pb_bg_layout_dark\" style=\"width: 50%;background-color: black;\" href=\"https:\/\/app.legislapp.com.br\" target=\"_blank\" rel=\"noopener\">Visualizar completo na nossa plataforma (30 dias gr\u00e1tis)<\/a><\/p><\/div>\n<p>      <a href=\"https:\/\/play.google.com\/store\/apps\/details?id=br.com.legislapp\"><img decoding=\"async\" style=\"width: 15%; min-width: 130px;\" src=\"https:\/\/www.legislapp.com.br\/wp-content\/uploads\/google-play.png\"><\/a><br \/>\n      <a href=\"https:\/\/apps.apple.com\/us\/app\/legislapp\/id1568929859\"><img decoding=\"async\" style=\"width: 15%; min-width: 130px\" src=\"https:\/\/www.legislapp.com.br\/wp-content\/uploads\/apple-store.png\"><\/a>\n   <\/div>\n","protected":false},"excerpt":{"rendered":"<p>Avulso Inicial &#8211; Autoria de Julia Zanatta C\u00c2MARA DOS DEPUTADOS Gabinete da Deputada J\u00daLIA ZANATTA \u2013 PL\/SC PROJETO DE LEI N\u00ba _____\/2025 (Da Sra. J\u00falia Zanatta) Altera a Lei n\u00ba 11.340, de 7 de agosto de 2006 (Lei Maria da Penha), para assegurar o contradit\u00f3rio e a ampla defesa no procedimento de concess\u00e3o de medidas [&hellip;]<\/p>\n","protected":false},"author":1,"featured_media":0,"parent":0,"menu_order":0,"comment_status":"closed","ping_status":"closed","template":"page-template-blank.php","meta":{"_et_pb_use_builder":"","_et_pb_old_content":"","_et_gb_content_width":"1080","ngg_post_thumbnail":0,"footnotes":""},"class_list":["post-9846","page","type-page","status-publish","hentry"],"yoast_head":"<!-- This site is optimized with the Yoast SEO plugin v24.4 - https:\/\/yoast.com\/wordpress\/plugins\/seo\/ -->\n<title>Avulso Inicial - PL 5128\/2025 - C\u00e2mara - Legislapp<\/title>\n<meta name=\"robots\" content=\"index, follow, max-snippet:-1, max-image-preview:large, max-video-preview:-1\" \/>\n<link rel=\"canonical\" href=\"https:\/\/www.legislapp.com.br\/index.php\/avulso-inicial-pl-5128-2025-camara\/\" \/>\n<meta property=\"og:locale\" content=\"pt_BR\" \/>\n<meta property=\"og:type\" content=\"article\" \/>\n<meta property=\"og:title\" content=\"Avulso Inicial - PL 5128\/2025 - C\u00e2mara - Legislapp\" \/>\n<meta property=\"og:description\" content=\"Avulso Inicial &#8211; Autoria de Julia Zanatta C\u00c2MARA DOS DEPUTADOS Gabinete da Deputada J\u00daLIA ZANATTA \u2013 PL\/SC PROJETO DE LEI N\u00ba _____\/2025 (Da Sra. J\u00falia Zanatta) Altera a Lei n\u00ba 11.340, de 7 de agosto de 2006 (Lei Maria da Penha), para assegurar o contradit\u00f3rio e a ampla defesa no procedimento de concess\u00e3o de medidas [&hellip;]\" \/>\n<meta property=\"og:url\" content=\"https:\/\/www.legislapp.com.br\/index.php\/avulso-inicial-pl-5128-2025-camara\/\" \/>\n<meta property=\"og:site_name\" content=\"Legislapp\" \/>\n<meta property=\"article:publisher\" content=\"https:\/\/www.instagram.com\/legislapp\/\" \/>\n<meta property=\"og:image\" content=\"https:\/\/www.legislapp.com.br\/wp-content\/uploads\/2021\/07\/Logo-Legislapp-1-03-1.png\" \/>\n<meta name=\"twitter:card\" content=\"summary_large_image\" \/>\n<meta name=\"twitter:label1\" content=\"Est. tempo de leitura\" \/>\n\t<meta name=\"twitter:data1\" content=\"8 minutos\" \/>\n<script type=\"application\/ld+json\" class=\"yoast-schema-graph\">{\"@context\":\"https:\/\/schema.org\",\"@graph\":[{\"@type\":\"WebPage\",\"@id\":\"https:\/\/www.legislapp.com.br\/index.php\/avulso-inicial-pl-5128-2025-camara\/\",\"url\":\"https:\/\/www.legislapp.com.br\/index.php\/avulso-inicial-pl-5128-2025-camara\/\",\"name\":\"Avulso Inicial - PL 5128\/2025 - C\u00e2mara - Legislapp\",\"isPartOf\":{\"@id\":\"https:\/\/www.legislapp.com.br\/#website\"},\"primaryImageOfPage\":{\"@id\":\"https:\/\/www.legislapp.com.br\/index.php\/avulso-inicial-pl-5128-2025-camara\/#primaryimage\"},\"image\":{\"@id\":\"https:\/\/www.legislapp.com.br\/index.php\/avulso-inicial-pl-5128-2025-camara\/#primaryimage\"},\"thumbnailUrl\":\"https:\/\/www.legislapp.com.br\/wp-content\/uploads\/2021\/07\/Logo-Legislapp-1-03-1.png\",\"datePublished\":\"2025-12-01T13:45:20+00:00\",\"breadcrumb\":{\"@id\":\"https:\/\/www.legislapp.com.br\/index.php\/avulso-inicial-pl-5128-2025-camara\/#breadcrumb\"},\"inLanguage\":\"pt-BR\",\"potentialAction\":[{\"@type\":\"ReadAction\",\"target\":[\"https:\/\/www.legislapp.com.br\/index.php\/avulso-inicial-pl-5128-2025-camara\/\"]}]},{\"@type\":\"ImageObject\",\"inLanguage\":\"pt-BR\",\"@id\":\"https:\/\/www.legislapp.com.br\/index.php\/avulso-inicial-pl-5128-2025-camara\/#primaryimage\",\"url\":\"https:\/\/www.legislapp.com.br\/wp-content\/uploads\/2021\/07\/Logo-Legislapp-1-03-1.png\",\"contentUrl\":\"https:\/\/www.legislapp.com.br\/wp-content\/uploads\/2021\/07\/Logo-Legislapp-1-03-1.png\",\"width\":2679,\"height\":2697},{\"@type\":\"BreadcrumbList\",\"@id\":\"https:\/\/www.legislapp.com.br\/index.php\/avulso-inicial-pl-5128-2025-camara\/#breadcrumb\",\"itemListElement\":[{\"@type\":\"ListItem\",\"position\":1,\"name\":\"In\u00edcio\",\"item\":\"https:\/\/www.legislapp.com.br\/\"},{\"@type\":\"ListItem\",\"position\":2,\"name\":\"Avulso Inicial &#8211; PL 5128\/2025 &#8211; C\u00e2mara\"}]},{\"@type\":\"WebSite\",\"@id\":\"https:\/\/www.legislapp.com.br\/#website\",\"url\":\"https:\/\/www.legislapp.com.br\/\",\"name\":\"Legislapp\",\"description\":\"Intelig\u00eancia governamental em tempo real\",\"publisher\":{\"@id\":\"https:\/\/www.legislapp.com.br\/#organization\"},\"potentialAction\":[{\"@type\":\"SearchAction\",\"target\":{\"@type\":\"EntryPoint\",\"urlTemplate\":\"https:\/\/www.legislapp.com.br\/?s={search_term_string}\"},\"query-input\":{\"@type\":\"PropertyValueSpecification\",\"valueRequired\":true,\"valueName\":\"search_term_string\"}}],\"inLanguage\":\"pt-BR\"},{\"@type\":\"Organization\",\"@id\":\"https:\/\/www.legislapp.com.br\/#organization\",\"name\":\"Legislapp Monitoramento e Intelig\u00eancia Governamental\",\"url\":\"https:\/\/www.legislapp.com.br\/\",\"logo\":{\"@type\":\"ImageObject\",\"inLanguage\":\"pt-BR\",\"@id\":\"https:\/\/www.legislapp.com.br\/#\/schema\/logo\/image\/\",\"url\":\"https:\/\/www.legislapp.com.br\/wp-content\/uploads\/icon.png\",\"contentUrl\":\"https:\/\/www.legislapp.com.br\/wp-content\/uploads\/icon.png\",\"width\":1024,\"height\":1024,\"caption\":\"Legislapp Monitoramento e Intelig\u00eancia Governamental\"},\"image\":{\"@id\":\"https:\/\/www.legislapp.com.br\/#\/schema\/logo\/image\/\"},\"sameAs\":[\"https:\/\/www.instagram.com\/legislapp\/\"]}]}<\/script>\n<!-- \/ Yoast SEO plugin. -->","yoast_head_json":{"title":"Avulso Inicial - PL 5128\/2025 - C\u00e2mara - Legislapp","robots":{"index":"index","follow":"follow","max-snippet":"max-snippet:-1","max-image-preview":"max-image-preview:large","max-video-preview":"max-video-preview:-1"},"canonical":"https:\/\/www.legislapp.com.br\/index.php\/avulso-inicial-pl-5128-2025-camara\/","og_locale":"pt_BR","og_type":"article","og_title":"Avulso Inicial - PL 5128\/2025 - C\u00e2mara - Legislapp","og_description":"Avulso Inicial &#8211; Autoria de Julia Zanatta C\u00c2MARA DOS DEPUTADOS Gabinete da Deputada J\u00daLIA ZANATTA \u2013 PL\/SC PROJETO DE LEI N\u00ba _____\/2025 (Da Sra. J\u00falia Zanatta) Altera a Lei n\u00ba 11.340, de 7 de agosto de 2006 (Lei Maria da Penha), para assegurar o contradit\u00f3rio e a ampla defesa no procedimento de concess\u00e3o de medidas [&hellip;]","og_url":"https:\/\/www.legislapp.com.br\/index.php\/avulso-inicial-pl-5128-2025-camara\/","og_site_name":"Legislapp","article_publisher":"https:\/\/www.instagram.com\/legislapp\/","og_image":[{"url":"https:\/\/www.legislapp.com.br\/wp-content\/uploads\/2021\/07\/Logo-Legislapp-1-03-1.png","type":"","width":"","height":""}],"twitter_card":"summary_large_image","twitter_misc":{"Est. tempo de leitura":"8 minutos"},"schema":{"@context":"https:\/\/schema.org","@graph":[{"@type":"WebPage","@id":"https:\/\/www.legislapp.com.br\/index.php\/avulso-inicial-pl-5128-2025-camara\/","url":"https:\/\/www.legislapp.com.br\/index.php\/avulso-inicial-pl-5128-2025-camara\/","name":"Avulso Inicial - PL 5128\/2025 - C\u00e2mara - Legislapp","isPartOf":{"@id":"https:\/\/www.legislapp.com.br\/#website"},"primaryImageOfPage":{"@id":"https:\/\/www.legislapp.com.br\/index.php\/avulso-inicial-pl-5128-2025-camara\/#primaryimage"},"image":{"@id":"https:\/\/www.legislapp.com.br\/index.php\/avulso-inicial-pl-5128-2025-camara\/#primaryimage"},"thumbnailUrl":"https:\/\/www.legislapp.com.br\/wp-content\/uploads\/2021\/07\/Logo-Legislapp-1-03-1.png","datePublished":"2025-12-01T13:45:20+00:00","breadcrumb":{"@id":"https:\/\/www.legislapp.com.br\/index.php\/avulso-inicial-pl-5128-2025-camara\/#breadcrumb"},"inLanguage":"pt-BR","potentialAction":[{"@type":"ReadAction","target":["https:\/\/www.legislapp.com.br\/index.php\/avulso-inicial-pl-5128-2025-camara\/"]}]},{"@type":"ImageObject","inLanguage":"pt-BR","@id":"https:\/\/www.legislapp.com.br\/index.php\/avulso-inicial-pl-5128-2025-camara\/#primaryimage","url":"https:\/\/www.legislapp.com.br\/wp-content\/uploads\/2021\/07\/Logo-Legislapp-1-03-1.png","contentUrl":"https:\/\/www.legislapp.com.br\/wp-content\/uploads\/2021\/07\/Logo-Legislapp-1-03-1.png","width":2679,"height":2697},{"@type":"BreadcrumbList","@id":"https:\/\/www.legislapp.com.br\/index.php\/avulso-inicial-pl-5128-2025-camara\/#breadcrumb","itemListElement":[{"@type":"ListItem","position":1,"name":"In\u00edcio","item":"https:\/\/www.legislapp.com.br\/"},{"@type":"ListItem","position":2,"name":"Avulso Inicial &#8211; PL 5128\/2025 &#8211; C\u00e2mara"}]},{"@type":"WebSite","@id":"https:\/\/www.legislapp.com.br\/#website","url":"https:\/\/www.legislapp.com.br\/","name":"Legislapp","description":"Intelig\u00eancia governamental em tempo real","publisher":{"@id":"https:\/\/www.legislapp.com.br\/#organization"},"potentialAction":[{"@type":"SearchAction","target":{"@type":"EntryPoint","urlTemplate":"https:\/\/www.legislapp.com.br\/?s={search_term_string}"},"query-input":{"@type":"PropertyValueSpecification","valueRequired":true,"valueName":"search_term_string"}}],"inLanguage":"pt-BR"},{"@type":"Organization","@id":"https:\/\/www.legislapp.com.br\/#organization","name":"Legislapp Monitoramento e Intelig\u00eancia Governamental","url":"https:\/\/www.legislapp.com.br\/","logo":{"@type":"ImageObject","inLanguage":"pt-BR","@id":"https:\/\/www.legislapp.com.br\/#\/schema\/logo\/image\/","url":"https:\/\/www.legislapp.com.br\/wp-content\/uploads\/icon.png","contentUrl":"https:\/\/www.legislapp.com.br\/wp-content\/uploads\/icon.png","width":1024,"height":1024,"caption":"Legislapp Monitoramento e Intelig\u00eancia Governamental"},"image":{"@id":"https:\/\/www.legislapp.com.br\/#\/schema\/logo\/image\/"},"sameAs":["https:\/\/www.instagram.com\/legislapp\/"]}]}},"_links":{"self":[{"href":"https:\/\/www.legislapp.com.br\/index.php\/wp-json\/wp\/v2\/pages\/9846","targetHints":{"allow":["GET"]}}],"collection":[{"href":"https:\/\/www.legislapp.com.br\/index.php\/wp-json\/wp\/v2\/pages"}],"about":[{"href":"https:\/\/www.legislapp.com.br\/index.php\/wp-json\/wp\/v2\/types\/page"}],"author":[{"embeddable":true,"href":"https:\/\/www.legislapp.com.br\/index.php\/wp-json\/wp\/v2\/users\/1"}],"replies":[{"embeddable":true,"href":"https:\/\/www.legislapp.com.br\/index.php\/wp-json\/wp\/v2\/comments?post=9846"}],"version-history":[{"count":0,"href":"https:\/\/www.legislapp.com.br\/index.php\/wp-json\/wp\/v2\/pages\/9846\/revisions"}],"wp:attachment":[{"href":"https:\/\/www.legislapp.com.br\/index.php\/wp-json\/wp\/v2\/media?parent=9846"}],"curies":[{"name":"wp","href":"https:\/\/api.w.org\/{rel}","templated":true}]}}