{"id":9850,"date":"2025-12-01T10:45:39","date_gmt":"2025-12-01T13:45:39","guid":{"rendered":"https:\/\/www.legislapp.com.br\/index.php\/avulso-inicial-pl-3405-2025-camara\/"},"modified":"2025-12-01T10:45:39","modified_gmt":"2025-12-01T13:45:39","slug":"avulso-inicial-pl-3405-2025-camara","status":"publish","type":"page","link":"https:\/\/www.legislapp.com.br\/index.php\/avulso-inicial-pl-3405-2025-camara\/","title":{"rendered":"Avulso Inicial &#8211; PL 3405\/2025 &#8211; C\u00e2mara"},"content":{"rendered":"<h1 style='text-align: center;'>Avulso Inicial &#8211; Autoria de M\u00e1rcio Marinho<\/h3>\n<p><\/p>\n<article>C\u00c2MARA DOS DEPUTADOS<br \/>\nGABINETE DO DEPUTADO FEDERAL M\u00c1RCIO MARINHO \u2013 REPUBLICANOS\/BA<br \/>\nPROJETO DE LEI N\u00ba         , DE 2025<br \/>\n(Do Sr. M\u00e1rcio Marinho)<br \/>\nAltera o Decreto-Lei n\u00ba 2.848, de 7 de<br \/>\ndezembro de 1940 (C\u00f3digo Penal) para<br \/>\nprever a exclus\u00e3o de crime nos casos de<br \/>\nentrada ou perman\u00eancia em casa alheia ou<br \/>\nem suas depend\u00eancias para fins de inspe\u00e7\u00e3o<br \/>\nem a\u00e7\u00f5es de saneamento b\u00e1sico ou de<br \/>\ncontrole sanit\u00e1rio.<br \/>\nO Congresso Nacional decreta:<br \/>\nArt. 1\u00ba &#8211; Esta lei altera o Decreto-Lei n\u00ba 2.848, de 7 de dezembro de<br \/>\n1940 (C\u00f3digo Penal), para prever nova causa de exclus\u00e3o de crime nos casos de<br \/>\nentrada ou perman\u00eancia em casa alheia ou em suas depend\u00eancias.<br \/>\nArt. 2\u00ba &#8211; O art. 150 do Decreto-Lei n\u00ba 2.848, de 7 de dezembro de<br \/>\n1940 (C\u00f3digo Penal), passa a vigorar com a seguinte reda\u00e7\u00e3o:<br \/>\n\u201cArt. 150 &#8230;&#8230;&#8230;&#8230;&#8230;&#8230;&#8230;&#8230;&#8230;&#8230;&#8230;&#8230;&#8230;&#8230;&#8230;&#8230;&#8230;&#8230;&#8230;&#8230;&#8230;&#8230;&#8230;&#8230;&#8230;&#8230;&#8230;&#8230;&#8230;&#8230;.<br \/>\n&#8230;&#8230;&#8230;&#8230;&#8230;&#8230;&#8230;&#8230;&#8230;&#8230;&#8230;&#8230;&#8230;&#8230;&#8230;&#8230;&#8230;&#8230;&#8230;&#8230;&#8230;&#8230;&#8230;&#8230;&#8230;&#8230;&#8230;&#8230;&#8230;&#8230;&#8230;&#8230;&#8230;&#8230;&#8230;<br \/>\n\u00a73\u00ba&#8230;&#8230;&#8230;&#8230;&#8230;&#8230;&#8230;&#8230;&#8230;&#8230;&#8230;&#8230;&#8230;&#8230;&#8230;&#8230;&#8230;&#8230;&#8230;&#8230;&#8230;&#8230;&#8230;&#8230;&#8230;&#8230;&#8230;&#8230;&#8230;&#8230;&#8230;&#8230;&#8230;.<br \/>\n&#8230;&#8230;&#8230;&#8230;&#8230;&#8230;&#8230;&#8230;&#8230;&#8230;&#8230;&#8230;&#8230;&#8230;&#8230;&#8230;&#8230;&#8230;&#8230;&#8230;&#8230;&#8230;&#8230;&#8230;&#8230;&#8230;&#8230;&#8230;&#8230;&#8230;&#8230;&#8230;&#8230;&#8230;&#8230;<br \/>\nIII &#8211; do agente de sa\u00fade p\u00fablica, quando, no exerc\u00edcio regular de suas<br \/>\nfun\u00e7\u00f5es, promover a\u00e7\u00f5es de saneamento b\u00e1sico ou de controle<br \/>\nsanit\u00e1rio nas situa\u00e7\u00f5es legalmente admitidas.\u201d (NR)<br \/>\nArt. 3\u00ba &#8211; Esta Lei entra em vigor na data de sua publica\u00e7\u00e3o.<br \/>\nJUSTIFICA\u00c7\u00c3O<br \/>\n A presente lei objetiva inovar o C\u00f3digo Penal, criando nova possibilidade<br \/>\nde exclus\u00e3o de crime nos casos de entrada ou perman\u00eancia em casa alheia ou em<br \/>\nsuas depend\u00eancias. Seria o caso dos agentes de sa\u00fade p\u00fablica, quando, no exerc\u00edcio<br \/>\nregular de suas fun\u00e7\u00f5es, promover a\u00e7\u00f5es de saneamento b\u00e1sico ou de controle<br \/>\nsanit\u00e1rio.<br \/>\nC\u00e2mara dos Deputados | Anexo IV, 3\u00ba andar, Gab. n\u00ba 326 |  Bras\u00edlia\/DF, CEP: 70160-900<br \/>\nTelefone: (61) 3215-5326 |E-mail: dep.marciomarinho@camara.leg.br<br \/>\nPara verificar a assinatura, acesse https:\/\/infoleg-autenticidade-assinatura.camara.leg.br\/CD254794718400<br \/>\nAssinado eletronicamente pelo(a) Dep. M\u00e1rcio Marinho<br \/>\nApresenta\u00e7\u00e3o: 15\/07\/2025 12:43:38.937 &#8211; Mesa<br \/>\n*CD254794718400* PL n.3405\/2025<br \/>C\u00c2MARA DOS DEPUTADOS<br \/>\nGABINETE DO DEPUTADO FEDERAL M\u00c1RCIO MARINHO \u2013 REPUBLICANOS\/BA<br \/>\nA experi\u00eancia pr\u00e1tica evidencia que agentes de sa\u00fade p\u00fablica, com<br \/>\nfrequ\u00eancia, deixam de realizar medidas de saneamento b\u00e1sico ou controle sanit\u00e1rio<br \/>\nem im\u00f3veis desabitados \u2014 sejam residenciais ou comerciais \u2014 por receio de incorrer<br \/>\nno crime de viola\u00e7\u00e3o de domic\u00edlio, previsto no art. 150 do C\u00f3digo Penal.<br \/>\nA exig\u00eancia de autoriza\u00e7\u00e3o judicial, por sua vez, pode representar um<br \/>\nentrave \u00e0 pronta atua\u00e7\u00e3o do poder p\u00fablico, comprometendo medidas urgentes e<br \/>\nessenciais \u00e0 sa\u00fade coletiva. Um exemplo not\u00f3rio \u00e9 o controle de focos do Aedes<br \/>\naegypti, vetor de doen\u00e7as como dengue, zika e chikungunya, cuja conten\u00e7\u00e3o demanda<br \/>\nresposta imediata. Embora j\u00e1 haja previs\u00e3o legal para entrada for\u00e7ada em im\u00f3veis,<br \/>\nconforme Lei n\u00ba 13.301, de 27 de junho de 2016, h\u00e1 a necessidade de se alterar o<br \/>\nC\u00f3digo Penal, para que n\u00e3o seja considerado crime o ingresso do agente p\u00fablico<br \/>\nnesses casos, refor\u00e7ando a prote\u00e7\u00e3o jur\u00eddica ao exercer suas atribui\u00e7\u00f5es funcionais.<br \/>\nAinda que se possa invocar o princ\u00edpio da essencialidade dos direitos<br \/>\nfundamentais \u2014 segundo o qual o direito \u00e0 sa\u00fade coletiva prevalece sobre a<br \/>\ninviolabilidade domiciliar, especialmente em im\u00f3veis desocupados \u2014, entende-se ser<br \/>\nnecess\u00e1ria a previs\u00e3o legal expressa que proporcione seguran\u00e7a jur\u00eddica aos agentes<br \/>\np\u00fablicos no exerc\u00edcio de suas atribui\u00e7\u00f5es.<br \/>\nNesse sentido, o presente projeto visa afastar expressamente a ilicitude da<br \/>\nconduta do agente de sa\u00fade que, no exerc\u00edcio regular de suas fun\u00e7\u00f5es, adentrar<br \/>\nim\u00f3vel desabitado com a finalidade de executar a\u00e7\u00f5es de saneamento ou controle<br \/>\nsanit\u00e1rio, eliminando entraves burocr\u00e1ticos que comprometem a efic\u00e1cia das pol\u00edticas<br \/>\np\u00fablicas de sa\u00fade.<br \/>\nConclamo os nobres pares para que aprovem este importante projeto de<br \/>\nlei que certamente ir\u00e1 contribuir no controle das pragas urbanas, melhorando a sa\u00fade<br \/>\np\u00fablica e a qualidade de vida das pessoas.<br \/>\nSala das Sess\u00f5es, em        de                     de 2025.<br \/>\nM\u00c1RCIO MARINHO<br \/>\nDeputado Federal<br \/>\nRepublicanos\/BA<br \/>\nC\u00e2mara dos Deputados | Anexo IV, 3\u00ba andar, Gab. n\u00ba 326 |  Bras\u00edlia\/DF, CEP: 70160-900<br \/>\nTelefone: (61) 3215-5326 |E-mail: dep.marciomarinho@camara.leg.br<br \/>\nPara verificar a assinatura, acesse https:\/\/infoleg-autenticidade-assinatura.camara.leg.br\/CD254794718400<br \/>\nAssinado eletronicamente pelo(a) Dep. M\u00e1rcio Marinho<br \/>\nApresenta\u00e7\u00e3o: 15\/07\/2025 12:43:38.937 &#8211; Mesa<br \/>\n*CD254794718400* PL n.3405\/2025<\/article>\n<p><a href='https:\/\/app.legislapp.com.br\/#\/busca?termo='><\/a><\/p>\n<div style=\"text-align: center\">\n      <img decoding=\"async\" style=\"width: 14%;\" src=\"https:\/\/www.legislapp.com.br\/wp-content\/uploads\/2021\/07\/Logo-Legislapp-1-03-1.png\"><br \/>\n      <\/p>\n<div style=\"margin-bottom: 20px;\" class=\"et_pb_button_module_wrapper et_pb_button_5_tb_body_wrapper et_pb_button_alignment_center et_pb_module \">\n         <a class=\"et_pb_button et_pb_button_5_tb_body et_hover_enabled et_pb_bg_layout_dark\" style=\"width: 50%;background-color: black;\" href=\"https:\/\/app.legislapp.com.br\" target=\"_blank\" rel=\"noopener\">Visualizar completo na nossa plataforma (30 dias gr\u00e1tis)<\/a><\/p><\/div>\n<p>      <a href=\"https:\/\/play.google.com\/store\/apps\/details?id=br.com.legislapp\"><img decoding=\"async\" style=\"width: 15%; min-width: 130px;\" src=\"https:\/\/www.legislapp.com.br\/wp-content\/uploads\/google-play.png\"><\/a><br \/>\n      <a href=\"https:\/\/apps.apple.com\/us\/app\/legislapp\/id1568929859\"><img decoding=\"async\" style=\"width: 15%; min-width: 130px\" src=\"https:\/\/www.legislapp.com.br\/wp-content\/uploads\/apple-store.png\"><\/a>\n   <\/div>\n","protected":false},"excerpt":{"rendered":"<p>Avulso Inicial &#8211; Autoria de M\u00e1rcio Marinho C\u00c2MARA DOS DEPUTADOS GABINETE DO DEPUTADO FEDERAL M\u00c1RCIO MARINHO \u2013 REPUBLICANOS\/BA PROJETO DE LEI N\u00ba , DE 2025 (Do Sr. M\u00e1rcio Marinho) Altera o Decreto-Lei n\u00ba 2.848, de 7 de dezembro de 1940 (C\u00f3digo Penal) para prever a exclus\u00e3o de crime nos casos de entrada ou perman\u00eancia em [&hellip;]<\/p>\n","protected":false},"author":1,"featured_media":0,"parent":0,"menu_order":0,"comment_status":"closed","ping_status":"closed","template":"page-template-blank.php","meta":{"_et_pb_use_builder":"","_et_pb_old_content":"","_et_gb_content_width":"1080","ngg_post_thumbnail":0,"footnotes":""},"class_list":["post-9850","page","type-page","status-publish","hentry"],"yoast_head":"<!-- This site is optimized with the Yoast SEO plugin v24.4 - https:\/\/yoast.com\/wordpress\/plugins\/seo\/ -->\n<title>Avulso Inicial - PL 3405\/2025 - C\u00e2mara - Legislapp<\/title>\n<meta name=\"robots\" content=\"index, follow, max-snippet:-1, max-image-preview:large, max-video-preview:-1\" \/>\n<link rel=\"canonical\" href=\"https:\/\/www.legislapp.com.br\/index.php\/avulso-inicial-pl-3405-2025-camara\/\" \/>\n<meta property=\"og:locale\" content=\"pt_BR\" \/>\n<meta property=\"og:type\" content=\"article\" \/>\n<meta property=\"og:title\" content=\"Avulso Inicial - PL 3405\/2025 - C\u00e2mara - Legislapp\" \/>\n<meta property=\"og:description\" content=\"Avulso Inicial &#8211; Autoria de M\u00e1rcio Marinho C\u00c2MARA DOS DEPUTADOS GABINETE DO DEPUTADO FEDERAL M\u00c1RCIO MARINHO \u2013 REPUBLICANOS\/BA PROJETO DE LEI N\u00ba , DE 2025 (Do Sr. M\u00e1rcio Marinho) Altera o Decreto-Lei n\u00ba 2.848, de 7 de dezembro de 1940 (C\u00f3digo Penal) para prever a exclus\u00e3o de crime nos casos de entrada ou perman\u00eancia em [&hellip;]\" \/>\n<meta property=\"og:url\" content=\"https:\/\/www.legislapp.com.br\/index.php\/avulso-inicial-pl-3405-2025-camara\/\" \/>\n<meta property=\"og:site_name\" content=\"Legislapp\" \/>\n<meta property=\"article:publisher\" content=\"https:\/\/www.instagram.com\/legislapp\/\" \/>\n<meta property=\"og:image\" content=\"https:\/\/www.legislapp.com.br\/wp-content\/uploads\/2021\/07\/Logo-Legislapp-1-03-1.png\" \/>\n<meta name=\"twitter:card\" content=\"summary_large_image\" \/>\n<meta name=\"twitter:label1\" content=\"Est. tempo de leitura\" \/>\n\t<meta name=\"twitter:data1\" content=\"4 minutos\" \/>\n<script type=\"application\/ld+json\" class=\"yoast-schema-graph\">{\"@context\":\"https:\/\/schema.org\",\"@graph\":[{\"@type\":\"WebPage\",\"@id\":\"https:\/\/www.legislapp.com.br\/index.php\/avulso-inicial-pl-3405-2025-camara\/\",\"url\":\"https:\/\/www.legislapp.com.br\/index.php\/avulso-inicial-pl-3405-2025-camara\/\",\"name\":\"Avulso Inicial - PL 3405\/2025 - C\u00e2mara - Legislapp\",\"isPartOf\":{\"@id\":\"https:\/\/www.legislapp.com.br\/#website\"},\"primaryImageOfPage\":{\"@id\":\"https:\/\/www.legislapp.com.br\/index.php\/avulso-inicial-pl-3405-2025-camara\/#primaryimage\"},\"image\":{\"@id\":\"https:\/\/www.legislapp.com.br\/index.php\/avulso-inicial-pl-3405-2025-camara\/#primaryimage\"},\"thumbnailUrl\":\"https:\/\/www.legislapp.com.br\/wp-content\/uploads\/2021\/07\/Logo-Legislapp-1-03-1.png\",\"datePublished\":\"2025-12-01T13:45:39+00:00\",\"breadcrumb\":{\"@id\":\"https:\/\/www.legislapp.com.br\/index.php\/avulso-inicial-pl-3405-2025-camara\/#breadcrumb\"},\"inLanguage\":\"pt-BR\",\"potentialAction\":[{\"@type\":\"ReadAction\",\"target\":[\"https:\/\/www.legislapp.com.br\/index.php\/avulso-inicial-pl-3405-2025-camara\/\"]}]},{\"@type\":\"ImageObject\",\"inLanguage\":\"pt-BR\",\"@id\":\"https:\/\/www.legislapp.com.br\/index.php\/avulso-inicial-pl-3405-2025-camara\/#primaryimage\",\"url\":\"https:\/\/www.legislapp.com.br\/wp-content\/uploads\/2021\/07\/Logo-Legislapp-1-03-1.png\",\"contentUrl\":\"https:\/\/www.legislapp.com.br\/wp-content\/uploads\/2021\/07\/Logo-Legislapp-1-03-1.png\",\"width\":2679,\"height\":2697},{\"@type\":\"BreadcrumbList\",\"@id\":\"https:\/\/www.legislapp.com.br\/index.php\/avulso-inicial-pl-3405-2025-camara\/#breadcrumb\",\"itemListElement\":[{\"@type\":\"ListItem\",\"position\":1,\"name\":\"In\u00edcio\",\"item\":\"https:\/\/www.legislapp.com.br\/\"},{\"@type\":\"ListItem\",\"position\":2,\"name\":\"Avulso Inicial &#8211; PL 3405\/2025 &#8211; C\u00e2mara\"}]},{\"@type\":\"WebSite\",\"@id\":\"https:\/\/www.legislapp.com.br\/#website\",\"url\":\"https:\/\/www.legislapp.com.br\/\",\"name\":\"Legislapp\",\"description\":\"Intelig\u00eancia governamental em tempo real\",\"publisher\":{\"@id\":\"https:\/\/www.legislapp.com.br\/#organization\"},\"potentialAction\":[{\"@type\":\"SearchAction\",\"target\":{\"@type\":\"EntryPoint\",\"urlTemplate\":\"https:\/\/www.legislapp.com.br\/?s={search_term_string}\"},\"query-input\":{\"@type\":\"PropertyValueSpecification\",\"valueRequired\":true,\"valueName\":\"search_term_string\"}}],\"inLanguage\":\"pt-BR\"},{\"@type\":\"Organization\",\"@id\":\"https:\/\/www.legislapp.com.br\/#organization\",\"name\":\"Legislapp Monitoramento e Intelig\u00eancia Governamental\",\"url\":\"https:\/\/www.legislapp.com.br\/\",\"logo\":{\"@type\":\"ImageObject\",\"inLanguage\":\"pt-BR\",\"@id\":\"https:\/\/www.legislapp.com.br\/#\/schema\/logo\/image\/\",\"url\":\"https:\/\/www.legislapp.com.br\/wp-content\/uploads\/icon.png\",\"contentUrl\":\"https:\/\/www.legislapp.com.br\/wp-content\/uploads\/icon.png\",\"width\":1024,\"height\":1024,\"caption\":\"Legislapp Monitoramento e Intelig\u00eancia Governamental\"},\"image\":{\"@id\":\"https:\/\/www.legislapp.com.br\/#\/schema\/logo\/image\/\"},\"sameAs\":[\"https:\/\/www.instagram.com\/legislapp\/\"]}]}<\/script>\n<!-- \/ Yoast SEO plugin. -->","yoast_head_json":{"title":"Avulso Inicial - PL 3405\/2025 - C\u00e2mara - Legislapp","robots":{"index":"index","follow":"follow","max-snippet":"max-snippet:-1","max-image-preview":"max-image-preview:large","max-video-preview":"max-video-preview:-1"},"canonical":"https:\/\/www.legislapp.com.br\/index.php\/avulso-inicial-pl-3405-2025-camara\/","og_locale":"pt_BR","og_type":"article","og_title":"Avulso Inicial - PL 3405\/2025 - C\u00e2mara - Legislapp","og_description":"Avulso Inicial &#8211; Autoria de M\u00e1rcio Marinho C\u00c2MARA DOS DEPUTADOS GABINETE DO DEPUTADO FEDERAL M\u00c1RCIO MARINHO \u2013 REPUBLICANOS\/BA PROJETO DE LEI N\u00ba , DE 2025 (Do Sr. M\u00e1rcio Marinho) Altera o Decreto-Lei n\u00ba 2.848, de 7 de dezembro de 1940 (C\u00f3digo Penal) para prever a exclus\u00e3o de crime nos casos de entrada ou perman\u00eancia em [&hellip;]","og_url":"https:\/\/www.legislapp.com.br\/index.php\/avulso-inicial-pl-3405-2025-camara\/","og_site_name":"Legislapp","article_publisher":"https:\/\/www.instagram.com\/legislapp\/","og_image":[{"url":"https:\/\/www.legislapp.com.br\/wp-content\/uploads\/2021\/07\/Logo-Legislapp-1-03-1.png","type":"","width":"","height":""}],"twitter_card":"summary_large_image","twitter_misc":{"Est. tempo de leitura":"4 minutos"},"schema":{"@context":"https:\/\/schema.org","@graph":[{"@type":"WebPage","@id":"https:\/\/www.legislapp.com.br\/index.php\/avulso-inicial-pl-3405-2025-camara\/","url":"https:\/\/www.legislapp.com.br\/index.php\/avulso-inicial-pl-3405-2025-camara\/","name":"Avulso Inicial - PL 3405\/2025 - C\u00e2mara - Legislapp","isPartOf":{"@id":"https:\/\/www.legislapp.com.br\/#website"},"primaryImageOfPage":{"@id":"https:\/\/www.legislapp.com.br\/index.php\/avulso-inicial-pl-3405-2025-camara\/#primaryimage"},"image":{"@id":"https:\/\/www.legislapp.com.br\/index.php\/avulso-inicial-pl-3405-2025-camara\/#primaryimage"},"thumbnailUrl":"https:\/\/www.legislapp.com.br\/wp-content\/uploads\/2021\/07\/Logo-Legislapp-1-03-1.png","datePublished":"2025-12-01T13:45:39+00:00","breadcrumb":{"@id":"https:\/\/www.legislapp.com.br\/index.php\/avulso-inicial-pl-3405-2025-camara\/#breadcrumb"},"inLanguage":"pt-BR","potentialAction":[{"@type":"ReadAction","target":["https:\/\/www.legislapp.com.br\/index.php\/avulso-inicial-pl-3405-2025-camara\/"]}]},{"@type":"ImageObject","inLanguage":"pt-BR","@id":"https:\/\/www.legislapp.com.br\/index.php\/avulso-inicial-pl-3405-2025-camara\/#primaryimage","url":"https:\/\/www.legislapp.com.br\/wp-content\/uploads\/2021\/07\/Logo-Legislapp-1-03-1.png","contentUrl":"https:\/\/www.legislapp.com.br\/wp-content\/uploads\/2021\/07\/Logo-Legislapp-1-03-1.png","width":2679,"height":2697},{"@type":"BreadcrumbList","@id":"https:\/\/www.legislapp.com.br\/index.php\/avulso-inicial-pl-3405-2025-camara\/#breadcrumb","itemListElement":[{"@type":"ListItem","position":1,"name":"In\u00edcio","item":"https:\/\/www.legislapp.com.br\/"},{"@type":"ListItem","position":2,"name":"Avulso Inicial &#8211; PL 3405\/2025 &#8211; C\u00e2mara"}]},{"@type":"WebSite","@id":"https:\/\/www.legislapp.com.br\/#website","url":"https:\/\/www.legislapp.com.br\/","name":"Legislapp","description":"Intelig\u00eancia governamental em tempo real","publisher":{"@id":"https:\/\/www.legislapp.com.br\/#organization"},"potentialAction":[{"@type":"SearchAction","target":{"@type":"EntryPoint","urlTemplate":"https:\/\/www.legislapp.com.br\/?s={search_term_string}"},"query-input":{"@type":"PropertyValueSpecification","valueRequired":true,"valueName":"search_term_string"}}],"inLanguage":"pt-BR"},{"@type":"Organization","@id":"https:\/\/www.legislapp.com.br\/#organization","name":"Legislapp Monitoramento e Intelig\u00eancia Governamental","url":"https:\/\/www.legislapp.com.br\/","logo":{"@type":"ImageObject","inLanguage":"pt-BR","@id":"https:\/\/www.legislapp.com.br\/#\/schema\/logo\/image\/","url":"https:\/\/www.legislapp.com.br\/wp-content\/uploads\/icon.png","contentUrl":"https:\/\/www.legislapp.com.br\/wp-content\/uploads\/icon.png","width":1024,"height":1024,"caption":"Legislapp Monitoramento e Intelig\u00eancia Governamental"},"image":{"@id":"https:\/\/www.legislapp.com.br\/#\/schema\/logo\/image\/"},"sameAs":["https:\/\/www.instagram.com\/legislapp\/"]}]}},"_links":{"self":[{"href":"https:\/\/www.legislapp.com.br\/index.php\/wp-json\/wp\/v2\/pages\/9850","targetHints":{"allow":["GET"]}}],"collection":[{"href":"https:\/\/www.legislapp.com.br\/index.php\/wp-json\/wp\/v2\/pages"}],"about":[{"href":"https:\/\/www.legislapp.com.br\/index.php\/wp-json\/wp\/v2\/types\/page"}],"author":[{"embeddable":true,"href":"https:\/\/www.legislapp.com.br\/index.php\/wp-json\/wp\/v2\/users\/1"}],"replies":[{"embeddable":true,"href":"https:\/\/www.legislapp.com.br\/index.php\/wp-json\/wp\/v2\/comments?post=9850"}],"version-history":[{"count":0,"href":"https:\/\/www.legislapp.com.br\/index.php\/wp-json\/wp\/v2\/pages\/9850\/revisions"}],"wp:attachment":[{"href":"https:\/\/www.legislapp.com.br\/index.php\/wp-json\/wp\/v2\/media?parent=9850"}],"curies":[{"name":"wp","href":"https:\/\/api.w.org\/{rel}","templated":true}]}}