{"id":9853,"date":"2025-12-01T10:45:54","date_gmt":"2025-12-01T13:45:54","guid":{"rendered":"https:\/\/www.legislapp.com.br\/index.php\/avulso-inicial-pl-4575-2025-camara\/"},"modified":"2025-12-01T10:45:54","modified_gmt":"2025-12-01T13:45:54","slug":"avulso-inicial-pl-4575-2025-camara","status":"publish","type":"page","link":"https:\/\/www.legislapp.com.br\/index.php\/avulso-inicial-pl-4575-2025-camara\/","title":{"rendered":"Avulso Inicial &#8211; PL 4575\/2025 &#8211; C\u00e2mara"},"content":{"rendered":"<h1 style='text-align: center;'>Avulso Inicial &#8211; Autoria de Caroline de Toni<\/h3>\n<p><\/p>\n<article>C\u00c2MARA DOS DEPUTADOS<br \/>\nGabinete da Deputada Federal Caroline De Toni \u2013 PL\/SC<br \/>\nPROJETO DE LEI N\u00b0,       DE 2025.<br \/>\n(Da Sra. Caroline De Toni)<\/p>\n<p>Disp\u00f5e sobre normas espec\u00edficas<br \/>\npara o manejo sustent\u00e1vel da Araucaria<br \/>\nangustifolia em \u00e1reas de uso alternativo<br \/>\ndo solo, plantios comerciais e sistemas<br \/>\nagroflorestais, com o objetivo de fomentar<br \/>\na conserva\u00e7\u00e3o ativa e a valoriza\u00e7\u00e3o<br \/>\necon\u00f4mica da esp\u00e9cie. <\/p>\n<p>O Congresso Nacional decreta:<\/p>\n<p>Art. 1\u00ba Esta Lei estabelece diretrizes para o manejo sustent\u00e1vel da<br \/>\nAraucaria angustifolia, observadas as normas ambientais vigentes, com o<br \/>\nobjetivo de promover:<br \/>\nI \u2013 a conserva\u00e7\u00e3o ativa da esp\u00e9cie por meio do uso sustent\u00e1vel;<br \/>\nII \u2013 a redu\u00e7\u00e3o da burocracia nos procedimentos de autoriza\u00e7\u00e3o<br \/>\nambiental;<br \/>\nIII \u2013 o incentivo \u00e0 gera\u00e7\u00e3o de renda sustent\u00e1vel e valoriza\u00e7\u00e3o da<br \/>\narauc\u00e1ria como ativo ecol\u00f3gico e produtivo.<br \/>\nArt. 2\u00ba \u00c9 autorizado, mediante crit\u00e9rios t\u00e9cnicos e procedimentos<br \/>\nsimplificados, o manejo sustent\u00e1vel da Araucaria angustifolia nas seguintes<br \/>\nhip\u00f3teses:<br \/>\nI \u2013 Plantios comerciais legalmente cadastrados;<br \/>\nII \u2013 \u00c1reas rurais j\u00e1 antropizadas ou em uso alternativo do solo,<br \/>\ndesde que a vegeta\u00e7\u00e3o n\u00e3o seja classificada como prim\u00e1ria ou secund\u00e1ria e se<br \/>\nencontre em est\u00e1gio m\u00e9dio ou avan\u00e7ado de regenera\u00e7\u00e3o, conforme definido<br \/>\npela Lei n\u00ba 11.428, de 2006;<br \/>\nC\u00e2mara dos Deputados &#8211; Anexo III &#8211; Gabinete 772 &#8211; CEP 70160-900 &#8211; Bras\u00edlia\/DF<br \/>\nTel. (61) 3215-5772 &#8211; dep.carolinedetoni@camara.leg.br<br \/>\nPara verificar a assinatura, acesse https:\/\/infoleg-autenticidade-assinatura.camara.leg.br\/CD256683319300<br \/>\nAssinado eletronicamente pelo(a) Dep. Caroline de Toni<br \/>\nApresenta\u00e7\u00e3o: 15\/09\/2025 15:43:26.827 &#8211; Mesa<br \/>\n*CD256683319300* PL n.4575\/2025<br \/>C\u00c2MARA DOS DEPUTADOS<br \/>\nGabinete da Deputada Federal Caroline De Toni \u2013 PL\/SC<br \/>\nIII \u2013 Sistemas agroflorestais, cons\u00f3rcios e projetos de restaura\u00e7\u00e3o<br \/>\nflorestal em que a arauc\u00e1ria esteja inclu\u00edda de forma manejada;<br \/>\nIV \u2013 \u00c1reas inseridas em programas de reflorestamento, recupera\u00e7\u00e3o<br \/>\nambiental ou Pagamento por Servi\u00e7os Ambientais (PSA).<br \/>\nArt. 3\u00ba O manejo previsto nesta Lei dever\u00e1 seguir os seguintes<br \/>\ncrit\u00e9rios:<br \/>\nI \u2013 Elabora\u00e7\u00e3o de plano t\u00e9cnico, contendo:<br \/>\na) Mapeamento da \u00e1rea;<br \/>\nb) N\u00famero de \u00e1rvores a serem manejadas, e data de plantio em<br \/>\ncaso de explora\u00e7\u00e3o econ\u00f4mica;<br \/>\nc) Local da extra\u00e7\u00e3o e local de realoca\u00e7\u00e3o, quando se tratar de<br \/>\ndeslocamento de \u00e1rvores;<br \/>\nd) Justificativa t\u00e9cnica; e<br \/>\ne) Medidas de compensa\u00e7\u00e3o ou reposi\u00e7\u00e3o florestal, em caso de<br \/>\nexplora\u00e7\u00e3o econ\u00f4mica da esp\u00e9cie;<br \/>\nII \u2013 Comunica\u00e7\u00e3o pr\u00e9via ao \u00f3rg\u00e3o ambiental competente, que ter\u00e1<br \/>\nprazo de at\u00e9 90 dias para an\u00e1lise do plano t\u00e9cnico, e envio de propostas de<br \/>\ncorre\u00e7\u00e3o, sendo o sil\u00eancio interpretado como aprova\u00e7\u00e3o, desde que o plano<br \/>\nesteja completo e em conformidade;<br \/>\nIII \u2013 Proibi\u00e7\u00e3o de supress\u00e3o de indiv\u00edduos localizados em:<br \/>\na) \u00c1reas de preserva\u00e7\u00e3o permanente (APPs);<br \/>\nb) Reservas legais com vegeta\u00e7\u00e3o prim\u00e1ria ou secund\u00e1ria em<br \/>\nest\u00e1gio avan\u00e7ado.<br \/>\nParagrafo \u00fanico. A comunica\u00e7\u00e3o disposto no inciso II ser\u00e1<br \/>\nsuficiente para garantir o direito \u00e0 explora\u00e7\u00e3o econ\u00f4mica da madeira e dos<br \/>\npinh\u00f5es, nos termos desta Lei para fins de comprova\u00e7\u00e3o da origem legal e<br \/>\nregulariza\u00e7\u00e3o do manejo, da Araucaria angustifolia com finalidade econ\u00f4mica.<br \/>\nC\u00e2mara dos Deputados &#8211; Anexo III &#8211; Gabinete 772 &#8211; CEP 70160-900 &#8211; Bras\u00edlia\/DF<br \/>\nTel. (61) 3215-5772 &#8211; dep.carolinedetoni@camara.leg.br<br \/>\nPara verificar a assinatura, acesse https:\/\/infoleg-autenticidade-assinatura.camara.leg.br\/CD256683319300<br \/>\nAssinado eletronicamente pelo(a) Dep. Caroline de Toni<br \/>\nApresenta\u00e7\u00e3o: 15\/09\/2025 15:43:26.827 &#8211; Mesa<br \/>\n*CD256683319300* PL n.4575\/2025<br \/>C\u00c2MARA DOS DEPUTADOS<br \/>\nGabinete da Deputada Federal Caroline De Toni \u2013 PL\/SC<br \/>\nArt. 4\u00ba Esta Lei n\u00e3o autoriza a supress\u00e3o de florestas nativas<br \/>\nprotegidas pela Lei n\u00ba 11.428, de 2006, ou de vegeta\u00e7\u00e3o classificada como<br \/>\nprim\u00e1ria ou secund\u00e1ria em est\u00e1gio m\u00e9dio ou avan\u00e7ado de regenera\u00e7\u00e3o.<br \/>\nPar\u00e1grafo \u00fanico. As disposi\u00e7\u00f5es desta Lei ser\u00e3o aplicadas em<br \/>\nconson\u00e2ncia com o art. 225 da Constitui\u00e7\u00e3o Federal, com o C\u00f3digo Florestal e<br \/>\ncom as portarias e resolu\u00e7\u00f5es que reconhe\u00e7am a esp\u00e9cie como amea\u00e7ada de<br \/>\nextin\u00e7\u00e3o.<br \/>\nArt. 5\u00ba Fica o Poder Executivo autorizado a instituir programa de<br \/>\nincentivo ao plantio, manejo sustent\u00e1vel e aproveitamento econ\u00f4mico da<br \/>\nAraucaria angustifolia, incluindo:<br \/>\nI \u2013 Linhas de cr\u00e9dito rural para o plantio da esp\u00e9cie e sistemas<br \/>\nagroflorestais;<br \/>\nII \u2013 Mecanismos de pagamento por servi\u00e7os ambientais (PSA), nos<br \/>\ntermos da Lei n\u00ba 14.119\/2021;<br \/>\nIII \u2013 Prioridade para acesso a programas de assist\u00eancia t\u00e9cnica e<br \/>\nextens\u00e3o rural;<br \/>\nIV \u2013 Apoio \u00e0 certifica\u00e7\u00e3o de produtos oriundos de manejo<br \/>\nsustent\u00e1vel com finalidade de agrega\u00e7\u00e3o de valor e abertura de mercado.<br \/>\nArt. 6\u00ba O Poder Executivo regulamentar\u00e1 esta Lei no prazo de 90<br \/>\ndias, podendo estabelecer modelos-padr\u00e3o de plano t\u00e9cnico, crit\u00e9rios de<br \/>\nmonitoramento e incentivos \u00e0 ades\u00e3o volunt\u00e1ria.<br \/>\nArt. 7\u00ba Esta Lei entra em vigor na data de sua publica\u00e7\u00e3o.<br \/>\nJUSTIFICA\u00c7\u00c3O<br \/>\nA Araucaria angustifolia, conhecida como arauc\u00e1ria ou pinheiro-do-<br \/>\nparan\u00e1, \u00e9 uma \u00e1rvore s\u00edmbolo do sul do Brasil, com profundo valor ecol\u00f3gico,<br \/>\ncultural e econ\u00f4mico. Presente na composi\u00e7\u00e3o da Floresta Ombr\u00f3fila Mista,<br \/>\nC\u00e2mara dos Deputados &#8211; Anexo III &#8211; Gabinete 772 &#8211; CEP 70160-900 &#8211; Bras\u00edlia\/DF<br \/>\nTel. (61) 3215-5772 &#8211; dep.carolinedetoni@camara.leg.br<br \/>\nPara verificar a assinatura, acesse https:\/\/infoleg-autenticidade-assinatura.camara.leg.br\/CD256683319300<br \/>\nAssinado eletronicamente pelo(a) Dep. Caroline de Toni<br \/>\nApresenta\u00e7\u00e3o: 15\/09\/2025 15:43:26.827 &#8211; Mesa<br \/>\n*CD256683319300* PL n.4575\/2025<br \/>C\u00c2MARA DOS DEPUTADOS<br \/>\nGabinete da Deputada Federal Caroline De Toni \u2013 PL\/SC<br \/>\nintegra o bioma Mata Atl\u00e2ntica e presta importantes servi\u00e7os ambientais, como<br \/>\nconserva\u00e7\u00e3o do solo, reten\u00e7\u00e3o de \u00e1gua e manuten\u00e7\u00e3o da biodiversidade.<br \/>\nAtualmente, a esp\u00e9cie encontra-se classificada como \u201cem perigo de<br \/>\nextin\u00e7\u00e3o\u201d, conforme a Portaria MMA n\u00ba 148\/2022, o que exige aten\u00e7\u00e3o especial<br \/>\ndo poder p\u00fablico.<br \/>\nContudo, \u00e9 preciso reconhecer que a proibi\u00e7\u00e3o quase total do<br \/>\nmanejo da arauc\u00e1ria nativa, aliada \u00e0 aus\u00eancia de est\u00edmulo ao plantio e uso<br \/>\nsustent\u00e1vel da esp\u00e9cie, tem contribu\u00eddo para a redu\u00e7\u00e3o de indiv\u00edduos da \u00e1rvore<br \/>\nem \u00e1reas privadas. Muitos produtores evitam conservar ou plantar arauc\u00e1rias<br \/>\nem suas propriedades com receio da rigidez legal, que trata da mesma forma<br \/>\nflorestas nativas protegidas e plantios comerciais legalizados. Sem manejo e<br \/>\nsem incentivo, a esp\u00e9cie se aproxima ainda mais da extin\u00e7\u00e3o.<br \/>\nEste projeto tem como objetivo estabelecer regras claras e t\u00e9cnicas<br \/>\npara permitir o manejo sustent\u00e1vel da Araucaria angustifolia, especialmente em<br \/>\n\u00e1reas j\u00e1 antropizadas, plantios comerciais legalmente cadastrados, e em<br \/>\nsistemas agroflorestais. O intuito \u00e9 permitir o uso consciente, a valoriza\u00e7\u00e3o<br \/>\necon\u00f4mica e a recomposi\u00e7\u00e3o da esp\u00e9cie em larga escala, inclusive com<br \/>\nest\u00edmulo a cadeias produtivas relacionadas ao pinh\u00e3o, \u00e0 madeira de plantio e a<br \/>\nsistemas de Pagamento por Servi\u00e7os Ambientais (PSA).<br \/>\nAo mesmo tempo, a proposta reconhece o papel essencial do<br \/>\npropriet\u00e1rio rural na conserva\u00e7\u00e3o ativa da arauc\u00e1ria. O Brasil possui milhares<br \/>\nde propriedades com arauc\u00e1rias isoladas ou em pequenas manchas florestais,<br \/>\nque poderiam ser utilizadas de forma racional, legal e t\u00e9cnica, caso houvesse<br \/>\nseguran\u00e7a jur\u00eddica e instrumentos legais adequados. Este projeto prop\u00f5e<br \/>\nexatamente isso: garantir ao produtor rural a liberdade de manejar sua terra<br \/>\ndentro da legalidade ambiental, sem ser punido por conservar uma esp\u00e9cie<br \/>\namea\u00e7ada.<br \/>\n\u00c9 preciso abandonar a l\u00f3gica punitiva e burocr\u00e1tica que afasta o<br \/>\nprodutor da conserva\u00e7\u00e3o. Ao contr\u00e1rio: quando o manejo \u00e9 vi\u00e1vel, lucrativo e<br \/>\nlegal, ele se torna uma ferramenta poderosa de preserva\u00e7\u00e3o. Esta Lei permite<br \/>\nC\u00e2mara dos Deputados &#8211; Anexo III &#8211; Gabinete 772 &#8211; CEP 70160-900 &#8211; Bras\u00edlia\/DF<br \/>\nTel. (61) 3215-5772 &#8211; dep.carolinedetoni@camara.leg.br<br \/>\nPara verificar a assinatura, acesse https:\/\/infoleg-autenticidade-assinatura.camara.leg.br\/CD256683319300<br \/>\nAssinado eletronicamente pelo(a) Dep. Caroline de Toni<br \/>\nApresenta\u00e7\u00e3o: 15\/09\/2025 15:43:26.827 &#8211; Mesa<br \/>\n*CD256683319300* PL n.4575\/2025<br \/>C\u00c2MARA DOS DEPUTADOS<br \/>\nGabinete da Deputada Federal Caroline De Toni \u2013 PL\/SC<br \/>\nque o propriet\u00e1rio tenha autonomia para cuidar da arauc\u00e1ria, com regras<br \/>\nsimples, planos t\u00e9cnicos simplificados e instrumentos de regulariza\u00e7\u00e3o \u00e1geis. O<br \/>\nfoco n\u00e3o \u00e9 permitir o desmatamento, mas estimular o uso sustent\u00e1vel como<br \/>\nforma de prote\u00e7\u00e3o real e duradoura.<br \/>\nNeste sentido, a iniciativa est\u00e1 plenamente alinhada com os<br \/>\nprinc\u00edpios do art. 225 da Constitui\u00e7\u00e3o Federal, que imp\u00f5em ao Poder P\u00fablico e<br \/>\n\u00e0 coletividade o dever de proteger o meio ambiente e garantir o uso sustent\u00e1vel<br \/>\ndos recursos naturais. Tamb\u00e9m respeita as disposi\u00e7\u00f5es da Lei da Mata<br \/>\nAtl\u00e2ntica (Lei n\u00ba 11.428\/2006), do C\u00f3digo Florestal (Lei n\u00ba 12.651\/2012) e das<br \/>\nnormas t\u00e9cnicas sobre esp\u00e9cies amea\u00e7adas, compatibilizando-as com a<br \/>\nrealidade econ\u00f4mica e produtiva do campo.<br \/>\nPor todas essas raz\u00f5es, solicita-se o apoio dos nobres<br \/>\nParlamentares para aprova\u00e7\u00e3o desta importante iniciativa, que concilia<br \/>\nconserva\u00e7\u00e3o ambiental, valoriza\u00e7\u00e3o da biodiversidade nativa e fortalecimento<br \/>\nda atividade produtiva rural respons\u00e1vel.<br \/>\nSala das Sess\u00f5es, ____\/____\/____.<br \/>\nDeputada Caroline De Toni<br \/>\nPL\/SC<br \/>\nC\u00e2mara dos Deputados &#8211; Anexo III &#8211; Gabinete 772 &#8211; CEP 70160-900 &#8211; Bras\u00edlia\/DF<br \/>\nTel. (61) 3215-5772 &#8211; dep.carolinedetoni@camara.leg.br<br \/>\nPara verificar a assinatura, acesse https:\/\/infoleg-autenticidade-assinatura.camara.leg.br\/CD256683319300<br \/>\nAssinado eletronicamente pelo(a) Dep. Caroline de Toni<br \/>\nApresenta\u00e7\u00e3o: 15\/09\/2025 15:43:26.827 &#8211; Mesa<br \/>\n*CD256683319300* PL n.4575\/2025<\/article>\n<p><a href='https:\/\/app.legislapp.com.br\/#\/busca?termo=Manejo ecol\u00f3gico'>Manejo ecol\u00f3gico<\/a>, <a href='https:\/\/app.legislapp.com.br\/#\/busca?termo=arauc\u00e1ria'>arauc\u00e1ria<\/a>, <a href='https:\/\/app.legislapp.com.br\/#\/busca?termo=autoriza\u00e7\u00e3o'>autoriza\u00e7\u00e3o<\/a>, <a href='https:\/\/app.legislapp.com.br\/#\/busca?termo=plantio'>plantio<\/a>, <a href='https:\/\/app.legislapp.com.br\/#\/busca?termo=explora\u00e7\u00e3o comercial'>explora\u00e7\u00e3o comercial<\/a>, <a href='https:\/\/app.legislapp.com.br\/#\/busca?termo=cultivar comercial'>cultivar comercial<\/a>, <a href='https:\/\/app.legislapp.com.br\/#\/busca?termo=atividade comercial'>atividade comercial<\/a>, <a href='https:\/\/app.legislapp.com.br\/#\/busca?termo=aproveitamento econ\u00f4mico'>aproveitamento econ\u00f4mico<\/a>, <a href='https:\/\/app.legislapp.com.br\/#\/busca?termo=redu\u00e7\u00e3o'>redu\u00e7\u00e3o<\/a>, <a href='https:\/\/app.legislapp.com.br\/#\/busca?termo=procedimento'>procedimento<\/a>, <a href='https:\/\/app.legislapp.com.br\/#\/busca?termo=Autoriza\u00e7\u00e3o Ambiental de Funcionamento (AAF)'>Autoriza\u00e7\u00e3o Ambiental de Funcionamento (AAF)<\/a>, <a href='https:\/\/app.legislapp.com.br\/#\/busca?termo=\u00e1rea rural'>\u00e1rea rural<\/a>, <a href='https:\/\/app.legislapp.com.br\/#\/busca?termo=Sistema agroflorestal (SAF)'>Sistema agroflorestal (SAF)<\/a>, <a href='https:\/\/app.legislapp.com.br\/#\/busca?termo=recupera\u00e7\u00e3o florestal'>recupera\u00e7\u00e3o florestal<\/a>, <a href='https:\/\/app.legislapp.com.br\/#\/busca?termo=reflorestamento'>reflorestamento<\/a>, <a href='https:\/\/app.legislapp.com.br\/#\/busca?termo=recupera\u00e7\u00e3o ambiental'>recupera\u00e7\u00e3o ambiental<\/a>, <a href='https:\/\/app.legislapp.com.br\/#\/busca?termo=Pagamento por Servi\u00e7os Ambientais (PSA)'>Pagamento por Servi\u00e7os Ambientais (PSA)<\/a>, <a href='https:\/\/app.legislapp.com.br\/#\/busca?termo=diretrizes'>diretrizes<\/a>, <a href='https:\/\/app.legislapp.com.br\/#\/busca?termo=uso sustent\u00e1vel.'>uso sustent\u00e1vel.<\/a><\/p>\n<div style=\"text-align: center\">\n      <img decoding=\"async\" style=\"width: 14%;\" src=\"https:\/\/www.legislapp.com.br\/wp-content\/uploads\/2021\/07\/Logo-Legislapp-1-03-1.png\"><br \/>\n      <\/p>\n<div style=\"margin-bottom: 20px;\" class=\"et_pb_button_module_wrapper et_pb_button_5_tb_body_wrapper et_pb_button_alignment_center et_pb_module \">\n         <a class=\"et_pb_button et_pb_button_5_tb_body et_hover_enabled et_pb_bg_layout_dark\" style=\"width: 50%;background-color: black;\" href=\"https:\/\/app.legislapp.com.br\" target=\"_blank\" rel=\"noopener\">Visualizar completo na nossa plataforma (30 dias gr\u00e1tis)<\/a><\/p><\/div>\n<p>      <a href=\"https:\/\/play.google.com\/store\/apps\/details?id=br.com.legislapp\"><img decoding=\"async\" style=\"width: 15%; min-width: 130px;\" src=\"https:\/\/www.legislapp.com.br\/wp-content\/uploads\/google-play.png\"><\/a><br \/>\n      <a href=\"https:\/\/apps.apple.com\/us\/app\/legislapp\/id1568929859\"><img decoding=\"async\" style=\"width: 15%; min-width: 130px\" src=\"https:\/\/www.legislapp.com.br\/wp-content\/uploads\/apple-store.png\"><\/a>\n   <\/div>\n","protected":false},"excerpt":{"rendered":"<p>Avulso Inicial &#8211; Autoria de Caroline de Toni C\u00c2MARA DOS DEPUTADOS Gabinete da Deputada Federal Caroline De Toni \u2013 PL\/SC PROJETO DE LEI N\u00b0, DE 2025. (Da Sra. Caroline De Toni) Disp\u00f5e sobre normas espec\u00edficas para o manejo sustent\u00e1vel da Araucaria angustifolia em \u00e1reas de uso alternativo do solo, plantios comerciais e sistemas agroflorestais, com [&hellip;]<\/p>\n","protected":false},"author":1,"featured_media":0,"parent":0,"menu_order":0,"comment_status":"closed","ping_status":"closed","template":"page-template-blank.php","meta":{"_et_pb_use_builder":"","_et_pb_old_content":"","_et_gb_content_width":"1080","ngg_post_thumbnail":0,"footnotes":""},"class_list":["post-9853","page","type-page","status-publish","hentry"],"yoast_head":"<!-- This site is optimized with the Yoast SEO plugin v24.4 - https:\/\/yoast.com\/wordpress\/plugins\/seo\/ -->\n<title>Avulso Inicial - PL 4575\/2025 - C\u00e2mara - Legislapp<\/title>\n<meta name=\"robots\" content=\"index, follow, max-snippet:-1, max-image-preview:large, max-video-preview:-1\" \/>\n<link rel=\"canonical\" href=\"https:\/\/www.legislapp.com.br\/index.php\/avulso-inicial-pl-4575-2025-camara\/\" \/>\n<meta property=\"og:locale\" content=\"pt_BR\" \/>\n<meta property=\"og:type\" content=\"article\" \/>\n<meta property=\"og:title\" content=\"Avulso Inicial - PL 4575\/2025 - C\u00e2mara - Legislapp\" \/>\n<meta property=\"og:description\" content=\"Avulso Inicial &#8211; Autoria de Caroline de Toni C\u00c2MARA DOS DEPUTADOS Gabinete da Deputada Federal Caroline De Toni \u2013 PL\/SC PROJETO DE LEI N\u00b0, DE 2025. (Da Sra. Caroline De Toni) Disp\u00f5e sobre normas espec\u00edficas para o manejo sustent\u00e1vel da Araucaria angustifolia em \u00e1reas de uso alternativo do solo, plantios comerciais e sistemas agroflorestais, com [&hellip;]\" \/>\n<meta property=\"og:url\" content=\"https:\/\/www.legislapp.com.br\/index.php\/avulso-inicial-pl-4575-2025-camara\/\" \/>\n<meta property=\"og:site_name\" content=\"Legislapp\" \/>\n<meta property=\"article:publisher\" content=\"https:\/\/www.instagram.com\/legislapp\/\" \/>\n<meta property=\"og:image\" content=\"https:\/\/www.legislapp.com.br\/wp-content\/uploads\/2021\/07\/Logo-Legislapp-1-03-1.png\" \/>\n<meta name=\"twitter:card\" content=\"summary_large_image\" \/>\n<meta name=\"twitter:label1\" content=\"Est. tempo de leitura\" \/>\n\t<meta name=\"twitter:data1\" content=\"8 minutos\" \/>\n<script type=\"application\/ld+json\" class=\"yoast-schema-graph\">{\"@context\":\"https:\/\/schema.org\",\"@graph\":[{\"@type\":\"WebPage\",\"@id\":\"https:\/\/www.legislapp.com.br\/index.php\/avulso-inicial-pl-4575-2025-camara\/\",\"url\":\"https:\/\/www.legislapp.com.br\/index.php\/avulso-inicial-pl-4575-2025-camara\/\",\"name\":\"Avulso Inicial - PL 4575\/2025 - C\u00e2mara - Legislapp\",\"isPartOf\":{\"@id\":\"https:\/\/www.legislapp.com.br\/#website\"},\"primaryImageOfPage\":{\"@id\":\"https:\/\/www.legislapp.com.br\/index.php\/avulso-inicial-pl-4575-2025-camara\/#primaryimage\"},\"image\":{\"@id\":\"https:\/\/www.legislapp.com.br\/index.php\/avulso-inicial-pl-4575-2025-camara\/#primaryimage\"},\"thumbnailUrl\":\"https:\/\/www.legislapp.com.br\/wp-content\/uploads\/2021\/07\/Logo-Legislapp-1-03-1.png\",\"datePublished\":\"2025-12-01T13:45:54+00:00\",\"breadcrumb\":{\"@id\":\"https:\/\/www.legislapp.com.br\/index.php\/avulso-inicial-pl-4575-2025-camara\/#breadcrumb\"},\"inLanguage\":\"pt-BR\",\"potentialAction\":[{\"@type\":\"ReadAction\",\"target\":[\"https:\/\/www.legislapp.com.br\/index.php\/avulso-inicial-pl-4575-2025-camara\/\"]}]},{\"@type\":\"ImageObject\",\"inLanguage\":\"pt-BR\",\"@id\":\"https:\/\/www.legislapp.com.br\/index.php\/avulso-inicial-pl-4575-2025-camara\/#primaryimage\",\"url\":\"https:\/\/www.legislapp.com.br\/wp-content\/uploads\/2021\/07\/Logo-Legislapp-1-03-1.png\",\"contentUrl\":\"https:\/\/www.legislapp.com.br\/wp-content\/uploads\/2021\/07\/Logo-Legislapp-1-03-1.png\",\"width\":2679,\"height\":2697},{\"@type\":\"BreadcrumbList\",\"@id\":\"https:\/\/www.legislapp.com.br\/index.php\/avulso-inicial-pl-4575-2025-camara\/#breadcrumb\",\"itemListElement\":[{\"@type\":\"ListItem\",\"position\":1,\"name\":\"In\u00edcio\",\"item\":\"https:\/\/www.legislapp.com.br\/\"},{\"@type\":\"ListItem\",\"position\":2,\"name\":\"Avulso Inicial &#8211; PL 4575\/2025 &#8211; C\u00e2mara\"}]},{\"@type\":\"WebSite\",\"@id\":\"https:\/\/www.legislapp.com.br\/#website\",\"url\":\"https:\/\/www.legislapp.com.br\/\",\"name\":\"Legislapp\",\"description\":\"Intelig\u00eancia governamental em tempo real\",\"publisher\":{\"@id\":\"https:\/\/www.legislapp.com.br\/#organization\"},\"potentialAction\":[{\"@type\":\"SearchAction\",\"target\":{\"@type\":\"EntryPoint\",\"urlTemplate\":\"https:\/\/www.legislapp.com.br\/?s={search_term_string}\"},\"query-input\":{\"@type\":\"PropertyValueSpecification\",\"valueRequired\":true,\"valueName\":\"search_term_string\"}}],\"inLanguage\":\"pt-BR\"},{\"@type\":\"Organization\",\"@id\":\"https:\/\/www.legislapp.com.br\/#organization\",\"name\":\"Legislapp Monitoramento e Intelig\u00eancia Governamental\",\"url\":\"https:\/\/www.legislapp.com.br\/\",\"logo\":{\"@type\":\"ImageObject\",\"inLanguage\":\"pt-BR\",\"@id\":\"https:\/\/www.legislapp.com.br\/#\/schema\/logo\/image\/\",\"url\":\"https:\/\/www.legislapp.com.br\/wp-content\/uploads\/icon.png\",\"contentUrl\":\"https:\/\/www.legislapp.com.br\/wp-content\/uploads\/icon.png\",\"width\":1024,\"height\":1024,\"caption\":\"Legislapp Monitoramento e Intelig\u00eancia Governamental\"},\"image\":{\"@id\":\"https:\/\/www.legislapp.com.br\/#\/schema\/logo\/image\/\"},\"sameAs\":[\"https:\/\/www.instagram.com\/legislapp\/\"]}]}<\/script>\n<!-- \/ Yoast SEO plugin. -->","yoast_head_json":{"title":"Avulso Inicial - PL 4575\/2025 - C\u00e2mara - Legislapp","robots":{"index":"index","follow":"follow","max-snippet":"max-snippet:-1","max-image-preview":"max-image-preview:large","max-video-preview":"max-video-preview:-1"},"canonical":"https:\/\/www.legislapp.com.br\/index.php\/avulso-inicial-pl-4575-2025-camara\/","og_locale":"pt_BR","og_type":"article","og_title":"Avulso Inicial - PL 4575\/2025 - C\u00e2mara - Legislapp","og_description":"Avulso Inicial &#8211; Autoria de Caroline de Toni C\u00c2MARA DOS DEPUTADOS Gabinete da Deputada Federal Caroline De Toni \u2013 PL\/SC PROJETO DE LEI N\u00b0, DE 2025. (Da Sra. Caroline De Toni) Disp\u00f5e sobre normas espec\u00edficas para o manejo sustent\u00e1vel da Araucaria angustifolia em \u00e1reas de uso alternativo do solo, plantios comerciais e sistemas agroflorestais, com [&hellip;]","og_url":"https:\/\/www.legislapp.com.br\/index.php\/avulso-inicial-pl-4575-2025-camara\/","og_site_name":"Legislapp","article_publisher":"https:\/\/www.instagram.com\/legislapp\/","og_image":[{"url":"https:\/\/www.legislapp.com.br\/wp-content\/uploads\/2021\/07\/Logo-Legislapp-1-03-1.png","type":"","width":"","height":""}],"twitter_card":"summary_large_image","twitter_misc":{"Est. tempo de leitura":"8 minutos"},"schema":{"@context":"https:\/\/schema.org","@graph":[{"@type":"WebPage","@id":"https:\/\/www.legislapp.com.br\/index.php\/avulso-inicial-pl-4575-2025-camara\/","url":"https:\/\/www.legislapp.com.br\/index.php\/avulso-inicial-pl-4575-2025-camara\/","name":"Avulso Inicial - PL 4575\/2025 - C\u00e2mara - Legislapp","isPartOf":{"@id":"https:\/\/www.legislapp.com.br\/#website"},"primaryImageOfPage":{"@id":"https:\/\/www.legislapp.com.br\/index.php\/avulso-inicial-pl-4575-2025-camara\/#primaryimage"},"image":{"@id":"https:\/\/www.legislapp.com.br\/index.php\/avulso-inicial-pl-4575-2025-camara\/#primaryimage"},"thumbnailUrl":"https:\/\/www.legislapp.com.br\/wp-content\/uploads\/2021\/07\/Logo-Legislapp-1-03-1.png","datePublished":"2025-12-01T13:45:54+00:00","breadcrumb":{"@id":"https:\/\/www.legislapp.com.br\/index.php\/avulso-inicial-pl-4575-2025-camara\/#breadcrumb"},"inLanguage":"pt-BR","potentialAction":[{"@type":"ReadAction","target":["https:\/\/www.legislapp.com.br\/index.php\/avulso-inicial-pl-4575-2025-camara\/"]}]},{"@type":"ImageObject","inLanguage":"pt-BR","@id":"https:\/\/www.legislapp.com.br\/index.php\/avulso-inicial-pl-4575-2025-camara\/#primaryimage","url":"https:\/\/www.legislapp.com.br\/wp-content\/uploads\/2021\/07\/Logo-Legislapp-1-03-1.png","contentUrl":"https:\/\/www.legislapp.com.br\/wp-content\/uploads\/2021\/07\/Logo-Legislapp-1-03-1.png","width":2679,"height":2697},{"@type":"BreadcrumbList","@id":"https:\/\/www.legislapp.com.br\/index.php\/avulso-inicial-pl-4575-2025-camara\/#breadcrumb","itemListElement":[{"@type":"ListItem","position":1,"name":"In\u00edcio","item":"https:\/\/www.legislapp.com.br\/"},{"@type":"ListItem","position":2,"name":"Avulso Inicial &#8211; PL 4575\/2025 &#8211; C\u00e2mara"}]},{"@type":"WebSite","@id":"https:\/\/www.legislapp.com.br\/#website","url":"https:\/\/www.legislapp.com.br\/","name":"Legislapp","description":"Intelig\u00eancia governamental em tempo real","publisher":{"@id":"https:\/\/www.legislapp.com.br\/#organization"},"potentialAction":[{"@type":"SearchAction","target":{"@type":"EntryPoint","urlTemplate":"https:\/\/www.legislapp.com.br\/?s={search_term_string}"},"query-input":{"@type":"PropertyValueSpecification","valueRequired":true,"valueName":"search_term_string"}}],"inLanguage":"pt-BR"},{"@type":"Organization","@id":"https:\/\/www.legislapp.com.br\/#organization","name":"Legislapp Monitoramento e Intelig\u00eancia Governamental","url":"https:\/\/www.legislapp.com.br\/","logo":{"@type":"ImageObject","inLanguage":"pt-BR","@id":"https:\/\/www.legislapp.com.br\/#\/schema\/logo\/image\/","url":"https:\/\/www.legislapp.com.br\/wp-content\/uploads\/icon.png","contentUrl":"https:\/\/www.legislapp.com.br\/wp-content\/uploads\/icon.png","width":1024,"height":1024,"caption":"Legislapp Monitoramento e Intelig\u00eancia Governamental"},"image":{"@id":"https:\/\/www.legislapp.com.br\/#\/schema\/logo\/image\/"},"sameAs":["https:\/\/www.instagram.com\/legislapp\/"]}]}},"_links":{"self":[{"href":"https:\/\/www.legislapp.com.br\/index.php\/wp-json\/wp\/v2\/pages\/9853","targetHints":{"allow":["GET"]}}],"collection":[{"href":"https:\/\/www.legislapp.com.br\/index.php\/wp-json\/wp\/v2\/pages"}],"about":[{"href":"https:\/\/www.legislapp.com.br\/index.php\/wp-json\/wp\/v2\/types\/page"}],"author":[{"embeddable":true,"href":"https:\/\/www.legislapp.com.br\/index.php\/wp-json\/wp\/v2\/users\/1"}],"replies":[{"embeddable":true,"href":"https:\/\/www.legislapp.com.br\/index.php\/wp-json\/wp\/v2\/comments?post=9853"}],"version-history":[{"count":0,"href":"https:\/\/www.legislapp.com.br\/index.php\/wp-json\/wp\/v2\/pages\/9853\/revisions"}],"wp:attachment":[{"href":"https:\/\/www.legislapp.com.br\/index.php\/wp-json\/wp\/v2\/media?parent=9853"}],"curies":[{"name":"wp","href":"https:\/\/api.w.org\/{rel}","templated":true}]}}