{"id":9860,"date":"2025-12-01T10:46:29","date_gmt":"2025-12-01T13:46:29","guid":{"rendered":"https:\/\/www.legislapp.com.br\/index.php\/avulso-inicial-pl-3370-2025-camara\/"},"modified":"2025-12-01T10:46:29","modified_gmt":"2025-12-01T13:46:29","slug":"avulso-inicial-pl-3370-2025-camara","status":"publish","type":"page","link":"https:\/\/www.legislapp.com.br\/index.php\/avulso-inicial-pl-3370-2025-camara\/","title":{"rendered":"Avulso Inicial &#8211; PL 3370\/2025 &#8211; C\u00e2mara"},"content":{"rendered":"<h1 style='text-align: center;'>Avulso Inicial &#8211; Autoria de Rodrigo Valadares<\/h3>\n<p><\/p>\n<article>PROJETO DE LEI N\u00ba          , DE 2025<br \/>\n(Do Sr. RODRIGO VALADARES)<br \/>\nDisp\u00f5e sobre a cria\u00e7\u00e3o do selo social para<br \/>\ncl\u00ednicas de entidades e organiza\u00e7\u00f5es de<br \/>\nassist\u00eancia social que prestam servi\u00e7os de<br \/>\nassist\u00eancia m\u00e9dica, psicol\u00f3gica e social a<br \/>\nindiv\u00edduos em situa\u00e7\u00e3o de vulnerabilidade<br \/>\nsocioecon\u00f4mica e d\u00e1 outras provid\u00eancias.<br \/>\nO Congresso Nacional decreta:<br \/>\nArt. 1\u00ba Fica institu\u00eddo o Selo Social para entidades e<br \/>\norganiza\u00e7\u00f5es de assist\u00eancia social, a que se refere a Lei n\u00ba 8.742, de 7 de<br \/>\ndezembro de 1993, que prestam servi\u00e7os de assist\u00eancia m\u00e9dica, psicol\u00f3gica e<br \/>\nsocial a indiv\u00edduos em situa\u00e7\u00e3o de vulnerabilidade socioecon\u00f4mica, contribuindo<br \/>\npara a celeridade na concess\u00e3o de benef\u00edcios previdenci\u00e1rios junto ao Instituto<br \/>\nNacional do Seguro Social (INSS).<br \/>\nArt. 2\u00ba O Selo Social ser\u00e1 concedido \u00e0s organiza\u00e7\u00f5es de<br \/>\nassist\u00eancia social que cumprirem os seguintes requisitos:<br \/>\nI- estar regularmente constitu\u00edda e em funcionamento h\u00e1 pelo<br \/>\nmenos dois anos;<br \/>\nII-  possuir equipe multidisciplinar composta por profissionais<br \/>\ndas \u00e1reas de sa\u00fade, assist\u00eancia social e jur\u00eddica;<br \/>\nIII- estabelecer parceria formal com o INSS para a emiss\u00e3o de<br \/>\nlaudos e documentos com todas as informa\u00e7\u00f5es e exames necess\u00e1rios para<br \/>\nan\u00e1lise de benef\u00edcios previdenci\u00e1rios;<br \/>\nIV- comprovar a capacita\u00e7\u00e3o de seus profissionais para<br \/>\nelabora\u00e7\u00e3o de laudos periciais conforme as exig\u00eancias do INSS;<br \/>\nV- manter registros atualizados sobre os atendimentos<br \/>\nPara verificar a assinatura, acesse https:\/\/infoleg-autenticidade-assinatura.camara.leg.br\/CD254299565400<br \/>\nprestados e encaminhamentos realizados ao INSS.<br \/>\nAssinado eletronicamente pelo(a) Dep. Rodrigo Valadares<br \/>\nApresenta\u00e7\u00e3o: 14\/07\/2025 15:15:04.370 &#8211; Mesa<br \/>\n*CD254299565400* PL n.3370\/2025<br \/>Art. 3\u00b0 A concess\u00e3o do Selo Social poder\u00e1 ser realizada por meio<br \/>\nde um comit\u00ea avaliador, composto por representantes dos seguintes \u00f3rg\u00e3os e<br \/>\nentidades:<br \/>\nI- Minist\u00e9rio da Previd\u00eancia Social;<br \/>\nII- Instituto Nacional do Seguro Social (INSS);<br \/>\nIII- Conselho Nacional de Assist\u00eancia Social (CNAS);<br \/>\nIV- Conselho Federal de Medicina (CFM);<br \/>\nV- Conselho Federal de Servi\u00e7o Social (CFESS);<br \/>\nVI- Representante da sociedade civil organizada com atua\u00e7\u00e3o na<br \/>\n\u00e1rea da assist\u00eancia social e dos direitos humanos.<br \/>\nArt. 4\u00b0 O Selo Social ter\u00e1 validade de dois anos, podendo ser<br \/>\nrenovado mediante nova avalia\u00e7\u00e3o do comit\u00ea gestor.<br \/>\nArt. 5\u00b0 As despesas decorrentes da execu\u00e7\u00e3o desta Lei correr\u00e3o<br \/>\npor conta das dota\u00e7\u00f5es or\u00e7ament\u00e1rias pr\u00f3prias, suplementadas se necess\u00e1rio.<br \/>\nArt. 6\u00ba As entidades e organiza\u00e7\u00f5es de assist\u00eancia social<br \/>\ncertificadas com o Selo Social far\u00e3o jus a acesso priorit\u00e1rio a linhas de cr\u00e9dito e<br \/>\nincentivos financeiros para moderniza\u00e7\u00e3o das instala\u00e7\u00f5es, conforme<br \/>\nregulamenta\u00e7\u00e3o do Poder Executivo.<br \/>\nArt. 7\u00ba Esta Lei entra em vigor na data de sua publica\u00e7\u00e3o.<br \/>\nJUSTIFICATIVA<br \/>\nO presente Projeto de Lei tem por objetivo instituir o Selo Social<br \/>\npara entidades e organiza\u00e7\u00f5es de assist\u00eancia social referidas na Lei n\u00ba 8.742, de<br \/>\n7 de dezembro de 1993, que prestam servi\u00e7os m\u00e9dicos, psicol\u00f3gicos e sociais a<br \/>\npessoas em situa\u00e7\u00e3o de vulnerabilidade socioecon\u00f4mica.<br \/>\nA proposta visa qualificar essas entidades para a emiss\u00e3o de<br \/>\nlaudos e documentos com todas as informa\u00e7\u00f5es exigidas pelo Instituto Nacional<br \/>\ndo Seguro Social (INSS), de modo a permitir a correta aprecia\u00e7\u00e3o de pedidos de<br \/>\nbenef\u00edcios previdenci\u00e1rios, sem a necessidade de sucessivas exig\u00eancias e<br \/>\ncomplementa\u00e7\u00f5es, que frequentemente resultam em atrasos, deslocamentos e<br \/>\nPara verificar a assinatura, acesse https:\/\/infoleg-autenticidade-assinatura.camara.leg.br\/CD254299565400<br \/>\nAssinado eletronicamente pelo(a) Dep. Rodrigo Valadares<br \/>\nApresenta\u00e7\u00e3o: 14\/07\/2025 15:15:04.370 &#8211; Mesa<br \/>\n*CD254299565400* PL n.3370\/2025<br \/>novos agendamentos, tanto para consultas m\u00e9dicas quanto para a entrega de<br \/>\ndocumentos.<br \/>\nCom o reconhecimento e certifica\u00e7\u00e3o por meio do Selo Social,<br \/>\nbusca-se garantir que as entidades j\u00e1 elaborem os documentos em conformidade<br \/>\ncom os crit\u00e9rios t\u00e9cnicos utilizados pelo INSS, ainda que a decis\u00e3o final seja de<br \/>\ncompet\u00eancia exclusiva do Perito M\u00e9dico da Previd\u00eancia Social. Al\u00e9m disso, essas<br \/>\norganiza\u00e7\u00f5es poder\u00e3o prestar apoio jur\u00eddico aos benefici\u00e1rios, quando<br \/>\nnecess\u00e1rio.<br \/>\nTal medida contribuir\u00e1 significativamente para a celeridade na<br \/>\nan\u00e1lise e concess\u00e3o de benef\u00edcios como aposentadoria por invalidez, aux\u00edlio-<br \/>\ndoen\u00e7a e Benef\u00edcio de Presta\u00e7\u00e3o Continuada (BPC\/LOAS), assegurando maior<br \/>\nefetividade no acesso aos direitos previdenci\u00e1rios por parte da popula\u00e7\u00e3o em<br \/>\nsitua\u00e7\u00e3o de risco social.<br \/>\nDessa forma, diante da burocracia enfrentada por in\u00fameros<br \/>\nsegurados e da morosidade nos tr\u00e2mites administrativos, a parceria entre o INSS<br \/>\ne entidades certificadas tende a reduzir a necessidade de per\u00edcias adicionais,<br \/>\npromovendo um processo mais eficiente e humanizado.<br \/>\n\u00c0 vista do exposto, solicito o apoio dos Nobres Parlamentares<br \/>\npara a aprova\u00e7\u00e3o desta relevante iniciativa legislativa.<br \/>\n        Sala das Sess\u00f5es, 14 de julho de 2025.<br \/>\nRODRIGO VALADARES<br \/>\nDEPUTADO FEDERAL \u2013 UNI\u00c3O\/SE<br \/>\nPara verificar a assinatura, acesse https:\/\/infoleg-autenticidade-assinatura.camara.leg.br\/CD254299565400<br \/>\nAssinado eletronicamente pelo(a) Dep. Rodrigo Valadares<br \/>\nApresenta\u00e7\u00e3o: 14\/07\/2025 15:15:04.370 &#8211; Mesa<br \/>\n*CD254299565400* PL n.3370\/2025<br \/>Para verificar a assinatura, acesse https:\/\/infoleg-autenticidade-assinatura.camara.leg.br\/CD254299565400<br \/>\nAssinado eletronicamente pelo(a) Dep. Rodrigo Valadares<br \/>\nApresenta\u00e7\u00e3o: 14\/07\/2025 15:15:04.370 &#8211; Mesa<br \/>\n*CD254299565400* PL n.3370\/2025<\/article>\n<p><a href='https:\/\/app.legislapp.com.br\/#\/busca?termo=Cria\u00e7\u00e3o'>Cria\u00e7\u00e3o<\/a>, <a href='https:\/\/app.legislapp.com.br\/#\/busca?termo=Selo Social'>Selo Social<\/a>, <a href='https:\/\/app.legislapp.com.br\/#\/busca?termo=entidade'>entidade<\/a>, <a href='https:\/\/app.legislapp.com.br\/#\/busca?termo=organiza\u00e7\u00e3o'>organiza\u00e7\u00e3o<\/a>, <a href='https:\/\/app.legislapp.com.br\/#\/busca?termo=assist\u00eancia social'>assist\u00eancia social<\/a>, <a href='https:\/\/app.legislapp.com.br\/#\/busca?termo=assist\u00eancia m\u00e9dica'>assist\u00eancia m\u00e9dica<\/a>, <a href='https:\/\/app.legislapp.com.br\/#\/busca?termo=assist\u00eancia psicol\u00f3gica'>assist\u00eancia psicol\u00f3gica<\/a>, <a href='https:\/\/app.legislapp.com.br\/#\/busca?termo=assist\u00eancia jur\u00eddica'>assist\u00eancia jur\u00eddica<\/a>, <a href='https:\/\/app.legislapp.com.br\/#\/busca?termo=popula\u00e7\u00e3o em situa\u00e7\u00e3o de vulnerabilidade social'>popula\u00e7\u00e3o em situa\u00e7\u00e3o de vulnerabilidade social<\/a>, <a href='https:\/\/app.legislapp.com.br\/#\/busca?termo=facilita\u00e7\u00e3o'>facilita\u00e7\u00e3o<\/a>, <a href='https:\/\/app.legislapp.com.br\/#\/busca?termo=benef\u00edcio previdenci\u00e1rio'>benef\u00edcio previdenci\u00e1rio<\/a>, <a href='https:\/\/app.legislapp.com.br\/#\/busca?termo=Instituto Nacional do Seguro Social (INSS)'>Instituto Nacional do Seguro Social (INSS)<\/a>, <a href='https:\/\/app.legislapp.com.br\/#\/busca?termo=diretrizes'>diretrizes<\/a>, <a href='https:\/\/app.legislapp.com.br\/#\/busca?termo=Direitos humanos'>Direitos humanos<\/a>, <a href='https:\/\/app.legislapp.com.br\/#\/busca?termo=prioridade'>prioridade<\/a>, <a href='https:\/\/app.legislapp.com.br\/#\/busca?termo=linha de cr\u00e9dito'>linha de cr\u00e9dito<\/a>, <a href='https:\/\/app.legislapp.com.br\/#\/busca?termo=incentivo financeiro.'>incentivo financeiro.<\/a><\/p>\n<div style=\"text-align: center\">\n      <img decoding=\"async\" style=\"width: 14%;\" src=\"https:\/\/www.legislapp.com.br\/wp-content\/uploads\/2021\/07\/Logo-Legislapp-1-03-1.png\"><br \/>\n      <\/p>\n<div style=\"margin-bottom: 20px;\" class=\"et_pb_button_module_wrapper et_pb_button_5_tb_body_wrapper et_pb_button_alignment_center et_pb_module \">\n         <a class=\"et_pb_button et_pb_button_5_tb_body et_hover_enabled et_pb_bg_layout_dark\" style=\"width: 50%;background-color: black;\" href=\"https:\/\/app.legislapp.com.br\" target=\"_blank\" rel=\"noopener\">Visualizar completo na nossa plataforma (30 dias gr\u00e1tis)<\/a><\/p><\/div>\n<p>      <a href=\"https:\/\/play.google.com\/store\/apps\/details?id=br.com.legislapp\"><img decoding=\"async\" style=\"width: 15%; min-width: 130px;\" src=\"https:\/\/www.legislapp.com.br\/wp-content\/uploads\/google-play.png\"><\/a><br \/>\n      <a href=\"https:\/\/apps.apple.com\/us\/app\/legislapp\/id1568929859\"><img decoding=\"async\" style=\"width: 15%; min-width: 130px\" src=\"https:\/\/www.legislapp.com.br\/wp-content\/uploads\/apple-store.png\"><\/a>\n   <\/div>\n","protected":false},"excerpt":{"rendered":"<p>Avulso Inicial &#8211; Autoria de Rodrigo Valadares PROJETO DE LEI N\u00ba , DE 2025 (Do Sr. RODRIGO VALADARES) Disp\u00f5e sobre a cria\u00e7\u00e3o do selo social para cl\u00ednicas de entidades e organiza\u00e7\u00f5es de assist\u00eancia social que prestam servi\u00e7os de assist\u00eancia m\u00e9dica, psicol\u00f3gica e social a indiv\u00edduos em situa\u00e7\u00e3o de vulnerabilidade socioecon\u00f4mica e d\u00e1 outras provid\u00eancias. O [&hellip;]<\/p>\n","protected":false},"author":1,"featured_media":0,"parent":0,"menu_order":0,"comment_status":"closed","ping_status":"closed","template":"page-template-blank.php","meta":{"_et_pb_use_builder":"","_et_pb_old_content":"","_et_gb_content_width":"1080","ngg_post_thumbnail":0,"footnotes":""},"class_list":["post-9860","page","type-page","status-publish","hentry"],"yoast_head":"<!-- This site is optimized with the Yoast SEO plugin v24.4 - https:\/\/yoast.com\/wordpress\/plugins\/seo\/ -->\n<title>Avulso Inicial - PL 3370\/2025 - C\u00e2mara - Legislapp<\/title>\n<meta name=\"robots\" content=\"index, follow, max-snippet:-1, max-image-preview:large, max-video-preview:-1\" \/>\n<link rel=\"canonical\" href=\"https:\/\/www.legislapp.com.br\/index.php\/avulso-inicial-pl-3370-2025-camara\/\" \/>\n<meta property=\"og:locale\" content=\"pt_BR\" \/>\n<meta property=\"og:type\" content=\"article\" \/>\n<meta property=\"og:title\" content=\"Avulso Inicial - PL 3370\/2025 - C\u00e2mara - Legislapp\" \/>\n<meta property=\"og:description\" content=\"Avulso Inicial &#8211; Autoria de Rodrigo Valadares PROJETO DE LEI N\u00ba , DE 2025 (Do Sr. RODRIGO VALADARES) Disp\u00f5e sobre a cria\u00e7\u00e3o do selo social para cl\u00ednicas de entidades e organiza\u00e7\u00f5es de assist\u00eancia social que prestam servi\u00e7os de assist\u00eancia m\u00e9dica, psicol\u00f3gica e social a indiv\u00edduos em situa\u00e7\u00e3o de vulnerabilidade socioecon\u00f4mica e d\u00e1 outras provid\u00eancias. O [&hellip;]\" \/>\n<meta property=\"og:url\" content=\"https:\/\/www.legislapp.com.br\/index.php\/avulso-inicial-pl-3370-2025-camara\/\" \/>\n<meta property=\"og:site_name\" content=\"Legislapp\" \/>\n<meta property=\"article:publisher\" content=\"https:\/\/www.instagram.com\/legislapp\/\" \/>\n<meta property=\"og:image\" content=\"https:\/\/www.legislapp.com.br\/wp-content\/uploads\/2021\/07\/Logo-Legislapp-1-03-1.png\" \/>\n<meta name=\"twitter:card\" content=\"summary_large_image\" \/>\n<meta name=\"twitter:label1\" content=\"Est. tempo de leitura\" \/>\n\t<meta name=\"twitter:data1\" content=\"5 minutos\" \/>\n<script type=\"application\/ld+json\" class=\"yoast-schema-graph\">{\"@context\":\"https:\/\/schema.org\",\"@graph\":[{\"@type\":\"WebPage\",\"@id\":\"https:\/\/www.legislapp.com.br\/index.php\/avulso-inicial-pl-3370-2025-camara\/\",\"url\":\"https:\/\/www.legislapp.com.br\/index.php\/avulso-inicial-pl-3370-2025-camara\/\",\"name\":\"Avulso Inicial - PL 3370\/2025 - C\u00e2mara - Legislapp\",\"isPartOf\":{\"@id\":\"https:\/\/www.legislapp.com.br\/#website\"},\"primaryImageOfPage\":{\"@id\":\"https:\/\/www.legislapp.com.br\/index.php\/avulso-inicial-pl-3370-2025-camara\/#primaryimage\"},\"image\":{\"@id\":\"https:\/\/www.legislapp.com.br\/index.php\/avulso-inicial-pl-3370-2025-camara\/#primaryimage\"},\"thumbnailUrl\":\"https:\/\/www.legislapp.com.br\/wp-content\/uploads\/2021\/07\/Logo-Legislapp-1-03-1.png\",\"datePublished\":\"2025-12-01T13:46:29+00:00\",\"breadcrumb\":{\"@id\":\"https:\/\/www.legislapp.com.br\/index.php\/avulso-inicial-pl-3370-2025-camara\/#breadcrumb\"},\"inLanguage\":\"pt-BR\",\"potentialAction\":[{\"@type\":\"ReadAction\",\"target\":[\"https:\/\/www.legislapp.com.br\/index.php\/avulso-inicial-pl-3370-2025-camara\/\"]}]},{\"@type\":\"ImageObject\",\"inLanguage\":\"pt-BR\",\"@id\":\"https:\/\/www.legislapp.com.br\/index.php\/avulso-inicial-pl-3370-2025-camara\/#primaryimage\",\"url\":\"https:\/\/www.legislapp.com.br\/wp-content\/uploads\/2021\/07\/Logo-Legislapp-1-03-1.png\",\"contentUrl\":\"https:\/\/www.legislapp.com.br\/wp-content\/uploads\/2021\/07\/Logo-Legislapp-1-03-1.png\",\"width\":2679,\"height\":2697},{\"@type\":\"BreadcrumbList\",\"@id\":\"https:\/\/www.legislapp.com.br\/index.php\/avulso-inicial-pl-3370-2025-camara\/#breadcrumb\",\"itemListElement\":[{\"@type\":\"ListItem\",\"position\":1,\"name\":\"In\u00edcio\",\"item\":\"https:\/\/www.legislapp.com.br\/\"},{\"@type\":\"ListItem\",\"position\":2,\"name\":\"Avulso Inicial &#8211; PL 3370\/2025 &#8211; C\u00e2mara\"}]},{\"@type\":\"WebSite\",\"@id\":\"https:\/\/www.legislapp.com.br\/#website\",\"url\":\"https:\/\/www.legislapp.com.br\/\",\"name\":\"Legislapp\",\"description\":\"Intelig\u00eancia governamental em tempo real\",\"publisher\":{\"@id\":\"https:\/\/www.legislapp.com.br\/#organization\"},\"potentialAction\":[{\"@type\":\"SearchAction\",\"target\":{\"@type\":\"EntryPoint\",\"urlTemplate\":\"https:\/\/www.legislapp.com.br\/?s={search_term_string}\"},\"query-input\":{\"@type\":\"PropertyValueSpecification\",\"valueRequired\":true,\"valueName\":\"search_term_string\"}}],\"inLanguage\":\"pt-BR\"},{\"@type\":\"Organization\",\"@id\":\"https:\/\/www.legislapp.com.br\/#organization\",\"name\":\"Legislapp Monitoramento e Intelig\u00eancia Governamental\",\"url\":\"https:\/\/www.legislapp.com.br\/\",\"logo\":{\"@type\":\"ImageObject\",\"inLanguage\":\"pt-BR\",\"@id\":\"https:\/\/www.legislapp.com.br\/#\/schema\/logo\/image\/\",\"url\":\"https:\/\/www.legislapp.com.br\/wp-content\/uploads\/icon.png\",\"contentUrl\":\"https:\/\/www.legislapp.com.br\/wp-content\/uploads\/icon.png\",\"width\":1024,\"height\":1024,\"caption\":\"Legislapp Monitoramento e Intelig\u00eancia Governamental\"},\"image\":{\"@id\":\"https:\/\/www.legislapp.com.br\/#\/schema\/logo\/image\/\"},\"sameAs\":[\"https:\/\/www.instagram.com\/legislapp\/\"]}]}<\/script>\n<!-- \/ Yoast SEO plugin. -->","yoast_head_json":{"title":"Avulso Inicial - PL 3370\/2025 - C\u00e2mara - Legislapp","robots":{"index":"index","follow":"follow","max-snippet":"max-snippet:-1","max-image-preview":"max-image-preview:large","max-video-preview":"max-video-preview:-1"},"canonical":"https:\/\/www.legislapp.com.br\/index.php\/avulso-inicial-pl-3370-2025-camara\/","og_locale":"pt_BR","og_type":"article","og_title":"Avulso Inicial - PL 3370\/2025 - C\u00e2mara - Legislapp","og_description":"Avulso Inicial &#8211; Autoria de Rodrigo Valadares PROJETO DE LEI N\u00ba , DE 2025 (Do Sr. RODRIGO VALADARES) Disp\u00f5e sobre a cria\u00e7\u00e3o do selo social para cl\u00ednicas de entidades e organiza\u00e7\u00f5es de assist\u00eancia social que prestam servi\u00e7os de assist\u00eancia m\u00e9dica, psicol\u00f3gica e social a indiv\u00edduos em situa\u00e7\u00e3o de vulnerabilidade socioecon\u00f4mica e d\u00e1 outras provid\u00eancias. O [&hellip;]","og_url":"https:\/\/www.legislapp.com.br\/index.php\/avulso-inicial-pl-3370-2025-camara\/","og_site_name":"Legislapp","article_publisher":"https:\/\/www.instagram.com\/legislapp\/","og_image":[{"url":"https:\/\/www.legislapp.com.br\/wp-content\/uploads\/2021\/07\/Logo-Legislapp-1-03-1.png","type":"","width":"","height":""}],"twitter_card":"summary_large_image","twitter_misc":{"Est. tempo de leitura":"5 minutos"},"schema":{"@context":"https:\/\/schema.org","@graph":[{"@type":"WebPage","@id":"https:\/\/www.legislapp.com.br\/index.php\/avulso-inicial-pl-3370-2025-camara\/","url":"https:\/\/www.legislapp.com.br\/index.php\/avulso-inicial-pl-3370-2025-camara\/","name":"Avulso Inicial - PL 3370\/2025 - C\u00e2mara - Legislapp","isPartOf":{"@id":"https:\/\/www.legislapp.com.br\/#website"},"primaryImageOfPage":{"@id":"https:\/\/www.legislapp.com.br\/index.php\/avulso-inicial-pl-3370-2025-camara\/#primaryimage"},"image":{"@id":"https:\/\/www.legislapp.com.br\/index.php\/avulso-inicial-pl-3370-2025-camara\/#primaryimage"},"thumbnailUrl":"https:\/\/www.legislapp.com.br\/wp-content\/uploads\/2021\/07\/Logo-Legislapp-1-03-1.png","datePublished":"2025-12-01T13:46:29+00:00","breadcrumb":{"@id":"https:\/\/www.legislapp.com.br\/index.php\/avulso-inicial-pl-3370-2025-camara\/#breadcrumb"},"inLanguage":"pt-BR","potentialAction":[{"@type":"ReadAction","target":["https:\/\/www.legislapp.com.br\/index.php\/avulso-inicial-pl-3370-2025-camara\/"]}]},{"@type":"ImageObject","inLanguage":"pt-BR","@id":"https:\/\/www.legislapp.com.br\/index.php\/avulso-inicial-pl-3370-2025-camara\/#primaryimage","url":"https:\/\/www.legislapp.com.br\/wp-content\/uploads\/2021\/07\/Logo-Legislapp-1-03-1.png","contentUrl":"https:\/\/www.legislapp.com.br\/wp-content\/uploads\/2021\/07\/Logo-Legislapp-1-03-1.png","width":2679,"height":2697},{"@type":"BreadcrumbList","@id":"https:\/\/www.legislapp.com.br\/index.php\/avulso-inicial-pl-3370-2025-camara\/#breadcrumb","itemListElement":[{"@type":"ListItem","position":1,"name":"In\u00edcio","item":"https:\/\/www.legislapp.com.br\/"},{"@type":"ListItem","position":2,"name":"Avulso Inicial &#8211; PL 3370\/2025 &#8211; C\u00e2mara"}]},{"@type":"WebSite","@id":"https:\/\/www.legislapp.com.br\/#website","url":"https:\/\/www.legislapp.com.br\/","name":"Legislapp","description":"Intelig\u00eancia governamental em tempo real","publisher":{"@id":"https:\/\/www.legislapp.com.br\/#organization"},"potentialAction":[{"@type":"SearchAction","target":{"@type":"EntryPoint","urlTemplate":"https:\/\/www.legislapp.com.br\/?s={search_term_string}"},"query-input":{"@type":"PropertyValueSpecification","valueRequired":true,"valueName":"search_term_string"}}],"inLanguage":"pt-BR"},{"@type":"Organization","@id":"https:\/\/www.legislapp.com.br\/#organization","name":"Legislapp Monitoramento e Intelig\u00eancia Governamental","url":"https:\/\/www.legislapp.com.br\/","logo":{"@type":"ImageObject","inLanguage":"pt-BR","@id":"https:\/\/www.legislapp.com.br\/#\/schema\/logo\/image\/","url":"https:\/\/www.legislapp.com.br\/wp-content\/uploads\/icon.png","contentUrl":"https:\/\/www.legislapp.com.br\/wp-content\/uploads\/icon.png","width":1024,"height":1024,"caption":"Legislapp Monitoramento e Intelig\u00eancia Governamental"},"image":{"@id":"https:\/\/www.legislapp.com.br\/#\/schema\/logo\/image\/"},"sameAs":["https:\/\/www.instagram.com\/legislapp\/"]}]}},"_links":{"self":[{"href":"https:\/\/www.legislapp.com.br\/index.php\/wp-json\/wp\/v2\/pages\/9860","targetHints":{"allow":["GET"]}}],"collection":[{"href":"https:\/\/www.legislapp.com.br\/index.php\/wp-json\/wp\/v2\/pages"}],"about":[{"href":"https:\/\/www.legislapp.com.br\/index.php\/wp-json\/wp\/v2\/types\/page"}],"author":[{"embeddable":true,"href":"https:\/\/www.legislapp.com.br\/index.php\/wp-json\/wp\/v2\/users\/1"}],"replies":[{"embeddable":true,"href":"https:\/\/www.legislapp.com.br\/index.php\/wp-json\/wp\/v2\/comments?post=9860"}],"version-history":[{"count":0,"href":"https:\/\/www.legislapp.com.br\/index.php\/wp-json\/wp\/v2\/pages\/9860\/revisions"}],"wp:attachment":[{"href":"https:\/\/www.legislapp.com.br\/index.php\/wp-json\/wp\/v2\/media?parent=9860"}],"curies":[{"name":"wp","href":"https:\/\/api.w.org\/{rel}","templated":true}]}}