{"id":9864,"date":"2025-12-01T10:46:47","date_gmt":"2025-12-01T13:46:47","guid":{"rendered":"https:\/\/www.legislapp.com.br\/index.php\/avulso-inicial-pl-3731-2025-camara\/"},"modified":"2025-12-01T10:46:47","modified_gmt":"2025-12-01T13:46:47","slug":"avulso-inicial-pl-3731-2025-camara","status":"publish","type":"page","link":"https:\/\/www.legislapp.com.br\/index.php\/avulso-inicial-pl-3731-2025-camara\/","title":{"rendered":"Avulso Inicial &#8211; PL 3731\/2025 &#8211; C\u00e2mara"},"content":{"rendered":"<h1 style='text-align: center;'>Avulso Inicial &#8211; Autoria de Jonas Donizette<\/h3>\n<p><\/p>\n<article>PROJETO DE LEI N\u00ba          , DE 2025<br \/>\n(Do Sr. JONAS DONIZETTE)<br \/>\nDisp\u00f5e sobre a proibi\u00e7\u00e3o de o ju\u00edzo<br \/>\narbitral processar e efetivar a a\u00e7\u00e3o de<br \/>\ndespejo.<br \/>\nO Congresso Nacional decreta:<br \/>\nArt. 1\u00ba Esta lei altera n\u00b0 8.245, de 18 de outubro de 1991, que<br \/>\ndisp\u00f5e sobre as loca\u00e7\u00f5es dos im\u00f3veis urbanos e os procedimentos a<br \/>\nelas pertinentes, para vedar que a a\u00e7\u00e3o de despejo seja levada a cabo pelo<br \/>\nju\u00edzo arbitral.<br \/>\nArt. 2\u00b0 O art. 5\u00b0 da Lei n\u00b0 8.245, de 1991, passa a vigorar com<br \/>\na seguinte reda\u00e7\u00e3o:<br \/>\n\u201cArt. 5\u00b0 (&#8230;)<br \/>\n\u00a7 1\u00b0 O disposto neste artigo n\u00e3o se aplica se a loca\u00e7\u00e3o termina<br \/>\nem decorr\u00eancia de desapropria\u00e7\u00e3o, com a imiss\u00e3o do expropriante na posse do<br \/>\nim\u00f3vel.<br \/>\n\u00a7 2\u00ba \u00c9 vedada a utiliza\u00e7\u00e3o da arbitragem para promover a a\u00e7\u00e3o<br \/>\nde despejo.\u201d<br \/>\nArt. 3\u00b0 Esta lei entra em vigor na data de sua publica\u00e7\u00e3o<br \/>\nJUSTIFICA\u00c7\u00c3O<br \/>\nO presente projeto de lei tem por objetivo assegurar que a a\u00e7\u00e3o<br \/>\nde despejo, dado seu car\u00e1ter essencialmente execut\u00f3rio, seja processada e<br \/>\nefetivada exclusivamente pelo Poder Judici\u00e1rio, vedando sua submiss\u00e3o ao<br \/>\nju\u00edzo arbitral.<br \/>\nPara verificar a assinatura, acesse https:\/\/infoleg-autenticidade-assinatura.camara.leg.br\/CD259155225900<br \/>\nAssinado eletronicamente pelo(a) Dep. Jonas Donizette<br \/>\nApresenta\u00e7\u00e3o: 06\/08\/2025 09:33:15.120 &#8211; Mesa<br \/>\n*CD259155225900* PL n.3731\/2025<br \/>2<br \/>\nA arbitragem, disciplinada pela Lei n\u00ba 9.307\/1996, constitui um<br \/>\nimportante meio alternativo de resolu\u00e7\u00e3o de conflitos, permitindo que as partes,<br \/>\npor meio de conven\u00e7\u00e3o privada, submetam suas controv\u00e9rsias ao julgamento<br \/>\nde \u00e1rbitros. \u00c9 amplamente reconhecida como um mecanismo eficiente e c\u00e9lere<br \/>\npara a resolu\u00e7\u00e3o de conflitos, especialmente aqueles que envolvem direitos<br \/>\ndispon\u00edveis.<br \/>\nNo entanto, \u00e9 fundamental reconhecer que existem limita\u00e7\u00f5es<br \/>\nintr\u00ednsecas \u00e0 jurisdi\u00e7\u00e3o arbitral, especialmente no que tange \u00e0s medidas de<br \/>\nnatureza execut\u00f3ria. O ju\u00edzo arbitral tem atua\u00e7\u00e3o limitada pela aus\u00eancia de<br \/>\npoderes coercitivos, necess\u00e1rios para a execu\u00e7\u00e3o de medidas satisfativas,<br \/>\ncomo as exigidas em a\u00e7\u00f5es de despejo.<br \/>\nA a\u00e7\u00e3o de despejo, por sua pr\u00f3pria natureza, demanda a<br \/>\nimplementa\u00e7\u00e3o de medidas coercitivas, como a ordem de desocupa\u00e7\u00e3o for\u00e7ada<br \/>\ndo im\u00f3vel, a restitui\u00e7\u00e3o do bem ao locador e a eventual necessidade de uso de<br \/>\nfor\u00e7a policial para garantir o cumprimento da decis\u00e3o. Tais caracter\u00edsticas<br \/>\nevidenciam que esse tipo de procedimento n\u00e3o pode ser adequadamente<br \/>\nprocessado e efetivado pela via arbitral, que carece dos poderes necess\u00e1rios<br \/>\npara tanto.<br \/>\nO recente caso julgado pela 2\u00aa Vara Empresarial e de Conflitos<br \/>\nde Arbitragem do Tribunal de Justi\u00e7a do Estado de S\u00e3o Paulo refor\u00e7a essa<br \/>\nlimita\u00e7\u00e3o. A decis\u00e3o anulou um despejo determinado por senten\u00e7a arbitral,<br \/>\nargumentando que a cl\u00e1usula compromiss\u00f3ria foi imposta ao locat\u00e1rio sem o<br \/>\ndevido destaque contratual e que a rela\u00e7\u00e3o entre locador e locat\u00e1rio,<br \/>\nintermediada por plataforma digital, caracteriza uma rela\u00e7\u00e3o de consumo. O<br \/>\nmagistrado entendeu que a arbitragem compuls\u00f3ria imposta ao inquilino viola<br \/>\nprinc\u00edpios do C\u00f3digo de Defesa do Consumidor (CDC) e que o Poder Judici\u00e1rio<br \/>\ndeve garantir a adequada prote\u00e7\u00e3o dos direitos fundamentais do locat\u00e1rio.<br \/>\nAl\u00e9m disso, um levantamento recente indicou que, entre 2023 e<br \/>\n2024, das 32 decis\u00f5es estaduais sobre a mat\u00e9ria, oito anularam senten\u00e7as<br \/>\narbitrais que determinaram despejos. A aplica\u00e7\u00e3o equivocada de precedentes<br \/>\ndo Superior Tribunal de Justi\u00e7a (STJ) tem sido mencionada como um dos<br \/>\nfatores que contribuem para essa inseguran\u00e7a jur\u00eddica, o que refor\u00e7a a<br \/>\nPara verificar a assinatura, acesse https:\/\/infoleg-autenticidade-assinatura.camara.leg.br\/CD259155225900<br \/>\nAssinado eletronicamente pelo(a) Dep. Jonas Donizette<br \/>\nApresenta\u00e7\u00e3o: 06\/08\/2025 09:33:15.120 &#8211; Mesa<br \/>\n*CD259155225900* PL n.3731\/2025<br \/>3<br \/>\nnecessidade de um regramento claro sobre a compet\u00eancia exclusiva do<br \/>\nJudici\u00e1rio para tais a\u00e7\u00f5es.<br \/>\nO presente projeto de lei n\u00e3o visa diminuir a import\u00e2ncia da<br \/>\narbitragem como m\u00e9todo adequado de resolu\u00e7\u00e3o de conflitos, mas sim<br \/>\nestabelecer com clareza os limites de sua atua\u00e7\u00e3o no \u00e2mbito das rela\u00e7\u00f5es<br \/>\nlocat\u00edcias, especificamente quanto \u00e0s a\u00e7\u00f5es de despejo. A medida contribuir\u00e1<br \/>\npara maior seguran\u00e7a jur\u00eddica, evitando questionamentos sobre a compet\u00eancia<br \/>\npara processamento dessas a\u00e7\u00f5es e prevenindo eventuais nulidades<br \/>\nprocessuais.<br \/>\nVale destacar que a altera\u00e7\u00e3o proposta est\u00e1 em harmonia com<br \/>\no sistema processual brasileiro e com os princ\u00edpios que regem tanto o direito<br \/>\nlocat\u00edcio quanto a arbitragem, representando um importante avan\u00e7o na<br \/>\nregulamenta\u00e7\u00e3o da mat\u00e9ria.<br \/>\nPortanto, o projeto tamb\u00e9m traz maior seguran\u00e7a jur\u00eddica ao<br \/>\nestabelecer expressamente a veda\u00e7\u00e3o da arbitragem para a a\u00e7\u00e3o de despejo,<br \/>\npreenchendo uma lacuna normativa e prevenindo controv\u00e9rsias judiciais sobre<br \/>\no tema.<br \/>\nDiante do exposto, solicito o apoio dos nobres parlamentares<br \/>\npara a aprova\u00e7\u00e3o desta importante medida legislativa, que fortalece o papel do<br \/>\nPoder Judici\u00e1rio na tutela dos direitos locat\u00edcios e assegura maior prote\u00e7\u00e3o \u00e0s<br \/>\npartes envolvidas em a\u00e7\u00f5es de despejo.<br \/>\nSala das Sess\u00f5es, em        de                     de 2025.<br \/>\nDeputado JONAS DONIZETTE<br \/>\n2024-17976<br \/>\nPara verificar a assinatura, acesse https:\/\/infoleg-autenticidade-assinatura.camara.leg.br\/CD259155225900<br \/>\nAssinado eletronicamente pelo(a) Dep. Jonas Donizette<br \/>\nApresenta\u00e7\u00e3o: 06\/08\/2025 09:33:15.120 &#8211; Mesa<br \/>\n*CD259155225900* PL n.3731\/2025<\/article>\n<p><a href='https:\/\/app.legislapp.com.br\/#\/busca?termo=Altera\u00e7\u00e3o'>Altera\u00e7\u00e3o<\/a>, <a href='https:\/\/app.legislapp.com.br\/#\/busca?termo=Lei do Inquilinato (1991)'>Lei do Inquilinato (1991)<\/a>, <a href='https:\/\/app.legislapp.com.br\/#\/busca?termo=proibi\u00e7\u00e3o'>proibi\u00e7\u00e3o<\/a>, <a href='https:\/\/app.legislapp.com.br\/#\/busca?termo=Arbitramento judicial'>Arbitramento judicial<\/a>, <a href='https:\/\/app.legislapp.com.br\/#\/busca?termo=A\u00e7\u00e3o de despejo'>A\u00e7\u00e3o de despejo<\/a>, <a href='https:\/\/app.legislapp.com.br\/#\/busca?termo=desocupa\u00e7\u00e3o'>desocupa\u00e7\u00e3o<\/a>, <a href='https:\/\/app.legislapp.com.br\/#\/busca?termo=im\u00f3vel.'>im\u00f3vel.<\/a><\/p>\n<div style=\"text-align: center\">\n      <img decoding=\"async\" style=\"width: 14%;\" src=\"https:\/\/www.legislapp.com.br\/wp-content\/uploads\/2021\/07\/Logo-Legislapp-1-03-1.png\"><br \/>\n      <\/p>\n<div style=\"margin-bottom: 20px;\" class=\"et_pb_button_module_wrapper et_pb_button_5_tb_body_wrapper et_pb_button_alignment_center et_pb_module \">\n         <a class=\"et_pb_button et_pb_button_5_tb_body et_hover_enabled et_pb_bg_layout_dark\" style=\"width: 50%;background-color: black;\" href=\"https:\/\/app.legislapp.com.br\" target=\"_blank\" rel=\"noopener\">Visualizar completo na nossa plataforma (30 dias gr\u00e1tis)<\/a><\/p><\/div>\n<p>      <a href=\"https:\/\/play.google.com\/store\/apps\/details?id=br.com.legislapp\"><img decoding=\"async\" style=\"width: 15%; min-width: 130px;\" src=\"https:\/\/www.legislapp.com.br\/wp-content\/uploads\/google-play.png\"><\/a><br \/>\n      <a href=\"https:\/\/apps.apple.com\/us\/app\/legislapp\/id1568929859\"><img decoding=\"async\" style=\"width: 15%; min-width: 130px\" src=\"https:\/\/www.legislapp.com.br\/wp-content\/uploads\/apple-store.png\"><\/a>\n   <\/div>\n","protected":false},"excerpt":{"rendered":"<p>Avulso Inicial &#8211; Autoria de Jonas Donizette PROJETO DE LEI N\u00ba , DE 2025 (Do Sr. JONAS DONIZETTE) Disp\u00f5e sobre a proibi\u00e7\u00e3o de o ju\u00edzo arbitral processar e efetivar a a\u00e7\u00e3o de despejo. O Congresso Nacional decreta: Art. 1\u00ba Esta lei altera n\u00b0 8.245, de 18 de outubro de 1991, que disp\u00f5e sobre as loca\u00e7\u00f5es [&hellip;]<\/p>\n","protected":false},"author":1,"featured_media":0,"parent":0,"menu_order":0,"comment_status":"closed","ping_status":"closed","template":"page-template-blank.php","meta":{"_et_pb_use_builder":"","_et_pb_old_content":"","_et_gb_content_width":"1080","ngg_post_thumbnail":0,"footnotes":""},"class_list":["post-9864","page","type-page","status-publish","hentry"],"yoast_head":"<!-- This site is optimized with the Yoast SEO plugin v24.4 - https:\/\/yoast.com\/wordpress\/plugins\/seo\/ -->\n<title>Avulso Inicial - PL 3731\/2025 - C\u00e2mara - Legislapp<\/title>\n<meta name=\"robots\" content=\"index, follow, max-snippet:-1, max-image-preview:large, max-video-preview:-1\" \/>\n<link rel=\"canonical\" href=\"https:\/\/www.legislapp.com.br\/index.php\/avulso-inicial-pl-3731-2025-camara\/\" \/>\n<meta property=\"og:locale\" content=\"pt_BR\" \/>\n<meta property=\"og:type\" content=\"article\" \/>\n<meta property=\"og:title\" content=\"Avulso Inicial - PL 3731\/2025 - C\u00e2mara - Legislapp\" \/>\n<meta property=\"og:description\" content=\"Avulso Inicial &#8211; Autoria de Jonas Donizette PROJETO DE LEI N\u00ba , DE 2025 (Do Sr. JONAS DONIZETTE) Disp\u00f5e sobre a proibi\u00e7\u00e3o de o ju\u00edzo arbitral processar e efetivar a a\u00e7\u00e3o de despejo. O Congresso Nacional decreta: Art. 1\u00ba Esta lei altera n\u00b0 8.245, de 18 de outubro de 1991, que disp\u00f5e sobre as loca\u00e7\u00f5es [&hellip;]\" \/>\n<meta property=\"og:url\" content=\"https:\/\/www.legislapp.com.br\/index.php\/avulso-inicial-pl-3731-2025-camara\/\" \/>\n<meta property=\"og:site_name\" content=\"Legislapp\" \/>\n<meta property=\"article:publisher\" content=\"https:\/\/www.instagram.com\/legislapp\/\" \/>\n<meta property=\"og:image\" content=\"https:\/\/www.legislapp.com.br\/wp-content\/uploads\/2021\/07\/Logo-Legislapp-1-03-1.png\" \/>\n<meta name=\"twitter:card\" content=\"summary_large_image\" \/>\n<meta name=\"twitter:label1\" content=\"Est. tempo de leitura\" \/>\n\t<meta name=\"twitter:data1\" content=\"4 minutos\" \/>\n<script type=\"application\/ld+json\" class=\"yoast-schema-graph\">{\"@context\":\"https:\/\/schema.org\",\"@graph\":[{\"@type\":\"WebPage\",\"@id\":\"https:\/\/www.legislapp.com.br\/index.php\/avulso-inicial-pl-3731-2025-camara\/\",\"url\":\"https:\/\/www.legislapp.com.br\/index.php\/avulso-inicial-pl-3731-2025-camara\/\",\"name\":\"Avulso Inicial - PL 3731\/2025 - C\u00e2mara - Legislapp\",\"isPartOf\":{\"@id\":\"https:\/\/www.legislapp.com.br\/#website\"},\"primaryImageOfPage\":{\"@id\":\"https:\/\/www.legislapp.com.br\/index.php\/avulso-inicial-pl-3731-2025-camara\/#primaryimage\"},\"image\":{\"@id\":\"https:\/\/www.legislapp.com.br\/index.php\/avulso-inicial-pl-3731-2025-camara\/#primaryimage\"},\"thumbnailUrl\":\"https:\/\/www.legislapp.com.br\/wp-content\/uploads\/2021\/07\/Logo-Legislapp-1-03-1.png\",\"datePublished\":\"2025-12-01T13:46:47+00:00\",\"breadcrumb\":{\"@id\":\"https:\/\/www.legislapp.com.br\/index.php\/avulso-inicial-pl-3731-2025-camara\/#breadcrumb\"},\"inLanguage\":\"pt-BR\",\"potentialAction\":[{\"@type\":\"ReadAction\",\"target\":[\"https:\/\/www.legislapp.com.br\/index.php\/avulso-inicial-pl-3731-2025-camara\/\"]}]},{\"@type\":\"ImageObject\",\"inLanguage\":\"pt-BR\",\"@id\":\"https:\/\/www.legislapp.com.br\/index.php\/avulso-inicial-pl-3731-2025-camara\/#primaryimage\",\"url\":\"https:\/\/www.legislapp.com.br\/wp-content\/uploads\/2021\/07\/Logo-Legislapp-1-03-1.png\",\"contentUrl\":\"https:\/\/www.legislapp.com.br\/wp-content\/uploads\/2021\/07\/Logo-Legislapp-1-03-1.png\",\"width\":2679,\"height\":2697},{\"@type\":\"BreadcrumbList\",\"@id\":\"https:\/\/www.legislapp.com.br\/index.php\/avulso-inicial-pl-3731-2025-camara\/#breadcrumb\",\"itemListElement\":[{\"@type\":\"ListItem\",\"position\":1,\"name\":\"In\u00edcio\",\"item\":\"https:\/\/www.legislapp.com.br\/\"},{\"@type\":\"ListItem\",\"position\":2,\"name\":\"Avulso Inicial &#8211; PL 3731\/2025 &#8211; C\u00e2mara\"}]},{\"@type\":\"WebSite\",\"@id\":\"https:\/\/www.legislapp.com.br\/#website\",\"url\":\"https:\/\/www.legislapp.com.br\/\",\"name\":\"Legislapp\",\"description\":\"Intelig\u00eancia governamental em tempo real\",\"publisher\":{\"@id\":\"https:\/\/www.legislapp.com.br\/#organization\"},\"potentialAction\":[{\"@type\":\"SearchAction\",\"target\":{\"@type\":\"EntryPoint\",\"urlTemplate\":\"https:\/\/www.legislapp.com.br\/?s={search_term_string}\"},\"query-input\":{\"@type\":\"PropertyValueSpecification\",\"valueRequired\":true,\"valueName\":\"search_term_string\"}}],\"inLanguage\":\"pt-BR\"},{\"@type\":\"Organization\",\"@id\":\"https:\/\/www.legislapp.com.br\/#organization\",\"name\":\"Legislapp Monitoramento e Intelig\u00eancia Governamental\",\"url\":\"https:\/\/www.legislapp.com.br\/\",\"logo\":{\"@type\":\"ImageObject\",\"inLanguage\":\"pt-BR\",\"@id\":\"https:\/\/www.legislapp.com.br\/#\/schema\/logo\/image\/\",\"url\":\"https:\/\/www.legislapp.com.br\/wp-content\/uploads\/icon.png\",\"contentUrl\":\"https:\/\/www.legislapp.com.br\/wp-content\/uploads\/icon.png\",\"width\":1024,\"height\":1024,\"caption\":\"Legislapp Monitoramento e Intelig\u00eancia Governamental\"},\"image\":{\"@id\":\"https:\/\/www.legislapp.com.br\/#\/schema\/logo\/image\/\"},\"sameAs\":[\"https:\/\/www.instagram.com\/legislapp\/\"]}]}<\/script>\n<!-- \/ Yoast SEO plugin. -->","yoast_head_json":{"title":"Avulso Inicial - PL 3731\/2025 - C\u00e2mara - Legislapp","robots":{"index":"index","follow":"follow","max-snippet":"max-snippet:-1","max-image-preview":"max-image-preview:large","max-video-preview":"max-video-preview:-1"},"canonical":"https:\/\/www.legislapp.com.br\/index.php\/avulso-inicial-pl-3731-2025-camara\/","og_locale":"pt_BR","og_type":"article","og_title":"Avulso Inicial - PL 3731\/2025 - C\u00e2mara - Legislapp","og_description":"Avulso Inicial &#8211; Autoria de Jonas Donizette PROJETO DE LEI N\u00ba , DE 2025 (Do Sr. JONAS DONIZETTE) Disp\u00f5e sobre a proibi\u00e7\u00e3o de o ju\u00edzo arbitral processar e efetivar a a\u00e7\u00e3o de despejo. O Congresso Nacional decreta: Art. 1\u00ba Esta lei altera n\u00b0 8.245, de 18 de outubro de 1991, que disp\u00f5e sobre as loca\u00e7\u00f5es [&hellip;]","og_url":"https:\/\/www.legislapp.com.br\/index.php\/avulso-inicial-pl-3731-2025-camara\/","og_site_name":"Legislapp","article_publisher":"https:\/\/www.instagram.com\/legislapp\/","og_image":[{"url":"https:\/\/www.legislapp.com.br\/wp-content\/uploads\/2021\/07\/Logo-Legislapp-1-03-1.png","type":"","width":"","height":""}],"twitter_card":"summary_large_image","twitter_misc":{"Est. tempo de leitura":"4 minutos"},"schema":{"@context":"https:\/\/schema.org","@graph":[{"@type":"WebPage","@id":"https:\/\/www.legislapp.com.br\/index.php\/avulso-inicial-pl-3731-2025-camara\/","url":"https:\/\/www.legislapp.com.br\/index.php\/avulso-inicial-pl-3731-2025-camara\/","name":"Avulso Inicial - PL 3731\/2025 - C\u00e2mara - Legislapp","isPartOf":{"@id":"https:\/\/www.legislapp.com.br\/#website"},"primaryImageOfPage":{"@id":"https:\/\/www.legislapp.com.br\/index.php\/avulso-inicial-pl-3731-2025-camara\/#primaryimage"},"image":{"@id":"https:\/\/www.legislapp.com.br\/index.php\/avulso-inicial-pl-3731-2025-camara\/#primaryimage"},"thumbnailUrl":"https:\/\/www.legislapp.com.br\/wp-content\/uploads\/2021\/07\/Logo-Legislapp-1-03-1.png","datePublished":"2025-12-01T13:46:47+00:00","breadcrumb":{"@id":"https:\/\/www.legislapp.com.br\/index.php\/avulso-inicial-pl-3731-2025-camara\/#breadcrumb"},"inLanguage":"pt-BR","potentialAction":[{"@type":"ReadAction","target":["https:\/\/www.legislapp.com.br\/index.php\/avulso-inicial-pl-3731-2025-camara\/"]}]},{"@type":"ImageObject","inLanguage":"pt-BR","@id":"https:\/\/www.legislapp.com.br\/index.php\/avulso-inicial-pl-3731-2025-camara\/#primaryimage","url":"https:\/\/www.legislapp.com.br\/wp-content\/uploads\/2021\/07\/Logo-Legislapp-1-03-1.png","contentUrl":"https:\/\/www.legislapp.com.br\/wp-content\/uploads\/2021\/07\/Logo-Legislapp-1-03-1.png","width":2679,"height":2697},{"@type":"BreadcrumbList","@id":"https:\/\/www.legislapp.com.br\/index.php\/avulso-inicial-pl-3731-2025-camara\/#breadcrumb","itemListElement":[{"@type":"ListItem","position":1,"name":"In\u00edcio","item":"https:\/\/www.legislapp.com.br\/"},{"@type":"ListItem","position":2,"name":"Avulso Inicial &#8211; PL 3731\/2025 &#8211; C\u00e2mara"}]},{"@type":"WebSite","@id":"https:\/\/www.legislapp.com.br\/#website","url":"https:\/\/www.legislapp.com.br\/","name":"Legislapp","description":"Intelig\u00eancia governamental em tempo real","publisher":{"@id":"https:\/\/www.legislapp.com.br\/#organization"},"potentialAction":[{"@type":"SearchAction","target":{"@type":"EntryPoint","urlTemplate":"https:\/\/www.legislapp.com.br\/?s={search_term_string}"},"query-input":{"@type":"PropertyValueSpecification","valueRequired":true,"valueName":"search_term_string"}}],"inLanguage":"pt-BR"},{"@type":"Organization","@id":"https:\/\/www.legislapp.com.br\/#organization","name":"Legislapp Monitoramento e Intelig\u00eancia Governamental","url":"https:\/\/www.legislapp.com.br\/","logo":{"@type":"ImageObject","inLanguage":"pt-BR","@id":"https:\/\/www.legislapp.com.br\/#\/schema\/logo\/image\/","url":"https:\/\/www.legislapp.com.br\/wp-content\/uploads\/icon.png","contentUrl":"https:\/\/www.legislapp.com.br\/wp-content\/uploads\/icon.png","width":1024,"height":1024,"caption":"Legislapp Monitoramento e Intelig\u00eancia Governamental"},"image":{"@id":"https:\/\/www.legislapp.com.br\/#\/schema\/logo\/image\/"},"sameAs":["https:\/\/www.instagram.com\/legislapp\/"]}]}},"_links":{"self":[{"href":"https:\/\/www.legislapp.com.br\/index.php\/wp-json\/wp\/v2\/pages\/9864","targetHints":{"allow":["GET"]}}],"collection":[{"href":"https:\/\/www.legislapp.com.br\/index.php\/wp-json\/wp\/v2\/pages"}],"about":[{"href":"https:\/\/www.legislapp.com.br\/index.php\/wp-json\/wp\/v2\/types\/page"}],"author":[{"embeddable":true,"href":"https:\/\/www.legislapp.com.br\/index.php\/wp-json\/wp\/v2\/users\/1"}],"replies":[{"embeddable":true,"href":"https:\/\/www.legislapp.com.br\/index.php\/wp-json\/wp\/v2\/comments?post=9864"}],"version-history":[{"count":0,"href":"https:\/\/www.legislapp.com.br\/index.php\/wp-json\/wp\/v2\/pages\/9864\/revisions"}],"wp:attachment":[{"href":"https:\/\/www.legislapp.com.br\/index.php\/wp-json\/wp\/v2\/media?parent=9864"}],"curies":[{"name":"wp","href":"https:\/\/api.w.org\/{rel}","templated":true}]}}