{"id":9870,"date":"2025-12-01T10:47:15","date_gmt":"2025-12-01T13:47:15","guid":{"rendered":"https:\/\/www.legislapp.com.br\/index.php\/avulso-inicial-pl-4169-2025-camara\/"},"modified":"2025-12-01T10:47:15","modified_gmt":"2025-12-01T13:47:15","slug":"avulso-inicial-pl-4169-2025-camara","status":"publish","type":"page","link":"https:\/\/www.legislapp.com.br\/index.php\/avulso-inicial-pl-4169-2025-camara\/","title":{"rendered":"Avulso Inicial &#8211; PL 4169\/2025 &#8211; C\u00e2mara"},"content":{"rendered":"<h1 style='text-align: center;'>Avulso Inicial &#8211; Autoria de Eros Biondini<\/h3>\n<p><\/p>\n<article>C\u00c2MARA DOS DEPUTADOS<br \/>\nGabinete Dep. Federal EROS BIONDINI &#8211; MG<br \/>\nPROJETO DE LEI N\u00ba DE 2025.<br \/>\n(do Sr. EROS BIONDINI)<br \/>\nAltera o art. 32 da Lei n\u00ba<br \/>\n9.605, de 12 de fevereiro de 1998,<br \/>\npara dispor sobre a puni\u00e7\u00e3o<br \/>\nespec\u00edfica em casos de maus-tratos<br \/>\ncontra equ\u00eddeos.<br \/>\nO Congresso Nacional decreta:<br \/>\nArt. 1\u00ba O \u00a7 1\u00ba-A do art. 32 da Lei n\u00ba 9.605, de 12 de fevereiro de<br \/>\n1998, passa a vigorar com a seguinte reda\u00e7\u00e3o:<br \/>\n&#8220;Art. 32&#8230;&#8230;&#8230;&#8230;&#8230;&#8230;&#8230;&#8230;&#8230;&#8230;&#8230;&#8230;&#8230;&#8230;&#8230;&#8230;&#8230;&#8230;&#8230;&#8230;&#8230;&#8230;&#8230;&#8230;&#8230;&#8230;&#8230;&#8230;&#8230;&#8230;&#8230;&#8230;&#8230;&#8230;&#8230;&#8230;&#8230;.<br \/>\n\u201c\u00a71-A\u00ba \u2013 Quando se tratar de c\u00e3o, gato ou equ\u00eddeo, a pena para as condutas<br \/>\ndescritas no caput deste artigo ser\u00e1 de reclus\u00e3o, de 2 (dois) a 5 (cinco) anos,<br \/>\nmulta e proibi\u00e7\u00e3o da guarda.<br \/>\nArt. 2\u00ba Esta Lei entra em vigor na data de sua publica\u00e7\u00e3o.<br \/>\nJUSTIFICA\u00c7\u00c3O<br \/>\nA prote\u00e7\u00e3o \u00e0 vida animal \u00e9 um compromisso \u00e9tico e constitucional,<br \/>\nj\u00e1 reconhecido pelo legislador brasileiro na Lei n\u00ba 9.605\/1998 (Lei de Crimes<br \/>\nAmbientais), que criminaliza atos de abuso, maus-tratos, ferimento ou mutila\u00e7\u00e3o<br \/>\nde animais silvestres, dom\u00e9sticos ou domesticados.<br \/>\nEm 2020, a Lei n\u00ba 14.064 alterou o art. 32 da Lei de Crimes<br \/>\nAmbientais para aumentar a pena nos casos de maus-tratos contra c\u00e3es, gatos e<br \/>\nequ\u00eddeos, reconhecendo a necessidade de tratamento penal mais rigoroso diante<br \/>\nda gravidade desses crimes.<br \/>\nPara verificar a assinatura, acesse https:\/\/infoleg-autenticidade-assinatura.camara.leg.br\/CD251155734600<br \/>\nAssinado eletronicamente pelo(a) Dep. Eros Biondini<br \/>\nApresenta\u00e7\u00e3o: 21\/08\/2025 15:40:42.933 &#8211; MesaApresenta\u00e7\u00e3o: 21\/08\/2025 15:40:42.933 &#8211; Mesa<br \/>\n*CD251155734600**CD251155734600* PL n.4169\/2025PL n.4169\/2025<br \/>C\u00c2MARA DOS DEPUTADOS<br \/>\nGabinete Dep. Federal EROS BIONDINI &#8211; MG<br \/>\nNo entanto, recentes casos de crueldade contra equ\u00eddeos, incluindo<br \/>\npr\u00e1ticas b\u00e1rbaras como o corte de patas de cavalos, demonstram a urg\u00eancia de<br \/>\numa tipifica\u00e7\u00e3o espec\u00edfica que garanta puni\u00e7\u00e3o proporcional e efetiva. Cavalos e<br \/>\noutros equ\u00eddeos desempenham papel hist\u00f3rico e fundamental no Brasil, seja na<br \/>\nagropecu\u00e1ria, no esporte, no transporte ou como companheiros de trabalho e<br \/>\nlazer.<br \/>\nTratar de forma branda crimes de tamanha brutalidade contra esses<br \/>\nanimais \u00e9 ferir os princ\u00edpios de dignidade e prote\u00e7\u00e3o que nossa legisla\u00e7\u00e3o deve<br \/>\nassegurar.<br \/>\nO presente Projeto de Lei busca equiparar a pena para os maus-<br \/>\ntratos cometidos contra equ\u00eddeos \u00e0quela j\u00e1 prevista para c\u00e3es e gatos,<br \/>\nestabelecendo reclus\u00e3o de 2 a 5 anos, multa e proibi\u00e7\u00e3o de guarda.<br \/>\nComo m\u00e9dico veterin\u00e1rio e especialista em equ\u00eddeos, e tendo como<br \/>\ninspira\u00e7\u00e3o a refer\u00eancia paterna no ensino e na pr\u00e1tica da Medicina Veterin\u00e1ria no<br \/>\nBrasil, especialmente nessa \u00e1rea, este Projeto de Lei reafirma o compromisso com<br \/>\na prote\u00e7\u00e3o animal e o combate \u00e0 crueldade.<br \/>\nSala das Sess\u00f5es, em de de<br \/>\n2025<br \/>\nEROS BIONDINI<br \/>\nDeputado Federal<br \/>\nPara verificar a assinatura, acesse https:\/\/infoleg-autenticidade-assinatura.camara.leg.br\/CD251155734600<br \/>\nAssinado eletronicamente pelo(a) Dep. Eros Biondini<br \/>\nApresenta\u00e7\u00e3o: 21\/08\/2025 15:40:42.933 &#8211; MesaApresenta\u00e7\u00e3o: 21\/08\/2025 15:40:42.933 &#8211; Mesa<br \/>\n*CD251155734600**CD251155734600* PL n.4169\/2025PL n.4169\/2025<\/article>\n<p><a href='https:\/\/app.legislapp.com.br\/#\/busca?termo=Altera\u00e7\u00e3o'>Altera\u00e7\u00e3o<\/a>, <a href='https:\/\/app.legislapp.com.br\/#\/busca?termo=Lei dos Crimes Ambientais (1998)'>Lei dos Crimes Ambientais (1998)<\/a>, <a href='https:\/\/app.legislapp.com.br\/#\/busca?termo=penalidade'>penalidade<\/a>, <a href='https:\/\/app.legislapp.com.br\/#\/busca?termo=maus-tratos'>maus-tratos<\/a>, <a href='https:\/\/app.legislapp.com.br\/#\/busca?termo=equino.'>equino.<\/a><\/p>\n<div style=\"text-align: center\">\n      <img decoding=\"async\" style=\"width: 14%;\" src=\"https:\/\/www.legislapp.com.br\/wp-content\/uploads\/2021\/07\/Logo-Legislapp-1-03-1.png\"><br \/>\n      <\/p>\n<div style=\"margin-bottom: 20px;\" class=\"et_pb_button_module_wrapper et_pb_button_5_tb_body_wrapper et_pb_button_alignment_center et_pb_module \">\n         <a class=\"et_pb_button et_pb_button_5_tb_body et_hover_enabled et_pb_bg_layout_dark\" style=\"width: 50%;background-color: black;\" href=\"https:\/\/app.legislapp.com.br\" target=\"_blank\" rel=\"noopener\">Visualizar completo na nossa plataforma (30 dias gr\u00e1tis)<\/a><\/p><\/div>\n<p>      <a href=\"https:\/\/play.google.com\/store\/apps\/details?id=br.com.legislapp\"><img decoding=\"async\" style=\"width: 15%; min-width: 130px;\" src=\"https:\/\/www.legislapp.com.br\/wp-content\/uploads\/google-play.png\"><\/a><br \/>\n      <a href=\"https:\/\/apps.apple.com\/us\/app\/legislapp\/id1568929859\"><img decoding=\"async\" style=\"width: 15%; min-width: 130px\" src=\"https:\/\/www.legislapp.com.br\/wp-content\/uploads\/apple-store.png\"><\/a>\n   <\/div>\n","protected":false},"excerpt":{"rendered":"<p>Avulso Inicial &#8211; Autoria de Eros Biondini C\u00c2MARA DOS DEPUTADOS Gabinete Dep. Federal EROS BIONDINI &#8211; MG PROJETO DE LEI N\u00ba DE 2025. (do Sr. EROS BIONDINI) Altera o art. 32 da Lei n\u00ba 9.605, de 12 de fevereiro de 1998, para dispor sobre a puni\u00e7\u00e3o espec\u00edfica em casos de maus-tratos contra equ\u00eddeos. O Congresso [&hellip;]<\/p>\n","protected":false},"author":1,"featured_media":0,"parent":0,"menu_order":0,"comment_status":"closed","ping_status":"closed","template":"page-template-blank.php","meta":{"_et_pb_use_builder":"","_et_pb_old_content":"","_et_gb_content_width":"1080","ngg_post_thumbnail":0,"footnotes":""},"class_list":["post-9870","page","type-page","status-publish","hentry"],"yoast_head":"<!-- This site is optimized with the Yoast SEO plugin v24.4 - https:\/\/yoast.com\/wordpress\/plugins\/seo\/ -->\n<title>Avulso Inicial - PL 4169\/2025 - C\u00e2mara - Legislapp<\/title>\n<meta name=\"robots\" content=\"index, follow, max-snippet:-1, max-image-preview:large, max-video-preview:-1\" \/>\n<link rel=\"canonical\" href=\"https:\/\/www.legislapp.com.br\/index.php\/avulso-inicial-pl-4169-2025-camara\/\" \/>\n<meta property=\"og:locale\" content=\"pt_BR\" \/>\n<meta property=\"og:type\" content=\"article\" \/>\n<meta property=\"og:title\" content=\"Avulso Inicial - PL 4169\/2025 - C\u00e2mara - Legislapp\" \/>\n<meta property=\"og:description\" content=\"Avulso Inicial &#8211; Autoria de Eros Biondini C\u00c2MARA DOS DEPUTADOS Gabinete Dep. Federal EROS BIONDINI &#8211; MG PROJETO DE LEI N\u00ba DE 2025. (do Sr. EROS BIONDINI) Altera o art. 32 da Lei n\u00ba 9.605, de 12 de fevereiro de 1998, para dispor sobre a puni\u00e7\u00e3o espec\u00edfica em casos de maus-tratos contra equ\u00eddeos. O Congresso [&hellip;]\" \/>\n<meta property=\"og:url\" content=\"https:\/\/www.legislapp.com.br\/index.php\/avulso-inicial-pl-4169-2025-camara\/\" \/>\n<meta property=\"og:site_name\" content=\"Legislapp\" \/>\n<meta property=\"article:publisher\" content=\"https:\/\/www.instagram.com\/legislapp\/\" \/>\n<meta property=\"og:image\" content=\"https:\/\/www.legislapp.com.br\/wp-content\/uploads\/2021\/07\/Logo-Legislapp-1-03-1.png\" \/>\n<meta name=\"twitter:card\" content=\"summary_large_image\" \/>\n<meta name=\"twitter:label1\" content=\"Est. tempo de leitura\" \/>\n\t<meta name=\"twitter:data1\" content=\"2 minutos\" \/>\n<script type=\"application\/ld+json\" class=\"yoast-schema-graph\">{\"@context\":\"https:\/\/schema.org\",\"@graph\":[{\"@type\":\"WebPage\",\"@id\":\"https:\/\/www.legislapp.com.br\/index.php\/avulso-inicial-pl-4169-2025-camara\/\",\"url\":\"https:\/\/www.legislapp.com.br\/index.php\/avulso-inicial-pl-4169-2025-camara\/\",\"name\":\"Avulso Inicial - PL 4169\/2025 - C\u00e2mara - Legislapp\",\"isPartOf\":{\"@id\":\"https:\/\/www.legislapp.com.br\/#website\"},\"primaryImageOfPage\":{\"@id\":\"https:\/\/www.legislapp.com.br\/index.php\/avulso-inicial-pl-4169-2025-camara\/#primaryimage\"},\"image\":{\"@id\":\"https:\/\/www.legislapp.com.br\/index.php\/avulso-inicial-pl-4169-2025-camara\/#primaryimage\"},\"thumbnailUrl\":\"https:\/\/www.legislapp.com.br\/wp-content\/uploads\/2021\/07\/Logo-Legislapp-1-03-1.png\",\"datePublished\":\"2025-12-01T13:47:15+00:00\",\"breadcrumb\":{\"@id\":\"https:\/\/www.legislapp.com.br\/index.php\/avulso-inicial-pl-4169-2025-camara\/#breadcrumb\"},\"inLanguage\":\"pt-BR\",\"potentialAction\":[{\"@type\":\"ReadAction\",\"target\":[\"https:\/\/www.legislapp.com.br\/index.php\/avulso-inicial-pl-4169-2025-camara\/\"]}]},{\"@type\":\"ImageObject\",\"inLanguage\":\"pt-BR\",\"@id\":\"https:\/\/www.legislapp.com.br\/index.php\/avulso-inicial-pl-4169-2025-camara\/#primaryimage\",\"url\":\"https:\/\/www.legislapp.com.br\/wp-content\/uploads\/2021\/07\/Logo-Legislapp-1-03-1.png\",\"contentUrl\":\"https:\/\/www.legislapp.com.br\/wp-content\/uploads\/2021\/07\/Logo-Legislapp-1-03-1.png\",\"width\":2679,\"height\":2697},{\"@type\":\"BreadcrumbList\",\"@id\":\"https:\/\/www.legislapp.com.br\/index.php\/avulso-inicial-pl-4169-2025-camara\/#breadcrumb\",\"itemListElement\":[{\"@type\":\"ListItem\",\"position\":1,\"name\":\"In\u00edcio\",\"item\":\"https:\/\/www.legislapp.com.br\/\"},{\"@type\":\"ListItem\",\"position\":2,\"name\":\"Avulso Inicial &#8211; PL 4169\/2025 &#8211; C\u00e2mara\"}]},{\"@type\":\"WebSite\",\"@id\":\"https:\/\/www.legislapp.com.br\/#website\",\"url\":\"https:\/\/www.legislapp.com.br\/\",\"name\":\"Legislapp\",\"description\":\"Intelig\u00eancia governamental em tempo real\",\"publisher\":{\"@id\":\"https:\/\/www.legislapp.com.br\/#organization\"},\"potentialAction\":[{\"@type\":\"SearchAction\",\"target\":{\"@type\":\"EntryPoint\",\"urlTemplate\":\"https:\/\/www.legislapp.com.br\/?s={search_term_string}\"},\"query-input\":{\"@type\":\"PropertyValueSpecification\",\"valueRequired\":true,\"valueName\":\"search_term_string\"}}],\"inLanguage\":\"pt-BR\"},{\"@type\":\"Organization\",\"@id\":\"https:\/\/www.legislapp.com.br\/#organization\",\"name\":\"Legislapp Monitoramento e Intelig\u00eancia Governamental\",\"url\":\"https:\/\/www.legislapp.com.br\/\",\"logo\":{\"@type\":\"ImageObject\",\"inLanguage\":\"pt-BR\",\"@id\":\"https:\/\/www.legislapp.com.br\/#\/schema\/logo\/image\/\",\"url\":\"https:\/\/www.legislapp.com.br\/wp-content\/uploads\/icon.png\",\"contentUrl\":\"https:\/\/www.legislapp.com.br\/wp-content\/uploads\/icon.png\",\"width\":1024,\"height\":1024,\"caption\":\"Legislapp Monitoramento e Intelig\u00eancia Governamental\"},\"image\":{\"@id\":\"https:\/\/www.legislapp.com.br\/#\/schema\/logo\/image\/\"},\"sameAs\":[\"https:\/\/www.instagram.com\/legislapp\/\"]}]}<\/script>\n<!-- \/ Yoast SEO plugin. -->","yoast_head_json":{"title":"Avulso Inicial - PL 4169\/2025 - C\u00e2mara - Legislapp","robots":{"index":"index","follow":"follow","max-snippet":"max-snippet:-1","max-image-preview":"max-image-preview:large","max-video-preview":"max-video-preview:-1"},"canonical":"https:\/\/www.legislapp.com.br\/index.php\/avulso-inicial-pl-4169-2025-camara\/","og_locale":"pt_BR","og_type":"article","og_title":"Avulso Inicial - PL 4169\/2025 - C\u00e2mara - Legislapp","og_description":"Avulso Inicial &#8211; Autoria de Eros Biondini C\u00c2MARA DOS DEPUTADOS Gabinete Dep. Federal EROS BIONDINI &#8211; MG PROJETO DE LEI N\u00ba DE 2025. (do Sr. EROS BIONDINI) Altera o art. 32 da Lei n\u00ba 9.605, de 12 de fevereiro de 1998, para dispor sobre a puni\u00e7\u00e3o espec\u00edfica em casos de maus-tratos contra equ\u00eddeos. O Congresso [&hellip;]","og_url":"https:\/\/www.legislapp.com.br\/index.php\/avulso-inicial-pl-4169-2025-camara\/","og_site_name":"Legislapp","article_publisher":"https:\/\/www.instagram.com\/legislapp\/","og_image":[{"url":"https:\/\/www.legislapp.com.br\/wp-content\/uploads\/2021\/07\/Logo-Legislapp-1-03-1.png","type":"","width":"","height":""}],"twitter_card":"summary_large_image","twitter_misc":{"Est. tempo de leitura":"2 minutos"},"schema":{"@context":"https:\/\/schema.org","@graph":[{"@type":"WebPage","@id":"https:\/\/www.legislapp.com.br\/index.php\/avulso-inicial-pl-4169-2025-camara\/","url":"https:\/\/www.legislapp.com.br\/index.php\/avulso-inicial-pl-4169-2025-camara\/","name":"Avulso Inicial - PL 4169\/2025 - C\u00e2mara - Legislapp","isPartOf":{"@id":"https:\/\/www.legislapp.com.br\/#website"},"primaryImageOfPage":{"@id":"https:\/\/www.legislapp.com.br\/index.php\/avulso-inicial-pl-4169-2025-camara\/#primaryimage"},"image":{"@id":"https:\/\/www.legislapp.com.br\/index.php\/avulso-inicial-pl-4169-2025-camara\/#primaryimage"},"thumbnailUrl":"https:\/\/www.legislapp.com.br\/wp-content\/uploads\/2021\/07\/Logo-Legislapp-1-03-1.png","datePublished":"2025-12-01T13:47:15+00:00","breadcrumb":{"@id":"https:\/\/www.legislapp.com.br\/index.php\/avulso-inicial-pl-4169-2025-camara\/#breadcrumb"},"inLanguage":"pt-BR","potentialAction":[{"@type":"ReadAction","target":["https:\/\/www.legislapp.com.br\/index.php\/avulso-inicial-pl-4169-2025-camara\/"]}]},{"@type":"ImageObject","inLanguage":"pt-BR","@id":"https:\/\/www.legislapp.com.br\/index.php\/avulso-inicial-pl-4169-2025-camara\/#primaryimage","url":"https:\/\/www.legislapp.com.br\/wp-content\/uploads\/2021\/07\/Logo-Legislapp-1-03-1.png","contentUrl":"https:\/\/www.legislapp.com.br\/wp-content\/uploads\/2021\/07\/Logo-Legislapp-1-03-1.png","width":2679,"height":2697},{"@type":"BreadcrumbList","@id":"https:\/\/www.legislapp.com.br\/index.php\/avulso-inicial-pl-4169-2025-camara\/#breadcrumb","itemListElement":[{"@type":"ListItem","position":1,"name":"In\u00edcio","item":"https:\/\/www.legislapp.com.br\/"},{"@type":"ListItem","position":2,"name":"Avulso Inicial &#8211; PL 4169\/2025 &#8211; C\u00e2mara"}]},{"@type":"WebSite","@id":"https:\/\/www.legislapp.com.br\/#website","url":"https:\/\/www.legislapp.com.br\/","name":"Legislapp","description":"Intelig\u00eancia governamental em tempo real","publisher":{"@id":"https:\/\/www.legislapp.com.br\/#organization"},"potentialAction":[{"@type":"SearchAction","target":{"@type":"EntryPoint","urlTemplate":"https:\/\/www.legislapp.com.br\/?s={search_term_string}"},"query-input":{"@type":"PropertyValueSpecification","valueRequired":true,"valueName":"search_term_string"}}],"inLanguage":"pt-BR"},{"@type":"Organization","@id":"https:\/\/www.legislapp.com.br\/#organization","name":"Legislapp Monitoramento e Intelig\u00eancia Governamental","url":"https:\/\/www.legislapp.com.br\/","logo":{"@type":"ImageObject","inLanguage":"pt-BR","@id":"https:\/\/www.legislapp.com.br\/#\/schema\/logo\/image\/","url":"https:\/\/www.legislapp.com.br\/wp-content\/uploads\/icon.png","contentUrl":"https:\/\/www.legislapp.com.br\/wp-content\/uploads\/icon.png","width":1024,"height":1024,"caption":"Legislapp Monitoramento e Intelig\u00eancia Governamental"},"image":{"@id":"https:\/\/www.legislapp.com.br\/#\/schema\/logo\/image\/"},"sameAs":["https:\/\/www.instagram.com\/legislapp\/"]}]}},"_links":{"self":[{"href":"https:\/\/www.legislapp.com.br\/index.php\/wp-json\/wp\/v2\/pages\/9870","targetHints":{"allow":["GET"]}}],"collection":[{"href":"https:\/\/www.legislapp.com.br\/index.php\/wp-json\/wp\/v2\/pages"}],"about":[{"href":"https:\/\/www.legislapp.com.br\/index.php\/wp-json\/wp\/v2\/types\/page"}],"author":[{"embeddable":true,"href":"https:\/\/www.legislapp.com.br\/index.php\/wp-json\/wp\/v2\/users\/1"}],"replies":[{"embeddable":true,"href":"https:\/\/www.legislapp.com.br\/index.php\/wp-json\/wp\/v2\/comments?post=9870"}],"version-history":[{"count":0,"href":"https:\/\/www.legislapp.com.br\/index.php\/wp-json\/wp\/v2\/pages\/9870\/revisions"}],"wp:attachment":[{"href":"https:\/\/www.legislapp.com.br\/index.php\/wp-json\/wp\/v2\/media?parent=9870"}],"curies":[{"name":"wp","href":"https:\/\/api.w.org\/{rel}","templated":true}]}}