{"id":9876,"date":"2025-12-01T10:47:33","date_gmt":"2025-12-01T13:47:33","guid":{"rendered":"https:\/\/www.legislapp.com.br\/index.php\/avulso-inicial-pl-3461-2025-camara\/"},"modified":"2025-12-01T10:47:33","modified_gmt":"2025-12-01T13:47:33","slug":"avulso-inicial-pl-3461-2025-camara","status":"publish","type":"page","link":"https:\/\/www.legislapp.com.br\/index.php\/avulso-inicial-pl-3461-2025-camara\/","title":{"rendered":"Avulso Inicial &#8211; PL 3461\/2025 &#8211; C\u00e2mara"},"content":{"rendered":"<h1 style='text-align: center;'>Avulso Inicial &#8211; Autoria de Gabriel Nunes<\/h3>\n<p><\/p>\n<article>C\u00e2mara dos Deputados<br \/>\nPROJETO DE LEI N\u00ba          , de 2025<br \/>\n(Do Sr. Gabriel Nunes)<br \/>\nAltera a Lei n\u00ba 8.112, de 11 de<br \/>\ndezembro de 1990, para vedar a<br \/>\nnomea\u00e7\u00e3o ou designa\u00e7\u00e3o, para<br \/>\ncargo em comiss\u00e3o ou fun\u00e7\u00e3o de<br \/>\nconfian\u00e7a, de pessoa condenada<br \/>\npor crimes sexuais contra crian\u00e7as<br \/>\ne adolescentes; e d\u00e1 nova reda\u00e7\u00e3o<br \/>\n\u00e0 Lei n\u00ba 8.429, de 2 de junho de<br \/>\n1992, para dispor sobre ato de<br \/>\nimprobidade administrativa.<br \/>\nO CONGRESSO NACIONAL decreta:<br \/>\nArt. 1\u00ba Esta lei altera a Lei n\u00ba 8.112, de 11 de dezembro de<br \/>\n1990, para vedar a nomea\u00e7\u00e3o ou designa\u00e7\u00e3o, para cargo em comiss\u00e3o ou<br \/>\nfun\u00e7\u00e3o de confian\u00e7a, de pessoa condenada por crimes sexuais contra<br \/>\ncrian\u00e7as e adolescentes; e d\u00e1 nova reda\u00e7\u00e3o \u00e0 Lei n\u00ba 8.429, de 2 de junho de<br \/>\n1992, para dispor sobre ato de improbidade administrativa<br \/>\nArt. 2\u00ba A Lei n\u00ba 8.112, de 11 de dezembro de 1990, passa a<br \/>\nvigorar acrescida do seguinte artigo:<br \/>\n\u201cArt. 117-A. \u00c9 vedada, no \u00e2mbito da administra\u00e7\u00e3o p\u00fablica federal<br \/>\ndireta, aut\u00e1rquica e fundacional, a nomea\u00e7\u00e3o para cargo em comiss\u00e3o<br \/>\nou a designa\u00e7\u00e3o para fun\u00e7\u00e3o de confian\u00e7a de pessoa que tenha sido<br \/>\ncondenada, com tr\u00e2nsito em julgado, por crime previsto no T\u00edtulo VI da<br \/>\n1<br \/>\nPara verificar a assinatura, acesse https:\/\/infoleg-autenticidade-assinatura.camara.leg.br\/CD251409933400<br \/>\nAssinado eletronicamente pelo(a) Dep. Gabriel Nunes<br \/>\nApresenta\u00e7\u00e3o: 16\/07\/2025 11:33:07.630 &#8211; Mesa<br \/>\n*CD251409933400* PL n.3461\/2025<br \/>C\u00e2mara dos Deputados<br \/>\nParte Especial do Decreto-Lei n\u00ba 2.848, de 7 de dezembro de 1940<br \/>\n(C\u00f3digo Penal), quando praticado contra crian\u00e7a ou adolescente.<br \/>\n\u00a7 1\u00ba A veda\u00e7\u00e3o de que trata o caput aplica-se tamb\u00e9m \u00e0s<br \/>\ncondena\u00e7\u00f5es definitivas por crimes previstos nos arts. 240 a 241-D da<br \/>\nLei n\u00ba 8.069, de 13 de julho de 1990 (Estatuto da Crian\u00e7a e do<br \/>\nAdolescente).<br \/>\n\u00a7 2\u00ba A veda\u00e7\u00e3o perdura por 10 (dez) anos ap\u00f3s o cumprimento integral<br \/>\nda pena imposta.<br \/>\n\u00a7 3\u00ba. A restri\u00e7\u00e3o prevista neste artigo n\u00e3o afasta outras hip\u00f3teses<br \/>\nlegais de impedimento \u00e0 nomea\u00e7\u00e3o.\u201d<br \/>\nArt. 3\u00ba A Lei n\u00ba 8.429, de 2 de junho de 1992, passa a vigorar<br \/>\ncom a seguinte reda\u00e7\u00e3o, acrescido o \u00a7 7\u00ba ao art. 11:<br \/>\n\u201cArt.<br \/>\n11 &#8230;&#8230;&#8230;&#8230;&#8230;&#8230;&#8230;&#8230;&#8230;&#8230;&#8230;&#8230;&#8230;&#8230;&#8230;&#8230;&#8230;&#8230;&#8230;&#8230;&#8230;&#8230;&#8230;&#8230;&#8230;&#8230;&#8230;&#8230;&#8230;&#8230;&#8230;&#8230;&#8230;..<br \/>\n&#8230;&#8230;&#8230;&#8230;&#8230;&#8230;&#8230;&#8230;&#8230;&#8230;&#8230;&#8230;&#8230;&#8230;&#8230;&#8230;&#8230;&#8230;&#8230;&#8230;&#8230;&#8230;&#8230;&#8230;&#8230;&#8230;&#8230;&#8230;&#8230;&#8230;&#8230;&#8230;&#8230;&#8230;&#8230;&#8230;&#8230;..<br \/>\n\u00a7 7\u00ba. Configura ato de improbidade administrativa, atentat\u00f3rio aos<br \/>\nprinc\u00edpios da administra\u00e7\u00e3o p\u00fablica, a nomea\u00e7\u00e3o ou designa\u00e7\u00e3o, para<br \/>\ncargo em comiss\u00e3o ou fun\u00e7\u00e3o de confian\u00e7a, de pessoa cuja<br \/>\ninvestidura seja vedada nos termos do art. 117-A da Lei n\u00ba 8.112, de<br \/>\n11 de dezembro de 1990.\u201d<br \/>\nArt. 4\u00ba Esta Lei entra em vigor na data de sua publica\u00e7\u00e3o.<br \/>\n2<br \/>\nPara verificar a assinatura, acesse https:\/\/infoleg-autenticidade-assinatura.camara.leg.br\/CD251409933400<br \/>\nAssinado eletronicamente pelo(a) Dep. Gabriel Nunes<br \/>\nApresenta\u00e7\u00e3o: 16\/07\/2025 11:33:07.630 &#8211; Mesa<br \/>\n*CD251409933400* PL n.3461\/2025<br \/>C\u00e2mara dos Deputados<br \/>\nJUSTIFICA\u00c7\u00c3O<br \/>\nA presente proposi\u00e7\u00e3o visa assegurar a prote\u00e7\u00e3o integral de<br \/>\ncrian\u00e7as e adolescentes, bem como preservar a moralidade administrativa no<br \/>\n\u00e2mbito da Administra\u00e7\u00e3o P\u00fablica Federal, em conson\u00e2ncia com os artigos 37<br \/>\ne 227 da Constitui\u00e7\u00e3o Federal.<br \/>\nEntendemos que pessoas condenadas por crimes sexuais contra<br \/>\nmenores n\u00e3o devem exercer fun\u00e7\u00f5es estrat\u00e9gicas ou de confian\u00e7a no servi\u00e7o<br \/>\np\u00fablico. Trata-se de uma medida preventiva e \u00e9tica, que fortalecer\u00e1 os<br \/>\nprinc\u00edpios da integridade e da responsabilidade institucional.<br \/>\nA inova\u00e7\u00e3o reside na previs\u00e3o de que a veda\u00e7\u00e3o perdure por 10<br \/>\nanos ap\u00f3s o cumprimento integral da pena, e n\u00e3o apenas durante o<br \/>\ncumprimento da san\u00e7\u00e3o, como frequentemente ocorre. Tal dispositivo est\u00e1<br \/>\nalinhado ao princ\u00edpio da precau\u00e7\u00e3o e \u00e0s leg\u00edtimas expectativas da sociedade<br \/>\nquanto \u00e0 conduta de seus servidores p\u00fablicos.<br \/>\nA escolha por alterar a Lei n\u00ba 8.112\/1990 \u2014 pilar do regime jur\u00eddico<br \/>\ndos servidores p\u00fablicos federais \u2014 garante aplicabilidade imediata e uniforme<br \/>\nno servi\u00e7o p\u00fablico. J\u00e1 a altera\u00e7\u00e3o da Lei n\u00ba 8.429\/1992 (Improbidade<br \/>\nAdministrativa) permite que atos em desacordo com a veda\u00e7\u00e3o prevista sejam<br \/>\nsancionados com o devido rigor legal.<br \/>\nAo apresentar este projeto estamos buscando maior prote\u00e7\u00e3o e<br \/>\ncuidado com as nossas crian\u00e7as e adolescente, e reafirmamos nosso<br \/>\ncompromisso com a constru\u00e7\u00e3o de um Estado \u00e9tico, justo e atento \u00e0s<br \/>\nnecessidades das popula\u00e7\u00f5es mais sens\u00edveis e vulner\u00e1veis.<br \/>\nAcreditamos que nossa proposta est\u00e1 em sintonia com diversas<br \/>\niniciativas do Legislativo e com o clamor social por maior rigor na<br \/>\nresponsabiliza\u00e7\u00e3o de crimes contra a inf\u00e2ncia. Al\u00e9m disso, refor\u00e7a o<br \/>\ncompromisso do Estado com os valores republicanos, a \u00e9tica p\u00fablica e os<br \/>\ndireitos humanos.<br \/>\n3<br \/>\nPara verificar a assinatura, acesse https:\/\/infoleg-autenticidade-assinatura.camara.leg.br\/CD251409933400<br \/>\nAssinado eletronicamente pelo(a) Dep. Gabriel Nunes<br \/>\nApresenta\u00e7\u00e3o: 16\/07\/2025 11:33:07.630 &#8211; Mesa<br \/>\n*CD251409933400* PL n.3461\/2025<br \/>C\u00e2mara dos Deputados<br \/>\nEstamos seguros de que a relev\u00e2ncia dessa iniciativa haver\u00e1 de<br \/>\nreceber o apoio dos Nobres Parlamentares.<br \/>\nSala das Sess\u00f5es, em                   de 2025.<br \/>\nDeputado Gabriel Nunes<br \/>\nPSD\/BA<br \/>\n4<br \/>\nPara verificar a assinatura, acesse https:\/\/infoleg-autenticidade-assinatura.camara.leg.br\/CD251409933400<br \/>\nAssinado eletronicamente pelo(a) Dep. Gabriel Nunes<br \/>\nApresenta\u00e7\u00e3o: 16\/07\/2025 11:33:07.630 &#8211; Mesa<br \/>\n*CD251409933400* PL n.3461\/2025<\/article>\n<p><a href='https:\/\/app.legislapp.com.br\/#\/busca?termo=Altera\u00e7\u00e3o'>Altera\u00e7\u00e3o<\/a>, <a href='https:\/\/app.legislapp.com.br\/#\/busca?termo=Regime Jur\u00eddico \u00danico dos Servidores P\u00fablicos Civis da Uni\u00e3o (1990)'>Regime Jur\u00eddico \u00danico dos Servidores P\u00fablicos Civis da Uni\u00e3o (1990)<\/a>, <a href='https:\/\/app.legislapp.com.br\/#\/busca?termo=Lei da Improbidade Administrativa (1992)'>Lei da Improbidade Administrativa (1992)<\/a>, <a href='https:\/\/app.legislapp.com.br\/#\/busca?termo=proibi\u00e7\u00e3o'>proibi\u00e7\u00e3o<\/a>, <a href='https:\/\/app.legislapp.com.br\/#\/busca?termo=Nomea\u00e7\u00e3o'>Nomea\u00e7\u00e3o<\/a>, <a href='https:\/\/app.legislapp.com.br\/#\/busca?termo=designa\u00e7\u00e3o'>designa\u00e7\u00e3o<\/a>, <a href='https:\/\/app.legislapp.com.br\/#\/busca?termo=Cargo em comiss\u00e3o'>Cargo em comiss\u00e3o<\/a>, <a href='https:\/\/app.legislapp.com.br\/#\/busca?termo=Fun\u00e7\u00e3o comissionada'>Fun\u00e7\u00e3o comissionada<\/a>, <a href='https:\/\/app.legislapp.com.br\/#\/busca?termo=Condenado'>Condenado<\/a>, <a href='https:\/\/app.legislapp.com.br\/#\/busca?termo=Viol\u00eancia sexual'>Viol\u00eancia sexual<\/a>, <a href='https:\/\/app.legislapp.com.br\/#\/busca?termo=Abuso sexual'>Abuso sexual<\/a>, <a href='https:\/\/app.legislapp.com.br\/#\/busca?termo=Crian\u00e7a'>Crian\u00e7a<\/a>, <a href='https:\/\/app.legislapp.com.br\/#\/busca?termo=Adolescente'>Adolescente<\/a>, <a href='https:\/\/app.legislapp.com.br\/#\/busca?termo=preserva\u00e7\u00e3o'>preserva\u00e7\u00e3o<\/a>, <a href='https:\/\/app.legislapp.com.br\/#\/busca?termo=Moralidade administrativa.'>Moralidade administrativa.<\/a><\/p>\n<div style=\"text-align: center\">\n      <img decoding=\"async\" style=\"width: 14%;\" src=\"https:\/\/www.legislapp.com.br\/wp-content\/uploads\/2021\/07\/Logo-Legislapp-1-03-1.png\"><br \/>\n      <\/p>\n<div style=\"margin-bottom: 20px;\" class=\"et_pb_button_module_wrapper et_pb_button_5_tb_body_wrapper et_pb_button_alignment_center et_pb_module \">\n         <a class=\"et_pb_button et_pb_button_5_tb_body et_hover_enabled et_pb_bg_layout_dark\" style=\"width: 50%;background-color: black;\" href=\"https:\/\/app.legislapp.com.br\" target=\"_blank\" rel=\"noopener\">Visualizar completo na nossa plataforma (30 dias gr\u00e1tis)<\/a><\/p><\/div>\n<p>      <a href=\"https:\/\/play.google.com\/store\/apps\/details?id=br.com.legislapp\"><img decoding=\"async\" style=\"width: 15%; min-width: 130px;\" src=\"https:\/\/www.legislapp.com.br\/wp-content\/uploads\/google-play.png\"><\/a><br \/>\n      <a href=\"https:\/\/apps.apple.com\/us\/app\/legislapp\/id1568929859\"><img decoding=\"async\" style=\"width: 15%; min-width: 130px\" src=\"https:\/\/www.legislapp.com.br\/wp-content\/uploads\/apple-store.png\"><\/a>\n   <\/div>\n","protected":false},"excerpt":{"rendered":"<p>Avulso Inicial &#8211; Autoria de Gabriel Nunes C\u00e2mara dos Deputados PROJETO DE LEI N\u00ba , de 2025 (Do Sr. Gabriel Nunes) Altera a Lei n\u00ba 8.112, de 11 de dezembro de 1990, para vedar a nomea\u00e7\u00e3o ou designa\u00e7\u00e3o, para cargo em comiss\u00e3o ou fun\u00e7\u00e3o de confian\u00e7a, de pessoa condenada por crimes sexuais contra crian\u00e7as e [&hellip;]<\/p>\n","protected":false},"author":1,"featured_media":0,"parent":0,"menu_order":0,"comment_status":"closed","ping_status":"closed","template":"page-template-blank.php","meta":{"_et_pb_use_builder":"","_et_pb_old_content":"","_et_gb_content_width":"1080","ngg_post_thumbnail":0,"footnotes":""},"class_list":["post-9876","page","type-page","status-publish","hentry"],"yoast_head":"<!-- This site is optimized with the Yoast SEO plugin v24.4 - https:\/\/yoast.com\/wordpress\/plugins\/seo\/ -->\n<title>Avulso Inicial - PL 3461\/2025 - C\u00e2mara - Legislapp<\/title>\n<meta name=\"robots\" content=\"index, follow, max-snippet:-1, max-image-preview:large, max-video-preview:-1\" \/>\n<link rel=\"canonical\" href=\"https:\/\/www.legislapp.com.br\/index.php\/avulso-inicial-pl-3461-2025-camara\/\" \/>\n<meta property=\"og:locale\" content=\"pt_BR\" \/>\n<meta property=\"og:type\" content=\"article\" \/>\n<meta property=\"og:title\" content=\"Avulso Inicial - PL 3461\/2025 - C\u00e2mara - Legislapp\" \/>\n<meta property=\"og:description\" content=\"Avulso Inicial &#8211; Autoria de Gabriel Nunes C\u00e2mara dos Deputados PROJETO DE LEI N\u00ba , de 2025 (Do Sr. Gabriel Nunes) Altera a Lei n\u00ba 8.112, de 11 de dezembro de 1990, para vedar a nomea\u00e7\u00e3o ou designa\u00e7\u00e3o, para cargo em comiss\u00e3o ou fun\u00e7\u00e3o de confian\u00e7a, de pessoa condenada por crimes sexuais contra crian\u00e7as e [&hellip;]\" \/>\n<meta property=\"og:url\" content=\"https:\/\/www.legislapp.com.br\/index.php\/avulso-inicial-pl-3461-2025-camara\/\" \/>\n<meta property=\"og:site_name\" content=\"Legislapp\" \/>\n<meta property=\"article:publisher\" content=\"https:\/\/www.instagram.com\/legislapp\/\" \/>\n<meta property=\"og:image\" content=\"https:\/\/www.legislapp.com.br\/wp-content\/uploads\/2021\/07\/Logo-Legislapp-1-03-1.png\" \/>\n<meta name=\"twitter:card\" content=\"summary_large_image\" \/>\n<meta name=\"twitter:label1\" content=\"Est. tempo de leitura\" \/>\n\t<meta name=\"twitter:data1\" content=\"4 minutos\" \/>\n<script type=\"application\/ld+json\" class=\"yoast-schema-graph\">{\"@context\":\"https:\/\/schema.org\",\"@graph\":[{\"@type\":\"WebPage\",\"@id\":\"https:\/\/www.legislapp.com.br\/index.php\/avulso-inicial-pl-3461-2025-camara\/\",\"url\":\"https:\/\/www.legislapp.com.br\/index.php\/avulso-inicial-pl-3461-2025-camara\/\",\"name\":\"Avulso Inicial - PL 3461\/2025 - C\u00e2mara - Legislapp\",\"isPartOf\":{\"@id\":\"https:\/\/www.legislapp.com.br\/#website\"},\"primaryImageOfPage\":{\"@id\":\"https:\/\/www.legislapp.com.br\/index.php\/avulso-inicial-pl-3461-2025-camara\/#primaryimage\"},\"image\":{\"@id\":\"https:\/\/www.legislapp.com.br\/index.php\/avulso-inicial-pl-3461-2025-camara\/#primaryimage\"},\"thumbnailUrl\":\"https:\/\/www.legislapp.com.br\/wp-content\/uploads\/2021\/07\/Logo-Legislapp-1-03-1.png\",\"datePublished\":\"2025-12-01T13:47:33+00:00\",\"breadcrumb\":{\"@id\":\"https:\/\/www.legislapp.com.br\/index.php\/avulso-inicial-pl-3461-2025-camara\/#breadcrumb\"},\"inLanguage\":\"pt-BR\",\"potentialAction\":[{\"@type\":\"ReadAction\",\"target\":[\"https:\/\/www.legislapp.com.br\/index.php\/avulso-inicial-pl-3461-2025-camara\/\"]}]},{\"@type\":\"ImageObject\",\"inLanguage\":\"pt-BR\",\"@id\":\"https:\/\/www.legislapp.com.br\/index.php\/avulso-inicial-pl-3461-2025-camara\/#primaryimage\",\"url\":\"https:\/\/www.legislapp.com.br\/wp-content\/uploads\/2021\/07\/Logo-Legislapp-1-03-1.png\",\"contentUrl\":\"https:\/\/www.legislapp.com.br\/wp-content\/uploads\/2021\/07\/Logo-Legislapp-1-03-1.png\",\"width\":2679,\"height\":2697},{\"@type\":\"BreadcrumbList\",\"@id\":\"https:\/\/www.legislapp.com.br\/index.php\/avulso-inicial-pl-3461-2025-camara\/#breadcrumb\",\"itemListElement\":[{\"@type\":\"ListItem\",\"position\":1,\"name\":\"In\u00edcio\",\"item\":\"https:\/\/www.legislapp.com.br\/\"},{\"@type\":\"ListItem\",\"position\":2,\"name\":\"Avulso Inicial &#8211; PL 3461\/2025 &#8211; C\u00e2mara\"}]},{\"@type\":\"WebSite\",\"@id\":\"https:\/\/www.legislapp.com.br\/#website\",\"url\":\"https:\/\/www.legislapp.com.br\/\",\"name\":\"Legislapp\",\"description\":\"Intelig\u00eancia governamental em tempo real\",\"publisher\":{\"@id\":\"https:\/\/www.legislapp.com.br\/#organization\"},\"potentialAction\":[{\"@type\":\"SearchAction\",\"target\":{\"@type\":\"EntryPoint\",\"urlTemplate\":\"https:\/\/www.legislapp.com.br\/?s={search_term_string}\"},\"query-input\":{\"@type\":\"PropertyValueSpecification\",\"valueRequired\":true,\"valueName\":\"search_term_string\"}}],\"inLanguage\":\"pt-BR\"},{\"@type\":\"Organization\",\"@id\":\"https:\/\/www.legislapp.com.br\/#organization\",\"name\":\"Legislapp Monitoramento e Intelig\u00eancia Governamental\",\"url\":\"https:\/\/www.legislapp.com.br\/\",\"logo\":{\"@type\":\"ImageObject\",\"inLanguage\":\"pt-BR\",\"@id\":\"https:\/\/www.legislapp.com.br\/#\/schema\/logo\/image\/\",\"url\":\"https:\/\/www.legislapp.com.br\/wp-content\/uploads\/icon.png\",\"contentUrl\":\"https:\/\/www.legislapp.com.br\/wp-content\/uploads\/icon.png\",\"width\":1024,\"height\":1024,\"caption\":\"Legislapp Monitoramento e Intelig\u00eancia Governamental\"},\"image\":{\"@id\":\"https:\/\/www.legislapp.com.br\/#\/schema\/logo\/image\/\"},\"sameAs\":[\"https:\/\/www.instagram.com\/legislapp\/\"]}]}<\/script>\n<!-- \/ Yoast SEO plugin. -->","yoast_head_json":{"title":"Avulso Inicial - PL 3461\/2025 - C\u00e2mara - Legislapp","robots":{"index":"index","follow":"follow","max-snippet":"max-snippet:-1","max-image-preview":"max-image-preview:large","max-video-preview":"max-video-preview:-1"},"canonical":"https:\/\/www.legislapp.com.br\/index.php\/avulso-inicial-pl-3461-2025-camara\/","og_locale":"pt_BR","og_type":"article","og_title":"Avulso Inicial - PL 3461\/2025 - C\u00e2mara - Legislapp","og_description":"Avulso Inicial &#8211; Autoria de Gabriel Nunes C\u00e2mara dos Deputados PROJETO DE LEI N\u00ba , de 2025 (Do Sr. Gabriel Nunes) Altera a Lei n\u00ba 8.112, de 11 de dezembro de 1990, para vedar a nomea\u00e7\u00e3o ou designa\u00e7\u00e3o, para cargo em comiss\u00e3o ou fun\u00e7\u00e3o de confian\u00e7a, de pessoa condenada por crimes sexuais contra crian\u00e7as e [&hellip;]","og_url":"https:\/\/www.legislapp.com.br\/index.php\/avulso-inicial-pl-3461-2025-camara\/","og_site_name":"Legislapp","article_publisher":"https:\/\/www.instagram.com\/legislapp\/","og_image":[{"url":"https:\/\/www.legislapp.com.br\/wp-content\/uploads\/2021\/07\/Logo-Legislapp-1-03-1.png","type":"","width":"","height":""}],"twitter_card":"summary_large_image","twitter_misc":{"Est. tempo de leitura":"4 minutos"},"schema":{"@context":"https:\/\/schema.org","@graph":[{"@type":"WebPage","@id":"https:\/\/www.legislapp.com.br\/index.php\/avulso-inicial-pl-3461-2025-camara\/","url":"https:\/\/www.legislapp.com.br\/index.php\/avulso-inicial-pl-3461-2025-camara\/","name":"Avulso Inicial - PL 3461\/2025 - C\u00e2mara - Legislapp","isPartOf":{"@id":"https:\/\/www.legislapp.com.br\/#website"},"primaryImageOfPage":{"@id":"https:\/\/www.legislapp.com.br\/index.php\/avulso-inicial-pl-3461-2025-camara\/#primaryimage"},"image":{"@id":"https:\/\/www.legislapp.com.br\/index.php\/avulso-inicial-pl-3461-2025-camara\/#primaryimage"},"thumbnailUrl":"https:\/\/www.legislapp.com.br\/wp-content\/uploads\/2021\/07\/Logo-Legislapp-1-03-1.png","datePublished":"2025-12-01T13:47:33+00:00","breadcrumb":{"@id":"https:\/\/www.legislapp.com.br\/index.php\/avulso-inicial-pl-3461-2025-camara\/#breadcrumb"},"inLanguage":"pt-BR","potentialAction":[{"@type":"ReadAction","target":["https:\/\/www.legislapp.com.br\/index.php\/avulso-inicial-pl-3461-2025-camara\/"]}]},{"@type":"ImageObject","inLanguage":"pt-BR","@id":"https:\/\/www.legislapp.com.br\/index.php\/avulso-inicial-pl-3461-2025-camara\/#primaryimage","url":"https:\/\/www.legislapp.com.br\/wp-content\/uploads\/2021\/07\/Logo-Legislapp-1-03-1.png","contentUrl":"https:\/\/www.legislapp.com.br\/wp-content\/uploads\/2021\/07\/Logo-Legislapp-1-03-1.png","width":2679,"height":2697},{"@type":"BreadcrumbList","@id":"https:\/\/www.legislapp.com.br\/index.php\/avulso-inicial-pl-3461-2025-camara\/#breadcrumb","itemListElement":[{"@type":"ListItem","position":1,"name":"In\u00edcio","item":"https:\/\/www.legislapp.com.br\/"},{"@type":"ListItem","position":2,"name":"Avulso Inicial &#8211; PL 3461\/2025 &#8211; C\u00e2mara"}]},{"@type":"WebSite","@id":"https:\/\/www.legislapp.com.br\/#website","url":"https:\/\/www.legislapp.com.br\/","name":"Legislapp","description":"Intelig\u00eancia governamental em tempo real","publisher":{"@id":"https:\/\/www.legislapp.com.br\/#organization"},"potentialAction":[{"@type":"SearchAction","target":{"@type":"EntryPoint","urlTemplate":"https:\/\/www.legislapp.com.br\/?s={search_term_string}"},"query-input":{"@type":"PropertyValueSpecification","valueRequired":true,"valueName":"search_term_string"}}],"inLanguage":"pt-BR"},{"@type":"Organization","@id":"https:\/\/www.legislapp.com.br\/#organization","name":"Legislapp Monitoramento e Intelig\u00eancia Governamental","url":"https:\/\/www.legislapp.com.br\/","logo":{"@type":"ImageObject","inLanguage":"pt-BR","@id":"https:\/\/www.legislapp.com.br\/#\/schema\/logo\/image\/","url":"https:\/\/www.legislapp.com.br\/wp-content\/uploads\/icon.png","contentUrl":"https:\/\/www.legislapp.com.br\/wp-content\/uploads\/icon.png","width":1024,"height":1024,"caption":"Legislapp Monitoramento e Intelig\u00eancia Governamental"},"image":{"@id":"https:\/\/www.legislapp.com.br\/#\/schema\/logo\/image\/"},"sameAs":["https:\/\/www.instagram.com\/legislapp\/"]}]}},"_links":{"self":[{"href":"https:\/\/www.legislapp.com.br\/index.php\/wp-json\/wp\/v2\/pages\/9876","targetHints":{"allow":["GET"]}}],"collection":[{"href":"https:\/\/www.legislapp.com.br\/index.php\/wp-json\/wp\/v2\/pages"}],"about":[{"href":"https:\/\/www.legislapp.com.br\/index.php\/wp-json\/wp\/v2\/types\/page"}],"author":[{"embeddable":true,"href":"https:\/\/www.legislapp.com.br\/index.php\/wp-json\/wp\/v2\/users\/1"}],"replies":[{"embeddable":true,"href":"https:\/\/www.legislapp.com.br\/index.php\/wp-json\/wp\/v2\/comments?post=9876"}],"version-history":[{"count":0,"href":"https:\/\/www.legislapp.com.br\/index.php\/wp-json\/wp\/v2\/pages\/9876\/revisions"}],"wp:attachment":[{"href":"https:\/\/www.legislapp.com.br\/index.php\/wp-json\/wp\/v2\/media?parent=9876"}],"curies":[{"name":"wp","href":"https:\/\/api.w.org\/{rel}","templated":true}]}}