{"id":9886,"date":"2025-12-01T10:48:10","date_gmt":"2025-12-01T13:48:10","guid":{"rendered":"https:\/\/www.legislapp.com.br\/index.php\/avulso-inicial-pl-3682-2025-camara\/"},"modified":"2025-12-01T10:48:10","modified_gmt":"2025-12-01T13:48:10","slug":"avulso-inicial-pl-3682-2025-camara","status":"publish","type":"page","link":"https:\/\/www.legislapp.com.br\/index.php\/avulso-inicial-pl-3682-2025-camara\/","title":{"rendered":"Avulso Inicial &#8211; PL 3682\/2025 &#8211; C\u00e2mara"},"content":{"rendered":"<h1 style='text-align: center;'>Avulso Inicial &#8211; Autoria de Rafael Prudente<\/h3>\n<p><\/p>\n<article>PROJETO DE LEI N\u00ba           DE 2025<br \/>\n(Do Sr. Rafael Prudente)<br \/>\nAcresce o art. 67-A \u00e0 Lei n\u00ba 8.112, de 11 de<br \/>\ndezembro de 1990, para instituir adicional por<br \/>\ntempo de servi\u00e7o, na forma de anu\u00eanio, aos<br \/>\nservidores p\u00fablicos civis da Uni\u00e3o.<br \/>\nO CONGRESSO NACIONAL decreta:<br \/>\nArt. 1\u00ba Esta Lei acresce o art. 67-A \u00e0 Lei n\u00ba 8.112, de 11 de dezembro de 1990, para<br \/>\ninstituir adicional por tempo de servi\u00e7o, na forma de anu\u00eanio, aos servidores p\u00fablicos<br \/>\ncivis da Uni\u00e3o.<br \/>\nArt. 2\u00ba A Lei n\u00ba 8.112, de 11 de dezembro de 1990, passa a vigorar acrescido do<br \/>\nseguinte art. 67-A:<br \/>\n\u201cArt. 67-A. O servidor p\u00fablico est\u00e1vel far\u00e1 jus ao adicional por tempo de<br \/>\nservi\u00e7o, na forma de anu\u00eanio, correspondente a 1% (um por cento) por ano<br \/>\ncompleto de efetivo exerc\u00edcio no servi\u00e7o p\u00fablico, incidente sobre o vencimento<br \/>\nb\u00e1sico do cargo efetivo, at\u00e9 o limite de 35% (trinta e cinco por cento).<br \/>\n\u00a7 1\u00ba O anu\u00eanio ser\u00e1 devido a partir do m\u00eas em que o servidor completar o<br \/>\nrespectivo ano de efetivo exerc\u00edcio.<br \/>\n\u00a7 2\u00ba Para fins deste artigo, considera-se efetivo exerc\u00edcio o per\u00edodo em que o<br \/>\nservidor esteja no exerc\u00edcio das atribui\u00e7\u00f5es do cargo, bem como os afastamentos<br \/>\nconsiderados como de efetivo exerc\u00edcio, na forma do art. 102 desta Lei.<br \/>\n\u00a7 3\u00ba O pagamento do adicional de que trata este artigo n\u00e3o prejudica a<br \/>\npercep\u00e7\u00e3o de outras vantagens de natureza permanente ou eventual previstas<br \/>\nnesta Lei, exceto outros adicionais de tempo de servi\u00e7o, sendo assegurado o<br \/>\ndireito de op\u00e7\u00e3o pelo mais vantajoso.<br \/>\n\u00a7 4\u00ba O servidor que j\u00e1 possua tempo de servi\u00e7o ap\u00f3s a estabilidade na data de<br \/>\npublica\u00e7\u00e3o desta Lei ter\u00e1 seu adicional calculado a partir do seu tempo de<br \/>\nservi\u00e7o j\u00e1 consolidado, respeitado o limite de 35% (trinta e cinco por cento).<br \/>\n\u00a7 5\u00ba O anu\u00eanio ser\u00e1 incorporado aos proventos de aposentadoria e pens\u00e3o, nos<br \/>\nPara verificar a assinatura, acesse https:\/\/infoleg-autenticidade-assinatura.camara.leg.br\/CD254726013900<br \/>\nAssinado eletronicamente pelo(a) Dep. Rafael Prudente<br \/>\nApresenta\u00e7\u00e3o: 04\/08\/2025 12:15:53.287 &#8211; Mesa<br \/>\n*CD254726013900* PL n.3682\/2025<br \/>termos da legisla\u00e7\u00e3o aplic\u00e1vel.\u201d (NR)<br \/>\nArt. 3\u00ba \u00c9 vedado o pagamento retroativo dos anu\u00eanios adquiridos anteriormente \u00e0<br \/>\nvig\u00eancia desta lei.<br \/>\nArt. 4\u00ba As despesas decorrentes da execu\u00e7\u00e3o desta Lei correr\u00e3o \u00e0 conta das dota\u00e7\u00f5es<br \/>\nor\u00e7ament\u00e1rias pr\u00f3prias.<br \/>\nArt. 5\u00ba Esta Lei entra em vigor na data de sua publica\u00e7\u00e3o.<br \/>\nJUSTIFICATIVA<br \/>\nO presente Projeto de Lei tem como objetivo instituir o adicional por<br \/>\ntempo de servi\u00e7o, na forma de anu\u00eanio, aos servidores e servidoras p\u00fablicas civis da<br \/>\nUni\u00e3o, como medida de valoriza\u00e7\u00e3o da experi\u00eancia, reconhecimento da dedica\u00e7\u00e3o e<br \/>\nincentivo \u00e0 perman\u00eancia no servi\u00e7o p\u00fablico federal.<br \/>\nDesde a promulga\u00e7\u00e3o da Emenda Constitucional n\u00ba 19, de 1998, que<br \/>\npromoveu a Reforma Administrativa, e com a posterior extin\u00e7\u00e3o de diversas vantagens<br \/>\nfuncionais, os servidores p\u00fablicos federais v\u00eam sofrendo um processo cont\u00ednuo de<br \/>\ndesvaloriza\u00e7\u00e3o, marcado por congelamento salarial, supress\u00e3o de direitos e falta de<br \/>\npol\u00edticas consistentes de valoriza\u00e7\u00e3o profissional.<br \/>\nA cria\u00e7\u00e3o do anu\u00eanio, com percentual de 1% ao ano sobre o<br \/>\nvencimento b\u00e1sico, at\u00e9 o limite de 35%, \u00e9 uma pol\u00edtica justa, objetiva e eficiente,<br \/>\namplamente adotada em outras esferas da Federa\u00e7\u00e3o, como em diversos Estados e<br \/>\nMunic\u00edpios, e at\u00e9 mesmo no \u00e2mbito do Poder Judici\u00e1rio e do Minist\u00e9rio P\u00fablico, que<br \/>\nainda contam com benef\u00edcios similares por tempo de servi\u00e7o.<br \/>\nO tempo de dedica\u00e7\u00e3o ao servi\u00e7o p\u00fablico representa um ativo<br \/>\ninestim\u00e1vel. Cada ano de trabalho agrega ao Estado conhecimento institucional,<br \/>\nefici\u00eancia administrativa, ac\u00famulo de experi\u00eancia pr\u00e1tica e resili\u00eancia diante dos<br \/>\ndesafios enfrentados pelo setor p\u00fablico.<br \/>\nAl\u00e9m disso, trata-se de um mecanismo de valoriza\u00e7\u00e3o n\u00e3o<br \/>\ndiscriminat\u00f3rio, aplic\u00e1vel a todas as categorias de servidores civis, sem distin\u00e7\u00e3o<br \/>\nhier\u00e1rquica ou funcional, respeitando os princ\u00edpios constitucionais da isonomia, da<br \/>\nmoralidade e da efici\u00eancia.<br \/>\nAl\u00e9m do aspecto financeiro, a reintrodu\u00e7\u00e3o do anu\u00eanio cumpre um<br \/>\npapel estrat\u00e9gico fundamental para a gest\u00e3o de pessoas no setor p\u00fablico. O benef\u00edcio<br \/>\nfunciona como uma \u00e2ncora, incentivando os servidores a dedicarem suas carreiras ao<br \/>\nPara verificar a assinatura, acesse https:\/\/infoleg-autenticidade-assinatura.camara.leg.br\/CD254726013900<br \/>\nAssinado eletronicamente pelo(a) Dep. Rafael Prudente<br \/>\nApresenta\u00e7\u00e3o: 04\/08\/2025 12:15:53.287 &#8211; Mesa<br \/>\n*CD254726013900* PL n.3682\/2025<br \/>servi\u00e7o p\u00fablico federal, acumulando conhecimento, experi\u00eancia e um profundo<br \/>\nentendimento das pol\u00edticas p\u00fablicas e dos processos administrativos. Essa dedica\u00e7\u00e3o se<br \/>\ntraduz em maior efici\u00eancia, menor rotatividade e, consequentemente, em servi\u00e7os de<br \/>\nmelhor qualidade para a sociedade brasileira. Valorizar o servidor p\u00fablico \u00e9 reconhecer<br \/>\nque o funcionamento do Estado depende de pessoas comprometidas, muitas das quais<br \/>\ndedicam d\u00e9cadas de sua vida \u00e0 presta\u00e7\u00e3o de servi\u00e7os \u00e0 popula\u00e7\u00e3o brasileira.<br \/>\nN\u00e3o menos importante, o adicional proposto condiciona-se \u00e0<br \/>\nestabilidade no servi\u00e7o p\u00fablico, o que refor\u00e7a o princ\u00edpio da meritocracia e evita que<br \/>\nservidores novatos usufruam do benef\u00edcio sem demonstrar ainda o compromisso de<br \/>\nlongo prazo com a Administra\u00e7\u00e3o P\u00fablica.<br \/>\nDo ponto de vista or\u00e7ament\u00e1rio, o impacto financeiro \u00e9 gradual,<br \/>\nprevis\u00edvel e limitado, visto que o adicional \u00e9 progressivo e cumulativo ao longo dos<br \/>\nanos, at\u00e9 o teto de 35%. Esse teto garante um controle de gastos e evita distor\u00e7\u00f5es,<br \/>\nassegurando a sustentabilidade fiscal da proposta. Ademais, o custo da proposta deve<br \/>\nser considerado n\u00e3o como despesa, mas como investimento na valoriza\u00e7\u00e3o e reten\u00e7\u00e3o<br \/>\nde talentos p\u00fablicos.<br \/>\nNum contexto em que os servidores p\u00fablicos enfrentam perda do poder<br \/>\naquisitivo e constantes ataques \u00e0 sua imagem institucional, iniciativas como esta s\u00e3o<br \/>\nfundamentais para reconstruir a confian\u00e7a na carreira p\u00fablica como voca\u00e7\u00e3o de Estado,<br \/>\ne n\u00e3o mero emprego.<br \/>\nA medida \u00e9, portanto, um investimento no capital humano do Estado.<br \/>\nUm funcionalismo motivado e com a experi\u00eancia devidamente reconhecida \u00e9 a base<br \/>\npara a implementa\u00e7\u00e3o de pol\u00edticas p\u00fablicas eficientes e para a constru\u00e7\u00e3o de uma<br \/>\nsociedade mais justa e igualit\u00e1ria.<br \/>\nAssim, conclamo os nobres pares desta Casa Legislativa a se somarem<br \/>\n\u00e0 aprova\u00e7\u00e3o deste projeto, como ato de justi\u00e7a, respeito e valoriza\u00e7\u00e3o dos servidores<br \/>\np\u00fablicos federais, verdadeiros pilares do funcionamento do Estado Democr\u00e1tico de<br \/>\nDireito.<br \/>\nSala das Sess\u00f5es, em 4 de agosto de 2025, na 57\u00aa legislatura.<br \/>\nRAFAEL PRUDENTE<br \/>\nDeputado Federal<br \/>\nMDB-DF<br \/>\nPara verificar a assinatura, acesse https:\/\/infoleg-autenticidade-assinatura.camara.leg.br\/CD254726013900<br \/>\nAssinado eletronicamente pelo(a) Dep. Rafael Prudente<br \/>\nApresenta\u00e7\u00e3o: 04\/08\/2025 12:15:53.287 &#8211; Mesa<br \/>\n*CD254726013900* PL n.3682\/2025<\/article>\n<p><a href='https:\/\/app.legislapp.com.br\/#\/busca?termo=Altera\u00e7\u00e3o'>Altera\u00e7\u00e3o<\/a>, <a href='https:\/\/app.legislapp.com.br\/#\/busca?termo=Regime Jur\u00eddico \u00danico dos Servidores P\u00fablicos Civis da Uni\u00e3o (1990)'>Regime Jur\u00eddico \u00danico dos Servidores P\u00fablicos Civis da Uni\u00e3o (1990)<\/a>, <a href='https:\/\/app.legislapp.com.br\/#\/busca?termo=adicional por tempo de servi\u00e7o'>adicional por tempo de servi\u00e7o<\/a>, <a href='https:\/\/app.legislapp.com.br\/#\/busca?termo=percentual'>percentual<\/a>, <a href='https:\/\/app.legislapp.com.br\/#\/busca?termo=ano'>ano<\/a>, <a href='https:\/\/app.legislapp.com.br\/#\/busca?termo=cargo efetivo'>cargo efetivo<\/a>, <a href='https:\/\/app.legislapp.com.br\/#\/busca?termo=limite'>limite<\/a>, <a href='https:\/\/app.legislapp.com.br\/#\/busca?termo=diretrizes'>diretrizes<\/a>, <a href='https:\/\/app.legislapp.com.br\/#\/busca?termo=valoriza\u00e7\u00e3o'>valoriza\u00e7\u00e3o<\/a>, <a href='https:\/\/app.legislapp.com.br\/#\/busca?termo=funcionalismo p\u00fablico.'>funcionalismo p\u00fablico.<\/a><\/p>\n<div style=\"text-align: center\">\n      <img decoding=\"async\" style=\"width: 14%;\" src=\"https:\/\/www.legislapp.com.br\/wp-content\/uploads\/2021\/07\/Logo-Legislapp-1-03-1.png\"><br \/>\n      <\/p>\n<div style=\"margin-bottom: 20px;\" class=\"et_pb_button_module_wrapper et_pb_button_5_tb_body_wrapper et_pb_button_alignment_center et_pb_module \">\n         <a class=\"et_pb_button et_pb_button_5_tb_body et_hover_enabled et_pb_bg_layout_dark\" style=\"width: 50%;background-color: black;\" href=\"https:\/\/app.legislapp.com.br\" target=\"_blank\" rel=\"noopener\">Visualizar completo na nossa plataforma (30 dias gr\u00e1tis)<\/a><\/p><\/div>\n<p>      <a href=\"https:\/\/play.google.com\/store\/apps\/details?id=br.com.legislapp\"><img decoding=\"async\" style=\"width: 15%; min-width: 130px;\" src=\"https:\/\/www.legislapp.com.br\/wp-content\/uploads\/google-play.png\"><\/a><br \/>\n      <a href=\"https:\/\/apps.apple.com\/us\/app\/legislapp\/id1568929859\"><img decoding=\"async\" style=\"width: 15%; min-width: 130px\" src=\"https:\/\/www.legislapp.com.br\/wp-content\/uploads\/apple-store.png\"><\/a>\n   <\/div>\n","protected":false},"excerpt":{"rendered":"<p>Avulso Inicial &#8211; Autoria de Rafael Prudente PROJETO DE LEI N\u00ba DE 2025 (Do Sr. Rafael Prudente) Acresce o art. 67-A \u00e0 Lei n\u00ba 8.112, de 11 de dezembro de 1990, para instituir adicional por tempo de servi\u00e7o, na forma de anu\u00eanio, aos servidores p\u00fablicos civis da Uni\u00e3o. O CONGRESSO NACIONAL decreta: Art. 1\u00ba Esta [&hellip;]<\/p>\n","protected":false},"author":1,"featured_media":0,"parent":0,"menu_order":0,"comment_status":"closed","ping_status":"closed","template":"page-template-blank.php","meta":{"_et_pb_use_builder":"","_et_pb_old_content":"","_et_gb_content_width":"1080","ngg_post_thumbnail":0,"footnotes":""},"class_list":["post-9886","page","type-page","status-publish","hentry"],"yoast_head":"<!-- This site is optimized with the Yoast SEO plugin v24.4 - https:\/\/yoast.com\/wordpress\/plugins\/seo\/ -->\n<title>Avulso Inicial - PL 3682\/2025 - C\u00e2mara - Legislapp<\/title>\n<meta name=\"robots\" content=\"index, follow, max-snippet:-1, max-image-preview:large, max-video-preview:-1\" \/>\n<link rel=\"canonical\" href=\"https:\/\/www.legislapp.com.br\/index.php\/avulso-inicial-pl-3682-2025-camara\/\" \/>\n<meta property=\"og:locale\" content=\"pt_BR\" \/>\n<meta property=\"og:type\" content=\"article\" \/>\n<meta property=\"og:title\" content=\"Avulso Inicial - PL 3682\/2025 - C\u00e2mara - Legislapp\" \/>\n<meta property=\"og:description\" content=\"Avulso Inicial &#8211; Autoria de Rafael Prudente PROJETO DE LEI N\u00ba DE 2025 (Do Sr. Rafael Prudente) Acresce o art. 67-A \u00e0 Lei n\u00ba 8.112, de 11 de dezembro de 1990, para instituir adicional por tempo de servi\u00e7o, na forma de anu\u00eanio, aos servidores p\u00fablicos civis da Uni\u00e3o. O CONGRESSO NACIONAL decreta: Art. 1\u00ba Esta [&hellip;]\" \/>\n<meta property=\"og:url\" content=\"https:\/\/www.legislapp.com.br\/index.php\/avulso-inicial-pl-3682-2025-camara\/\" \/>\n<meta property=\"og:site_name\" content=\"Legislapp\" \/>\n<meta property=\"article:publisher\" content=\"https:\/\/www.instagram.com\/legislapp\/\" \/>\n<meta property=\"og:image\" content=\"https:\/\/www.legislapp.com.br\/wp-content\/uploads\/2021\/07\/Logo-Legislapp-1-03-1.png\" \/>\n<meta name=\"twitter:card\" content=\"summary_large_image\" \/>\n<meta name=\"twitter:label1\" content=\"Est. tempo de leitura\" \/>\n\t<meta name=\"twitter:data1\" content=\"6 minutos\" \/>\n<script type=\"application\/ld+json\" class=\"yoast-schema-graph\">{\"@context\":\"https:\/\/schema.org\",\"@graph\":[{\"@type\":\"WebPage\",\"@id\":\"https:\/\/www.legislapp.com.br\/index.php\/avulso-inicial-pl-3682-2025-camara\/\",\"url\":\"https:\/\/www.legislapp.com.br\/index.php\/avulso-inicial-pl-3682-2025-camara\/\",\"name\":\"Avulso Inicial - PL 3682\/2025 - C\u00e2mara - Legislapp\",\"isPartOf\":{\"@id\":\"https:\/\/www.legislapp.com.br\/#website\"},\"primaryImageOfPage\":{\"@id\":\"https:\/\/www.legislapp.com.br\/index.php\/avulso-inicial-pl-3682-2025-camara\/#primaryimage\"},\"image\":{\"@id\":\"https:\/\/www.legislapp.com.br\/index.php\/avulso-inicial-pl-3682-2025-camara\/#primaryimage\"},\"thumbnailUrl\":\"https:\/\/www.legislapp.com.br\/wp-content\/uploads\/2021\/07\/Logo-Legislapp-1-03-1.png\",\"datePublished\":\"2025-12-01T13:48:10+00:00\",\"breadcrumb\":{\"@id\":\"https:\/\/www.legislapp.com.br\/index.php\/avulso-inicial-pl-3682-2025-camara\/#breadcrumb\"},\"inLanguage\":\"pt-BR\",\"potentialAction\":[{\"@type\":\"ReadAction\",\"target\":[\"https:\/\/www.legislapp.com.br\/index.php\/avulso-inicial-pl-3682-2025-camara\/\"]}]},{\"@type\":\"ImageObject\",\"inLanguage\":\"pt-BR\",\"@id\":\"https:\/\/www.legislapp.com.br\/index.php\/avulso-inicial-pl-3682-2025-camara\/#primaryimage\",\"url\":\"https:\/\/www.legislapp.com.br\/wp-content\/uploads\/2021\/07\/Logo-Legislapp-1-03-1.png\",\"contentUrl\":\"https:\/\/www.legislapp.com.br\/wp-content\/uploads\/2021\/07\/Logo-Legislapp-1-03-1.png\",\"width\":2679,\"height\":2697},{\"@type\":\"BreadcrumbList\",\"@id\":\"https:\/\/www.legislapp.com.br\/index.php\/avulso-inicial-pl-3682-2025-camara\/#breadcrumb\",\"itemListElement\":[{\"@type\":\"ListItem\",\"position\":1,\"name\":\"In\u00edcio\",\"item\":\"https:\/\/www.legislapp.com.br\/\"},{\"@type\":\"ListItem\",\"position\":2,\"name\":\"Avulso Inicial &#8211; PL 3682\/2025 &#8211; C\u00e2mara\"}]},{\"@type\":\"WebSite\",\"@id\":\"https:\/\/www.legislapp.com.br\/#website\",\"url\":\"https:\/\/www.legislapp.com.br\/\",\"name\":\"Legislapp\",\"description\":\"Intelig\u00eancia governamental em tempo real\",\"publisher\":{\"@id\":\"https:\/\/www.legislapp.com.br\/#organization\"},\"potentialAction\":[{\"@type\":\"SearchAction\",\"target\":{\"@type\":\"EntryPoint\",\"urlTemplate\":\"https:\/\/www.legislapp.com.br\/?s={search_term_string}\"},\"query-input\":{\"@type\":\"PropertyValueSpecification\",\"valueRequired\":true,\"valueName\":\"search_term_string\"}}],\"inLanguage\":\"pt-BR\"},{\"@type\":\"Organization\",\"@id\":\"https:\/\/www.legislapp.com.br\/#organization\",\"name\":\"Legislapp Monitoramento e Intelig\u00eancia Governamental\",\"url\":\"https:\/\/www.legislapp.com.br\/\",\"logo\":{\"@type\":\"ImageObject\",\"inLanguage\":\"pt-BR\",\"@id\":\"https:\/\/www.legislapp.com.br\/#\/schema\/logo\/image\/\",\"url\":\"https:\/\/www.legislapp.com.br\/wp-content\/uploads\/icon.png\",\"contentUrl\":\"https:\/\/www.legislapp.com.br\/wp-content\/uploads\/icon.png\",\"width\":1024,\"height\":1024,\"caption\":\"Legislapp Monitoramento e Intelig\u00eancia Governamental\"},\"image\":{\"@id\":\"https:\/\/www.legislapp.com.br\/#\/schema\/logo\/image\/\"},\"sameAs\":[\"https:\/\/www.instagram.com\/legislapp\/\"]}]}<\/script>\n<!-- \/ Yoast SEO plugin. -->","yoast_head_json":{"title":"Avulso Inicial - PL 3682\/2025 - C\u00e2mara - Legislapp","robots":{"index":"index","follow":"follow","max-snippet":"max-snippet:-1","max-image-preview":"max-image-preview:large","max-video-preview":"max-video-preview:-1"},"canonical":"https:\/\/www.legislapp.com.br\/index.php\/avulso-inicial-pl-3682-2025-camara\/","og_locale":"pt_BR","og_type":"article","og_title":"Avulso Inicial - PL 3682\/2025 - C\u00e2mara - Legislapp","og_description":"Avulso Inicial &#8211; Autoria de Rafael Prudente PROJETO DE LEI N\u00ba DE 2025 (Do Sr. Rafael Prudente) Acresce o art. 67-A \u00e0 Lei n\u00ba 8.112, de 11 de dezembro de 1990, para instituir adicional por tempo de servi\u00e7o, na forma de anu\u00eanio, aos servidores p\u00fablicos civis da Uni\u00e3o. O CONGRESSO NACIONAL decreta: Art. 1\u00ba Esta [&hellip;]","og_url":"https:\/\/www.legislapp.com.br\/index.php\/avulso-inicial-pl-3682-2025-camara\/","og_site_name":"Legislapp","article_publisher":"https:\/\/www.instagram.com\/legislapp\/","og_image":[{"url":"https:\/\/www.legislapp.com.br\/wp-content\/uploads\/2021\/07\/Logo-Legislapp-1-03-1.png","type":"","width":"","height":""}],"twitter_card":"summary_large_image","twitter_misc":{"Est. tempo de leitura":"6 minutos"},"schema":{"@context":"https:\/\/schema.org","@graph":[{"@type":"WebPage","@id":"https:\/\/www.legislapp.com.br\/index.php\/avulso-inicial-pl-3682-2025-camara\/","url":"https:\/\/www.legislapp.com.br\/index.php\/avulso-inicial-pl-3682-2025-camara\/","name":"Avulso Inicial - PL 3682\/2025 - C\u00e2mara - Legislapp","isPartOf":{"@id":"https:\/\/www.legislapp.com.br\/#website"},"primaryImageOfPage":{"@id":"https:\/\/www.legislapp.com.br\/index.php\/avulso-inicial-pl-3682-2025-camara\/#primaryimage"},"image":{"@id":"https:\/\/www.legislapp.com.br\/index.php\/avulso-inicial-pl-3682-2025-camara\/#primaryimage"},"thumbnailUrl":"https:\/\/www.legislapp.com.br\/wp-content\/uploads\/2021\/07\/Logo-Legislapp-1-03-1.png","datePublished":"2025-12-01T13:48:10+00:00","breadcrumb":{"@id":"https:\/\/www.legislapp.com.br\/index.php\/avulso-inicial-pl-3682-2025-camara\/#breadcrumb"},"inLanguage":"pt-BR","potentialAction":[{"@type":"ReadAction","target":["https:\/\/www.legislapp.com.br\/index.php\/avulso-inicial-pl-3682-2025-camara\/"]}]},{"@type":"ImageObject","inLanguage":"pt-BR","@id":"https:\/\/www.legislapp.com.br\/index.php\/avulso-inicial-pl-3682-2025-camara\/#primaryimage","url":"https:\/\/www.legislapp.com.br\/wp-content\/uploads\/2021\/07\/Logo-Legislapp-1-03-1.png","contentUrl":"https:\/\/www.legislapp.com.br\/wp-content\/uploads\/2021\/07\/Logo-Legislapp-1-03-1.png","width":2679,"height":2697},{"@type":"BreadcrumbList","@id":"https:\/\/www.legislapp.com.br\/index.php\/avulso-inicial-pl-3682-2025-camara\/#breadcrumb","itemListElement":[{"@type":"ListItem","position":1,"name":"In\u00edcio","item":"https:\/\/www.legislapp.com.br\/"},{"@type":"ListItem","position":2,"name":"Avulso Inicial &#8211; PL 3682\/2025 &#8211; C\u00e2mara"}]},{"@type":"WebSite","@id":"https:\/\/www.legislapp.com.br\/#website","url":"https:\/\/www.legislapp.com.br\/","name":"Legislapp","description":"Intelig\u00eancia governamental em tempo real","publisher":{"@id":"https:\/\/www.legislapp.com.br\/#organization"},"potentialAction":[{"@type":"SearchAction","target":{"@type":"EntryPoint","urlTemplate":"https:\/\/www.legislapp.com.br\/?s={search_term_string}"},"query-input":{"@type":"PropertyValueSpecification","valueRequired":true,"valueName":"search_term_string"}}],"inLanguage":"pt-BR"},{"@type":"Organization","@id":"https:\/\/www.legislapp.com.br\/#organization","name":"Legislapp Monitoramento e Intelig\u00eancia Governamental","url":"https:\/\/www.legislapp.com.br\/","logo":{"@type":"ImageObject","inLanguage":"pt-BR","@id":"https:\/\/www.legislapp.com.br\/#\/schema\/logo\/image\/","url":"https:\/\/www.legislapp.com.br\/wp-content\/uploads\/icon.png","contentUrl":"https:\/\/www.legislapp.com.br\/wp-content\/uploads\/icon.png","width":1024,"height":1024,"caption":"Legislapp Monitoramento e Intelig\u00eancia Governamental"},"image":{"@id":"https:\/\/www.legislapp.com.br\/#\/schema\/logo\/image\/"},"sameAs":["https:\/\/www.instagram.com\/legislapp\/"]}]}},"_links":{"self":[{"href":"https:\/\/www.legislapp.com.br\/index.php\/wp-json\/wp\/v2\/pages\/9886","targetHints":{"allow":["GET"]}}],"collection":[{"href":"https:\/\/www.legislapp.com.br\/index.php\/wp-json\/wp\/v2\/pages"}],"about":[{"href":"https:\/\/www.legislapp.com.br\/index.php\/wp-json\/wp\/v2\/types\/page"}],"author":[{"embeddable":true,"href":"https:\/\/www.legislapp.com.br\/index.php\/wp-json\/wp\/v2\/users\/1"}],"replies":[{"embeddable":true,"href":"https:\/\/www.legislapp.com.br\/index.php\/wp-json\/wp\/v2\/comments?post=9886"}],"version-history":[{"count":0,"href":"https:\/\/www.legislapp.com.br\/index.php\/wp-json\/wp\/v2\/pages\/9886\/revisions"}],"wp:attachment":[{"href":"https:\/\/www.legislapp.com.br\/index.php\/wp-json\/wp\/v2\/media?parent=9886"}],"curies":[{"name":"wp","href":"https:\/\/api.w.org\/{rel}","templated":true}]}}