{"id":9888,"date":"2025-12-01T10:48:14","date_gmt":"2025-12-01T13:48:14","guid":{"rendered":"https:\/\/www.legislapp.com.br\/index.php\/avulso-inicial-pl-4659-2025-camara\/"},"modified":"2025-12-01T10:48:14","modified_gmt":"2025-12-01T13:48:14","slug":"avulso-inicial-pl-4659-2025-camara","status":"publish","type":"page","link":"https:\/\/www.legislapp.com.br\/index.php\/avulso-inicial-pl-4659-2025-camara\/","title":{"rendered":"Avulso Inicial &#8211; PL 4659\/2025 &#8211; C\u00e2mara"},"content":{"rendered":"<h1 style='text-align: center;'>Avulso Inicial &#8211; Autoria de Delegada Ione<\/h3>\n<p><\/p>\n<article>PROJETO DE LEI N\u00ba          , DE 2025<br \/>\n(Da Sra. DELEGADA IONE)<br \/>\nEstabelece normas gerais de prote\u00e7\u00e3o<br \/>\n\u00e0 dignidade da mulher v\u00edtima de feminic\u00eddio<br \/>\nou de viol\u00eancia dom\u00e9stica e familiar,<br \/>\nvedando a utiliza\u00e7\u00e3o, pelo agressor ou por<br \/>\nseus familiares, de seu nome, imagem, voz<br \/>\nou quaisquer dados identificadores.<br \/>\nO Congresso Nacional decreta:<br \/>\no<br \/>\nArt. 1\u00ba Esta Lei altera a Lei n 11.340, de 7 de agosto de 2006 \u2013<br \/>\nLei Maria da Penha, para estabelecer normas gerais de prote\u00e7\u00e3o \u00e0 dignidade<br \/>\nda mulher v\u00edtima de feminic\u00eddio ou de viol\u00eancia dom\u00e9stica e familiar, vedando a<br \/>\nutiliza\u00e7\u00e3o, pelo agressor ou por seus familiares, de seu nome, imagem, voz ou<br \/>\nquaisquer dados identificadores.<br \/>\no o<br \/>\nArt. 2 A Lei n 11.340, de 7 de agosto de 2006 \u2013 Lei Maria da<br \/>\nPenha, passa a vigorar acrescido do seguinte art. 17-B:<br \/>\nArt. 17.B Fica proibida a utiliza\u00e7\u00e3o, por parte do agressor ou de<br \/>\nseus familiares, do nome, da imagem, da voz ou de quaisquer<br \/>\ndados identificadores da mulher v\u00edtima de feminic\u00eddio ou de<br \/>\nviol\u00eancia dom\u00e9stica e familiar, em qualquer meio de<br \/>\ncomunica\u00e7\u00e3o f\u00edsico ou digital, inclusive redes sociais,<br \/>\nentrevistas, propagandas, mat\u00e9rias audiovisuais, outdoors ou<br \/>\nsimilares, sempre que tal utiliza\u00e7\u00e3o puder violar a dignidade da<br \/>\nv\u00edtima ou de sua mem\u00f3ria.<br \/>\n\u00a7 1\u00ba A proibi\u00e7\u00e3o de que trata o caput ter\u00e1 in\u00edcio com a<br \/>\nconcess\u00e3o de medida protetiva de urg\u00eancia em favor da v\u00edtima<br \/>\nou, em caso de feminic\u00eddio, a partir do registro da ocorr\u00eancia<br \/>\npolicial.<br \/>\n\u00a7 2\u00ba Constatada a divulga\u00e7\u00e3o indevida, o agressor ou seus<br \/>\nfamiliares dever\u00e3o proceder \u00e0 imediata retirada do conte\u00fado no<br \/>\nprazo m\u00e1ximo de 48 (quarenta e oito) horas, sob pena de<br \/>\naplica\u00e7\u00e3o das san\u00e7\u00f5es previstas nesta Lei.<br \/>\no<br \/>\n\u00a73 O descumprimento do disposto nesse artigo acarretar\u00e1:<br \/>\nPara verificar a assinatura, acesse https:\/\/infoleg-autenticidade-assinatura.camara.leg.br\/CD252033477300<br \/>\nAssinado eletronicamente pelo(a) Dep. Delegada Ione<br \/>\nApresenta\u00e7\u00e3o: 18\/09\/2025 13:13:58.150 &#8211; Mesa<br \/>\n*CD252033477300* PL n.4659\/2025<br \/>2<br \/>\nI \u2013 multa a ser fixada pelo juiz, revertida ao fundo de pol\u00edticas<br \/>\np\u00fablicas de enfrentamento \u00e0 viol\u00eancia contra as mulheres do<br \/>\nrespectivo ente federativo;<br \/>\nII \u2013 obriga\u00e7\u00e3o de repara\u00e7\u00e3o por danos morais \u00e0 v\u00edtima<br \/>\nsobrevivente ou, em caso de morte, aos seus familiares;<br \/>\nIII \u2013 sem preju\u00edzo da responsabiliza\u00e7\u00e3o civil e criminal cab\u00edvel.<br \/>\no<br \/>\n\u00a74 Compete ao Minist\u00e9rio P\u00fablico, \u00e0 Defensoria P\u00fablica, \u00e0<br \/>\nautoridade policial e aos familiares da v\u00edtima requerer a<br \/>\naplica\u00e7\u00e3o das medidas previstas nesta Lei.<br \/>\nArt. 3\u00ba Esta Lei entra em vigor na data de sua publica\u00e7\u00e3o.<br \/>\nJUSTIFICA\u00c7\u00c3O<br \/>\nO presente Projeto de Lei tem por finalidade estabelecer, em<br \/>\n\u00e2mbito nacional, a proibi\u00e7\u00e3o da utiliza\u00e7\u00e3o, pelo agressor ou por seus familiares,<br \/>\ndo nome, da imagem ou da voz da mulher v\u00edtima de feminic\u00eddio ou de viol\u00eancia<br \/>\ndom\u00e9stica e familiar.<br \/>\nA mat\u00e9ria j\u00e1 tem sido objeto de disciplina em legisla\u00e7\u00f5es<br \/>\nestaduais recentes. O Estado do Maranh\u00e3o foi pioneiro ao aprovar a Lei<br \/>\nEstadual n\u00ba 12.118\/2023, conhecida como Lei Mariana Costa, que veda o uso<br \/>\ndo nome e\/ou da imagem da v\u00edtima pelo agressor ou seus familiares em<br \/>\nm\u00eddias, entrevistas ou propagandas. Na sequ\u00eancia, a Para\u00edba editou a Lei n\u00ba<br \/>\n13.513\/2024 e, mais recentemente, o Rio Grande do Norte aprovou a Lei n\u00ba<br \/>\n12.258\/2025, todas em linha com a mesma preocupa\u00e7\u00e3o de proteger a<br \/>\ndignidade da v\u00edtima para al\u00e9m do processo judicial.<br \/>\nEsses diplomas estaduais nasceram da constata\u00e7\u00e3o de um<br \/>\nproblema cada vez mais recorrente: a explora\u00e7\u00e3o indevida da imagem da<br \/>\nv\u00edtima por parte do agressor, muitas vezes com significativo poder econ\u00f4mico,<br \/>\ncom o objetivo de manipular a opini\u00e3o p\u00fablica, influenciar o resultado do<br \/>\nprocesso ou vilipendiar a mem\u00f3ria da mulher. Casos concretos revelam<br \/>\npostagens depreciativas em redes sociais, produ\u00e7\u00f5es audiovisuais destinadas<br \/>\na desconstruir a imagem da v\u00edtima, outdoors e at\u00e9 mesmo a veicula\u00e7\u00e3o de<br \/>\nnot\u00edcias falsas.<br \/>\nPara verificar a assinatura, acesse https:\/\/infoleg-autenticidade-assinatura.camara.leg.br\/CD252033477300<br \/>\nAssinado eletronicamente pelo(a) Dep. Delegada Ione<br \/>\nApresenta\u00e7\u00e3o: 18\/09\/2025 13:13:58.150 &#8211; Mesa<br \/>\n*CD252033477300* PL n.4659\/2025<br \/>3<br \/>\nO direito fundamental \u00e0 imagem, assegurado no art. 5\u00ba, inciso<br \/>\nX, da Constitui\u00e7\u00e3o Federal, e refor\u00e7ado pelo art. 20 do C\u00f3digo Civil, protege<br \/>\nn\u00e3o apenas a reprodu\u00e7\u00e3o gr\u00e1fica do retrato da pessoa, mas tamb\u00e9m a sua<br \/>\nhonra, boa fama e voz. No contexto da viol\u00eancia contra a mulher, esse direito<br \/>\nassume contornos ainda mais sens\u00edveis, especialmente diante da<br \/>\nvulnerabilidade da v\u00edtima e da necessidade de evitar novas formas de viol\u00eancia<br \/>\nsimb\u00f3lica e psicol\u00f3gica.<br \/>\nNesse sentido, o legislador federal j\u00e1 demonstrou sensibilidade<br \/>\nao tema ao incluir, em 2024, o art. 17-A na Lei Maria da Penha, prevendo o<br \/>\nsigilo do nome da v\u00edtima em processos envolvendo viol\u00eancia dom\u00e9stica. A<br \/>\nproposta ora apresentada complementa esse avan\u00e7o, estendendo a prote\u00e7\u00e3o<br \/>\npara al\u00e9m do processo judicial e coibindo o uso p\u00fablico e ofensivo da<br \/>\nidentidade da v\u00edtima pelo agressor.<br \/>\nA medida, portanto, n\u00e3o \u00e9 apenas constitucional, como tamb\u00e9m<br \/>\nnecess\u00e1ria. Em mat\u00e9ria de compet\u00eancia legislativa, a Constitui\u00e7\u00e3o Federal<br \/>\nautoriza os Estados a legislar de forma concorrente sobre procedimentos (art.<br \/>\n24, XI), e o Supremo Tribunal Federal tem reiteradamente reconhecido a<br \/>\nconstitucionalidade de leis estaduais que, em car\u00e1ter suplementar, buscam<br \/>\nproteger mulheres v\u00edtimas de viol\u00eancia. N\u00e3o obstante, para assegurar prote\u00e7\u00e3o<br \/>\nuniforme em todo o territ\u00f3rio nacional, \u00e9 imprescind\u00edvel a edi\u00e7\u00e3o de uma lei<br \/>\nfederal que discipline normas gerais sobre o tema, sem excluir a possibilidade<br \/>\nde os Estados avan\u00e7arem em medidas mais protetivas.<br \/>\nPor todo o exposto, o Projeto de Lei ora apresentado<br \/>\nrepresenta um passo importante no fortalecimento da rede de enfrentamento \u00e0<br \/>\nviol\u00eancia contra as mulheres, garantindo respeito \u00e0 sua dignidade, \u00e0 sua<br \/>\nmem\u00f3ria e \u00e0 sua fam\u00edlia, al\u00e9m de impedir pr\u00e1ticas reprov\u00e1veis que revitimizam<br \/>\ne prolongam o sofrimento causado pela viol\u00eancia.<br \/>\nContamos, assim, com o apoio dos nobres Pares para a<br \/>\naprova\u00e7\u00e3o da presente iniciativa.<br \/>\nPara verificar a assinatura, acesse https:\/\/infoleg-autenticidade-assinatura.camara.leg.br\/CD252033477300<br \/>\nAssinado eletronicamente pelo(a) Dep. Delegada Ione<br \/>\nApresenta\u00e7\u00e3o: 18\/09\/2025 13:13:58.150 &#8211; Mesa<br \/>\n*CD252033477300* PL n.4659\/2025<br \/>4<br \/>\nSala das Sess\u00f5es, em        de                     de 2025.<br \/>\nDeputada DELEGADA IONE<br \/>\n2025-12982<br \/>\nPara verificar a assinatura, acesse https:\/\/infoleg-autenticidade-assinatura.camara.leg.br\/CD252033477300<br \/>\nAssinado eletronicamente pelo(a) Dep. Delegada Ione<br \/>\nApresenta\u00e7\u00e3o: 18\/09\/2025 13:13:58.150 &#8211; Mesa<br \/>\n*CD252033477300* PL n.4659\/2025<\/article>\n<p><a href='https:\/\/app.legislapp.com.br\/#\/busca?termo=Altera\u00e7\u00e3o'>Altera\u00e7\u00e3o<\/a>, <a href='https:\/\/app.legislapp.com.br\/#\/busca?termo=Lei Maria da Penha (2006)'>Lei Maria da Penha (2006)<\/a>, <a href='https:\/\/app.legislapp.com.br\/#\/busca?termo=proibi\u00e7\u00e3o'>proibi\u00e7\u00e3o<\/a>, <a href='https:\/\/app.legislapp.com.br\/#\/busca?termo=utiliza\u00e7\u00e3o'>utiliza\u00e7\u00e3o<\/a>, <a href='https:\/\/app.legislapp.com.br\/#\/busca?termo=nome'>nome<\/a>, <a href='https:\/\/app.legislapp.com.br\/#\/busca?termo=imagem'>imagem<\/a>, <a href='https:\/\/app.legislapp.com.br\/#\/busca?termo=voz humana'>voz humana<\/a>, <a href='https:\/\/app.legislapp.com.br\/#\/busca?termo=dados'>dados<\/a>, <a href='https:\/\/app.legislapp.com.br\/#\/busca?termo=identifica\u00e7\u00e3o'>identifica\u00e7\u00e3o<\/a>, <a href='https:\/\/app.legislapp.com.br\/#\/busca?termo=v\u00edtima'>v\u00edtima<\/a>, <a href='https:\/\/app.legislapp.com.br\/#\/busca?termo=feminic\u00eddio'>feminic\u00eddio<\/a>, <a href='https:\/\/app.legislapp.com.br\/#\/busca?termo=viol\u00eancia dom\u00e9stica'>viol\u00eancia dom\u00e9stica<\/a>, <a href='https:\/\/app.legislapp.com.br\/#\/busca?termo=agressor'>agressor<\/a>, <a href='https:\/\/app.legislapp.com.br\/#\/busca?termo=feminicida'>feminicida<\/a>, <a href='https:\/\/app.legislapp.com.br\/#\/busca?termo=fam\u00edlia'>fam\u00edlia<\/a>, <a href='https:\/\/app.legislapp.com.br\/#\/busca?termo=parente'>parente<\/a>, <a href='https:\/\/app.legislapp.com.br\/#\/busca?termo=mulher'>mulher<\/a>, <a href='https:\/\/app.legislapp.com.br\/#\/busca?termo=viola\u00e7\u00e3o'>viola\u00e7\u00e3o<\/a>, <a href='https:\/\/app.legislapp.com.br\/#\/busca?termo=dignidade p\u00f3stuma'>dignidade p\u00f3stuma<\/a>, <a href='https:\/\/app.legislapp.com.br\/#\/busca?termo=diretrizes'>diretrizes<\/a>, <a href='https:\/\/app.legislapp.com.br\/#\/busca?termo=in\u00edcio'>in\u00edcio<\/a>, <a href='https:\/\/app.legislapp.com.br\/#\/busca?termo=medida protetiva de urg\u00eancia'>medida protetiva de urg\u00eancia<\/a>, <a href='https:\/\/app.legislapp.com.br\/#\/busca?termo=registro'>registro<\/a>, <a href='https:\/\/app.legislapp.com.br\/#\/busca?termo=ocorr\u00eancia policial'>ocorr\u00eancia policial<\/a>, <a href='https:\/\/app.legislapp.com.br\/#\/busca?termo=enfrentamento'>enfrentamento<\/a>, <a href='https:\/\/app.legislapp.com.br\/#\/busca?termo=viol\u00eancia contra a mulher'>viol\u00eancia contra a mulher<\/a>, <a href='https:\/\/app.legislapp.com.br\/#\/busca?termo=crime contra a mulher.'>crime contra a mulher.<\/a><\/p>\n<div style=\"text-align: center\">\n      <img decoding=\"async\" style=\"width: 14%;\" src=\"https:\/\/www.legislapp.com.br\/wp-content\/uploads\/2021\/07\/Logo-Legislapp-1-03-1.png\"><br \/>\n      <\/p>\n<div style=\"margin-bottom: 20px;\" class=\"et_pb_button_module_wrapper et_pb_button_5_tb_body_wrapper et_pb_button_alignment_center et_pb_module \">\n         <a class=\"et_pb_button et_pb_button_5_tb_body et_hover_enabled et_pb_bg_layout_dark\" style=\"width: 50%;background-color: black;\" href=\"https:\/\/app.legislapp.com.br\" target=\"_blank\" rel=\"noopener\">Visualizar completo na nossa plataforma (30 dias gr\u00e1tis)<\/a><\/p><\/div>\n<p>      <a href=\"https:\/\/play.google.com\/store\/apps\/details?id=br.com.legislapp\"><img decoding=\"async\" style=\"width: 15%; min-width: 130px;\" src=\"https:\/\/www.legislapp.com.br\/wp-content\/uploads\/google-play.png\"><\/a><br \/>\n      <a href=\"https:\/\/apps.apple.com\/us\/app\/legislapp\/id1568929859\"><img decoding=\"async\" style=\"width: 15%; min-width: 130px\" src=\"https:\/\/www.legislapp.com.br\/wp-content\/uploads\/apple-store.png\"><\/a>\n   <\/div>\n","protected":false},"excerpt":{"rendered":"<p>Avulso Inicial &#8211; Autoria de Delegada Ione PROJETO DE LEI N\u00ba , DE 2025 (Da Sra. DELEGADA IONE) Estabelece normas gerais de prote\u00e7\u00e3o \u00e0 dignidade da mulher v\u00edtima de feminic\u00eddio ou de viol\u00eancia dom\u00e9stica e familiar, vedando a utiliza\u00e7\u00e3o, pelo agressor ou por seus familiares, de seu nome, imagem, voz ou quaisquer dados identificadores. O [&hellip;]<\/p>\n","protected":false},"author":1,"featured_media":0,"parent":0,"menu_order":0,"comment_status":"closed","ping_status":"closed","template":"page-template-blank.php","meta":{"_et_pb_use_builder":"","_et_pb_old_content":"","_et_gb_content_width":"1080","ngg_post_thumbnail":0,"footnotes":""},"class_list":["post-9888","page","type-page","status-publish","hentry"],"yoast_head":"<!-- This site is optimized with the Yoast SEO plugin v24.4 - https:\/\/yoast.com\/wordpress\/plugins\/seo\/ -->\n<title>Avulso Inicial - PL 4659\/2025 - C\u00e2mara - Legislapp<\/title>\n<meta name=\"robots\" content=\"index, follow, max-snippet:-1, max-image-preview:large, max-video-preview:-1\" \/>\n<link rel=\"canonical\" href=\"https:\/\/www.legislapp.com.br\/index.php\/avulso-inicial-pl-4659-2025-camara\/\" \/>\n<meta property=\"og:locale\" content=\"pt_BR\" \/>\n<meta property=\"og:type\" content=\"article\" \/>\n<meta property=\"og:title\" content=\"Avulso Inicial - PL 4659\/2025 - C\u00e2mara - Legislapp\" \/>\n<meta property=\"og:description\" content=\"Avulso Inicial &#8211; Autoria de Delegada Ione PROJETO DE LEI N\u00ba , DE 2025 (Da Sra. DELEGADA IONE) Estabelece normas gerais de prote\u00e7\u00e3o \u00e0 dignidade da mulher v\u00edtima de feminic\u00eddio ou de viol\u00eancia dom\u00e9stica e familiar, vedando a utiliza\u00e7\u00e3o, pelo agressor ou por seus familiares, de seu nome, imagem, voz ou quaisquer dados identificadores. O [&hellip;]\" \/>\n<meta property=\"og:url\" content=\"https:\/\/www.legislapp.com.br\/index.php\/avulso-inicial-pl-4659-2025-camara\/\" \/>\n<meta property=\"og:site_name\" content=\"Legislapp\" \/>\n<meta property=\"article:publisher\" content=\"https:\/\/www.instagram.com\/legislapp\/\" \/>\n<meta property=\"og:image\" content=\"https:\/\/www.legislapp.com.br\/wp-content\/uploads\/2021\/07\/Logo-Legislapp-1-03-1.png\" \/>\n<meta name=\"twitter:card\" content=\"summary_large_image\" \/>\n<meta name=\"twitter:label1\" content=\"Est. tempo de leitura\" \/>\n\t<meta name=\"twitter:data1\" content=\"6 minutos\" \/>\n<script type=\"application\/ld+json\" class=\"yoast-schema-graph\">{\"@context\":\"https:\/\/schema.org\",\"@graph\":[{\"@type\":\"WebPage\",\"@id\":\"https:\/\/www.legislapp.com.br\/index.php\/avulso-inicial-pl-4659-2025-camara\/\",\"url\":\"https:\/\/www.legislapp.com.br\/index.php\/avulso-inicial-pl-4659-2025-camara\/\",\"name\":\"Avulso Inicial - PL 4659\/2025 - C\u00e2mara - Legislapp\",\"isPartOf\":{\"@id\":\"https:\/\/www.legislapp.com.br\/#website\"},\"primaryImageOfPage\":{\"@id\":\"https:\/\/www.legislapp.com.br\/index.php\/avulso-inicial-pl-4659-2025-camara\/#primaryimage\"},\"image\":{\"@id\":\"https:\/\/www.legislapp.com.br\/index.php\/avulso-inicial-pl-4659-2025-camara\/#primaryimage\"},\"thumbnailUrl\":\"https:\/\/www.legislapp.com.br\/wp-content\/uploads\/2021\/07\/Logo-Legislapp-1-03-1.png\",\"datePublished\":\"2025-12-01T13:48:14+00:00\",\"breadcrumb\":{\"@id\":\"https:\/\/www.legislapp.com.br\/index.php\/avulso-inicial-pl-4659-2025-camara\/#breadcrumb\"},\"inLanguage\":\"pt-BR\",\"potentialAction\":[{\"@type\":\"ReadAction\",\"target\":[\"https:\/\/www.legislapp.com.br\/index.php\/avulso-inicial-pl-4659-2025-camara\/\"]}]},{\"@type\":\"ImageObject\",\"inLanguage\":\"pt-BR\",\"@id\":\"https:\/\/www.legislapp.com.br\/index.php\/avulso-inicial-pl-4659-2025-camara\/#primaryimage\",\"url\":\"https:\/\/www.legislapp.com.br\/wp-content\/uploads\/2021\/07\/Logo-Legislapp-1-03-1.png\",\"contentUrl\":\"https:\/\/www.legislapp.com.br\/wp-content\/uploads\/2021\/07\/Logo-Legislapp-1-03-1.png\",\"width\":2679,\"height\":2697},{\"@type\":\"BreadcrumbList\",\"@id\":\"https:\/\/www.legislapp.com.br\/index.php\/avulso-inicial-pl-4659-2025-camara\/#breadcrumb\",\"itemListElement\":[{\"@type\":\"ListItem\",\"position\":1,\"name\":\"In\u00edcio\",\"item\":\"https:\/\/www.legislapp.com.br\/\"},{\"@type\":\"ListItem\",\"position\":2,\"name\":\"Avulso Inicial &#8211; PL 4659\/2025 &#8211; C\u00e2mara\"}]},{\"@type\":\"WebSite\",\"@id\":\"https:\/\/www.legislapp.com.br\/#website\",\"url\":\"https:\/\/www.legislapp.com.br\/\",\"name\":\"Legislapp\",\"description\":\"Intelig\u00eancia governamental em tempo real\",\"publisher\":{\"@id\":\"https:\/\/www.legislapp.com.br\/#organization\"},\"potentialAction\":[{\"@type\":\"SearchAction\",\"target\":{\"@type\":\"EntryPoint\",\"urlTemplate\":\"https:\/\/www.legislapp.com.br\/?s={search_term_string}\"},\"query-input\":{\"@type\":\"PropertyValueSpecification\",\"valueRequired\":true,\"valueName\":\"search_term_string\"}}],\"inLanguage\":\"pt-BR\"},{\"@type\":\"Organization\",\"@id\":\"https:\/\/www.legislapp.com.br\/#organization\",\"name\":\"Legislapp Monitoramento e Intelig\u00eancia Governamental\",\"url\":\"https:\/\/www.legislapp.com.br\/\",\"logo\":{\"@type\":\"ImageObject\",\"inLanguage\":\"pt-BR\",\"@id\":\"https:\/\/www.legislapp.com.br\/#\/schema\/logo\/image\/\",\"url\":\"https:\/\/www.legislapp.com.br\/wp-content\/uploads\/icon.png\",\"contentUrl\":\"https:\/\/www.legislapp.com.br\/wp-content\/uploads\/icon.png\",\"width\":1024,\"height\":1024,\"caption\":\"Legislapp Monitoramento e Intelig\u00eancia Governamental\"},\"image\":{\"@id\":\"https:\/\/www.legislapp.com.br\/#\/schema\/logo\/image\/\"},\"sameAs\":[\"https:\/\/www.instagram.com\/legislapp\/\"]}]}<\/script>\n<!-- \/ Yoast SEO plugin. -->","yoast_head_json":{"title":"Avulso Inicial - PL 4659\/2025 - C\u00e2mara - Legislapp","robots":{"index":"index","follow":"follow","max-snippet":"max-snippet:-1","max-image-preview":"max-image-preview:large","max-video-preview":"max-video-preview:-1"},"canonical":"https:\/\/www.legislapp.com.br\/index.php\/avulso-inicial-pl-4659-2025-camara\/","og_locale":"pt_BR","og_type":"article","og_title":"Avulso Inicial - PL 4659\/2025 - C\u00e2mara - Legislapp","og_description":"Avulso Inicial &#8211; Autoria de Delegada Ione PROJETO DE LEI N\u00ba , DE 2025 (Da Sra. DELEGADA IONE) Estabelece normas gerais de prote\u00e7\u00e3o \u00e0 dignidade da mulher v\u00edtima de feminic\u00eddio ou de viol\u00eancia dom\u00e9stica e familiar, vedando a utiliza\u00e7\u00e3o, pelo agressor ou por seus familiares, de seu nome, imagem, voz ou quaisquer dados identificadores. O [&hellip;]","og_url":"https:\/\/www.legislapp.com.br\/index.php\/avulso-inicial-pl-4659-2025-camara\/","og_site_name":"Legislapp","article_publisher":"https:\/\/www.instagram.com\/legislapp\/","og_image":[{"url":"https:\/\/www.legislapp.com.br\/wp-content\/uploads\/2021\/07\/Logo-Legislapp-1-03-1.png","type":"","width":"","height":""}],"twitter_card":"summary_large_image","twitter_misc":{"Est. tempo de leitura":"6 minutos"},"schema":{"@context":"https:\/\/schema.org","@graph":[{"@type":"WebPage","@id":"https:\/\/www.legislapp.com.br\/index.php\/avulso-inicial-pl-4659-2025-camara\/","url":"https:\/\/www.legislapp.com.br\/index.php\/avulso-inicial-pl-4659-2025-camara\/","name":"Avulso Inicial - PL 4659\/2025 - C\u00e2mara - Legislapp","isPartOf":{"@id":"https:\/\/www.legislapp.com.br\/#website"},"primaryImageOfPage":{"@id":"https:\/\/www.legislapp.com.br\/index.php\/avulso-inicial-pl-4659-2025-camara\/#primaryimage"},"image":{"@id":"https:\/\/www.legislapp.com.br\/index.php\/avulso-inicial-pl-4659-2025-camara\/#primaryimage"},"thumbnailUrl":"https:\/\/www.legislapp.com.br\/wp-content\/uploads\/2021\/07\/Logo-Legislapp-1-03-1.png","datePublished":"2025-12-01T13:48:14+00:00","breadcrumb":{"@id":"https:\/\/www.legislapp.com.br\/index.php\/avulso-inicial-pl-4659-2025-camara\/#breadcrumb"},"inLanguage":"pt-BR","potentialAction":[{"@type":"ReadAction","target":["https:\/\/www.legislapp.com.br\/index.php\/avulso-inicial-pl-4659-2025-camara\/"]}]},{"@type":"ImageObject","inLanguage":"pt-BR","@id":"https:\/\/www.legislapp.com.br\/index.php\/avulso-inicial-pl-4659-2025-camara\/#primaryimage","url":"https:\/\/www.legislapp.com.br\/wp-content\/uploads\/2021\/07\/Logo-Legislapp-1-03-1.png","contentUrl":"https:\/\/www.legislapp.com.br\/wp-content\/uploads\/2021\/07\/Logo-Legislapp-1-03-1.png","width":2679,"height":2697},{"@type":"BreadcrumbList","@id":"https:\/\/www.legislapp.com.br\/index.php\/avulso-inicial-pl-4659-2025-camara\/#breadcrumb","itemListElement":[{"@type":"ListItem","position":1,"name":"In\u00edcio","item":"https:\/\/www.legislapp.com.br\/"},{"@type":"ListItem","position":2,"name":"Avulso Inicial &#8211; PL 4659\/2025 &#8211; C\u00e2mara"}]},{"@type":"WebSite","@id":"https:\/\/www.legislapp.com.br\/#website","url":"https:\/\/www.legislapp.com.br\/","name":"Legislapp","description":"Intelig\u00eancia governamental em tempo real","publisher":{"@id":"https:\/\/www.legislapp.com.br\/#organization"},"potentialAction":[{"@type":"SearchAction","target":{"@type":"EntryPoint","urlTemplate":"https:\/\/www.legislapp.com.br\/?s={search_term_string}"},"query-input":{"@type":"PropertyValueSpecification","valueRequired":true,"valueName":"search_term_string"}}],"inLanguage":"pt-BR"},{"@type":"Organization","@id":"https:\/\/www.legislapp.com.br\/#organization","name":"Legislapp Monitoramento e Intelig\u00eancia Governamental","url":"https:\/\/www.legislapp.com.br\/","logo":{"@type":"ImageObject","inLanguage":"pt-BR","@id":"https:\/\/www.legislapp.com.br\/#\/schema\/logo\/image\/","url":"https:\/\/www.legislapp.com.br\/wp-content\/uploads\/icon.png","contentUrl":"https:\/\/www.legislapp.com.br\/wp-content\/uploads\/icon.png","width":1024,"height":1024,"caption":"Legislapp Monitoramento e Intelig\u00eancia Governamental"},"image":{"@id":"https:\/\/www.legislapp.com.br\/#\/schema\/logo\/image\/"},"sameAs":["https:\/\/www.instagram.com\/legislapp\/"]}]}},"_links":{"self":[{"href":"https:\/\/www.legislapp.com.br\/index.php\/wp-json\/wp\/v2\/pages\/9888","targetHints":{"allow":["GET"]}}],"collection":[{"href":"https:\/\/www.legislapp.com.br\/index.php\/wp-json\/wp\/v2\/pages"}],"about":[{"href":"https:\/\/www.legislapp.com.br\/index.php\/wp-json\/wp\/v2\/types\/page"}],"author":[{"embeddable":true,"href":"https:\/\/www.legislapp.com.br\/index.php\/wp-json\/wp\/v2\/users\/1"}],"replies":[{"embeddable":true,"href":"https:\/\/www.legislapp.com.br\/index.php\/wp-json\/wp\/v2\/comments?post=9888"}],"version-history":[{"count":0,"href":"https:\/\/www.legislapp.com.br\/index.php\/wp-json\/wp\/v2\/pages\/9888\/revisions"}],"wp:attachment":[{"href":"https:\/\/www.legislapp.com.br\/index.php\/wp-json\/wp\/v2\/media?parent=9888"}],"curies":[{"name":"wp","href":"https:\/\/api.w.org\/{rel}","templated":true}]}}