{"id":9892,"date":"2025-12-01T10:48:31","date_gmt":"2025-12-01T13:48:31","guid":{"rendered":"https:\/\/www.legislapp.com.br\/index.php\/avulso-inicial-pl-3182-2025-camara\/"},"modified":"2025-12-01T10:48:31","modified_gmt":"2025-12-01T13:48:31","slug":"avulso-inicial-pl-3182-2025-camara","status":"publish","type":"page","link":"https:\/\/www.legislapp.com.br\/index.php\/avulso-inicial-pl-3182-2025-camara\/","title":{"rendered":"Avulso Inicial &#8211; PL 3182\/2025 &#8211; C\u00e2mara"},"content":{"rendered":"<h1 style='text-align: center;'>Avulso Inicial &#8211; Autoria de Capit\u00e3o Augusto<\/h3>\n<p><\/p>\n<article>PROJETO DE LEI N.\u00ba              , DE 2025<br \/>\n(Do Sr. Capit\u00e3o Augusto)<br \/>\nPro\u00edbe a reutiliza\u00e7\u00e3o de n\u00fameros de<br \/>\ntelefone m\u00f3vel por empresas de<br \/>\ntelecomunica\u00e7\u00f5es e d\u00e1 outras<br \/>\nprovid\u00eancias.<br \/>\nO Congresso Nacional decreta:<br \/>\nArt. 1\u00ba Esta lei disp\u00f5e sobre a proibi\u00e7\u00e3o da reutiliza\u00e7\u00e3o de n\u00fameros<br \/>\nde telefone m\u00f3vel por empresas de telecomunica\u00e7\u00f5es e d\u00e1 outras provid\u00eancias.<br \/>\nArt. 2\u00ba Fica proibida, em todo o territ\u00f3rio nacional, a reutiliza\u00e7\u00e3o de<br \/>\nn\u00fameros de telefone m\u00f3vel (servi\u00e7o m\u00f3vel pessoal \u2013 SMP) por empresas<br \/>\nprestadoras de servi\u00e7os de telecomunica\u00e7\u00f5es, ap\u00f3s o encerramento do<br \/>\ncontrato de presta\u00e7\u00e3o de servi\u00e7o com o consumidor titular da linha.<br \/>\nPar\u00e1grafo \u00fanico. A veda\u00e7\u00e3o de que trata o caput aplica-se inclusive<br \/>\nnos casos de inadimplemento, cancelamento volunt\u00e1rio ou inatividade<br \/>\nprolongada do n\u00famero.<br \/>\nArt. 3\u00ba As operadoras de telefonia dever\u00e3o garantir que os n\u00fameros<br \/>\ndesativados sejam permanentemente retirados da base de dados de aloca\u00e7\u00e3o<br \/>\nnum\u00e9rica dispon\u00edvel para novos clientes.<br \/>\nPara verificar a assinatura, acesse https:\/\/infoleg-autenticidade-assinatura.camara.leg.br\/CD254707631200<br \/>\nAssinado eletronicamente pelo(a) Dep. Capit\u00e3o Augusto<br \/>\nApresenta\u00e7\u00e3o: 02\/07\/2025 10:43:50.753 &#8211; Mesa<br \/>\n*CD254707631200* PL n.3182\/2025<br \/>Art. 4\u00ba O descumprimento desta Lei sujeitar\u00e1 a operadora infratora<br \/>\n\u00e0s seguintes penalidades administrativas, sem preju\u00edzo das san\u00e7\u00f5es civis e<br \/>\npenais cab\u00edveis:<br \/>\nI \u2013 multa de at\u00e9 R$ 50.000,00 (cinquenta mil reais) por n\u00famero<br \/>\nreutilizado;<br \/>\nII \u2013 obriga\u00e7\u00e3o de indenizar o novo usu\u00e1rio por eventuais danos<br \/>\nmorais e materiais;<br \/>\nIII \u2013 comunica\u00e7\u00e3o imediata ao Minist\u00e9rio P\u00fablico e \u00e0 ANATEL para<br \/>\napura\u00e7\u00e3o de eventuais responsabilidades.<br \/>\nArt. 5\u00ba Esta Lei entra em vigor ap\u00f3s 180 (cento e oitenta) dias de sua<br \/>\npublica\u00e7\u00e3o.<br \/>\nJUSTIFICATIVA<br \/>\nA pr\u00e1tica adotada pelas operadoras de telefonia de reutilizar<br \/>\nn\u00fameros de celular desativados tem gerado graves transtornos aos novos<br \/>\nusu\u00e1rios, especialmente quando tais n\u00fameros foram anteriormente utilizados<br \/>\npor pessoas com restri\u00e7\u00f5es financeiras ou d\u00edvidas ativas.<br \/>\nCom frequ\u00eancia, o novo titular da linha passa a receber<br \/>\nliga\u00e7\u00f5es, mensagens e notifica\u00e7\u00f5es de cobran\u00e7a direcionadas ao antigo<br \/>\npropriet\u00e1rio, o que n\u00e3o apenas causa inc\u00f4modo e invas\u00e3o de privacidade, mas<br \/>\ncompromete a tranquilidade, a honra e at\u00e9 a reputa\u00e7\u00e3o digital do cidad\u00e3o.<br \/>\nAl\u00e9m disso, h\u00e1 registros de casos em que o novo n\u00famero<br \/>\nacaba vinculado indevidamente a cadastros de inadimplentes, sistemas<br \/>\nbanc\u00e1rios e plataformas de autentica\u00e7\u00e3o digital, gerando preju\u00edzos concretos \u00e0<br \/>\nvida civil e comercial do usu\u00e1rio inocente.<br \/>\nEssa pr\u00e1tica viola a dignidade da pessoa humana, a<br \/>\nprivacidade e a boa-f\u00e9 objetiva, indo contra os valores expressos na<br \/>\nConstitui\u00e7\u00e3o Federal, no C\u00f3digo de Defesa do Consumidor (Lei n\u00ba 8.078\/1990),<br \/>\nPara verificar a assinatura, acesse https:\/\/infoleg-autenticidade-assinatura.camara.leg.br\/CD254707631200<br \/>\nAssinado eletronicamente pelo(a) Dep. Capit\u00e3o Augusto<br \/>\nApresenta\u00e7\u00e3o: 02\/07\/2025 10:43:50.753 &#8211; Mesa<br \/>\n*CD254707631200* PL n.3182\/2025<br \/>no Marco Civil da Internet (Lei n\u00ba 12.965\/2014) e na Lei Geral de Prote\u00e7\u00e3o de<br \/>\nDados (Lei n\u00ba 13.709\/2018).<br \/>\nA justificativa econ\u00f4mica das operadoras \u2014 de que os blocos<br \/>\nnum\u00e9ricos s\u00e3o limitados \u2014 n\u00e3o se sustenta frente \u00e0 gravidade do problema. O<br \/>\navan\u00e7o tecnol\u00f3gico permite ampliar os prefixos e adotar combina\u00e7\u00f5es<br \/>\nalfanum\u00e9ricas, se necess\u00e1rio.<br \/>\nAssim, esta proposta visa proteger os consumidores e<br \/>\npromover um ambiente de comunica\u00e7\u00f5es mais justo, \u00e9tico e transparente,<br \/>\nimpedindo que n\u00fameros \u201ccontaminados\u201d por hist\u00f3rico negativo sejam<br \/>\nrepassados a terceiros inocentes.<br \/>\nDiante de todo exposto, pedimos o apoio dos nobres<br \/>\nparlamentares para a aprova\u00e7\u00e3o deste projeto de lei.<br \/>\nSala das Sess\u00f5es, em         de                         de 2025.<br \/>\nCapit\u00e3o Augusto<br \/>\nDeputado Federal<br \/>\nPL-SP<br \/>\nPara verificar a assinatura, acesse https:\/\/infoleg-autenticidade-assinatura.camara.leg.br\/CD254707631200<br \/>\nAssinado eletronicamente pelo(a) Dep. Capit\u00e3o Augusto<br \/>\nApresenta\u00e7\u00e3o: 02\/07\/2025 10:43:50.753 &#8211; Mesa<br \/>\n*CD254707631200* PL n.3182\/2025<\/article>\n<p><a href='https:\/\/app.legislapp.com.br\/#\/busca?termo=Proibi\u00e7\u00e3o'>Proibi\u00e7\u00e3o<\/a>, <a href='https:\/\/app.legislapp.com.br\/#\/busca?termo=reutiliza\u00e7\u00e3o'>reutiliza\u00e7\u00e3o<\/a>, <a href='https:\/\/app.legislapp.com.br\/#\/busca?termo=n\u00famero'>n\u00famero<\/a>, <a href='https:\/\/app.legislapp.com.br\/#\/busca?termo=telefone celular'>telefone celular<\/a>, <a href='https:\/\/app.legislapp.com.br\/#\/busca?termo=Operadora de telefonia m\u00f3vel'>Operadora de telefonia m\u00f3vel<\/a>, <a href='https:\/\/app.legislapp.com.br\/#\/busca?termo=servi\u00e7os de telecomunica\u00e7\u00f5es.'>servi\u00e7os de telecomunica\u00e7\u00f5es.<\/a><\/p>\n<div style=\"text-align: center\">\n      <img decoding=\"async\" style=\"width: 14%;\" src=\"https:\/\/www.legislapp.com.br\/wp-content\/uploads\/2021\/07\/Logo-Legislapp-1-03-1.png\"><br \/>\n      <\/p>\n<div style=\"margin-bottom: 20px;\" class=\"et_pb_button_module_wrapper et_pb_button_5_tb_body_wrapper et_pb_button_alignment_center et_pb_module \">\n         <a class=\"et_pb_button et_pb_button_5_tb_body et_hover_enabled et_pb_bg_layout_dark\" style=\"width: 50%;background-color: black;\" href=\"https:\/\/app.legislapp.com.br\" target=\"_blank\" rel=\"noopener\">Visualizar completo na nossa plataforma (30 dias gr\u00e1tis)<\/a><\/p><\/div>\n<p>      <a href=\"https:\/\/play.google.com\/store\/apps\/details?id=br.com.legislapp\"><img decoding=\"async\" style=\"width: 15%; min-width: 130px;\" src=\"https:\/\/www.legislapp.com.br\/wp-content\/uploads\/google-play.png\"><\/a><br \/>\n      <a href=\"https:\/\/apps.apple.com\/us\/app\/legislapp\/id1568929859\"><img decoding=\"async\" style=\"width: 15%; min-width: 130px\" src=\"https:\/\/www.legislapp.com.br\/wp-content\/uploads\/apple-store.png\"><\/a>\n   <\/div>\n","protected":false},"excerpt":{"rendered":"<p>Avulso Inicial &#8211; Autoria de Capit\u00e3o Augusto PROJETO DE LEI N.\u00ba , DE 2025 (Do Sr. Capit\u00e3o Augusto) Pro\u00edbe a reutiliza\u00e7\u00e3o de n\u00fameros de telefone m\u00f3vel por empresas de telecomunica\u00e7\u00f5es e d\u00e1 outras provid\u00eancias. O Congresso Nacional decreta: Art. 1\u00ba Esta lei disp\u00f5e sobre a proibi\u00e7\u00e3o da reutiliza\u00e7\u00e3o de n\u00fameros de telefone m\u00f3vel por empresas [&hellip;]<\/p>\n","protected":false},"author":1,"featured_media":0,"parent":0,"menu_order":0,"comment_status":"closed","ping_status":"closed","template":"page-template-blank.php","meta":{"_et_pb_use_builder":"","_et_pb_old_content":"","_et_gb_content_width":"1080","ngg_post_thumbnail":0,"footnotes":""},"class_list":["post-9892","page","type-page","status-publish","hentry"],"yoast_head":"<!-- This site is optimized with the Yoast SEO plugin v24.4 - https:\/\/yoast.com\/wordpress\/plugins\/seo\/ -->\n<title>Avulso Inicial - PL 3182\/2025 - C\u00e2mara - Legislapp<\/title>\n<meta name=\"robots\" content=\"index, follow, max-snippet:-1, max-image-preview:large, max-video-preview:-1\" \/>\n<link rel=\"canonical\" href=\"https:\/\/www.legislapp.com.br\/index.php\/avulso-inicial-pl-3182-2025-camara\/\" \/>\n<meta property=\"og:locale\" content=\"pt_BR\" \/>\n<meta property=\"og:type\" content=\"article\" \/>\n<meta property=\"og:title\" content=\"Avulso Inicial - PL 3182\/2025 - C\u00e2mara - Legislapp\" \/>\n<meta property=\"og:description\" content=\"Avulso Inicial &#8211; Autoria de Capit\u00e3o Augusto PROJETO DE LEI N.\u00ba , DE 2025 (Do Sr. Capit\u00e3o Augusto) Pro\u00edbe a reutiliza\u00e7\u00e3o de n\u00fameros de telefone m\u00f3vel por empresas de telecomunica\u00e7\u00f5es e d\u00e1 outras provid\u00eancias. O Congresso Nacional decreta: Art. 1\u00ba Esta lei disp\u00f5e sobre a proibi\u00e7\u00e3o da reutiliza\u00e7\u00e3o de n\u00fameros de telefone m\u00f3vel por empresas [&hellip;]\" \/>\n<meta property=\"og:url\" content=\"https:\/\/www.legislapp.com.br\/index.php\/avulso-inicial-pl-3182-2025-camara\/\" \/>\n<meta property=\"og:site_name\" content=\"Legislapp\" \/>\n<meta property=\"article:publisher\" content=\"https:\/\/www.instagram.com\/legislapp\/\" \/>\n<meta property=\"og:image\" content=\"https:\/\/www.legislapp.com.br\/wp-content\/uploads\/2021\/07\/Logo-Legislapp-1-03-1.png\" \/>\n<meta name=\"twitter:card\" content=\"summary_large_image\" \/>\n<meta name=\"twitter:label1\" content=\"Est. tempo de leitura\" \/>\n\t<meta name=\"twitter:data1\" content=\"3 minutos\" \/>\n<script type=\"application\/ld+json\" class=\"yoast-schema-graph\">{\"@context\":\"https:\/\/schema.org\",\"@graph\":[{\"@type\":\"WebPage\",\"@id\":\"https:\/\/www.legislapp.com.br\/index.php\/avulso-inicial-pl-3182-2025-camara\/\",\"url\":\"https:\/\/www.legislapp.com.br\/index.php\/avulso-inicial-pl-3182-2025-camara\/\",\"name\":\"Avulso Inicial - PL 3182\/2025 - C\u00e2mara - Legislapp\",\"isPartOf\":{\"@id\":\"https:\/\/www.legislapp.com.br\/#website\"},\"primaryImageOfPage\":{\"@id\":\"https:\/\/www.legislapp.com.br\/index.php\/avulso-inicial-pl-3182-2025-camara\/#primaryimage\"},\"image\":{\"@id\":\"https:\/\/www.legislapp.com.br\/index.php\/avulso-inicial-pl-3182-2025-camara\/#primaryimage\"},\"thumbnailUrl\":\"https:\/\/www.legislapp.com.br\/wp-content\/uploads\/2021\/07\/Logo-Legislapp-1-03-1.png\",\"datePublished\":\"2025-12-01T13:48:31+00:00\",\"breadcrumb\":{\"@id\":\"https:\/\/www.legislapp.com.br\/index.php\/avulso-inicial-pl-3182-2025-camara\/#breadcrumb\"},\"inLanguage\":\"pt-BR\",\"potentialAction\":[{\"@type\":\"ReadAction\",\"target\":[\"https:\/\/www.legislapp.com.br\/index.php\/avulso-inicial-pl-3182-2025-camara\/\"]}]},{\"@type\":\"ImageObject\",\"inLanguage\":\"pt-BR\",\"@id\":\"https:\/\/www.legislapp.com.br\/index.php\/avulso-inicial-pl-3182-2025-camara\/#primaryimage\",\"url\":\"https:\/\/www.legislapp.com.br\/wp-content\/uploads\/2021\/07\/Logo-Legislapp-1-03-1.png\",\"contentUrl\":\"https:\/\/www.legislapp.com.br\/wp-content\/uploads\/2021\/07\/Logo-Legislapp-1-03-1.png\",\"width\":2679,\"height\":2697},{\"@type\":\"BreadcrumbList\",\"@id\":\"https:\/\/www.legislapp.com.br\/index.php\/avulso-inicial-pl-3182-2025-camara\/#breadcrumb\",\"itemListElement\":[{\"@type\":\"ListItem\",\"position\":1,\"name\":\"In\u00edcio\",\"item\":\"https:\/\/www.legislapp.com.br\/\"},{\"@type\":\"ListItem\",\"position\":2,\"name\":\"Avulso Inicial &#8211; PL 3182\/2025 &#8211; C\u00e2mara\"}]},{\"@type\":\"WebSite\",\"@id\":\"https:\/\/www.legislapp.com.br\/#website\",\"url\":\"https:\/\/www.legislapp.com.br\/\",\"name\":\"Legislapp\",\"description\":\"Intelig\u00eancia governamental em tempo real\",\"publisher\":{\"@id\":\"https:\/\/www.legislapp.com.br\/#organization\"},\"potentialAction\":[{\"@type\":\"SearchAction\",\"target\":{\"@type\":\"EntryPoint\",\"urlTemplate\":\"https:\/\/www.legislapp.com.br\/?s={search_term_string}\"},\"query-input\":{\"@type\":\"PropertyValueSpecification\",\"valueRequired\":true,\"valueName\":\"search_term_string\"}}],\"inLanguage\":\"pt-BR\"},{\"@type\":\"Organization\",\"@id\":\"https:\/\/www.legislapp.com.br\/#organization\",\"name\":\"Legislapp Monitoramento e Intelig\u00eancia Governamental\",\"url\":\"https:\/\/www.legislapp.com.br\/\",\"logo\":{\"@type\":\"ImageObject\",\"inLanguage\":\"pt-BR\",\"@id\":\"https:\/\/www.legislapp.com.br\/#\/schema\/logo\/image\/\",\"url\":\"https:\/\/www.legislapp.com.br\/wp-content\/uploads\/icon.png\",\"contentUrl\":\"https:\/\/www.legislapp.com.br\/wp-content\/uploads\/icon.png\",\"width\":1024,\"height\":1024,\"caption\":\"Legislapp Monitoramento e Intelig\u00eancia Governamental\"},\"image\":{\"@id\":\"https:\/\/www.legislapp.com.br\/#\/schema\/logo\/image\/\"},\"sameAs\":[\"https:\/\/www.instagram.com\/legislapp\/\"]}]}<\/script>\n<!-- \/ Yoast SEO plugin. -->","yoast_head_json":{"title":"Avulso Inicial - PL 3182\/2025 - C\u00e2mara - Legislapp","robots":{"index":"index","follow":"follow","max-snippet":"max-snippet:-1","max-image-preview":"max-image-preview:large","max-video-preview":"max-video-preview:-1"},"canonical":"https:\/\/www.legislapp.com.br\/index.php\/avulso-inicial-pl-3182-2025-camara\/","og_locale":"pt_BR","og_type":"article","og_title":"Avulso Inicial - PL 3182\/2025 - C\u00e2mara - Legislapp","og_description":"Avulso Inicial &#8211; Autoria de Capit\u00e3o Augusto PROJETO DE LEI N.\u00ba , DE 2025 (Do Sr. Capit\u00e3o Augusto) Pro\u00edbe a reutiliza\u00e7\u00e3o de n\u00fameros de telefone m\u00f3vel por empresas de telecomunica\u00e7\u00f5es e d\u00e1 outras provid\u00eancias. O Congresso Nacional decreta: Art. 1\u00ba Esta lei disp\u00f5e sobre a proibi\u00e7\u00e3o da reutiliza\u00e7\u00e3o de n\u00fameros de telefone m\u00f3vel por empresas [&hellip;]","og_url":"https:\/\/www.legislapp.com.br\/index.php\/avulso-inicial-pl-3182-2025-camara\/","og_site_name":"Legislapp","article_publisher":"https:\/\/www.instagram.com\/legislapp\/","og_image":[{"url":"https:\/\/www.legislapp.com.br\/wp-content\/uploads\/2021\/07\/Logo-Legislapp-1-03-1.png","type":"","width":"","height":""}],"twitter_card":"summary_large_image","twitter_misc":{"Est. tempo de leitura":"3 minutos"},"schema":{"@context":"https:\/\/schema.org","@graph":[{"@type":"WebPage","@id":"https:\/\/www.legislapp.com.br\/index.php\/avulso-inicial-pl-3182-2025-camara\/","url":"https:\/\/www.legislapp.com.br\/index.php\/avulso-inicial-pl-3182-2025-camara\/","name":"Avulso Inicial - PL 3182\/2025 - C\u00e2mara - Legislapp","isPartOf":{"@id":"https:\/\/www.legislapp.com.br\/#website"},"primaryImageOfPage":{"@id":"https:\/\/www.legislapp.com.br\/index.php\/avulso-inicial-pl-3182-2025-camara\/#primaryimage"},"image":{"@id":"https:\/\/www.legislapp.com.br\/index.php\/avulso-inicial-pl-3182-2025-camara\/#primaryimage"},"thumbnailUrl":"https:\/\/www.legislapp.com.br\/wp-content\/uploads\/2021\/07\/Logo-Legislapp-1-03-1.png","datePublished":"2025-12-01T13:48:31+00:00","breadcrumb":{"@id":"https:\/\/www.legislapp.com.br\/index.php\/avulso-inicial-pl-3182-2025-camara\/#breadcrumb"},"inLanguage":"pt-BR","potentialAction":[{"@type":"ReadAction","target":["https:\/\/www.legislapp.com.br\/index.php\/avulso-inicial-pl-3182-2025-camara\/"]}]},{"@type":"ImageObject","inLanguage":"pt-BR","@id":"https:\/\/www.legislapp.com.br\/index.php\/avulso-inicial-pl-3182-2025-camara\/#primaryimage","url":"https:\/\/www.legislapp.com.br\/wp-content\/uploads\/2021\/07\/Logo-Legislapp-1-03-1.png","contentUrl":"https:\/\/www.legislapp.com.br\/wp-content\/uploads\/2021\/07\/Logo-Legislapp-1-03-1.png","width":2679,"height":2697},{"@type":"BreadcrumbList","@id":"https:\/\/www.legislapp.com.br\/index.php\/avulso-inicial-pl-3182-2025-camara\/#breadcrumb","itemListElement":[{"@type":"ListItem","position":1,"name":"In\u00edcio","item":"https:\/\/www.legislapp.com.br\/"},{"@type":"ListItem","position":2,"name":"Avulso Inicial &#8211; PL 3182\/2025 &#8211; C\u00e2mara"}]},{"@type":"WebSite","@id":"https:\/\/www.legislapp.com.br\/#website","url":"https:\/\/www.legislapp.com.br\/","name":"Legislapp","description":"Intelig\u00eancia governamental em tempo real","publisher":{"@id":"https:\/\/www.legislapp.com.br\/#organization"},"potentialAction":[{"@type":"SearchAction","target":{"@type":"EntryPoint","urlTemplate":"https:\/\/www.legislapp.com.br\/?s={search_term_string}"},"query-input":{"@type":"PropertyValueSpecification","valueRequired":true,"valueName":"search_term_string"}}],"inLanguage":"pt-BR"},{"@type":"Organization","@id":"https:\/\/www.legislapp.com.br\/#organization","name":"Legislapp Monitoramento e Intelig\u00eancia Governamental","url":"https:\/\/www.legislapp.com.br\/","logo":{"@type":"ImageObject","inLanguage":"pt-BR","@id":"https:\/\/www.legislapp.com.br\/#\/schema\/logo\/image\/","url":"https:\/\/www.legislapp.com.br\/wp-content\/uploads\/icon.png","contentUrl":"https:\/\/www.legislapp.com.br\/wp-content\/uploads\/icon.png","width":1024,"height":1024,"caption":"Legislapp Monitoramento e Intelig\u00eancia Governamental"},"image":{"@id":"https:\/\/www.legislapp.com.br\/#\/schema\/logo\/image\/"},"sameAs":["https:\/\/www.instagram.com\/legislapp\/"]}]}},"_links":{"self":[{"href":"https:\/\/www.legislapp.com.br\/index.php\/wp-json\/wp\/v2\/pages\/9892","targetHints":{"allow":["GET"]}}],"collection":[{"href":"https:\/\/www.legislapp.com.br\/index.php\/wp-json\/wp\/v2\/pages"}],"about":[{"href":"https:\/\/www.legislapp.com.br\/index.php\/wp-json\/wp\/v2\/types\/page"}],"author":[{"embeddable":true,"href":"https:\/\/www.legislapp.com.br\/index.php\/wp-json\/wp\/v2\/users\/1"}],"replies":[{"embeddable":true,"href":"https:\/\/www.legislapp.com.br\/index.php\/wp-json\/wp\/v2\/comments?post=9892"}],"version-history":[{"count":0,"href":"https:\/\/www.legislapp.com.br\/index.php\/wp-json\/wp\/v2\/pages\/9892\/revisions"}],"wp:attachment":[{"href":"https:\/\/www.legislapp.com.br\/index.php\/wp-json\/wp\/v2\/media?parent=9892"}],"curies":[{"name":"wp","href":"https:\/\/api.w.org\/{rel}","templated":true}]}}