{"id":9903,"date":"2025-12-01T10:49:17","date_gmt":"2025-12-01T13:49:17","guid":{"rendered":"https:\/\/www.legislapp.com.br\/index.php\/avulso-inicial-pl-5002-2025-camara\/"},"modified":"2025-12-01T10:49:17","modified_gmt":"2025-12-01T13:49:17","slug":"avulso-inicial-pl-5002-2025-camara","status":"publish","type":"page","link":"https:\/\/www.legislapp.com.br\/index.php\/avulso-inicial-pl-5002-2025-camara\/","title":{"rendered":"Avulso Inicial &#8211; PL 5002\/2025 &#8211; C\u00e2mara"},"content":{"rendered":"<h1 style='text-align: center;'>Avulso Inicial &#8211; Autoria de Lucio Mosquini<\/h3>\n<p><\/p>\n<article>C\u00c2MARA DOS DEPUTADOS<br \/>\nGabinete do Deputado Federal Lucio Mosquini<br \/>\nPROJETO DE LEI N\u00ba          , DE 2025<br \/>\n(Do Sr. LUCIO MOSQUINI)<\/p>\n<p>         Altera a Lei n\u00ba 14.300, de 6 de janeiro<br \/>\nde 2022, para assegurar o fornecimento<br \/>\ngratuito de at\u00e9 200 kWh\/m\u00eas de energia<br \/>\nel\u00e9trica para fam\u00edlias de baixa renda, por<br \/>\nmeio da implanta\u00e7\u00e3o de sistemas de<br \/>\nmicrogera\u00e7\u00e3o distribu\u00edda solar fotovoltaica.<br \/>\nO Congresso Nacional decreta:<br \/>\nArt. 1\u00ba A Lei n\u00ba 14.300, de 6 de janeiro de 2022, passa a vigorar<br \/>\nacrescida do seguinte artigo:<br \/>\n\u201cArt. 28-A. O Poder Executivo assegurar\u00e1 o fornecimento<br \/>\ngratuito de at\u00e9 200 (duzentos) kWh\/m\u00eas de energia el\u00e9trica para fam\u00edlias de<br \/>\nbaixa renda, por meio da implanta\u00e7\u00e3o de sistemas de microgera\u00e7\u00e3o distribu\u00edda<br \/>\nsolar fotovoltaica, com pot\u00eancia instalada de at\u00e9 75 kW, nos termos desta Lei.<br \/>\n\u00a7 1\u00ba O benef\u00edcio de que trata o caput ser\u00e1 operacionalizado por<br \/>\nmeio da compensa\u00e7\u00e3o de cr\u00e9ditos de energia no Sistema de Compensa\u00e7\u00e3o de<br \/>\nEnergia El\u00e9trica (SCEE).<br \/>\n\u00a7 2\u00ba \u00c9 vedada a utiliza\u00e7\u00e3o de unidades classificadas como<br \/>\nminigera\u00e7\u00e3o para os fins do disposto neste artigo.<br \/>\n\u00a7 3\u00ba Os subs\u00eddios necess\u00e1rios \u00e0 implanta\u00e7\u00e3o dos sistemas de<br \/>\nmicrogera\u00e7\u00e3o ser\u00e3o implementados e custeados pelo Governo Federal,<br \/>\nobservadas as disponibilidades or\u00e7ament\u00e1rias e financeiras.<br \/>\n\u00a7 4\u00ba O Poder Executivo regulamentar\u00e1 os crit\u00e9rios de sele\u00e7\u00e3o<br \/>\ndas fam\u00edlias beneficiadas, priorizando aquelas j\u00e1 inscritas no Cadastro \u00danico<br \/>\npara Programas Sociais do Governo Federal (Cad\u00danico).\u201d<br \/>\nArt. 2\u00ba Esta Lei entra em vigor ap\u00f3s a sua regulamenta\u00e7\u00e3o.<br \/>\nPara verificar a assinatura, acesse https:\/\/infoleg-autenticidade-assinatura.camara.leg.br\/CD251330042600<br \/>\nAssinado eletronicamente pelo(a) Dep. Lucio Mosquini<br \/>\nApresenta\u00e7\u00e3o: 07\/10\/2025 15:20:03.210 &#8211; Mesa<br \/>\n*CD251330042600* PL n.5002\/2025<br \/>C\u00c2MARA DOS DEPUTADOS<br \/>\nGabinete do Deputado Federal Lucio Mosquini<br \/>\nJUSTIFICA\u00c7\u00c3O<br \/>\nA presente proposta tem por objetivo ampliar os benef\u00edcios da<br \/>\ngera\u00e7\u00e3o distribu\u00edda de energia el\u00e9trica, promovendo a inclus\u00e3o energ\u00e9tica e o<br \/>\nacesso \u00e0 energia limpa para fam\u00edlias de baixa renda.<br \/>\nAo assegurar o fornecimento gratuito de at\u00e9 200 kWh\/m\u00eas,<br \/>\nmediante a instala\u00e7\u00e3o de sistemas de microgera\u00e7\u00e3o solar fotovoltaica, o projeto<br \/>\ncontribui diretamente para a redu\u00e7\u00e3o da vulnerabilidade social e o<br \/>\nfortalecimento das pol\u00edticas p\u00fablicas de sustentabilidade e transi\u00e7\u00e3o energ\u00e9tica<br \/>\nno pa\u00eds.<br \/>\nO benef\u00edcio ser\u00e1 operacionalizado por meio da compensa\u00e7\u00e3o<br \/>\nde cr\u00e9ditos de energia no Sistema de Compensa\u00e7\u00e3o de Energia El\u00e9trica<br \/>\n(SCEE), sem criar encargos adicionais aos consumidores, empresas ou setor<br \/>\nindustrial. Dessa forma, evita-se a ocorr\u00eancia de subs\u00eddios cruzados e<br \/>\ndistor\u00e7\u00f5es tarif\u00e1rias, assegurando a sustentabilidade econ\u00f4mica e regulat\u00f3ria<br \/>\ndo setor el\u00e9trico.<br \/>\nCom a amplia\u00e7\u00e3o do atendimento \u00e0s fam\u00edlias com consumo<br \/>\nmensal de at\u00e9 200 kWh, o programa garante a continuidade e a inclus\u00e3o social<br \/>\nda parcela mais vulner\u00e1vel da popula\u00e7\u00e3o, ao mesmo tempo em que promove o<br \/>\nuso racional e sustent\u00e1vel da energia, reduzindo a depend\u00eancia de fontes n\u00e3o<br \/>\nrenov\u00e1veis e contribuindo para o cumprimento das metas ambientais e<br \/>\nclim\u00e1ticas assumidas pelo Brasil.<br \/>\nContamos com o apoio de todos os nobres Parlamentares para<br \/>\na c\u00e9lere aprova\u00e7\u00e3o deste importante Projeto de Lei, em benef\u00edcio do povo<br \/>\nbrasileiro, em especial das fam\u00edlias de baixa renda que mais necessitam da<br \/>\nprote\u00e7\u00e3o e do amparo do Estado.<br \/>\nSala das Sess\u00f5es, em 06 de outubro de 2025.<br \/>\nDeputado LUCIO MOSQUINI<br \/>\nPara verificar a assinatura, acesse https:\/\/infoleg-autenticidade-assinatura.camara.leg.br\/CD251330042600<br \/>\nAssinado eletronicamente pelo(a) Dep. Lucio Mosquini<br \/>\nApresenta\u00e7\u00e3o: 07\/10\/2025 15:20:03.210 &#8211; Mesa<br \/>\n*CD251330042600* PL n.5002\/2025<\/article>\n<p><a href='https:\/\/app.legislapp.com.br\/#\/busca?termo=Altera\u00e7\u00e3o'>Altera\u00e7\u00e3o<\/a>, <a href='https:\/\/app.legislapp.com.br\/#\/busca?termo=Marco Legal da Microgera\u00e7\u00e3o e Minigera\u00e7\u00e3o Distribu\u00edda (2022)'>Marco Legal da Microgera\u00e7\u00e3o e Minigera\u00e7\u00e3o Distribu\u00edda (2022)<\/a>, <a href='https:\/\/app.legislapp.com.br\/#\/busca?termo=gratuidade'>gratuidade<\/a>, <a href='https:\/\/app.legislapp.com.br\/#\/busca?termo=crit\u00e9rio'>crit\u00e9rio<\/a>, <a href='https:\/\/app.legislapp.com.br\/#\/busca?termo=quantidade'>quantidade<\/a>, <a href='https:\/\/app.legislapp.com.br\/#\/busca?termo=energia el\u00e9trica'>energia el\u00e9trica<\/a>, <a href='https:\/\/app.legislapp.com.br\/#\/busca?termo=fam\u00edlia de baixa renda'>fam\u00edlia de baixa renda<\/a>, <a href='https:\/\/app.legislapp.com.br\/#\/busca?termo=microgera\u00e7\u00e3o distribu\u00edda'>microgera\u00e7\u00e3o distribu\u00edda<\/a>, <a href='https:\/\/app.legislapp.com.br\/#\/busca?termo=sistema de energia solar fotovoltaica'>sistema de energia solar fotovoltaica<\/a>, <a href='https:\/\/app.legislapp.com.br\/#\/busca?termo=compensa\u00e7\u00e3o'>compensa\u00e7\u00e3o<\/a>, <a href='https:\/\/app.legislapp.com.br\/#\/busca?termo=cr\u00e9dito'>cr\u00e9dito<\/a>, <a href='https:\/\/app.legislapp.com.br\/#\/busca?termo=Sistema de Compensa\u00e7\u00e3o de Energia El\u00e9trica (SCEE)'>Sistema de Compensa\u00e7\u00e3o de Energia El\u00e9trica (SCEE)<\/a>, <a href='https:\/\/app.legislapp.com.br\/#\/busca?termo=proibi\u00e7\u00e3o'>proibi\u00e7\u00e3o<\/a>, <a href='https:\/\/app.legislapp.com.br\/#\/busca?termo=minigera\u00e7\u00e3o distribu\u00edda'>minigera\u00e7\u00e3o distribu\u00edda<\/a>, <a href='https:\/\/app.legislapp.com.br\/#\/busca?termo=diretrizes.'>diretrizes.<\/a><\/p>\n<div style=\"text-align: center\">\n      <img decoding=\"async\" style=\"width: 14%;\" src=\"https:\/\/www.legislapp.com.br\/wp-content\/uploads\/2021\/07\/Logo-Legislapp-1-03-1.png\"><br \/>\n      <\/p>\n<div style=\"margin-bottom: 20px;\" class=\"et_pb_button_module_wrapper et_pb_button_5_tb_body_wrapper et_pb_button_alignment_center et_pb_module \">\n         <a class=\"et_pb_button et_pb_button_5_tb_body et_hover_enabled et_pb_bg_layout_dark\" style=\"width: 50%;background-color: black;\" href=\"https:\/\/app.legislapp.com.br\" target=\"_blank\" rel=\"noopener\">Visualizar completo na nossa plataforma (30 dias gr\u00e1tis)<\/a><\/p><\/div>\n<p>      <a href=\"https:\/\/play.google.com\/store\/apps\/details?id=br.com.legislapp\"><img decoding=\"async\" style=\"width: 15%; min-width: 130px;\" src=\"https:\/\/www.legislapp.com.br\/wp-content\/uploads\/google-play.png\"><\/a><br \/>\n      <a href=\"https:\/\/apps.apple.com\/us\/app\/legislapp\/id1568929859\"><img decoding=\"async\" style=\"width: 15%; min-width: 130px\" src=\"https:\/\/www.legislapp.com.br\/wp-content\/uploads\/apple-store.png\"><\/a>\n   <\/div>\n","protected":false},"excerpt":{"rendered":"<p>Avulso Inicial &#8211; Autoria de Lucio Mosquini C\u00c2MARA DOS DEPUTADOS Gabinete do Deputado Federal Lucio Mosquini PROJETO DE LEI N\u00ba , DE 2025 (Do Sr. LUCIO MOSQUINI) Altera a Lei n\u00ba 14.300, de 6 de janeiro de 2022, para assegurar o fornecimento gratuito de at\u00e9 200 kWh\/m\u00eas de energia el\u00e9trica para fam\u00edlias de baixa renda, [&hellip;]<\/p>\n","protected":false},"author":1,"featured_media":0,"parent":0,"menu_order":0,"comment_status":"closed","ping_status":"closed","template":"page-template-blank.php","meta":{"_et_pb_use_builder":"","_et_pb_old_content":"","_et_gb_content_width":"1080","ngg_post_thumbnail":0,"footnotes":""},"class_list":["post-9903","page","type-page","status-publish","hentry"],"yoast_head":"<!-- This site is optimized with the Yoast SEO plugin v24.4 - https:\/\/yoast.com\/wordpress\/plugins\/seo\/ -->\n<title>Avulso Inicial - PL 5002\/2025 - C\u00e2mara - Legislapp<\/title>\n<meta name=\"robots\" content=\"index, follow, max-snippet:-1, max-image-preview:large, max-video-preview:-1\" \/>\n<link rel=\"canonical\" href=\"https:\/\/www.legislapp.com.br\/index.php\/avulso-inicial-pl-5002-2025-camara\/\" \/>\n<meta property=\"og:locale\" content=\"pt_BR\" \/>\n<meta property=\"og:type\" content=\"article\" \/>\n<meta property=\"og:title\" content=\"Avulso Inicial - PL 5002\/2025 - C\u00e2mara - Legislapp\" \/>\n<meta property=\"og:description\" content=\"Avulso Inicial &#8211; Autoria de Lucio Mosquini C\u00c2MARA DOS DEPUTADOS Gabinete do Deputado Federal Lucio Mosquini PROJETO DE LEI N\u00ba , DE 2025 (Do Sr. LUCIO MOSQUINI) Altera a Lei n\u00ba 14.300, de 6 de janeiro de 2022, para assegurar o fornecimento gratuito de at\u00e9 200 kWh\/m\u00eas de energia el\u00e9trica para fam\u00edlias de baixa renda, [&hellip;]\" \/>\n<meta property=\"og:url\" content=\"https:\/\/www.legislapp.com.br\/index.php\/avulso-inicial-pl-5002-2025-camara\/\" \/>\n<meta property=\"og:site_name\" content=\"Legislapp\" \/>\n<meta property=\"article:publisher\" content=\"https:\/\/www.instagram.com\/legislapp\/\" \/>\n<meta property=\"og:image\" content=\"https:\/\/www.legislapp.com.br\/wp-content\/uploads\/2021\/07\/Logo-Legislapp-1-03-1.png\" \/>\n<meta name=\"twitter:card\" content=\"summary_large_image\" \/>\n<meta name=\"twitter:label1\" content=\"Est. tempo de leitura\" \/>\n\t<meta name=\"twitter:data1\" content=\"3 minutos\" \/>\n<script type=\"application\/ld+json\" class=\"yoast-schema-graph\">{\"@context\":\"https:\/\/schema.org\",\"@graph\":[{\"@type\":\"WebPage\",\"@id\":\"https:\/\/www.legislapp.com.br\/index.php\/avulso-inicial-pl-5002-2025-camara\/\",\"url\":\"https:\/\/www.legislapp.com.br\/index.php\/avulso-inicial-pl-5002-2025-camara\/\",\"name\":\"Avulso Inicial - PL 5002\/2025 - C\u00e2mara - Legislapp\",\"isPartOf\":{\"@id\":\"https:\/\/www.legislapp.com.br\/#website\"},\"primaryImageOfPage\":{\"@id\":\"https:\/\/www.legislapp.com.br\/index.php\/avulso-inicial-pl-5002-2025-camara\/#primaryimage\"},\"image\":{\"@id\":\"https:\/\/www.legislapp.com.br\/index.php\/avulso-inicial-pl-5002-2025-camara\/#primaryimage\"},\"thumbnailUrl\":\"https:\/\/www.legislapp.com.br\/wp-content\/uploads\/2021\/07\/Logo-Legislapp-1-03-1.png\",\"datePublished\":\"2025-12-01T13:49:17+00:00\",\"breadcrumb\":{\"@id\":\"https:\/\/www.legislapp.com.br\/index.php\/avulso-inicial-pl-5002-2025-camara\/#breadcrumb\"},\"inLanguage\":\"pt-BR\",\"potentialAction\":[{\"@type\":\"ReadAction\",\"target\":[\"https:\/\/www.legislapp.com.br\/index.php\/avulso-inicial-pl-5002-2025-camara\/\"]}]},{\"@type\":\"ImageObject\",\"inLanguage\":\"pt-BR\",\"@id\":\"https:\/\/www.legislapp.com.br\/index.php\/avulso-inicial-pl-5002-2025-camara\/#primaryimage\",\"url\":\"https:\/\/www.legislapp.com.br\/wp-content\/uploads\/2021\/07\/Logo-Legislapp-1-03-1.png\",\"contentUrl\":\"https:\/\/www.legislapp.com.br\/wp-content\/uploads\/2021\/07\/Logo-Legislapp-1-03-1.png\",\"width\":2679,\"height\":2697},{\"@type\":\"BreadcrumbList\",\"@id\":\"https:\/\/www.legislapp.com.br\/index.php\/avulso-inicial-pl-5002-2025-camara\/#breadcrumb\",\"itemListElement\":[{\"@type\":\"ListItem\",\"position\":1,\"name\":\"In\u00edcio\",\"item\":\"https:\/\/www.legislapp.com.br\/\"},{\"@type\":\"ListItem\",\"position\":2,\"name\":\"Avulso Inicial &#8211; PL 5002\/2025 &#8211; C\u00e2mara\"}]},{\"@type\":\"WebSite\",\"@id\":\"https:\/\/www.legislapp.com.br\/#website\",\"url\":\"https:\/\/www.legislapp.com.br\/\",\"name\":\"Legislapp\",\"description\":\"Intelig\u00eancia governamental em tempo real\",\"publisher\":{\"@id\":\"https:\/\/www.legislapp.com.br\/#organization\"},\"potentialAction\":[{\"@type\":\"SearchAction\",\"target\":{\"@type\":\"EntryPoint\",\"urlTemplate\":\"https:\/\/www.legislapp.com.br\/?s={search_term_string}\"},\"query-input\":{\"@type\":\"PropertyValueSpecification\",\"valueRequired\":true,\"valueName\":\"search_term_string\"}}],\"inLanguage\":\"pt-BR\"},{\"@type\":\"Organization\",\"@id\":\"https:\/\/www.legislapp.com.br\/#organization\",\"name\":\"Legislapp Monitoramento e Intelig\u00eancia Governamental\",\"url\":\"https:\/\/www.legislapp.com.br\/\",\"logo\":{\"@type\":\"ImageObject\",\"inLanguage\":\"pt-BR\",\"@id\":\"https:\/\/www.legislapp.com.br\/#\/schema\/logo\/image\/\",\"url\":\"https:\/\/www.legislapp.com.br\/wp-content\/uploads\/icon.png\",\"contentUrl\":\"https:\/\/www.legislapp.com.br\/wp-content\/uploads\/icon.png\",\"width\":1024,\"height\":1024,\"caption\":\"Legislapp Monitoramento e Intelig\u00eancia Governamental\"},\"image\":{\"@id\":\"https:\/\/www.legislapp.com.br\/#\/schema\/logo\/image\/\"},\"sameAs\":[\"https:\/\/www.instagram.com\/legislapp\/\"]}]}<\/script>\n<!-- \/ Yoast SEO plugin. -->","yoast_head_json":{"title":"Avulso Inicial - PL 5002\/2025 - C\u00e2mara - Legislapp","robots":{"index":"index","follow":"follow","max-snippet":"max-snippet:-1","max-image-preview":"max-image-preview:large","max-video-preview":"max-video-preview:-1"},"canonical":"https:\/\/www.legislapp.com.br\/index.php\/avulso-inicial-pl-5002-2025-camara\/","og_locale":"pt_BR","og_type":"article","og_title":"Avulso Inicial - PL 5002\/2025 - C\u00e2mara - Legislapp","og_description":"Avulso Inicial &#8211; Autoria de Lucio Mosquini C\u00c2MARA DOS DEPUTADOS Gabinete do Deputado Federal Lucio Mosquini PROJETO DE LEI N\u00ba , DE 2025 (Do Sr. LUCIO MOSQUINI) Altera a Lei n\u00ba 14.300, de 6 de janeiro de 2022, para assegurar o fornecimento gratuito de at\u00e9 200 kWh\/m\u00eas de energia el\u00e9trica para fam\u00edlias de baixa renda, [&hellip;]","og_url":"https:\/\/www.legislapp.com.br\/index.php\/avulso-inicial-pl-5002-2025-camara\/","og_site_name":"Legislapp","article_publisher":"https:\/\/www.instagram.com\/legislapp\/","og_image":[{"url":"https:\/\/www.legislapp.com.br\/wp-content\/uploads\/2021\/07\/Logo-Legislapp-1-03-1.png","type":"","width":"","height":""}],"twitter_card":"summary_large_image","twitter_misc":{"Est. tempo de leitura":"3 minutos"},"schema":{"@context":"https:\/\/schema.org","@graph":[{"@type":"WebPage","@id":"https:\/\/www.legislapp.com.br\/index.php\/avulso-inicial-pl-5002-2025-camara\/","url":"https:\/\/www.legislapp.com.br\/index.php\/avulso-inicial-pl-5002-2025-camara\/","name":"Avulso Inicial - PL 5002\/2025 - C\u00e2mara - Legislapp","isPartOf":{"@id":"https:\/\/www.legislapp.com.br\/#website"},"primaryImageOfPage":{"@id":"https:\/\/www.legislapp.com.br\/index.php\/avulso-inicial-pl-5002-2025-camara\/#primaryimage"},"image":{"@id":"https:\/\/www.legislapp.com.br\/index.php\/avulso-inicial-pl-5002-2025-camara\/#primaryimage"},"thumbnailUrl":"https:\/\/www.legislapp.com.br\/wp-content\/uploads\/2021\/07\/Logo-Legislapp-1-03-1.png","datePublished":"2025-12-01T13:49:17+00:00","breadcrumb":{"@id":"https:\/\/www.legislapp.com.br\/index.php\/avulso-inicial-pl-5002-2025-camara\/#breadcrumb"},"inLanguage":"pt-BR","potentialAction":[{"@type":"ReadAction","target":["https:\/\/www.legislapp.com.br\/index.php\/avulso-inicial-pl-5002-2025-camara\/"]}]},{"@type":"ImageObject","inLanguage":"pt-BR","@id":"https:\/\/www.legislapp.com.br\/index.php\/avulso-inicial-pl-5002-2025-camara\/#primaryimage","url":"https:\/\/www.legislapp.com.br\/wp-content\/uploads\/2021\/07\/Logo-Legislapp-1-03-1.png","contentUrl":"https:\/\/www.legislapp.com.br\/wp-content\/uploads\/2021\/07\/Logo-Legislapp-1-03-1.png","width":2679,"height":2697},{"@type":"BreadcrumbList","@id":"https:\/\/www.legislapp.com.br\/index.php\/avulso-inicial-pl-5002-2025-camara\/#breadcrumb","itemListElement":[{"@type":"ListItem","position":1,"name":"In\u00edcio","item":"https:\/\/www.legislapp.com.br\/"},{"@type":"ListItem","position":2,"name":"Avulso Inicial &#8211; PL 5002\/2025 &#8211; C\u00e2mara"}]},{"@type":"WebSite","@id":"https:\/\/www.legislapp.com.br\/#website","url":"https:\/\/www.legislapp.com.br\/","name":"Legislapp","description":"Intelig\u00eancia governamental em tempo real","publisher":{"@id":"https:\/\/www.legislapp.com.br\/#organization"},"potentialAction":[{"@type":"SearchAction","target":{"@type":"EntryPoint","urlTemplate":"https:\/\/www.legislapp.com.br\/?s={search_term_string}"},"query-input":{"@type":"PropertyValueSpecification","valueRequired":true,"valueName":"search_term_string"}}],"inLanguage":"pt-BR"},{"@type":"Organization","@id":"https:\/\/www.legislapp.com.br\/#organization","name":"Legislapp Monitoramento e Intelig\u00eancia Governamental","url":"https:\/\/www.legislapp.com.br\/","logo":{"@type":"ImageObject","inLanguage":"pt-BR","@id":"https:\/\/www.legislapp.com.br\/#\/schema\/logo\/image\/","url":"https:\/\/www.legislapp.com.br\/wp-content\/uploads\/icon.png","contentUrl":"https:\/\/www.legislapp.com.br\/wp-content\/uploads\/icon.png","width":1024,"height":1024,"caption":"Legislapp Monitoramento e Intelig\u00eancia Governamental"},"image":{"@id":"https:\/\/www.legislapp.com.br\/#\/schema\/logo\/image\/"},"sameAs":["https:\/\/www.instagram.com\/legislapp\/"]}]}},"_links":{"self":[{"href":"https:\/\/www.legislapp.com.br\/index.php\/wp-json\/wp\/v2\/pages\/9903","targetHints":{"allow":["GET"]}}],"collection":[{"href":"https:\/\/www.legislapp.com.br\/index.php\/wp-json\/wp\/v2\/pages"}],"about":[{"href":"https:\/\/www.legislapp.com.br\/index.php\/wp-json\/wp\/v2\/types\/page"}],"author":[{"embeddable":true,"href":"https:\/\/www.legislapp.com.br\/index.php\/wp-json\/wp\/v2\/users\/1"}],"replies":[{"embeddable":true,"href":"https:\/\/www.legislapp.com.br\/index.php\/wp-json\/wp\/v2\/comments?post=9903"}],"version-history":[{"count":0,"href":"https:\/\/www.legislapp.com.br\/index.php\/wp-json\/wp\/v2\/pages\/9903\/revisions"}],"wp:attachment":[{"href":"https:\/\/www.legislapp.com.br\/index.php\/wp-json\/wp\/v2\/media?parent=9903"}],"curies":[{"name":"wp","href":"https:\/\/api.w.org\/{rel}","templated":true}]}}