{"id":9915,"date":"2025-12-01T10:50:06","date_gmt":"2025-12-01T13:50:06","guid":{"rendered":"https:\/\/www.legislapp.com.br\/index.php\/avulso-inicial-pl-4517-2025-camara\/"},"modified":"2025-12-01T10:50:06","modified_gmt":"2025-12-01T13:50:06","slug":"avulso-inicial-pl-4517-2025-camara","status":"publish","type":"page","link":"https:\/\/www.legislapp.com.br\/index.php\/avulso-inicial-pl-4517-2025-camara\/","title":{"rendered":"Avulso Inicial &#8211; PL 4517\/2025 &#8211; C\u00e2mara"},"content":{"rendered":"<h1 style='text-align: center;'>Avulso Inicial &#8211; Autoria de Juninho do Pneu<\/h3>\n<p><\/p>\n<article>PROJETO DE LEI N\u00ba          , DE 2025<br \/>\n(Do Sr. JUNINHO DO PNEU)<br \/>\nCria as Delegacias Especializadas no<br \/>\nAtendimento \u00e0s Pessoas com Defici\u00eancia e d\u00e1<br \/>\noutras provid\u00eancias.<br \/>\nO Congresso Nacional decreta:<br \/>\nArt. 1\u00ba Ficam criadas, em \u00e2mbito nacional, as Delegacias<br \/>\nEspecializadas no Atendimento \u00e0s Pessoas com Defici\u00eancia (DEAPD), com a<br \/>\nfinalidade de assegurar prote\u00e7\u00e3o integral, atendimento humanizado e<br \/>\nespecializado \u00e0s pessoas com defici\u00eancia, v\u00edtimas de crimes, ou que<br \/>\nnecessitem de apoio policial.<br \/>\nArt. 2\u00ba As Delegacias Especializadas ter\u00e3o, entre suas<br \/>\natribui\u00e7\u00f5es:<br \/>\nI \u2013 registrar e apurar ocorr\u00eancias criminais que envolvam<br \/>\npessoas com defici\u00eancia, seja na condi\u00e7\u00e3o de v\u00edtimas, testemunhas ou<br \/>\nfamiliares;<br \/>\nII \u2013 garantir acessibilidade de locomo\u00e7\u00e3o, comunicacional e<br \/>\ncomportamental em suas depend\u00eancias;<br \/>\nIII \u2013 disponibilizar servidores capacitados em L\u00edngua Brasileira<br \/>\nde Sinais (Libras) e em comunica\u00e7\u00e3o acess\u00edvel;<br \/>\nIV \u2013 realizar atendimento priorit\u00e1rio e humanizado, observando<br \/>\nas especificidades de cada defici\u00eancia;<br \/>\nV \u2013 promover a\u00e7\u00f5es de preven\u00e7\u00e3o, conscientiza\u00e7\u00e3o e<br \/>\norienta\u00e7\u00e3o sobre direitos e mecanismos de prote\u00e7\u00e3o das pessoas com<br \/>\ndefici\u00eancia.<br \/>\nPara verificar a assinatura, acesse https:\/\/infoleg-autenticidade-assinatura.camara.leg.br\/CD250240014000<br \/>\nAssinado eletronicamente pelo(a) Dep. Juninho do Pneu<br \/>\nApresenta\u00e7\u00e3o: 10\/09\/2025 11:58:32.157 &#8211; Mesa<br \/>\n*CD250240014000* PL n.4517\/2025<br \/>2<br \/>\nArt. 3\u00ba As Delegacias Especializadas contar\u00e3o com equipes<br \/>\nmultiprofissionais, compostas, sempre que poss\u00edvel, por:<br \/>\nI \u2013 delegados de pol\u00edcia, investigadores e escriv\u00e3es<br \/>\ncapacitados no atendimento \u00e0s pessoas com defici\u00eancia;<br \/>\nII \u2013 psic\u00f3logos e assistentes sociais com experi\u00eancia em<br \/>\ninclus\u00e3o e acessibilidade;<br \/>\nIII \u2013 int\u00e9rpretes de Libras e profissionais de apoio, conforme a<br \/>\nnecessidade local.<br \/>\nArt. 4\u00ba O Poder Executivo regulamentar\u00e1 a presente Lei,<br \/>\nestabelecendo crit\u00e9rios para a instala\u00e7\u00e3o progressiva das Delegacias<br \/>\nEspecializadas, observando as peculiaridades e demandas regionais.<br \/>\nArt. 5\u00ba Esta Lei entra em vigor na data de sua publica\u00e7\u00e3o.<br \/>\nJUSTIFICATIVA<br \/>\nO presente Projeto de Lei tem como objetivo a cria\u00e7\u00e3o das<br \/>\nDelegacias Especializadas no Atendimento \u00e0s Pessoas com Defici\u00eancia<br \/>\n(DEAPD), visando assegurar atendimento digno, humanizado e acess\u00edvel,<br \/>\nalinhado aos princ\u00edpios constitucionais da igualdade, da dignidade da pessoa<br \/>\nhumana e da prote\u00e7\u00e3o integral.<br \/>\nAs pessoas com defici\u00eancia ainda enfrentam in\u00fameras<br \/>\nbarreiras no acesso aos servi\u00e7os p\u00fablicos, em especial no \u00e2mbito da<br \/>\nseguran\u00e7a p\u00fablica. Muitas vezes, s\u00e3o v\u00edtimas de viol\u00eancia, discrimina\u00e7\u00e3o e<br \/>\nneglig\u00eancia, sem encontrar respaldo adequado nas institui\u00e7\u00f5es policiais.<br \/>\nA cria\u00e7\u00e3o dessas Delegacias permitir\u00e1 a capacita\u00e7\u00e3o de<br \/>\nservidores, a disponibiliza\u00e7\u00e3o de recursos de acessibilidade, bem como a<br \/>\nintegra\u00e7\u00e3o de equipes multiprofissionais, garantindo n\u00e3o apenas a apura\u00e7\u00e3o de<br \/>\ncrimes, mas tamb\u00e9m suporte psicol\u00f3gico, social e informativo.<br \/>\nTrata-se de medida que refor\u00e7a os compromissos do Brasil<br \/>\ncom a Conven\u00e7\u00e3o sobre os Direitos das Pessoas com Defici\u00eancia, promulgada<br \/>\npelo Decreto n\u00ba 6.949\/2009, e com a Lei Brasileira de Inclus\u00e3o da Pessoa com<br \/>\nPara verificar a assinatura, acesse https:\/\/infoleg-autenticidade-assinatura.camara.leg.br\/CD250240014000<br \/>\nAssinado eletronicamente pelo(a) Dep. Juninho do Pneu<br \/>\nApresenta\u00e7\u00e3o: 10\/09\/2025 11:58:32.157 &#8211; Mesa<br \/>\n*CD250240014000* PL n.4517\/2025<br \/>3<br \/>\nDefici\u00eancia (Lei n\u00ba 13.146\/2015), que estabelecem o dever do Estado em<br \/>\nassegurar o pleno exerc\u00edcio de direitos e liberdades fundamentais.<br \/>\nAssim, a aprova\u00e7\u00e3o deste Projeto representa um avan\u00e7o civilizat\u00f3rio no<br \/>\nfortalecimento da cidadania, na promo\u00e7\u00e3o da justi\u00e7a social e no combate \u00e0<br \/>\ndiscrimina\u00e7\u00e3o, garantindo \u00e0s pessoas com defici\u00eancia acesso efetivo e<br \/>\nigualit\u00e1rio \u00e0 prote\u00e7\u00e3o policial.<br \/>\nSess\u00f5es, em        de                     de 2025.<br \/>\nDeputado JUNINHO DO PNEU<br \/>\nPara verificar a assinatura, acesse https:\/\/infoleg-autenticidade-assinatura.camara.leg.br\/CD250240014000<br \/>\nAssinado eletronicamente pelo(a) Dep. Juninho do Pneu<br \/>\nApresenta\u00e7\u00e3o: 10\/09\/2025 11:58:32.157 &#8211; Mesa<br \/>\n*CD250240014000* PL n.4517\/2025<\/article>\n<p><a href='https:\/\/app.legislapp.com.br\/#\/busca?termo=Cria\u00e7\u00e3o'>Cria\u00e7\u00e3o<\/a>, <a href='https:\/\/app.legislapp.com.br\/#\/busca?termo=Delegacias Especializadas no Atendimento \u00e0s Pessoas com Defici\u00eancia (DEAPD)'>Delegacias Especializadas no Atendimento \u00e0s Pessoas com Defici\u00eancia (DEAPD)<\/a>, <a href='https:\/\/app.legislapp.com.br\/#\/busca?termo=Atendimento humanizado'>Atendimento humanizado<\/a>, <a href='https:\/\/app.legislapp.com.br\/#\/busca?termo=pessoa com defici\u00eancia'>pessoa com defici\u00eancia<\/a>, <a href='https:\/\/app.legislapp.com.br\/#\/busca?termo=v\u00edtima'>v\u00edtima<\/a>, <a href='https:\/\/app.legislapp.com.br\/#\/busca?termo=crime'>crime<\/a>, <a href='https:\/\/app.legislapp.com.br\/#\/busca?termo=diretrizes.'>diretrizes.<\/a><\/p>\n<div style=\"text-align: center\">\n      <img decoding=\"async\" style=\"width: 14%;\" src=\"https:\/\/www.legislapp.com.br\/wp-content\/uploads\/2021\/07\/Logo-Legislapp-1-03-1.png\"><br \/>\n      <\/p>\n<div style=\"margin-bottom: 20px;\" class=\"et_pb_button_module_wrapper et_pb_button_5_tb_body_wrapper et_pb_button_alignment_center et_pb_module \">\n         <a class=\"et_pb_button et_pb_button_5_tb_body et_hover_enabled et_pb_bg_layout_dark\" style=\"width: 50%;background-color: black;\" href=\"https:\/\/app.legislapp.com.br\" target=\"_blank\" rel=\"noopener\">Visualizar completo na nossa plataforma (30 dias gr\u00e1tis)<\/a><\/p><\/div>\n<p>      <a href=\"https:\/\/play.google.com\/store\/apps\/details?id=br.com.legislapp\"><img decoding=\"async\" style=\"width: 15%; min-width: 130px;\" src=\"https:\/\/www.legislapp.com.br\/wp-content\/uploads\/google-play.png\"><\/a><br \/>\n      <a href=\"https:\/\/apps.apple.com\/us\/app\/legislapp\/id1568929859\"><img decoding=\"async\" style=\"width: 15%; min-width: 130px\" src=\"https:\/\/www.legislapp.com.br\/wp-content\/uploads\/apple-store.png\"><\/a>\n   <\/div>\n","protected":false},"excerpt":{"rendered":"<p>Avulso Inicial &#8211; Autoria de Juninho do Pneu PROJETO DE LEI N\u00ba , DE 2025 (Do Sr. JUNINHO DO PNEU) Cria as Delegacias Especializadas no Atendimento \u00e0s Pessoas com Defici\u00eancia e d\u00e1 outras provid\u00eancias. O Congresso Nacional decreta: Art. 1\u00ba Ficam criadas, em \u00e2mbito nacional, as Delegacias Especializadas no Atendimento \u00e0s Pessoas com Defici\u00eancia (DEAPD), [&hellip;]<\/p>\n","protected":false},"author":1,"featured_media":0,"parent":0,"menu_order":0,"comment_status":"closed","ping_status":"closed","template":"page-template-blank.php","meta":{"_et_pb_use_builder":"","_et_pb_old_content":"","_et_gb_content_width":"1080","ngg_post_thumbnail":0,"footnotes":""},"class_list":["post-9915","page","type-page","status-publish","hentry"],"yoast_head":"<!-- This site is optimized with the Yoast SEO plugin v24.4 - https:\/\/yoast.com\/wordpress\/plugins\/seo\/ -->\n<title>Avulso Inicial - PL 4517\/2025 - C\u00e2mara - Legislapp<\/title>\n<meta name=\"robots\" content=\"index, follow, max-snippet:-1, max-image-preview:large, max-video-preview:-1\" \/>\n<link rel=\"canonical\" href=\"https:\/\/www.legislapp.com.br\/index.php\/avulso-inicial-pl-4517-2025-camara\/\" \/>\n<meta property=\"og:locale\" content=\"pt_BR\" \/>\n<meta property=\"og:type\" content=\"article\" \/>\n<meta property=\"og:title\" content=\"Avulso Inicial - PL 4517\/2025 - C\u00e2mara - Legislapp\" \/>\n<meta property=\"og:description\" content=\"Avulso Inicial &#8211; Autoria de Juninho do Pneu PROJETO DE LEI N\u00ba , DE 2025 (Do Sr. JUNINHO DO PNEU) Cria as Delegacias Especializadas no Atendimento \u00e0s Pessoas com Defici\u00eancia e d\u00e1 outras provid\u00eancias. O Congresso Nacional decreta: Art. 1\u00ba Ficam criadas, em \u00e2mbito nacional, as Delegacias Especializadas no Atendimento \u00e0s Pessoas com Defici\u00eancia (DEAPD), [&hellip;]\" \/>\n<meta property=\"og:url\" content=\"https:\/\/www.legislapp.com.br\/index.php\/avulso-inicial-pl-4517-2025-camara\/\" \/>\n<meta property=\"og:site_name\" content=\"Legislapp\" \/>\n<meta property=\"article:publisher\" content=\"https:\/\/www.instagram.com\/legislapp\/\" \/>\n<meta property=\"og:image\" content=\"https:\/\/www.legislapp.com.br\/wp-content\/uploads\/2021\/07\/Logo-Legislapp-1-03-1.png\" \/>\n<meta name=\"twitter:card\" content=\"summary_large_image\" \/>\n<meta name=\"twitter:label1\" content=\"Est. tempo de leitura\" \/>\n\t<meta name=\"twitter:data1\" content=\"3 minutos\" \/>\n<script type=\"application\/ld+json\" class=\"yoast-schema-graph\">{\"@context\":\"https:\/\/schema.org\",\"@graph\":[{\"@type\":\"WebPage\",\"@id\":\"https:\/\/www.legislapp.com.br\/index.php\/avulso-inicial-pl-4517-2025-camara\/\",\"url\":\"https:\/\/www.legislapp.com.br\/index.php\/avulso-inicial-pl-4517-2025-camara\/\",\"name\":\"Avulso Inicial - PL 4517\/2025 - C\u00e2mara - Legislapp\",\"isPartOf\":{\"@id\":\"https:\/\/www.legislapp.com.br\/#website\"},\"primaryImageOfPage\":{\"@id\":\"https:\/\/www.legislapp.com.br\/index.php\/avulso-inicial-pl-4517-2025-camara\/#primaryimage\"},\"image\":{\"@id\":\"https:\/\/www.legislapp.com.br\/index.php\/avulso-inicial-pl-4517-2025-camara\/#primaryimage\"},\"thumbnailUrl\":\"https:\/\/www.legislapp.com.br\/wp-content\/uploads\/2021\/07\/Logo-Legislapp-1-03-1.png\",\"datePublished\":\"2025-12-01T13:50:06+00:00\",\"breadcrumb\":{\"@id\":\"https:\/\/www.legislapp.com.br\/index.php\/avulso-inicial-pl-4517-2025-camara\/#breadcrumb\"},\"inLanguage\":\"pt-BR\",\"potentialAction\":[{\"@type\":\"ReadAction\",\"target\":[\"https:\/\/www.legislapp.com.br\/index.php\/avulso-inicial-pl-4517-2025-camara\/\"]}]},{\"@type\":\"ImageObject\",\"inLanguage\":\"pt-BR\",\"@id\":\"https:\/\/www.legislapp.com.br\/index.php\/avulso-inicial-pl-4517-2025-camara\/#primaryimage\",\"url\":\"https:\/\/www.legislapp.com.br\/wp-content\/uploads\/2021\/07\/Logo-Legislapp-1-03-1.png\",\"contentUrl\":\"https:\/\/www.legislapp.com.br\/wp-content\/uploads\/2021\/07\/Logo-Legislapp-1-03-1.png\",\"width\":2679,\"height\":2697},{\"@type\":\"BreadcrumbList\",\"@id\":\"https:\/\/www.legislapp.com.br\/index.php\/avulso-inicial-pl-4517-2025-camara\/#breadcrumb\",\"itemListElement\":[{\"@type\":\"ListItem\",\"position\":1,\"name\":\"In\u00edcio\",\"item\":\"https:\/\/www.legislapp.com.br\/\"},{\"@type\":\"ListItem\",\"position\":2,\"name\":\"Avulso Inicial &#8211; PL 4517\/2025 &#8211; C\u00e2mara\"}]},{\"@type\":\"WebSite\",\"@id\":\"https:\/\/www.legislapp.com.br\/#website\",\"url\":\"https:\/\/www.legislapp.com.br\/\",\"name\":\"Legislapp\",\"description\":\"Intelig\u00eancia governamental em tempo real\",\"publisher\":{\"@id\":\"https:\/\/www.legislapp.com.br\/#organization\"},\"potentialAction\":[{\"@type\":\"SearchAction\",\"target\":{\"@type\":\"EntryPoint\",\"urlTemplate\":\"https:\/\/www.legislapp.com.br\/?s={search_term_string}\"},\"query-input\":{\"@type\":\"PropertyValueSpecification\",\"valueRequired\":true,\"valueName\":\"search_term_string\"}}],\"inLanguage\":\"pt-BR\"},{\"@type\":\"Organization\",\"@id\":\"https:\/\/www.legislapp.com.br\/#organization\",\"name\":\"Legislapp Monitoramento e Intelig\u00eancia Governamental\",\"url\":\"https:\/\/www.legislapp.com.br\/\",\"logo\":{\"@type\":\"ImageObject\",\"inLanguage\":\"pt-BR\",\"@id\":\"https:\/\/www.legislapp.com.br\/#\/schema\/logo\/image\/\",\"url\":\"https:\/\/www.legislapp.com.br\/wp-content\/uploads\/icon.png\",\"contentUrl\":\"https:\/\/www.legislapp.com.br\/wp-content\/uploads\/icon.png\",\"width\":1024,\"height\":1024,\"caption\":\"Legislapp Monitoramento e Intelig\u00eancia Governamental\"},\"image\":{\"@id\":\"https:\/\/www.legislapp.com.br\/#\/schema\/logo\/image\/\"},\"sameAs\":[\"https:\/\/www.instagram.com\/legislapp\/\"]}]}<\/script>\n<!-- \/ Yoast SEO plugin. -->","yoast_head_json":{"title":"Avulso Inicial - PL 4517\/2025 - C\u00e2mara - Legislapp","robots":{"index":"index","follow":"follow","max-snippet":"max-snippet:-1","max-image-preview":"max-image-preview:large","max-video-preview":"max-video-preview:-1"},"canonical":"https:\/\/www.legislapp.com.br\/index.php\/avulso-inicial-pl-4517-2025-camara\/","og_locale":"pt_BR","og_type":"article","og_title":"Avulso Inicial - PL 4517\/2025 - C\u00e2mara - Legislapp","og_description":"Avulso Inicial &#8211; Autoria de Juninho do Pneu PROJETO DE LEI N\u00ba , DE 2025 (Do Sr. JUNINHO DO PNEU) Cria as Delegacias Especializadas no Atendimento \u00e0s Pessoas com Defici\u00eancia e d\u00e1 outras provid\u00eancias. O Congresso Nacional decreta: Art. 1\u00ba Ficam criadas, em \u00e2mbito nacional, as Delegacias Especializadas no Atendimento \u00e0s Pessoas com Defici\u00eancia (DEAPD), [&hellip;]","og_url":"https:\/\/www.legislapp.com.br\/index.php\/avulso-inicial-pl-4517-2025-camara\/","og_site_name":"Legislapp","article_publisher":"https:\/\/www.instagram.com\/legislapp\/","og_image":[{"url":"https:\/\/www.legislapp.com.br\/wp-content\/uploads\/2021\/07\/Logo-Legislapp-1-03-1.png","type":"","width":"","height":""}],"twitter_card":"summary_large_image","twitter_misc":{"Est. tempo de leitura":"3 minutos"},"schema":{"@context":"https:\/\/schema.org","@graph":[{"@type":"WebPage","@id":"https:\/\/www.legislapp.com.br\/index.php\/avulso-inicial-pl-4517-2025-camara\/","url":"https:\/\/www.legislapp.com.br\/index.php\/avulso-inicial-pl-4517-2025-camara\/","name":"Avulso Inicial - PL 4517\/2025 - C\u00e2mara - Legislapp","isPartOf":{"@id":"https:\/\/www.legislapp.com.br\/#website"},"primaryImageOfPage":{"@id":"https:\/\/www.legislapp.com.br\/index.php\/avulso-inicial-pl-4517-2025-camara\/#primaryimage"},"image":{"@id":"https:\/\/www.legislapp.com.br\/index.php\/avulso-inicial-pl-4517-2025-camara\/#primaryimage"},"thumbnailUrl":"https:\/\/www.legislapp.com.br\/wp-content\/uploads\/2021\/07\/Logo-Legislapp-1-03-1.png","datePublished":"2025-12-01T13:50:06+00:00","breadcrumb":{"@id":"https:\/\/www.legislapp.com.br\/index.php\/avulso-inicial-pl-4517-2025-camara\/#breadcrumb"},"inLanguage":"pt-BR","potentialAction":[{"@type":"ReadAction","target":["https:\/\/www.legislapp.com.br\/index.php\/avulso-inicial-pl-4517-2025-camara\/"]}]},{"@type":"ImageObject","inLanguage":"pt-BR","@id":"https:\/\/www.legislapp.com.br\/index.php\/avulso-inicial-pl-4517-2025-camara\/#primaryimage","url":"https:\/\/www.legislapp.com.br\/wp-content\/uploads\/2021\/07\/Logo-Legislapp-1-03-1.png","contentUrl":"https:\/\/www.legislapp.com.br\/wp-content\/uploads\/2021\/07\/Logo-Legislapp-1-03-1.png","width":2679,"height":2697},{"@type":"BreadcrumbList","@id":"https:\/\/www.legislapp.com.br\/index.php\/avulso-inicial-pl-4517-2025-camara\/#breadcrumb","itemListElement":[{"@type":"ListItem","position":1,"name":"In\u00edcio","item":"https:\/\/www.legislapp.com.br\/"},{"@type":"ListItem","position":2,"name":"Avulso Inicial &#8211; PL 4517\/2025 &#8211; C\u00e2mara"}]},{"@type":"WebSite","@id":"https:\/\/www.legislapp.com.br\/#website","url":"https:\/\/www.legislapp.com.br\/","name":"Legislapp","description":"Intelig\u00eancia governamental em tempo real","publisher":{"@id":"https:\/\/www.legislapp.com.br\/#organization"},"potentialAction":[{"@type":"SearchAction","target":{"@type":"EntryPoint","urlTemplate":"https:\/\/www.legislapp.com.br\/?s={search_term_string}"},"query-input":{"@type":"PropertyValueSpecification","valueRequired":true,"valueName":"search_term_string"}}],"inLanguage":"pt-BR"},{"@type":"Organization","@id":"https:\/\/www.legislapp.com.br\/#organization","name":"Legislapp Monitoramento e Intelig\u00eancia Governamental","url":"https:\/\/www.legislapp.com.br\/","logo":{"@type":"ImageObject","inLanguage":"pt-BR","@id":"https:\/\/www.legislapp.com.br\/#\/schema\/logo\/image\/","url":"https:\/\/www.legislapp.com.br\/wp-content\/uploads\/icon.png","contentUrl":"https:\/\/www.legislapp.com.br\/wp-content\/uploads\/icon.png","width":1024,"height":1024,"caption":"Legislapp Monitoramento e Intelig\u00eancia Governamental"},"image":{"@id":"https:\/\/www.legislapp.com.br\/#\/schema\/logo\/image\/"},"sameAs":["https:\/\/www.instagram.com\/legislapp\/"]}]}},"_links":{"self":[{"href":"https:\/\/www.legislapp.com.br\/index.php\/wp-json\/wp\/v2\/pages\/9915","targetHints":{"allow":["GET"]}}],"collection":[{"href":"https:\/\/www.legislapp.com.br\/index.php\/wp-json\/wp\/v2\/pages"}],"about":[{"href":"https:\/\/www.legislapp.com.br\/index.php\/wp-json\/wp\/v2\/types\/page"}],"author":[{"embeddable":true,"href":"https:\/\/www.legislapp.com.br\/index.php\/wp-json\/wp\/v2\/users\/1"}],"replies":[{"embeddable":true,"href":"https:\/\/www.legislapp.com.br\/index.php\/wp-json\/wp\/v2\/comments?post=9915"}],"version-history":[{"count":0,"href":"https:\/\/www.legislapp.com.br\/index.php\/wp-json\/wp\/v2\/pages\/9915\/revisions"}],"wp:attachment":[{"href":"https:\/\/www.legislapp.com.br\/index.php\/wp-json\/wp\/v2\/media?parent=9915"}],"curies":[{"name":"wp","href":"https:\/\/api.w.org\/{rel}","templated":true}]}}