{"id":9927,"date":"2025-12-01T10:50:53","date_gmt":"2025-12-01T13:50:53","guid":{"rendered":"https:\/\/www.legislapp.com.br\/index.php\/avulso-inicial-pl-4881-2025-camara\/"},"modified":"2025-12-01T10:50:53","modified_gmt":"2025-12-01T13:50:53","slug":"avulso-inicial-pl-4881-2025-camara","status":"publish","type":"page","link":"https:\/\/www.legislapp.com.br\/index.php\/avulso-inicial-pl-4881-2025-camara\/","title":{"rendered":"Avulso Inicial &#8211; PL 4881\/2025 &#8211; C\u00e2mara"},"content":{"rendered":"<h1 style='text-align: center;'>Avulso Inicial &#8211; Autoria de Capit\u00e3o Augusto<\/h3>\n<p><\/p>\n<article>PROJETO DE LEI N.\u00ba              , DE 2025<br \/>\n(Do Sr. Capit\u00e3o Augusto)<br \/>\nDisp\u00f5e sobre a concess\u00e3o de<br \/>\nisen\u00e7\u00e3o e redu\u00e7\u00e3o de tributos<br \/>\nfederais para importa\u00e7\u00e3o, aquisi\u00e7\u00e3o<br \/>\ne utiliza\u00e7\u00e3o de animais,<br \/>\nequipamentos e insumos destinados<br \/>\n\u00e0 pr\u00e1tica da prova de r\u00e9deas e d\u00e1<br \/>\noutras provid\u00eancias.<br \/>\nO Congresso Nacional decreta:<br \/>\nArt. 1\u00ba Esta Lei disp\u00f5e sobre a concess\u00e3o de isen\u00e7\u00e3o e<br \/>\nredu\u00e7\u00e3o de tributos federais para importa\u00e7\u00e3o, aquisi\u00e7\u00e3o e utiliza\u00e7\u00e3o de animais,<br \/>\nequipamentos e insumos destinados \u00e0 pr\u00e1tica da prova de r\u00e9deas e d\u00e1 outras<br \/>\nprovid\u00eancias.<br \/>\nArt. 2\u00ba Ficam isentos do Imposto sobre Produtos<br \/>\nIndustrializados (IPI) e da Contribui\u00e7\u00e3o para o PIS\/PASEP e a COFINS os<br \/>\nseguintes bens, quando destinados exclusivamente \u00e0 pr\u00e1tica da prova de<br \/>\nr\u00e9deas:<br \/>\nI \u2013 animais equinos importados ou adquiridos no mercado<br \/>\nnacional com finalidade esportiva comprovada;<br \/>\nII \u2013 selas, mantas, esporas, cabe\u00e7adas, freios, r\u00e9deas e demais<br \/>\nequipamentos t\u00e9cnicos espec\u00edficos para a modalidade;<br \/>\nPara verificar a assinatura, acesse https:\/\/infoleg-autenticidade-assinatura.camara.leg.br\/CD256665339700<br \/>\nAssinado eletronicamente pelo(a) Dep. Capit\u00e3o Augusto<br \/>\nApresenta\u00e7\u00e3o: 01\/10\/2025 11:53:28.373 &#8211; Mesa<br \/>\n*CD256665339700* PL n.4881\/2025<br \/>III \u2013 insumos veterin\u00e1rios de uso exclusivo para a manuten\u00e7\u00e3o<br \/>\nda sa\u00fade e do desempenho esportivo dos animais.<br \/>\nArt. 3\u00b0 Ato do Poder Executivo regulamentar\u00e1 os<br \/>\nprocedimentos de comprova\u00e7\u00e3o da destina\u00e7\u00e3o exclusiva dos bens<br \/>\nmencionados no art. 2\u00ba, podendo exigir registro em entidade nacional<br \/>\nrepresentativa do setor, como a Associa\u00e7\u00e3o Brasileira de Criadores de Cavalo<br \/>\nQuarto de Milha (ABQM) ou cong\u00eaneres.<br \/>\nArt. 4\u00ba O Poder Executivo poder\u00e1 firmar conv\u00eanios com os<br \/>\nEstados e o Distrito Federal para estender a redu\u00e7\u00e3o tribut\u00e1ria ao ICMS<br \/>\nincidente sobre os produtos relacionados \u00e0 prova de r\u00e9deas.<br \/>\nArt. 5\u00ba A ren\u00fancia de receita decorrente desta lei ser\u00e1<br \/>\nimplementada em conformidade com a Lei de Responsabilidade Fiscal,<br \/>\ndevendo ser considerada na lei or\u00e7ament\u00e1ria anual ou ser compensada por<br \/>\nmeio de aumento de receita.<br \/>\nArt. 6\u00ba Esta Lei entra em vigor na data de sua publica\u00e7\u00e3o.<br \/>\nJUSTIFICA\u00c7\u00c3O<br \/>\nO presente projeto de Lei disp\u00f5e sobre a concess\u00e3o de isen\u00e7\u00e3o<br \/>\ne redu\u00e7\u00e3o de tributos federais para importa\u00e7\u00e3o, aquisi\u00e7\u00e3o e utiliza\u00e7\u00e3o de<br \/>\nanimais, equipamentos e insumos destinados \u00e0 pr\u00e1tica da prova de r\u00e9deas.<br \/>\n A prova de r\u00e9deas \u00e9 uma das modalidades equestres mais<br \/>\nt\u00e9cnicas e reconhecidas internacionalmente, tendo o Brasil conquistado<br \/>\nposi\u00e7\u00f5es de destaque mundial. A pr\u00e1tica demanda cavalos de alto<br \/>\ndesempenho, equipamentos espec\u00edficos e insumos veterin\u00e1rios especializados,<br \/>\ncujo custo \u00e9 elevado principalmente pela alta carga tribut\u00e1ria incidente sobre<br \/>\nimporta\u00e7\u00f5es e produtos do setor.<br \/>\nEsse fator limita a competitividade dos atletas e criadores<br \/>\nbrasileiros frente a outros pa\u00edses, encarece a realiza\u00e7\u00e3o de eventos e restringe<br \/>\no crescimento do setor, que \u00e9 um dos pilares do turismo equestre e do<br \/>\nagroneg\u00f3cio vinculado ao cavalo.<br \/>\nPara verificar a assinatura, acesse https:\/\/infoleg-autenticidade-assinatura.camara.leg.br\/CD256665339700<br \/>\nAssinado eletronicamente pelo(a) Dep. Capit\u00e3o Augusto<br \/>\nApresenta\u00e7\u00e3o: 01\/10\/2025 11:53:28.373 &#8211; Mesa<br \/>\n*CD256665339700* PL n.4881\/2025<br \/>Ao conceder isen\u00e7\u00e3o de IPI, PIS e COFINS, este projeto:<br \/>\n\uf0b7 Fomenta o desenvolvimento do esporte, ampliando a<br \/>\nbase de praticantes e facilitando o acesso a insumos e<br \/>\nanimais de qualidade;<br \/>\n\uf0b7 Impulsiona o turismo esportivo, j\u00e1 que competi\u00e7\u00f5es<br \/>\natraem milhares de visitantes e movimentam a economia<br \/>\nregional;<br \/>\n\uf0b7 Fortalece o agroneg\u00f3cio equino, segmento que gera<br \/>\nempregos e renda para milhares de fam\u00edlias;<br \/>\n\uf0b7 Eleva a representatividade internacional do Brasil,<br \/>\ntornando-o mais competitivo em campeonatos mundiais.<br \/>\nPara garantir seguran\u00e7a jur\u00eddica e respeito \u00e0 Lei de<br \/>\nResponsabilidade Fiscal, o projeto prev\u00ea expressamente que a ren\u00fancia fiscal<br \/>\ndeve ser considerada na lei or\u00e7ament\u00e1ria anual ou ser compensada por meio<br \/>\nde aumento de receita. Assim, preserva-se a responsabilidade fiscal e<br \/>\nassegura-se a viabilidade da medida.<br \/>\nPortanto, trata-se de um projeto constitucional, inovador e<br \/>\nestrat\u00e9gico, que une esporte, cultura, turismo e desenvolvimento econ\u00f4mico.<br \/>\nS\u00e3o estas as raz\u00f5es que expomos para a aprova\u00e7\u00e3o da<br \/>\npresente iniciativa, pelo que pedimos o apoio dos nobres Pares.<br \/>\nSala das Sess\u00f5es, em         de                         de 2025.<br \/>\nCapit\u00e3o Augusto<br \/>\nDeputado Federal<br \/>\nPL-SP<br \/>\nPara verificar a assinatura, acesse https:\/\/infoleg-autenticidade-assinatura.camara.leg.br\/CD256665339700<br \/>\nAssinado eletronicamente pelo(a) Dep. Capit\u00e3o Augusto<br \/>\nApresenta\u00e7\u00e3o: 01\/10\/2025 11:53:28.373 &#8211; Mesa<br \/>\n*CD256665339700* PL n.4881\/2025<\/article>\n<p><a href='https:\/\/app.legislapp.com.br\/#\/busca?termo='><\/a><\/p>\n<div style=\"text-align: center\">\n      <img decoding=\"async\" style=\"width: 14%;\" src=\"https:\/\/www.legislapp.com.br\/wp-content\/uploads\/2021\/07\/Logo-Legislapp-1-03-1.png\"><br \/>\n      <\/p>\n<div style=\"margin-bottom: 20px;\" class=\"et_pb_button_module_wrapper et_pb_button_5_tb_body_wrapper et_pb_button_alignment_center et_pb_module \">\n         <a class=\"et_pb_button et_pb_button_5_tb_body et_hover_enabled et_pb_bg_layout_dark\" style=\"width: 50%;background-color: black;\" href=\"https:\/\/app.legislapp.com.br\" target=\"_blank\" rel=\"noopener\">Visualizar completo na nossa plataforma (30 dias gr\u00e1tis)<\/a><\/p><\/div>\n<p>      <a href=\"https:\/\/play.google.com\/store\/apps\/details?id=br.com.legislapp\"><img decoding=\"async\" style=\"width: 15%; min-width: 130px;\" src=\"https:\/\/www.legislapp.com.br\/wp-content\/uploads\/google-play.png\"><\/a><br \/>\n      <a href=\"https:\/\/apps.apple.com\/us\/app\/legislapp\/id1568929859\"><img decoding=\"async\" style=\"width: 15%; min-width: 130px\" src=\"https:\/\/www.legislapp.com.br\/wp-content\/uploads\/apple-store.png\"><\/a>\n   <\/div>\n","protected":false},"excerpt":{"rendered":"<p>Avulso Inicial &#8211; Autoria de Capit\u00e3o Augusto PROJETO DE LEI N.\u00ba , DE 2025 (Do Sr. Capit\u00e3o Augusto) Disp\u00f5e sobre a concess\u00e3o de isen\u00e7\u00e3o e redu\u00e7\u00e3o de tributos federais para importa\u00e7\u00e3o, aquisi\u00e7\u00e3o e utiliza\u00e7\u00e3o de animais, equipamentos e insumos destinados \u00e0 pr\u00e1tica da prova de r\u00e9deas e d\u00e1 outras provid\u00eancias. O Congresso Nacional decreta: Art. [&hellip;]<\/p>\n","protected":false},"author":1,"featured_media":0,"parent":0,"menu_order":0,"comment_status":"closed","ping_status":"closed","template":"page-template-blank.php","meta":{"_et_pb_use_builder":"","_et_pb_old_content":"","_et_gb_content_width":"1080","ngg_post_thumbnail":0,"footnotes":""},"class_list":["post-9927","page","type-page","status-publish","hentry"],"yoast_head":"<!-- This site is optimized with the Yoast SEO plugin v24.4 - https:\/\/yoast.com\/wordpress\/plugins\/seo\/ -->\n<title>Avulso Inicial - PL 4881\/2025 - C\u00e2mara - Legislapp<\/title>\n<meta name=\"robots\" content=\"index, follow, max-snippet:-1, max-image-preview:large, max-video-preview:-1\" \/>\n<link rel=\"canonical\" href=\"https:\/\/www.legislapp.com.br\/index.php\/avulso-inicial-pl-4881-2025-camara\/\" \/>\n<meta property=\"og:locale\" content=\"pt_BR\" \/>\n<meta property=\"og:type\" content=\"article\" \/>\n<meta property=\"og:title\" content=\"Avulso Inicial - PL 4881\/2025 - C\u00e2mara - Legislapp\" \/>\n<meta property=\"og:description\" content=\"Avulso Inicial &#8211; Autoria de Capit\u00e3o Augusto PROJETO DE LEI N.\u00ba , DE 2025 (Do Sr. Capit\u00e3o Augusto) Disp\u00f5e sobre a concess\u00e3o de isen\u00e7\u00e3o e redu\u00e7\u00e3o de tributos federais para importa\u00e7\u00e3o, aquisi\u00e7\u00e3o e utiliza\u00e7\u00e3o de animais, equipamentos e insumos destinados \u00e0 pr\u00e1tica da prova de r\u00e9deas e d\u00e1 outras provid\u00eancias. O Congresso Nacional decreta: Art. [&hellip;]\" \/>\n<meta property=\"og:url\" content=\"https:\/\/www.legislapp.com.br\/index.php\/avulso-inicial-pl-4881-2025-camara\/\" \/>\n<meta property=\"og:site_name\" content=\"Legislapp\" \/>\n<meta property=\"article:publisher\" content=\"https:\/\/www.instagram.com\/legislapp\/\" \/>\n<meta property=\"og:image\" content=\"https:\/\/www.legislapp.com.br\/wp-content\/uploads\/2021\/07\/Logo-Legislapp-1-03-1.png\" \/>\n<meta name=\"twitter:card\" content=\"summary_large_image\" \/>\n<meta name=\"twitter:label1\" content=\"Est. tempo de leitura\" \/>\n\t<meta name=\"twitter:data1\" content=\"4 minutos\" \/>\n<script type=\"application\/ld+json\" class=\"yoast-schema-graph\">{\"@context\":\"https:\/\/schema.org\",\"@graph\":[{\"@type\":\"WebPage\",\"@id\":\"https:\/\/www.legislapp.com.br\/index.php\/avulso-inicial-pl-4881-2025-camara\/\",\"url\":\"https:\/\/www.legislapp.com.br\/index.php\/avulso-inicial-pl-4881-2025-camara\/\",\"name\":\"Avulso Inicial - PL 4881\/2025 - C\u00e2mara - Legislapp\",\"isPartOf\":{\"@id\":\"https:\/\/www.legislapp.com.br\/#website\"},\"primaryImageOfPage\":{\"@id\":\"https:\/\/www.legislapp.com.br\/index.php\/avulso-inicial-pl-4881-2025-camara\/#primaryimage\"},\"image\":{\"@id\":\"https:\/\/www.legislapp.com.br\/index.php\/avulso-inicial-pl-4881-2025-camara\/#primaryimage\"},\"thumbnailUrl\":\"https:\/\/www.legislapp.com.br\/wp-content\/uploads\/2021\/07\/Logo-Legislapp-1-03-1.png\",\"datePublished\":\"2025-12-01T13:50:53+00:00\",\"breadcrumb\":{\"@id\":\"https:\/\/www.legislapp.com.br\/index.php\/avulso-inicial-pl-4881-2025-camara\/#breadcrumb\"},\"inLanguage\":\"pt-BR\",\"potentialAction\":[{\"@type\":\"ReadAction\",\"target\":[\"https:\/\/www.legislapp.com.br\/index.php\/avulso-inicial-pl-4881-2025-camara\/\"]}]},{\"@type\":\"ImageObject\",\"inLanguage\":\"pt-BR\",\"@id\":\"https:\/\/www.legislapp.com.br\/index.php\/avulso-inicial-pl-4881-2025-camara\/#primaryimage\",\"url\":\"https:\/\/www.legislapp.com.br\/wp-content\/uploads\/2021\/07\/Logo-Legislapp-1-03-1.png\",\"contentUrl\":\"https:\/\/www.legislapp.com.br\/wp-content\/uploads\/2021\/07\/Logo-Legislapp-1-03-1.png\",\"width\":2679,\"height\":2697},{\"@type\":\"BreadcrumbList\",\"@id\":\"https:\/\/www.legislapp.com.br\/index.php\/avulso-inicial-pl-4881-2025-camara\/#breadcrumb\",\"itemListElement\":[{\"@type\":\"ListItem\",\"position\":1,\"name\":\"In\u00edcio\",\"item\":\"https:\/\/www.legislapp.com.br\/\"},{\"@type\":\"ListItem\",\"position\":2,\"name\":\"Avulso Inicial &#8211; PL 4881\/2025 &#8211; C\u00e2mara\"}]},{\"@type\":\"WebSite\",\"@id\":\"https:\/\/www.legislapp.com.br\/#website\",\"url\":\"https:\/\/www.legislapp.com.br\/\",\"name\":\"Legislapp\",\"description\":\"Intelig\u00eancia governamental em tempo real\",\"publisher\":{\"@id\":\"https:\/\/www.legislapp.com.br\/#organization\"},\"potentialAction\":[{\"@type\":\"SearchAction\",\"target\":{\"@type\":\"EntryPoint\",\"urlTemplate\":\"https:\/\/www.legislapp.com.br\/?s={search_term_string}\"},\"query-input\":{\"@type\":\"PropertyValueSpecification\",\"valueRequired\":true,\"valueName\":\"search_term_string\"}}],\"inLanguage\":\"pt-BR\"},{\"@type\":\"Organization\",\"@id\":\"https:\/\/www.legislapp.com.br\/#organization\",\"name\":\"Legislapp Monitoramento e Intelig\u00eancia Governamental\",\"url\":\"https:\/\/www.legislapp.com.br\/\",\"logo\":{\"@type\":\"ImageObject\",\"inLanguage\":\"pt-BR\",\"@id\":\"https:\/\/www.legislapp.com.br\/#\/schema\/logo\/image\/\",\"url\":\"https:\/\/www.legislapp.com.br\/wp-content\/uploads\/icon.png\",\"contentUrl\":\"https:\/\/www.legislapp.com.br\/wp-content\/uploads\/icon.png\",\"width\":1024,\"height\":1024,\"caption\":\"Legislapp Monitoramento e Intelig\u00eancia Governamental\"},\"image\":{\"@id\":\"https:\/\/www.legislapp.com.br\/#\/schema\/logo\/image\/\"},\"sameAs\":[\"https:\/\/www.instagram.com\/legislapp\/\"]}]}<\/script>\n<!-- \/ Yoast SEO plugin. -->","yoast_head_json":{"title":"Avulso Inicial - PL 4881\/2025 - C\u00e2mara - Legislapp","robots":{"index":"index","follow":"follow","max-snippet":"max-snippet:-1","max-image-preview":"max-image-preview:large","max-video-preview":"max-video-preview:-1"},"canonical":"https:\/\/www.legislapp.com.br\/index.php\/avulso-inicial-pl-4881-2025-camara\/","og_locale":"pt_BR","og_type":"article","og_title":"Avulso Inicial - PL 4881\/2025 - C\u00e2mara - Legislapp","og_description":"Avulso Inicial &#8211; Autoria de Capit\u00e3o Augusto PROJETO DE LEI N.\u00ba , DE 2025 (Do Sr. Capit\u00e3o Augusto) Disp\u00f5e sobre a concess\u00e3o de isen\u00e7\u00e3o e redu\u00e7\u00e3o de tributos federais para importa\u00e7\u00e3o, aquisi\u00e7\u00e3o e utiliza\u00e7\u00e3o de animais, equipamentos e insumos destinados \u00e0 pr\u00e1tica da prova de r\u00e9deas e d\u00e1 outras provid\u00eancias. O Congresso Nacional decreta: Art. [&hellip;]","og_url":"https:\/\/www.legislapp.com.br\/index.php\/avulso-inicial-pl-4881-2025-camara\/","og_site_name":"Legislapp","article_publisher":"https:\/\/www.instagram.com\/legislapp\/","og_image":[{"url":"https:\/\/www.legislapp.com.br\/wp-content\/uploads\/2021\/07\/Logo-Legislapp-1-03-1.png","type":"","width":"","height":""}],"twitter_card":"summary_large_image","twitter_misc":{"Est. tempo de leitura":"4 minutos"},"schema":{"@context":"https:\/\/schema.org","@graph":[{"@type":"WebPage","@id":"https:\/\/www.legislapp.com.br\/index.php\/avulso-inicial-pl-4881-2025-camara\/","url":"https:\/\/www.legislapp.com.br\/index.php\/avulso-inicial-pl-4881-2025-camara\/","name":"Avulso Inicial - PL 4881\/2025 - C\u00e2mara - Legislapp","isPartOf":{"@id":"https:\/\/www.legislapp.com.br\/#website"},"primaryImageOfPage":{"@id":"https:\/\/www.legislapp.com.br\/index.php\/avulso-inicial-pl-4881-2025-camara\/#primaryimage"},"image":{"@id":"https:\/\/www.legislapp.com.br\/index.php\/avulso-inicial-pl-4881-2025-camara\/#primaryimage"},"thumbnailUrl":"https:\/\/www.legislapp.com.br\/wp-content\/uploads\/2021\/07\/Logo-Legislapp-1-03-1.png","datePublished":"2025-12-01T13:50:53+00:00","breadcrumb":{"@id":"https:\/\/www.legislapp.com.br\/index.php\/avulso-inicial-pl-4881-2025-camara\/#breadcrumb"},"inLanguage":"pt-BR","potentialAction":[{"@type":"ReadAction","target":["https:\/\/www.legislapp.com.br\/index.php\/avulso-inicial-pl-4881-2025-camara\/"]}]},{"@type":"ImageObject","inLanguage":"pt-BR","@id":"https:\/\/www.legislapp.com.br\/index.php\/avulso-inicial-pl-4881-2025-camara\/#primaryimage","url":"https:\/\/www.legislapp.com.br\/wp-content\/uploads\/2021\/07\/Logo-Legislapp-1-03-1.png","contentUrl":"https:\/\/www.legislapp.com.br\/wp-content\/uploads\/2021\/07\/Logo-Legislapp-1-03-1.png","width":2679,"height":2697},{"@type":"BreadcrumbList","@id":"https:\/\/www.legislapp.com.br\/index.php\/avulso-inicial-pl-4881-2025-camara\/#breadcrumb","itemListElement":[{"@type":"ListItem","position":1,"name":"In\u00edcio","item":"https:\/\/www.legislapp.com.br\/"},{"@type":"ListItem","position":2,"name":"Avulso Inicial &#8211; PL 4881\/2025 &#8211; C\u00e2mara"}]},{"@type":"WebSite","@id":"https:\/\/www.legislapp.com.br\/#website","url":"https:\/\/www.legislapp.com.br\/","name":"Legislapp","description":"Intelig\u00eancia governamental em tempo real","publisher":{"@id":"https:\/\/www.legislapp.com.br\/#organization"},"potentialAction":[{"@type":"SearchAction","target":{"@type":"EntryPoint","urlTemplate":"https:\/\/www.legislapp.com.br\/?s={search_term_string}"},"query-input":{"@type":"PropertyValueSpecification","valueRequired":true,"valueName":"search_term_string"}}],"inLanguage":"pt-BR"},{"@type":"Organization","@id":"https:\/\/www.legislapp.com.br\/#organization","name":"Legislapp Monitoramento e Intelig\u00eancia Governamental","url":"https:\/\/www.legislapp.com.br\/","logo":{"@type":"ImageObject","inLanguage":"pt-BR","@id":"https:\/\/www.legislapp.com.br\/#\/schema\/logo\/image\/","url":"https:\/\/www.legislapp.com.br\/wp-content\/uploads\/icon.png","contentUrl":"https:\/\/www.legislapp.com.br\/wp-content\/uploads\/icon.png","width":1024,"height":1024,"caption":"Legislapp Monitoramento e Intelig\u00eancia Governamental"},"image":{"@id":"https:\/\/www.legislapp.com.br\/#\/schema\/logo\/image\/"},"sameAs":["https:\/\/www.instagram.com\/legislapp\/"]}]}},"_links":{"self":[{"href":"https:\/\/www.legislapp.com.br\/index.php\/wp-json\/wp\/v2\/pages\/9927","targetHints":{"allow":["GET"]}}],"collection":[{"href":"https:\/\/www.legislapp.com.br\/index.php\/wp-json\/wp\/v2\/pages"}],"about":[{"href":"https:\/\/www.legislapp.com.br\/index.php\/wp-json\/wp\/v2\/types\/page"}],"author":[{"embeddable":true,"href":"https:\/\/www.legislapp.com.br\/index.php\/wp-json\/wp\/v2\/users\/1"}],"replies":[{"embeddable":true,"href":"https:\/\/www.legislapp.com.br\/index.php\/wp-json\/wp\/v2\/comments?post=9927"}],"version-history":[{"count":0,"href":"https:\/\/www.legislapp.com.br\/index.php\/wp-json\/wp\/v2\/pages\/9927\/revisions"}],"wp:attachment":[{"href":"https:\/\/www.legislapp.com.br\/index.php\/wp-json\/wp\/v2\/media?parent=9927"}],"curies":[{"name":"wp","href":"https:\/\/api.w.org\/{rel}","templated":true}]}}