{"id":9936,"date":"2025-12-01T10:51:29","date_gmt":"2025-12-01T13:51:29","guid":{"rendered":"https:\/\/www.legislapp.com.br\/index.php\/avulso-inicial-pl-4950-2025-camara\/"},"modified":"2025-12-01T10:51:29","modified_gmt":"2025-12-01T13:51:29","slug":"avulso-inicial-pl-4950-2025-camara","status":"publish","type":"page","link":"https:\/\/www.legislapp.com.br\/index.php\/avulso-inicial-pl-4950-2025-camara\/","title":{"rendered":"Avulso Inicial &#8211; PL 4950\/2025 &#8211; C\u00e2mara"},"content":{"rendered":"<h1 style='text-align: center;'>Avulso Inicial &#8211; Autoria de Dimas Gadelha<\/h3>\n<p><\/p>\n<article>PROJETO DE LEI N\u00ba          , DE 2025<br \/>\n(Do Sr. DIMAS GADELHA)<br \/>\nAltera o art. 54, da Lei n\u00ba 9.605, de 12<br \/>\nde fevereiro de 1998 (Lei de Crimes<br \/>\nAmbientais), para criar o crime de polui\u00e7\u00e3o<br \/>\nsonora.<br \/>\nO Congresso Nacional decreta:<br \/>\nArt. 1\u00ba Esta Lei altera o art. 54, da Lei n\u00ba 9.605, de 12 de<br \/>\nfevereiro de 1998 (Lei de Crimes Ambientais), para criar o crime de polui\u00e7\u00e3o<br \/>\nsonora.<br \/>\nArt. 2\u00ba O art. 54, da Lei n\u00ba 9.605, de 12 de fevereiro de 1998<br \/>\n(Lei de Crimes Ambientais), passa a vigorar com a seguinte reda\u00e7\u00e3o:<br \/>\n\u201cArt. 54 &#8230;&#8230;&#8230;&#8230;&#8230;&#8230;&#8230;&#8230;&#8230;&#8230;&#8230;&#8230;&#8230;&#8230;&#8230;&#8230;.<br \/>\n&#8230;&#8230;&#8230;&#8230;&#8230;&#8230;&#8230;&#8230;&#8230;&#8230;&#8230;&#8230;&#8230;&#8230;&#8230;&#8230;&#8230;&#8230;&#8230;&#8230;..<br \/>\n\u00a72\u00ba &#8230;&#8230;&#8230;&#8230;&#8230;&#8230;&#8230;&#8230;&#8230;&#8230;&#8230;&#8230;&#8230;&#8230;&#8230;&#8230;&#8230;&#8230;..<br \/>\n&#8230;&#8230;&#8230;&#8230;&#8230;&#8230;&#8230;&#8230;&#8230;&#8230;&#8230;&#8230;&#8230;&#8230;&#8230;&#8230;&#8230;&#8230;&#8230;&#8230;&#8230;<br \/>\nVI- causar polui\u00e7\u00e3o sonora:<br \/>\na) com gritaria ou algazarra;<br \/>\nb) exercendo profiss\u00e3o inc\u00f4moda ou ruidosa, em<br \/>\ndesacordo com as prescri\u00e7\u00f5es legais;<br \/>\nc) abusando de instrumentos sonoros ou sinais<br \/>\nac\u00fasticos;<br \/>\nd) provocando ou n\u00e3o procurando impedir barulho<br \/>\nproduzido por animal de que tem a guarda.<br \/>\nPena \u2013 reclus\u00e3o, de um a cinco anos.<br \/>\n\u00a73\u00ba &#8230;&#8230;&#8230;&#8230;&#8230;&#8230;&#8230;&#8230;&#8230;&#8230;&#8230;&#8230;&#8230;&#8230;&#8230;&#8230;&#8230;&#8230;&#8230;&#8230;.<br \/>\nPara verificar a assinatura, acesse https:\/\/infoleg-autenticidade-assinatura.camara.leg.br\/CD255051108900<br \/>\nAssinado eletronicamente pelo(a) Dep. Dimas Gadelha<br \/>\nApresenta\u00e7\u00e3o: 02\/10\/2025 16:36:29.780 &#8211; Mesa<br \/>\n*CD255051108900* PL n.4950\/2025<br \/>2<br \/>\n\u00a74\u00ba A constata\u00e7\u00e3o da infra\u00e7\u00e3o prevista no inciso VI<br \/>\ndeste artigo dever\u00e1 ser fundamentada em boletim de<br \/>\nocorr\u00eancia policial acompanhado de:<br \/>\nI-  relat\u00f3rio t\u00e9cnico de n\u00edvel de press\u00e3o sonora;<br \/>\nII- imagens e som captados no local da infra\u00e7\u00e3o;<br \/>\nIII- declara\u00e7\u00e3o de testemunha presente no local; ou<br \/>\nIV- identifica\u00e7\u00e3o circunstancial do tipo de<br \/>\nequipamento gerador do ru\u00eddo.\u201d (NR)<br \/>\nArt. 3\u00ba Fica revogado o art. 42, do Decreto-Lei n\u00ba 3.688, de 3 de<br \/>\noutubro de 1941 (Lei das Contraven\u00e7\u00f5es Penais).<br \/>\nArt. 4\u00ba Esta lei entra em vigor na data de sua publica\u00e7\u00e3o.<br \/>\nJUSTIFICA\u00c7\u00c3O<br \/>\nA perturba\u00e7\u00e3o do sossego \u00e9 um dos problemas urbanos mais<br \/>\nfrequentes, que afeta diretamente o bem-estar f\u00edsico e emocional da<br \/>\npopula\u00e7\u00e3o, comprometendo o direito \u00e0 sa\u00fade, ao descanso e \u00e0 conviv\u00eancia<br \/>\npac\u00edfica. Nas grandes cidades, mas tamb\u00e9m em \u00e1reas residenciais menores, a<br \/>\nexposi\u00e7\u00e3o a sons excessivos e cont\u00ednuos, durante a noite, tem se tornado fonte<br \/>\nde tens\u00e3o, doen\u00e7as cr\u00f4nicas e conflitos interpessoais.<br \/>\nEstudos nacionais e internacionais reconhecem a polui\u00e7\u00e3o<br \/>\nsonora como uma forma de agress\u00e3o invis\u00edvel, associada a quadros de<br \/>\nestresse, ins\u00f4nia, hipertens\u00e3o, doen\u00e7as cardiovasculares e preju\u00edzos<br \/>\ncognitivos. A Organiza\u00e7\u00e3o Mundial da Sa\u00fade j\u00e1 classificou o ru\u00eddo urbano como<br \/>\num dos maiores desafios ambientais dos centros urbanos no s\u00e9culo XXI.<br \/>\nReportagem da BBC publicada em 2024 identificou o barulho noturno como um<br \/>\n\u201cassassino silencioso\u201d nas cidades modernas.<br \/>\nPor esta raz\u00e3o, o presente Projeto de Lei prop\u00f5e a convers\u00e3o<br \/>\nda conduta prevista na contraven\u00e7\u00e3o penal de perturba\u00e7\u00e3o do sossego alheio<br \/>\n(art. 42, da Lei de Contraven\u00e7\u00f5es Penais) em crime de polui\u00e7\u00e3o sonora, uma<br \/>\nvez que, atualmente, a repress\u00e3o estatal \u00e9 limitada por se tratar de infra\u00e7\u00e3o<br \/>\nPara verificar a assinatura, acesse https:\/\/infoleg-autenticidade-assinatura.camara.leg.br\/CD255051108900<br \/>\nAssinado eletronicamente pelo(a) Dep. Dimas Gadelha<br \/>\nApresenta\u00e7\u00e3o: 02\/10\/2025 16:36:29.780 &#8211; Mesa<br \/>\n*CD255051108900* PL n.4950\/2025<br \/>3<br \/>\ncriminal de menor potencial ofensivo. A convers\u00e3o da conduta em crime torna<br \/>\nposs\u00edvel a aplica\u00e7\u00e3o de medidas repressivas mais rigorosas, tais como a<br \/>\napreens\u00e3o do equipamento sonoro.<br \/>\nSendo assim, com a certeza de que esta proposi\u00e7\u00e3o aprimora<br \/>\no ordenamento jur\u00eddico criminal brasileiro, rogo aos pares que o aprovem.<br \/>\nSala das Sess\u00f5es, em        de                     de 2025.<br \/>\nDeputado DIMAS GADELHA<br \/>\n2025-11795<br \/>\nPara verificar a assinatura, acesse https:\/\/infoleg-autenticidade-assinatura.camara.leg.br\/CD255051108900<br \/>\nAssinado eletronicamente pelo(a) Dep. Dimas Gadelha<br \/>\nApresenta\u00e7\u00e3o: 02\/10\/2025 16:36:29.780 &#8211; Mesa<br \/>\n*CD255051108900* PL n.4950\/2025<\/article>\n<p><a href='https:\/\/app.legislapp.com.br\/#\/busca?termo=Altera\u00e7\u00e3o'>Altera\u00e7\u00e3o<\/a>, <a href='https:\/\/app.legislapp.com.br\/#\/busca?termo=Lei dos Crimes Ambientais (1998)'>Lei dos Crimes Ambientais (1998)<\/a>, <a href='https:\/\/app.legislapp.com.br\/#\/busca?termo=revoga\u00e7\u00e3o'>revoga\u00e7\u00e3o<\/a>, <a href='https:\/\/app.legislapp.com.br\/#\/busca?termo=dispositivo legal'>dispositivo legal<\/a>, <a href='https:\/\/app.legislapp.com.br\/#\/busca?termo=Lei das Contraven\u00e7\u00f5es Penais (1941)'>Lei das Contraven\u00e7\u00f5es Penais (1941)<\/a>, <a href='https:\/\/app.legislapp.com.br\/#\/busca?termo=contraven\u00e7\u00e3o referente \u00e0 paz p\u00fablica'>contraven\u00e7\u00e3o referente \u00e0 paz p\u00fablica<\/a>, <a href='https:\/\/app.legislapp.com.br\/#\/busca?termo=perturba\u00e7\u00e3o do trabalho'>perturba\u00e7\u00e3o do trabalho<\/a>, <a href='https:\/\/app.legislapp.com.br\/#\/busca?termo=perturba\u00e7\u00e3o do sossego alheio'>perturba\u00e7\u00e3o do sossego alheio<\/a>, <a href='https:\/\/app.legislapp.com.br\/#\/busca?termo=retirada'>retirada<\/a>, <a href='https:\/\/app.legislapp.com.br\/#\/busca?termo=pena'>pena<\/a>, <a href='https:\/\/app.legislapp.com.br\/#\/busca?termo=multa'>multa<\/a>, <a href='https:\/\/app.legislapp.com.br\/#\/busca?termo=polui\u00e7\u00e3o sonora'>polui\u00e7\u00e3o sonora<\/a>, <a href='https:\/\/app.legislapp.com.br\/#\/busca?termo=boletim de ocorr\u00eancia policial'>boletim de ocorr\u00eancia policial<\/a>, <a href='https:\/\/app.legislapp.com.br\/#\/busca?termo=diretrizes.'>diretrizes.<\/a><\/p>\n<div style=\"text-align: center\">\n      <img decoding=\"async\" style=\"width: 14%;\" src=\"https:\/\/www.legislapp.com.br\/wp-content\/uploads\/2021\/07\/Logo-Legislapp-1-03-1.png\"><br \/>\n      <\/p>\n<div style=\"margin-bottom: 20px;\" class=\"et_pb_button_module_wrapper et_pb_button_5_tb_body_wrapper et_pb_button_alignment_center et_pb_module \">\n         <a class=\"et_pb_button et_pb_button_5_tb_body et_hover_enabled et_pb_bg_layout_dark\" style=\"width: 50%;background-color: black;\" href=\"https:\/\/app.legislapp.com.br\" target=\"_blank\" rel=\"noopener\">Visualizar completo na nossa plataforma (30 dias gr\u00e1tis)<\/a><\/p><\/div>\n<p>      <a href=\"https:\/\/play.google.com\/store\/apps\/details?id=br.com.legislapp\"><img decoding=\"async\" style=\"width: 15%; min-width: 130px;\" src=\"https:\/\/www.legislapp.com.br\/wp-content\/uploads\/google-play.png\"><\/a><br \/>\n      <a href=\"https:\/\/apps.apple.com\/us\/app\/legislapp\/id1568929859\"><img decoding=\"async\" style=\"width: 15%; min-width: 130px\" src=\"https:\/\/www.legislapp.com.br\/wp-content\/uploads\/apple-store.png\"><\/a>\n   <\/div>\n","protected":false},"excerpt":{"rendered":"<p>Avulso Inicial &#8211; Autoria de Dimas Gadelha PROJETO DE LEI N\u00ba , DE 2025 (Do Sr. DIMAS GADELHA) Altera o art. 54, da Lei n\u00ba 9.605, de 12 de fevereiro de 1998 (Lei de Crimes Ambientais), para criar o crime de polui\u00e7\u00e3o sonora. O Congresso Nacional decreta: Art. 1\u00ba Esta Lei altera o art. 54, [&hellip;]<\/p>\n","protected":false},"author":1,"featured_media":0,"parent":0,"menu_order":0,"comment_status":"closed","ping_status":"closed","template":"page-template-blank.php","meta":{"_et_pb_use_builder":"","_et_pb_old_content":"","_et_gb_content_width":"1080","ngg_post_thumbnail":0,"footnotes":""},"class_list":["post-9936","page","type-page","status-publish","hentry"],"yoast_head":"<!-- This site is optimized with the Yoast SEO plugin v24.4 - https:\/\/yoast.com\/wordpress\/plugins\/seo\/ -->\n<title>Avulso Inicial - PL 4950\/2025 - C\u00e2mara - Legislapp<\/title>\n<meta name=\"robots\" content=\"index, follow, max-snippet:-1, max-image-preview:large, max-video-preview:-1\" \/>\n<link rel=\"canonical\" href=\"https:\/\/www.legislapp.com.br\/index.php\/avulso-inicial-pl-4950-2025-camara\/\" \/>\n<meta property=\"og:locale\" content=\"pt_BR\" \/>\n<meta property=\"og:type\" content=\"article\" \/>\n<meta property=\"og:title\" content=\"Avulso Inicial - PL 4950\/2025 - C\u00e2mara - Legislapp\" \/>\n<meta property=\"og:description\" content=\"Avulso Inicial &#8211; Autoria de Dimas Gadelha PROJETO DE LEI N\u00ba , DE 2025 (Do Sr. DIMAS GADELHA) Altera o art. 54, da Lei n\u00ba 9.605, de 12 de fevereiro de 1998 (Lei de Crimes Ambientais), para criar o crime de polui\u00e7\u00e3o sonora. O Congresso Nacional decreta: Art. 1\u00ba Esta Lei altera o art. 54, [&hellip;]\" \/>\n<meta property=\"og:url\" content=\"https:\/\/www.legislapp.com.br\/index.php\/avulso-inicial-pl-4950-2025-camara\/\" \/>\n<meta property=\"og:site_name\" content=\"Legislapp\" \/>\n<meta property=\"article:publisher\" content=\"https:\/\/www.instagram.com\/legislapp\/\" \/>\n<meta property=\"og:image\" content=\"https:\/\/www.legislapp.com.br\/wp-content\/uploads\/2021\/07\/Logo-Legislapp-1-03-1.png\" \/>\n<meta name=\"twitter:card\" content=\"summary_large_image\" \/>\n<meta name=\"twitter:label1\" content=\"Est. tempo de leitura\" \/>\n\t<meta name=\"twitter:data1\" content=\"3 minutos\" \/>\n<script type=\"application\/ld+json\" class=\"yoast-schema-graph\">{\"@context\":\"https:\/\/schema.org\",\"@graph\":[{\"@type\":\"WebPage\",\"@id\":\"https:\/\/www.legislapp.com.br\/index.php\/avulso-inicial-pl-4950-2025-camara\/\",\"url\":\"https:\/\/www.legislapp.com.br\/index.php\/avulso-inicial-pl-4950-2025-camara\/\",\"name\":\"Avulso Inicial - PL 4950\/2025 - C\u00e2mara - Legislapp\",\"isPartOf\":{\"@id\":\"https:\/\/www.legislapp.com.br\/#website\"},\"primaryImageOfPage\":{\"@id\":\"https:\/\/www.legislapp.com.br\/index.php\/avulso-inicial-pl-4950-2025-camara\/#primaryimage\"},\"image\":{\"@id\":\"https:\/\/www.legislapp.com.br\/index.php\/avulso-inicial-pl-4950-2025-camara\/#primaryimage\"},\"thumbnailUrl\":\"https:\/\/www.legislapp.com.br\/wp-content\/uploads\/2021\/07\/Logo-Legislapp-1-03-1.png\",\"datePublished\":\"2025-12-01T13:51:29+00:00\",\"breadcrumb\":{\"@id\":\"https:\/\/www.legislapp.com.br\/index.php\/avulso-inicial-pl-4950-2025-camara\/#breadcrumb\"},\"inLanguage\":\"pt-BR\",\"potentialAction\":[{\"@type\":\"ReadAction\",\"target\":[\"https:\/\/www.legislapp.com.br\/index.php\/avulso-inicial-pl-4950-2025-camara\/\"]}]},{\"@type\":\"ImageObject\",\"inLanguage\":\"pt-BR\",\"@id\":\"https:\/\/www.legislapp.com.br\/index.php\/avulso-inicial-pl-4950-2025-camara\/#primaryimage\",\"url\":\"https:\/\/www.legislapp.com.br\/wp-content\/uploads\/2021\/07\/Logo-Legislapp-1-03-1.png\",\"contentUrl\":\"https:\/\/www.legislapp.com.br\/wp-content\/uploads\/2021\/07\/Logo-Legislapp-1-03-1.png\",\"width\":2679,\"height\":2697},{\"@type\":\"BreadcrumbList\",\"@id\":\"https:\/\/www.legislapp.com.br\/index.php\/avulso-inicial-pl-4950-2025-camara\/#breadcrumb\",\"itemListElement\":[{\"@type\":\"ListItem\",\"position\":1,\"name\":\"In\u00edcio\",\"item\":\"https:\/\/www.legislapp.com.br\/\"},{\"@type\":\"ListItem\",\"position\":2,\"name\":\"Avulso Inicial &#8211; PL 4950\/2025 &#8211; C\u00e2mara\"}]},{\"@type\":\"WebSite\",\"@id\":\"https:\/\/www.legislapp.com.br\/#website\",\"url\":\"https:\/\/www.legislapp.com.br\/\",\"name\":\"Legislapp\",\"description\":\"Intelig\u00eancia governamental em tempo real\",\"publisher\":{\"@id\":\"https:\/\/www.legislapp.com.br\/#organization\"},\"potentialAction\":[{\"@type\":\"SearchAction\",\"target\":{\"@type\":\"EntryPoint\",\"urlTemplate\":\"https:\/\/www.legislapp.com.br\/?s={search_term_string}\"},\"query-input\":{\"@type\":\"PropertyValueSpecification\",\"valueRequired\":true,\"valueName\":\"search_term_string\"}}],\"inLanguage\":\"pt-BR\"},{\"@type\":\"Organization\",\"@id\":\"https:\/\/www.legislapp.com.br\/#organization\",\"name\":\"Legislapp Monitoramento e Intelig\u00eancia Governamental\",\"url\":\"https:\/\/www.legislapp.com.br\/\",\"logo\":{\"@type\":\"ImageObject\",\"inLanguage\":\"pt-BR\",\"@id\":\"https:\/\/www.legislapp.com.br\/#\/schema\/logo\/image\/\",\"url\":\"https:\/\/www.legislapp.com.br\/wp-content\/uploads\/icon.png\",\"contentUrl\":\"https:\/\/www.legislapp.com.br\/wp-content\/uploads\/icon.png\",\"width\":1024,\"height\":1024,\"caption\":\"Legislapp Monitoramento e Intelig\u00eancia Governamental\"},\"image\":{\"@id\":\"https:\/\/www.legislapp.com.br\/#\/schema\/logo\/image\/\"},\"sameAs\":[\"https:\/\/www.instagram.com\/legislapp\/\"]}]}<\/script>\n<!-- \/ Yoast SEO plugin. -->","yoast_head_json":{"title":"Avulso Inicial - PL 4950\/2025 - C\u00e2mara - Legislapp","robots":{"index":"index","follow":"follow","max-snippet":"max-snippet:-1","max-image-preview":"max-image-preview:large","max-video-preview":"max-video-preview:-1"},"canonical":"https:\/\/www.legislapp.com.br\/index.php\/avulso-inicial-pl-4950-2025-camara\/","og_locale":"pt_BR","og_type":"article","og_title":"Avulso Inicial - PL 4950\/2025 - C\u00e2mara - Legislapp","og_description":"Avulso Inicial &#8211; Autoria de Dimas Gadelha PROJETO DE LEI N\u00ba , DE 2025 (Do Sr. DIMAS GADELHA) Altera o art. 54, da Lei n\u00ba 9.605, de 12 de fevereiro de 1998 (Lei de Crimes Ambientais), para criar o crime de polui\u00e7\u00e3o sonora. O Congresso Nacional decreta: Art. 1\u00ba Esta Lei altera o art. 54, [&hellip;]","og_url":"https:\/\/www.legislapp.com.br\/index.php\/avulso-inicial-pl-4950-2025-camara\/","og_site_name":"Legislapp","article_publisher":"https:\/\/www.instagram.com\/legislapp\/","og_image":[{"url":"https:\/\/www.legislapp.com.br\/wp-content\/uploads\/2021\/07\/Logo-Legislapp-1-03-1.png","type":"","width":"","height":""}],"twitter_card":"summary_large_image","twitter_misc":{"Est. tempo de leitura":"3 minutos"},"schema":{"@context":"https:\/\/schema.org","@graph":[{"@type":"WebPage","@id":"https:\/\/www.legislapp.com.br\/index.php\/avulso-inicial-pl-4950-2025-camara\/","url":"https:\/\/www.legislapp.com.br\/index.php\/avulso-inicial-pl-4950-2025-camara\/","name":"Avulso Inicial - PL 4950\/2025 - C\u00e2mara - Legislapp","isPartOf":{"@id":"https:\/\/www.legislapp.com.br\/#website"},"primaryImageOfPage":{"@id":"https:\/\/www.legislapp.com.br\/index.php\/avulso-inicial-pl-4950-2025-camara\/#primaryimage"},"image":{"@id":"https:\/\/www.legislapp.com.br\/index.php\/avulso-inicial-pl-4950-2025-camara\/#primaryimage"},"thumbnailUrl":"https:\/\/www.legislapp.com.br\/wp-content\/uploads\/2021\/07\/Logo-Legislapp-1-03-1.png","datePublished":"2025-12-01T13:51:29+00:00","breadcrumb":{"@id":"https:\/\/www.legislapp.com.br\/index.php\/avulso-inicial-pl-4950-2025-camara\/#breadcrumb"},"inLanguage":"pt-BR","potentialAction":[{"@type":"ReadAction","target":["https:\/\/www.legislapp.com.br\/index.php\/avulso-inicial-pl-4950-2025-camara\/"]}]},{"@type":"ImageObject","inLanguage":"pt-BR","@id":"https:\/\/www.legislapp.com.br\/index.php\/avulso-inicial-pl-4950-2025-camara\/#primaryimage","url":"https:\/\/www.legislapp.com.br\/wp-content\/uploads\/2021\/07\/Logo-Legislapp-1-03-1.png","contentUrl":"https:\/\/www.legislapp.com.br\/wp-content\/uploads\/2021\/07\/Logo-Legislapp-1-03-1.png","width":2679,"height":2697},{"@type":"BreadcrumbList","@id":"https:\/\/www.legislapp.com.br\/index.php\/avulso-inicial-pl-4950-2025-camara\/#breadcrumb","itemListElement":[{"@type":"ListItem","position":1,"name":"In\u00edcio","item":"https:\/\/www.legislapp.com.br\/"},{"@type":"ListItem","position":2,"name":"Avulso Inicial &#8211; PL 4950\/2025 &#8211; C\u00e2mara"}]},{"@type":"WebSite","@id":"https:\/\/www.legislapp.com.br\/#website","url":"https:\/\/www.legislapp.com.br\/","name":"Legislapp","description":"Intelig\u00eancia governamental em tempo real","publisher":{"@id":"https:\/\/www.legislapp.com.br\/#organization"},"potentialAction":[{"@type":"SearchAction","target":{"@type":"EntryPoint","urlTemplate":"https:\/\/www.legislapp.com.br\/?s={search_term_string}"},"query-input":{"@type":"PropertyValueSpecification","valueRequired":true,"valueName":"search_term_string"}}],"inLanguage":"pt-BR"},{"@type":"Organization","@id":"https:\/\/www.legislapp.com.br\/#organization","name":"Legislapp Monitoramento e Intelig\u00eancia Governamental","url":"https:\/\/www.legislapp.com.br\/","logo":{"@type":"ImageObject","inLanguage":"pt-BR","@id":"https:\/\/www.legislapp.com.br\/#\/schema\/logo\/image\/","url":"https:\/\/www.legislapp.com.br\/wp-content\/uploads\/icon.png","contentUrl":"https:\/\/www.legislapp.com.br\/wp-content\/uploads\/icon.png","width":1024,"height":1024,"caption":"Legislapp Monitoramento e Intelig\u00eancia Governamental"},"image":{"@id":"https:\/\/www.legislapp.com.br\/#\/schema\/logo\/image\/"},"sameAs":["https:\/\/www.instagram.com\/legislapp\/"]}]}},"_links":{"self":[{"href":"https:\/\/www.legislapp.com.br\/index.php\/wp-json\/wp\/v2\/pages\/9936","targetHints":{"allow":["GET"]}}],"collection":[{"href":"https:\/\/www.legislapp.com.br\/index.php\/wp-json\/wp\/v2\/pages"}],"about":[{"href":"https:\/\/www.legislapp.com.br\/index.php\/wp-json\/wp\/v2\/types\/page"}],"author":[{"embeddable":true,"href":"https:\/\/www.legislapp.com.br\/index.php\/wp-json\/wp\/v2\/users\/1"}],"replies":[{"embeddable":true,"href":"https:\/\/www.legislapp.com.br\/index.php\/wp-json\/wp\/v2\/comments?post=9936"}],"version-history":[{"count":0,"href":"https:\/\/www.legislapp.com.br\/index.php\/wp-json\/wp\/v2\/pages\/9936\/revisions"}],"wp:attachment":[{"href":"https:\/\/www.legislapp.com.br\/index.php\/wp-json\/wp\/v2\/media?parent=9936"}],"curies":[{"name":"wp","href":"https:\/\/api.w.org\/{rel}","templated":true}]}}