{"id":9945,"date":"2025-12-01T10:52:24","date_gmt":"2025-12-01T13:52:24","guid":{"rendered":"https:\/\/www.legislapp.com.br\/index.php\/avulso-inicial-pl-3763-2025-camara\/"},"modified":"2025-12-01T10:52:24","modified_gmt":"2025-12-01T13:52:24","slug":"avulso-inicial-pl-3763-2025-camara","status":"publish","type":"page","link":"https:\/\/www.legislapp.com.br\/index.php\/avulso-inicial-pl-3763-2025-camara\/","title":{"rendered":"Avulso Inicial &#8211; PL 3763\/2025 &#8211; C\u00e2mara"},"content":{"rendered":"<h1 style='text-align: center;'>Avulso Inicial &#8211; Autoria de Ricardo Abr\u00e3o<\/h3>\n<p><\/p>\n<article>C\u00c2MARA DOS DEPUTADOS<br \/>\nDEPUTADO FEDERAL RICARDO ABR\u00c3O<br \/>\nPROJETO DE LEI N\u00ba     , DE                      DE 2025<br \/>\n(Do Senhor Ricardo Abr\u00e3o)<br \/>\nInstitui o Programa \u201cOlhe por Eles\u201d e a \u201cUrna do<br \/>\nDesabafo\u201d, voltados \u00e0 escuta ativa, acolhimento<br \/>\ne combate \u00e0 viol\u00eancia contra crian\u00e7as e<br \/>\nadolescentes, no \u00e2mbito das escolas p\u00fablicas e<br \/>\nprivadas de educa\u00e7\u00e3o b\u00e1sica, e d\u00e1 outras<br \/>\nprovid\u00eancias.<br \/>\nO CONGRESSO NACIONAL decreta:<br \/>\nArt. 1\u00ba Fica institu\u00eddo, no \u00e2mbito do territ\u00f3rio nacional, o Programa \u201cOlhe<br \/>\npor Eles\u201d, com o objetivo de promover a\u00e7\u00f5es permanentes e estruturadas<br \/>\nvoltadas \u00e0 preven\u00e7\u00e3o, detec\u00e7\u00e3o precoce, acolhimento, escuta protegida e<br \/>\nenfrentamento de todas as formas de viol\u00eancia f\u00edsica, psicol\u00f3gica, sexual,<br \/>\ninstitucional, simb\u00f3lica ou negligente contra crian\u00e7as e adolescentes no ambiente<br \/>\nescolar, em conson\u00e2ncia com os princ\u00edpios do Estatuto da Crian\u00e7a e do<br \/>\nAdolescente (Lei n\u00ba 8.069, de 1990) e com os compromissos internacionais<br \/>\nassumidos pelo Brasil.<br \/>\nArt. 2\u00ba Como instrumento do programa previsto no art. 1\u00ba, fica criada a<br \/>\n&#8220;Urna do Desabafo&#8221;, a ser instalada em todas as unidades escolares p\u00fablicas e<br \/>\nprivadas de educa\u00e7\u00e3o b\u00e1sica, em local resguardado, acess\u00edvel e n\u00e3o monitorado<br \/>\npor c\u00e2meras, de modo a assegurar o sigilo e o anonimato dos relatos.<br \/>\n\u00a71\u00ba A Urna do Desabafo ter\u00e1 por finalidade o recebimento de<br \/>\nmanifesta\u00e7\u00f5es espont\u00e2neas, an\u00f4nimas ou identificadas, de estudantes que<br \/>\ndesejem relatar situa\u00e7\u00f5es de viol\u00eancia, abuso, neglig\u00eancia, maus-tratos, bullying,<br \/>\ndiscrimina\u00e7\u00e3o ou quaisquer outras formas de viola\u00e7\u00e3o de direitos.<br \/>\n\u00a72\u00ba A instala\u00e7\u00e3o e manuten\u00e7\u00e3o da Urna do Desabafo dever\u00e3o seguir<br \/>\ndiretrizes t\u00e9cnicas definidas em regulamento, respeitando os princ\u00edpios da escuta<br \/>\nprotegida e da n\u00e3o revitimiza\u00e7\u00e3o.<br \/>\nArt. 3\u00ba A triagem e o tratamento das informa\u00e7\u00f5es recebidas por meio da<br \/>\nUrna do Desabafo ser\u00e3o de responsabilidade da equipe multiprofissional da<br \/>\ninstitui\u00e7\u00e3o de ensino, composta preferencialmente por profissionais das \u00e1reas de<br \/>\n_________________________________________________________________________________________________________________________<br \/>\nPra\u00e7a dos Tr\u00eas Poderes &#8211; Anexo IV \u2013 Gabinete 507 &#8211; C\u00e2mara dos Deputados &#8211; CEP: 70.160-900 \u2013 Bras\u00edlia\/DF<br \/>\nContato: (61) 3215-5507 e-mail: dep.ricardoabrao@camara.leg.br<br \/>\nPara verificar a assinatura, acesse https:\/\/infoleg-autenticidade-assinatura.camara.leg.br\/CD256816769700<br \/>\nAssinado eletronicamente pelo(a) Dep. Ricardo Abr\u00e3o<br \/>\nApresenta\u00e7\u00e3o: 06\/08\/2025 13:28:47.990 &#8211; Mesa<br \/>\n*CD256816769700* PL n.3763\/2025<br \/>C\u00c2MARA DOS DEPUTADOS<br \/>\nDEPUTADO FEDERAL RICARDO ABR\u00c3O<br \/>\nPsicologia, Assist\u00eancia Social e Pedagogia, garantindo-se:<br \/>\nI \u2013 o encaminhamento imediato \u00e0s autoridades competentes nos casos de<br \/>\nind\u00edcios de viol\u00eancia, nos termos do art. 13 do Estatuto da Crian\u00e7a e do<br \/>\nAdolescente;<br \/>\nII \u2013 o registro documental e sigiloso das manifesta\u00e7\u00f5es recebidas, com<br \/>\nrastreabilidade de provid\u00eancias, sem identifica\u00e7\u00e3o do denunciante;<br \/>\nIII \u2013 o respeito \u00e0s normas de prote\u00e7\u00e3o de dados pessoais, conforme a Lei<br \/>\nGeral de Prote\u00e7\u00e3o de Dados (Lei n\u00ba 13.709\/2018).<br \/>\nArt. 4\u00ba O Poder Executivo poder\u00e1 firmar conv\u00eanios, termos de coopera\u00e7\u00e3o<br \/>\nt\u00e9cnica ou parcerias institucionais com:<br \/>\nI \u2013 Conselhos Tutelares, Minist\u00e9rio P\u00fablico, Defensorias P\u00fablicas,<br \/>\nTribunais de Justi\u00e7a e Delegacias Especializadas;<br \/>\nII \u2013 Universidades, centros de pesquisa, organiza\u00e7\u00f5es da sociedade civil,<br \/>\nentidades de prote\u00e7\u00e3o \u00e0 inf\u00e2ncia e organismos internacionais;<br \/>\nIII \u2013 Secretarias estaduais e municipais de Educa\u00e7\u00e3o, Sa\u00fade, Assist\u00eancia<br \/>\nSocial e Seguran\u00e7a P\u00fablica.<br \/>\nArt. 5\u00ba O Programa \u201cOlhe por Eles\u201d dever\u00e1 incluir, no m\u00ednimo, as seguintes<br \/>\na\u00e7\u00f5es estruturantes:<br \/>\nI \u2013 capacita\u00e7\u00e3o permanente e certificada de professores, servidores e<br \/>\ngestores escolares para a identifica\u00e7\u00e3o precoce de sinais f\u00edsicos e<br \/>\ncomportamentais de viol\u00eancia;<br \/>\nII \u2013 campanhas educativas regulares com linguagem acess\u00edvel, sobre<br \/>\ndireitos da crian\u00e7a e do adolescente, canais de den\u00fancia e preven\u00e7\u00e3o ao abuso e<br \/>\n\u00e0 neglig\u00eancia;<br \/>\nIII \u2013 cria\u00e7\u00e3o e ado\u00e7\u00e3o de protocolos institucionais padronizados para<br \/>\nescuta qualificada, notifica\u00e7\u00e3o compuls\u00f3ria e fluxos interinstitucionais de<br \/>\nprote\u00e7\u00e3o;<br \/>\nIV \u2013 fomento \u00e0 cria\u00e7\u00e3o de espa\u00e7os seguros e permanentes de acolhimento<br \/>\npsicossocial, media\u00e7\u00e3o de conflitos e promo\u00e7\u00e3o da cultura de paz nas escolas;<br \/>\nV \u2013 monitoramento e avalia\u00e7\u00e3o cont\u00ednua do programa, com indicadores de<br \/>\nimpacto, mecanismos de auditoria cidad\u00e3 e relat\u00f3rios p\u00fablicos peri\u00f3dicos.<br \/>\nArt. 6\u00ba As despesas decorrentes da execu\u00e7\u00e3o desta Lei correr\u00e3o por conta<br \/>\ndas dota\u00e7\u00f5es or\u00e7ament\u00e1rias pr\u00f3prias dos entes federados, podendo ser<br \/>\n_________________________________________________________________________________________________________________________<br \/>\nPra\u00e7a dos Tr\u00eas Poderes &#8211; Anexo IV \u2013 Gabinete 507 &#8211; C\u00e2mara dos Deputados &#8211; CEP: 70.160-900 \u2013 Bras\u00edlia\/DF<br \/>\nContato: (61) 3215-5507 e-mail: dep.ricardoabrao@camara.leg.br<br \/>\nPara verificar a assinatura, acesse https:\/\/infoleg-autenticidade-assinatura.camara.leg.br\/CD256816769700<br \/>\nAssinado eletronicamente pelo(a) Dep. Ricardo Abr\u00e3o<br \/>\nApresenta\u00e7\u00e3o: 06\/08\/2025 13:28:47.990 &#8211; Mesa<br \/>\n*CD256816769700* PL n.3763\/2025<br \/>C\u00c2MARA DOS DEPUTADOS<br \/>\nDEPUTADO FEDERAL RICARDO ABR\u00c3O<br \/>\nsuplementadas por:<br \/>\nI \u2013 recursos oriundos de emendas parlamentares;<br \/>\nII \u2013 conv\u00eanios com organismos nacionais e internacionais;<br \/>\nIII \u2013 doa\u00e7\u00f5es de pessoas f\u00edsicas ou jur\u00eddicas de direito privado;<br \/>\nIV \u2013 fundos p\u00fablicos vinculados \u00e0 inf\u00e2ncia e juventude.<br \/>\nArt. 7\u00ba Esta Lei entra em vigor na data de sua publica\u00e7\u00e3o.<br \/>\nJUSTIFICATIVA<br \/>\nA prote\u00e7\u00e3o integral de crian\u00e7as e adolescentes \u00e9 princ\u00edpio constitucional<br \/>\nexpresso no art. 227 da Constitui\u00e7\u00e3o Federal, que estabelece ser dever da<br \/>\nfam\u00edlia, da sociedade e do Estado assegurar \u00e0 crian\u00e7a e ao adolescente, com<br \/>\nabsoluta prioridade, o direito \u00e0 vida, \u00e0 sa\u00fade, \u00e0 educa\u00e7\u00e3o, \u00e0 dignidade e \u00e0<br \/>\nprote\u00e7\u00e3o contra toda forma de viol\u00eancia.<br \/>\nContudo, dados oficiais demonstram que esse direito tem sido<br \/>\nsistematicamente violado, inclusive no ambiente escolar \u2014 espa\u00e7o que deveria<br \/>\nser, por excel\u00eancia, de prote\u00e7\u00e3o, aprendizado e desenvolvimento pleno.<br \/>\nDe acordo com o Disque 100, canal nacional de den\u00fancias de viola\u00e7\u00f5es<br \/>\nde direitos humanos, mais de 90 mil den\u00fancias de viol\u00eancia contra crian\u00e7as e<br \/>\nadolescentes foram registradas apenas em 2023, sendo 18% relacionadas a<br \/>\nviol\u00eancia sexual e 25% a neglig\u00eancia ou abandono. Muitas dessas ocorr\u00eancias<br \/>\nacontecem dentro ou nas imedia\u00e7\u00f5es das escolas, com destaque para casos de<br \/>\nbullying, viol\u00eancia psicol\u00f3gica, agress\u00f5es f\u00edsicas, abuso sexual e omiss\u00e3o<br \/>\ninstitucional.<br \/>\nO F\u00f3rum Brasileiro de Seguran\u00e7a P\u00fablica, em seu Anu\u00e1rio de 2023,<br \/>\naponta que 61% das v\u00edtimas de estupro no Brasil t\u00eam entre 0 e 13 anos,<br \/>\nrevelando um cen\u00e1rio alarmante de vulnerabilidade infantil. Em boa parte dos<br \/>\ncasos, os crimes n\u00e3o s\u00e3o denunciados por medo, vergonha ou aus\u00eancia de<br \/>\ncanais seguros e confidenciais de escuta.<br \/>\nNo ambiente escolar, o relat\u00f3rio do Unicef Brasil (2022) destaca que 1 em<br \/>\ncada 3 estudantes do ensino fundamental relata j\u00e1 ter sofrido bullying<br \/>\nregularmente. Al\u00e9m disso, muitos profissionais da educa\u00e7\u00e3o afirmam n\u00e3o se<br \/>\nsentirem preparados para lidar com sinais de viol\u00eancia dom\u00e9stica, abuso sexual<br \/>\n_________________________________________________________________________________________________________________________<br \/>\nPra\u00e7a dos Tr\u00eas Poderes &#8211; Anexo IV \u2013 Gabinete 507 &#8211; C\u00e2mara dos Deputados &#8211; CEP: 70.160-900 \u2013 Bras\u00edlia\/DF<br \/>\nContato: (61) 3215-5507 e-mail: dep.ricardoabrao@camara.leg.br<br \/>\nPara verificar a assinatura, acesse https:\/\/infoleg-autenticidade-assinatura.camara.leg.br\/CD256816769700<br \/>\nAssinado eletronicamente pelo(a) Dep. Ricardo Abr\u00e3o<br \/>\nApresenta\u00e7\u00e3o: 06\/08\/2025 13:28:47.990 &#8211; Mesa<br \/>\n*CD256816769700* PL n.3763\/2025<br \/>C\u00c2MARA DOS DEPUTADOS<br \/>\nDEPUTADO FEDERAL RICARDO ABR\u00c3O<br \/>\nou sofrimento emocional.<br \/>\nNesse contexto, o presente Projeto de Lei institui o Programa \u201cOlhe por<br \/>\nEles\u201d, com a\u00e7\u00f5es articuladas de preven\u00e7\u00e3o, detec\u00e7\u00e3o precoce, acolhimento e<br \/>\nencaminhamento qualificado de casos de viol\u00eancia no ambiente escolar. O<br \/>\ndestaque para a cria\u00e7\u00e3o da &#8220;Urna do Desabafo&#8221; visa suprir uma lacuna concreta:<br \/>\na falta de um canal an\u00f4nimo, acess\u00edvel e protegido, pelo qual crian\u00e7as e<br \/>\nadolescentes possam expressar livremente situa\u00e7\u00f5es de viol\u00eancia, sem medo de<br \/>\nretalia\u00e7\u00f5es ou exposi\u00e7\u00e3o.<br \/>\nA proposta tamb\u00e9m articula a atua\u00e7\u00e3o intersetorial de escolas, conselhos<br \/>\ntutelares, Minist\u00e9rio P\u00fablico, universidades, organiza\u00e7\u00f5es da sociedade civil e<br \/>\ndemais \u00f3rg\u00e3os do sistema de garantia de direitos, al\u00e9m de prever a capacita\u00e7\u00e3o<br \/>\ncontinuada de profissionais da educa\u00e7\u00e3o e a cria\u00e7\u00e3o de protocolos institucionais<br \/>\npadronizados.<br \/>\nO Programa &#8220;Olhe por Eles&#8221; \u00e9 uma resposta direta \u00e0 urg\u00eancia de prevenir<br \/>\na revitimiza\u00e7\u00e3o e \u00e0 omiss\u00e3o institucional, promovendo uma cultura de prote\u00e7\u00e3o<br \/>\nativa e escuta qualificada nas escolas brasileiras. O projeto fortalece os<br \/>\ncompromissos assumidos pelo Brasil com o Estatuto da Crian\u00e7a e do<br \/>\nAdolescente (Lei n\u00ba 8.069\/1990), a Conven\u00e7\u00e3o sobre os Direitos da Crian\u00e7a da<br \/>\nONU e as diretrizes do Plano Nacional de Enfrentamento \u00e0 Viol\u00eancia Sexual<br \/>\ncontra Crian\u00e7as e Adolescentes.<br \/>\nPortanto, o presente projeto n\u00e3o apenas inova ao criar mecanismos<br \/>\npr\u00e1ticos e eficazes de den\u00fancia, mas tamb\u00e9m cumpre uma fun\u00e7\u00e3o essencial de<br \/>\ntransforma\u00e7\u00e3o institucional, cultural e preventiva \u2014 protegendo o bem mais<br \/>\nprecioso de nossa na\u00e7\u00e3o: nossas crian\u00e7as e adolescentes.<br \/>\nSala das Sess\u00f5es, em       de                  de 2025.<br \/>\nRICARDO ABR\u00c3O<br \/>\nDeputado Federal<br \/>\nUNIAO -RJ<br \/>\n_________________________________________________________________________________________________________________________<br \/>\nPra\u00e7a dos Tr\u00eas Poderes &#8211; Anexo IV \u2013 Gabinete 507 &#8211; C\u00e2mara dos Deputados &#8211; CEP: 70.160-900 \u2013 Bras\u00edlia\/DF<br \/>\nContato: (61) 3215-5507 e-mail: dep.ricardoabrao@camara.leg.br<br \/>\nPara verificar a assinatura, acesse https:\/\/infoleg-autenticidade-assinatura.camara.leg.br\/CD256816769700<br \/>\nAssinado eletronicamente pelo(a) Dep. Ricardo Abr\u00e3o<br \/>\nApresenta\u00e7\u00e3o: 06\/08\/2025 13:28:47.990 &#8211; Mesa<br \/>\n*CD256816769700* PL n.3763\/2025<\/article>\n<p><a href='https:\/\/app.legislapp.com.br\/#\/busca?termo='><\/a><\/p>\n<div style=\"text-align: center\">\n      <img decoding=\"async\" style=\"width: 14%;\" src=\"https:\/\/www.legislapp.com.br\/wp-content\/uploads\/2021\/07\/Logo-Legislapp-1-03-1.png\"><br \/>\n      <\/p>\n<div style=\"margin-bottom: 20px;\" class=\"et_pb_button_module_wrapper et_pb_button_5_tb_body_wrapper et_pb_button_alignment_center et_pb_module \">\n         <a class=\"et_pb_button et_pb_button_5_tb_body et_hover_enabled et_pb_bg_layout_dark\" style=\"width: 50%;background-color: black;\" href=\"https:\/\/app.legislapp.com.br\" target=\"_blank\" rel=\"noopener\">Visualizar completo na nossa plataforma (30 dias gr\u00e1tis)<\/a><\/p><\/div>\n<p>      <a href=\"https:\/\/play.google.com\/store\/apps\/details?id=br.com.legislapp\"><img decoding=\"async\" style=\"width: 15%; min-width: 130px;\" src=\"https:\/\/www.legislapp.com.br\/wp-content\/uploads\/google-play.png\"><\/a><br \/>\n      <a href=\"https:\/\/apps.apple.com\/us\/app\/legislapp\/id1568929859\"><img decoding=\"async\" style=\"width: 15%; min-width: 130px\" src=\"https:\/\/www.legislapp.com.br\/wp-content\/uploads\/apple-store.png\"><\/a>\n   <\/div>\n","protected":false},"excerpt":{"rendered":"<p>Avulso Inicial &#8211; Autoria de Ricardo Abr\u00e3o C\u00c2MARA DOS DEPUTADOS DEPUTADO FEDERAL RICARDO ABR\u00c3O PROJETO DE LEI N\u00ba , DE DE 2025 (Do Senhor Ricardo Abr\u00e3o) Institui o Programa \u201cOlhe por Eles\u201d e a \u201cUrna do Desabafo\u201d, voltados \u00e0 escuta ativa, acolhimento e combate \u00e0 viol\u00eancia contra crian\u00e7as e adolescentes, no \u00e2mbito das escolas p\u00fablicas [&hellip;]<\/p>\n","protected":false},"author":1,"featured_media":0,"parent":0,"menu_order":0,"comment_status":"closed","ping_status":"closed","template":"page-template-blank.php","meta":{"_et_pb_use_builder":"","_et_pb_old_content":"","_et_gb_content_width":"1080","ngg_post_thumbnail":0,"footnotes":""},"class_list":["post-9945","page","type-page","status-publish","hentry"],"yoast_head":"<!-- This site is optimized with the Yoast SEO plugin v24.4 - https:\/\/yoast.com\/wordpress\/plugins\/seo\/ -->\n<title>Avulso Inicial - PL 3763\/2025 - C\u00e2mara - Legislapp<\/title>\n<meta name=\"robots\" content=\"index, follow, max-snippet:-1, max-image-preview:large, max-video-preview:-1\" \/>\n<link rel=\"canonical\" href=\"https:\/\/www.legislapp.com.br\/index.php\/avulso-inicial-pl-3763-2025-camara\/\" \/>\n<meta property=\"og:locale\" content=\"pt_BR\" \/>\n<meta property=\"og:type\" content=\"article\" \/>\n<meta property=\"og:title\" content=\"Avulso Inicial - PL 3763\/2025 - C\u00e2mara - Legislapp\" \/>\n<meta property=\"og:description\" content=\"Avulso Inicial &#8211; Autoria de Ricardo Abr\u00e3o C\u00c2MARA DOS DEPUTADOS DEPUTADO FEDERAL RICARDO ABR\u00c3O PROJETO DE LEI N\u00ba , DE DE 2025 (Do Senhor Ricardo Abr\u00e3o) Institui o Programa \u201cOlhe por Eles\u201d e a \u201cUrna do Desabafo\u201d, voltados \u00e0 escuta ativa, acolhimento e combate \u00e0 viol\u00eancia contra crian\u00e7as e adolescentes, no \u00e2mbito das escolas p\u00fablicas [&hellip;]\" \/>\n<meta property=\"og:url\" content=\"https:\/\/www.legislapp.com.br\/index.php\/avulso-inicial-pl-3763-2025-camara\/\" \/>\n<meta property=\"og:site_name\" content=\"Legislapp\" \/>\n<meta property=\"article:publisher\" content=\"https:\/\/www.instagram.com\/legislapp\/\" \/>\n<meta property=\"og:image\" content=\"https:\/\/www.legislapp.com.br\/wp-content\/uploads\/2021\/07\/Logo-Legislapp-1-03-1.png\" \/>\n<meta name=\"twitter:card\" content=\"summary_large_image\" \/>\n<meta name=\"twitter:label1\" content=\"Est. tempo de leitura\" \/>\n\t<meta name=\"twitter:data1\" content=\"8 minutos\" \/>\n<script type=\"application\/ld+json\" class=\"yoast-schema-graph\">{\"@context\":\"https:\/\/schema.org\",\"@graph\":[{\"@type\":\"WebPage\",\"@id\":\"https:\/\/www.legislapp.com.br\/index.php\/avulso-inicial-pl-3763-2025-camara\/\",\"url\":\"https:\/\/www.legislapp.com.br\/index.php\/avulso-inicial-pl-3763-2025-camara\/\",\"name\":\"Avulso Inicial - PL 3763\/2025 - C\u00e2mara - Legislapp\",\"isPartOf\":{\"@id\":\"https:\/\/www.legislapp.com.br\/#website\"},\"primaryImageOfPage\":{\"@id\":\"https:\/\/www.legislapp.com.br\/index.php\/avulso-inicial-pl-3763-2025-camara\/#primaryimage\"},\"image\":{\"@id\":\"https:\/\/www.legislapp.com.br\/index.php\/avulso-inicial-pl-3763-2025-camara\/#primaryimage\"},\"thumbnailUrl\":\"https:\/\/www.legislapp.com.br\/wp-content\/uploads\/2021\/07\/Logo-Legislapp-1-03-1.png\",\"datePublished\":\"2025-12-01T13:52:24+00:00\",\"breadcrumb\":{\"@id\":\"https:\/\/www.legislapp.com.br\/index.php\/avulso-inicial-pl-3763-2025-camara\/#breadcrumb\"},\"inLanguage\":\"pt-BR\",\"potentialAction\":[{\"@type\":\"ReadAction\",\"target\":[\"https:\/\/www.legislapp.com.br\/index.php\/avulso-inicial-pl-3763-2025-camara\/\"]}]},{\"@type\":\"ImageObject\",\"inLanguage\":\"pt-BR\",\"@id\":\"https:\/\/www.legislapp.com.br\/index.php\/avulso-inicial-pl-3763-2025-camara\/#primaryimage\",\"url\":\"https:\/\/www.legislapp.com.br\/wp-content\/uploads\/2021\/07\/Logo-Legislapp-1-03-1.png\",\"contentUrl\":\"https:\/\/www.legislapp.com.br\/wp-content\/uploads\/2021\/07\/Logo-Legislapp-1-03-1.png\",\"width\":2679,\"height\":2697},{\"@type\":\"BreadcrumbList\",\"@id\":\"https:\/\/www.legislapp.com.br\/index.php\/avulso-inicial-pl-3763-2025-camara\/#breadcrumb\",\"itemListElement\":[{\"@type\":\"ListItem\",\"position\":1,\"name\":\"In\u00edcio\",\"item\":\"https:\/\/www.legislapp.com.br\/\"},{\"@type\":\"ListItem\",\"position\":2,\"name\":\"Avulso Inicial &#8211; PL 3763\/2025 &#8211; C\u00e2mara\"}]},{\"@type\":\"WebSite\",\"@id\":\"https:\/\/www.legislapp.com.br\/#website\",\"url\":\"https:\/\/www.legislapp.com.br\/\",\"name\":\"Legislapp\",\"description\":\"Intelig\u00eancia governamental em tempo real\",\"publisher\":{\"@id\":\"https:\/\/www.legislapp.com.br\/#organization\"},\"potentialAction\":[{\"@type\":\"SearchAction\",\"target\":{\"@type\":\"EntryPoint\",\"urlTemplate\":\"https:\/\/www.legislapp.com.br\/?s={search_term_string}\"},\"query-input\":{\"@type\":\"PropertyValueSpecification\",\"valueRequired\":true,\"valueName\":\"search_term_string\"}}],\"inLanguage\":\"pt-BR\"},{\"@type\":\"Organization\",\"@id\":\"https:\/\/www.legislapp.com.br\/#organization\",\"name\":\"Legislapp Monitoramento e Intelig\u00eancia Governamental\",\"url\":\"https:\/\/www.legislapp.com.br\/\",\"logo\":{\"@type\":\"ImageObject\",\"inLanguage\":\"pt-BR\",\"@id\":\"https:\/\/www.legislapp.com.br\/#\/schema\/logo\/image\/\",\"url\":\"https:\/\/www.legislapp.com.br\/wp-content\/uploads\/icon.png\",\"contentUrl\":\"https:\/\/www.legislapp.com.br\/wp-content\/uploads\/icon.png\",\"width\":1024,\"height\":1024,\"caption\":\"Legislapp Monitoramento e Intelig\u00eancia Governamental\"},\"image\":{\"@id\":\"https:\/\/www.legislapp.com.br\/#\/schema\/logo\/image\/\"},\"sameAs\":[\"https:\/\/www.instagram.com\/legislapp\/\"]}]}<\/script>\n<!-- \/ Yoast SEO plugin. -->","yoast_head_json":{"title":"Avulso Inicial - PL 3763\/2025 - C\u00e2mara - Legislapp","robots":{"index":"index","follow":"follow","max-snippet":"max-snippet:-1","max-image-preview":"max-image-preview:large","max-video-preview":"max-video-preview:-1"},"canonical":"https:\/\/www.legislapp.com.br\/index.php\/avulso-inicial-pl-3763-2025-camara\/","og_locale":"pt_BR","og_type":"article","og_title":"Avulso Inicial - PL 3763\/2025 - C\u00e2mara - Legislapp","og_description":"Avulso Inicial &#8211; Autoria de Ricardo Abr\u00e3o C\u00c2MARA DOS DEPUTADOS DEPUTADO FEDERAL RICARDO ABR\u00c3O PROJETO DE LEI N\u00ba , DE DE 2025 (Do Senhor Ricardo Abr\u00e3o) Institui o Programa \u201cOlhe por Eles\u201d e a \u201cUrna do Desabafo\u201d, voltados \u00e0 escuta ativa, acolhimento e combate \u00e0 viol\u00eancia contra crian\u00e7as e adolescentes, no \u00e2mbito das escolas p\u00fablicas [&hellip;]","og_url":"https:\/\/www.legislapp.com.br\/index.php\/avulso-inicial-pl-3763-2025-camara\/","og_site_name":"Legislapp","article_publisher":"https:\/\/www.instagram.com\/legislapp\/","og_image":[{"url":"https:\/\/www.legislapp.com.br\/wp-content\/uploads\/2021\/07\/Logo-Legislapp-1-03-1.png","type":"","width":"","height":""}],"twitter_card":"summary_large_image","twitter_misc":{"Est. tempo de leitura":"8 minutos"},"schema":{"@context":"https:\/\/schema.org","@graph":[{"@type":"WebPage","@id":"https:\/\/www.legislapp.com.br\/index.php\/avulso-inicial-pl-3763-2025-camara\/","url":"https:\/\/www.legislapp.com.br\/index.php\/avulso-inicial-pl-3763-2025-camara\/","name":"Avulso Inicial - PL 3763\/2025 - C\u00e2mara - Legislapp","isPartOf":{"@id":"https:\/\/www.legislapp.com.br\/#website"},"primaryImageOfPage":{"@id":"https:\/\/www.legislapp.com.br\/index.php\/avulso-inicial-pl-3763-2025-camara\/#primaryimage"},"image":{"@id":"https:\/\/www.legislapp.com.br\/index.php\/avulso-inicial-pl-3763-2025-camara\/#primaryimage"},"thumbnailUrl":"https:\/\/www.legislapp.com.br\/wp-content\/uploads\/2021\/07\/Logo-Legislapp-1-03-1.png","datePublished":"2025-12-01T13:52:24+00:00","breadcrumb":{"@id":"https:\/\/www.legislapp.com.br\/index.php\/avulso-inicial-pl-3763-2025-camara\/#breadcrumb"},"inLanguage":"pt-BR","potentialAction":[{"@type":"ReadAction","target":["https:\/\/www.legislapp.com.br\/index.php\/avulso-inicial-pl-3763-2025-camara\/"]}]},{"@type":"ImageObject","inLanguage":"pt-BR","@id":"https:\/\/www.legislapp.com.br\/index.php\/avulso-inicial-pl-3763-2025-camara\/#primaryimage","url":"https:\/\/www.legislapp.com.br\/wp-content\/uploads\/2021\/07\/Logo-Legislapp-1-03-1.png","contentUrl":"https:\/\/www.legislapp.com.br\/wp-content\/uploads\/2021\/07\/Logo-Legislapp-1-03-1.png","width":2679,"height":2697},{"@type":"BreadcrumbList","@id":"https:\/\/www.legislapp.com.br\/index.php\/avulso-inicial-pl-3763-2025-camara\/#breadcrumb","itemListElement":[{"@type":"ListItem","position":1,"name":"In\u00edcio","item":"https:\/\/www.legislapp.com.br\/"},{"@type":"ListItem","position":2,"name":"Avulso Inicial &#8211; PL 3763\/2025 &#8211; C\u00e2mara"}]},{"@type":"WebSite","@id":"https:\/\/www.legislapp.com.br\/#website","url":"https:\/\/www.legislapp.com.br\/","name":"Legislapp","description":"Intelig\u00eancia governamental em tempo real","publisher":{"@id":"https:\/\/www.legislapp.com.br\/#organization"},"potentialAction":[{"@type":"SearchAction","target":{"@type":"EntryPoint","urlTemplate":"https:\/\/www.legislapp.com.br\/?s={search_term_string}"},"query-input":{"@type":"PropertyValueSpecification","valueRequired":true,"valueName":"search_term_string"}}],"inLanguage":"pt-BR"},{"@type":"Organization","@id":"https:\/\/www.legislapp.com.br\/#organization","name":"Legislapp Monitoramento e Intelig\u00eancia Governamental","url":"https:\/\/www.legislapp.com.br\/","logo":{"@type":"ImageObject","inLanguage":"pt-BR","@id":"https:\/\/www.legislapp.com.br\/#\/schema\/logo\/image\/","url":"https:\/\/www.legislapp.com.br\/wp-content\/uploads\/icon.png","contentUrl":"https:\/\/www.legislapp.com.br\/wp-content\/uploads\/icon.png","width":1024,"height":1024,"caption":"Legislapp Monitoramento e Intelig\u00eancia Governamental"},"image":{"@id":"https:\/\/www.legislapp.com.br\/#\/schema\/logo\/image\/"},"sameAs":["https:\/\/www.instagram.com\/legislapp\/"]}]}},"_links":{"self":[{"href":"https:\/\/www.legislapp.com.br\/index.php\/wp-json\/wp\/v2\/pages\/9945","targetHints":{"allow":["GET"]}}],"collection":[{"href":"https:\/\/www.legislapp.com.br\/index.php\/wp-json\/wp\/v2\/pages"}],"about":[{"href":"https:\/\/www.legislapp.com.br\/index.php\/wp-json\/wp\/v2\/types\/page"}],"author":[{"embeddable":true,"href":"https:\/\/www.legislapp.com.br\/index.php\/wp-json\/wp\/v2\/users\/1"}],"replies":[{"embeddable":true,"href":"https:\/\/www.legislapp.com.br\/index.php\/wp-json\/wp\/v2\/comments?post=9945"}],"version-history":[{"count":0,"href":"https:\/\/www.legislapp.com.br\/index.php\/wp-json\/wp\/v2\/pages\/9945\/revisions"}],"wp:attachment":[{"href":"https:\/\/www.legislapp.com.br\/index.php\/wp-json\/wp\/v2\/media?parent=9945"}],"curies":[{"name":"wp","href":"https:\/\/api.w.org\/{rel}","templated":true}]}}