{"id":9968,"date":"2025-12-01T10:54:01","date_gmt":"2025-12-01T13:54:01","guid":{"rendered":"https:\/\/www.legislapp.com.br\/index.php\/avulso-inicial-pl-5681-2025-camara\/"},"modified":"2025-12-01T10:54:01","modified_gmt":"2025-12-01T13:54:01","slug":"avulso-inicial-pl-5681-2025-camara","status":"publish","type":"page","link":"https:\/\/www.legislapp.com.br\/index.php\/avulso-inicial-pl-5681-2025-camara\/","title":{"rendered":"Avulso Inicial &#8211; PL 5681\/2025 &#8211; C\u00e2mara"},"content":{"rendered":"<h1 style='text-align: center;'>Avulso Inicial &#8211; Autoria de Sanderson<\/h3>\n<p><\/p>\n<article>PROJETO DE LEI N\u00ba            , DE 2025<br \/>\n(Do Sr. Ubiratan SANDERSON)<br \/>\nDisp\u00f5e sobre a<br \/>\nobrigatoriedade de inclus\u00e3o de<br \/>\ncl\u00e1usula de media\u00e7\u00e3o,<br \/>\nconcilia\u00e7\u00e3o e arbitragem pr\u00e9via<br \/>\nem contratos de cr\u00e9dito,<br \/>\nfinanciamento e demais<br \/>\nopera\u00e7\u00f5es financeiras,<br \/>\nassegurando a tentativa de<br \/>\ncomposi\u00e7\u00e3o consensual antes<br \/>\nda ado\u00e7\u00e3o de medidas de<br \/>\nexecu\u00e7\u00e3o extrajudicial.<br \/>\nO Congresso Nacional decreta:<br \/>\nArt. 1\u00ba Esta Lei Disp\u00f5e sobre a obrigatoriedade de<br \/>\ninclus\u00e3o de cl\u00e1usula de media\u00e7\u00e3o, concilia\u00e7\u00e3o e arbitragem<br \/>\npr\u00e9via em contratos de cr\u00e9dito, financiamento e demais<br \/>\nopera\u00e7\u00f5es financeiras, assegurando a tentativa de composi\u00e7\u00e3o<br \/>\nconsensual antes da ado\u00e7\u00e3o de medidas de execu\u00e7\u00e3o<br \/>\nextrajudicial.<br \/>\nArt. 2\u00ba \u00c9 obrigat\u00f3ria a inclus\u00e3o de cl\u00e1usula de<br \/>\nmedia\u00e7\u00e3o, concilia\u00e7\u00e3o e arbitragem pr\u00e9via nos contratos de<br \/>\ncr\u00e9dito, financiamento e outras opera\u00e7\u00f5es financeiras que<br \/>\nenvolvam garantias reais ou pessoais, com a finalidade de<br \/>\nassegurar ao contratante a oportunidade de solucionar<br \/>\ndiverg\u00eancias de forma consensual antes da ado\u00e7\u00e3o de medidas<br \/>\ncoercitivas ou de perda de bens.<br \/>\nPara verificar a assinatura, acesse https:\/\/infoleg-autenticidade-assinatura.camara.leg.br\/CD254123955900<br \/>\nAssinado eletronicamente pelo(a) Dep. Sanderson<br \/>\nApresenta\u00e7\u00e3o: 05\/11\/2025 11:49:44.860 &#8211; Mesa<br \/>\n*CD254123955900* PL n.5681\/2025<br \/>Art. 3\u00ba A cl\u00e1usula de media\u00e7\u00e3o, concilia\u00e7\u00e3o e<br \/>\narbitragem dever\u00e1 constar de forma destacada no contrato e<br \/>\ngarantir ao contratante:<br \/>\nI \u2013 o direito de ser notificado sobre o<br \/>\ninadimplemento;<br \/>\nII \u2013 a realiza\u00e7\u00e3o de media\u00e7\u00e3o e concilia\u00e7\u00e3o pr\u00e9via e<br \/>\ngratuita, conduzida por institui\u00e7\u00e3o ou c\u00e2mara de media\u00e7\u00e3o<br \/>\ncredenciada;<br \/>\nIII \u2013 a possibilidade de apresentar propostas de<br \/>\npagamento, repactua\u00e7\u00e3o ou revis\u00e3o contratual antes da<br \/>\nexecu\u00e7\u00e3o extrajudicial das garantias.<br \/>\nArt. 4\u00ba Nenhum procedimento extrajudicial de<br \/>\nretomada, busca e apreens\u00e3o, consolida\u00e7\u00e3o da propriedade ou<br \/>\nliquida\u00e7\u00e3o de bens poder\u00e1 ser iniciado sem que tenha sido<br \/>\noportunizada a media\u00e7\u00e3o pr\u00e9via prevista nesta Lei.<br \/>\nArt. 5\u00ba O procedimento de media\u00e7\u00e3o observar\u00e1 as<br \/>\nseguintes regras:<br \/>\nI \u2013 ser\u00e1 instaurado mediante notifica\u00e7\u00e3o do<br \/>\ncontratante, com anteced\u00eancia m\u00ednima de cinco dias \u00fateis;<br \/>\nII \u2013 ser\u00e1 conduzido por mediador habilitado e<br \/>\nvinculado a institui\u00e7\u00e3o credenciada junto ao Conselho Nacional<br \/>\nde Justi\u00e7a (CNJ);<br \/>\nIII \u2013 ser\u00e1 gratuito para o contratante, cabendo ao<br \/>\ncredor ou \u00e0 institui\u00e7\u00e3o financeira o custeio integral do<br \/>\nprocedimento;<br \/>\nPara verificar a assinatura, acesse https:\/\/infoleg-autenticidade-assinatura.camara.leg.br\/CD254123955900<br \/>\nAssinado eletronicamente pelo(a) Dep. Sanderson<br \/>\nApresenta\u00e7\u00e3o: 05\/11\/2025 11:49:44.860 &#8211; Mesa<br \/>\n*CD254123955900* PL n.5681\/2025<br \/>IV \u2013 suspender\u00e1 quaisquer atos de cobran\u00e7a ou<br \/>\nexecu\u00e7\u00e3o enquanto perdurar a tentativa de composi\u00e7\u00e3o.<br \/>\n\u00a71\u00ba A aus\u00eancia injustificada do credor ou de seu<br \/>\nrepresentante na media\u00e7\u00e3o implicar\u00e1 nulidade dos atos<br \/>\nextrajudiciais posteriores relativos ao mesmo contrato.<br \/>\n\u00a72\u00ba O acordo firmado em media\u00e7\u00e3o produzir\u00e1 os<br \/>\nefeitos de t\u00edtulo executivo extrajudicial, conforme a Lei n\u00ba<br \/>\n13.140, de 26 de junho de 2015.<br \/>\nArt. 6\u00ba Esgotada a media\u00e7\u00e3o sem acordo, as partes<br \/>\npoder\u00e3o optar pela arbitragem, nos termos da Lei n\u00ba 9.307, de<br \/>\n23 de setembro de 1996, ou recorrer ao Poder Judici\u00e1rio,<br \/>\nconforme o direito de acesso \u00e0 Justi\u00e7a previsto no art. 5\u00ba, inciso<br \/>\nXXXV, da Constitui\u00e7\u00e3o Federal.<br \/>\nArt. 7\u00ba Esta Lei entra em vigor na data de sua<br \/>\npublica\u00e7\u00e3o.<br \/>\nJUSTIFICATIVA<br \/>\nO presente Projeto de Lei surge da necessidade de<br \/>\nassegurar condi\u00e7\u00f5es mais justas e equilibradas nas rela\u00e7\u00f5es<br \/>\ncontratuais de cr\u00e9dito e financiamento, especialmente em<br \/>\nper\u00edodos de grave instabilidade econ\u00f4mica e social.<br \/>\nA recente crise enfrentada pelo setor produtivo, em<br \/>\nespecial o agroneg\u00f3cio do Rio Grande do Sul, trouxe \u00e0 tona a<br \/>\nurg\u00eancia de mecanismos que garantam di\u00e1logo e negocia\u00e7\u00e3o<br \/>\nentre credores e devedores antes da ado\u00e7\u00e3o de medidas<br \/>\nPara verificar a assinatura, acesse https:\/\/infoleg-autenticidade-assinatura.camara.leg.br\/CD254123955900<br \/>\nAssinado eletronicamente pelo(a) Dep. Sanderson<br \/>\nApresenta\u00e7\u00e3o: 05\/11\/2025 11:49:44.860 &#8211; Mesa<br \/>\n*CD254123955900* PL n.5681\/2025<br \/>extremas, como a retomada de bens, propriedades rurais,<br \/>\nmaquin\u00e1rio e ve\u00edculos essenciais \u00e0 atividade produtiva.<br \/>\nO Rio Grande do Sul vive um cen\u00e1rio de calamidade<br \/>\nsem precedentes. As sucessivas estiagens nos \u00faltimos anos,<br \/>\nseguidas por eventos clim\u00e1ticos extremos \u2014 enchentes<br \/>\ndevastadoras, perda de safras e destrui\u00e7\u00e3o de infraestrutura<br \/>\nrural \u2014 impactaram profundamente a capacidade de pagamento<br \/>\ndos produtores. Pequenos e m\u00e9dios agricultores, cooperativas e<br \/>\nempresas rurais enfrentam s\u00e9rias dificuldades financeiras, com<br \/>\nretra\u00e7\u00e3o de renda, aumento do endividamento e colapso nas<br \/>\ncadeias de produ\u00e7\u00e3o e abastecimento. Esse contexto de crise<br \/>\nhumanit\u00e1ria e econ\u00f4mica exige sensibilidade por parte do<br \/>\nEstado e das institui\u00e7\u00f5es financeiras, que t\u00eam responsabilidade<br \/>\nsocial no tratamento de situa\u00e7\u00f5es excepcionais.<br \/>\nEntretanto, apesar dessa realidade, institui\u00e7\u00f5es<br \/>\nbanc\u00e1rias e financeiras v\u00eam promovendo a retomada<br \/>\nextrajudicial de bens e garantias contratuais, amparadas na Lei<br \/>\nn\u00ba 14.711\/2023 (Marco Legal das Garantias), sem qualquer<br \/>\ntratativa pr\u00e9via de renegocia\u00e7\u00e3o ou tentativa de media\u00e7\u00e3o com<br \/>\nos devedores.<br \/>\nEssa pr\u00e1tica, ainda que juridicamente v\u00e1lida ap\u00f3s o<br \/>\nrecente reconhecimento de sua constitucionalidade pelo<br \/>\nSupremo Tribunal Federal nas A\u00e7\u00f5es Diretas de<br \/>\nInconstitucionalidade n\u00ba 7600, 7601 e 7608, revela-se<br \/>\nsocialmente injusta e economicamente contraproducente, pois<br \/>\nagrava a exclus\u00e3o financeira, destr\u00f3i patrim\u00f4nios produtivos e<br \/>\nimpede a retomada da atividade econ\u00f4mica.<br \/>\nPara verificar a assinatura, acesse https:\/\/infoleg-autenticidade-assinatura.camara.leg.br\/CD254123955900<br \/>\nAssinado eletronicamente pelo(a) Dep. Sanderson<br \/>\nApresenta\u00e7\u00e3o: 05\/11\/2025 11:49:44.860 &#8211; Mesa<br \/>\n*CD254123955900* PL n.5681\/2025<br \/>A aplica\u00e7\u00e3o fria e autom\u00e1tica dos mecanismos de<br \/>\nexecu\u00e7\u00e3o extrajudicial em um contexto de calamidade e crise \u2014<br \/>\nsem espa\u00e7o para o di\u00e1logo \u2014 viola o princ\u00edpio da boa-f\u00e9 objetiva<br \/>\ne o dever de coopera\u00e7\u00e3o contratual, fundamentos do direito civil<br \/>\ncontempor\u00e2neo. A retomada sum\u00e1ria de bens de trabalho e de<br \/>\nprodu\u00e7\u00e3o rural, sem a m\u00ednima oportunidade de negocia\u00e7\u00e3o,<br \/>\nrepresenta verdadeira nega\u00e7\u00e3o dos princ\u00edpios constitucionais da<br \/>\ndignidade da pessoa humana, do contradit\u00f3rio e da fun\u00e7\u00e3o<br \/>\nsocial do contrato.<br \/>\nO presente Projeto busca corrigir esse desequil\u00edbrio,<br \/>\ninstituindo a obrigatoriedade da media\u00e7\u00e3o pr\u00e9via e gratuita<br \/>\nantes de qualquer medida de execu\u00e7\u00e3o extrajudicial em<br \/>\ncontratos de cr\u00e9dito e financiamento. A proposta n\u00e3o impede a<br \/>\natua\u00e7\u00e3o leg\u00edtima das institui\u00e7\u00f5es financeiras, nem elimina os<br \/>\nmecanismos de recupera\u00e7\u00e3o de cr\u00e9dito. O que se pretende \u00e9<br \/>\napenas garantir uma etapa m\u00ednima de di\u00e1logo e tentativa de<br \/>\ncomposi\u00e7\u00e3o, conduzida por mediadores imparciais e institui\u00e7\u00f5es<br \/>\ncredenciadas junto ao Conselho Nacional de Justi\u00e7a (CNJ), em<br \/>\nambiente seguro, transparente e de boa-f\u00e9.<br \/>\nEssa etapa de media\u00e7\u00e3o permitir\u00e1 que devedores em<br \/>\ndificuldade \u2014 especialmente agricultores e pequenos<br \/>\nempreendedores \u2014 possam apresentar propostas de<br \/>\nrenegocia\u00e7\u00e3o, parcelamento, repactua\u00e7\u00e3o de d\u00edvidas ou entrega<br \/>\namig\u00e1vel de bens, evitando custos judiciais e perdas<br \/>\ndesnecess\u00e1rias. Trata-se de medida que promove a pacifica\u00e7\u00e3o<br \/>\nsocial, a redu\u00e7\u00e3o da litigiosidade e o fortalecimento da confian\u00e7a<br \/>\nnas rela\u00e7\u00f5es financeiras.<br \/>\nPara verificar a assinatura, acesse https:\/\/infoleg-autenticidade-assinatura.camara.leg.br\/CD254123955900<br \/>\nAssinado eletronicamente pelo(a) Dep. Sanderson<br \/>\nApresenta\u00e7\u00e3o: 05\/11\/2025 11:49:44.860 &#8211; Mesa<br \/>\n*CD254123955900* PL n.5681\/2025<br \/>Importa destacar que a Lei n\u00ba 13.140\/2015 (Lei de<br \/>\nMedia\u00e7\u00e3o) e o C\u00f3digo de Processo Civil consagram a media\u00e7\u00e3o<br \/>\ncomo pol\u00edtica p\u00fablica de est\u00edmulo \u00e0 solu\u00e7\u00e3o consensual de<br \/>\nconflitos, sendo plenamente compat\u00edvel com o sistema jur\u00eddico<br \/>\nbrasileiro. A proposta aqui apresentada apenas concretiza esse<br \/>\nprinc\u00edpio no \u00e2mbito dos contratos de cr\u00e9dito, em linha com o<br \/>\nmandamento constitucional de acesso \u00e0 Justi\u00e7a e com o dever<br \/>\nestatal de promover o desenvolvimento econ\u00f4mico sustent\u00e1vel.<br \/>\nAl\u00e9m de jur\u00eddica e socialmente necess\u00e1ria, a medida<br \/>\n\u00e9 economicamente racional. A media\u00e7\u00e3o pr\u00e9via reduz a<br \/>\ninadimpl\u00eancia estrutural, evita perdas patrimoniais irrevers\u00edveis<br \/>\ne contribui para a recomposi\u00e7\u00e3o do ciclo produtivo \u2014<br \/>\nespecialmente no meio rural, em que a perda de um trator, de<br \/>\num caminh\u00e3o ou de uma colheitadeira significa, na pr\u00e1tica, o<br \/>\nfim da atividade do produtor e a inviabilidade de sua<br \/>\nsubsist\u00eancia. O di\u00e1logo pr\u00e9vio entre credor e devedor, mediado<br \/>\npor agente neutro, \u00e9 instrumento eficaz de reconstru\u00e7\u00e3o<br \/>\necon\u00f4mica e de manuten\u00e7\u00e3o do cr\u00e9dito com responsabilidade<br \/>\nsocial.<br \/>\nPortanto, a proposta busca harmonizar o leg\u00edtimo<br \/>\ndireito das institui\u00e7\u00f5es financeiras \u00e0 recupera\u00e7\u00e3o de cr\u00e9dito com<br \/>\nos valores fundamentais da solidariedade, da fun\u00e7\u00e3o social do<br \/>\ncontrato e da justi\u00e7a nas rela\u00e7\u00f5es econ\u00f4micas, conforme<br \/>\npreconiza a Constitui\u00e7\u00e3o Federal. O projeto n\u00e3o cria privil\u00e9gios<br \/>\nnem onera o sistema financeiro, apenas imp\u00f5e que a retomada<br \/>\nde bens e garantias ocorra com transpar\u00eancia, empatia e<br \/>\nrespeito \u00e0 dignidade humana.<br \/>\nPara verificar a assinatura, acesse https:\/\/infoleg-autenticidade-assinatura.camara.leg.br\/CD254123955900<br \/>\nAssinado eletronicamente pelo(a) Dep. Sanderson<br \/>\nApresenta\u00e7\u00e3o: 05\/11\/2025 11:49:44.860 &#8211; Mesa<br \/>\n*CD254123955900* PL n.5681\/2025<br \/>Diante do exposto, o presente Projeto de Lei<br \/>\nrepresenta uma resposta respons\u00e1vel e equilibrada \u00e0 crise<br \/>\nvivida pelo agroneg\u00f3cio e por milhares de fam\u00edlias produtoras do<br \/>\nRio Grande do Sul e de todo o pa\u00eds, assegurando um caminho<br \/>\ninstitucional de negocia\u00e7\u00e3o antes da execu\u00e7\u00e3o coercitiva de<br \/>\nbens. Trata-se de uma medida justa, moderna e necess\u00e1ria para<br \/>\no fortalecimento do cr\u00e9dito, da economia e da paz social.<br \/>\nSala das Sess\u00f5es, em        de                   de 2025.<br \/>\nUbiratan SANDERSON<br \/>\nDeputado Federal (PL\/RS)<br \/>\nPara verificar a assinatura, acesse https:\/\/infoleg-autenticidade-assinatura.camara.leg.br\/CD254123955900<br \/>\nAssinado eletronicamente pelo(a) Dep. Sanderson<br \/>\nApresenta\u00e7\u00e3o: 05\/11\/2025 11:49:44.860 &#8211; Mesa<br \/>\n*CD254123955900* PL n.5681\/2025<\/article>\n<p><a href='https:\/\/app.legislapp.com.br\/#\/busca?termo=Obrigatoriedade'>Obrigatoriedade<\/a>, <a href='https:\/\/app.legislapp.com.br\/#\/busca?termo=inclus\u00e3o'>inclus\u00e3o<\/a>, <a href='https:\/\/app.legislapp.com.br\/#\/busca?termo=contrato'>contrato<\/a>, <a href='https:\/\/app.legislapp.com.br\/#\/busca?termo=opera\u00e7\u00e3o de cr\u00e9dito'>opera\u00e7\u00e3o de cr\u00e9dito<\/a>, <a href='https:\/\/app.legislapp.com.br\/#\/busca?termo=opera\u00e7\u00e3o financeira'>opera\u00e7\u00e3o financeira<\/a>, <a href='https:\/\/app.legislapp.com.br\/#\/busca?termo=cl\u00e1usula contratual'>cl\u00e1usula contratual<\/a>, <a href='https:\/\/app.legislapp.com.br\/#\/busca?termo=media\u00e7\u00e3o judicial'>media\u00e7\u00e3o judicial<\/a>, <a href='https:\/\/app.legislapp.com.br\/#\/busca?termo=concilia\u00e7\u00e3o judicial'>concilia\u00e7\u00e3o judicial<\/a>, <a href='https:\/\/app.legislapp.com.br\/#\/busca?termo=arbitragem'>arbitragem<\/a>, <a href='https:\/\/app.legislapp.com.br\/#\/busca?termo=Execu\u00e7\u00e3o extrajudicial'>Execu\u00e7\u00e3o extrajudicial<\/a>, <a href='https:\/\/app.legislapp.com.br\/#\/busca?termo=diretrizes.'>diretrizes.<\/a><\/p>\n<div style=\"text-align: center\">\n      <img decoding=\"async\" style=\"width: 14%;\" src=\"https:\/\/www.legislapp.com.br\/wp-content\/uploads\/2021\/07\/Logo-Legislapp-1-03-1.png\"><br \/>\n      <\/p>\n<div style=\"margin-bottom: 20px;\" class=\"et_pb_button_module_wrapper et_pb_button_5_tb_body_wrapper et_pb_button_alignment_center et_pb_module \">\n         <a class=\"et_pb_button et_pb_button_5_tb_body et_hover_enabled et_pb_bg_layout_dark\" style=\"width: 50%;background-color: black;\" href=\"https:\/\/app.legislapp.com.br\" target=\"_blank\" rel=\"noopener\">Visualizar completo na nossa plataforma (30 dias gr\u00e1tis)<\/a><\/p><\/div>\n<p>      <a href=\"https:\/\/play.google.com\/store\/apps\/details?id=br.com.legislapp\"><img decoding=\"async\" style=\"width: 15%; min-width: 130px;\" src=\"https:\/\/www.legislapp.com.br\/wp-content\/uploads\/google-play.png\"><\/a><br \/>\n      <a href=\"https:\/\/apps.apple.com\/us\/app\/legislapp\/id1568929859\"><img decoding=\"async\" style=\"width: 15%; min-width: 130px\" src=\"https:\/\/www.legislapp.com.br\/wp-content\/uploads\/apple-store.png\"><\/a>\n   <\/div>\n","protected":false},"excerpt":{"rendered":"<p>Avulso Inicial &#8211; Autoria de Sanderson PROJETO DE LEI N\u00ba , DE 2025 (Do Sr. Ubiratan SANDERSON) Disp\u00f5e sobre a obrigatoriedade de inclus\u00e3o de cl\u00e1usula de media\u00e7\u00e3o, concilia\u00e7\u00e3o e arbitragem pr\u00e9via em contratos de cr\u00e9dito, financiamento e demais opera\u00e7\u00f5es financeiras, assegurando a tentativa de composi\u00e7\u00e3o consensual antes da ado\u00e7\u00e3o de medidas de execu\u00e7\u00e3o extrajudicial. O [&hellip;]<\/p>\n","protected":false},"author":1,"featured_media":0,"parent":0,"menu_order":0,"comment_status":"closed","ping_status":"closed","template":"page-template-blank.php","meta":{"_et_pb_use_builder":"","_et_pb_old_content":"","_et_gb_content_width":"1080","ngg_post_thumbnail":0,"footnotes":""},"class_list":["post-9968","page","type-page","status-publish","hentry"],"yoast_head":"<!-- This site is optimized with the Yoast SEO plugin v24.4 - https:\/\/yoast.com\/wordpress\/plugins\/seo\/ -->\n<title>Avulso Inicial - PL 5681\/2025 - C\u00e2mara - Legislapp<\/title>\n<meta name=\"robots\" content=\"index, follow, max-snippet:-1, max-image-preview:large, max-video-preview:-1\" \/>\n<link rel=\"canonical\" href=\"https:\/\/www.legislapp.com.br\/index.php\/avulso-inicial-pl-5681-2025-camara\/\" \/>\n<meta property=\"og:locale\" content=\"pt_BR\" \/>\n<meta property=\"og:type\" content=\"article\" \/>\n<meta property=\"og:title\" content=\"Avulso Inicial - PL 5681\/2025 - C\u00e2mara - Legislapp\" \/>\n<meta property=\"og:description\" content=\"Avulso Inicial &#8211; Autoria de Sanderson PROJETO DE LEI N\u00ba , DE 2025 (Do Sr. Ubiratan SANDERSON) Disp\u00f5e sobre a obrigatoriedade de inclus\u00e3o de cl\u00e1usula de media\u00e7\u00e3o, concilia\u00e7\u00e3o e arbitragem pr\u00e9via em contratos de cr\u00e9dito, financiamento e demais opera\u00e7\u00f5es financeiras, assegurando a tentativa de composi\u00e7\u00e3o consensual antes da ado\u00e7\u00e3o de medidas de execu\u00e7\u00e3o extrajudicial. O [&hellip;]\" \/>\n<meta property=\"og:url\" content=\"https:\/\/www.legislapp.com.br\/index.php\/avulso-inicial-pl-5681-2025-camara\/\" \/>\n<meta property=\"og:site_name\" content=\"Legislapp\" \/>\n<meta property=\"article:publisher\" content=\"https:\/\/www.instagram.com\/legislapp\/\" \/>\n<meta property=\"og:image\" content=\"https:\/\/www.legislapp.com.br\/wp-content\/uploads\/2021\/07\/Logo-Legislapp-1-03-1.png\" \/>\n<meta name=\"twitter:card\" content=\"summary_large_image\" \/>\n<meta name=\"twitter:label1\" content=\"Est. tempo de leitura\" \/>\n\t<meta name=\"twitter:data1\" content=\"8 minutos\" \/>\n<script type=\"application\/ld+json\" class=\"yoast-schema-graph\">{\"@context\":\"https:\/\/schema.org\",\"@graph\":[{\"@type\":\"WebPage\",\"@id\":\"https:\/\/www.legislapp.com.br\/index.php\/avulso-inicial-pl-5681-2025-camara\/\",\"url\":\"https:\/\/www.legislapp.com.br\/index.php\/avulso-inicial-pl-5681-2025-camara\/\",\"name\":\"Avulso Inicial - PL 5681\/2025 - C\u00e2mara - Legislapp\",\"isPartOf\":{\"@id\":\"https:\/\/www.legislapp.com.br\/#website\"},\"primaryImageOfPage\":{\"@id\":\"https:\/\/www.legislapp.com.br\/index.php\/avulso-inicial-pl-5681-2025-camara\/#primaryimage\"},\"image\":{\"@id\":\"https:\/\/www.legislapp.com.br\/index.php\/avulso-inicial-pl-5681-2025-camara\/#primaryimage\"},\"thumbnailUrl\":\"https:\/\/www.legislapp.com.br\/wp-content\/uploads\/2021\/07\/Logo-Legislapp-1-03-1.png\",\"datePublished\":\"2025-12-01T13:54:01+00:00\",\"breadcrumb\":{\"@id\":\"https:\/\/www.legislapp.com.br\/index.php\/avulso-inicial-pl-5681-2025-camara\/#breadcrumb\"},\"inLanguage\":\"pt-BR\",\"potentialAction\":[{\"@type\":\"ReadAction\",\"target\":[\"https:\/\/www.legislapp.com.br\/index.php\/avulso-inicial-pl-5681-2025-camara\/\"]}]},{\"@type\":\"ImageObject\",\"inLanguage\":\"pt-BR\",\"@id\":\"https:\/\/www.legislapp.com.br\/index.php\/avulso-inicial-pl-5681-2025-camara\/#primaryimage\",\"url\":\"https:\/\/www.legislapp.com.br\/wp-content\/uploads\/2021\/07\/Logo-Legislapp-1-03-1.png\",\"contentUrl\":\"https:\/\/www.legislapp.com.br\/wp-content\/uploads\/2021\/07\/Logo-Legislapp-1-03-1.png\",\"width\":2679,\"height\":2697},{\"@type\":\"BreadcrumbList\",\"@id\":\"https:\/\/www.legislapp.com.br\/index.php\/avulso-inicial-pl-5681-2025-camara\/#breadcrumb\",\"itemListElement\":[{\"@type\":\"ListItem\",\"position\":1,\"name\":\"In\u00edcio\",\"item\":\"https:\/\/www.legislapp.com.br\/\"},{\"@type\":\"ListItem\",\"position\":2,\"name\":\"Avulso Inicial &#8211; PL 5681\/2025 &#8211; C\u00e2mara\"}]},{\"@type\":\"WebSite\",\"@id\":\"https:\/\/www.legislapp.com.br\/#website\",\"url\":\"https:\/\/www.legislapp.com.br\/\",\"name\":\"Legislapp\",\"description\":\"Intelig\u00eancia governamental em tempo real\",\"publisher\":{\"@id\":\"https:\/\/www.legislapp.com.br\/#organization\"},\"potentialAction\":[{\"@type\":\"SearchAction\",\"target\":{\"@type\":\"EntryPoint\",\"urlTemplate\":\"https:\/\/www.legislapp.com.br\/?s={search_term_string}\"},\"query-input\":{\"@type\":\"PropertyValueSpecification\",\"valueRequired\":true,\"valueName\":\"search_term_string\"}}],\"inLanguage\":\"pt-BR\"},{\"@type\":\"Organization\",\"@id\":\"https:\/\/www.legislapp.com.br\/#organization\",\"name\":\"Legislapp Monitoramento e Intelig\u00eancia Governamental\",\"url\":\"https:\/\/www.legislapp.com.br\/\",\"logo\":{\"@type\":\"ImageObject\",\"inLanguage\":\"pt-BR\",\"@id\":\"https:\/\/www.legislapp.com.br\/#\/schema\/logo\/image\/\",\"url\":\"https:\/\/www.legislapp.com.br\/wp-content\/uploads\/icon.png\",\"contentUrl\":\"https:\/\/www.legislapp.com.br\/wp-content\/uploads\/icon.png\",\"width\":1024,\"height\":1024,\"caption\":\"Legislapp Monitoramento e Intelig\u00eancia Governamental\"},\"image\":{\"@id\":\"https:\/\/www.legislapp.com.br\/#\/schema\/logo\/image\/\"},\"sameAs\":[\"https:\/\/www.instagram.com\/legislapp\/\"]}]}<\/script>\n<!-- \/ Yoast SEO plugin. -->","yoast_head_json":{"title":"Avulso Inicial - PL 5681\/2025 - C\u00e2mara - Legislapp","robots":{"index":"index","follow":"follow","max-snippet":"max-snippet:-1","max-image-preview":"max-image-preview:large","max-video-preview":"max-video-preview:-1"},"canonical":"https:\/\/www.legislapp.com.br\/index.php\/avulso-inicial-pl-5681-2025-camara\/","og_locale":"pt_BR","og_type":"article","og_title":"Avulso Inicial - PL 5681\/2025 - C\u00e2mara - Legislapp","og_description":"Avulso Inicial &#8211; Autoria de Sanderson PROJETO DE LEI N\u00ba , DE 2025 (Do Sr. Ubiratan SANDERSON) Disp\u00f5e sobre a obrigatoriedade de inclus\u00e3o de cl\u00e1usula de media\u00e7\u00e3o, concilia\u00e7\u00e3o e arbitragem pr\u00e9via em contratos de cr\u00e9dito, financiamento e demais opera\u00e7\u00f5es financeiras, assegurando a tentativa de composi\u00e7\u00e3o consensual antes da ado\u00e7\u00e3o de medidas de execu\u00e7\u00e3o extrajudicial. O [&hellip;]","og_url":"https:\/\/www.legislapp.com.br\/index.php\/avulso-inicial-pl-5681-2025-camara\/","og_site_name":"Legislapp","article_publisher":"https:\/\/www.instagram.com\/legislapp\/","og_image":[{"url":"https:\/\/www.legislapp.com.br\/wp-content\/uploads\/2021\/07\/Logo-Legislapp-1-03-1.png","type":"","width":"","height":""}],"twitter_card":"summary_large_image","twitter_misc":{"Est. tempo de leitura":"8 minutos"},"schema":{"@context":"https:\/\/schema.org","@graph":[{"@type":"WebPage","@id":"https:\/\/www.legislapp.com.br\/index.php\/avulso-inicial-pl-5681-2025-camara\/","url":"https:\/\/www.legislapp.com.br\/index.php\/avulso-inicial-pl-5681-2025-camara\/","name":"Avulso Inicial - PL 5681\/2025 - C\u00e2mara - Legislapp","isPartOf":{"@id":"https:\/\/www.legislapp.com.br\/#website"},"primaryImageOfPage":{"@id":"https:\/\/www.legislapp.com.br\/index.php\/avulso-inicial-pl-5681-2025-camara\/#primaryimage"},"image":{"@id":"https:\/\/www.legislapp.com.br\/index.php\/avulso-inicial-pl-5681-2025-camara\/#primaryimage"},"thumbnailUrl":"https:\/\/www.legislapp.com.br\/wp-content\/uploads\/2021\/07\/Logo-Legislapp-1-03-1.png","datePublished":"2025-12-01T13:54:01+00:00","breadcrumb":{"@id":"https:\/\/www.legislapp.com.br\/index.php\/avulso-inicial-pl-5681-2025-camara\/#breadcrumb"},"inLanguage":"pt-BR","potentialAction":[{"@type":"ReadAction","target":["https:\/\/www.legislapp.com.br\/index.php\/avulso-inicial-pl-5681-2025-camara\/"]}]},{"@type":"ImageObject","inLanguage":"pt-BR","@id":"https:\/\/www.legislapp.com.br\/index.php\/avulso-inicial-pl-5681-2025-camara\/#primaryimage","url":"https:\/\/www.legislapp.com.br\/wp-content\/uploads\/2021\/07\/Logo-Legislapp-1-03-1.png","contentUrl":"https:\/\/www.legislapp.com.br\/wp-content\/uploads\/2021\/07\/Logo-Legislapp-1-03-1.png","width":2679,"height":2697},{"@type":"BreadcrumbList","@id":"https:\/\/www.legislapp.com.br\/index.php\/avulso-inicial-pl-5681-2025-camara\/#breadcrumb","itemListElement":[{"@type":"ListItem","position":1,"name":"In\u00edcio","item":"https:\/\/www.legislapp.com.br\/"},{"@type":"ListItem","position":2,"name":"Avulso Inicial &#8211; PL 5681\/2025 &#8211; C\u00e2mara"}]},{"@type":"WebSite","@id":"https:\/\/www.legislapp.com.br\/#website","url":"https:\/\/www.legislapp.com.br\/","name":"Legislapp","description":"Intelig\u00eancia governamental em tempo real","publisher":{"@id":"https:\/\/www.legislapp.com.br\/#organization"},"potentialAction":[{"@type":"SearchAction","target":{"@type":"EntryPoint","urlTemplate":"https:\/\/www.legislapp.com.br\/?s={search_term_string}"},"query-input":{"@type":"PropertyValueSpecification","valueRequired":true,"valueName":"search_term_string"}}],"inLanguage":"pt-BR"},{"@type":"Organization","@id":"https:\/\/www.legislapp.com.br\/#organization","name":"Legislapp Monitoramento e Intelig\u00eancia Governamental","url":"https:\/\/www.legislapp.com.br\/","logo":{"@type":"ImageObject","inLanguage":"pt-BR","@id":"https:\/\/www.legislapp.com.br\/#\/schema\/logo\/image\/","url":"https:\/\/www.legislapp.com.br\/wp-content\/uploads\/icon.png","contentUrl":"https:\/\/www.legislapp.com.br\/wp-content\/uploads\/icon.png","width":1024,"height":1024,"caption":"Legislapp Monitoramento e Intelig\u00eancia Governamental"},"image":{"@id":"https:\/\/www.legislapp.com.br\/#\/schema\/logo\/image\/"},"sameAs":["https:\/\/www.instagram.com\/legislapp\/"]}]}},"_links":{"self":[{"href":"https:\/\/www.legislapp.com.br\/index.php\/wp-json\/wp\/v2\/pages\/9968","targetHints":{"allow":["GET"]}}],"collection":[{"href":"https:\/\/www.legislapp.com.br\/index.php\/wp-json\/wp\/v2\/pages"}],"about":[{"href":"https:\/\/www.legislapp.com.br\/index.php\/wp-json\/wp\/v2\/types\/page"}],"author":[{"embeddable":true,"href":"https:\/\/www.legislapp.com.br\/index.php\/wp-json\/wp\/v2\/users\/1"}],"replies":[{"embeddable":true,"href":"https:\/\/www.legislapp.com.br\/index.php\/wp-json\/wp\/v2\/comments?post=9968"}],"version-history":[{"count":0,"href":"https:\/\/www.legislapp.com.br\/index.php\/wp-json\/wp\/v2\/pages\/9968\/revisions"}],"wp:attachment":[{"href":"https:\/\/www.legislapp.com.br\/index.php\/wp-json\/wp\/v2\/media?parent=9968"}],"curies":[{"name":"wp","href":"https:\/\/api.w.org\/{rel}","templated":true}]}}