{"id":9972,"date":"2025-12-01T10:54:11","date_gmt":"2025-12-01T13:54:11","guid":{"rendered":"https:\/\/www.legislapp.com.br\/index.php\/avulso-inicial-pl-3046-2025-camara\/"},"modified":"2025-12-01T10:54:11","modified_gmt":"2025-12-01T13:54:11","slug":"avulso-inicial-pl-3046-2025-camara","status":"publish","type":"page","link":"https:\/\/www.legislapp.com.br\/index.php\/avulso-inicial-pl-3046-2025-camara\/","title":{"rendered":"Avulso Inicial &#8211; PL 3046\/2025 &#8211; C\u00e2mara"},"content":{"rendered":"<h1 style='text-align: center;'>Avulso Inicial &#8211; Autoria de Coronel Tadeu<\/h3>\n<p><\/p>\n<article>Projeto de Lei N\u00b0       de 2025<br \/>\n(Do Exmo. Sr.  Deputado Coronel Tadeu)<br \/>\nAltera a Lei 7.103 de 20 de junho de 1983<br \/>\npara dispor sobre os armamentos<br \/>\ndispon\u00edveis para os vigilantes e d\u00e1 outras<br \/>\nprovid\u00eancias.<br \/>\nO Congresso Nacional decreta:<br \/>\nArt. 1\u00ba Esta lei altera a reda\u00e7\u00e3o do artigo 22\u00ba da Lei 7.102<br \/>\nde, de 20 de junho de 1983, com o objetivo de proporcionar ao vigilante<br \/>\ndireito ao acesso a equipamento mais adequado \u00e0 realidade atual, em face<br \/>\ndo aumento do poder de fogo da criminalidade em nosso pa\u00eds, com o<br \/>\nintuito de preservar as vidas dos vigilantes.<br \/>\nArt. 2 \u00ba o artigo 22\u00ba da Lei 7.102 de, de 20 de junho<br \/>\nde 1983, passa a vigorar com as seguintes altera\u00e7\u00f5es:<br \/>\nArt. 22 &#8211; Ser\u00e1 permitido ao vigilante, quando<br \/>\nem servi\u00e7o, portar revolver calibre 38 SPL ou<br \/>\npistola semiautom\u00e1tica calibre 9mm (9&#215;19) e<br \/>\nutilizar cassetete de madeira ou de borracha, e<br \/>\nainda bast\u00e3o retr\u00e1til, bem como equipamento<br \/>\nn\u00e3o letal tipo taser (pistola de choque) e<br \/>\nPara verificar a assinatura, acesse https:\/\/infoleg-autenticidade-assinatura.camara.leg.br\/CD256440356600<br \/>\nAssinado eletronicamente pelo(a) Dep. Coronel Tadeu<br \/>\nApresenta\u00e7\u00e3o: 24\/06\/2025 18:24:25.847 &#8211; Mesa<br \/>\n*CD256440356600* PL n.3046\/2025<br \/>&#8220;spray de pimenta&#8221;, &#8220;g\u00e1s de pimenta ou &#8220;g\u00e1s<br \/>\nOC (Oleorresina Capsicum)&#8221;, como<br \/>\nequipamento n\u00e3o letal.<br \/>\nPar\u00e1grafo \u00fanico &#8211; Os vigilantes, quando<br \/>\nempenhados em transporte de valores,<br \/>\npoder\u00e3o tamb\u00e9m utilizar espingarda de calibre<br \/>\n12 de repeti\u00e7\u00e3o ou semiautom\u00e1tica e carabinas<br \/>\nsemiautom\u00e1ticas calibres 9mm (9&#215;19), 556 ou<br \/>\n762.<br \/>\nArt. 3\u00ba &#8211; Esta lei entra em vigor na data de sua publica\u00e7\u00e3o.<br \/>\nPara verificar a assinatura, acesse https:\/\/infoleg-autenticidade-assinatura.camara.leg.br\/CD256440356600<br \/>\nAssinado eletronicamente pelo(a) Dep. Coronel Tadeu<br \/>\nApresenta\u00e7\u00e3o: 24\/06\/2025 18:24:25.847 &#8211; Mesa<br \/>\n*CD256440356600* PL n.3046\/2025<br \/>JUSTIFICATIVA<br \/>\nA legisla\u00e7\u00e3o que regula o setor da seguran\u00e7a privada<br \/>\ntem hoje mais de quarenta anos e se encontra totalmente defasada em face<br \/>\nda realidade atual do Brasil, bem como o avan\u00e7o da tecnologia.<br \/>\nOs equipamentos hoje autorizados aos vigilantes s\u00e3o o<br \/>\nrevolver 32 ou 38, cassetete e aos que trabalham em carro forte espingarda<br \/>\nde alma lisa.<br \/>\nOra os rev\u00f3lveres s\u00e3o armas do s\u00e9culo passado com a<br \/>\ncapacidade de muni\u00e7\u00e3o muito reduzida o que coloca em risco todos os dias<br \/>\nos agentes da SEGURAN\u00c7A PRIVADA.<br \/>\nIsso porque a maioria dos rev\u00f3lveres utilizados t\u00eam<br \/>\ncapacidade de cinco tiros e, em caso de necessidade de recarga, esta \u00e9<br \/>\ndemorada.<br \/>\nTanto \u00e9 assim que podemos citar o exemplo do<br \/>\nseguran\u00e7a Jucelando Macedo Silva, de 44 anos, ocorrido em outubro de<br \/>\n2022, que enfrentou no bairro Itaigara, em Salvador, junto com seu colega,<br \/>\ncriminosos armados com pistolas, e morreu justamente ao ficar sem<br \/>\nmuni\u00e7\u00e3o.<br \/>\nEm estudo recente do FBI (Federal Bureau of<br \/>\nInvestigation) ag\u00eancia de seguran\u00e7a p\u00fablica norte americana, publicado em<br \/>\n180 p\u00e1ginas (Violent Encounters: A Study of Felonious Assaults on Our<br \/>\nPara verificar a assinatura, acesse https:\/\/infoleg-autenticidade-assinatura.camara.leg.br\/CD256440356600<br \/>\nAssinado eletronicamente pelo(a) Dep. Coronel Tadeu<br \/>\nApresenta\u00e7\u00e3o: 24\/06\/2025 18:24:25.847 &#8211; Mesa<br \/>\n*CD256440356600* PL n.3046\/2025<br \/>1<br \/>\nNation&#8217;s Law Enforcement Officers. ), 84% dos tiros disparados no<br \/>\nconfronto armado n\u00e3o atingem nem de rasp\u00e3o os alvos desejados, ou seja,<br \/>\ndado o estresse da situa\u00e7\u00e3o, a grosso modo, de 10 tiros disparados apenas<br \/>\ndois s\u00e3o efetivos, assim, uma pistola com capacidade de 18 disparos tem<br \/>\ncondi\u00e7\u00e3o de garantir uma maior probabilidade de sucesso do vigilante em<br \/>\numa rea\u00e7\u00e3o armada, salvando assim  sua vida.<br \/>\nDiante do exposto, conto com o apoio dos nobres Pares<br \/>\npara a aprova\u00e7\u00e3o deste Projeto de Lei.<br \/>\nSala das Sess\u00f5es, em  de               de 2025.<br \/>\nDEPUTADO CORONEL TADEU<br \/>\n1<br \/>\n Violent Encounters: A Study of Felonious Assaults on Our Nation&#8217;s Law Enforcement Officers NCJ Number 231272 Author(s)<br \/>\nAnthony J. Pinizzotto, Ph.D.; Edward F. Davis, M.S.; Charles E. Miller, III Date Published August 2006<br \/>\nPara verificar a assinatura, acesse https:\/\/infoleg-autenticidade-assinatura.camara.leg.br\/CD256440356600<br \/>\nAssinado eletronicamente pelo(a) Dep. Coronel Tadeu<br \/>\nApresenta\u00e7\u00e3o: 24\/06\/2025 18:24:25.847 &#8211; Mesa<br \/>\n*CD256440356600* PL n.3046\/2025<\/article>\n<p><a href='https:\/\/app.legislapp.com.br\/#\/busca?termo=Altera\u00e7\u00e3o'>Altera\u00e7\u00e3o<\/a>, <a href='https:\/\/app.legislapp.com.br\/#\/busca?termo=Lei de Seguran\u00e7a Banc\u00e1ria (1983)'>Lei de Seguran\u00e7a Banc\u00e1ria (1983)<\/a>, <a href='https:\/\/app.legislapp.com.br\/#\/busca?termo=crit\u00e9rio'>crit\u00e9rio<\/a>, <a href='https:\/\/app.legislapp.com.br\/#\/busca?termo=autoriza\u00e7\u00e3o'>autoriza\u00e7\u00e3o<\/a>, <a href='https:\/\/app.legislapp.com.br\/#\/busca?termo=utiliza\u00e7\u00e3o'>utiliza\u00e7\u00e3o<\/a>, <a href='https:\/\/app.legislapp.com.br\/#\/busca?termo=armamento'>armamento<\/a>, <a href='https:\/\/app.legislapp.com.br\/#\/busca?termo=vigilante.'>vigilante.<\/a><\/p>\n<div style=\"text-align: center\">\n      <img decoding=\"async\" style=\"width: 14%;\" src=\"https:\/\/www.legislapp.com.br\/wp-content\/uploads\/2021\/07\/Logo-Legislapp-1-03-1.png\"><br \/>\n      <\/p>\n<div style=\"margin-bottom: 20px;\" class=\"et_pb_button_module_wrapper et_pb_button_5_tb_body_wrapper et_pb_button_alignment_center et_pb_module \">\n         <a class=\"et_pb_button et_pb_button_5_tb_body et_hover_enabled et_pb_bg_layout_dark\" style=\"width: 50%;background-color: black;\" href=\"https:\/\/app.legislapp.com.br\" target=\"_blank\" rel=\"noopener\">Visualizar completo na nossa plataforma (30 dias gr\u00e1tis)<\/a><\/p><\/div>\n<p>      <a href=\"https:\/\/play.google.com\/store\/apps\/details?id=br.com.legislapp\"><img decoding=\"async\" style=\"width: 15%; min-width: 130px;\" src=\"https:\/\/www.legislapp.com.br\/wp-content\/uploads\/google-play.png\"><\/a><br \/>\n      <a href=\"https:\/\/apps.apple.com\/us\/app\/legislapp\/id1568929859\"><img decoding=\"async\" style=\"width: 15%; min-width: 130px\" src=\"https:\/\/www.legislapp.com.br\/wp-content\/uploads\/apple-store.png\"><\/a>\n   <\/div>\n","protected":false},"excerpt":{"rendered":"<p>Avulso Inicial &#8211; Autoria de Coronel Tadeu Projeto de Lei N\u00b0 de 2025 (Do Exmo. Sr. Deputado Coronel Tadeu) Altera a Lei 7.103 de 20 de junho de 1983 para dispor sobre os armamentos dispon\u00edveis para os vigilantes e d\u00e1 outras provid\u00eancias. O Congresso Nacional decreta: Art. 1\u00ba Esta lei altera a reda\u00e7\u00e3o do artigo [&hellip;]<\/p>\n","protected":false},"author":1,"featured_media":0,"parent":0,"menu_order":0,"comment_status":"closed","ping_status":"closed","template":"page-template-blank.php","meta":{"_et_pb_use_builder":"","_et_pb_old_content":"","_et_gb_content_width":"1080","ngg_post_thumbnail":0,"footnotes":""},"class_list":["post-9972","page","type-page","status-publish","hentry"],"yoast_head":"<!-- This site is optimized with the Yoast SEO plugin v24.4 - https:\/\/yoast.com\/wordpress\/plugins\/seo\/ -->\n<title>Avulso Inicial - PL 3046\/2025 - C\u00e2mara - Legislapp<\/title>\n<meta name=\"robots\" content=\"index, follow, max-snippet:-1, max-image-preview:large, max-video-preview:-1\" \/>\n<link rel=\"canonical\" href=\"https:\/\/www.legislapp.com.br\/index.php\/avulso-inicial-pl-3046-2025-camara\/\" \/>\n<meta property=\"og:locale\" content=\"pt_BR\" \/>\n<meta property=\"og:type\" content=\"article\" \/>\n<meta property=\"og:title\" content=\"Avulso Inicial - PL 3046\/2025 - C\u00e2mara - Legislapp\" \/>\n<meta property=\"og:description\" content=\"Avulso Inicial &#8211; Autoria de Coronel Tadeu Projeto de Lei N\u00b0 de 2025 (Do Exmo. Sr. Deputado Coronel Tadeu) Altera a Lei 7.103 de 20 de junho de 1983 para dispor sobre os armamentos dispon\u00edveis para os vigilantes e d\u00e1 outras provid\u00eancias. O Congresso Nacional decreta: Art. 1\u00ba Esta lei altera a reda\u00e7\u00e3o do artigo [&hellip;]\" \/>\n<meta property=\"og:url\" content=\"https:\/\/www.legislapp.com.br\/index.php\/avulso-inicial-pl-3046-2025-camara\/\" \/>\n<meta property=\"og:site_name\" content=\"Legislapp\" \/>\n<meta property=\"article:publisher\" content=\"https:\/\/www.instagram.com\/legislapp\/\" \/>\n<meta property=\"og:image\" content=\"https:\/\/www.legislapp.com.br\/wp-content\/uploads\/2021\/07\/Logo-Legislapp-1-03-1.png\" \/>\n<meta name=\"twitter:card\" content=\"summary_large_image\" \/>\n<meta name=\"twitter:label1\" content=\"Est. tempo de leitura\" \/>\n\t<meta name=\"twitter:data1\" content=\"3 minutos\" \/>\n<script type=\"application\/ld+json\" class=\"yoast-schema-graph\">{\"@context\":\"https:\/\/schema.org\",\"@graph\":[{\"@type\":\"WebPage\",\"@id\":\"https:\/\/www.legislapp.com.br\/index.php\/avulso-inicial-pl-3046-2025-camara\/\",\"url\":\"https:\/\/www.legislapp.com.br\/index.php\/avulso-inicial-pl-3046-2025-camara\/\",\"name\":\"Avulso Inicial - PL 3046\/2025 - C\u00e2mara - Legislapp\",\"isPartOf\":{\"@id\":\"https:\/\/www.legislapp.com.br\/#website\"},\"primaryImageOfPage\":{\"@id\":\"https:\/\/www.legislapp.com.br\/index.php\/avulso-inicial-pl-3046-2025-camara\/#primaryimage\"},\"image\":{\"@id\":\"https:\/\/www.legislapp.com.br\/index.php\/avulso-inicial-pl-3046-2025-camara\/#primaryimage\"},\"thumbnailUrl\":\"https:\/\/www.legislapp.com.br\/wp-content\/uploads\/2021\/07\/Logo-Legislapp-1-03-1.png\",\"datePublished\":\"2025-12-01T13:54:11+00:00\",\"breadcrumb\":{\"@id\":\"https:\/\/www.legislapp.com.br\/index.php\/avulso-inicial-pl-3046-2025-camara\/#breadcrumb\"},\"inLanguage\":\"pt-BR\",\"potentialAction\":[{\"@type\":\"ReadAction\",\"target\":[\"https:\/\/www.legislapp.com.br\/index.php\/avulso-inicial-pl-3046-2025-camara\/\"]}]},{\"@type\":\"ImageObject\",\"inLanguage\":\"pt-BR\",\"@id\":\"https:\/\/www.legislapp.com.br\/index.php\/avulso-inicial-pl-3046-2025-camara\/#primaryimage\",\"url\":\"https:\/\/www.legislapp.com.br\/wp-content\/uploads\/2021\/07\/Logo-Legislapp-1-03-1.png\",\"contentUrl\":\"https:\/\/www.legislapp.com.br\/wp-content\/uploads\/2021\/07\/Logo-Legislapp-1-03-1.png\",\"width\":2679,\"height\":2697},{\"@type\":\"BreadcrumbList\",\"@id\":\"https:\/\/www.legislapp.com.br\/index.php\/avulso-inicial-pl-3046-2025-camara\/#breadcrumb\",\"itemListElement\":[{\"@type\":\"ListItem\",\"position\":1,\"name\":\"In\u00edcio\",\"item\":\"https:\/\/www.legislapp.com.br\/\"},{\"@type\":\"ListItem\",\"position\":2,\"name\":\"Avulso Inicial &#8211; PL 3046\/2025 &#8211; C\u00e2mara\"}]},{\"@type\":\"WebSite\",\"@id\":\"https:\/\/www.legislapp.com.br\/#website\",\"url\":\"https:\/\/www.legislapp.com.br\/\",\"name\":\"Legislapp\",\"description\":\"Intelig\u00eancia governamental em tempo real\",\"publisher\":{\"@id\":\"https:\/\/www.legislapp.com.br\/#organization\"},\"potentialAction\":[{\"@type\":\"SearchAction\",\"target\":{\"@type\":\"EntryPoint\",\"urlTemplate\":\"https:\/\/www.legislapp.com.br\/?s={search_term_string}\"},\"query-input\":{\"@type\":\"PropertyValueSpecification\",\"valueRequired\":true,\"valueName\":\"search_term_string\"}}],\"inLanguage\":\"pt-BR\"},{\"@type\":\"Organization\",\"@id\":\"https:\/\/www.legislapp.com.br\/#organization\",\"name\":\"Legislapp Monitoramento e Intelig\u00eancia Governamental\",\"url\":\"https:\/\/www.legislapp.com.br\/\",\"logo\":{\"@type\":\"ImageObject\",\"inLanguage\":\"pt-BR\",\"@id\":\"https:\/\/www.legislapp.com.br\/#\/schema\/logo\/image\/\",\"url\":\"https:\/\/www.legislapp.com.br\/wp-content\/uploads\/icon.png\",\"contentUrl\":\"https:\/\/www.legislapp.com.br\/wp-content\/uploads\/icon.png\",\"width\":1024,\"height\":1024,\"caption\":\"Legislapp Monitoramento e Intelig\u00eancia Governamental\"},\"image\":{\"@id\":\"https:\/\/www.legislapp.com.br\/#\/schema\/logo\/image\/\"},\"sameAs\":[\"https:\/\/www.instagram.com\/legislapp\/\"]}]}<\/script>\n<!-- \/ Yoast SEO plugin. -->","yoast_head_json":{"title":"Avulso Inicial - PL 3046\/2025 - C\u00e2mara - Legislapp","robots":{"index":"index","follow":"follow","max-snippet":"max-snippet:-1","max-image-preview":"max-image-preview:large","max-video-preview":"max-video-preview:-1"},"canonical":"https:\/\/www.legislapp.com.br\/index.php\/avulso-inicial-pl-3046-2025-camara\/","og_locale":"pt_BR","og_type":"article","og_title":"Avulso Inicial - PL 3046\/2025 - C\u00e2mara - Legislapp","og_description":"Avulso Inicial &#8211; Autoria de Coronel Tadeu Projeto de Lei N\u00b0 de 2025 (Do Exmo. Sr. Deputado Coronel Tadeu) Altera a Lei 7.103 de 20 de junho de 1983 para dispor sobre os armamentos dispon\u00edveis para os vigilantes e d\u00e1 outras provid\u00eancias. O Congresso Nacional decreta: Art. 1\u00ba Esta lei altera a reda\u00e7\u00e3o do artigo [&hellip;]","og_url":"https:\/\/www.legislapp.com.br\/index.php\/avulso-inicial-pl-3046-2025-camara\/","og_site_name":"Legislapp","article_publisher":"https:\/\/www.instagram.com\/legislapp\/","og_image":[{"url":"https:\/\/www.legislapp.com.br\/wp-content\/uploads\/2021\/07\/Logo-Legislapp-1-03-1.png","type":"","width":"","height":""}],"twitter_card":"summary_large_image","twitter_misc":{"Est. tempo de leitura":"3 minutos"},"schema":{"@context":"https:\/\/schema.org","@graph":[{"@type":"WebPage","@id":"https:\/\/www.legislapp.com.br\/index.php\/avulso-inicial-pl-3046-2025-camara\/","url":"https:\/\/www.legislapp.com.br\/index.php\/avulso-inicial-pl-3046-2025-camara\/","name":"Avulso Inicial - PL 3046\/2025 - C\u00e2mara - Legislapp","isPartOf":{"@id":"https:\/\/www.legislapp.com.br\/#website"},"primaryImageOfPage":{"@id":"https:\/\/www.legislapp.com.br\/index.php\/avulso-inicial-pl-3046-2025-camara\/#primaryimage"},"image":{"@id":"https:\/\/www.legislapp.com.br\/index.php\/avulso-inicial-pl-3046-2025-camara\/#primaryimage"},"thumbnailUrl":"https:\/\/www.legislapp.com.br\/wp-content\/uploads\/2021\/07\/Logo-Legislapp-1-03-1.png","datePublished":"2025-12-01T13:54:11+00:00","breadcrumb":{"@id":"https:\/\/www.legislapp.com.br\/index.php\/avulso-inicial-pl-3046-2025-camara\/#breadcrumb"},"inLanguage":"pt-BR","potentialAction":[{"@type":"ReadAction","target":["https:\/\/www.legislapp.com.br\/index.php\/avulso-inicial-pl-3046-2025-camara\/"]}]},{"@type":"ImageObject","inLanguage":"pt-BR","@id":"https:\/\/www.legislapp.com.br\/index.php\/avulso-inicial-pl-3046-2025-camara\/#primaryimage","url":"https:\/\/www.legislapp.com.br\/wp-content\/uploads\/2021\/07\/Logo-Legislapp-1-03-1.png","contentUrl":"https:\/\/www.legislapp.com.br\/wp-content\/uploads\/2021\/07\/Logo-Legislapp-1-03-1.png","width":2679,"height":2697},{"@type":"BreadcrumbList","@id":"https:\/\/www.legislapp.com.br\/index.php\/avulso-inicial-pl-3046-2025-camara\/#breadcrumb","itemListElement":[{"@type":"ListItem","position":1,"name":"In\u00edcio","item":"https:\/\/www.legislapp.com.br\/"},{"@type":"ListItem","position":2,"name":"Avulso Inicial &#8211; PL 3046\/2025 &#8211; C\u00e2mara"}]},{"@type":"WebSite","@id":"https:\/\/www.legislapp.com.br\/#website","url":"https:\/\/www.legislapp.com.br\/","name":"Legislapp","description":"Intelig\u00eancia governamental em tempo real","publisher":{"@id":"https:\/\/www.legislapp.com.br\/#organization"},"potentialAction":[{"@type":"SearchAction","target":{"@type":"EntryPoint","urlTemplate":"https:\/\/www.legislapp.com.br\/?s={search_term_string}"},"query-input":{"@type":"PropertyValueSpecification","valueRequired":true,"valueName":"search_term_string"}}],"inLanguage":"pt-BR"},{"@type":"Organization","@id":"https:\/\/www.legislapp.com.br\/#organization","name":"Legislapp Monitoramento e Intelig\u00eancia Governamental","url":"https:\/\/www.legislapp.com.br\/","logo":{"@type":"ImageObject","inLanguage":"pt-BR","@id":"https:\/\/www.legislapp.com.br\/#\/schema\/logo\/image\/","url":"https:\/\/www.legislapp.com.br\/wp-content\/uploads\/icon.png","contentUrl":"https:\/\/www.legislapp.com.br\/wp-content\/uploads\/icon.png","width":1024,"height":1024,"caption":"Legislapp Monitoramento e Intelig\u00eancia Governamental"},"image":{"@id":"https:\/\/www.legislapp.com.br\/#\/schema\/logo\/image\/"},"sameAs":["https:\/\/www.instagram.com\/legislapp\/"]}]}},"_links":{"self":[{"href":"https:\/\/www.legislapp.com.br\/index.php\/wp-json\/wp\/v2\/pages\/9972","targetHints":{"allow":["GET"]}}],"collection":[{"href":"https:\/\/www.legislapp.com.br\/index.php\/wp-json\/wp\/v2\/pages"}],"about":[{"href":"https:\/\/www.legislapp.com.br\/index.php\/wp-json\/wp\/v2\/types\/page"}],"author":[{"embeddable":true,"href":"https:\/\/www.legislapp.com.br\/index.php\/wp-json\/wp\/v2\/users\/1"}],"replies":[{"embeddable":true,"href":"https:\/\/www.legislapp.com.br\/index.php\/wp-json\/wp\/v2\/comments?post=9972"}],"version-history":[{"count":0,"href":"https:\/\/www.legislapp.com.br\/index.php\/wp-json\/wp\/v2\/pages\/9972\/revisions"}],"wp:attachment":[{"href":"https:\/\/www.legislapp.com.br\/index.php\/wp-json\/wp\/v2\/media?parent=9972"}],"curies":[{"name":"wp","href":"https:\/\/api.w.org\/{rel}","templated":true}]}}