{"id":9979,"date":"2025-12-01T10:54:44","date_gmt":"2025-12-01T13:54:44","guid":{"rendered":"https:\/\/www.legislapp.com.br\/index.php\/avulso-inicial-pl-4431-2025-camara\/"},"modified":"2025-12-01T10:54:44","modified_gmt":"2025-12-01T13:54:44","slug":"avulso-inicial-pl-4431-2025-camara","status":"publish","type":"page","link":"https:\/\/www.legislapp.com.br\/index.php\/avulso-inicial-pl-4431-2025-camara\/","title":{"rendered":"Avulso Inicial &#8211; PL 4431\/2025 &#8211; C\u00e2mara"},"content":{"rendered":"<h1 style='text-align: center;'>Avulso Inicial &#8211; Autoria de Capit\u00e3o Alden<\/h3>\n<p><\/p>\n<article>C\u00c2MARA DOS DEPUTADOS<br \/>\nGabinete do Deputado Federal Capit\u00e3o Alden \u2013 PL\/BA<br \/>\nPROJETO DE LEI N\u00ba, DE 2025<br \/>\n (Do Sr. Capit\u00e3o Alden)<br \/>\nCria o Programa Nacional de Fomento \u00e0<br \/>\nInova\u00e7\u00e3o no Turismo (PNFIT), com o objetivo de<br \/>\nestimular a moderniza\u00e7\u00e3o, a competitividade e a<br \/>\nsustentabilidade do setor tur\u00edstico brasileiro.<br \/>\nO Congresso Nacional decreta:<br \/>\nArt. 1\u00ba Fica criado o Programa Nacional de Fomento \u00e0 Inova\u00e7\u00e3o no<br \/>\nTurismo (PNFIT), com a finalidade de apoiar iniciativas inovadoras no setor tur\u00edstico,<br \/>\npor meio do financiamento de projetos, servi\u00e7os, produtos e tecnologias voltadas ao<br \/>\nfortalecimento da atividade tur\u00edstica no Brasil.<br \/>\nArt. 2\u00ba O PNFIT ter\u00e1 como objetivos:<br \/>\nI &#8211; fomentar a inova\u00e7\u00e3o e a transforma\u00e7\u00e3o digital nos servi\u00e7os<br \/>\ntur\u00edsticos;<br \/>\nII &#8211; promover a competitividade e a sustentabilidade dos<br \/>\nempreendimentos tur\u00edsticos;<br \/>\nIII &#8211; incentivar a cria\u00e7\u00e3o de startups e solu\u00e7\u00f5es tecnol\u00f3gicas voltadas<br \/>\nao turismo;<br \/>\nIV &#8211; estimular parcerias entre o setor p\u00fablico, o setor privado e a<br \/>\nacademia;<br \/>\nV &#8211; apoiar projetos que valorizem o patrim\u00f4nio natural, hist\u00f3rico e<br \/>\ncultural.<br \/>\nArt. 3\u00b0 O programa poder\u00e1 ser financiado com recursos<br \/>\nprovenientes de:<br \/>\nI &#8211; Fundo de Amparo ao Trabalhador (FAT);<br \/>\nPara verificar a assinatura, acesse https:\/\/infoleg-autenticidade-assinatura.camara.leg.br\/CD254365498800<br \/>\nAssinado eletronicamente pelo(a) Dep. Capit\u00e3o Alden<br \/>\nApresenta\u00e7\u00e3o: 03\/09\/2025 18:56:53.657 &#8211; Mesa<br \/>\n*CD254365498800* PL n.4431\/2025<br \/>C\u00c2MARA DOS DEPUTADOS<br \/>\nGabinete do Deputado Federal Capit\u00e3o Alden \u2013 PL\/BA<br \/>\nII \u2013 Recursos do Fundo Geral de Turismo (Novo Fungetur);<br \/>\nIII &#8211; conv\u00eanios com a Embratur \u2013 Ag\u00eancia Brasileira de Promo\u00e7\u00e3o<br \/>\nInternacional do Turismo;<br \/>\nIV &#8211; dota\u00e7\u00f5es or\u00e7ament\u00e1rias da Uni\u00e3o, dos Estados, do Distrito<br \/>\nFederal e dos Munic\u00edpios;<br \/>\nV &#8211; doa\u00e7\u00f5es, contribui\u00e7\u00f5es e outros recursos p\u00fablicos ou privados,<br \/>\nnacionais ou internacionais;<br \/>\nArt. 4\u00b0 O BNDES e a Embratur poder\u00e3o, no \u00e2mbito de suas<br \/>\ncompet\u00eancias, estabelecer linhas de cr\u00e9dito espec\u00edficas, fundos garantidores, ou<br \/>\nmecanismos de subven\u00e7\u00e3o econ\u00f4mica para atender os objetivos do PNFIT.<br \/>\nArt. 5\u00b0 O regulamento definir\u00e1 os crit\u00e9rios para sele\u00e7\u00e3o e avalia\u00e7\u00e3o<br \/>\nde projetos, bem como os \u00f3rg\u00e3os gestores e fiscalizadores do programa.<br \/>\nArt. 6\u00b0 Esta Lei entra em vigor na data de sua publica\u00e7\u00e3o.<br \/>\nJUSTIFICA\u00c7\u00c3O<br \/>\nO turismo \u00e9 uma das atividades econ\u00f4micas mais din\u00e2micas e estrat\u00e9gicas do Brasil,<br \/>\nrepresentando parcela significativa do Produto Interno Bruto (PIB), gerando milh\u00f5es de<br \/>\nempregos diretos e indiretos, al\u00e9m de contribuir para o desenvolvimento regional, a<br \/>\nvaloriza\u00e7\u00e3o cultural e a preserva\u00e7\u00e3o ambiental. No entanto, para que o setor se mantenha<br \/>\ncompetitivo diante das transforma\u00e7\u00f5es globais, \u00e9 fundamental investir em inova\u00e7\u00e3o,<br \/>\ntecnologia e sustentabilidade.<br \/>\nA proposta de cria\u00e7\u00e3o do Programa Nacional de Fomento \u00e0 Inova\u00e7\u00e3o no Turismo<br \/>\n(PNFIT) visa a preencher uma lacuna hist\u00f3rica nas pol\u00edticas p\u00fablicas voltadas ao setor: a<br \/>\naus\u00eancia de um instrumento estruturado, com recursos e diretrizes claras, que estimule a<br \/>\nmoderniza\u00e7\u00e3o dos servi\u00e7os tur\u00edsticos, o surgimento de solu\u00e7\u00f5es tecnol\u00f3gicas e a integra\u00e7\u00e3o<br \/>\nentre empreendedores, institui\u00e7\u00f5es de pesquisa, governos e investidores.<br \/>\nAo prever a utiliza\u00e7\u00e3o de recursos do Novo Fungetur, do BNDES e da Embratur, o<br \/>\nprojeto garante suporte financeiro para a execu\u00e7\u00e3o de projetos inovadores em toda a cadeia<br \/>\nprodutiva do turismo, incluindo hospedagem, transporte, gastronomia, atrativos culturais e<br \/>\nPara verificar a assinatura, acesse https:\/\/infoleg-autenticidade-assinatura.camara.leg.br\/CD254365498800<br \/>\nAssinado eletronicamente pelo(a) Dep. Capit\u00e3o Alden<br \/>\nApresenta\u00e7\u00e3o: 03\/09\/2025 18:56:53.657 &#8211; Mesa<br \/>\n*CD254365498800* PL n.4431\/2025<br \/>C\u00c2MARA DOS DEPUTADOS<br \/>\nGabinete do Deputado Federal Capit\u00e3o Alden \u2013 PL\/BA<br \/>\nnaturais, eventos, capacita\u00e7\u00e3o profissional e marketing digital. Trata-se de uma medida que<br \/>\nalia desenvolvimento econ\u00f4mico e social \u00e0 sustentabilidade, abrindo oportunidades<br \/>\nespecialmente para pequenos neg\u00f3cios, comunidades tradicionais, territ\u00f3rios tur\u00edsticos<br \/>\nemergentes e iniciativas de base tecnol\u00f3gica.<br \/>\nAl\u00e9m disso, o PNFIT se alinha \u00e0s melhores pr\u00e1ticas internacionais de est\u00edmulo \u00e0<br \/>\ninova\u00e7\u00e3o no setor, como os programas implementados por pa\u00edses da Europa, \u00c1sia e<br \/>\nAm\u00e9rica do Norte, que t\u00eam apostado em hubs de turismo inteligente, intelig\u00eancia artificial,<br \/>\nbig data, realidade aumentada, acessibilidade digital e outras solu\u00e7\u00f5es que tornam a<br \/>\nexperi\u00eancia tur\u00edstica mais segura, eficiente, personalizada e inclusiva.<br \/>\nSanta Catarina, por exemplo, \u00e9 um estado com enorme potencial tur\u00edstico, reunindo<br \/>\nbelezas naturais, infraestrutura consolidada e voca\u00e7\u00e3o empreendedora. A cria\u00e7\u00e3o do PNFIT<br \/>\nrepresentar\u00e1 uma importante ferramenta para alavancar ainda mais esse potencial,<br \/>\nposicionando o Brasil como refer\u00eancia em turismo inovador, sustent\u00e1vel e competitivo.<br \/>\nPor todas essas raz\u00f5es, conclamamos o apoio dos nobres Parlamentares \u00e0<br \/>\naprova\u00e7\u00e3o deste projeto de lei, que contribuir\u00e1 decisivamente para a transforma\u00e7\u00e3o<br \/>\nestrutural do turismo brasileiro e para o fortalecimento da economia nacional.<br \/>\nSala das Sess\u00f5es, em        de                     de 2025.<br \/>\nDeputado CAPIT\u00c3O ALDEN<br \/>\nPara verificar a assinatura, acesse https:\/\/infoleg-autenticidade-assinatura.camara.leg.br\/CD254365498800<br \/>\nAssinado eletronicamente pelo(a) Dep. Capit\u00e3o Alden<br \/>\nApresenta\u00e7\u00e3o: 03\/09\/2025 18:56:53.657 &#8211; Mesa<br \/>\n*CD254365498800* PL n.4431\/2025<\/article>\n<p><a href='https:\/\/app.legislapp.com.br\/#\/busca?termo=Cria\u00e7\u00e3o'>Cria\u00e7\u00e3o<\/a>, <a href='https:\/\/app.legislapp.com.br\/#\/busca?termo=Programa Nacional de Fomento \u00e0 Inova\u00e7\u00e3o no Turismo (PNFIT)'>Programa Nacional de Fomento \u00e0 Inova\u00e7\u00e3o no Turismo (PNFIT)<\/a>, <a href='https:\/\/app.legislapp.com.br\/#\/busca?termo=est\u00edmulo'>est\u00edmulo<\/a>, <a href='https:\/\/app.legislapp.com.br\/#\/busca?termo=moderniza\u00e7\u00e3o'>moderniza\u00e7\u00e3o<\/a>, <a href='https:\/\/app.legislapp.com.br\/#\/busca?termo=competitividade'>competitividade<\/a>, <a href='https:\/\/app.legislapp.com.br\/#\/busca?termo=sustentabilidade'>sustentabilidade<\/a>, <a href='https:\/\/app.legislapp.com.br\/#\/busca?termo=turismo'>turismo<\/a>, <a href='https:\/\/app.legislapp.com.br\/#\/busca?termo=diretrizes.'>diretrizes.<\/a><\/p>\n<div style=\"text-align: center\">\n      <img decoding=\"async\" style=\"width: 14%;\" src=\"https:\/\/www.legislapp.com.br\/wp-content\/uploads\/2021\/07\/Logo-Legislapp-1-03-1.png\"><br \/>\n      <\/p>\n<div style=\"margin-bottom: 20px;\" class=\"et_pb_button_module_wrapper et_pb_button_5_tb_body_wrapper et_pb_button_alignment_center et_pb_module \">\n         <a class=\"et_pb_button et_pb_button_5_tb_body et_hover_enabled et_pb_bg_layout_dark\" style=\"width: 50%;background-color: black;\" href=\"https:\/\/app.legislapp.com.br\" target=\"_blank\" rel=\"noopener\">Visualizar completo na nossa plataforma (30 dias gr\u00e1tis)<\/a><\/p><\/div>\n<p>      <a href=\"https:\/\/play.google.com\/store\/apps\/details?id=br.com.legislapp\"><img decoding=\"async\" style=\"width: 15%; min-width: 130px;\" src=\"https:\/\/www.legislapp.com.br\/wp-content\/uploads\/google-play.png\"><\/a><br \/>\n      <a href=\"https:\/\/apps.apple.com\/us\/app\/legislapp\/id1568929859\"><img decoding=\"async\" style=\"width: 15%; min-width: 130px\" src=\"https:\/\/www.legislapp.com.br\/wp-content\/uploads\/apple-store.png\"><\/a>\n   <\/div>\n","protected":false},"excerpt":{"rendered":"<p>Avulso Inicial &#8211; Autoria de Capit\u00e3o Alden C\u00c2MARA DOS DEPUTADOS Gabinete do Deputado Federal Capit\u00e3o Alden \u2013 PL\/BA PROJETO DE LEI N\u00ba, DE 2025 (Do Sr. Capit\u00e3o Alden) Cria o Programa Nacional de Fomento \u00e0 Inova\u00e7\u00e3o no Turismo (PNFIT), com o objetivo de estimular a moderniza\u00e7\u00e3o, a competitividade e a sustentabilidade do setor tur\u00edstico brasileiro. [&hellip;]<\/p>\n","protected":false},"author":1,"featured_media":0,"parent":0,"menu_order":0,"comment_status":"closed","ping_status":"closed","template":"page-template-blank.php","meta":{"_et_pb_use_builder":"","_et_pb_old_content":"","_et_gb_content_width":"1080","ngg_post_thumbnail":0,"footnotes":""},"class_list":["post-9979","page","type-page","status-publish","hentry"],"yoast_head":"<!-- This site is optimized with the Yoast SEO plugin v24.4 - https:\/\/yoast.com\/wordpress\/plugins\/seo\/ -->\n<title>Avulso Inicial - PL 4431\/2025 - C\u00e2mara - Legislapp<\/title>\n<meta name=\"robots\" content=\"index, follow, max-snippet:-1, max-image-preview:large, max-video-preview:-1\" \/>\n<link rel=\"canonical\" href=\"https:\/\/www.legislapp.com.br\/index.php\/avulso-inicial-pl-4431-2025-camara\/\" \/>\n<meta property=\"og:locale\" content=\"pt_BR\" \/>\n<meta property=\"og:type\" content=\"article\" \/>\n<meta property=\"og:title\" content=\"Avulso Inicial - PL 4431\/2025 - C\u00e2mara - Legislapp\" \/>\n<meta property=\"og:description\" content=\"Avulso Inicial &#8211; Autoria de Capit\u00e3o Alden C\u00c2MARA DOS DEPUTADOS Gabinete do Deputado Federal Capit\u00e3o Alden \u2013 PL\/BA PROJETO DE LEI N\u00ba, DE 2025 (Do Sr. Capit\u00e3o Alden) Cria o Programa Nacional de Fomento \u00e0 Inova\u00e7\u00e3o no Turismo (PNFIT), com o objetivo de estimular a moderniza\u00e7\u00e3o, a competitividade e a sustentabilidade do setor tur\u00edstico brasileiro. [&hellip;]\" \/>\n<meta property=\"og:url\" content=\"https:\/\/www.legislapp.com.br\/index.php\/avulso-inicial-pl-4431-2025-camara\/\" \/>\n<meta property=\"og:site_name\" content=\"Legislapp\" \/>\n<meta property=\"article:publisher\" content=\"https:\/\/www.instagram.com\/legislapp\/\" \/>\n<meta property=\"og:image\" content=\"https:\/\/www.legislapp.com.br\/wp-content\/uploads\/2021\/07\/Logo-Legislapp-1-03-1.png\" \/>\n<meta name=\"twitter:card\" content=\"summary_large_image\" \/>\n<meta name=\"twitter:label1\" content=\"Est. tempo de leitura\" \/>\n\t<meta name=\"twitter:data1\" content=\"4 minutos\" \/>\n<script type=\"application\/ld+json\" class=\"yoast-schema-graph\">{\"@context\":\"https:\/\/schema.org\",\"@graph\":[{\"@type\":\"WebPage\",\"@id\":\"https:\/\/www.legislapp.com.br\/index.php\/avulso-inicial-pl-4431-2025-camara\/\",\"url\":\"https:\/\/www.legislapp.com.br\/index.php\/avulso-inicial-pl-4431-2025-camara\/\",\"name\":\"Avulso Inicial - PL 4431\/2025 - C\u00e2mara - Legislapp\",\"isPartOf\":{\"@id\":\"https:\/\/www.legislapp.com.br\/#website\"},\"primaryImageOfPage\":{\"@id\":\"https:\/\/www.legislapp.com.br\/index.php\/avulso-inicial-pl-4431-2025-camara\/#primaryimage\"},\"image\":{\"@id\":\"https:\/\/www.legislapp.com.br\/index.php\/avulso-inicial-pl-4431-2025-camara\/#primaryimage\"},\"thumbnailUrl\":\"https:\/\/www.legislapp.com.br\/wp-content\/uploads\/2021\/07\/Logo-Legislapp-1-03-1.png\",\"datePublished\":\"2025-12-01T13:54:44+00:00\",\"breadcrumb\":{\"@id\":\"https:\/\/www.legislapp.com.br\/index.php\/avulso-inicial-pl-4431-2025-camara\/#breadcrumb\"},\"inLanguage\":\"pt-BR\",\"potentialAction\":[{\"@type\":\"ReadAction\",\"target\":[\"https:\/\/www.legislapp.com.br\/index.php\/avulso-inicial-pl-4431-2025-camara\/\"]}]},{\"@type\":\"ImageObject\",\"inLanguage\":\"pt-BR\",\"@id\":\"https:\/\/www.legislapp.com.br\/index.php\/avulso-inicial-pl-4431-2025-camara\/#primaryimage\",\"url\":\"https:\/\/www.legislapp.com.br\/wp-content\/uploads\/2021\/07\/Logo-Legislapp-1-03-1.png\",\"contentUrl\":\"https:\/\/www.legislapp.com.br\/wp-content\/uploads\/2021\/07\/Logo-Legislapp-1-03-1.png\",\"width\":2679,\"height\":2697},{\"@type\":\"BreadcrumbList\",\"@id\":\"https:\/\/www.legislapp.com.br\/index.php\/avulso-inicial-pl-4431-2025-camara\/#breadcrumb\",\"itemListElement\":[{\"@type\":\"ListItem\",\"position\":1,\"name\":\"In\u00edcio\",\"item\":\"https:\/\/www.legislapp.com.br\/\"},{\"@type\":\"ListItem\",\"position\":2,\"name\":\"Avulso Inicial &#8211; PL 4431\/2025 &#8211; C\u00e2mara\"}]},{\"@type\":\"WebSite\",\"@id\":\"https:\/\/www.legislapp.com.br\/#website\",\"url\":\"https:\/\/www.legislapp.com.br\/\",\"name\":\"Legislapp\",\"description\":\"Intelig\u00eancia governamental em tempo real\",\"publisher\":{\"@id\":\"https:\/\/www.legislapp.com.br\/#organization\"},\"potentialAction\":[{\"@type\":\"SearchAction\",\"target\":{\"@type\":\"EntryPoint\",\"urlTemplate\":\"https:\/\/www.legislapp.com.br\/?s={search_term_string}\"},\"query-input\":{\"@type\":\"PropertyValueSpecification\",\"valueRequired\":true,\"valueName\":\"search_term_string\"}}],\"inLanguage\":\"pt-BR\"},{\"@type\":\"Organization\",\"@id\":\"https:\/\/www.legislapp.com.br\/#organization\",\"name\":\"Legislapp Monitoramento e Intelig\u00eancia Governamental\",\"url\":\"https:\/\/www.legislapp.com.br\/\",\"logo\":{\"@type\":\"ImageObject\",\"inLanguage\":\"pt-BR\",\"@id\":\"https:\/\/www.legislapp.com.br\/#\/schema\/logo\/image\/\",\"url\":\"https:\/\/www.legislapp.com.br\/wp-content\/uploads\/icon.png\",\"contentUrl\":\"https:\/\/www.legislapp.com.br\/wp-content\/uploads\/icon.png\",\"width\":1024,\"height\":1024,\"caption\":\"Legislapp Monitoramento e Intelig\u00eancia Governamental\"},\"image\":{\"@id\":\"https:\/\/www.legislapp.com.br\/#\/schema\/logo\/image\/\"},\"sameAs\":[\"https:\/\/www.instagram.com\/legislapp\/\"]}]}<\/script>\n<!-- \/ Yoast SEO plugin. -->","yoast_head_json":{"title":"Avulso Inicial - PL 4431\/2025 - C\u00e2mara - Legislapp","robots":{"index":"index","follow":"follow","max-snippet":"max-snippet:-1","max-image-preview":"max-image-preview:large","max-video-preview":"max-video-preview:-1"},"canonical":"https:\/\/www.legislapp.com.br\/index.php\/avulso-inicial-pl-4431-2025-camara\/","og_locale":"pt_BR","og_type":"article","og_title":"Avulso Inicial - PL 4431\/2025 - C\u00e2mara - Legislapp","og_description":"Avulso Inicial &#8211; Autoria de Capit\u00e3o Alden C\u00c2MARA DOS DEPUTADOS Gabinete do Deputado Federal Capit\u00e3o Alden \u2013 PL\/BA PROJETO DE LEI N\u00ba, DE 2025 (Do Sr. Capit\u00e3o Alden) Cria o Programa Nacional de Fomento \u00e0 Inova\u00e7\u00e3o no Turismo (PNFIT), com o objetivo de estimular a moderniza\u00e7\u00e3o, a competitividade e a sustentabilidade do setor tur\u00edstico brasileiro. [&hellip;]","og_url":"https:\/\/www.legislapp.com.br\/index.php\/avulso-inicial-pl-4431-2025-camara\/","og_site_name":"Legislapp","article_publisher":"https:\/\/www.instagram.com\/legislapp\/","og_image":[{"url":"https:\/\/www.legislapp.com.br\/wp-content\/uploads\/2021\/07\/Logo-Legislapp-1-03-1.png","type":"","width":"","height":""}],"twitter_card":"summary_large_image","twitter_misc":{"Est. tempo de leitura":"4 minutos"},"schema":{"@context":"https:\/\/schema.org","@graph":[{"@type":"WebPage","@id":"https:\/\/www.legislapp.com.br\/index.php\/avulso-inicial-pl-4431-2025-camara\/","url":"https:\/\/www.legislapp.com.br\/index.php\/avulso-inicial-pl-4431-2025-camara\/","name":"Avulso Inicial - PL 4431\/2025 - C\u00e2mara - Legislapp","isPartOf":{"@id":"https:\/\/www.legislapp.com.br\/#website"},"primaryImageOfPage":{"@id":"https:\/\/www.legislapp.com.br\/index.php\/avulso-inicial-pl-4431-2025-camara\/#primaryimage"},"image":{"@id":"https:\/\/www.legislapp.com.br\/index.php\/avulso-inicial-pl-4431-2025-camara\/#primaryimage"},"thumbnailUrl":"https:\/\/www.legislapp.com.br\/wp-content\/uploads\/2021\/07\/Logo-Legislapp-1-03-1.png","datePublished":"2025-12-01T13:54:44+00:00","breadcrumb":{"@id":"https:\/\/www.legislapp.com.br\/index.php\/avulso-inicial-pl-4431-2025-camara\/#breadcrumb"},"inLanguage":"pt-BR","potentialAction":[{"@type":"ReadAction","target":["https:\/\/www.legislapp.com.br\/index.php\/avulso-inicial-pl-4431-2025-camara\/"]}]},{"@type":"ImageObject","inLanguage":"pt-BR","@id":"https:\/\/www.legislapp.com.br\/index.php\/avulso-inicial-pl-4431-2025-camara\/#primaryimage","url":"https:\/\/www.legislapp.com.br\/wp-content\/uploads\/2021\/07\/Logo-Legislapp-1-03-1.png","contentUrl":"https:\/\/www.legislapp.com.br\/wp-content\/uploads\/2021\/07\/Logo-Legislapp-1-03-1.png","width":2679,"height":2697},{"@type":"BreadcrumbList","@id":"https:\/\/www.legislapp.com.br\/index.php\/avulso-inicial-pl-4431-2025-camara\/#breadcrumb","itemListElement":[{"@type":"ListItem","position":1,"name":"In\u00edcio","item":"https:\/\/www.legislapp.com.br\/"},{"@type":"ListItem","position":2,"name":"Avulso Inicial &#8211; PL 4431\/2025 &#8211; C\u00e2mara"}]},{"@type":"WebSite","@id":"https:\/\/www.legislapp.com.br\/#website","url":"https:\/\/www.legislapp.com.br\/","name":"Legislapp","description":"Intelig\u00eancia governamental em tempo real","publisher":{"@id":"https:\/\/www.legislapp.com.br\/#organization"},"potentialAction":[{"@type":"SearchAction","target":{"@type":"EntryPoint","urlTemplate":"https:\/\/www.legislapp.com.br\/?s={search_term_string}"},"query-input":{"@type":"PropertyValueSpecification","valueRequired":true,"valueName":"search_term_string"}}],"inLanguage":"pt-BR"},{"@type":"Organization","@id":"https:\/\/www.legislapp.com.br\/#organization","name":"Legislapp Monitoramento e Intelig\u00eancia Governamental","url":"https:\/\/www.legislapp.com.br\/","logo":{"@type":"ImageObject","inLanguage":"pt-BR","@id":"https:\/\/www.legislapp.com.br\/#\/schema\/logo\/image\/","url":"https:\/\/www.legislapp.com.br\/wp-content\/uploads\/icon.png","contentUrl":"https:\/\/www.legislapp.com.br\/wp-content\/uploads\/icon.png","width":1024,"height":1024,"caption":"Legislapp Monitoramento e Intelig\u00eancia Governamental"},"image":{"@id":"https:\/\/www.legislapp.com.br\/#\/schema\/logo\/image\/"},"sameAs":["https:\/\/www.instagram.com\/legislapp\/"]}]}},"_links":{"self":[{"href":"https:\/\/www.legislapp.com.br\/index.php\/wp-json\/wp\/v2\/pages\/9979","targetHints":{"allow":["GET"]}}],"collection":[{"href":"https:\/\/www.legislapp.com.br\/index.php\/wp-json\/wp\/v2\/pages"}],"about":[{"href":"https:\/\/www.legislapp.com.br\/index.php\/wp-json\/wp\/v2\/types\/page"}],"author":[{"embeddable":true,"href":"https:\/\/www.legislapp.com.br\/index.php\/wp-json\/wp\/v2\/users\/1"}],"replies":[{"embeddable":true,"href":"https:\/\/www.legislapp.com.br\/index.php\/wp-json\/wp\/v2\/comments?post=9979"}],"version-history":[{"count":0,"href":"https:\/\/www.legislapp.com.br\/index.php\/wp-json\/wp\/v2\/pages\/9979\/revisions"}],"wp:attachment":[{"href":"https:\/\/www.legislapp.com.br\/index.php\/wp-json\/wp\/v2\/media?parent=9979"}],"curies":[{"name":"wp","href":"https:\/\/api.w.org\/{rel}","templated":true}]}}